{"id":20739,"date":"2020-03-02T13:38:10","date_gmt":"2020-03-02T11:38:10","guid":{"rendered":"https:\/\/maqcenter.com\/politica-de-privacidade\/"},"modified":"2025-05-12T08:43:19","modified_gmt":"2025-05-12T06:43:19","slug":"politica-de-privacidade","status":"publish","type":"page","link":"https:\/\/maqcenter.com\/pt-pt\/politica-de-privacidade\/","title":{"rendered":"Pol\u00edtica de privacidade"},"content":{"rendered":"\r\n<p><\/p>\r\n<p><strong>1-TITULARIDAD<\/strong><\/p>\r\n<p>En complimiento del Reglamento (UE) 2016\/ 679 del Parlamento Europeo y del Consejo, de 27 de abril de 2016 (en adelante RGPD) le informamos que los datos personales comunicados a MAQcenter ser\u00e1n incorporados a una Base de Datos com\u00fan de informaci\u00f3n de titularidad de las empresas del grupo MAQcenter (en adelante MAQcenter) detalladas a continuaci\u00f3n:<\/p>\r\n<ul>\r\n<li><strong>MAQUINA CENTER S.A.\u00a0<\/strong>con CIF A61062246 y domicilio en Av. Antonio Gaud\u00ed 192, Rub\u00ed (BARCELONA), con tel\u00e9fono 936972726 y correo electr\u00f3nico <a href=\"mailto:info@maqcenter.com\">info@maqcenter.com<\/a><\/li>\r\n<\/ul>\r\n<ul>\r\n<li><strong>CENTERLONGO MAQUINAS, LDA.<\/strong> con CIF PT504973363 y domicilio en Via Jos\u00e9 R\u00e9gio, 301 -Centro Empresarial- Vilar de Pinheiro (OPORTO), con tel\u00e9fono 229690681 y correo electr\u00f3nico <a href=\"mailto:portugal@maqcenter.com\">portugal@maqcenter.com<\/a><\/li>\r\n<\/ul>\r\n<ul>\r\n<li><strong>EXPERTOOL HERRAMIENTAS, S.L.\u00a0<\/strong>con CIF B65375743 y domicilio en Av. Antonio Gaud\u00ed 192, Rub\u00ed (BARCELONA), con tel\u00e9fono 935884418 y correo electr\u00f3nico <a href=\"mailto:exper-tool@exper-tool.com\">exper-tool@exper-tool.com<\/a><\/li>\r\n<\/ul>\r\n<ul>\r\n<li><strong>EXPERTOOL FERRAMENTAS DE CORTE, LDA.\u00a0<\/strong>con CIF PT 509385052 y domicilio en Via Jos\u00e9 R\u00e9gio, 301 -Centro Empresarial- Vilar de Pinheiro (OPORTO), con tel\u00e9fono 229690683 y correo electr\u00f3nico <a href=\"mailto:portugal@exper-tool.com\">portugal@exper-tool.com<\/a><strong><br \/>\u00a0<\/strong><\/li>\r\n<\/ul>\r\n<p><strong>2-CONTACTO<\/strong><\/p>\r\n<p>Para cualquier asunto relacionado con el tratamiento de datos de personas f\u00edsicas por parte de MAQcenter podr\u00e1 dirigirse a nuestro Delegado de Protecci\u00f3n de Datos a trav\u00e9s de correo electr\u00f3nico <a href=\"mailto:info@maqcenter.com\">info@maqcenter.com<\/a>\u00a0o al tel\u00e9fono 936972726.<\/p>\r\n<p><strong>3-DATOS RECABADOS: FINALIDAD, CONSERVACI\u00d3N, LEGITIMACI\u00d3N Y DESTINATARIOS<\/strong><\/p>\r\n<p><strong>Contacto comercial a trav\u00e9s del email de contacto, formulario de contacto, o cualquier otro medio<\/strong><\/p>\r\n<ul>\r\n<li>Datos recabados: Nombre, empresa, tel\u00e9fono, e-mail, y consulta.<\/li>\r\n<li>Finalidad: contestar a las solicitudes de informaci\u00f3n que el interesado haya realizado por este medio sobre los productos y servicios de MAQcenter y establecer relaciones comerciales<\/li>\r\n<li>Plazos de conservaci\u00f3n: los datos se conservar\u00e1n hasta el momento en que el interesado solicite la baja o supresi\u00f3n de los datos.<\/li>\r\n<li>Legitimaci\u00f3n: Inter\u00e9s leg\u00edtimo\u00a0consistente en no dejar desatendidas las consultas planteadas.<\/li>\r\n<li>Destinatarios: Proveedores de servicios, tales como servidor web, servidor de correo electr\u00f3nico, infraestructuras en la nube.<\/li>\r\n<\/ul>\r\n<p><strong>Suscripci\u00f3n al Bolet\u00edn de informaci\u00f3n o Newsletter<\/strong><\/p>\r\n<ul>\r\n<li>Datos recabados: Nombre, empresa, tel\u00e9fono, e-mail.<\/li>\r\n<li>Finalidad: la remisi\u00f3n de informaci\u00f3n, novedades, avisos, recordatorios y promociones que puedan ser de su inter\u00e9s, relacionadas con la actividad de MAQcenter.<\/li>\r\n<li>Plazos de conservaci\u00f3n: los datos se conservar\u00e1n hasta el momento en que el interesado solicite la baja o supresi\u00f3n de los datos.<\/li>\r\n<li>Legitimaci\u00f3n: consentimiento.<\/li>\r\n<li>Destinatarios: Proveedores de servicios, tales como servidor web, servidor de correo electr\u00f3nico, infraestructuras en la nube, plataforma de marketing.<br \/><strong>\u00a0<\/strong><\/li>\r\n<\/ul>\r\n<p><strong>Env\u00edo de Curr\u00edculum a trav\u00e9s de e-mail de contacto o cualquier otro medio<\/strong><\/p>\r\n<ul>\r\n<li>Datos recabados: \u00e1rea profesional, nombre, apellidos, tel\u00e9fono, e-mail, CV, carta de presentaci\u00f3n.<\/li>\r\n<li>Finalidad: gesti\u00f3n de candidatura del interesado en los procesos de selecci\u00f3n publicados o en otras vacantes acordes a su perfil profesional que puedan surgir en el futuro en MAQcenter<\/li>\r\n<li>Plazos de conservaci\u00f3n: los datos se conservar\u00e1n hasta que se le adjudique el puesto de trabajo o hasta que nos solicite la supresi\u00f3n de \u00e9stos.<\/li>\r\n<li>Legitimaci\u00f3n: Inter\u00e9s leg\u00edtimo\u00a0consistente en no dejar desatendidas las solicitudes de empleo planteadas por quienes nos remiten sus curr\u00edculums.<\/li>\r\n<li>Destinatarios: Proveedores de servicios, tales como servidor web, servidor de correo electr\u00f3nico, infraestructuras en la nube.<\/li>\r\n<\/ul>\r\n<p><strong>Clientes\/proveedores<\/strong><\/p>\r\n<ul>\r\n<li>Datos recabados: Nombre, apellidos, NIF, domicilio profesional, correo electr\u00f3nico y tel\u00e9fono de contacto.<\/li>\r\n<li>Finalidad: la gesti\u00f3n contractual del servicio o del suministro.<\/li>\r\n<li>Plazos de conservaci\u00f3n: Los datos se conservar\u00e1n mientras se mantenga vigente el servicio contratado y finalizado \u00e9ste, si el interesado solicita la baja o supresi\u00f3n de \u00e9stos, por el tiempo necesario para responder ante posibles responsabilidades legales, derivadas del propio servicio o de obligaciones ante las administraciones.<\/li>\r\n<li>Legitimaci\u00f3n: la relaci\u00f3n jur\u00eddico contractual existente para la prestaci\u00f3n del servicio o del suministro.<\/li>\r\n<li>Destinatarios: Proveedores de servicios, tales como servidor web, servidor de correo electr\u00f3nico, infraestructuras en la nube. En funci\u00f3n del servicio contratado y en cumplimiento en su caso de la normativa o en virtud de la relaci\u00f3n contractual que mantenga con nosotros los datos facilitados se comunicar\u00e1n a los siguientes organismos: Agencia Tributaria Competente y Entidades bancarias para el cobro de servicios contratados<\/li>\r\n<\/ul>\r\n<p><strong>Alta y seguimiento de cuentas corporativas en redes sociales:<\/strong><\/p>\r\n<p>Los datos personales que facilite o habilite en las redes sociales al convertirse en seguidor de \u00e9stas. Las cuentas corporativas en redes sociales del grupo MAQcenter son las siguientes:<\/p>\r\n<p><a href=\"https:\/\/www.youtube.com\/user\/MAQUINACENTER\">https:\/\/www.youtube.com\/user\/MAQUINACENTER<\/a><\/p>\r\n<p><a href=\"https:\/\/www.linkedin.com\/company\/maquina-center-s-a-\">https:\/\/www.linkedin.com\/company\/maquina-center-s-a-<\/a><\/p>\r\n<ul>\r\n<li>Datos recabados: Nombre, apellidos, NIF, domicilio, correo electr\u00f3nico y tel\u00e9fono de contacto y otros datos facilitados por la correspondiente red social<\/li>\r\n<li>Finalidad: seguimiento red social y mantenimiento y desarrollo de relaciones comerciales.<\/li>\r\n<li>Plazos de conservaci\u00f3n: los datos se conservar\u00e1n hasta el momento en que el interesado solicite la baja o supresi\u00f3n de los datos.<\/li>\r\n<li>Legitimaci\u00f3n: consentimiento<\/li>\r\n<li>Destinatarios: Proveedores de servicios, tales como servidor web, servidor de correo electr\u00f3nico, infraestructuras en la nube.<\/li>\r\n<\/ul>\r\n<p>El interesado conoce expresamente y acepta que la aceptaci\u00f3n de alguna de las finalidades anteriormente indicadas supone la incorporaci\u00f3n de sus datos en la base de datos com\u00fan del grupo MAQcenter, y la cesi\u00f3n de sus datos de car\u00e1cter personal a todas las empresas del grupo, pudiendo ser utilizadas por todas ellas con la finalidad anteriormente indicada. Esta cesi\u00f3n se produce con las mismas finalidades de tratamiento, iguales categor\u00edas de datos, mismo plazo de conservaci\u00f3n y mismo ejercicio de derechos. Podr\u00e1 en cualquier momento oponerse a esta cesi\u00f3n al correo <a href=\"mailto:info@maqcenter.com\">info@maqcenter.com<\/a><\/p>\r\n<p>No se prev\u00e9 la cesi\u00f3n o comunicaci\u00f3n a terceros, excepto las prestaciones de servicios de terceros encargados del tratamiento con los cuales MAQcenter ha firmado los correspondientes contratos de Encargado de Tratamiento y verificado que los mismos re\u00fanen las garant\u00edas suficientes para aplicar medidas t\u00e9cnicas y organizativas apropiadas de tal manera que el tratamiento se realiza conforme los requisitos del RGPD garantizando la protecci\u00f3n de los derechos del interesado.<\/p>\r\n<p><strong>4-EJERCICIO DE DERECHOS<\/strong><\/p>\r\n<p>Le informamos que como titular de los datos de car\u00e1cter personal que nos ha facilitado, tiene derecho a:<\/p>\r\n<ul>\r\n<li>Acceder a sus datos personales, para saber qu\u00e9 datos tenemos.<\/li>\r\n<li>Rectificar sus datos personales, para cuando sean inexactos o err\u00f3neos.<\/li>\r\n<li>Suprimir sus datos personales<\/li>\r\n<li>Derecho a limitar el tratamiento de sus datos cuando concurran los supuestos regulados en la normativa sobre protecci\u00f3n de datos.<\/li>\r\n<li>Derecho a la portabilidad de sus datos, cuando concurran los supuestos regulados en la normativa sobre protecci\u00f3n de datos.<\/li>\r\n<li>A revocar el consentimiento que hubiera otorgado, en su caso.<\/li>\r\n<li>A presentar una denuncia o un escrito para la tutela de sus derechos ante la Agencia Espa\u00f1ola de Protecci\u00f3n de Datos.<\/li>\r\n<\/ul>\r\n<p>El ejercicio de los derechos puede ejercerlo mediante el env\u00edo de un correo electr\u00f3nico a\u00a0<a href=\"mailto:info@maqcenter.com\">info@maqcenter.com<\/a>. En el asunto puede indicar \u201cEjercicio de derecho\u201d y en el texto del e-mail, especificar qu\u00e9 derecho quiere ejercer. Nosotros contactaremos con Ud. lo antes posible respondiendo a su email para facilitarle el formulario necesario para ejercitar el derecho en cuesti\u00f3n.<\/p>\r\n<p>Si lo deseas tambi\u00e9n puedes consultar nuestra\u00a0<strong><a href=\"https:\/\/maqcenter.com\/pt-pt\/politica-de-cookies\/\">Pol\u00edtica de Cookies<\/a><\/strong><\/p>\r\n<p><\/p>\r\n","protected":false},"excerpt":{"rendered":"<p>1-TITULARIDAD En complimiento del Reglamento (UE) 2016\/ 679 del Parlamento Europeo y del Consejo, de 27 de abril de 2016 (en adelante RGPD) le informamos que los datos personales comunicados a MAQcenter ser\u00e1n incorporados a una Base de Datos com\u00fan de informaci\u00f3n de titularidad de las empresas del grupo MAQcenter (en adelante MAQcenter) detalladas a [&hellip;]<\/p>\n","protected":false},"author":1,"featured_media":0,"parent":0,"menu_order":0,"comment_status":"closed","ping_status":"open","template":"","meta":{"footnotes":""},"class_list":["post-20739","page","type-page","status-publish","hentry"],"yoast_head":"<!-- This site is optimized with the Yoast SEO plugin v27.0 - https:\/\/yoast.com\/product\/yoast-seo-wordpress\/ -->\n<title>Pol\u00edtica de privacidade<\/title>\n<meta name=\"description\" content=\"Pol\u00edtica de privacidade. 1-TITULARIDAD En complimiento del Reglamento (UE) 2016\/ 679 del Parlamento Europeo y del Consejo, de 27 de abril de 2016 (en adelante RGPD) le informamos\" \/>\n<meta name=\"robots\" content=\"index, follow, max-snippet:-1, max-image-preview:large, max-video-preview:-1\" \/>\n<link rel=\"canonical\" href=\"https:\/\/maqcenter.com\/pt-pt\/politica-de-privacidade\/\" \/>\n<meta property=\"og:locale\" content=\"pt_PT\" \/>\n<meta property=\"og:type\" content=\"article\" \/>\n<meta property=\"og:title\" content=\"Pol\u00edtica de privacidade\" \/>\n<meta property=\"og:description\" content=\"Pol\u00edtica de privacidade. 1-TITULARIDAD En complimiento del Reglamento (UE) 2016\/ 679 del Parlamento Europeo y del Consejo, de 27 de abril de 2016 (en adelante RGPD) le informamos\" \/>\n<meta property=\"og:url\" content=\"https:\/\/maqcenter.com\/pt-pt\/politica-de-privacidade\/\" \/>\n<meta property=\"og:site_name\" content=\"MAQcenter\" \/>\n<meta property=\"article:modified_time\" content=\"2025-05-12T06:43:19+00:00\" \/>\n<meta name=\"twitter:card\" content=\"summary_large_image\" \/>\n<meta name=\"twitter:label1\" content=\"Tempo estimado de leitura\" \/>\n\t<meta name=\"twitter:data1\" content=\"6 minutos\" \/>\n<script type=\"application\/ld+json\" class=\"yoast-schema-graph\">{\"@context\":\"https:\/\/schema.org\",\"@graph\":[{\"@type\":\"WebPage\",\"@id\":\"https:\/\/maqcenter.com\/pt-pt\/politica-de-privacidade\/\",\"url\":\"https:\/\/maqcenter.com\/pt-pt\/politica-de-privacidade\/\",\"name\":\"Pol\u00edtica de privacidade\",\"isPartOf\":{\"@id\":\"https:\/\/maqcenter.com\/pt-pt\/#website\"},\"datePublished\":\"2020-03-02T11:38:10+00:00\",\"dateModified\":\"2025-05-12T06:43:19+00:00\",\"description\":\"Pol\u00edtica de privacidade. 1-TITULARIDAD En complimiento del Reglamento (UE) 2016\/ 679 del Parlamento Europeo y del Consejo, de 27 de abril de 2016 (en adelante RGPD) le informamos\",\"breadcrumb\":{\"@id\":\"https:\/\/maqcenter.com\/pt-pt\/politica-de-privacidade\/#breadcrumb\"},\"inLanguage\":\"pt-PT\",\"potentialAction\":[{\"@type\":\"ReadAction\",\"target\":[\"https:\/\/maqcenter.com\/pt-pt\/politica-de-privacidade\/\"]}]},{\"@type\":\"BreadcrumbList\",\"@id\":\"https:\/\/maqcenter.com\/pt-pt\/politica-de-privacidade\/#breadcrumb\",\"itemListElement\":[{\"@type\":\"ListItem\",\"position\":1,\"name\":\"Productos\",\"item\":\"https:\/\/maqcenter.com\/pt-pt\/\"},{\"@type\":\"ListItem\",\"position\":2,\"name\":\"Pol\u00edtica de privacidade\"}]},{\"@type\":\"WebSite\",\"@id\":\"https:\/\/maqcenter.com\/pt-pt\/#website\",\"url\":\"https:\/\/maqcenter.com\/pt-pt\/\",\"name\":\"MAQcenter\",\"description\":\"El centro de tus soluciones\",\"publisher\":{\"@id\":\"https:\/\/maqcenter.com\/pt-pt\/#organization\"},\"potentialAction\":[{\"@type\":\"SearchAction\",\"target\":{\"@type\":\"EntryPoint\",\"urlTemplate\":\"https:\/\/maqcenter.com\/pt-pt\/?s={search_term_string}\"},\"query-input\":{\"@type\":\"PropertyValueSpecification\",\"valueRequired\":true,\"valueName\":\"search_term_string\"}}],\"inLanguage\":\"pt-PT\"},{\"@type\":\"Organization\",\"@id\":\"https:\/\/maqcenter.com\/pt-pt\/#organization\",\"name\":\"MAQcenter S.A.\",\"url\":\"https:\/\/maqcenter.com\/pt-pt\/\",\"logo\":{\"@type\":\"ImageObject\",\"inLanguage\":\"pt-PT\",\"@id\":\"https:\/\/maqcenter.com\/pt-pt\/#\/schema\/logo\/image\/\",\"url\":\"https:\/\/maqcenter.com\/wp-content\/uploads\/2021\/02\/MAQcenter_logo_vertical.svg\",\"contentUrl\":\"https:\/\/maqcenter.com\/wp-content\/uploads\/2021\/02\/MAQcenter_logo_vertical.svg\",\"width\":300,\"height\":174,\"caption\":\"MAQcenter S.A.\"},\"image\":{\"@id\":\"https:\/\/maqcenter.com\/pt-pt\/#\/schema\/logo\/image\/\"}}]}<\/script>\n<!-- \/ Yoast SEO plugin. -->","yoast_head_json":{"title":"Pol\u00edtica de privacidade","description":"Pol\u00edtica de privacidade. 1-TITULARIDAD En complimiento del Reglamento (UE) 2016\/ 679 del Parlamento Europeo y del Consejo, de 27 de abril de 2016 (en adelante RGPD) le informamos","robots":{"index":"index","follow":"follow","max-snippet":"max-snippet:-1","max-image-preview":"max-image-preview:large","max-video-preview":"max-video-preview:-1"},"canonical":"https:\/\/maqcenter.com\/pt-pt\/politica-de-privacidade\/","og_locale":"pt_PT","og_type":"article","og_title":"Pol\u00edtica de privacidade","og_description":"Pol\u00edtica de privacidade. 1-TITULARIDAD En complimiento del Reglamento (UE) 2016\/ 679 del Parlamento Europeo y del Consejo, de 27 de abril de 2016 (en adelante RGPD) le informamos","og_url":"https:\/\/maqcenter.com\/pt-pt\/politica-de-privacidade\/","og_site_name":"MAQcenter","article_modified_time":"2025-05-12T06:43:19+00:00","twitter_card":"summary_large_image","twitter_misc":{"Tempo estimado de leitura":"6 minutos"},"schema":{"@context":"https:\/\/schema.org","@graph":[{"@type":"WebPage","@id":"https:\/\/maqcenter.com\/pt-pt\/politica-de-privacidade\/","url":"https:\/\/maqcenter.com\/pt-pt\/politica-de-privacidade\/","name":"Pol\u00edtica de privacidade","isPartOf":{"@id":"https:\/\/maqcenter.com\/pt-pt\/#website"},"datePublished":"2020-03-02T11:38:10+00:00","dateModified":"2025-05-12T06:43:19+00:00","description":"Pol\u00edtica de privacidade. 1-TITULARIDAD En complimiento del Reglamento (UE) 2016\/ 679 del Parlamento Europeo y del Consejo, de 27 de abril de 2016 (en adelante RGPD) le informamos","breadcrumb":{"@id":"https:\/\/maqcenter.com\/pt-pt\/politica-de-privacidade\/#breadcrumb"},"inLanguage":"pt-PT","potentialAction":[{"@type":"ReadAction","target":["https:\/\/maqcenter.com\/pt-pt\/politica-de-privacidade\/"]}]},{"@type":"BreadcrumbList","@id":"https:\/\/maqcenter.com\/pt-pt\/politica-de-privacidade\/#breadcrumb","itemListElement":[{"@type":"ListItem","position":1,"name":"Productos","item":"https:\/\/maqcenter.com\/pt-pt\/"},{"@type":"ListItem","position":2,"name":"Pol\u00edtica de privacidade"}]},{"@type":"WebSite","@id":"https:\/\/maqcenter.com\/pt-pt\/#website","url":"https:\/\/maqcenter.com\/pt-pt\/","name":"MAQcenter","description":"El centro de tus soluciones","publisher":{"@id":"https:\/\/maqcenter.com\/pt-pt\/#organization"},"potentialAction":[{"@type":"SearchAction","target":{"@type":"EntryPoint","urlTemplate":"https:\/\/maqcenter.com\/pt-pt\/?s={search_term_string}"},"query-input":{"@type":"PropertyValueSpecification","valueRequired":true,"valueName":"search_term_string"}}],"inLanguage":"pt-PT"},{"@type":"Organization","@id":"https:\/\/maqcenter.com\/pt-pt\/#organization","name":"MAQcenter S.A.","url":"https:\/\/maqcenter.com\/pt-pt\/","logo":{"@type":"ImageObject","inLanguage":"pt-PT","@id":"https:\/\/maqcenter.com\/pt-pt\/#\/schema\/logo\/image\/","url":"https:\/\/maqcenter.com\/wp-content\/uploads\/2021\/02\/MAQcenter_logo_vertical.svg","contentUrl":"https:\/\/maqcenter.com\/wp-content\/uploads\/2021\/02\/MAQcenter_logo_vertical.svg","width":300,"height":174,"caption":"MAQcenter S.A."},"image":{"@id":"https:\/\/maqcenter.com\/pt-pt\/#\/schema\/logo\/image\/"}}]}},"_links":{"self":[{"href":"https:\/\/maqcenter.com\/pt-pt\/wp-json\/wp\/v2\/pages\/20739","targetHints":{"allow":["GET"]}}],"collection":[{"href":"https:\/\/maqcenter.com\/pt-pt\/wp-json\/wp\/v2\/pages"}],"about":[{"href":"https:\/\/maqcenter.com\/pt-pt\/wp-json\/wp\/v2\/types\/page"}],"author":[{"embeddable":true,"href":"https:\/\/maqcenter.com\/pt-pt\/wp-json\/wp\/v2\/users\/1"}],"replies":[{"embeddable":true,"href":"https:\/\/maqcenter.com\/pt-pt\/wp-json\/wp\/v2\/comments?post=20739"}],"version-history":[{"count":0,"href":"https:\/\/maqcenter.com\/pt-pt\/wp-json\/wp\/v2\/pages\/20739\/revisions"}],"wp:attachment":[{"href":"https:\/\/maqcenter.com\/pt-pt\/wp-json\/wp\/v2\/media?parent=20739"}],"curies":[{"name":"wp","href":"https:\/\/api.w.org\/{rel}","templated":true}]}}