{"id":20809,"date":"2021-04-21T09:25:11","date_gmt":"2021-04-21T07:25:11","guid":{"rendered":"https:\/\/maqcenter.com\/politica-de-cookies\/"},"modified":"2025-05-12T15:11:58","modified_gmt":"2025-05-12T13:11:58","slug":"politica-de-cookies","status":"publish","type":"page","link":"https:\/\/maqcenter.com\/pt-pt\/politica-de-cookies\/","title":{"rendered":"Pol\u00edtica de cookies"},"content":{"rendered":"Este s\u00edtio Web utiliza cookies pr\u00f3prios e de terceiros para lhe proporcionar uma melhor experi\u00eancia de navega\u00e7\u00e3o, para partilhar conte\u00fados nas redes sociais e para nos permitir obter estat\u00edsticas de utiliza\u00e7\u00e3o.\n\nO utilizador pode impedir o descarregamento de cookies atrav\u00e9s das defini\u00e7\u00f5es do seu browser, impedindo que os cookies sejam armazenados no seu dispositivo.\n\nComo propriet\u00e1rio deste s\u00edtio Web, gostaria de informar que n\u00e3o utilizamos qualquer informa\u00e7\u00e3o pessoal proveniente dos cookies, apenas fazemos estat\u00edsticas gerais de visitas que n\u00e3o envolvem qualquer informa\u00e7\u00e3o pessoal.\n\n\u00c9 muito importante que o utilizador leia esta pol\u00edtica de cookies e compreenda que, se continuar a navegar, consideraremos que aceita a sua utiliza\u00e7\u00e3o.\n\nDe acordo com os termos inclu\u00eddos no artigo 22.2 da Lei 34\/2002 de Servi\u00e7os da Sociedade da Informa\u00e7\u00e3o e Com\u00e9rcio Eletr\u00f3nico, se continuar a navegar, estar\u00e1 a dar o seu consentimento para a utiliza\u00e7\u00e3o dos mecanismos acima mencionados.\n<h4>Entidade respons\u00e1vel<\/h4>\n<p class=\"ng-binding\">A entidade respons\u00e1vel pela recolha, tratamento e utiliza\u00e7\u00e3o dos seus dados pessoais, no sentido estabelecido pela Lei de Prote\u00e7\u00e3o de Dados Pessoais, \u00e9 o site https:\/\/maqcenter.com\/, propriedade de MAQUINA CENTER S.A. &#8211; Av. Antonio Gaud\u00ed 192, Rub\u00ed. <\/p>\n\n<h4>O que s\u00e3o cookies?<\/h4>\nOs cookies s\u00e3o um conjunto de dados que um servidor deposita no browser do utilizador para recolher informa\u00e7\u00f5es de registo padr\u00e3o da Internet e informa\u00e7\u00f5es sobre o comportamento dos visitantes de um s\u00edtio Web. Por outras palavras, s\u00e3o pequenos ficheiros de texto que s\u00e3o armazenados no disco r\u00edgido do computador e que servem para identificar o utilizador quando este volta a aceder ao s\u00edtio Web. O seu objetivo \u00e9 registar a visita do utilizador e armazenar determinadas informa\u00e7\u00f5es. A sua utiliza\u00e7\u00e3o \u00e9 comum e frequente na Web, pois permitem um funcionamento mais eficiente das p\u00e1ginas e uma maior personaliza\u00e7\u00e3o e an\u00e1lise do comportamento dos utilizadores.   \n<h4>Que tipos de cookies existem?<\/h4>\nOs cookies utilizados no nosso s\u00edtio Web s\u00e3o cookies de sess\u00e3o e de terceiros e permitem-nos armazenar e aceder a informa\u00e7\u00f5es relativas \u00e0 l\u00edngua, ao tipo de navegador utilizado e a outras carater\u00edsticas gerais predefinidas pelo utilizador, bem como monitorizar e analisar a atividade realizada, com o objetivo de introduzir melhorias e prestar os nossos servi\u00e7os de forma mais eficiente e personalizada.\n<p class=\"ng-binding\">Os cookies, consoante a sua perman\u00eancia, podem ser divididos em cookies de sess\u00e3o ou permanentes. Os que expiram quando o utilizador fecha o navegador. Os que expiram em fun\u00e7\u00e3o do cumprimento da finalidade para a qual s\u00e3o utilizados (por exemplo, para que o utilizador continue a ser identificado nos servi\u00e7os do MAQUINA CENTER S.A.) ou quando s\u00e3o eliminados manualmente.  <\/p>\n\n<table border=\"0\" width=\"100%\" cellpadding=\"15\">\n<tbody>\n<tr>\n<td>Nome<\/td>\n<td>Tipo<\/td>\n<td>Caducidade<\/td>\n<td>Finalidade<\/td>\n<td>Clase<\/td>\n<\/tr>\n<tr>\n<td>__utma<\/td>\n<td>Terceiros (Google Analytics)<\/td>\n<td>2 anos<\/td>\n<td>Utilizado para distinguir utilizadores e sess\u00f5es.<\/td>\n<td>N\u00e3o isento<\/td>\n<\/tr>\n<tr>\n<td>__utmb<\/td>\n<td>Terceiros (Google Analytics)<\/td>\n<td>30 minutos<\/td>\n<td>Utilizado para distinguir utilizadores e sess\u00f5es.<\/td>\n<td>N\u00e3o isento<\/td>\n<\/tr>\n<tr>\n<td>__utmc<\/td>\n<td>Terceiros (Google Analytics)<\/td>\n<td>No final da sess\u00e3o<\/td>\n<td>Configurado para utiliza\u00e7\u00e3o com o Urchin<\/td>\n<td>N\u00e3o isento<\/td>\n<\/tr>\n<tr>\n<td>__utmz<\/td>\n<td>Terceiros (Google Analytics)<\/td>\n<td>6 meses<\/td>\n<td>Armazena a fonte ou a campanha que explica como o utilizador chegou ao s\u00edtio Web.<\/td>\n<td>N\u00e3o isento<\/td>\n<\/tr>\n<\/tbody>\n<\/table>\n<p class=\"ng-binding\">Al\u00e9m disso, consoante a sua finalidade, os cookies podem ser classificados da seguinte forma:<\/p>\n\n<h4>Cookies de rendimento<\/h4>\nEste tipo de cookie memoriza as prefer\u00eancias do utilizador relativamente \u00e0s ferramentas presentes nos servi\u00e7os, para que n\u00e3o tenha de reconfigurar o servi\u00e7o de cada vez que o visita. A t\u00edtulo de exemplo, este tipo de cookie inclui: Defini\u00e7\u00f5es de volume para leitores de v\u00eddeo ou de som. Velocidades de transmiss\u00e3o de v\u00eddeo compat\u00edveis com o seu navegador. Itens guardados no \u201ccarrinho de compras\u201d em servi\u00e7os de com\u00e9rcio eletr\u00f3nico como as lojas.   \n<h4>Cookies de geo-localiza\u00e7\u00e3o<\/h4>\nEstes cookies s\u00e3o utilizados para saber em que pa\u00eds se encontra quando solicita um servi\u00e7o. Este cookie \u00e9 completamente an\u00f3nimo e s\u00f3 \u00e9 utilizado para ajudar a direcionar o conte\u00fado para a sua localiza\u00e7\u00e3o. \n<h4>Cookies de registo<\/h4>\nOs cookies de registo s\u00e3o gerados quando o utilizador se regista ou inicia sess\u00e3o e s\u00e3o utilizados para o identificar nos servi\u00e7os para os seguintes fins\n\nManter o utilizador identificado de modo a que, se fechar um servi\u00e7o, o navegador ou o computador e noutro momento ou noutro dia voltar a entrar nesse servi\u00e7o, continuar\u00e1 a ser identificado, facilitando assim a sua navega\u00e7\u00e3o sem ter de se identificar novamente. Esta funcionalidade pode ser eliminada se o utilizador clicar na fun\u00e7\u00e3o [fechar sess\u00e3o], de modo a que este cookie seja eliminado e, da pr\u00f3xima vez que o utilizador entrar no servi\u00e7o, ter\u00e1 de iniciar sess\u00e3o para ser identificado. \n\nVerificar se o utilizador est\u00e1 autorizado a aceder a determinados servi\u00e7os, por exemplo, para participar num concurso.\n\nAl\u00e9m disso, alguns servi\u00e7os podem utilizar conectores com redes sociais como o Facebook ou o Twitter. Quando o utilizador se regista num servi\u00e7o com credenciais de uma rede social, autoriza a rede social a armazenar um cookie persistente que recorda a sua identidade e concede acesso aos servi\u00e7os at\u00e9 expirar. O utilizador pode apagar este Cookie e revogar o acesso aos servi\u00e7os atrav\u00e9s das redes sociais, actualizando as suas prefer\u00eancias na rede social espec\u00edfica.  \n<h4>Cookies anal\u00edticos<\/h4>\n<p class=\"ng-binding\">Cada vez que um utilizador visita um servi\u00e7o, uma ferramenta de um fornecedor externo gera um cookie anal\u00edtico no computador do utilizador. Este cookie, que s\u00f3 \u00e9 gerado durante a visita, ser\u00e1 utilizado em futuras visitas aos servi\u00e7os do MAQUINA CENTER S.A. para identificar anonimamente o visitante. Os principais objectivos perseguidos s\u00e3o:  <\/p>\nPermitir a identifica\u00e7\u00e3o an\u00f3nima dos utilizadores que navegam atrav\u00e9s do cookie (identifica navegadores e dispositivos, n\u00e3o pessoas) e, por conseguinte, a contagem aproximada do n\u00famero de visitantes e a sua evolu\u00e7\u00e3o no tempo.\nIdentificar de forma an\u00f3nima os conte\u00fados mais visitados e, por conseguinte, mais atractivos para os utilizadores Saber se o utilizador que est\u00e1 a aceder \u00e9 novo ou visita repetida.\n<p class=\"ng-binding\">Importante: A menos que o utilizador decida registar-se num servi\u00e7o do MAQUINA CENTER S.A., o cookie nunca ser\u00e1 associado a qualquer dado pessoal que possa identificar o utilizador. Estes cookies ser\u00e3o utilizados apenas para fins estat\u00edsticos para ajudar a otimizar a experi\u00eancia do utilizador no site. <\/p>\n\n<h4>Cookies de publicidade<\/h4>\n<p class=\"ng-binding\">Este tipo de cookies permite ampliar a informa\u00e7\u00e3o dos an\u00fancios mostrados a cada utilizador an\u00f3nimo nos servi\u00e7os do MAQUINA CENTER S.A.. Entre outras coisas, armazenam a dura\u00e7\u00e3o ou frequ\u00eancia de exibi\u00e7\u00e3o das posi\u00e7\u00f5es publicit\u00e1rias, a intera\u00e7\u00e3o com as mesmas, ou os padr\u00f5es de navega\u00e7\u00e3o e\/ou comportamento do utilizador, j\u00e1 que ajudam a criar um perfil de interesse publicit\u00e1rio. Desta forma, permitem oferecer publicidade relacionada com os interesses do utilizador.  <\/p>\n\n<h4>Cookies de publicidade de terceiros<\/h4>\n<p class=\"ng-binding\">Para al\u00e9m da publicidade gerida pelos s\u00edtios web do MAQUINA CENTER S.A. nos seus servi\u00e7os, os s\u00edtios web do MAQUINA CENTER S.A. oferecem aos seus anunciantes a possibilidade de veicular publicidade atrav\u00e9s de terceiros (\u201cAd-Servers\u201d). Desta forma, estes terceiros podem armazenar os cookies enviados pelos servi\u00e7os da MAQUINA CENTER S.A. provenientes dos navegadores dos utilizadores, bem como aceder aos dados armazenados nos mesmos. <\/p>\n<p class=\"ng-binding\">As empresas que geram estes cookies t\u00eam as suas pr\u00f3prias pol\u00edticas de privacidade. Atualmente, as p\u00e1ginas web do MAQUINA CENTER S.A. utilizam a plataforma Doubleclick (Google) para gerir estes servi\u00e7os. Para obter mais informa\u00e7\u00f5es, aceda a  <\/p>\n<a href=\"http:\/\/www.google.es\/policies\/privacy\/ads\/#toc-doubleclick\">http:\/\/www.google.es\/policies\/privacy\/ads\/#toc-doubleclick<\/a> e a <a href=\"http:\/\/www.google.es\/policies\/privacy\/ads\/\">http:\/\/www.google.es\/policies\/privacy\/ads\/<\/a>.\n<h4>Como posso desativar os cookies no meu browser?<\/h4>\nOs diferentes navegadores podem ser configurados para avisar o utilizador da rece\u00e7\u00e3o de cookies e, se desejar, impedir a sua instala\u00e7\u00e3o no computador. Da mesma forma, o utilizador pode verificar no seu navegador quais os cookies que tem instalados e a sua data de expira\u00e7\u00e3o, e pode elimin\u00e1-los. \n\nPara mais informa\u00e7\u00f5es, consulte as instru\u00e7\u00f5es e manuais do seu browser:\n\nPara mais informa\u00e7\u00f5es sobre a gest\u00e3o de cookies no Google Chrome: <a href=\"https:\/\/support.google.com\/chrome\/answer\/95647?hl=es\">https:\/\/support.google.com\/chrome\/answer\/95647?hl=es<\/a>\n\nPara mais informa\u00e7\u00f5es sobre a gest\u00e3o de cookies no Internet Explorer: <a href=\"http:\/\/windows.microsoft.com\/es-es\/windows-vista\/cookies-frequently-asked-questions\">http:\/\/windows.microsoft.com\/es-es\/windows-vista\/cookies-frequently-asked-questions<\/a>\n\nPara mais informa\u00e7\u00f5es sobre a gest\u00e3o de cookies no Mozilla Firefox: <a href=\"http:\/\/support.mozilla.org\/es\/kb\/habilitar-y-deshabilitar-cookies-que-los-sitios-we%20\">http:\/\/support.mozilla.org\/es\/kb\/habilitar-y-deshabilitar-cookies-que-los-sitios-we<\/a>\n\nPara mais informa\u00e7\u00f5es sobre a gest\u00e3o de cookies no Safari: <a href=\"http:\/\/www.apple.com\/es\/privacy\/use-of-cookies\/%20\">http:\/\/www.apple.com\/es\/privacy\/use-of-cookies\/<\/a>\n\nPara mais informa\u00e7\u00f5es sobre a gest\u00e3o de cookies no Opera: <a href=\"http:\/\/help.opera.com\/Windows\/11.50\/es-ES\/cookies.html\">http:\/\/help.opera.com\/Windows\/11.50\/es-ES\/cookies.html<\/a>\n\nSe pretender deixar de ser seguido pelo Google Analytics, visite: <a href=\"http:\/\/tools.google.com\/dlpage\/gaoptout\">http:\/\/tools.google.com\/dlpage\/gaoptout<\/a>\n<h4>Para saber mais sobre cookies<\/h4>\nPode obter mais informa\u00e7\u00f5es sobre a publicidade comportamental em linha e a privacidade em linha na seguinte liga\u00e7\u00e3o: <a href=\"http:\/\/www.youronlinechoices.com\/es\/\">http:\/\/www.youronlinechoices.com\/es\/<\/a>\n\nProte\u00e7\u00e3o de dados do Google Analytics: <a href=\"http:\/\/www.google.com\/analytics\/learn\/privacy.html\">http:\/\/www.google.com\/analytics\/learn\/privacy.html<\/a>\n\nComo \u00e9 que o Google Analytics utiliza cookies: <a href=\"https:\/\/developers.google.com\/analytics\/devguides\/collection\/analyticsjs\/cookie-usage?hl=es#analyticsjs\">https:\/\/developers.google.com\/analytics\/devguides\/collection\/analyticsjs\/cookie-usage?hl=es#analyticsjs<\/a>\n<h4>Actualiza\u00e7\u00f5es e altera\u00e7\u00f5es \u00e0 pol\u00edtica de privacidade\/cookies<\/h4>\n<p class=\"ng-binding\">As p\u00e1ginas web do MAQUINA CENTER S.A. poder\u00e3o modificar a presente Pol\u00edtica de Cookies em fun\u00e7\u00e3o de exig\u00eancias legislativas ou regulamentares, ou para adaptar a referida pol\u00edtica \u00e0s instru\u00e7\u00f5es ditadas pela Ag\u00eancia Espanhola de Prote\u00e7\u00e3o de Dados, pelo que se recomenda aos utilizadores que a visitem periodicamente.<\/p>\nQuando forem introduzidas altera\u00e7\u00f5es significativas \u00e0 presente Pol\u00edtica de Cookies, estas ser\u00e3o comunicadas aos utilizadores atrav\u00e9s do s\u00edtio Web ou por correio eletr\u00f3nico para os utilizadores registados.\n\n\n\n<!-- \/wp:post-content --><!-- \/wp:freeform -->","protected":false},"excerpt":{"rendered":"<p>Este s\u00edtio Web utiliza cookies pr\u00f3prios e de terceiros para lhe proporcionar uma melhor experi\u00eancia de navega\u00e7\u00e3o, para partilhar conte\u00fados nas redes sociais e para nos permitir obter estat\u00edsticas de utiliza\u00e7\u00e3o. O utilizador pode impedir o descarregamento de cookies atrav\u00e9s das defini\u00e7\u00f5es do seu browser, impedindo que os cookies sejam armazenados no seu dispositivo. Como [&hellip;]<\/p>\n","protected":false},"author":1,"featured_media":0,"parent":0,"menu_order":0,"comment_status":"closed","ping_status":"closed","template":"","meta":{"footnotes":""},"class_list":["post-20809","page","type-page","status-publish","hentry"],"yoast_head":"<!-- This site is optimized with the Yoast SEO plugin v27.0 - https:\/\/yoast.com\/product\/yoast-seo-wordpress\/ -->\n<title>Pol\u00edtica de cookies<\/title>\n<meta name=\"description\" content=\"Pol\u00edtica de cookies. Este s\u00edtio Web utiliza cookies pr\u00f3prios e de terceiros para lhe proporcionar uma melhor experi\u00eancia de navega\u00e7\u00e3o, para partilhar conte\u00fados nas redes\" \/>\n<meta name=\"robots\" content=\"index, follow, max-snippet:-1, max-image-preview:large, max-video-preview:-1\" \/>\n<link rel=\"canonical\" href=\"https:\/\/maqcenter.com\/pt-pt\/politica-de-cookies\/\" \/>\n<meta property=\"og:locale\" content=\"pt_PT\" \/>\n<meta property=\"og:type\" content=\"article\" \/>\n<meta property=\"og:title\" content=\"Pol\u00edtica de cookies\" \/>\n<meta property=\"og:description\" content=\"Pol\u00edtica de cookies. Este s\u00edtio Web utiliza cookies pr\u00f3prios e de terceiros para lhe proporcionar uma melhor experi\u00eancia de navega\u00e7\u00e3o, para partilhar conte\u00fados nas redes\" \/>\n<meta property=\"og:url\" content=\"https:\/\/maqcenter.com\/pt-pt\/politica-de-cookies\/\" \/>\n<meta property=\"og:site_name\" content=\"MAQcenter\" \/>\n<meta property=\"article:modified_time\" content=\"2025-05-12T13:11:58+00:00\" \/>\n<meta name=\"twitter:card\" content=\"summary_large_image\" \/>\n<meta name=\"twitter:label1\" content=\"Tempo estimado de leitura\" \/>\n\t<meta name=\"twitter:data1\" content=\"8 minutos\" \/>\n<script type=\"application\/ld+json\" class=\"yoast-schema-graph\">{\"@context\":\"https:\/\/schema.org\",\"@graph\":[{\"@type\":\"WebPage\",\"@id\":\"https:\/\/maqcenter.com\/pt-pt\/politica-de-cookies\/\",\"url\":\"https:\/\/maqcenter.com\/pt-pt\/politica-de-cookies\/\",\"name\":\"Pol\u00edtica de cookies\",\"isPartOf\":{\"@id\":\"https:\/\/maqcenter.com\/pt-pt\/#website\"},\"datePublished\":\"2021-04-21T07:25:11+00:00\",\"dateModified\":\"2025-05-12T13:11:58+00:00\",\"description\":\"Pol\u00edtica de cookies. Este s\u00edtio Web utiliza cookies pr\u00f3prios e de terceiros para lhe proporcionar uma melhor experi\u00eancia de navega\u00e7\u00e3o, para partilhar conte\u00fados nas redes\",\"breadcrumb\":{\"@id\":\"https:\/\/maqcenter.com\/pt-pt\/politica-de-cookies\/#breadcrumb\"},\"inLanguage\":\"pt-PT\",\"potentialAction\":[{\"@type\":\"ReadAction\",\"target\":[\"https:\/\/maqcenter.com\/pt-pt\/politica-de-cookies\/\"]}]},{\"@type\":\"BreadcrumbList\",\"@id\":\"https:\/\/maqcenter.com\/pt-pt\/politica-de-cookies\/#breadcrumb\",\"itemListElement\":[{\"@type\":\"ListItem\",\"position\":1,\"name\":\"Productos\",\"item\":\"https:\/\/maqcenter.com\/pt-pt\/\"},{\"@type\":\"ListItem\",\"position\":2,\"name\":\"Pol\u00edtica de cookies\"}]},{\"@type\":\"WebSite\",\"@id\":\"https:\/\/maqcenter.com\/pt-pt\/#website\",\"url\":\"https:\/\/maqcenter.com\/pt-pt\/\",\"name\":\"MAQcenter\",\"description\":\"El centro de tus soluciones\",\"publisher\":{\"@id\":\"https:\/\/maqcenter.com\/pt-pt\/#organization\"},\"potentialAction\":[{\"@type\":\"SearchAction\",\"target\":{\"@type\":\"EntryPoint\",\"urlTemplate\":\"https:\/\/maqcenter.com\/pt-pt\/?s={search_term_string}\"},\"query-input\":{\"@type\":\"PropertyValueSpecification\",\"valueRequired\":true,\"valueName\":\"search_term_string\"}}],\"inLanguage\":\"pt-PT\"},{\"@type\":\"Organization\",\"@id\":\"https:\/\/maqcenter.com\/pt-pt\/#organization\",\"name\":\"MAQcenter S.A.\",\"url\":\"https:\/\/maqcenter.com\/pt-pt\/\",\"logo\":{\"@type\":\"ImageObject\",\"inLanguage\":\"pt-PT\",\"@id\":\"https:\/\/maqcenter.com\/pt-pt\/#\/schema\/logo\/image\/\",\"url\":\"https:\/\/maqcenter.com\/wp-content\/uploads\/2021\/02\/MAQcenter_logo_vertical.svg\",\"contentUrl\":\"https:\/\/maqcenter.com\/wp-content\/uploads\/2021\/02\/MAQcenter_logo_vertical.svg\",\"width\":300,\"height\":174,\"caption\":\"MAQcenter S.A.\"},\"image\":{\"@id\":\"https:\/\/maqcenter.com\/pt-pt\/#\/schema\/logo\/image\/\"}}]}<\/script>\n<!-- \/ Yoast SEO plugin. -->","yoast_head_json":{"title":"Pol\u00edtica de cookies","description":"Pol\u00edtica de cookies. Este s\u00edtio Web utiliza cookies pr\u00f3prios e de terceiros para lhe proporcionar uma melhor experi\u00eancia de navega\u00e7\u00e3o, para partilhar conte\u00fados nas redes","robots":{"index":"index","follow":"follow","max-snippet":"max-snippet:-1","max-image-preview":"max-image-preview:large","max-video-preview":"max-video-preview:-1"},"canonical":"https:\/\/maqcenter.com\/pt-pt\/politica-de-cookies\/","og_locale":"pt_PT","og_type":"article","og_title":"Pol\u00edtica de cookies","og_description":"Pol\u00edtica de cookies. Este s\u00edtio Web utiliza cookies pr\u00f3prios e de terceiros para lhe proporcionar uma melhor experi\u00eancia de navega\u00e7\u00e3o, para partilhar conte\u00fados nas redes","og_url":"https:\/\/maqcenter.com\/pt-pt\/politica-de-cookies\/","og_site_name":"MAQcenter","article_modified_time":"2025-05-12T13:11:58+00:00","twitter_card":"summary_large_image","twitter_misc":{"Tempo estimado de leitura":"8 minutos"},"schema":{"@context":"https:\/\/schema.org","@graph":[{"@type":"WebPage","@id":"https:\/\/maqcenter.com\/pt-pt\/politica-de-cookies\/","url":"https:\/\/maqcenter.com\/pt-pt\/politica-de-cookies\/","name":"Pol\u00edtica de cookies","isPartOf":{"@id":"https:\/\/maqcenter.com\/pt-pt\/#website"},"datePublished":"2021-04-21T07:25:11+00:00","dateModified":"2025-05-12T13:11:58+00:00","description":"Pol\u00edtica de cookies. Este s\u00edtio Web utiliza cookies pr\u00f3prios e de terceiros para lhe proporcionar uma melhor experi\u00eancia de navega\u00e7\u00e3o, para partilhar conte\u00fados nas redes","breadcrumb":{"@id":"https:\/\/maqcenter.com\/pt-pt\/politica-de-cookies\/#breadcrumb"},"inLanguage":"pt-PT","potentialAction":[{"@type":"ReadAction","target":["https:\/\/maqcenter.com\/pt-pt\/politica-de-cookies\/"]}]},{"@type":"BreadcrumbList","@id":"https:\/\/maqcenter.com\/pt-pt\/politica-de-cookies\/#breadcrumb","itemListElement":[{"@type":"ListItem","position":1,"name":"Productos","item":"https:\/\/maqcenter.com\/pt-pt\/"},{"@type":"ListItem","position":2,"name":"Pol\u00edtica de cookies"}]},{"@type":"WebSite","@id":"https:\/\/maqcenter.com\/pt-pt\/#website","url":"https:\/\/maqcenter.com\/pt-pt\/","name":"MAQcenter","description":"El centro de tus soluciones","publisher":{"@id":"https:\/\/maqcenter.com\/pt-pt\/#organization"},"potentialAction":[{"@type":"SearchAction","target":{"@type":"EntryPoint","urlTemplate":"https:\/\/maqcenter.com\/pt-pt\/?s={search_term_string}"},"query-input":{"@type":"PropertyValueSpecification","valueRequired":true,"valueName":"search_term_string"}}],"inLanguage":"pt-PT"},{"@type":"Organization","@id":"https:\/\/maqcenter.com\/pt-pt\/#organization","name":"MAQcenter S.A.","url":"https:\/\/maqcenter.com\/pt-pt\/","logo":{"@type":"ImageObject","inLanguage":"pt-PT","@id":"https:\/\/maqcenter.com\/pt-pt\/#\/schema\/logo\/image\/","url":"https:\/\/maqcenter.com\/wp-content\/uploads\/2021\/02\/MAQcenter_logo_vertical.svg","contentUrl":"https:\/\/maqcenter.com\/wp-content\/uploads\/2021\/02\/MAQcenter_logo_vertical.svg","width":300,"height":174,"caption":"MAQcenter S.A."},"image":{"@id":"https:\/\/maqcenter.com\/pt-pt\/#\/schema\/logo\/image\/"}}]}},"_links":{"self":[{"href":"https:\/\/maqcenter.com\/pt-pt\/wp-json\/wp\/v2\/pages\/20809","targetHints":{"allow":["GET"]}}],"collection":[{"href":"https:\/\/maqcenter.com\/pt-pt\/wp-json\/wp\/v2\/pages"}],"about":[{"href":"https:\/\/maqcenter.com\/pt-pt\/wp-json\/wp\/v2\/types\/page"}],"author":[{"embeddable":true,"href":"https:\/\/maqcenter.com\/pt-pt\/wp-json\/wp\/v2\/users\/1"}],"replies":[{"embeddable":true,"href":"https:\/\/maqcenter.com\/pt-pt\/wp-json\/wp\/v2\/comments?post=20809"}],"version-history":[{"count":0,"href":"https:\/\/maqcenter.com\/pt-pt\/wp-json\/wp\/v2\/pages\/20809\/revisions"}],"wp:attachment":[{"href":"https:\/\/maqcenter.com\/pt-pt\/wp-json\/wp\/v2\/media?parent=20809"}],"curies":[{"name":"wp","href":"https:\/\/api.w.org\/{rel}","templated":true}]}}