{"id":20811,"date":"2020-10-27T10:16:42","date_gmt":"2020-10-27T08:16:42","guid":{"rendered":"https:\/\/maqcenter.com\/produtos\/"},"modified":"2025-06-11T16:09:07","modified_gmt":"2025-06-11T14:09:07","slug":"produtos","status":"publish","type":"page","link":"https:\/\/maqcenter.com\/pt-pt\/produtos\/","title":{"rendered":"Produtos"},"content":{"rendered":"\t\t<div data-elementor-type=\"wp-page\" data-elementor-id=\"20811\" class=\"elementor elementor-20811 elementor-2127\" data-elementor-post-type=\"page\">\n\t\t\t\t\t\t<section class=\"elementor-section elementor-top-section elementor-element elementor-element-90e1216 elementor-section-height-min-height elementor-section-boxed elementor-section-height-default elementor-section-items-middle\" data-id=\"90e1216\" data-element_type=\"section\" data-e-type=\"section\" data-settings=\"{&quot;background_background&quot;:&quot;classic&quot;}\">\n\t\t\t\t\t\t<div class=\"elementor-container elementor-column-gap-default\">\n\t\t\t\t\t<div class=\"elementor-column elementor-col-100 elementor-top-column elementor-element elementor-element-de84101\" data-id=\"de84101\" data-element_type=\"column\" data-e-type=\"column\">\n\t\t\t<div class=\"elementor-widget-wrap\">\n\t\t\t\t\t\t\t<\/div>\n\t\t<\/div>\n\t\t\t\t\t<\/div>\n\t\t<\/section>\n\t\t\t\t<section class=\"elementor-section elementor-top-section elementor-element elementor-element-c7ea7fc elementor-section-height-min-height elementor-section-content-middle elementor-section-boxed elementor-section-height-default elementor-section-items-middle\" data-id=\"c7ea7fc\" data-element_type=\"section\" data-e-type=\"section\" data-settings=\"{&quot;background_background&quot;:&quot;classic&quot;}\">\n\t\t\t\t\t\t<div class=\"elementor-container elementor-column-gap-default\">\n\t\t\t\t\t<div class=\"elementor-column elementor-col-100 elementor-top-column elementor-element elementor-element-50f5cb2\" data-id=\"50f5cb2\" data-element_type=\"column\" data-e-type=\"column\" data-settings=\"{&quot;background_background&quot;:&quot;classic&quot;}\">\n\t\t\t<div class=\"elementor-widget-wrap elementor-element-populated\">\n\t\t\t\t\t\t<div class=\"elementor-element elementor-element-603965e elementor-widget elementor-widget-heading\" data-id=\"603965e\" data-element_type=\"widget\" data-e-type=\"widget\" data-widget_type=\"heading.default\">\n\t\t\t\t<div class=\"elementor-widget-container\">\n\t\t\t\t\t<h1 class=\"elementor-heading-title elementor-size-default\">Produtos<\/h1>\t\t\t\t<\/div>\n\t\t\t\t<\/div>\n\t\t\t\t<div class=\"elementor-element elementor-element-2204b42 elementor-widget elementor-widget-heading\" data-id=\"2204b42\" data-element_type=\"widget\" data-e-type=\"widget\" data-widget_type=\"heading.default\">\n\t\t\t\t<div class=\"elementor-widget-container\">\n\t\t\t\t\t<p class=\"elementor-heading-title elementor-size-default\">Selecione o seu processo de fabrico<\/p>\t\t\t\t<\/div>\n\t\t\t\t<\/div>\n\t\t\t\t\t<\/div>\n\t\t<\/div>\n\t\t\t\t\t<\/div>\n\t\t<\/section>\n\t\t\t\t<section class=\"elementor-section elementor-top-section elementor-element elementor-element-7473d05 elementor-section-boxed elementor-section-height-default elementor-section-height-default\" data-id=\"7473d05\" data-element_type=\"section\" data-e-type=\"section\">\n\t\t\t\t\t\t<div class=\"elementor-container elementor-column-gap-wider\">\n\t\t\t\t\t<div class=\"elementor-column elementor-col-100 elementor-top-column elementor-element elementor-element-4a865ff\" data-id=\"4a865ff\" data-element_type=\"column\" data-e-type=\"column\">\n\t\t\t<div class=\"elementor-widget-wrap elementor-element-populated\">\n\t\t\t\t\t\t<div class=\"elementor-element elementor-element-8bbd8d6 elementor-widget elementor-widget-text-editor\" data-id=\"8bbd8d6\" data-element_type=\"widget\" data-e-type=\"widget\" data-widget_type=\"text-editor.default\">\n\t\t\t\t<div class=\"elementor-widget-container\">\n\t\t\t\t\t\t\t\t\t<p>Tecnologia inteligente que chega ao mercado atrav\u00e9s das nossas prestigiadas marcas em torneamento, fresagem, rectifica\u00e7\u00e3o, fabrico aditivo, automatiza\u00e7\u00e3o, dispositivos de aperto, ferramentas, lubrificantes e Ind\u00fastria 4.0.<\/p>\t\t\t\t\t\t\t\t<\/div>\n\t\t\t\t<\/div>\n\t\t\t\t\t<\/div>\n\t\t<\/div>\n\t\t\t\t\t<\/div>\n\t\t<\/section>\n\t\t\t\t<section class=\"elementor-section elementor-top-section elementor-element elementor-element-5a18735 elementor-section-boxed elementor-section-height-default elementor-section-height-default\" data-id=\"5a18735\" data-element_type=\"section\" data-e-type=\"section\">\n\t\t\t\t\t\t<div class=\"elementor-container elementor-column-gap-default\">\n\t\t\t\t\t<div class=\"elementor-column elementor-col-100 elementor-top-column elementor-element elementor-element-db55d9f\" data-id=\"db55d9f\" data-element_type=\"column\" data-e-type=\"column\">\n\t\t\t<div class=\"elementor-widget-wrap elementor-element-populated\">\n\t\t\t\t\t\t<div class=\"elementor-element elementor-element-3aa07ab elementor-widget elementor-widget-jet-woo-categories\" data-id=\"3aa07ab\" data-element_type=\"widget\" data-e-type=\"widget\" data-settings=\"{&quot;columns&quot;:&quot;4&quot;,&quot;columns_tablet&quot;:&quot;3&quot;,&quot;columns_mobile&quot;:&quot;2&quot;}\" data-widget_type=\"jet-woo-categories.default\">\n\t\t\t\t<div class=\"elementor-widget-container\">\n\t\t\t\t\t<div class=\"elementor-jet-woo-categories jet-woo-builder\"><div class=\"jet-woo-categories jet-woo-categories--preset-3 col-row disable-cols-gap jet-equal-cols\" data-mobile-hover=\"\">\n<div class=\"jet-woo-categories__item \">\n\t<div class=\"jet-woo-categories__inner-box\"  >\n\t\t\n<div class=\"jet-woo-category-thumbnail\">\n\t<a href=\"https:\/\/maqcenter.com\/pt-pt\/productos\/automatizacao\/\"  rel=\"bookmark\">\n\t\t<img fetchpriority=\"high\" decoding=\"async\" width=\"600\" height=\"500\" src=\"https:\/\/maqcenter.com\/wp-content\/uploads\/2021\/02\/automatizacion.jpg\" class=\"attachment-medium_large size-medium_large\" alt=\"Cellro asistiendo a Multus de Okuma\" \/>\t<\/a>\n\t<div class=\"jet-woo-category-img-overlay\"><\/div>\n\t<div class=\"jet-woo-category-img-overlay__hover\"><\/div>\n<\/div>\n<div class=\"jet-woo-categories-content\">\n\t<div class=\"jet-woo-categories-title__wrap\">\n\t\t<h2 class=\"jet-woo-category-title\" ><a href=\"https:\/\/maqcenter.com\/pt-pt\/productos\/automatizacao\/\" class=\"jet-woo-category-title__link\" >Automatiza\u00e7\u00e3o<\/a><\/h2>\t<\/div>\n\n\t<\/div>\t<\/div>\n\n\t<\/div>\n<div class=\"jet-woo-categories__item \">\n\t<div class=\"jet-woo-categories__inner-box\"  >\n\t\t\n<div class=\"jet-woo-category-thumbnail\">\n\t<a href=\"https:\/\/maqcenter.com\/pt-pt\/productos\/cabecas-angulares\/\"  rel=\"bookmark\">\n\t\t<img decoding=\"async\" width=\"600\" height=\"500\" src=\"https:\/\/maqcenter.com\/wp-content\/uploads\/2021\/02\/cabezales-angulares.jpg\" class=\"attachment-medium_large size-medium_large\" alt=\"Cabezales angulares\" \/>\t<\/a>\n\t<div class=\"jet-woo-category-img-overlay\"><\/div>\n\t<div class=\"jet-woo-category-img-overlay__hover\"><\/div>\n<\/div>\n<div class=\"jet-woo-categories-content\">\n\t<div class=\"jet-woo-categories-title__wrap\">\n\t\t<h2 class=\"jet-woo-category-title\" ><a href=\"https:\/\/maqcenter.com\/pt-pt\/productos\/cabecas-angulares\/\" class=\"jet-woo-category-title__link\" >Cabe\u00e7as angulares<\/a><\/h2>\t<\/div>\n\n\t<\/div>\t<\/div>\n\n\t<\/div>\n<div class=\"jet-woo-categories__item \">\n\t<div class=\"jet-woo-categories__inner-box\"  >\n\t\t\n<div class=\"jet-woo-category-thumbnail\">\n\t<a href=\"https:\/\/maqcenter.com\/pt-pt\/productos\/centros-de-maquinacao\/\"  rel=\"bookmark\">\n\t\t<img decoding=\"async\" width=\"600\" height=\"500\" src=\"https:\/\/maqcenter.com\/wp-content\/uploads\/2021\/02\/centro-mecanizado.jpg\" class=\"attachment-medium_large size-medium_large\" alt=\"Centros de mecanizado\" \/>\t<\/a>\n\t<div class=\"jet-woo-category-img-overlay\"><\/div>\n\t<div class=\"jet-woo-category-img-overlay__hover\"><\/div>\n<\/div>\n<div class=\"jet-woo-categories-content\">\n\t<div class=\"jet-woo-categories-title__wrap\">\n\t\t<h2 class=\"jet-woo-category-title\" ><a href=\"https:\/\/maqcenter.com\/pt-pt\/productos\/centros-de-maquinacao\/\" class=\"jet-woo-category-title__link\" >Centros de maquina\u00e7\u00e3o<\/a><\/h2>\t<\/div>\n\n\t<\/div>\t<\/div>\n\n\t<\/div>\n<div class=\"jet-woo-categories__item \">\n\t<div class=\"jet-woo-categories__inner-box\"  >\n\t\t\n<div class=\"jet-woo-category-thumbnail\">\n\t<a href=\"https:\/\/maqcenter.com\/pt-pt\/productos\/dispositivos-de-aperto\/\"  rel=\"bookmark\">\n\t\t<img loading=\"lazy\" decoding=\"async\" width=\"600\" height=\"500\" src=\"https:\/\/maqcenter.com\/wp-content\/uploads\/2021\/02\/sistemas-agarre.jpg\" class=\"attachment-medium_large size-medium_large\" alt=\"Sistemas de agarre\" \/>\t<\/a>\n\t<div class=\"jet-woo-category-img-overlay\"><\/div>\n\t<div class=\"jet-woo-category-img-overlay__hover\"><\/div>\n<\/div>\n<div class=\"jet-woo-categories-content\">\n\t<div class=\"jet-woo-categories-title__wrap\">\n\t\t<h2 class=\"jet-woo-category-title\" ><a href=\"https:\/\/maqcenter.com\/pt-pt\/productos\/dispositivos-de-aperto\/\" class=\"jet-woo-category-title__link\" >Dispositivos de aperto<\/a><\/h2>\t<\/div>\n\n\t<\/div>\t<\/div>\n\n\t<\/div>\n<div class=\"jet-woo-categories__item \">\n\t<div class=\"jet-woo-categories__inner-box\"  >\n\t\t\n<div class=\"jet-woo-category-thumbnail\">\n\t<a href=\"https:\/\/maqcenter.com\/pt-pt\/productos\/fabrico-aditivo\/\"  rel=\"bookmark\">\n\t\t<img loading=\"lazy\" decoding=\"async\" width=\"600\" height=\"500\" src=\"https:\/\/maqcenter.com\/wp-content\/uploads\/2021\/02\/fabricacion-aditiva.jpg\" class=\"attachment-medium_large size-medium_large\" alt=\"Fabricaci\u00f3n aditiva\" \/>\t<\/a>\n\t<div class=\"jet-woo-category-img-overlay\"><\/div>\n\t<div class=\"jet-woo-category-img-overlay__hover\"><\/div>\n<\/div>\n<div class=\"jet-woo-categories-content\">\n\t<div class=\"jet-woo-categories-title__wrap\">\n\t\t<h2 class=\"jet-woo-category-title\" ><a href=\"https:\/\/maqcenter.com\/pt-pt\/productos\/fabrico-aditivo\/\" class=\"jet-woo-category-title__link\" >Fabrico aditivo<\/a><\/h2>\t<\/div>\n\n\t<\/div>\t<\/div>\n\n\t<\/div>\n<div class=\"jet-woo-categories__item \">\n\t<div class=\"jet-woo-categories__inner-box\"  >\n\t\t\n<div class=\"jet-woo-category-thumbnail\">\n\t<a href=\"https:\/\/maqcenter.com\/pt-pt\/productos\/ferramentas-de-corte\/\"  rel=\"bookmark\">\n\t\t<img loading=\"lazy\" decoding=\"async\" width=\"600\" height=\"500\" src=\"https:\/\/maqcenter.com\/wp-content\/uploads\/2021\/02\/herramientas-corte.jpg\" class=\"attachment-medium_large size-medium_large\" alt=\"Herramientas de corte\" \/>\t<\/a>\n\t<div class=\"jet-woo-category-img-overlay\"><\/div>\n\t<div class=\"jet-woo-category-img-overlay__hover\"><\/div>\n<\/div>\n<div class=\"jet-woo-categories-content\">\n\t<div class=\"jet-woo-categories-title__wrap\">\n\t\t<h2 class=\"jet-woo-category-title\" ><a href=\"https:\/\/maqcenter.com\/pt-pt\/productos\/ferramentas-de-corte\/\" class=\"jet-woo-category-title__link\" >Ferramentas de corte<\/a><\/h2>\t<\/div>\n\n\t<\/div>\t<\/div>\n\n\t<\/div>\n<div class=\"jet-woo-categories__item \">\n\t<div class=\"jet-woo-categories__inner-box\"  >\n\t\t\n<div class=\"jet-woo-category-thumbnail\">\n\t<a href=\"https:\/\/maqcenter.com\/pt-pt\/productos\/lubrificantes\/\"  rel=\"bookmark\">\n\t\t<img loading=\"lazy\" decoding=\"async\" width=\"600\" height=\"500\" src=\"https:\/\/maqcenter.com\/wp-content\/uploads\/2021\/02\/fluidos-industriales.jpg\" class=\"attachment-medium_large size-medium_large\" alt=\"Fluidos industriales\" \/>\t<\/a>\n\t<div class=\"jet-woo-category-img-overlay\"><\/div>\n\t<div class=\"jet-woo-category-img-overlay__hover\"><\/div>\n<\/div>\n<div class=\"jet-woo-categories-content\">\n\t<div class=\"jet-woo-categories-title__wrap\">\n\t\t<h2 class=\"jet-woo-category-title\" ><a href=\"https:\/\/maqcenter.com\/pt-pt\/productos\/lubrificantes\/\" class=\"jet-woo-category-title__link\" >Lubrificantes<\/a><\/h2>\t<\/div>\n\n\t<\/div>\t<\/div>\n\n\t<\/div>\n<div class=\"jet-woo-categories__item \">\n\t<div class=\"jet-woo-categories__inner-box\"  >\n\t\t\n<div class=\"jet-woo-category-thumbnail\">\n\t<a href=\"https:\/\/maqcenter.com\/pt-pt\/productos\/multifuso-pt-pt\/\"  rel=\"bookmark\">\n\t\t<img loading=\"lazy\" decoding=\"async\" width=\"600\" height=\"500\" src=\"https:\/\/maqcenter.com\/wp-content\/uploads\/2022\/01\/modig-mecanizado-metal-duro.jpg\" class=\"attachment-medium_large size-medium_large\" alt=\"Mecanizado de metal duro Modig\" \/>\t<\/a>\n\t<div class=\"jet-woo-category-img-overlay\"><\/div>\n\t<div class=\"jet-woo-category-img-overlay__hover\"><\/div>\n<\/div>\n<div class=\"jet-woo-categories-content\">\n\t<div class=\"jet-woo-categories-title__wrap\">\n\t\t<h2 class=\"jet-woo-category-title\" ><a href=\"https:\/\/maqcenter.com\/pt-pt\/productos\/multifuso-pt-pt\/\" class=\"jet-woo-category-title__link\" >Multifuso<\/a><\/h2>\t<\/div>\n\n\t<\/div>\t<\/div>\n\n\t<\/div>\n<div class=\"jet-woo-categories__item \">\n\t<div class=\"jet-woo-categories__inner-box\"  >\n\t\t\n<div class=\"jet-woo-category-thumbnail\">\n\t<a href=\"https:\/\/maqcenter.com\/pt-pt\/productos\/retificadoras\/\"  rel=\"bookmark\">\n\t\t<img loading=\"lazy\" decoding=\"async\" width=\"600\" height=\"500\" src=\"https:\/\/maqcenter.com\/wp-content\/uploads\/2021\/02\/rectificadoras.jpg\" class=\"attachment-medium_large size-medium_large\" alt=\"Rectificadoras\" \/>\t<\/a>\n\t<div class=\"jet-woo-category-img-overlay\"><\/div>\n\t<div class=\"jet-woo-category-img-overlay__hover\"><\/div>\n<\/div>\n<div class=\"jet-woo-categories-content\">\n\t<div class=\"jet-woo-categories-title__wrap\">\n\t\t<h2 class=\"jet-woo-category-title\" ><a href=\"https:\/\/maqcenter.com\/pt-pt\/productos\/retificadoras\/\" class=\"jet-woo-category-title__link\" >Retificadoras<\/a><\/h2>\t<\/div>\n\n\t<\/div>\t<\/div>\n\n\t<\/div>\n<div class=\"jet-woo-categories__item \">\n\t<div class=\"jet-woo-categories__inner-box\"  >\n\t\t\n<div class=\"jet-woo-category-thumbnail\">\n\t<a href=\"https:\/\/maqcenter.com\/pt-pt\/productos\/serras\/\"  rel=\"bookmark\">\n\t\t<img loading=\"lazy\" decoding=\"async\" width=\"600\" height=\"500\" src=\"https:\/\/maqcenter.com\/wp-content\/uploads\/2021\/02\/sierras.jpg\" class=\"attachment-medium_large size-medium_large\" alt=\"Sierras\" \/>\t<\/a>\n\t<div class=\"jet-woo-category-img-overlay\"><\/div>\n\t<div class=\"jet-woo-category-img-overlay__hover\"><\/div>\n<\/div>\n<div class=\"jet-woo-categories-content\">\n\t<div class=\"jet-woo-categories-title__wrap\">\n\t\t<h2 class=\"jet-woo-category-title\" ><a href=\"https:\/\/maqcenter.com\/pt-pt\/productos\/serras\/\" class=\"jet-woo-category-title__link\" >Serras<\/a><\/h2>\t<\/div>\n\n\t<\/div>\t<\/div>\n\n\t<\/div>\n<div class=\"jet-woo-categories__item \">\n\t<div class=\"jet-woo-categories__inner-box\"  >\n\t\t\n<div class=\"jet-woo-category-thumbnail\">\n\t<a href=\"https:\/\/maqcenter.com\/pt-pt\/productos\/software-pt-pt\/\"  rel=\"bookmark\">\n\t\t<img loading=\"lazy\" decoding=\"async\" width=\"600\" height=\"500\" src=\"https:\/\/maqcenter.com\/wp-content\/uploads\/2021\/02\/software.jpg\" class=\"attachment-medium_large size-medium_large\" alt=\"Software\" \/>\t<\/a>\n\t<div class=\"jet-woo-category-img-overlay\"><\/div>\n\t<div class=\"jet-woo-category-img-overlay__hover\"><\/div>\n<\/div>\n<div class=\"jet-woo-categories-content\">\n\t<div class=\"jet-woo-categories-title__wrap\">\n\t\t<h2 class=\"jet-woo-category-title\" ><a href=\"https:\/\/maqcenter.com\/pt-pt\/productos\/software-pt-pt\/\" class=\"jet-woo-category-title__link\" >Software<\/a><\/h2>\t<\/div>\n\n\t<\/div>\t<\/div>\n\n\t<\/div>\n<div class=\"jet-woo-categories__item \">\n\t<div class=\"jet-woo-categories__inner-box\"  >\n\t\t\n<div class=\"jet-woo-category-thumbnail\">\n\t<a href=\"https:\/\/maqcenter.com\/pt-pt\/productos\/tornos-pt-pt\/\"  rel=\"bookmark\">\n\t\t<img loading=\"lazy\" decoding=\"async\" width=\"600\" height=\"500\" src=\"https:\/\/maqcenter.com\/wp-content\/uploads\/2021\/02\/tornos.jpg\" class=\"attachment-medium_large size-medium_large\" alt=\"Tornos\" \/>\t<\/a>\n\t<div class=\"jet-woo-category-img-overlay\"><\/div>\n\t<div class=\"jet-woo-category-img-overlay__hover\"><\/div>\n<\/div>\n<div class=\"jet-woo-categories-content\">\n\t<div class=\"jet-woo-categories-title__wrap\">\n\t\t<h2 class=\"jet-woo-category-title\" ><a href=\"https:\/\/maqcenter.com\/pt-pt\/productos\/tornos-pt-pt\/\" class=\"jet-woo-category-title__link\" >Tornos<\/a><\/h2>\t<\/div>\n\n\t<\/div>\t<\/div>\n\n\t<\/div><\/div>\n<\/div>\t\t\t\t<\/div>\n\t\t\t\t<\/div>\n\t\t\t\t\t<\/div>\n\t\t<\/div>\n\t\t\t\t\t<\/div>\n\t\t<\/section>\n\t\t\t\t<\/div>\n\t\t","protected":false},"excerpt":{"rendered":"<p>Selecione o seu processo de fabrico Tecnologia inteligente que chega ao mercado atrav\u00e9s das nossas prestigiadas marcas em torneamento, fresagem, rectifica\u00e7\u00e3o, fabrico aditivo, automatiza\u00e7\u00e3o, dispositivos de aperto, ferramentas, lubrificantes e Ind\u00fastria 4.0. Tornos Centros de mecanizado Rectificadoras Sierras Multihusillo Cabezales angulares Herramientas de corte Lubricantes Fabricaci\u00f3n aditiva Automatizaci\u00f3n Software Sistemas de amarre<\/p>\n","protected":false},"author":1,"featured_media":0,"parent":0,"menu_order":0,"comment_status":"closed","ping_status":"closed","template":"","meta":{"footnotes":""},"class_list":["post-20811","page","type-page","status-publish","hentry"],"yoast_head":"<!-- This site is optimized with the Yoast SEO plugin v27.0 - https:\/\/yoast.com\/product\/yoast-seo-wordpress\/ -->\n<title>Produtos<\/title>\n<meta name=\"description\" content=\"Produtos. Selecione o seu processo de fabrico Tecnologia inteligente que chega ao mercado atrav\u00e9s das nossas prestigiadas marcas em torneamento, fresagem,\" \/>\n<meta name=\"robots\" content=\"index, follow, max-snippet:-1, max-image-preview:large, max-video-preview:-1\" \/>\n<link rel=\"canonical\" href=\"https:\/\/maqcenter.com\/pt-pt\/produtos\/\" \/>\n<meta property=\"og:locale\" content=\"pt_PT\" \/>\n<meta property=\"og:type\" content=\"article\" \/>\n<meta property=\"og:title\" content=\"Produtos\" \/>\n<meta property=\"og:description\" content=\"Produtos. Selecione o seu processo de fabrico Tecnologia inteligente que chega ao mercado atrav\u00e9s das nossas prestigiadas marcas em torneamento, fresagem,\" \/>\n<meta property=\"og:url\" content=\"https:\/\/maqcenter.com\/pt-pt\/produtos\/\" \/>\n<meta property=\"og:site_name\" content=\"MAQcenter\" \/>\n<meta property=\"article:modified_time\" content=\"2025-06-11T14:09:07+00:00\" \/>\n<meta property=\"og:image\" content=\"https:\/\/maqcenter.com\/wp-content\/uploads\/2021\/02\/tornos.jpg\" \/>\n<meta name=\"twitter:card\" content=\"summary_large_image\" \/>\n<script type=\"application\/ld+json\" class=\"yoast-schema-graph\">{\"@context\":\"https:\/\/schema.org\",\"@graph\":[{\"@type\":\"WebPage\",\"@id\":\"https:\/\/maqcenter.com\/pt-pt\/produtos\/\",\"url\":\"https:\/\/maqcenter.com\/pt-pt\/produtos\/\",\"name\":\"Produtos\",\"isPartOf\":{\"@id\":\"https:\/\/maqcenter.com\/pt-pt\/#website\"},\"primaryImageOfPage\":{\"@id\":\"https:\/\/maqcenter.com\/pt-pt\/produtos\/#primaryimage\"},\"image\":{\"@id\":\"https:\/\/maqcenter.com\/pt-pt\/produtos\/#primaryimage\"},\"thumbnailUrl\":\"https:\/\/maqcenter.com\/wp-content\/uploads\/2021\/02\/tornos.jpg\",\"datePublished\":\"2020-10-27T08:16:42+00:00\",\"dateModified\":\"2025-06-11T14:09:07+00:00\",\"description\":\"Produtos. Selecione o seu processo de fabrico Tecnologia inteligente que chega ao mercado atrav\u00e9s das nossas prestigiadas marcas em torneamento, fresagem,\",\"breadcrumb\":{\"@id\":\"https:\/\/maqcenter.com\/pt-pt\/produtos\/#breadcrumb\"},\"inLanguage\":\"pt-PT\",\"potentialAction\":[{\"@type\":\"ReadAction\",\"target\":[\"https:\/\/maqcenter.com\/pt-pt\/produtos\/\"]}]},{\"@type\":\"ImageObject\",\"inLanguage\":\"pt-PT\",\"@id\":\"https:\/\/maqcenter.com\/pt-pt\/produtos\/#primaryimage\",\"url\":\"https:\/\/maqcenter.com\/wp-content\/uploads\/2021\/02\/tornos.jpg\",\"contentUrl\":\"https:\/\/maqcenter.com\/wp-content\/uploads\/2021\/02\/tornos.jpg\"},{\"@type\":\"BreadcrumbList\",\"@id\":\"https:\/\/maqcenter.com\/pt-pt\/produtos\/#breadcrumb\",\"itemListElement\":[{\"@type\":\"ListItem\",\"position\":1,\"name\":\"Productos\",\"item\":\"https:\/\/maqcenter.com\/pt-pt\/\"},{\"@type\":\"ListItem\",\"position\":2,\"name\":\"Produtos\"}]},{\"@type\":\"WebSite\",\"@id\":\"https:\/\/maqcenter.com\/pt-pt\/#website\",\"url\":\"https:\/\/maqcenter.com\/pt-pt\/\",\"name\":\"MAQcenter\",\"description\":\"El centro de tus soluciones\",\"publisher\":{\"@id\":\"https:\/\/maqcenter.com\/pt-pt\/#organization\"},\"potentialAction\":[{\"@type\":\"SearchAction\",\"target\":{\"@type\":\"EntryPoint\",\"urlTemplate\":\"https:\/\/maqcenter.com\/pt-pt\/?s={search_term_string}\"},\"query-input\":{\"@type\":\"PropertyValueSpecification\",\"valueRequired\":true,\"valueName\":\"search_term_string\"}}],\"inLanguage\":\"pt-PT\"},{\"@type\":\"Organization\",\"@id\":\"https:\/\/maqcenter.com\/pt-pt\/#organization\",\"name\":\"MAQcenter S.A.\",\"url\":\"https:\/\/maqcenter.com\/pt-pt\/\",\"logo\":{\"@type\":\"ImageObject\",\"inLanguage\":\"pt-PT\",\"@id\":\"https:\/\/maqcenter.com\/pt-pt\/#\/schema\/logo\/image\/\",\"url\":\"https:\/\/maqcenter.com\/wp-content\/uploads\/2021\/02\/MAQcenter_logo_vertical.svg\",\"contentUrl\":\"https:\/\/maqcenter.com\/wp-content\/uploads\/2021\/02\/MAQcenter_logo_vertical.svg\",\"width\":300,\"height\":174,\"caption\":\"MAQcenter S.A.\"},\"image\":{\"@id\":\"https:\/\/maqcenter.com\/pt-pt\/#\/schema\/logo\/image\/\"}}]}<\/script>\n<!-- \/ Yoast SEO plugin. -->","yoast_head_json":{"title":"Produtos","description":"Produtos. Selecione o seu processo de fabrico Tecnologia inteligente que chega ao mercado atrav\u00e9s das nossas prestigiadas marcas em torneamento, fresagem,","robots":{"index":"index","follow":"follow","max-snippet":"max-snippet:-1","max-image-preview":"max-image-preview:large","max-video-preview":"max-video-preview:-1"},"canonical":"https:\/\/maqcenter.com\/pt-pt\/produtos\/","og_locale":"pt_PT","og_type":"article","og_title":"Produtos","og_description":"Produtos. Selecione o seu processo de fabrico Tecnologia inteligente que chega ao mercado atrav\u00e9s das nossas prestigiadas marcas em torneamento, fresagem,","og_url":"https:\/\/maqcenter.com\/pt-pt\/produtos\/","og_site_name":"MAQcenter","article_modified_time":"2025-06-11T14:09:07+00:00","og_image":[{"url":"https:\/\/maqcenter.com\/wp-content\/uploads\/2021\/02\/tornos.jpg","type":"","width":"","height":""}],"twitter_card":"summary_large_image","schema":{"@context":"https:\/\/schema.org","@graph":[{"@type":"WebPage","@id":"https:\/\/maqcenter.com\/pt-pt\/produtos\/","url":"https:\/\/maqcenter.com\/pt-pt\/produtos\/","name":"Produtos","isPartOf":{"@id":"https:\/\/maqcenter.com\/pt-pt\/#website"},"primaryImageOfPage":{"@id":"https:\/\/maqcenter.com\/pt-pt\/produtos\/#primaryimage"},"image":{"@id":"https:\/\/maqcenter.com\/pt-pt\/produtos\/#primaryimage"},"thumbnailUrl":"https:\/\/maqcenter.com\/wp-content\/uploads\/2021\/02\/tornos.jpg","datePublished":"2020-10-27T08:16:42+00:00","dateModified":"2025-06-11T14:09:07+00:00","description":"Produtos. Selecione o seu processo de fabrico Tecnologia inteligente que chega ao mercado atrav\u00e9s das nossas prestigiadas marcas em torneamento, fresagem,","breadcrumb":{"@id":"https:\/\/maqcenter.com\/pt-pt\/produtos\/#breadcrumb"},"inLanguage":"pt-PT","potentialAction":[{"@type":"ReadAction","target":["https:\/\/maqcenter.com\/pt-pt\/produtos\/"]}]},{"@type":"ImageObject","inLanguage":"pt-PT","@id":"https:\/\/maqcenter.com\/pt-pt\/produtos\/#primaryimage","url":"https:\/\/maqcenter.com\/wp-content\/uploads\/2021\/02\/tornos.jpg","contentUrl":"https:\/\/maqcenter.com\/wp-content\/uploads\/2021\/02\/tornos.jpg"},{"@type":"BreadcrumbList","@id":"https:\/\/maqcenter.com\/pt-pt\/produtos\/#breadcrumb","itemListElement":[{"@type":"ListItem","position":1,"name":"Productos","item":"https:\/\/maqcenter.com\/pt-pt\/"},{"@type":"ListItem","position":2,"name":"Produtos"}]},{"@type":"WebSite","@id":"https:\/\/maqcenter.com\/pt-pt\/#website","url":"https:\/\/maqcenter.com\/pt-pt\/","name":"MAQcenter","description":"El centro de tus soluciones","publisher":{"@id":"https:\/\/maqcenter.com\/pt-pt\/#organization"},"potentialAction":[{"@type":"SearchAction","target":{"@type":"EntryPoint","urlTemplate":"https:\/\/maqcenter.com\/pt-pt\/?s={search_term_string}"},"query-input":{"@type":"PropertyValueSpecification","valueRequired":true,"valueName":"search_term_string"}}],"inLanguage":"pt-PT"},{"@type":"Organization","@id":"https:\/\/maqcenter.com\/pt-pt\/#organization","name":"MAQcenter S.A.","url":"https:\/\/maqcenter.com\/pt-pt\/","logo":{"@type":"ImageObject","inLanguage":"pt-PT","@id":"https:\/\/maqcenter.com\/pt-pt\/#\/schema\/logo\/image\/","url":"https:\/\/maqcenter.com\/wp-content\/uploads\/2021\/02\/MAQcenter_logo_vertical.svg","contentUrl":"https:\/\/maqcenter.com\/wp-content\/uploads\/2021\/02\/MAQcenter_logo_vertical.svg","width":300,"height":174,"caption":"MAQcenter S.A."},"image":{"@id":"https:\/\/maqcenter.com\/pt-pt\/#\/schema\/logo\/image\/"}}]}},"_links":{"self":[{"href":"https:\/\/maqcenter.com\/pt-pt\/wp-json\/wp\/v2\/pages\/20811","targetHints":{"allow":["GET"]}}],"collection":[{"href":"https:\/\/maqcenter.com\/pt-pt\/wp-json\/wp\/v2\/pages"}],"about":[{"href":"https:\/\/maqcenter.com\/pt-pt\/wp-json\/wp\/v2\/types\/page"}],"author":[{"embeddable":true,"href":"https:\/\/maqcenter.com\/pt-pt\/wp-json\/wp\/v2\/users\/1"}],"replies":[{"embeddable":true,"href":"https:\/\/maqcenter.com\/pt-pt\/wp-json\/wp\/v2\/comments?post=20811"}],"version-history":[{"count":0,"href":"https:\/\/maqcenter.com\/pt-pt\/wp-json\/wp\/v2\/pages\/20811\/revisions"}],"wp:attachment":[{"href":"https:\/\/maqcenter.com\/pt-pt\/wp-json\/wp\/v2\/media?parent=20811"}],"curies":[{"name":"wp","href":"https:\/\/api.w.org\/{rel}","templated":true}]}}