{"id":20875,"date":"2023-12-20T16:04:15","date_gmt":"2023-12-20T14:04:15","guid":{"rendered":"https:\/\/maqcenter.com\/producto\/trim\/"},"modified":"2023-12-20T16:04:15","modified_gmt":"2023-12-20T14:04:15","slug":"trim","status":"publish","type":"product","link":"https:\/\/maqcenter.com\/pt-pt\/producto\/trim\/","title":{"rendered":"TRIM"},"content":{"rendered":"<p>A s\u00e9rie TRIM da Belotti destaca-se como l\u00edder em centros de usinagem de 5 eixos para o corte de pl\u00e1sticos e comp\u00f3sitos. Robusta, precisa e fi\u00e1vel, esta linha garante velocidade e qualidade de trabalho. <\/p>\n<p>Carater\u00edsticas principais:<\/p>\n<ul>\n<li>Robustez e precis\u00e3o: Robustez excecional e precis\u00e3o milim\u00e9trica.<\/li>\n<li>Velocidade optimizada: produtividade m\u00e1xima sem comprometer a qualidade.<\/li>\n<li>F\u00e1cil acesso: Efici\u00eancia com f\u00e1cil acesso \u00e0 \u00e1rea de trabalho.<\/li>\n<li>Configura\u00e7\u00f5es vers\u00e1teis: Cabe\u00e7as adapt\u00e1veis a v\u00e1rias necessidades.<\/li>\n<li>Carregamento\/descarregamento personaliz\u00e1vel: Flexibilidade com op\u00e7\u00f5es de mesa girat\u00f3ria ou de vaiv\u00e9m duplo.<\/li>\n<\/ul>\n<p>Os centros TRIM da Belotti s\u00e3o a escolha perfeita para a produ\u00e7\u00e3o eficiente de grandes volumes de componentes pl\u00e1sticos e comp\u00f3sitos, oferecendo um equil\u00edbrio entre velocidade e precis\u00e3o para um desempenho \u00f3timo. Com a Belotti TRIM, cada pe\u00e7a beneficia de uma qualidade e produtividade excepcionais. <\/p>\n","protected":false},"excerpt":{"rendered":"<p>A s\u00e9rie TRIM da Belotti destaca-se como l\u00edder em centros de usinagem de 5 eixos para o corte de pl\u00e1sticos e comp\u00f3sitos. Robusta, precisa e fi\u00e1vel, esta linha garante velocidade e qualidade de trabalho. Carater\u00edsticas principais: Robustez e precis\u00e3o: Robustez excecional e precis\u00e3o milim\u00e9trica. Velocidade optimizada: produtividade m\u00e1xima sem comprometer a qualidade. F\u00e1cil acesso: Efici\u00eancia [&hellip;]<\/p>\n","protected":false},"featured_media":20876,"template":"","meta":[],"product_brand":[],"product_cat":[504,514,517],"product_tag":[568,569,570,573,574,576],"marca-producto":[429],"serie-producto":[],"class_list":{"0":"post-20875","1":"product","2":"type-product","3":"status-publish","4":"has-post-thumbnail","6":"product_cat-centros-de-maquinacao","7":"product_cat-corte-por-agua-pt-pt","8":"product_cat-gantry-5-eixos","9":"product_tag-aeronautica-pt-pt","10":"product_tag-automovel","11":"product_tag-bens-de-equipamento","12":"product_tag-grande-consumo","13":"product_tag-maritimo-pt-pt","14":"product_tag-medico-e-dentario","15":"marca-producto-belotti","17":"first","18":"instock","19":"product-type-simple"},"yoast_head":"<!-- This site is optimized with the Yoast SEO plugin v27.0 - https:\/\/yoast.com\/product\/yoast-seo-wordpress\/ -->\n<title>TRIM<\/title>\n<meta name=\"description\" content=\"TRIM. A s\u00e9rie TRIM da Belotti destaca-se como l\u00edder em centros de usinagem de 5 eixos para o corte de pl\u00e1sticos e comp\u00f3sitos. Robusta, precisa e fi\u00e1vel, esta\" \/>\n<meta name=\"robots\" content=\"index, follow, max-snippet:-1, max-image-preview:large, max-video-preview:-1\" \/>\n<link rel=\"canonical\" href=\"https:\/\/maqcenter.com\/pt-pt\/producto\/trim\/\" \/>\n<meta property=\"og:locale\" content=\"pt_PT\" \/>\n<meta property=\"og:type\" content=\"article\" \/>\n<meta property=\"og:title\" content=\"TRIM\" \/>\n<meta property=\"og:description\" content=\"TRIM. A s\u00e9rie TRIM da Belotti destaca-se como l\u00edder em centros de usinagem de 5 eixos para o corte de pl\u00e1sticos e comp\u00f3sitos. Robusta, precisa e fi\u00e1vel, esta\" \/>\n<meta property=\"og:url\" content=\"https:\/\/maqcenter.com\/pt-pt\/producto\/trim\/\" \/>\n<meta property=\"og:site_name\" content=\"MAQcenter\" \/>\n<meta property=\"og:image\" content=\"https:\/\/maqcenter.com\/wp-content\/uploads\/2023\/12\/BELOTTI-TRIM.jpg\" \/>\n\t<meta property=\"og:image:width\" content=\"500\" \/>\n\t<meta property=\"og:image:height\" content=\"500\" \/>\n\t<meta property=\"og:image:type\" content=\"image\/jpeg\" \/>\n<meta name=\"twitter:card\" content=\"summary_large_image\" \/>\n<meta name=\"twitter:label1\" content=\"Tempo estimado de leitura\" \/>\n\t<meta name=\"twitter:data1\" content=\"1 minuto\" \/>\n<script type=\"application\/ld+json\" class=\"yoast-schema-graph\">{\"@context\":\"https:\/\/schema.org\",\"@graph\":[{\"@type\":[\"WebPage\",\"ItemPage\"],\"@id\":\"https:\/\/maqcenter.com\/pt-pt\/producto\/trim\/\",\"url\":\"https:\/\/maqcenter.com\/pt-pt\/producto\/trim\/\",\"name\":\"TRIM\",\"isPartOf\":{\"@id\":\"https:\/\/maqcenter.com\/pt-pt\/#website\"},\"primaryImageOfPage\":{\"@id\":\"https:\/\/maqcenter.com\/pt-pt\/producto\/trim\/#primaryimage\"},\"image\":{\"@id\":\"https:\/\/maqcenter.com\/pt-pt\/producto\/trim\/#primaryimage\"},\"thumbnailUrl\":\"https:\/\/maqcenter.com\/wp-content\/uploads\/2023\/12\/BELOTTI-TRIM.jpg\",\"datePublished\":\"2023-12-20T14:04:15+00:00\",\"description\":\"TRIM. A s\u00e9rie TRIM da Belotti destaca-se como l\u00edder em centros de usinagem de 5 eixos para o corte de pl\u00e1sticos e comp\u00f3sitos. Robusta, precisa e fi\u00e1vel, esta\",\"breadcrumb\":{\"@id\":\"https:\/\/maqcenter.com\/pt-pt\/producto\/trim\/#breadcrumb\"},\"inLanguage\":\"pt-PT\",\"potentialAction\":[{\"@type\":\"ReadAction\",\"target\":[\"https:\/\/maqcenter.com\/pt-pt\/producto\/trim\/\"]}]},{\"@type\":\"ImageObject\",\"inLanguage\":\"pt-PT\",\"@id\":\"https:\/\/maqcenter.com\/pt-pt\/producto\/trim\/#primaryimage\",\"url\":\"https:\/\/maqcenter.com\/wp-content\/uploads\/2023\/12\/BELOTTI-TRIM.jpg\",\"contentUrl\":\"https:\/\/maqcenter.com\/wp-content\/uploads\/2023\/12\/BELOTTI-TRIM.jpg\",\"width\":500,\"height\":500},{\"@type\":\"BreadcrumbList\",\"@id\":\"https:\/\/maqcenter.com\/pt-pt\/producto\/trim\/#breadcrumb\",\"itemListElement\":[{\"@type\":\"ListItem\",\"position\":1,\"name\":\"Productos\",\"item\":\"https:\/\/maqcenter.com\/pt-pt\/\"},{\"@type\":\"ListItem\",\"position\":2,\"name\":\"Produtos\",\"item\":\"https:\/\/maqcenter.com\/pt-pt\/shop\/\"},{\"@type\":\"ListItem\",\"position\":3,\"name\":\"TRIM\"}]},{\"@type\":\"WebSite\",\"@id\":\"https:\/\/maqcenter.com\/pt-pt\/#website\",\"url\":\"https:\/\/maqcenter.com\/pt-pt\/\",\"name\":\"MAQcenter\",\"description\":\"El centro de tus soluciones\",\"publisher\":{\"@id\":\"https:\/\/maqcenter.com\/pt-pt\/#organization\"},\"potentialAction\":[{\"@type\":\"SearchAction\",\"target\":{\"@type\":\"EntryPoint\",\"urlTemplate\":\"https:\/\/maqcenter.com\/pt-pt\/?s={search_term_string}\"},\"query-input\":{\"@type\":\"PropertyValueSpecification\",\"valueRequired\":true,\"valueName\":\"search_term_string\"}}],\"inLanguage\":\"pt-PT\"},{\"@type\":\"Organization\",\"@id\":\"https:\/\/maqcenter.com\/pt-pt\/#organization\",\"name\":\"MAQcenter S.A.\",\"url\":\"https:\/\/maqcenter.com\/pt-pt\/\",\"logo\":{\"@type\":\"ImageObject\",\"inLanguage\":\"pt-PT\",\"@id\":\"https:\/\/maqcenter.com\/pt-pt\/#\/schema\/logo\/image\/\",\"url\":\"https:\/\/maqcenter.com\/wp-content\/uploads\/2021\/02\/MAQcenter_logo_vertical.svg\",\"contentUrl\":\"https:\/\/maqcenter.com\/wp-content\/uploads\/2021\/02\/MAQcenter_logo_vertical.svg\",\"width\":300,\"height\":174,\"caption\":\"MAQcenter S.A.\"},\"image\":{\"@id\":\"https:\/\/maqcenter.com\/pt-pt\/#\/schema\/logo\/image\/\"}}]}<\/script>\n<!-- \/ Yoast SEO plugin. -->","yoast_head_json":{"title":"TRIM","description":"TRIM. A s\u00e9rie TRIM da Belotti destaca-se como l\u00edder em centros de usinagem de 5 eixos para o corte de pl\u00e1sticos e comp\u00f3sitos. Robusta, precisa e fi\u00e1vel, esta","robots":{"index":"index","follow":"follow","max-snippet":"max-snippet:-1","max-image-preview":"max-image-preview:large","max-video-preview":"max-video-preview:-1"},"canonical":"https:\/\/maqcenter.com\/pt-pt\/producto\/trim\/","og_locale":"pt_PT","og_type":"article","og_title":"TRIM","og_description":"TRIM. A s\u00e9rie TRIM da Belotti destaca-se como l\u00edder em centros de usinagem de 5 eixos para o corte de pl\u00e1sticos e comp\u00f3sitos. Robusta, precisa e fi\u00e1vel, esta","og_url":"https:\/\/maqcenter.com\/pt-pt\/producto\/trim\/","og_site_name":"MAQcenter","og_image":[{"width":500,"height":500,"url":"https:\/\/maqcenter.com\/wp-content\/uploads\/2023\/12\/BELOTTI-TRIM.jpg","type":"image\/jpeg"}],"twitter_card":"summary_large_image","twitter_misc":{"Tempo estimado de leitura":"1 minuto"},"schema":{"@context":"https:\/\/schema.org","@graph":[{"@type":["WebPage","ItemPage"],"@id":"https:\/\/maqcenter.com\/pt-pt\/producto\/trim\/","url":"https:\/\/maqcenter.com\/pt-pt\/producto\/trim\/","name":"TRIM","isPartOf":{"@id":"https:\/\/maqcenter.com\/pt-pt\/#website"},"primaryImageOfPage":{"@id":"https:\/\/maqcenter.com\/pt-pt\/producto\/trim\/#primaryimage"},"image":{"@id":"https:\/\/maqcenter.com\/pt-pt\/producto\/trim\/#primaryimage"},"thumbnailUrl":"https:\/\/maqcenter.com\/wp-content\/uploads\/2023\/12\/BELOTTI-TRIM.jpg","datePublished":"2023-12-20T14:04:15+00:00","description":"TRIM. A s\u00e9rie TRIM da Belotti destaca-se como l\u00edder em centros de usinagem de 5 eixos para o corte de pl\u00e1sticos e comp\u00f3sitos. Robusta, precisa e fi\u00e1vel, esta","breadcrumb":{"@id":"https:\/\/maqcenter.com\/pt-pt\/producto\/trim\/#breadcrumb"},"inLanguage":"pt-PT","potentialAction":[{"@type":"ReadAction","target":["https:\/\/maqcenter.com\/pt-pt\/producto\/trim\/"]}]},{"@type":"ImageObject","inLanguage":"pt-PT","@id":"https:\/\/maqcenter.com\/pt-pt\/producto\/trim\/#primaryimage","url":"https:\/\/maqcenter.com\/wp-content\/uploads\/2023\/12\/BELOTTI-TRIM.jpg","contentUrl":"https:\/\/maqcenter.com\/wp-content\/uploads\/2023\/12\/BELOTTI-TRIM.jpg","width":500,"height":500},{"@type":"BreadcrumbList","@id":"https:\/\/maqcenter.com\/pt-pt\/producto\/trim\/#breadcrumb","itemListElement":[{"@type":"ListItem","position":1,"name":"Productos","item":"https:\/\/maqcenter.com\/pt-pt\/"},{"@type":"ListItem","position":2,"name":"Produtos","item":"https:\/\/maqcenter.com\/pt-pt\/shop\/"},{"@type":"ListItem","position":3,"name":"TRIM"}]},{"@type":"WebSite","@id":"https:\/\/maqcenter.com\/pt-pt\/#website","url":"https:\/\/maqcenter.com\/pt-pt\/","name":"MAQcenter","description":"El centro de tus soluciones","publisher":{"@id":"https:\/\/maqcenter.com\/pt-pt\/#organization"},"potentialAction":[{"@type":"SearchAction","target":{"@type":"EntryPoint","urlTemplate":"https:\/\/maqcenter.com\/pt-pt\/?s={search_term_string}"},"query-input":{"@type":"PropertyValueSpecification","valueRequired":true,"valueName":"search_term_string"}}],"inLanguage":"pt-PT"},{"@type":"Organization","@id":"https:\/\/maqcenter.com\/pt-pt\/#organization","name":"MAQcenter S.A.","url":"https:\/\/maqcenter.com\/pt-pt\/","logo":{"@type":"ImageObject","inLanguage":"pt-PT","@id":"https:\/\/maqcenter.com\/pt-pt\/#\/schema\/logo\/image\/","url":"https:\/\/maqcenter.com\/wp-content\/uploads\/2021\/02\/MAQcenter_logo_vertical.svg","contentUrl":"https:\/\/maqcenter.com\/wp-content\/uploads\/2021\/02\/MAQcenter_logo_vertical.svg","width":300,"height":174,"caption":"MAQcenter S.A."},"image":{"@id":"https:\/\/maqcenter.com\/pt-pt\/#\/schema\/logo\/image\/"}}]}},"_links":{"self":[{"href":"https:\/\/maqcenter.com\/pt-pt\/wp-json\/wp\/v2\/product\/20875","targetHints":{"allow":["GET"]}}],"collection":[{"href":"https:\/\/maqcenter.com\/pt-pt\/wp-json\/wp\/v2\/product"}],"about":[{"href":"https:\/\/maqcenter.com\/pt-pt\/wp-json\/wp\/v2\/types\/product"}],"wp:featuredmedia":[{"embeddable":true,"href":"https:\/\/maqcenter.com\/pt-pt\/wp-json\/wp\/v2\/media\/20876"}],"wp:attachment":[{"href":"https:\/\/maqcenter.com\/pt-pt\/wp-json\/wp\/v2\/media?parent=20875"}],"wp:term":[{"taxonomy":"product_brand","embeddable":true,"href":"https:\/\/maqcenter.com\/pt-pt\/wp-json\/wp\/v2\/product_brand?post=20875"},{"taxonomy":"product_cat","embeddable":true,"href":"https:\/\/maqcenter.com\/pt-pt\/wp-json\/wp\/v2\/product_cat?post=20875"},{"taxonomy":"product_tag","embeddable":true,"href":"https:\/\/maqcenter.com\/pt-pt\/wp-json\/wp\/v2\/product_tag?post=20875"},{"taxonomy":"marca-producto","embeddable":true,"href":"https:\/\/maqcenter.com\/pt-pt\/wp-json\/wp\/v2\/marca-producto?post=20875"},{"taxonomy":"serie-producto","embeddable":true,"href":"https:\/\/maqcenter.com\/pt-pt\/wp-json\/wp\/v2\/serie-producto?post=20875"}],"curies":[{"name":"wp","href":"https:\/\/api.w.org\/{rel}","templated":true}]}}