{"id":20895,"date":"2021-04-25T19:21:09","date_gmt":"2021-04-25T17:21:09","guid":{"rendered":"https:\/\/maqcenter.com\/producto\/auto-attachment-head-compensation\/"},"modified":"2021-04-25T19:21:09","modified_gmt":"2021-04-25T17:21:09","slug":"auto-attachment-head-compensation","status":"publish","type":"product","link":"https:\/\/maqcenter.com\/pt-pt\/producto\/auto-attachment-head-compensation\/","title":{"rendered":"AUTO ATTACHMENT HEAD COMPENSATION"},"content":{"rendered":"<p>Compensa\u00e7\u00e3o de rota\u00e7\u00e3o simples para coluna dupla<\/p>\n<p>AUTO ATTACHMENT HEAD COMPENSATION (compensa\u00e7\u00e3o de cabe\u00e7a de accesorio) \u00e9 uma maneira f\u00e1cil de definir automaticamente os valores de compensa\u00e7\u00e3o de rota\u00e7\u00e3o da cabe\u00e7a. Os ajustes podem ser feitos em 20 minutos e n\u00e3o requerem nenhum conhecimento especial do operador. Comparando com os resultados de medi\u00e7\u00e3o anteriores, as altera\u00e7\u00f5es na geometria da m\u00e1quina podem ser facilmente detectadas. A verifica\u00e7\u00e3o regular garante uma precis\u00e3o constante ao trabalhar com os diferentes cabe\u00e7otes em diferentes posi\u00e7\u00f5es. A posi\u00e7\u00e3o da ponta da ferramenta varia dependendo da grande variedade de cabe\u00e7as. Os valores de compensa\u00e7\u00e3o mant\u00eam a ponta da ferramenta na mesma posi\u00e7\u00e3o,    <\/p>\n","protected":false},"excerpt":{"rendered":"<p>Compensa\u00e7\u00e3o de rota\u00e7\u00e3o simples para coluna dupla AUTO ATTACHMENT HEAD COMPENSATION (compensa\u00e7\u00e3o de cabe\u00e7a de accesorio) \u00e9 uma maneira f\u00e1cil de definir automaticamente os valores de compensa\u00e7\u00e3o de rota\u00e7\u00e3o da cabe\u00e7a. Os ajustes podem ser feitos em 20 minutos e n\u00e3o requerem nenhum conhecimento especial do operador. Comparando com os resultados de medi\u00e7\u00e3o anteriores, as [&hellip;]<\/p>\n","protected":false},"featured_media":20896,"template":"","meta":[],"product_brand":[],"product_cat":[562],"product_tag":[568,569,570,571,572,573,576,575],"marca-producto":[26],"serie-producto":[356],"class_list":{"0":"post-20895","1":"product","2":"type-product","3":"status-publish","4":"has-post-thumbnail","6":"product_cat-software-pt-pt","7":"product_tag-aeronautica-pt-pt","8":"product_tag-automovel","9":"product_tag-bens-de-equipamento","10":"product_tag-energia-pt-pt","11":"product_tag-ferrovia","12":"product_tag-grande-consumo","13":"product_tag-medico-e-dentario","14":"product_tag-moldes-e-matrizes","15":"marca-producto-okuma","16":"serie-producto-premium-solutions","18":"first","19":"instock","20":"product-type-simple"},"yoast_head":"<!-- This site is optimized with the Yoast SEO plugin v27.0 - https:\/\/yoast.com\/product\/yoast-seo-wordpress\/ -->\n<title>AUTO ATTACHMENT HEAD COMPENSATION<\/title>\n<meta name=\"description\" content=\"AUTO ATTACHMENT HEAD COMPENSATION. Compensa\u00e7\u00e3o de rota\u00e7\u00e3o simples para coluna dupla AUTO ATTACHMENT HEAD COMPENSATION (compensa\u00e7\u00e3o de cabe\u00e7a de accesorio) \u00e9 uma maneira f\u00e1cil de definir\" \/>\n<meta name=\"robots\" content=\"index, follow, max-snippet:-1, max-image-preview:large, max-video-preview:-1\" \/>\n<link rel=\"canonical\" href=\"https:\/\/maqcenter.com\/pt-pt\/producto\/auto-attachment-head-compensation\/\" \/>\n<meta property=\"og:locale\" content=\"pt_PT\" \/>\n<meta property=\"og:type\" content=\"article\" \/>\n<meta property=\"og:title\" content=\"AUTO ATTACHMENT HEAD COMPENSATION\" \/>\n<meta property=\"og:description\" content=\"AUTO ATTACHMENT HEAD COMPENSATION. Compensa\u00e7\u00e3o de rota\u00e7\u00e3o simples para coluna dupla AUTO ATTACHMENT HEAD COMPENSATION (compensa\u00e7\u00e3o de cabe\u00e7a de accesorio) \u00e9 uma maneira f\u00e1cil de definir\" \/>\n<meta property=\"og:url\" content=\"https:\/\/maqcenter.com\/pt-pt\/producto\/auto-attachment-head-compensation\/\" \/>\n<meta property=\"og:site_name\" content=\"MAQcenter\" \/>\n<meta property=\"og:image\" content=\"https:\/\/maqcenter.com\/wp-content\/uploads\/2021\/04\/Okuma-auto-attachment-head-compensation-software.jpg\" \/>\n\t<meta property=\"og:image:width\" content=\"500\" \/>\n\t<meta property=\"og:image:height\" content=\"500\" \/>\n\t<meta property=\"og:image:type\" content=\"image\/jpeg\" \/>\n<meta name=\"twitter:card\" content=\"summary_large_image\" \/>\n<meta name=\"twitter:label1\" content=\"Tempo estimado de leitura\" \/>\n\t<meta name=\"twitter:data1\" content=\"1 minuto\" \/>\n<script type=\"application\/ld+json\" class=\"yoast-schema-graph\">{\"@context\":\"https:\/\/schema.org\",\"@graph\":[{\"@type\":[\"WebPage\",\"ItemPage\"],\"@id\":\"https:\/\/maqcenter.com\/pt-pt\/producto\/auto-attachment-head-compensation\/\",\"url\":\"https:\/\/maqcenter.com\/pt-pt\/producto\/auto-attachment-head-compensation\/\",\"name\":\"AUTO ATTACHMENT HEAD COMPENSATION\",\"isPartOf\":{\"@id\":\"https:\/\/maqcenter.com\/pt-pt\/#website\"},\"primaryImageOfPage\":{\"@id\":\"https:\/\/maqcenter.com\/pt-pt\/producto\/auto-attachment-head-compensation\/#primaryimage\"},\"image\":{\"@id\":\"https:\/\/maqcenter.com\/pt-pt\/producto\/auto-attachment-head-compensation\/#primaryimage\"},\"thumbnailUrl\":\"https:\/\/maqcenter.com\/wp-content\/uploads\/2021\/04\/Okuma-auto-attachment-head-compensation-software.jpg\",\"datePublished\":\"2021-04-25T17:21:09+00:00\",\"description\":\"AUTO ATTACHMENT HEAD COMPENSATION. Compensa\u00e7\u00e3o de rota\u00e7\u00e3o simples para coluna dupla AUTO ATTACHMENT HEAD COMPENSATION (compensa\u00e7\u00e3o de cabe\u00e7a de accesorio) \u00e9 uma maneira f\u00e1cil de definir\",\"breadcrumb\":{\"@id\":\"https:\/\/maqcenter.com\/pt-pt\/producto\/auto-attachment-head-compensation\/#breadcrumb\"},\"inLanguage\":\"pt-PT\",\"potentialAction\":[{\"@type\":\"ReadAction\",\"target\":[\"https:\/\/maqcenter.com\/pt-pt\/producto\/auto-attachment-head-compensation\/\"]}]},{\"@type\":\"ImageObject\",\"inLanguage\":\"pt-PT\",\"@id\":\"https:\/\/maqcenter.com\/pt-pt\/producto\/auto-attachment-head-compensation\/#primaryimage\",\"url\":\"https:\/\/maqcenter.com\/wp-content\/uploads\/2021\/04\/Okuma-auto-attachment-head-compensation-software.jpg\",\"contentUrl\":\"https:\/\/maqcenter.com\/wp-content\/uploads\/2021\/04\/Okuma-auto-attachment-head-compensation-software.jpg\",\"width\":500,\"height\":500},{\"@type\":\"BreadcrumbList\",\"@id\":\"https:\/\/maqcenter.com\/pt-pt\/producto\/auto-attachment-head-compensation\/#breadcrumb\",\"itemListElement\":[{\"@type\":\"ListItem\",\"position\":1,\"name\":\"Productos\",\"item\":\"https:\/\/maqcenter.com\/pt-pt\/\"},{\"@type\":\"ListItem\",\"position\":2,\"name\":\"Produtos\",\"item\":\"https:\/\/maqcenter.com\/pt-pt\/shop\/\"},{\"@type\":\"ListItem\",\"position\":3,\"name\":\"AUTO ATTACHMENT HEAD COMPENSATION\"}]},{\"@type\":\"WebSite\",\"@id\":\"https:\/\/maqcenter.com\/pt-pt\/#website\",\"url\":\"https:\/\/maqcenter.com\/pt-pt\/\",\"name\":\"MAQcenter\",\"description\":\"El centro de tus soluciones\",\"publisher\":{\"@id\":\"https:\/\/maqcenter.com\/pt-pt\/#organization\"},\"potentialAction\":[{\"@type\":\"SearchAction\",\"target\":{\"@type\":\"EntryPoint\",\"urlTemplate\":\"https:\/\/maqcenter.com\/pt-pt\/?s={search_term_string}\"},\"query-input\":{\"@type\":\"PropertyValueSpecification\",\"valueRequired\":true,\"valueName\":\"search_term_string\"}}],\"inLanguage\":\"pt-PT\"},{\"@type\":\"Organization\",\"@id\":\"https:\/\/maqcenter.com\/pt-pt\/#organization\",\"name\":\"MAQcenter S.A.\",\"url\":\"https:\/\/maqcenter.com\/pt-pt\/\",\"logo\":{\"@type\":\"ImageObject\",\"inLanguage\":\"pt-PT\",\"@id\":\"https:\/\/maqcenter.com\/pt-pt\/#\/schema\/logo\/image\/\",\"url\":\"https:\/\/maqcenter.com\/wp-content\/uploads\/2021\/02\/MAQcenter_logo_vertical.svg\",\"contentUrl\":\"https:\/\/maqcenter.com\/wp-content\/uploads\/2021\/02\/MAQcenter_logo_vertical.svg\",\"width\":300,\"height\":174,\"caption\":\"MAQcenter S.A.\"},\"image\":{\"@id\":\"https:\/\/maqcenter.com\/pt-pt\/#\/schema\/logo\/image\/\"}}]}<\/script>\n<!-- \/ Yoast SEO plugin. -->","yoast_head_json":{"title":"AUTO ATTACHMENT HEAD COMPENSATION","description":"AUTO ATTACHMENT HEAD COMPENSATION. Compensa\u00e7\u00e3o de rota\u00e7\u00e3o simples para coluna dupla AUTO ATTACHMENT HEAD COMPENSATION (compensa\u00e7\u00e3o de cabe\u00e7a de accesorio) \u00e9 uma maneira f\u00e1cil de definir","robots":{"index":"index","follow":"follow","max-snippet":"max-snippet:-1","max-image-preview":"max-image-preview:large","max-video-preview":"max-video-preview:-1"},"canonical":"https:\/\/maqcenter.com\/pt-pt\/producto\/auto-attachment-head-compensation\/","og_locale":"pt_PT","og_type":"article","og_title":"AUTO ATTACHMENT HEAD COMPENSATION","og_description":"AUTO ATTACHMENT HEAD COMPENSATION. Compensa\u00e7\u00e3o de rota\u00e7\u00e3o simples para coluna dupla AUTO ATTACHMENT HEAD COMPENSATION (compensa\u00e7\u00e3o de cabe\u00e7a de accesorio) \u00e9 uma maneira f\u00e1cil de definir","og_url":"https:\/\/maqcenter.com\/pt-pt\/producto\/auto-attachment-head-compensation\/","og_site_name":"MAQcenter","og_image":[{"width":500,"height":500,"url":"https:\/\/maqcenter.com\/wp-content\/uploads\/2021\/04\/Okuma-auto-attachment-head-compensation-software.jpg","type":"image\/jpeg"}],"twitter_card":"summary_large_image","twitter_misc":{"Tempo estimado de leitura":"1 minuto"},"schema":{"@context":"https:\/\/schema.org","@graph":[{"@type":["WebPage","ItemPage"],"@id":"https:\/\/maqcenter.com\/pt-pt\/producto\/auto-attachment-head-compensation\/","url":"https:\/\/maqcenter.com\/pt-pt\/producto\/auto-attachment-head-compensation\/","name":"AUTO ATTACHMENT HEAD COMPENSATION","isPartOf":{"@id":"https:\/\/maqcenter.com\/pt-pt\/#website"},"primaryImageOfPage":{"@id":"https:\/\/maqcenter.com\/pt-pt\/producto\/auto-attachment-head-compensation\/#primaryimage"},"image":{"@id":"https:\/\/maqcenter.com\/pt-pt\/producto\/auto-attachment-head-compensation\/#primaryimage"},"thumbnailUrl":"https:\/\/maqcenter.com\/wp-content\/uploads\/2021\/04\/Okuma-auto-attachment-head-compensation-software.jpg","datePublished":"2021-04-25T17:21:09+00:00","description":"AUTO ATTACHMENT HEAD COMPENSATION. Compensa\u00e7\u00e3o de rota\u00e7\u00e3o simples para coluna dupla AUTO ATTACHMENT HEAD COMPENSATION (compensa\u00e7\u00e3o de cabe\u00e7a de accesorio) \u00e9 uma maneira f\u00e1cil de definir","breadcrumb":{"@id":"https:\/\/maqcenter.com\/pt-pt\/producto\/auto-attachment-head-compensation\/#breadcrumb"},"inLanguage":"pt-PT","potentialAction":[{"@type":"ReadAction","target":["https:\/\/maqcenter.com\/pt-pt\/producto\/auto-attachment-head-compensation\/"]}]},{"@type":"ImageObject","inLanguage":"pt-PT","@id":"https:\/\/maqcenter.com\/pt-pt\/producto\/auto-attachment-head-compensation\/#primaryimage","url":"https:\/\/maqcenter.com\/wp-content\/uploads\/2021\/04\/Okuma-auto-attachment-head-compensation-software.jpg","contentUrl":"https:\/\/maqcenter.com\/wp-content\/uploads\/2021\/04\/Okuma-auto-attachment-head-compensation-software.jpg","width":500,"height":500},{"@type":"BreadcrumbList","@id":"https:\/\/maqcenter.com\/pt-pt\/producto\/auto-attachment-head-compensation\/#breadcrumb","itemListElement":[{"@type":"ListItem","position":1,"name":"Productos","item":"https:\/\/maqcenter.com\/pt-pt\/"},{"@type":"ListItem","position":2,"name":"Produtos","item":"https:\/\/maqcenter.com\/pt-pt\/shop\/"},{"@type":"ListItem","position":3,"name":"AUTO ATTACHMENT HEAD COMPENSATION"}]},{"@type":"WebSite","@id":"https:\/\/maqcenter.com\/pt-pt\/#website","url":"https:\/\/maqcenter.com\/pt-pt\/","name":"MAQcenter","description":"El centro de tus soluciones","publisher":{"@id":"https:\/\/maqcenter.com\/pt-pt\/#organization"},"potentialAction":[{"@type":"SearchAction","target":{"@type":"EntryPoint","urlTemplate":"https:\/\/maqcenter.com\/pt-pt\/?s={search_term_string}"},"query-input":{"@type":"PropertyValueSpecification","valueRequired":true,"valueName":"search_term_string"}}],"inLanguage":"pt-PT"},{"@type":"Organization","@id":"https:\/\/maqcenter.com\/pt-pt\/#organization","name":"MAQcenter S.A.","url":"https:\/\/maqcenter.com\/pt-pt\/","logo":{"@type":"ImageObject","inLanguage":"pt-PT","@id":"https:\/\/maqcenter.com\/pt-pt\/#\/schema\/logo\/image\/","url":"https:\/\/maqcenter.com\/wp-content\/uploads\/2021\/02\/MAQcenter_logo_vertical.svg","contentUrl":"https:\/\/maqcenter.com\/wp-content\/uploads\/2021\/02\/MAQcenter_logo_vertical.svg","width":300,"height":174,"caption":"MAQcenter S.A."},"image":{"@id":"https:\/\/maqcenter.com\/pt-pt\/#\/schema\/logo\/image\/"}}]}},"_links":{"self":[{"href":"https:\/\/maqcenter.com\/pt-pt\/wp-json\/wp\/v2\/product\/20895","targetHints":{"allow":["GET"]}}],"collection":[{"href":"https:\/\/maqcenter.com\/pt-pt\/wp-json\/wp\/v2\/product"}],"about":[{"href":"https:\/\/maqcenter.com\/pt-pt\/wp-json\/wp\/v2\/types\/product"}],"wp:featuredmedia":[{"embeddable":true,"href":"https:\/\/maqcenter.com\/pt-pt\/wp-json\/wp\/v2\/media\/20896"}],"wp:attachment":[{"href":"https:\/\/maqcenter.com\/pt-pt\/wp-json\/wp\/v2\/media?parent=20895"}],"wp:term":[{"taxonomy":"product_brand","embeddable":true,"href":"https:\/\/maqcenter.com\/pt-pt\/wp-json\/wp\/v2\/product_brand?post=20895"},{"taxonomy":"product_cat","embeddable":true,"href":"https:\/\/maqcenter.com\/pt-pt\/wp-json\/wp\/v2\/product_cat?post=20895"},{"taxonomy":"product_tag","embeddable":true,"href":"https:\/\/maqcenter.com\/pt-pt\/wp-json\/wp\/v2\/product_tag?post=20895"},{"taxonomy":"marca-producto","embeddable":true,"href":"https:\/\/maqcenter.com\/pt-pt\/wp-json\/wp\/v2\/marca-producto?post=20895"},{"taxonomy":"serie-producto","embeddable":true,"href":"https:\/\/maqcenter.com\/pt-pt\/wp-json\/wp\/v2\/serie-producto?post=20895"}],"curies":[{"name":"wp","href":"https:\/\/api.w.org\/{rel}","templated":true}]}}