{"id":20905,"date":"2021-04-25T19:21:09","date_gmt":"2021-04-25T17:21:09","guid":{"rendered":"https:\/\/maqcenter.com\/producto\/c-axis-torque-limit\/"},"modified":"2021-04-25T19:21:09","modified_gmt":"2021-04-25T17:21:09","slug":"c-axis-torque-limit","status":"publish","type":"product","link":"https:\/\/maqcenter.com\/pt-pt\/producto\/c-axis-torque-limit\/","title":{"rendered":"C-AXIS TORQUE LIMIT"},"content":{"rendered":"<p>Ajuste de fase f\u00e1cil e autom\u00e1tico.<\/p>\n<p>Veja como voc\u00ea obt\u00e9m os deslocamentos do eixo C: um batente montado na torre entra em contato com a refer\u00eancia de cisalhamento para ler as oscila\u00e7\u00f5es de torque. O ajuste de fase \u00e9 feito facilmente sem a necessidade de dispositivos de medi\u00e7\u00e3o. No caso de uma pe\u00e7a ter um rasgo de chaveta, ambos os lados ser\u00e3o detectados pela rota\u00e7\u00e3o rec\u00edproca no sentido hor\u00e1rio (CWY e anti-hor\u00e1rio (CCW) para referenciar o eixo C \u00e0 posi\u00e7\u00e3o central.  <\/p>\n","protected":false},"excerpt":{"rendered":"<p>Ajuste de fase f\u00e1cil e autom\u00e1tico. Veja como voc\u00ea obt\u00e9m os deslocamentos do eixo C: um batente montado na torre entra em contato com a refer\u00eancia de cisalhamento para ler as oscila\u00e7\u00f5es de torque. O ajuste de fase \u00e9 feito facilmente sem a necessidade de dispositivos de medi\u00e7\u00e3o. No caso de uma pe\u00e7a ter um [&hellip;]<\/p>\n","protected":false},"featured_media":20906,"template":"","meta":[],"product_brand":[],"product_cat":[562],"product_tag":[568,569,570,571,572,573,576,575],"marca-producto":[26],"serie-producto":[356],"class_list":{"0":"post-20905","1":"product","2":"type-product","3":"status-publish","4":"has-post-thumbnail","6":"product_cat-software-pt-pt","7":"product_tag-aeronautica-pt-pt","8":"product_tag-automovel","9":"product_tag-bens-de-equipamento","10":"product_tag-energia-pt-pt","11":"product_tag-ferrovia","12":"product_tag-grande-consumo","13":"product_tag-medico-e-dentario","14":"product_tag-moldes-e-matrizes","15":"marca-producto-okuma","16":"serie-producto-premium-solutions","18":"first","19":"instock","20":"product-type-simple"},"yoast_head":"<!-- This site is optimized with the Yoast SEO plugin v27.0 - https:\/\/yoast.com\/product\/yoast-seo-wordpress\/ -->\n<title>C-AXIS TORQUE LIMIT<\/title>\n<meta name=\"description\" content=\"C-AXIS TORQUE LIMIT. Ajuste de fase f\u00e1cil e autom\u00e1tico. Veja como voc\u00ea obt\u00e9m os deslocamentos do eixo C: um batente montado na torre entra em contato com a refer\u00eancia de\" \/>\n<meta name=\"robots\" content=\"index, follow, max-snippet:-1, max-image-preview:large, max-video-preview:-1\" \/>\n<link rel=\"canonical\" href=\"https:\/\/maqcenter.com\/pt-pt\/producto\/c-axis-torque-limit\/\" \/>\n<meta property=\"og:locale\" content=\"pt_PT\" \/>\n<meta property=\"og:type\" content=\"article\" \/>\n<meta property=\"og:title\" content=\"C-AXIS TORQUE LIMIT\" \/>\n<meta property=\"og:description\" content=\"C-AXIS TORQUE LIMIT. Ajuste de fase f\u00e1cil e autom\u00e1tico. Veja como voc\u00ea obt\u00e9m os deslocamentos do eixo C: um batente montado na torre entra em contato com a refer\u00eancia de\" \/>\n<meta property=\"og:url\" content=\"https:\/\/maqcenter.com\/pt-pt\/producto\/c-axis-torque-limit\/\" \/>\n<meta property=\"og:site_name\" content=\"MAQcenter\" \/>\n<meta property=\"og:image\" content=\"https:\/\/maqcenter.com\/wp-content\/uploads\/2021\/04\/Okuma-c-axis-torque-limit-software.jpg\" \/>\n\t<meta property=\"og:image:width\" content=\"500\" \/>\n\t<meta property=\"og:image:height\" content=\"500\" \/>\n\t<meta property=\"og:image:type\" content=\"image\/jpeg\" \/>\n<meta name=\"twitter:card\" content=\"summary_large_image\" \/>\n<script type=\"application\/ld+json\" class=\"yoast-schema-graph\">{\"@context\":\"https:\/\/schema.org\",\"@graph\":[{\"@type\":[\"WebPage\",\"ItemPage\"],\"@id\":\"https:\/\/maqcenter.com\/pt-pt\/producto\/c-axis-torque-limit\/\",\"url\":\"https:\/\/maqcenter.com\/pt-pt\/producto\/c-axis-torque-limit\/\",\"name\":\"C-AXIS TORQUE LIMIT\",\"isPartOf\":{\"@id\":\"https:\/\/maqcenter.com\/pt-pt\/#website\"},\"primaryImageOfPage\":{\"@id\":\"https:\/\/maqcenter.com\/pt-pt\/producto\/c-axis-torque-limit\/#primaryimage\"},\"image\":{\"@id\":\"https:\/\/maqcenter.com\/pt-pt\/producto\/c-axis-torque-limit\/#primaryimage\"},\"thumbnailUrl\":\"https:\/\/maqcenter.com\/wp-content\/uploads\/2021\/04\/Okuma-c-axis-torque-limit-software.jpg\",\"datePublished\":\"2021-04-25T17:21:09+00:00\",\"description\":\"C-AXIS TORQUE LIMIT. Ajuste de fase f\u00e1cil e autom\u00e1tico. Veja como voc\u00ea obt\u00e9m os deslocamentos do eixo C: um batente montado na torre entra em contato com a refer\u00eancia de\",\"breadcrumb\":{\"@id\":\"https:\/\/maqcenter.com\/pt-pt\/producto\/c-axis-torque-limit\/#breadcrumb\"},\"inLanguage\":\"pt-PT\",\"potentialAction\":[{\"@type\":\"ReadAction\",\"target\":[\"https:\/\/maqcenter.com\/pt-pt\/producto\/c-axis-torque-limit\/\"]}]},{\"@type\":\"ImageObject\",\"inLanguage\":\"pt-PT\",\"@id\":\"https:\/\/maqcenter.com\/pt-pt\/producto\/c-axis-torque-limit\/#primaryimage\",\"url\":\"https:\/\/maqcenter.com\/wp-content\/uploads\/2021\/04\/Okuma-c-axis-torque-limit-software.jpg\",\"contentUrl\":\"https:\/\/maqcenter.com\/wp-content\/uploads\/2021\/04\/Okuma-c-axis-torque-limit-software.jpg\",\"width\":500,\"height\":500},{\"@type\":\"BreadcrumbList\",\"@id\":\"https:\/\/maqcenter.com\/pt-pt\/producto\/c-axis-torque-limit\/#breadcrumb\",\"itemListElement\":[{\"@type\":\"ListItem\",\"position\":1,\"name\":\"Productos\",\"item\":\"https:\/\/maqcenter.com\/pt-pt\/\"},{\"@type\":\"ListItem\",\"position\":2,\"name\":\"Produtos\",\"item\":\"https:\/\/maqcenter.com\/pt-pt\/shop\/\"},{\"@type\":\"ListItem\",\"position\":3,\"name\":\"C-AXIS TORQUE LIMIT\"}]},{\"@type\":\"WebSite\",\"@id\":\"https:\/\/maqcenter.com\/pt-pt\/#website\",\"url\":\"https:\/\/maqcenter.com\/pt-pt\/\",\"name\":\"MAQcenter\",\"description\":\"El centro de tus soluciones\",\"publisher\":{\"@id\":\"https:\/\/maqcenter.com\/pt-pt\/#organization\"},\"potentialAction\":[{\"@type\":\"SearchAction\",\"target\":{\"@type\":\"EntryPoint\",\"urlTemplate\":\"https:\/\/maqcenter.com\/pt-pt\/?s={search_term_string}\"},\"query-input\":{\"@type\":\"PropertyValueSpecification\",\"valueRequired\":true,\"valueName\":\"search_term_string\"}}],\"inLanguage\":\"pt-PT\"},{\"@type\":\"Organization\",\"@id\":\"https:\/\/maqcenter.com\/pt-pt\/#organization\",\"name\":\"MAQcenter S.A.\",\"url\":\"https:\/\/maqcenter.com\/pt-pt\/\",\"logo\":{\"@type\":\"ImageObject\",\"inLanguage\":\"pt-PT\",\"@id\":\"https:\/\/maqcenter.com\/pt-pt\/#\/schema\/logo\/image\/\",\"url\":\"https:\/\/maqcenter.com\/wp-content\/uploads\/2021\/02\/MAQcenter_logo_vertical.svg\",\"contentUrl\":\"https:\/\/maqcenter.com\/wp-content\/uploads\/2021\/02\/MAQcenter_logo_vertical.svg\",\"width\":300,\"height\":174,\"caption\":\"MAQcenter S.A.\"},\"image\":{\"@id\":\"https:\/\/maqcenter.com\/pt-pt\/#\/schema\/logo\/image\/\"}}]}<\/script>\n<!-- \/ Yoast SEO plugin. -->","yoast_head_json":{"title":"C-AXIS TORQUE LIMIT","description":"C-AXIS TORQUE LIMIT. Ajuste de fase f\u00e1cil e autom\u00e1tico. Veja como voc\u00ea obt\u00e9m os deslocamentos do eixo C: um batente montado na torre entra em contato com a refer\u00eancia de","robots":{"index":"index","follow":"follow","max-snippet":"max-snippet:-1","max-image-preview":"max-image-preview:large","max-video-preview":"max-video-preview:-1"},"canonical":"https:\/\/maqcenter.com\/pt-pt\/producto\/c-axis-torque-limit\/","og_locale":"pt_PT","og_type":"article","og_title":"C-AXIS TORQUE LIMIT","og_description":"C-AXIS TORQUE LIMIT. Ajuste de fase f\u00e1cil e autom\u00e1tico. Veja como voc\u00ea obt\u00e9m os deslocamentos do eixo C: um batente montado na torre entra em contato com a refer\u00eancia de","og_url":"https:\/\/maqcenter.com\/pt-pt\/producto\/c-axis-torque-limit\/","og_site_name":"MAQcenter","og_image":[{"width":500,"height":500,"url":"https:\/\/maqcenter.com\/wp-content\/uploads\/2021\/04\/Okuma-c-axis-torque-limit-software.jpg","type":"image\/jpeg"}],"twitter_card":"summary_large_image","schema":{"@context":"https:\/\/schema.org","@graph":[{"@type":["WebPage","ItemPage"],"@id":"https:\/\/maqcenter.com\/pt-pt\/producto\/c-axis-torque-limit\/","url":"https:\/\/maqcenter.com\/pt-pt\/producto\/c-axis-torque-limit\/","name":"C-AXIS TORQUE LIMIT","isPartOf":{"@id":"https:\/\/maqcenter.com\/pt-pt\/#website"},"primaryImageOfPage":{"@id":"https:\/\/maqcenter.com\/pt-pt\/producto\/c-axis-torque-limit\/#primaryimage"},"image":{"@id":"https:\/\/maqcenter.com\/pt-pt\/producto\/c-axis-torque-limit\/#primaryimage"},"thumbnailUrl":"https:\/\/maqcenter.com\/wp-content\/uploads\/2021\/04\/Okuma-c-axis-torque-limit-software.jpg","datePublished":"2021-04-25T17:21:09+00:00","description":"C-AXIS TORQUE LIMIT. Ajuste de fase f\u00e1cil e autom\u00e1tico. Veja como voc\u00ea obt\u00e9m os deslocamentos do eixo C: um batente montado na torre entra em contato com a refer\u00eancia de","breadcrumb":{"@id":"https:\/\/maqcenter.com\/pt-pt\/producto\/c-axis-torque-limit\/#breadcrumb"},"inLanguage":"pt-PT","potentialAction":[{"@type":"ReadAction","target":["https:\/\/maqcenter.com\/pt-pt\/producto\/c-axis-torque-limit\/"]}]},{"@type":"ImageObject","inLanguage":"pt-PT","@id":"https:\/\/maqcenter.com\/pt-pt\/producto\/c-axis-torque-limit\/#primaryimage","url":"https:\/\/maqcenter.com\/wp-content\/uploads\/2021\/04\/Okuma-c-axis-torque-limit-software.jpg","contentUrl":"https:\/\/maqcenter.com\/wp-content\/uploads\/2021\/04\/Okuma-c-axis-torque-limit-software.jpg","width":500,"height":500},{"@type":"BreadcrumbList","@id":"https:\/\/maqcenter.com\/pt-pt\/producto\/c-axis-torque-limit\/#breadcrumb","itemListElement":[{"@type":"ListItem","position":1,"name":"Productos","item":"https:\/\/maqcenter.com\/pt-pt\/"},{"@type":"ListItem","position":2,"name":"Produtos","item":"https:\/\/maqcenter.com\/pt-pt\/shop\/"},{"@type":"ListItem","position":3,"name":"C-AXIS TORQUE LIMIT"}]},{"@type":"WebSite","@id":"https:\/\/maqcenter.com\/pt-pt\/#website","url":"https:\/\/maqcenter.com\/pt-pt\/","name":"MAQcenter","description":"El centro de tus soluciones","publisher":{"@id":"https:\/\/maqcenter.com\/pt-pt\/#organization"},"potentialAction":[{"@type":"SearchAction","target":{"@type":"EntryPoint","urlTemplate":"https:\/\/maqcenter.com\/pt-pt\/?s={search_term_string}"},"query-input":{"@type":"PropertyValueSpecification","valueRequired":true,"valueName":"search_term_string"}}],"inLanguage":"pt-PT"},{"@type":"Organization","@id":"https:\/\/maqcenter.com\/pt-pt\/#organization","name":"MAQcenter S.A.","url":"https:\/\/maqcenter.com\/pt-pt\/","logo":{"@type":"ImageObject","inLanguage":"pt-PT","@id":"https:\/\/maqcenter.com\/pt-pt\/#\/schema\/logo\/image\/","url":"https:\/\/maqcenter.com\/wp-content\/uploads\/2021\/02\/MAQcenter_logo_vertical.svg","contentUrl":"https:\/\/maqcenter.com\/wp-content\/uploads\/2021\/02\/MAQcenter_logo_vertical.svg","width":300,"height":174,"caption":"MAQcenter S.A."},"image":{"@id":"https:\/\/maqcenter.com\/pt-pt\/#\/schema\/logo\/image\/"}}]}},"_links":{"self":[{"href":"https:\/\/maqcenter.com\/pt-pt\/wp-json\/wp\/v2\/product\/20905","targetHints":{"allow":["GET"]}}],"collection":[{"href":"https:\/\/maqcenter.com\/pt-pt\/wp-json\/wp\/v2\/product"}],"about":[{"href":"https:\/\/maqcenter.com\/pt-pt\/wp-json\/wp\/v2\/types\/product"}],"wp:featuredmedia":[{"embeddable":true,"href":"https:\/\/maqcenter.com\/pt-pt\/wp-json\/wp\/v2\/media\/20906"}],"wp:attachment":[{"href":"https:\/\/maqcenter.com\/pt-pt\/wp-json\/wp\/v2\/media?parent=20905"}],"wp:term":[{"taxonomy":"product_brand","embeddable":true,"href":"https:\/\/maqcenter.com\/pt-pt\/wp-json\/wp\/v2\/product_brand?post=20905"},{"taxonomy":"product_cat","embeddable":true,"href":"https:\/\/maqcenter.com\/pt-pt\/wp-json\/wp\/v2\/product_cat?post=20905"},{"taxonomy":"product_tag","embeddable":true,"href":"https:\/\/maqcenter.com\/pt-pt\/wp-json\/wp\/v2\/product_tag?post=20905"},{"taxonomy":"marca-producto","embeddable":true,"href":"https:\/\/maqcenter.com\/pt-pt\/wp-json\/wp\/v2\/marca-producto?post=20905"},{"taxonomy":"serie-producto","embeddable":true,"href":"https:\/\/maqcenter.com\/pt-pt\/wp-json\/wp\/v2\/serie-producto?post=20905"}],"curies":[{"name":"wp","href":"https:\/\/api.w.org\/{rel}","templated":true}]}}