{"id":20912,"date":"2021-04-25T19:21:09","date_gmt":"2021-04-25T17:21:09","guid":{"rendered":"https:\/\/maqcenter.com\/producto\/variable-spindle-speed-threading\/"},"modified":"2021-04-25T19:21:09","modified_gmt":"2021-04-25T17:21:09","slug":"variable-spindle-speed-threading","status":"publish","type":"product","link":"https:\/\/maqcenter.com\/pt-pt\/producto\/variable-spindle-speed-threading\/","title":{"rendered":"VARIABLE SPINDLE SPEED THREADING"},"content":{"rendered":"<p>Mudan\u00e7a de condi\u00e7\u00f5es durante o rosqueamento, mantendo o passo da rosca.<\/p>\n<p>Com nossa VARI\u00c1VEL SPINDLE SPEED THREADING, \u00e9 poss\u00edvel alterar a ordem durante o rosqueamento para definir as melhores condi\u00e7\u00f5es, reduzir o deslocamento do passo da rosca e evitar geometrias falsas. Quando ocorre vibra\u00e7\u00e3o, a velocidade do fuso pode ser reduzida e aumentada novamente quando as condi\u00e7\u00f5es de corte forem adequadas. O eixo de avan\u00e7o est\u00e1 perfeitamente sincronizado e a precis\u00e3o do passo da rosca \u00e9 preservada. Os ciclos de trabalho integrados permitem que a velocidade do fuso seja variada durante o trabalho no modo autom\u00e1tico e evita o ac\u00famulo de vibra\u00e7\u00f5es.   <\/p>\n","protected":false},"excerpt":{"rendered":"<p>Mudan\u00e7a de condi\u00e7\u00f5es durante o rosqueamento, mantendo o passo da rosca. Com nossa VARI\u00c1VEL SPINDLE SPEED THREADING, \u00e9 poss\u00edvel alterar a ordem durante o rosqueamento para definir as melhores condi\u00e7\u00f5es, reduzir o deslocamento do passo da rosca e evitar geometrias falsas. Quando ocorre vibra\u00e7\u00e3o, a velocidade do fuso pode ser reduzida e aumentada novamente quando [&hellip;]<\/p>\n","protected":false},"featured_media":20913,"template":"","meta":[],"product_brand":[],"product_cat":[562],"product_tag":[568,569,570,571,572,573,576,575],"marca-producto":[26],"serie-producto":[356],"class_list":{"0":"post-20912","1":"product","2":"type-product","3":"status-publish","4":"has-post-thumbnail","6":"product_cat-software-pt-pt","7":"product_tag-aeronautica-pt-pt","8":"product_tag-automovel","9":"product_tag-bens-de-equipamento","10":"product_tag-energia-pt-pt","11":"product_tag-ferrovia","12":"product_tag-grande-consumo","13":"product_tag-medico-e-dentario","14":"product_tag-moldes-e-matrizes","15":"marca-producto-okuma","16":"serie-producto-premium-solutions","18":"first","19":"instock","20":"product-type-simple"},"yoast_head":"<!-- This site is optimized with the Yoast SEO plugin v27.0 - https:\/\/yoast.com\/product\/yoast-seo-wordpress\/ -->\n<title>VARIABLE SPINDLE SPEED THREADING<\/title>\n<meta name=\"description\" content=\"VARIABLE SPINDLE SPEED THREADING. Mudan\u00e7a de condi\u00e7\u00f5es durante o rosqueamento, mantendo o passo da rosca. Com nossa VARI\u00c1VEL SPINDLE SPEED THREADING, \u00e9 poss\u00edvel alterar a ordem durante o\" \/>\n<meta name=\"robots\" content=\"index, follow, max-snippet:-1, max-image-preview:large, max-video-preview:-1\" \/>\n<link rel=\"canonical\" href=\"https:\/\/maqcenter.com\/pt-pt\/producto\/variable-spindle-speed-threading\/\" \/>\n<meta property=\"og:locale\" content=\"pt_PT\" \/>\n<meta property=\"og:type\" content=\"article\" \/>\n<meta property=\"og:title\" content=\"VARIABLE SPINDLE SPEED THREADING\" \/>\n<meta property=\"og:description\" content=\"VARIABLE SPINDLE SPEED THREADING. Mudan\u00e7a de condi\u00e7\u00f5es durante o rosqueamento, mantendo o passo da rosca. Com nossa VARI\u00c1VEL SPINDLE SPEED THREADING, \u00e9 poss\u00edvel alterar a ordem durante o\" \/>\n<meta property=\"og:url\" content=\"https:\/\/maqcenter.com\/pt-pt\/producto\/variable-spindle-speed-threading\/\" \/>\n<meta property=\"og:site_name\" content=\"MAQcenter\" \/>\n<meta property=\"og:image\" content=\"https:\/\/maqcenter.com\/wp-content\/uploads\/2021\/04\/Okuma-variable-spindle-spead-threading-software.jpg\" \/>\n\t<meta property=\"og:image:width\" content=\"500\" \/>\n\t<meta property=\"og:image:height\" content=\"500\" \/>\n\t<meta property=\"og:image:type\" content=\"image\/jpeg\" \/>\n<meta name=\"twitter:card\" content=\"summary_large_image\" \/>\n<meta name=\"twitter:label1\" content=\"Tempo estimado de leitura\" \/>\n\t<meta name=\"twitter:data1\" content=\"1 minuto\" \/>\n<script type=\"application\/ld+json\" class=\"yoast-schema-graph\">{\"@context\":\"https:\/\/schema.org\",\"@graph\":[{\"@type\":[\"WebPage\",\"ItemPage\"],\"@id\":\"https:\/\/maqcenter.com\/pt-pt\/producto\/variable-spindle-speed-threading\/\",\"url\":\"https:\/\/maqcenter.com\/pt-pt\/producto\/variable-spindle-speed-threading\/\",\"name\":\"VARIABLE SPINDLE SPEED THREADING\",\"isPartOf\":{\"@id\":\"https:\/\/maqcenter.com\/pt-pt\/#website\"},\"primaryImageOfPage\":{\"@id\":\"https:\/\/maqcenter.com\/pt-pt\/producto\/variable-spindle-speed-threading\/#primaryimage\"},\"image\":{\"@id\":\"https:\/\/maqcenter.com\/pt-pt\/producto\/variable-spindle-speed-threading\/#primaryimage\"},\"thumbnailUrl\":\"https:\/\/maqcenter.com\/wp-content\/uploads\/2021\/04\/Okuma-variable-spindle-spead-threading-software.jpg\",\"datePublished\":\"2021-04-25T17:21:09+00:00\",\"description\":\"VARIABLE SPINDLE SPEED THREADING. Mudan\u00e7a de condi\u00e7\u00f5es durante o rosqueamento, mantendo o passo da rosca. Com nossa VARI\u00c1VEL SPINDLE SPEED THREADING, \u00e9 poss\u00edvel alterar a ordem durante o\",\"breadcrumb\":{\"@id\":\"https:\/\/maqcenter.com\/pt-pt\/producto\/variable-spindle-speed-threading\/#breadcrumb\"},\"inLanguage\":\"pt-PT\",\"potentialAction\":[{\"@type\":\"ReadAction\",\"target\":[\"https:\/\/maqcenter.com\/pt-pt\/producto\/variable-spindle-speed-threading\/\"]}]},{\"@type\":\"ImageObject\",\"inLanguage\":\"pt-PT\",\"@id\":\"https:\/\/maqcenter.com\/pt-pt\/producto\/variable-spindle-speed-threading\/#primaryimage\",\"url\":\"https:\/\/maqcenter.com\/wp-content\/uploads\/2021\/04\/Okuma-variable-spindle-spead-threading-software.jpg\",\"contentUrl\":\"https:\/\/maqcenter.com\/wp-content\/uploads\/2021\/04\/Okuma-variable-spindle-spead-threading-software.jpg\",\"width\":500,\"height\":500},{\"@type\":\"BreadcrumbList\",\"@id\":\"https:\/\/maqcenter.com\/pt-pt\/producto\/variable-spindle-speed-threading\/#breadcrumb\",\"itemListElement\":[{\"@type\":\"ListItem\",\"position\":1,\"name\":\"Productos\",\"item\":\"https:\/\/maqcenter.com\/pt-pt\/\"},{\"@type\":\"ListItem\",\"position\":2,\"name\":\"Produtos\",\"item\":\"https:\/\/maqcenter.com\/pt-pt\/shop\/\"},{\"@type\":\"ListItem\",\"position\":3,\"name\":\"VARIABLE SPINDLE SPEED THREADING\"}]},{\"@type\":\"WebSite\",\"@id\":\"https:\/\/maqcenter.com\/pt-pt\/#website\",\"url\":\"https:\/\/maqcenter.com\/pt-pt\/\",\"name\":\"MAQcenter\",\"description\":\"El centro de tus soluciones\",\"publisher\":{\"@id\":\"https:\/\/maqcenter.com\/pt-pt\/#organization\"},\"potentialAction\":[{\"@type\":\"SearchAction\",\"target\":{\"@type\":\"EntryPoint\",\"urlTemplate\":\"https:\/\/maqcenter.com\/pt-pt\/?s={search_term_string}\"},\"query-input\":{\"@type\":\"PropertyValueSpecification\",\"valueRequired\":true,\"valueName\":\"search_term_string\"}}],\"inLanguage\":\"pt-PT\"},{\"@type\":\"Organization\",\"@id\":\"https:\/\/maqcenter.com\/pt-pt\/#organization\",\"name\":\"MAQcenter S.A.\",\"url\":\"https:\/\/maqcenter.com\/pt-pt\/\",\"logo\":{\"@type\":\"ImageObject\",\"inLanguage\":\"pt-PT\",\"@id\":\"https:\/\/maqcenter.com\/pt-pt\/#\/schema\/logo\/image\/\",\"url\":\"https:\/\/maqcenter.com\/wp-content\/uploads\/2021\/02\/MAQcenter_logo_vertical.svg\",\"contentUrl\":\"https:\/\/maqcenter.com\/wp-content\/uploads\/2021\/02\/MAQcenter_logo_vertical.svg\",\"width\":300,\"height\":174,\"caption\":\"MAQcenter S.A.\"},\"image\":{\"@id\":\"https:\/\/maqcenter.com\/pt-pt\/#\/schema\/logo\/image\/\"}}]}<\/script>\n<!-- \/ Yoast SEO plugin. -->","yoast_head_json":{"title":"VARIABLE SPINDLE SPEED THREADING","description":"VARIABLE SPINDLE SPEED THREADING. Mudan\u00e7a de condi\u00e7\u00f5es durante o rosqueamento, mantendo o passo da rosca. Com nossa VARI\u00c1VEL SPINDLE SPEED THREADING, \u00e9 poss\u00edvel alterar a ordem durante o","robots":{"index":"index","follow":"follow","max-snippet":"max-snippet:-1","max-image-preview":"max-image-preview:large","max-video-preview":"max-video-preview:-1"},"canonical":"https:\/\/maqcenter.com\/pt-pt\/producto\/variable-spindle-speed-threading\/","og_locale":"pt_PT","og_type":"article","og_title":"VARIABLE SPINDLE SPEED THREADING","og_description":"VARIABLE SPINDLE SPEED THREADING. Mudan\u00e7a de condi\u00e7\u00f5es durante o rosqueamento, mantendo o passo da rosca. Com nossa VARI\u00c1VEL SPINDLE SPEED THREADING, \u00e9 poss\u00edvel alterar a ordem durante o","og_url":"https:\/\/maqcenter.com\/pt-pt\/producto\/variable-spindle-speed-threading\/","og_site_name":"MAQcenter","og_image":[{"width":500,"height":500,"url":"https:\/\/maqcenter.com\/wp-content\/uploads\/2021\/04\/Okuma-variable-spindle-spead-threading-software.jpg","type":"image\/jpeg"}],"twitter_card":"summary_large_image","twitter_misc":{"Tempo estimado de leitura":"1 minuto"},"schema":{"@context":"https:\/\/schema.org","@graph":[{"@type":["WebPage","ItemPage"],"@id":"https:\/\/maqcenter.com\/pt-pt\/producto\/variable-spindle-speed-threading\/","url":"https:\/\/maqcenter.com\/pt-pt\/producto\/variable-spindle-speed-threading\/","name":"VARIABLE SPINDLE SPEED THREADING","isPartOf":{"@id":"https:\/\/maqcenter.com\/pt-pt\/#website"},"primaryImageOfPage":{"@id":"https:\/\/maqcenter.com\/pt-pt\/producto\/variable-spindle-speed-threading\/#primaryimage"},"image":{"@id":"https:\/\/maqcenter.com\/pt-pt\/producto\/variable-spindle-speed-threading\/#primaryimage"},"thumbnailUrl":"https:\/\/maqcenter.com\/wp-content\/uploads\/2021\/04\/Okuma-variable-spindle-spead-threading-software.jpg","datePublished":"2021-04-25T17:21:09+00:00","description":"VARIABLE SPINDLE SPEED THREADING. Mudan\u00e7a de condi\u00e7\u00f5es durante o rosqueamento, mantendo o passo da rosca. Com nossa VARI\u00c1VEL SPINDLE SPEED THREADING, \u00e9 poss\u00edvel alterar a ordem durante o","breadcrumb":{"@id":"https:\/\/maqcenter.com\/pt-pt\/producto\/variable-spindle-speed-threading\/#breadcrumb"},"inLanguage":"pt-PT","potentialAction":[{"@type":"ReadAction","target":["https:\/\/maqcenter.com\/pt-pt\/producto\/variable-spindle-speed-threading\/"]}]},{"@type":"ImageObject","inLanguage":"pt-PT","@id":"https:\/\/maqcenter.com\/pt-pt\/producto\/variable-spindle-speed-threading\/#primaryimage","url":"https:\/\/maqcenter.com\/wp-content\/uploads\/2021\/04\/Okuma-variable-spindle-spead-threading-software.jpg","contentUrl":"https:\/\/maqcenter.com\/wp-content\/uploads\/2021\/04\/Okuma-variable-spindle-spead-threading-software.jpg","width":500,"height":500},{"@type":"BreadcrumbList","@id":"https:\/\/maqcenter.com\/pt-pt\/producto\/variable-spindle-speed-threading\/#breadcrumb","itemListElement":[{"@type":"ListItem","position":1,"name":"Productos","item":"https:\/\/maqcenter.com\/pt-pt\/"},{"@type":"ListItem","position":2,"name":"Produtos","item":"https:\/\/maqcenter.com\/pt-pt\/shop\/"},{"@type":"ListItem","position":3,"name":"VARIABLE SPINDLE SPEED THREADING"}]},{"@type":"WebSite","@id":"https:\/\/maqcenter.com\/pt-pt\/#website","url":"https:\/\/maqcenter.com\/pt-pt\/","name":"MAQcenter","description":"El centro de tus soluciones","publisher":{"@id":"https:\/\/maqcenter.com\/pt-pt\/#organization"},"potentialAction":[{"@type":"SearchAction","target":{"@type":"EntryPoint","urlTemplate":"https:\/\/maqcenter.com\/pt-pt\/?s={search_term_string}"},"query-input":{"@type":"PropertyValueSpecification","valueRequired":true,"valueName":"search_term_string"}}],"inLanguage":"pt-PT"},{"@type":"Organization","@id":"https:\/\/maqcenter.com\/pt-pt\/#organization","name":"MAQcenter S.A.","url":"https:\/\/maqcenter.com\/pt-pt\/","logo":{"@type":"ImageObject","inLanguage":"pt-PT","@id":"https:\/\/maqcenter.com\/pt-pt\/#\/schema\/logo\/image\/","url":"https:\/\/maqcenter.com\/wp-content\/uploads\/2021\/02\/MAQcenter_logo_vertical.svg","contentUrl":"https:\/\/maqcenter.com\/wp-content\/uploads\/2021\/02\/MAQcenter_logo_vertical.svg","width":300,"height":174,"caption":"MAQcenter S.A."},"image":{"@id":"https:\/\/maqcenter.com\/pt-pt\/#\/schema\/logo\/image\/"}}]}},"_links":{"self":[{"href":"https:\/\/maqcenter.com\/pt-pt\/wp-json\/wp\/v2\/product\/20912","targetHints":{"allow":["GET"]}}],"collection":[{"href":"https:\/\/maqcenter.com\/pt-pt\/wp-json\/wp\/v2\/product"}],"about":[{"href":"https:\/\/maqcenter.com\/pt-pt\/wp-json\/wp\/v2\/types\/product"}],"wp:featuredmedia":[{"embeddable":true,"href":"https:\/\/maqcenter.com\/pt-pt\/wp-json\/wp\/v2\/media\/20913"}],"wp:attachment":[{"href":"https:\/\/maqcenter.com\/pt-pt\/wp-json\/wp\/v2\/media?parent=20912"}],"wp:term":[{"taxonomy":"product_brand","embeddable":true,"href":"https:\/\/maqcenter.com\/pt-pt\/wp-json\/wp\/v2\/product_brand?post=20912"},{"taxonomy":"product_cat","embeddable":true,"href":"https:\/\/maqcenter.com\/pt-pt\/wp-json\/wp\/v2\/product_cat?post=20912"},{"taxonomy":"product_tag","embeddable":true,"href":"https:\/\/maqcenter.com\/pt-pt\/wp-json\/wp\/v2\/product_tag?post=20912"},{"taxonomy":"marca-producto","embeddable":true,"href":"https:\/\/maqcenter.com\/pt-pt\/wp-json\/wp\/v2\/marca-producto?post=20912"},{"taxonomy":"serie-producto","embeddable":true,"href":"https:\/\/maqcenter.com\/pt-pt\/wp-json\/wp\/v2\/serie-producto?post=20912"}],"curies":[{"name":"wp","href":"https:\/\/api.w.org\/{rel}","templated":true}]}}