{"id":20917,"date":"2022-01-25T19:49:55","date_gmt":"2022-01-25T18:49:55","guid":{"rendered":"https:\/\/maqcenter.com\/producto\/hhv2\/"},"modified":"2022-01-25T19:49:55","modified_gmt":"2022-01-25T17:49:55","slug":"hhv2","status":"publish","type":"product","link":"https:\/\/maqcenter.com\/pt-pt\/producto\/hhv2\/","title":{"rendered":"HHV2"},"content":{"rendered":"<p>O HHV (Horizontal High Velocity) foi desenvolvido em estreita coopera\u00e7\u00e3o com os maiores fabricantes mundiais de avi\u00f5es, e rapidamente se tornou na primeira escolha de f\u00e1bricas de maquina\u00e7\u00e3o de alto desempenho.<\/p>\n<p>HHV \u00e9 um centro de maquina\u00e7\u00e3o universal para componentes em barra ou extrudidos. \u00c9 ideal para s\u00e9ries curtas e repetitivas ou produ\u00e7\u00e3o em grande volume. A mat\u00e9ria prima \u00e9 carregada do lado esquerdo para a m\u00e1quina, a m\u00e1quina HHV puxa automaticamente a mat\u00e9ria prima para a posi\u00e7\u00e3o de maquina\u00e7\u00e3o e entrega as pe\u00e7as acabadas num colector de pe\u00e7as. N\u00e3o h\u00e1 necessidade de pr\u00e9-cortar a mat\u00e9ria-prima, o HHV manuseia barras n\u00e3o cortadas e extrus\u00f5es. A vantagem de produzir muitas pe\u00e7as de uma barra ou extrus\u00e3o do mesmo tamanho \u00e9 que o tempo de prepara\u00e7\u00e3o \u00e9 reduzido, n\u00e3o h\u00e1 trabalho a realizar e o tempo de ciclo \u00e9 significativamente reduzido. A maquina\u00e7\u00e3o padr\u00e3o requer frequentemente m\u00faltiplas configura\u00e7\u00f5es.     <\/p>\n","protected":false},"excerpt":{"rendered":"<p>O HHV (Horizontal High Velocity) foi desenvolvido em estreita coopera\u00e7\u00e3o com os maiores fabricantes mundiais de avi\u00f5es, e rapidamente se tornou na primeira escolha de f\u00e1bricas de maquina\u00e7\u00e3o de alto desempenho. HHV \u00e9 um centro de maquina\u00e7\u00e3o universal para componentes em barra ou extrudidos. \u00c9 ideal para s\u00e9ries curtas e repetitivas ou produ\u00e7\u00e3o em grande [&hellip;]<\/p>\n","protected":false},"featured_media":20918,"template":"","meta":[],"product_brand":[],"product_cat":[504,506,507],"product_tag":[568,569],"marca-producto":[367],"serie-producto":[],"class_list":{"0":"post-20917","1":"product","2":"type-product","3":"status-publish","4":"has-post-thumbnail","6":"product_cat-centros-de-maquinacao","7":"product_cat-centros-de-maquinacao-horizontal","8":"product_cat-maquinacao-e-extrusao-de-barras","9":"product_tag-aeronautica-pt-pt","10":"product_tag-automovel","11":"marca-producto-modig","13":"first","14":"instock","15":"product-type-simple"},"yoast_head":"<!-- This site is optimized with the Yoast SEO plugin v27.0 - https:\/\/yoast.com\/product\/yoast-seo-wordpress\/ -->\n<title>HHV2<\/title>\n<meta name=\"description\" content=\"HHV2. O HHV (Horizontal High Velocity) foi desenvolvido em estreita coopera\u00e7\u00e3o com os maiores fabricantes mundiais de avi\u00f5es, e rapidamente se tornou na\" \/>\n<meta name=\"robots\" content=\"index, follow, max-snippet:-1, max-image-preview:large, max-video-preview:-1\" \/>\n<link rel=\"canonical\" href=\"https:\/\/maqcenter.com\/pt-pt\/producto\/hhv2\/\" \/>\n<meta property=\"og:locale\" content=\"pt_PT\" \/>\n<meta property=\"og:type\" content=\"article\" \/>\n<meta property=\"og:title\" content=\"HHV2\" \/>\n<meta property=\"og:description\" content=\"HHV2. O HHV (Horizontal High Velocity) foi desenvolvido em estreita coopera\u00e7\u00e3o com os maiores fabricantes mundiais de avi\u00f5es, e rapidamente se tornou na\" \/>\n<meta property=\"og:url\" content=\"https:\/\/maqcenter.com\/pt-pt\/producto\/hhv2\/\" \/>\n<meta property=\"og:site_name\" content=\"MAQcenter\" \/>\n<meta name=\"twitter:card\" content=\"summary_large_image\" \/>\n<meta name=\"twitter:label1\" content=\"Tempo estimado de leitura\" \/>\n\t<meta name=\"twitter:data1\" content=\"1 minuto\" \/>\n<script type=\"application\/ld+json\" class=\"yoast-schema-graph\">{\"@context\":\"https:\/\/schema.org\",\"@graph\":[{\"@type\":[\"WebPage\",\"ItemPage\"],\"@id\":\"https:\/\/maqcenter.com\/pt-pt\/producto\/hhv2\/\",\"url\":\"https:\/\/maqcenter.com\/pt-pt\/producto\/hhv2\/\",\"name\":\"HHV2\",\"isPartOf\":{\"@id\":\"https:\/\/maqcenter.com\/pt-pt\/#website\"},\"primaryImageOfPage\":{\"@id\":\"https:\/\/maqcenter.com\/pt-pt\/producto\/hhv2\/#primaryimage\"},\"image\":{\"@id\":\"https:\/\/maqcenter.com\/pt-pt\/producto\/hhv2\/#primaryimage\"},\"thumbnailUrl\":\"https:\/\/maqcenter.com\/wp-content\/uploads\/2022\/01\/modig-HHV2.jpg\",\"datePublished\":\"2022-01-25T18:49:55+00:00\",\"description\":\"HHV2. O HHV (Horizontal High Velocity) foi desenvolvido em estreita coopera\u00e7\u00e3o com os maiores fabricantes mundiais de avi\u00f5es, e rapidamente se tornou na\",\"breadcrumb\":{\"@id\":\"https:\/\/maqcenter.com\/pt-pt\/producto\/hhv2\/#breadcrumb\"},\"inLanguage\":\"pt-PT\",\"potentialAction\":[{\"@type\":\"ReadAction\",\"target\":[\"https:\/\/maqcenter.com\/pt-pt\/producto\/hhv2\/\"]}]},{\"@type\":\"ImageObject\",\"inLanguage\":\"pt-PT\",\"@id\":\"https:\/\/maqcenter.com\/pt-pt\/producto\/hhv2\/#primaryimage\",\"url\":\"https:\/\/maqcenter.com\/wp-content\/uploads\/2022\/01\/modig-HHV2.jpg\",\"contentUrl\":\"https:\/\/maqcenter.com\/wp-content\/uploads\/2022\/01\/modig-HHV2.jpg\",\"width\":500,\"height\":500},{\"@type\":\"BreadcrumbList\",\"@id\":\"https:\/\/maqcenter.com\/pt-pt\/producto\/hhv2\/#breadcrumb\",\"itemListElement\":[{\"@type\":\"ListItem\",\"position\":1,\"name\":\"Productos\",\"item\":\"https:\/\/maqcenter.com\/pt-pt\/\"},{\"@type\":\"ListItem\",\"position\":2,\"name\":\"Produtos\",\"item\":\"https:\/\/maqcenter.com\/pt-pt\/shop\/\"},{\"@type\":\"ListItem\",\"position\":3,\"name\":\"HHV2\"}]},{\"@type\":\"WebSite\",\"@id\":\"https:\/\/maqcenter.com\/pt-pt\/#website\",\"url\":\"https:\/\/maqcenter.com\/pt-pt\/\",\"name\":\"MAQcenter\",\"description\":\"El centro de tus soluciones\",\"publisher\":{\"@id\":\"https:\/\/maqcenter.com\/pt-pt\/#organization\"},\"potentialAction\":[{\"@type\":\"SearchAction\",\"target\":{\"@type\":\"EntryPoint\",\"urlTemplate\":\"https:\/\/maqcenter.com\/pt-pt\/?s={search_term_string}\"},\"query-input\":{\"@type\":\"PropertyValueSpecification\",\"valueRequired\":true,\"valueName\":\"search_term_string\"}}],\"inLanguage\":\"pt-PT\"},{\"@type\":\"Organization\",\"@id\":\"https:\/\/maqcenter.com\/pt-pt\/#organization\",\"name\":\"MAQcenter S.A.\",\"url\":\"https:\/\/maqcenter.com\/pt-pt\/\",\"logo\":{\"@type\":\"ImageObject\",\"inLanguage\":\"pt-PT\",\"@id\":\"https:\/\/maqcenter.com\/pt-pt\/#\/schema\/logo\/image\/\",\"url\":\"https:\/\/maqcenter.com\/wp-content\/uploads\/2021\/02\/MAQcenter_logo_vertical.svg\",\"contentUrl\":\"https:\/\/maqcenter.com\/wp-content\/uploads\/2021\/02\/MAQcenter_logo_vertical.svg\",\"width\":300,\"height\":174,\"caption\":\"MAQcenter S.A.\"},\"image\":{\"@id\":\"https:\/\/maqcenter.com\/pt-pt\/#\/schema\/logo\/image\/\"}}]}<\/script>\n<!-- \/ Yoast SEO plugin. -->","yoast_head_json":{"title":"HHV2","description":"HHV2. O HHV (Horizontal High Velocity) foi desenvolvido em estreita coopera\u00e7\u00e3o com os maiores fabricantes mundiais de avi\u00f5es, e rapidamente se tornou na","robots":{"index":"index","follow":"follow","max-snippet":"max-snippet:-1","max-image-preview":"max-image-preview:large","max-video-preview":"max-video-preview:-1"},"canonical":"https:\/\/maqcenter.com\/pt-pt\/producto\/hhv2\/","og_locale":"pt_PT","og_type":"article","og_title":"HHV2","og_description":"HHV2. O HHV (Horizontal High Velocity) foi desenvolvido em estreita coopera\u00e7\u00e3o com os maiores fabricantes mundiais de avi\u00f5es, e rapidamente se tornou na","og_url":"https:\/\/maqcenter.com\/pt-pt\/producto\/hhv2\/","og_site_name":"MAQcenter","twitter_card":"summary_large_image","twitter_misc":{"Tempo estimado de leitura":"1 minuto"},"schema":{"@context":"https:\/\/schema.org","@graph":[{"@type":["WebPage","ItemPage"],"@id":"https:\/\/maqcenter.com\/pt-pt\/producto\/hhv2\/","url":"https:\/\/maqcenter.com\/pt-pt\/producto\/hhv2\/","name":"HHV2","isPartOf":{"@id":"https:\/\/maqcenter.com\/pt-pt\/#website"},"primaryImageOfPage":{"@id":"https:\/\/maqcenter.com\/pt-pt\/producto\/hhv2\/#primaryimage"},"image":{"@id":"https:\/\/maqcenter.com\/pt-pt\/producto\/hhv2\/#primaryimage"},"thumbnailUrl":"https:\/\/maqcenter.com\/wp-content\/uploads\/2022\/01\/modig-HHV2.jpg","datePublished":"2022-01-25T18:49:55+00:00","description":"HHV2. O HHV (Horizontal High Velocity) foi desenvolvido em estreita coopera\u00e7\u00e3o com os maiores fabricantes mundiais de avi\u00f5es, e rapidamente se tornou na","breadcrumb":{"@id":"https:\/\/maqcenter.com\/pt-pt\/producto\/hhv2\/#breadcrumb"},"inLanguage":"pt-PT","potentialAction":[{"@type":"ReadAction","target":["https:\/\/maqcenter.com\/pt-pt\/producto\/hhv2\/"]}]},{"@type":"ImageObject","inLanguage":"pt-PT","@id":"https:\/\/maqcenter.com\/pt-pt\/producto\/hhv2\/#primaryimage","url":"https:\/\/maqcenter.com\/wp-content\/uploads\/2022\/01\/modig-HHV2.jpg","contentUrl":"https:\/\/maqcenter.com\/wp-content\/uploads\/2022\/01\/modig-HHV2.jpg","width":500,"height":500},{"@type":"BreadcrumbList","@id":"https:\/\/maqcenter.com\/pt-pt\/producto\/hhv2\/#breadcrumb","itemListElement":[{"@type":"ListItem","position":1,"name":"Productos","item":"https:\/\/maqcenter.com\/pt-pt\/"},{"@type":"ListItem","position":2,"name":"Produtos","item":"https:\/\/maqcenter.com\/pt-pt\/shop\/"},{"@type":"ListItem","position":3,"name":"HHV2"}]},{"@type":"WebSite","@id":"https:\/\/maqcenter.com\/pt-pt\/#website","url":"https:\/\/maqcenter.com\/pt-pt\/","name":"MAQcenter","description":"El centro de tus soluciones","publisher":{"@id":"https:\/\/maqcenter.com\/pt-pt\/#organization"},"potentialAction":[{"@type":"SearchAction","target":{"@type":"EntryPoint","urlTemplate":"https:\/\/maqcenter.com\/pt-pt\/?s={search_term_string}"},"query-input":{"@type":"PropertyValueSpecification","valueRequired":true,"valueName":"search_term_string"}}],"inLanguage":"pt-PT"},{"@type":"Organization","@id":"https:\/\/maqcenter.com\/pt-pt\/#organization","name":"MAQcenter S.A.","url":"https:\/\/maqcenter.com\/pt-pt\/","logo":{"@type":"ImageObject","inLanguage":"pt-PT","@id":"https:\/\/maqcenter.com\/pt-pt\/#\/schema\/logo\/image\/","url":"https:\/\/maqcenter.com\/wp-content\/uploads\/2021\/02\/MAQcenter_logo_vertical.svg","contentUrl":"https:\/\/maqcenter.com\/wp-content\/uploads\/2021\/02\/MAQcenter_logo_vertical.svg","width":300,"height":174,"caption":"MAQcenter S.A."},"image":{"@id":"https:\/\/maqcenter.com\/pt-pt\/#\/schema\/logo\/image\/"}}]}},"_links":{"self":[{"href":"https:\/\/maqcenter.com\/pt-pt\/wp-json\/wp\/v2\/product\/20917","targetHints":{"allow":["GET"]}}],"collection":[{"href":"https:\/\/maqcenter.com\/pt-pt\/wp-json\/wp\/v2\/product"}],"about":[{"href":"https:\/\/maqcenter.com\/pt-pt\/wp-json\/wp\/v2\/types\/product"}],"wp:featuredmedia":[{"embeddable":true,"href":"https:\/\/maqcenter.com\/pt-pt\/wp-json\/wp\/v2\/media\/20918"}],"wp:attachment":[{"href":"https:\/\/maqcenter.com\/pt-pt\/wp-json\/wp\/v2\/media?parent=20917"}],"wp:term":[{"taxonomy":"product_brand","embeddable":true,"href":"https:\/\/maqcenter.com\/pt-pt\/wp-json\/wp\/v2\/product_brand?post=20917"},{"taxonomy":"product_cat","embeddable":true,"href":"https:\/\/maqcenter.com\/pt-pt\/wp-json\/wp\/v2\/product_cat?post=20917"},{"taxonomy":"product_tag","embeddable":true,"href":"https:\/\/maqcenter.com\/pt-pt\/wp-json\/wp\/v2\/product_tag?post=20917"},{"taxonomy":"marca-producto","embeddable":true,"href":"https:\/\/maqcenter.com\/pt-pt\/wp-json\/wp\/v2\/marca-producto?post=20917"},{"taxonomy":"serie-producto","embeddable":true,"href":"https:\/\/maqcenter.com\/pt-pt\/wp-json\/wp\/v2\/serie-producto?post=20917"}],"curies":[{"name":"wp","href":"https:\/\/api.w.org\/{rel}","templated":true}]}}