{"id":20950,"date":"2021-02-08T10:28:51","date_gmt":"2021-02-08T08:28:51","guid":{"rendered":"https:\/\/maqcenter.com\/producto\/multus-b300ii\/"},"modified":"2021-02-08T10:28:51","modified_gmt":"2021-02-08T08:28:51","slug":"multus-b300ii","status":"publish","type":"product","link":"https:\/\/maqcenter.com\/pt-pt\/producto\/multus-b300ii\/","title":{"rendered":"MULTUS B300II"},"content":{"rendered":"<p>O MULTUS B300II \u00e9 a fus\u00e3o definitiva de opera\u00e7\u00f5es de torneamento e fresamento com torno, centro de usinagem vertical ou horizontal e opera\u00e7\u00f5es consolidadas de manuseio de material em uma m\u00e1quina de mandril de 8-10 polegadas. Esta m\u00e1quina CNC multitarefa executa processos intensivos de usinagem para prazos mais curtos, ao mesmo tempo em que faz uso mais eficiente do espa\u00e7o f\u00edsico. Com menos ajustes, o trabalho de configura\u00e7\u00e3o \u00e9 drasticamente reduzido e o trabalho da m\u00e1quina \u00e9 bastante aumentado.  <\/p>\n<p>O MULTUS B300II tem uma faixa de eixo B de 225 \u00b0 com um fuso de fresamento de fun\u00e7\u00e3o dupla H1 de 6.000 rpm (L \/ M). A cabe\u00e7a de fresagem H-1 de fun\u00e7\u00e3o dupla usa ferramentas CAPTO-C6 e tem um motor de fresagem PREX 15\/10 HP [opcional: 10.000 rpm &#8211; 21\/15 HP]. Em sua configura\u00e7\u00e3o padr\u00e3o, ele equipa um ATC com 40 ferramentas, com op\u00e7\u00e3o ATC de 60 ferramentas. A torre H1 tem um eixo B de 0,001 grau e um eixo Y de movimento composto para maior flexibilidade de usinagem. O fuso principal est\u00e1 equipado com um eixo C de contorno completo.    <\/p>\n<p>A constru\u00e7\u00e3o Thermo-Friendly garante alta precis\u00e3o, mesmo nas aplica\u00e7\u00f5es mais complexas, e a vers\u00e3o opcional -W com subfuso permite que uma pe\u00e7a seja passada de um fuso para outro. O MULTUS B300II est\u00e1 equipado com o controle OSP-P300 que foi projetado pensando na facilidade de uso. Com a opera\u00e7\u00e3o de uma \u00fanica alavanca e gr\u00e1ficos de alta qualidade, usu\u00e1rios novatos e profissionais experimentam uma maneira mais suave e eficiente de produzir pe\u00e7as.  <\/p>\n","protected":false},"excerpt":{"rendered":"<p>O MULTUS B300II \u00e9 a fus\u00e3o definitiva de opera\u00e7\u00f5es de torneamento e fresamento com torno, centro de usinagem vertical ou horizontal e opera\u00e7\u00f5es consolidadas de manuseio de material em uma m\u00e1quina de mandril de 8-10 polegadas. Esta m\u00e1quina CNC multitarefa executa processos intensivos de usinagem para prazos mais curtos, ao mesmo tempo em que faz [&hellip;]<\/p>\n","protected":false},"featured_media":20951,"template":"","meta":[],"product_brand":[],"product_cat":[563,566],"product_tag":[568,570,571,573,575],"marca-producto":[26],"serie-producto":[223],"class_list":{"0":"post-20950","1":"product","2":"type-product","3":"status-publish","4":"has-post-thumbnail","6":"product_cat-tornos-pt-pt","7":"product_cat-tornos-multitarefa","8":"product_tag-aeronautica-pt-pt","9":"product_tag-bens-de-equipamento","10":"product_tag-energia-pt-pt","11":"product_tag-grande-consumo","12":"product_tag-moldes-e-matrizes","13":"marca-producto-okuma","14":"serie-producto-multus-bii","16":"first","17":"instock","18":"product-type-simple"},"yoast_head":"<!-- This site is optimized with the Yoast SEO plugin v27.0 - https:\/\/yoast.com\/product\/yoast-seo-wordpress\/ -->\n<title>MULTUS B300II<\/title>\n<meta name=\"description\" content=\"MULTUS B300II. O MULTUS B300II \u00e9 a fus\u00e3o definitiva de opera\u00e7\u00f5es de torneamento e fresamento com torno, centro de usinagem vertical ou horizontal e opera\u00e7\u00f5es\" \/>\n<meta name=\"robots\" content=\"index, follow, max-snippet:-1, max-image-preview:large, max-video-preview:-1\" \/>\n<link rel=\"canonical\" href=\"https:\/\/maqcenter.com\/pt-pt\/producto\/multus-b300ii\/\" \/>\n<meta property=\"og:locale\" content=\"pt_PT\" \/>\n<meta property=\"og:type\" content=\"article\" \/>\n<meta property=\"og:title\" content=\"MULTUS B300II\" \/>\n<meta property=\"og:description\" content=\"MULTUS B300II. O MULTUS B300II \u00e9 a fus\u00e3o definitiva de opera\u00e7\u00f5es de torneamento e fresamento com torno, centro de usinagem vertical ou horizontal e opera\u00e7\u00f5es\" \/>\n<meta property=\"og:url\" content=\"https:\/\/maqcenter.com\/pt-pt\/producto\/multus-b300ii\/\" \/>\n<meta property=\"og:site_name\" content=\"MAQcenter\" \/>\n<meta name=\"twitter:card\" content=\"summary_large_image\" \/>\n<meta name=\"twitter:label1\" content=\"Tempo estimado de leitura\" \/>\n\t<meta name=\"twitter:data1\" content=\"1 minuto\" \/>\n<script type=\"application\/ld+json\" class=\"yoast-schema-graph\">{\"@context\":\"https:\/\/schema.org\",\"@graph\":[{\"@type\":[\"WebPage\",\"ItemPage\"],\"@id\":\"https:\/\/maqcenter.com\/pt-pt\/producto\/multus-b300ii\/\",\"url\":\"https:\/\/maqcenter.com\/pt-pt\/producto\/multus-b300ii\/\",\"name\":\"MULTUS B300II\",\"isPartOf\":{\"@id\":\"https:\/\/maqcenter.com\/pt-pt\/#website\"},\"primaryImageOfPage\":{\"@id\":\"https:\/\/maqcenter.com\/pt-pt\/producto\/multus-b300ii\/#primaryimage\"},\"image\":{\"@id\":\"https:\/\/maqcenter.com\/pt-pt\/producto\/multus-b300ii\/#primaryimage\"},\"thumbnailUrl\":\"https:\/\/maqcenter.com\/wp-content\/uploads\/2021\/02\/OKUMA-MULTUS-B300II.jpg\",\"datePublished\":\"2021-02-08T08:28:51+00:00\",\"description\":\"MULTUS B300II. O MULTUS B300II \u00e9 a fus\u00e3o definitiva de opera\u00e7\u00f5es de torneamento e fresamento com torno, centro de usinagem vertical ou horizontal e opera\u00e7\u00f5es\",\"breadcrumb\":{\"@id\":\"https:\/\/maqcenter.com\/pt-pt\/producto\/multus-b300ii\/#breadcrumb\"},\"inLanguage\":\"pt-PT\",\"potentialAction\":[{\"@type\":\"ReadAction\",\"target\":[\"https:\/\/maqcenter.com\/pt-pt\/producto\/multus-b300ii\/\"]}]},{\"@type\":\"ImageObject\",\"inLanguage\":\"pt-PT\",\"@id\":\"https:\/\/maqcenter.com\/pt-pt\/producto\/multus-b300ii\/#primaryimage\",\"url\":\"https:\/\/maqcenter.com\/wp-content\/uploads\/2021\/02\/OKUMA-MULTUS-B300II.jpg\",\"contentUrl\":\"https:\/\/maqcenter.com\/wp-content\/uploads\/2021\/02\/OKUMA-MULTUS-B300II.jpg\",\"width\":500,\"height\":500},{\"@type\":\"BreadcrumbList\",\"@id\":\"https:\/\/maqcenter.com\/pt-pt\/producto\/multus-b300ii\/#breadcrumb\",\"itemListElement\":[{\"@type\":\"ListItem\",\"position\":1,\"name\":\"Productos\",\"item\":\"https:\/\/maqcenter.com\/pt-pt\/\"},{\"@type\":\"ListItem\",\"position\":2,\"name\":\"Produtos\",\"item\":\"https:\/\/maqcenter.com\/pt-pt\/shop\/\"},{\"@type\":\"ListItem\",\"position\":3,\"name\":\"MULTUS B300II\"}]},{\"@type\":\"WebSite\",\"@id\":\"https:\/\/maqcenter.com\/pt-pt\/#website\",\"url\":\"https:\/\/maqcenter.com\/pt-pt\/\",\"name\":\"MAQcenter\",\"description\":\"El centro de tus soluciones\",\"publisher\":{\"@id\":\"https:\/\/maqcenter.com\/pt-pt\/#organization\"},\"potentialAction\":[{\"@type\":\"SearchAction\",\"target\":{\"@type\":\"EntryPoint\",\"urlTemplate\":\"https:\/\/maqcenter.com\/pt-pt\/?s={search_term_string}\"},\"query-input\":{\"@type\":\"PropertyValueSpecification\",\"valueRequired\":true,\"valueName\":\"search_term_string\"}}],\"inLanguage\":\"pt-PT\"},{\"@type\":\"Organization\",\"@id\":\"https:\/\/maqcenter.com\/pt-pt\/#organization\",\"name\":\"MAQcenter S.A.\",\"url\":\"https:\/\/maqcenter.com\/pt-pt\/\",\"logo\":{\"@type\":\"ImageObject\",\"inLanguage\":\"pt-PT\",\"@id\":\"https:\/\/maqcenter.com\/pt-pt\/#\/schema\/logo\/image\/\",\"url\":\"https:\/\/maqcenter.com\/wp-content\/uploads\/2021\/02\/MAQcenter_logo_vertical.svg\",\"contentUrl\":\"https:\/\/maqcenter.com\/wp-content\/uploads\/2021\/02\/MAQcenter_logo_vertical.svg\",\"width\":300,\"height\":174,\"caption\":\"MAQcenter S.A.\"},\"image\":{\"@id\":\"https:\/\/maqcenter.com\/pt-pt\/#\/schema\/logo\/image\/\"}}]}<\/script>\n<!-- \/ Yoast SEO plugin. -->","yoast_head_json":{"title":"MULTUS B300II","description":"MULTUS B300II. O MULTUS B300II \u00e9 a fus\u00e3o definitiva de opera\u00e7\u00f5es de torneamento e fresamento com torno, centro de usinagem vertical ou horizontal e opera\u00e7\u00f5es","robots":{"index":"index","follow":"follow","max-snippet":"max-snippet:-1","max-image-preview":"max-image-preview:large","max-video-preview":"max-video-preview:-1"},"canonical":"https:\/\/maqcenter.com\/pt-pt\/producto\/multus-b300ii\/","og_locale":"pt_PT","og_type":"article","og_title":"MULTUS B300II","og_description":"MULTUS B300II. O MULTUS B300II \u00e9 a fus\u00e3o definitiva de opera\u00e7\u00f5es de torneamento e fresamento com torno, centro de usinagem vertical ou horizontal e opera\u00e7\u00f5es","og_url":"https:\/\/maqcenter.com\/pt-pt\/producto\/multus-b300ii\/","og_site_name":"MAQcenter","twitter_card":"summary_large_image","twitter_misc":{"Tempo estimado de leitura":"1 minuto"},"schema":{"@context":"https:\/\/schema.org","@graph":[{"@type":["WebPage","ItemPage"],"@id":"https:\/\/maqcenter.com\/pt-pt\/producto\/multus-b300ii\/","url":"https:\/\/maqcenter.com\/pt-pt\/producto\/multus-b300ii\/","name":"MULTUS B300II","isPartOf":{"@id":"https:\/\/maqcenter.com\/pt-pt\/#website"},"primaryImageOfPage":{"@id":"https:\/\/maqcenter.com\/pt-pt\/producto\/multus-b300ii\/#primaryimage"},"image":{"@id":"https:\/\/maqcenter.com\/pt-pt\/producto\/multus-b300ii\/#primaryimage"},"thumbnailUrl":"https:\/\/maqcenter.com\/wp-content\/uploads\/2021\/02\/OKUMA-MULTUS-B300II.jpg","datePublished":"2021-02-08T08:28:51+00:00","description":"MULTUS B300II. O MULTUS B300II \u00e9 a fus\u00e3o definitiva de opera\u00e7\u00f5es de torneamento e fresamento com torno, centro de usinagem vertical ou horizontal e opera\u00e7\u00f5es","breadcrumb":{"@id":"https:\/\/maqcenter.com\/pt-pt\/producto\/multus-b300ii\/#breadcrumb"},"inLanguage":"pt-PT","potentialAction":[{"@type":"ReadAction","target":["https:\/\/maqcenter.com\/pt-pt\/producto\/multus-b300ii\/"]}]},{"@type":"ImageObject","inLanguage":"pt-PT","@id":"https:\/\/maqcenter.com\/pt-pt\/producto\/multus-b300ii\/#primaryimage","url":"https:\/\/maqcenter.com\/wp-content\/uploads\/2021\/02\/OKUMA-MULTUS-B300II.jpg","contentUrl":"https:\/\/maqcenter.com\/wp-content\/uploads\/2021\/02\/OKUMA-MULTUS-B300II.jpg","width":500,"height":500},{"@type":"BreadcrumbList","@id":"https:\/\/maqcenter.com\/pt-pt\/producto\/multus-b300ii\/#breadcrumb","itemListElement":[{"@type":"ListItem","position":1,"name":"Productos","item":"https:\/\/maqcenter.com\/pt-pt\/"},{"@type":"ListItem","position":2,"name":"Produtos","item":"https:\/\/maqcenter.com\/pt-pt\/shop\/"},{"@type":"ListItem","position":3,"name":"MULTUS B300II"}]},{"@type":"WebSite","@id":"https:\/\/maqcenter.com\/pt-pt\/#website","url":"https:\/\/maqcenter.com\/pt-pt\/","name":"MAQcenter","description":"El centro de tus soluciones","publisher":{"@id":"https:\/\/maqcenter.com\/pt-pt\/#organization"},"potentialAction":[{"@type":"SearchAction","target":{"@type":"EntryPoint","urlTemplate":"https:\/\/maqcenter.com\/pt-pt\/?s={search_term_string}"},"query-input":{"@type":"PropertyValueSpecification","valueRequired":true,"valueName":"search_term_string"}}],"inLanguage":"pt-PT"},{"@type":"Organization","@id":"https:\/\/maqcenter.com\/pt-pt\/#organization","name":"MAQcenter S.A.","url":"https:\/\/maqcenter.com\/pt-pt\/","logo":{"@type":"ImageObject","inLanguage":"pt-PT","@id":"https:\/\/maqcenter.com\/pt-pt\/#\/schema\/logo\/image\/","url":"https:\/\/maqcenter.com\/wp-content\/uploads\/2021\/02\/MAQcenter_logo_vertical.svg","contentUrl":"https:\/\/maqcenter.com\/wp-content\/uploads\/2021\/02\/MAQcenter_logo_vertical.svg","width":300,"height":174,"caption":"MAQcenter S.A."},"image":{"@id":"https:\/\/maqcenter.com\/pt-pt\/#\/schema\/logo\/image\/"}}]}},"_links":{"self":[{"href":"https:\/\/maqcenter.com\/pt-pt\/wp-json\/wp\/v2\/product\/20950","targetHints":{"allow":["GET"]}}],"collection":[{"href":"https:\/\/maqcenter.com\/pt-pt\/wp-json\/wp\/v2\/product"}],"about":[{"href":"https:\/\/maqcenter.com\/pt-pt\/wp-json\/wp\/v2\/types\/product"}],"wp:featuredmedia":[{"embeddable":true,"href":"https:\/\/maqcenter.com\/pt-pt\/wp-json\/wp\/v2\/media\/20951"}],"wp:attachment":[{"href":"https:\/\/maqcenter.com\/pt-pt\/wp-json\/wp\/v2\/media?parent=20950"}],"wp:term":[{"taxonomy":"product_brand","embeddable":true,"href":"https:\/\/maqcenter.com\/pt-pt\/wp-json\/wp\/v2\/product_brand?post=20950"},{"taxonomy":"product_cat","embeddable":true,"href":"https:\/\/maqcenter.com\/pt-pt\/wp-json\/wp\/v2\/product_cat?post=20950"},{"taxonomy":"product_tag","embeddable":true,"href":"https:\/\/maqcenter.com\/pt-pt\/wp-json\/wp\/v2\/product_tag?post=20950"},{"taxonomy":"marca-producto","embeddable":true,"href":"https:\/\/maqcenter.com\/pt-pt\/wp-json\/wp\/v2\/marca-producto?post=20950"},{"taxonomy":"serie-producto","embeddable":true,"href":"https:\/\/maqcenter.com\/pt-pt\/wp-json\/wp\/v2\/serie-producto?post=20950"}],"curies":[{"name":"wp","href":"https:\/\/api.w.org\/{rel}","templated":true}]}}