{"id":20960,"date":"2021-02-08T10:28:51","date_gmt":"2021-02-08T08:28:51","guid":{"rendered":"https:\/\/maqcenter.com\/producto\/multus-u4000\/"},"modified":"2021-02-08T10:28:51","modified_gmt":"2021-02-08T08:28:51","slug":"multus-u4000","status":"publish","type":"product","link":"https:\/\/maqcenter.com\/pt-pt\/producto\/multus-u4000\/","title":{"rendered":"MULTUS U4000"},"content":{"rendered":"<p>O MULTUS U4000 \u00e9 uma m\u00e1quina multitarefa com um trocador autom\u00e1tico de ferramentas e uma op\u00e7\u00e3o de subfuso e torre inferior. Esta m\u00e1quina de mandril de 8-10 polegadas tem uma ampla gama de fun\u00e7\u00f5es de usinagem e \u00e9 a representa\u00e7\u00e3o da pot\u00eancia, velocidade e flexibilidade do processo. Com esta m\u00e1quina, voc\u00ea pode concluir o trabalho em uma configura\u00e7\u00e3o e com ferramentas sobressalentes no ATC. O MULTUS U4000 tem um alcance de 240 \u00b0 no eixo B com um fuso de fresagem H1 de 12.000 rpm com fun\u00e7\u00e3o dupla (L \/ M). A cabe\u00e7a de fresagem H1 de fun\u00e7\u00e3o dupla usa ferramentas CAPTO C6 e possui um fuso motorizado de fresagem de alta pot\u00eancia de 30 HP (intermitente). Em sua configura\u00e7\u00e3o padr\u00e3o, ele equipa um ATC com 40 ferramentas, com op\u00e7\u00e3o de 80 ferramentas. A torre H1 tem um eixo B de 0, 001 graus fornecidos por uma alimenta\u00e7\u00e3o do eixo Y do tipo coluna m\u00f3vel, proporcionando uma poderosa usinagem do eixo Y na faixa de 11,81 polegadas. Os fusos esquerdo e direito (opcional) s\u00e3o equipados com um eixo C de contorno completo e a torre inferior opcional fornece capacidade adicional para aumentar o desempenho e o equil\u00edbrio do processo.       <\/p>\n<p>Agora voc\u00ea pode contornar, furar profundamente e esculpir engrenagens e fazer tarefas simples de torneamento e fresamento, tudo em uma m\u00e1quina.<\/p>\n<p>Os m\u00e9todos de programa\u00e7\u00e3o do torno e do centro de usinagem s\u00e3o facilmente combinados gra\u00e7as ao controle OSP-P300.<\/p>\n","protected":false},"excerpt":{"rendered":"<p>O MULTUS U4000 \u00e9 uma m\u00e1quina multitarefa com um trocador autom\u00e1tico de ferramentas e uma op\u00e7\u00e3o de subfuso e torre inferior. Esta m\u00e1quina de mandril de 8-10 polegadas tem uma ampla gama de fun\u00e7\u00f5es de usinagem e \u00e9 a representa\u00e7\u00e3o da pot\u00eancia, velocidade e flexibilidade do processo. Com esta m\u00e1quina, voc\u00ea pode concluir o trabalho [&hellip;]<\/p>\n","protected":false},"featured_media":20961,"template":"","meta":[],"product_brand":[],"product_cat":[563,566],"product_tag":[568,570,571,573,575],"marca-producto":[26],"serie-producto":[224],"class_list":{"0":"post-20960","1":"product","2":"type-product","3":"status-publish","4":"has-post-thumbnail","6":"product_cat-tornos-pt-pt","7":"product_cat-tornos-multitarefa","8":"product_tag-aeronautica-pt-pt","9":"product_tag-bens-de-equipamento","10":"product_tag-energia-pt-pt","11":"product_tag-grande-consumo","12":"product_tag-moldes-e-matrizes","13":"marca-producto-okuma","14":"serie-producto-multus-u","16":"first","17":"instock","18":"product-type-simple"},"yoast_head":"<!-- This site is optimized with the Yoast SEO plugin v27.0 - https:\/\/yoast.com\/product\/yoast-seo-wordpress\/ -->\n<title>MULTUS U4000<\/title>\n<meta name=\"description\" content=\"MULTUS U4000. O MULTUS U4000 \u00e9 uma m\u00e1quina multitarefa com um trocador autom\u00e1tico de ferramentas e uma op\u00e7\u00e3o de subfuso e torre inferior. Esta m\u00e1quina de mandril de\" \/>\n<meta name=\"robots\" content=\"index, follow, max-snippet:-1, max-image-preview:large, max-video-preview:-1\" \/>\n<link rel=\"canonical\" href=\"https:\/\/maqcenter.com\/pt-pt\/producto\/multus-u4000\/\" \/>\n<meta property=\"og:locale\" content=\"pt_PT\" \/>\n<meta property=\"og:type\" content=\"article\" \/>\n<meta property=\"og:title\" content=\"MULTUS U4000\" \/>\n<meta property=\"og:description\" content=\"MULTUS U4000. O MULTUS U4000 \u00e9 uma m\u00e1quina multitarefa com um trocador autom\u00e1tico de ferramentas e uma op\u00e7\u00e3o de subfuso e torre inferior. Esta m\u00e1quina de mandril de\" \/>\n<meta property=\"og:url\" content=\"https:\/\/maqcenter.com\/pt-pt\/producto\/multus-u4000\/\" \/>\n<meta property=\"og:site_name\" content=\"MAQcenter\" \/>\n<meta name=\"twitter:card\" content=\"summary_large_image\" \/>\n<meta name=\"twitter:label1\" content=\"Tempo estimado de leitura\" \/>\n\t<meta name=\"twitter:data1\" content=\"1 minuto\" \/>\n<script type=\"application\/ld+json\" class=\"yoast-schema-graph\">{\"@context\":\"https:\/\/schema.org\",\"@graph\":[{\"@type\":[\"WebPage\",\"ItemPage\"],\"@id\":\"https:\/\/maqcenter.com\/pt-pt\/producto\/multus-u4000\/\",\"url\":\"https:\/\/maqcenter.com\/pt-pt\/producto\/multus-u4000\/\",\"name\":\"MULTUS U4000\",\"isPartOf\":{\"@id\":\"https:\/\/maqcenter.com\/pt-pt\/#website\"},\"primaryImageOfPage\":{\"@id\":\"https:\/\/maqcenter.com\/pt-pt\/producto\/multus-u4000\/#primaryimage\"},\"image\":{\"@id\":\"https:\/\/maqcenter.com\/pt-pt\/producto\/multus-u4000\/#primaryimage\"},\"thumbnailUrl\":\"https:\/\/maqcenter.com\/wp-content\/uploads\/2021\/02\/OKUMA-MULTUS-U4000.jpg\",\"datePublished\":\"2021-02-08T08:28:51+00:00\",\"description\":\"MULTUS U4000. O MULTUS U4000 \u00e9 uma m\u00e1quina multitarefa com um trocador autom\u00e1tico de ferramentas e uma op\u00e7\u00e3o de subfuso e torre inferior. Esta m\u00e1quina de mandril de\",\"breadcrumb\":{\"@id\":\"https:\/\/maqcenter.com\/pt-pt\/producto\/multus-u4000\/#breadcrumb\"},\"inLanguage\":\"pt-PT\",\"potentialAction\":[{\"@type\":\"ReadAction\",\"target\":[\"https:\/\/maqcenter.com\/pt-pt\/producto\/multus-u4000\/\"]}]},{\"@type\":\"ImageObject\",\"inLanguage\":\"pt-PT\",\"@id\":\"https:\/\/maqcenter.com\/pt-pt\/producto\/multus-u4000\/#primaryimage\",\"url\":\"https:\/\/maqcenter.com\/wp-content\/uploads\/2021\/02\/OKUMA-MULTUS-U4000.jpg\",\"contentUrl\":\"https:\/\/maqcenter.com\/wp-content\/uploads\/2021\/02\/OKUMA-MULTUS-U4000.jpg\",\"width\":500,\"height\":500},{\"@type\":\"BreadcrumbList\",\"@id\":\"https:\/\/maqcenter.com\/pt-pt\/producto\/multus-u4000\/#breadcrumb\",\"itemListElement\":[{\"@type\":\"ListItem\",\"position\":1,\"name\":\"Productos\",\"item\":\"https:\/\/maqcenter.com\/pt-pt\/\"},{\"@type\":\"ListItem\",\"position\":2,\"name\":\"Produtos\",\"item\":\"https:\/\/maqcenter.com\/pt-pt\/shop\/\"},{\"@type\":\"ListItem\",\"position\":3,\"name\":\"MULTUS U4000\"}]},{\"@type\":\"WebSite\",\"@id\":\"https:\/\/maqcenter.com\/pt-pt\/#website\",\"url\":\"https:\/\/maqcenter.com\/pt-pt\/\",\"name\":\"MAQcenter\",\"description\":\"El centro de tus soluciones\",\"publisher\":{\"@id\":\"https:\/\/maqcenter.com\/pt-pt\/#organization\"},\"potentialAction\":[{\"@type\":\"SearchAction\",\"target\":{\"@type\":\"EntryPoint\",\"urlTemplate\":\"https:\/\/maqcenter.com\/pt-pt\/?s={search_term_string}\"},\"query-input\":{\"@type\":\"PropertyValueSpecification\",\"valueRequired\":true,\"valueName\":\"search_term_string\"}}],\"inLanguage\":\"pt-PT\"},{\"@type\":\"Organization\",\"@id\":\"https:\/\/maqcenter.com\/pt-pt\/#organization\",\"name\":\"MAQcenter S.A.\",\"url\":\"https:\/\/maqcenter.com\/pt-pt\/\",\"logo\":{\"@type\":\"ImageObject\",\"inLanguage\":\"pt-PT\",\"@id\":\"https:\/\/maqcenter.com\/pt-pt\/#\/schema\/logo\/image\/\",\"url\":\"https:\/\/maqcenter.com\/wp-content\/uploads\/2021\/02\/MAQcenter_logo_vertical.svg\",\"contentUrl\":\"https:\/\/maqcenter.com\/wp-content\/uploads\/2021\/02\/MAQcenter_logo_vertical.svg\",\"width\":300,\"height\":174,\"caption\":\"MAQcenter S.A.\"},\"image\":{\"@id\":\"https:\/\/maqcenter.com\/pt-pt\/#\/schema\/logo\/image\/\"}}]}<\/script>\n<!-- \/ Yoast SEO plugin. -->","yoast_head_json":{"title":"MULTUS U4000","description":"MULTUS U4000. O MULTUS U4000 \u00e9 uma m\u00e1quina multitarefa com um trocador autom\u00e1tico de ferramentas e uma op\u00e7\u00e3o de subfuso e torre inferior. Esta m\u00e1quina de mandril de","robots":{"index":"index","follow":"follow","max-snippet":"max-snippet:-1","max-image-preview":"max-image-preview:large","max-video-preview":"max-video-preview:-1"},"canonical":"https:\/\/maqcenter.com\/pt-pt\/producto\/multus-u4000\/","og_locale":"pt_PT","og_type":"article","og_title":"MULTUS U4000","og_description":"MULTUS U4000. O MULTUS U4000 \u00e9 uma m\u00e1quina multitarefa com um trocador autom\u00e1tico de ferramentas e uma op\u00e7\u00e3o de subfuso e torre inferior. Esta m\u00e1quina de mandril de","og_url":"https:\/\/maqcenter.com\/pt-pt\/producto\/multus-u4000\/","og_site_name":"MAQcenter","twitter_card":"summary_large_image","twitter_misc":{"Tempo estimado de leitura":"1 minuto"},"schema":{"@context":"https:\/\/schema.org","@graph":[{"@type":["WebPage","ItemPage"],"@id":"https:\/\/maqcenter.com\/pt-pt\/producto\/multus-u4000\/","url":"https:\/\/maqcenter.com\/pt-pt\/producto\/multus-u4000\/","name":"MULTUS U4000","isPartOf":{"@id":"https:\/\/maqcenter.com\/pt-pt\/#website"},"primaryImageOfPage":{"@id":"https:\/\/maqcenter.com\/pt-pt\/producto\/multus-u4000\/#primaryimage"},"image":{"@id":"https:\/\/maqcenter.com\/pt-pt\/producto\/multus-u4000\/#primaryimage"},"thumbnailUrl":"https:\/\/maqcenter.com\/wp-content\/uploads\/2021\/02\/OKUMA-MULTUS-U4000.jpg","datePublished":"2021-02-08T08:28:51+00:00","description":"MULTUS U4000. O MULTUS U4000 \u00e9 uma m\u00e1quina multitarefa com um trocador autom\u00e1tico de ferramentas e uma op\u00e7\u00e3o de subfuso e torre inferior. Esta m\u00e1quina de mandril de","breadcrumb":{"@id":"https:\/\/maqcenter.com\/pt-pt\/producto\/multus-u4000\/#breadcrumb"},"inLanguage":"pt-PT","potentialAction":[{"@type":"ReadAction","target":["https:\/\/maqcenter.com\/pt-pt\/producto\/multus-u4000\/"]}]},{"@type":"ImageObject","inLanguage":"pt-PT","@id":"https:\/\/maqcenter.com\/pt-pt\/producto\/multus-u4000\/#primaryimage","url":"https:\/\/maqcenter.com\/wp-content\/uploads\/2021\/02\/OKUMA-MULTUS-U4000.jpg","contentUrl":"https:\/\/maqcenter.com\/wp-content\/uploads\/2021\/02\/OKUMA-MULTUS-U4000.jpg","width":500,"height":500},{"@type":"BreadcrumbList","@id":"https:\/\/maqcenter.com\/pt-pt\/producto\/multus-u4000\/#breadcrumb","itemListElement":[{"@type":"ListItem","position":1,"name":"Productos","item":"https:\/\/maqcenter.com\/pt-pt\/"},{"@type":"ListItem","position":2,"name":"Produtos","item":"https:\/\/maqcenter.com\/pt-pt\/shop\/"},{"@type":"ListItem","position":3,"name":"MULTUS U4000"}]},{"@type":"WebSite","@id":"https:\/\/maqcenter.com\/pt-pt\/#website","url":"https:\/\/maqcenter.com\/pt-pt\/","name":"MAQcenter","description":"El centro de tus soluciones","publisher":{"@id":"https:\/\/maqcenter.com\/pt-pt\/#organization"},"potentialAction":[{"@type":"SearchAction","target":{"@type":"EntryPoint","urlTemplate":"https:\/\/maqcenter.com\/pt-pt\/?s={search_term_string}"},"query-input":{"@type":"PropertyValueSpecification","valueRequired":true,"valueName":"search_term_string"}}],"inLanguage":"pt-PT"},{"@type":"Organization","@id":"https:\/\/maqcenter.com\/pt-pt\/#organization","name":"MAQcenter S.A.","url":"https:\/\/maqcenter.com\/pt-pt\/","logo":{"@type":"ImageObject","inLanguage":"pt-PT","@id":"https:\/\/maqcenter.com\/pt-pt\/#\/schema\/logo\/image\/","url":"https:\/\/maqcenter.com\/wp-content\/uploads\/2021\/02\/MAQcenter_logo_vertical.svg","contentUrl":"https:\/\/maqcenter.com\/wp-content\/uploads\/2021\/02\/MAQcenter_logo_vertical.svg","width":300,"height":174,"caption":"MAQcenter S.A."},"image":{"@id":"https:\/\/maqcenter.com\/pt-pt\/#\/schema\/logo\/image\/"}}]}},"_links":{"self":[{"href":"https:\/\/maqcenter.com\/pt-pt\/wp-json\/wp\/v2\/product\/20960","targetHints":{"allow":["GET"]}}],"collection":[{"href":"https:\/\/maqcenter.com\/pt-pt\/wp-json\/wp\/v2\/product"}],"about":[{"href":"https:\/\/maqcenter.com\/pt-pt\/wp-json\/wp\/v2\/types\/product"}],"wp:featuredmedia":[{"embeddable":true,"href":"https:\/\/maqcenter.com\/pt-pt\/wp-json\/wp\/v2\/media\/20961"}],"wp:attachment":[{"href":"https:\/\/maqcenter.com\/pt-pt\/wp-json\/wp\/v2\/media?parent=20960"}],"wp:term":[{"taxonomy":"product_brand","embeddable":true,"href":"https:\/\/maqcenter.com\/pt-pt\/wp-json\/wp\/v2\/product_brand?post=20960"},{"taxonomy":"product_cat","embeddable":true,"href":"https:\/\/maqcenter.com\/pt-pt\/wp-json\/wp\/v2\/product_cat?post=20960"},{"taxonomy":"product_tag","embeddable":true,"href":"https:\/\/maqcenter.com\/pt-pt\/wp-json\/wp\/v2\/product_tag?post=20960"},{"taxonomy":"marca-producto","embeddable":true,"href":"https:\/\/maqcenter.com\/pt-pt\/wp-json\/wp\/v2\/marca-producto?post=20960"},{"taxonomy":"serie-producto","embeddable":true,"href":"https:\/\/maqcenter.com\/pt-pt\/wp-json\/wp\/v2\/serie-producto?post=20960"}],"curies":[{"name":"wp","href":"https:\/\/api.w.org\/{rel}","templated":true}]}}