{"id":21015,"date":"2021-02-25T14:01:22","date_gmt":"2021-02-25T12:01:22","guid":{"rendered":"https:\/\/maqcenter.com\/producto\/vtm-1200yb\/"},"modified":"2021-02-25T14:01:22","modified_gmt":"2021-02-25T12:01:22","slug":"vtm-1200yb","status":"publish","type":"product","link":"https:\/\/maqcenter.com\/pt-pt\/producto\/vtm-1200yb\/","title":{"rendered":"VTM-1200YB"},"content":{"rendered":"<p>O centro de torneamento multitarefa de 5 eixos VTM-1200YB \u00e9 ideal para grandes requisitos de torneamento \/ fresamento e pe\u00e7as complexas. Sua estrutura robusta oferece extrema rigidez para usinagem CNC de pe\u00e7as grandes e sua alta pot\u00eancia manuseia pe\u00e7as de grande di\u00e2metro com facilidade. <\/p>\n<p>Este centro de giro corta formas de todos os tipos, passando instantaneamente de giro para multitarefa em um \u00e2ngulo. Voc\u00ea pode executar torneamento, usinagem de superf\u00edcie vertical, horizontal e angular em uma opera\u00e7\u00e3o sem reorientar a pe\u00e7a no mandril. Com o controle do operador da dire\u00e7\u00e3o do fuso em rela\u00e7\u00e3o \u00e0 superf\u00edcie da pe\u00e7a, o corte lateral com fresas retas pode ser usado para reduzir drasticamente o tempo de corte em compara\u00e7\u00e3o com o corte pontual com cortadores esf\u00e9ricos. O fuso de trabalho \u00e9 apoiado em dois pontos por rolamentos de rolos de grande di\u00e2metro, oferecendo controle de precis\u00e3o para a produ\u00e7\u00e3o de pe\u00e7as complexas. A cabe\u00e7a da engrenagem do fuso gera alto torque capaz de sustentar o corte pesado necess\u00e1rio para pe\u00e7as como corpos de v\u00e1lvula superdimensionados. O desenho vertical da m\u00e1quina oferece a vantagem de uma manipula\u00e7\u00e3o &#8220;natural&#8221; das pe\u00e7as e uma excelente queda das aparas, tudo isto com um m\u00ednimo de espa\u00e7o.     <\/p>\n<p>Equipado com o controle OSP da Okuma, al\u00e9m da avan\u00e7ada tecnologia de usinagem CNC de 5 eixos de alta precis\u00e3o (incluindo o conceito Thermo-Friendly para estabilidade t\u00e9rmica), o centro de torneamento VTM-1200YB \u00e9 uma excelente escolha para componentes grandes e complexos que s\u00e3o fabricados para a ind\u00fastria aeron\u00e1utica ind\u00fastrias,<\/p>\n","protected":false},"excerpt":{"rendered":"<p>O centro de torneamento multitarefa de 5 eixos VTM-1200YB \u00e9 ideal para grandes requisitos de torneamento \/ fresamento e pe\u00e7as complexas. Sua estrutura robusta oferece extrema rigidez para usinagem CNC de pe\u00e7as grandes e sua alta pot\u00eancia manuseia pe\u00e7as de grande di\u00e2metro com facilidade. Este centro de giro corta formas de todos os tipos, passando [&hellip;]<\/p>\n","protected":false},"featured_media":21016,"template":"","meta":[],"product_brand":[],"product_cat":[563,566],"product_tag":[568,570,571,572],"marca-producto":[26],"serie-producto":[267],"class_list":{"0":"post-21015","1":"product","2":"type-product","3":"status-publish","4":"has-post-thumbnail","6":"product_cat-tornos-pt-pt","7":"product_cat-tornos-multitarefa","8":"product_tag-aeronautica-pt-pt","9":"product_tag-bens-de-equipamento","10":"product_tag-energia-pt-pt","11":"product_tag-ferrovia","12":"marca-producto-okuma","13":"serie-producto-vtm-yb","15":"first","16":"instock","17":"product-type-simple"},"yoast_head":"<!-- This site is optimized with the Yoast SEO plugin v27.0 - https:\/\/yoast.com\/product\/yoast-seo-wordpress\/ -->\n<title>VTM-1200YB<\/title>\n<meta name=\"description\" content=\"VTM-1200YB. O centro de torneamento multitarefa de 5 eixos VTM-1200YB \u00e9 ideal para grandes requisitos de torneamento \/ fresamento e pe\u00e7as complexas. Sua estrutura\" \/>\n<meta name=\"robots\" content=\"index, follow, max-snippet:-1, max-image-preview:large, max-video-preview:-1\" \/>\n<link rel=\"canonical\" href=\"https:\/\/maqcenter.com\/pt-pt\/producto\/vtm-1200yb\/\" \/>\n<meta property=\"og:locale\" content=\"pt_PT\" \/>\n<meta property=\"og:type\" content=\"article\" \/>\n<meta property=\"og:title\" content=\"VTM-1200YB\" \/>\n<meta property=\"og:description\" content=\"VTM-1200YB. O centro de torneamento multitarefa de 5 eixos VTM-1200YB \u00e9 ideal para grandes requisitos de torneamento \/ fresamento e pe\u00e7as complexas. Sua estrutura\" \/>\n<meta property=\"og:url\" content=\"https:\/\/maqcenter.com\/pt-pt\/producto\/vtm-1200yb\/\" \/>\n<meta property=\"og:site_name\" content=\"MAQcenter\" \/>\n<meta name=\"twitter:card\" content=\"summary_large_image\" \/>\n<meta name=\"twitter:label1\" content=\"Tempo estimado de leitura\" \/>\n\t<meta name=\"twitter:data1\" content=\"1 minuto\" \/>\n<script type=\"application\/ld+json\" class=\"yoast-schema-graph\">{\"@context\":\"https:\/\/schema.org\",\"@graph\":[{\"@type\":[\"WebPage\",\"ItemPage\"],\"@id\":\"https:\/\/maqcenter.com\/pt-pt\/producto\/vtm-1200yb\/\",\"url\":\"https:\/\/maqcenter.com\/pt-pt\/producto\/vtm-1200yb\/\",\"name\":\"VTM-1200YB\",\"isPartOf\":{\"@id\":\"https:\/\/maqcenter.com\/pt-pt\/#website\"},\"primaryImageOfPage\":{\"@id\":\"https:\/\/maqcenter.com\/pt-pt\/producto\/vtm-1200yb\/#primaryimage\"},\"image\":{\"@id\":\"https:\/\/maqcenter.com\/pt-pt\/producto\/vtm-1200yb\/#primaryimage\"},\"thumbnailUrl\":\"https:\/\/maqcenter.com\/wp-content\/uploads\/2021\/02\/OKUMA-VTM-1200YB.jpg\",\"datePublished\":\"2021-02-25T12:01:22+00:00\",\"description\":\"VTM-1200YB. O centro de torneamento multitarefa de 5 eixos VTM-1200YB \u00e9 ideal para grandes requisitos de torneamento \/ fresamento e pe\u00e7as complexas. Sua estrutura\",\"breadcrumb\":{\"@id\":\"https:\/\/maqcenter.com\/pt-pt\/producto\/vtm-1200yb\/#breadcrumb\"},\"inLanguage\":\"pt-PT\",\"potentialAction\":[{\"@type\":\"ReadAction\",\"target\":[\"https:\/\/maqcenter.com\/pt-pt\/producto\/vtm-1200yb\/\"]}]},{\"@type\":\"ImageObject\",\"inLanguage\":\"pt-PT\",\"@id\":\"https:\/\/maqcenter.com\/pt-pt\/producto\/vtm-1200yb\/#primaryimage\",\"url\":\"https:\/\/maqcenter.com\/wp-content\/uploads\/2021\/02\/OKUMA-VTM-1200YB.jpg\",\"contentUrl\":\"https:\/\/maqcenter.com\/wp-content\/uploads\/2021\/02\/OKUMA-VTM-1200YB.jpg\",\"width\":500,\"height\":500},{\"@type\":\"BreadcrumbList\",\"@id\":\"https:\/\/maqcenter.com\/pt-pt\/producto\/vtm-1200yb\/#breadcrumb\",\"itemListElement\":[{\"@type\":\"ListItem\",\"position\":1,\"name\":\"Productos\",\"item\":\"https:\/\/maqcenter.com\/pt-pt\/\"},{\"@type\":\"ListItem\",\"position\":2,\"name\":\"Produtos\",\"item\":\"https:\/\/maqcenter.com\/pt-pt\/shop\/\"},{\"@type\":\"ListItem\",\"position\":3,\"name\":\"VTM-1200YB\"}]},{\"@type\":\"WebSite\",\"@id\":\"https:\/\/maqcenter.com\/pt-pt\/#website\",\"url\":\"https:\/\/maqcenter.com\/pt-pt\/\",\"name\":\"MAQcenter\",\"description\":\"El centro de tus soluciones\",\"publisher\":{\"@id\":\"https:\/\/maqcenter.com\/pt-pt\/#organization\"},\"potentialAction\":[{\"@type\":\"SearchAction\",\"target\":{\"@type\":\"EntryPoint\",\"urlTemplate\":\"https:\/\/maqcenter.com\/pt-pt\/?s={search_term_string}\"},\"query-input\":{\"@type\":\"PropertyValueSpecification\",\"valueRequired\":true,\"valueName\":\"search_term_string\"}}],\"inLanguage\":\"pt-PT\"},{\"@type\":\"Organization\",\"@id\":\"https:\/\/maqcenter.com\/pt-pt\/#organization\",\"name\":\"MAQcenter S.A.\",\"url\":\"https:\/\/maqcenter.com\/pt-pt\/\",\"logo\":{\"@type\":\"ImageObject\",\"inLanguage\":\"pt-PT\",\"@id\":\"https:\/\/maqcenter.com\/pt-pt\/#\/schema\/logo\/image\/\",\"url\":\"https:\/\/maqcenter.com\/wp-content\/uploads\/2021\/02\/MAQcenter_logo_vertical.svg\",\"contentUrl\":\"https:\/\/maqcenter.com\/wp-content\/uploads\/2021\/02\/MAQcenter_logo_vertical.svg\",\"width\":300,\"height\":174,\"caption\":\"MAQcenter S.A.\"},\"image\":{\"@id\":\"https:\/\/maqcenter.com\/pt-pt\/#\/schema\/logo\/image\/\"}}]}<\/script>\n<!-- \/ Yoast SEO plugin. -->","yoast_head_json":{"title":"VTM-1200YB","description":"VTM-1200YB. O centro de torneamento multitarefa de 5 eixos VTM-1200YB \u00e9 ideal para grandes requisitos de torneamento \/ fresamento e pe\u00e7as complexas. Sua estrutura","robots":{"index":"index","follow":"follow","max-snippet":"max-snippet:-1","max-image-preview":"max-image-preview:large","max-video-preview":"max-video-preview:-1"},"canonical":"https:\/\/maqcenter.com\/pt-pt\/producto\/vtm-1200yb\/","og_locale":"pt_PT","og_type":"article","og_title":"VTM-1200YB","og_description":"VTM-1200YB. O centro de torneamento multitarefa de 5 eixos VTM-1200YB \u00e9 ideal para grandes requisitos de torneamento \/ fresamento e pe\u00e7as complexas. Sua estrutura","og_url":"https:\/\/maqcenter.com\/pt-pt\/producto\/vtm-1200yb\/","og_site_name":"MAQcenter","twitter_card":"summary_large_image","twitter_misc":{"Tempo estimado de leitura":"1 minuto"},"schema":{"@context":"https:\/\/schema.org","@graph":[{"@type":["WebPage","ItemPage"],"@id":"https:\/\/maqcenter.com\/pt-pt\/producto\/vtm-1200yb\/","url":"https:\/\/maqcenter.com\/pt-pt\/producto\/vtm-1200yb\/","name":"VTM-1200YB","isPartOf":{"@id":"https:\/\/maqcenter.com\/pt-pt\/#website"},"primaryImageOfPage":{"@id":"https:\/\/maqcenter.com\/pt-pt\/producto\/vtm-1200yb\/#primaryimage"},"image":{"@id":"https:\/\/maqcenter.com\/pt-pt\/producto\/vtm-1200yb\/#primaryimage"},"thumbnailUrl":"https:\/\/maqcenter.com\/wp-content\/uploads\/2021\/02\/OKUMA-VTM-1200YB.jpg","datePublished":"2021-02-25T12:01:22+00:00","description":"VTM-1200YB. O centro de torneamento multitarefa de 5 eixos VTM-1200YB \u00e9 ideal para grandes requisitos de torneamento \/ fresamento e pe\u00e7as complexas. Sua estrutura","breadcrumb":{"@id":"https:\/\/maqcenter.com\/pt-pt\/producto\/vtm-1200yb\/#breadcrumb"},"inLanguage":"pt-PT","potentialAction":[{"@type":"ReadAction","target":["https:\/\/maqcenter.com\/pt-pt\/producto\/vtm-1200yb\/"]}]},{"@type":"ImageObject","inLanguage":"pt-PT","@id":"https:\/\/maqcenter.com\/pt-pt\/producto\/vtm-1200yb\/#primaryimage","url":"https:\/\/maqcenter.com\/wp-content\/uploads\/2021\/02\/OKUMA-VTM-1200YB.jpg","contentUrl":"https:\/\/maqcenter.com\/wp-content\/uploads\/2021\/02\/OKUMA-VTM-1200YB.jpg","width":500,"height":500},{"@type":"BreadcrumbList","@id":"https:\/\/maqcenter.com\/pt-pt\/producto\/vtm-1200yb\/#breadcrumb","itemListElement":[{"@type":"ListItem","position":1,"name":"Productos","item":"https:\/\/maqcenter.com\/pt-pt\/"},{"@type":"ListItem","position":2,"name":"Produtos","item":"https:\/\/maqcenter.com\/pt-pt\/shop\/"},{"@type":"ListItem","position":3,"name":"VTM-1200YB"}]},{"@type":"WebSite","@id":"https:\/\/maqcenter.com\/pt-pt\/#website","url":"https:\/\/maqcenter.com\/pt-pt\/","name":"MAQcenter","description":"El centro de tus soluciones","publisher":{"@id":"https:\/\/maqcenter.com\/pt-pt\/#organization"},"potentialAction":[{"@type":"SearchAction","target":{"@type":"EntryPoint","urlTemplate":"https:\/\/maqcenter.com\/pt-pt\/?s={search_term_string}"},"query-input":{"@type":"PropertyValueSpecification","valueRequired":true,"valueName":"search_term_string"}}],"inLanguage":"pt-PT"},{"@type":"Organization","@id":"https:\/\/maqcenter.com\/pt-pt\/#organization","name":"MAQcenter S.A.","url":"https:\/\/maqcenter.com\/pt-pt\/","logo":{"@type":"ImageObject","inLanguage":"pt-PT","@id":"https:\/\/maqcenter.com\/pt-pt\/#\/schema\/logo\/image\/","url":"https:\/\/maqcenter.com\/wp-content\/uploads\/2021\/02\/MAQcenter_logo_vertical.svg","contentUrl":"https:\/\/maqcenter.com\/wp-content\/uploads\/2021\/02\/MAQcenter_logo_vertical.svg","width":300,"height":174,"caption":"MAQcenter S.A."},"image":{"@id":"https:\/\/maqcenter.com\/pt-pt\/#\/schema\/logo\/image\/"}}]}},"_links":{"self":[{"href":"https:\/\/maqcenter.com\/pt-pt\/wp-json\/wp\/v2\/product\/21015","targetHints":{"allow":["GET"]}}],"collection":[{"href":"https:\/\/maqcenter.com\/pt-pt\/wp-json\/wp\/v2\/product"}],"about":[{"href":"https:\/\/maqcenter.com\/pt-pt\/wp-json\/wp\/v2\/types\/product"}],"wp:featuredmedia":[{"embeddable":true,"href":"https:\/\/maqcenter.com\/pt-pt\/wp-json\/wp\/v2\/media\/21016"}],"wp:attachment":[{"href":"https:\/\/maqcenter.com\/pt-pt\/wp-json\/wp\/v2\/media?parent=21015"}],"wp:term":[{"taxonomy":"product_brand","embeddable":true,"href":"https:\/\/maqcenter.com\/pt-pt\/wp-json\/wp\/v2\/product_brand?post=21015"},{"taxonomy":"product_cat","embeddable":true,"href":"https:\/\/maqcenter.com\/pt-pt\/wp-json\/wp\/v2\/product_cat?post=21015"},{"taxonomy":"product_tag","embeddable":true,"href":"https:\/\/maqcenter.com\/pt-pt\/wp-json\/wp\/v2\/product_tag?post=21015"},{"taxonomy":"marca-producto","embeddable":true,"href":"https:\/\/maqcenter.com\/pt-pt\/wp-json\/wp\/v2\/marca-producto?post=21015"},{"taxonomy":"serie-producto","embeddable":true,"href":"https:\/\/maqcenter.com\/pt-pt\/wp-json\/wp\/v2\/serie-producto?post=21015"}],"curies":[{"name":"wp","href":"https:\/\/api.w.org\/{rel}","templated":true}]}}