{"id":21050,"date":"2021-02-25T14:01:22","date_gmt":"2021-02-25T12:01:22","guid":{"rendered":"https:\/\/maqcenter.com\/producto\/mu-6300v\/"},"modified":"2025-05-14T15:46:26","modified_gmt":"2025-05-14T13:46:26","slug":"mu-6300v","status":"publish","type":"product","link":"https:\/\/maqcenter.com\/pt-pt\/producto\/mu-6300v\/","title":{"rendered":"MU-6300V"},"content":{"rendered":"<p>O centro de usinagem vertical de 5 eixos MU-6300V atinge alta efici\u00eancia e alta produtividade na usinagem de v\u00e1rios lados de 5 eixos. A estrutura de coluna dupla altamente r\u00edgida e precisa deste centro de usinagem vertical CNC e o baixo centro de gravidade no movimento da pe\u00e7a (mesa de munh\u00e3o) permitem cortes pesados \u200b\u200be acabamento em alta velocidade. <\/p>\n<p>A mesa de munh\u00e3o de alta velocidade e alta precis\u00e3o oferece posicionamento r\u00e1pido e preciso para corte simult\u00e2neo de 5 eixos. O MU-6300V pode ser facilmente adaptado para uso com APC, Multiple ATC, automa\u00e7\u00e3o ou FMS sem comprometer a operabilidade porque essa expans\u00e3o ocorre na parte traseira da m\u00e1quina. Constru\u00eddo em nossa estrutura termo-amig\u00e1vel, Esta m\u00e1quina ter\u00e1 um desempenho consistente da primeira \u00e0 \u00faltima parte, independentemente do tempo de aquecimento ou da temperatura ambiente.  <\/p>\n<p>O MU-6300V foi homenageado com o Pr\u00eamio Top 10 Novos Produtos Nikkan Kogyo Shimbun (Business &amp; Technology Daily News) em sua 55\u00aa edi\u00e7\u00e3o (2012).<\/p>\n","protected":false},"excerpt":{"rendered":"<p>O centro de usinagem vertical de 5 eixos MU-6300V atinge alta efici\u00eancia e alta produtividade na usinagem de v\u00e1rios lados de 5 eixos. A estrutura de coluna dupla altamente r\u00edgida e precisa deste centro de usinagem vertical CNC e o baixo centro de gravidade no movimento da pe\u00e7a (mesa de munh\u00e3o) permitem cortes pesados \u200b\u200be [&hellip;]<\/p>\n","protected":false},"featured_media":21051,"template":"","meta":[],"product_brand":[],"product_cat":[504,505],"product_tag":[569,570,573,575],"marca-producto":[26],"serie-producto":[266],"class_list":{"0":"post-21050","1":"product","2":"type-product","3":"status-publish","4":"has-post-thumbnail","6":"product_cat-centros-de-maquinacao","7":"product_cat-centros-de-maquinacao-de-5-eixos","8":"product_tag-automovel","9":"product_tag-bens-de-equipamento","10":"product_tag-grande-consumo","11":"product_tag-moldes-e-matrizes","12":"marca-producto-okuma","13":"serie-producto-mu-v","15":"first","16":"instock","17":"featured","18":"product-type-simple"},"yoast_head":"<!-- This site is optimized with the Yoast SEO plugin v27.0 - https:\/\/yoast.com\/product\/yoast-seo-wordpress\/ -->\n<title>MU-6300V<\/title>\n<meta name=\"description\" content=\"MU-6300V. O centro de usinagem vertical de 5 eixos MU-6300V atinge alta efici\u00eancia e alta produtividade na usinagem de v\u00e1rios lados de 5 eixos. A estrutura de\" \/>\n<meta name=\"robots\" content=\"index, follow, max-snippet:-1, max-image-preview:large, max-video-preview:-1\" \/>\n<link rel=\"canonical\" href=\"https:\/\/maqcenter.com\/pt-pt\/producto\/mu-6300v\/\" \/>\n<meta property=\"og:locale\" content=\"pt_PT\" \/>\n<meta property=\"og:type\" content=\"article\" \/>\n<meta property=\"og:title\" content=\"MU-6300V\" \/>\n<meta property=\"og:description\" content=\"MU-6300V. O centro de usinagem vertical de 5 eixos MU-6300V atinge alta efici\u00eancia e alta produtividade na usinagem de v\u00e1rios lados de 5 eixos. A estrutura de\" \/>\n<meta property=\"og:url\" content=\"https:\/\/maqcenter.com\/pt-pt\/producto\/mu-6300v\/\" \/>\n<meta property=\"og:site_name\" content=\"MAQcenter\" \/>\n<meta property=\"article:modified_time\" content=\"2025-05-14T13:46:26+00:00\" \/>\n<meta property=\"og:image\" content=\"https:\/\/maqcenter.com\/wp-content\/uploads\/2021\/02\/OKUMA-MU-6300V.jpg\" \/>\n\t<meta property=\"og:image:width\" content=\"500\" \/>\n\t<meta property=\"og:image:height\" content=\"500\" \/>\n\t<meta property=\"og:image:type\" content=\"image\/jpeg\" \/>\n<meta name=\"twitter:card\" content=\"summary_large_image\" \/>\n<meta name=\"twitter:label1\" content=\"Tempo estimado de leitura\" \/>\n\t<meta name=\"twitter:data1\" content=\"1 minuto\" \/>\n<script type=\"application\/ld+json\" class=\"yoast-schema-graph\">{\"@context\":\"https:\/\/schema.org\",\"@graph\":[{\"@type\":[\"WebPage\",\"ItemPage\"],\"@id\":\"https:\/\/maqcenter.com\/pt-pt\/producto\/mu-6300v\/\",\"url\":\"https:\/\/maqcenter.com\/pt-pt\/producto\/mu-6300v\/\",\"name\":\"MU-6300V\",\"isPartOf\":{\"@id\":\"https:\/\/maqcenter.com\/pt-pt\/#website\"},\"primaryImageOfPage\":{\"@id\":\"https:\/\/maqcenter.com\/pt-pt\/producto\/mu-6300v\/#primaryimage\"},\"image\":{\"@id\":\"https:\/\/maqcenter.com\/pt-pt\/producto\/mu-6300v\/#primaryimage\"},\"thumbnailUrl\":\"https:\/\/maqcenter.com\/wp-content\/uploads\/2021\/02\/OKUMA-MU-6300V.jpg\",\"datePublished\":\"2021-02-25T12:01:22+00:00\",\"dateModified\":\"2025-05-14T13:46:26+00:00\",\"description\":\"MU-6300V. O centro de usinagem vertical de 5 eixos MU-6300V atinge alta efici\u00eancia e alta produtividade na usinagem de v\u00e1rios lados de 5 eixos. A estrutura de\",\"breadcrumb\":{\"@id\":\"https:\/\/maqcenter.com\/pt-pt\/producto\/mu-6300v\/#breadcrumb\"},\"inLanguage\":\"pt-PT\",\"potentialAction\":[{\"@type\":\"ReadAction\",\"target\":[\"https:\/\/maqcenter.com\/pt-pt\/producto\/mu-6300v\/\"]}]},{\"@type\":\"ImageObject\",\"inLanguage\":\"pt-PT\",\"@id\":\"https:\/\/maqcenter.com\/pt-pt\/producto\/mu-6300v\/#primaryimage\",\"url\":\"https:\/\/maqcenter.com\/wp-content\/uploads\/2021\/02\/OKUMA-MU-6300V.jpg\",\"contentUrl\":\"https:\/\/maqcenter.com\/wp-content\/uploads\/2021\/02\/OKUMA-MU-6300V.jpg\",\"width\":500,\"height\":500,\"caption\":\"Centros mecanizado vertical Okuma MU-6300V\"},{\"@type\":\"BreadcrumbList\",\"@id\":\"https:\/\/maqcenter.com\/pt-pt\/producto\/mu-6300v\/#breadcrumb\",\"itemListElement\":[{\"@type\":\"ListItem\",\"position\":1,\"name\":\"Productos\",\"item\":\"https:\/\/maqcenter.com\/pt-pt\/\"},{\"@type\":\"ListItem\",\"position\":2,\"name\":\"Produtos\",\"item\":\"https:\/\/maqcenter.com\/pt-pt\/shop\/\"},{\"@type\":\"ListItem\",\"position\":3,\"name\":\"MU-6300V\"}]},{\"@type\":\"WebSite\",\"@id\":\"https:\/\/maqcenter.com\/pt-pt\/#website\",\"url\":\"https:\/\/maqcenter.com\/pt-pt\/\",\"name\":\"MAQcenter\",\"description\":\"El centro de tus soluciones\",\"publisher\":{\"@id\":\"https:\/\/maqcenter.com\/pt-pt\/#organization\"},\"potentialAction\":[{\"@type\":\"SearchAction\",\"target\":{\"@type\":\"EntryPoint\",\"urlTemplate\":\"https:\/\/maqcenter.com\/pt-pt\/?s={search_term_string}\"},\"query-input\":{\"@type\":\"PropertyValueSpecification\",\"valueRequired\":true,\"valueName\":\"search_term_string\"}}],\"inLanguage\":\"pt-PT\"},{\"@type\":\"Organization\",\"@id\":\"https:\/\/maqcenter.com\/pt-pt\/#organization\",\"name\":\"MAQcenter S.A.\",\"url\":\"https:\/\/maqcenter.com\/pt-pt\/\",\"logo\":{\"@type\":\"ImageObject\",\"inLanguage\":\"pt-PT\",\"@id\":\"https:\/\/maqcenter.com\/pt-pt\/#\/schema\/logo\/image\/\",\"url\":\"https:\/\/maqcenter.com\/wp-content\/uploads\/2021\/02\/MAQcenter_logo_vertical.svg\",\"contentUrl\":\"https:\/\/maqcenter.com\/wp-content\/uploads\/2021\/02\/MAQcenter_logo_vertical.svg\",\"width\":300,\"height\":174,\"caption\":\"MAQcenter S.A.\"},\"image\":{\"@id\":\"https:\/\/maqcenter.com\/pt-pt\/#\/schema\/logo\/image\/\"}}]}<\/script>\n<!-- \/ Yoast SEO plugin. -->","yoast_head_json":{"title":"MU-6300V","description":"MU-6300V. O centro de usinagem vertical de 5 eixos MU-6300V atinge alta efici\u00eancia e alta produtividade na usinagem de v\u00e1rios lados de 5 eixos. A estrutura de","robots":{"index":"index","follow":"follow","max-snippet":"max-snippet:-1","max-image-preview":"max-image-preview:large","max-video-preview":"max-video-preview:-1"},"canonical":"https:\/\/maqcenter.com\/pt-pt\/producto\/mu-6300v\/","og_locale":"pt_PT","og_type":"article","og_title":"MU-6300V","og_description":"MU-6300V. O centro de usinagem vertical de 5 eixos MU-6300V atinge alta efici\u00eancia e alta produtividade na usinagem de v\u00e1rios lados de 5 eixos. A estrutura de","og_url":"https:\/\/maqcenter.com\/pt-pt\/producto\/mu-6300v\/","og_site_name":"MAQcenter","article_modified_time":"2025-05-14T13:46:26+00:00","og_image":[{"width":500,"height":500,"url":"https:\/\/maqcenter.com\/wp-content\/uploads\/2021\/02\/OKUMA-MU-6300V.jpg","type":"image\/jpeg"}],"twitter_card":"summary_large_image","twitter_misc":{"Tempo estimado de leitura":"1 minuto"},"schema":{"@context":"https:\/\/schema.org","@graph":[{"@type":["WebPage","ItemPage"],"@id":"https:\/\/maqcenter.com\/pt-pt\/producto\/mu-6300v\/","url":"https:\/\/maqcenter.com\/pt-pt\/producto\/mu-6300v\/","name":"MU-6300V","isPartOf":{"@id":"https:\/\/maqcenter.com\/pt-pt\/#website"},"primaryImageOfPage":{"@id":"https:\/\/maqcenter.com\/pt-pt\/producto\/mu-6300v\/#primaryimage"},"image":{"@id":"https:\/\/maqcenter.com\/pt-pt\/producto\/mu-6300v\/#primaryimage"},"thumbnailUrl":"https:\/\/maqcenter.com\/wp-content\/uploads\/2021\/02\/OKUMA-MU-6300V.jpg","datePublished":"2021-02-25T12:01:22+00:00","dateModified":"2025-05-14T13:46:26+00:00","description":"MU-6300V. O centro de usinagem vertical de 5 eixos MU-6300V atinge alta efici\u00eancia e alta produtividade na usinagem de v\u00e1rios lados de 5 eixos. A estrutura de","breadcrumb":{"@id":"https:\/\/maqcenter.com\/pt-pt\/producto\/mu-6300v\/#breadcrumb"},"inLanguage":"pt-PT","potentialAction":[{"@type":"ReadAction","target":["https:\/\/maqcenter.com\/pt-pt\/producto\/mu-6300v\/"]}]},{"@type":"ImageObject","inLanguage":"pt-PT","@id":"https:\/\/maqcenter.com\/pt-pt\/producto\/mu-6300v\/#primaryimage","url":"https:\/\/maqcenter.com\/wp-content\/uploads\/2021\/02\/OKUMA-MU-6300V.jpg","contentUrl":"https:\/\/maqcenter.com\/wp-content\/uploads\/2021\/02\/OKUMA-MU-6300V.jpg","width":500,"height":500,"caption":"Centros mecanizado vertical Okuma MU-6300V"},{"@type":"BreadcrumbList","@id":"https:\/\/maqcenter.com\/pt-pt\/producto\/mu-6300v\/#breadcrumb","itemListElement":[{"@type":"ListItem","position":1,"name":"Productos","item":"https:\/\/maqcenter.com\/pt-pt\/"},{"@type":"ListItem","position":2,"name":"Produtos","item":"https:\/\/maqcenter.com\/pt-pt\/shop\/"},{"@type":"ListItem","position":3,"name":"MU-6300V"}]},{"@type":"WebSite","@id":"https:\/\/maqcenter.com\/pt-pt\/#website","url":"https:\/\/maqcenter.com\/pt-pt\/","name":"MAQcenter","description":"El centro de tus soluciones","publisher":{"@id":"https:\/\/maqcenter.com\/pt-pt\/#organization"},"potentialAction":[{"@type":"SearchAction","target":{"@type":"EntryPoint","urlTemplate":"https:\/\/maqcenter.com\/pt-pt\/?s={search_term_string}"},"query-input":{"@type":"PropertyValueSpecification","valueRequired":true,"valueName":"search_term_string"}}],"inLanguage":"pt-PT"},{"@type":"Organization","@id":"https:\/\/maqcenter.com\/pt-pt\/#organization","name":"MAQcenter S.A.","url":"https:\/\/maqcenter.com\/pt-pt\/","logo":{"@type":"ImageObject","inLanguage":"pt-PT","@id":"https:\/\/maqcenter.com\/pt-pt\/#\/schema\/logo\/image\/","url":"https:\/\/maqcenter.com\/wp-content\/uploads\/2021\/02\/MAQcenter_logo_vertical.svg","contentUrl":"https:\/\/maqcenter.com\/wp-content\/uploads\/2021\/02\/MAQcenter_logo_vertical.svg","width":300,"height":174,"caption":"MAQcenter S.A."},"image":{"@id":"https:\/\/maqcenter.com\/pt-pt\/#\/schema\/logo\/image\/"}}]}},"_links":{"self":[{"href":"https:\/\/maqcenter.com\/pt-pt\/wp-json\/wp\/v2\/product\/21050","targetHints":{"allow":["GET"]}}],"collection":[{"href":"https:\/\/maqcenter.com\/pt-pt\/wp-json\/wp\/v2\/product"}],"about":[{"href":"https:\/\/maqcenter.com\/pt-pt\/wp-json\/wp\/v2\/types\/product"}],"wp:featuredmedia":[{"embeddable":true,"href":"https:\/\/maqcenter.com\/pt-pt\/wp-json\/wp\/v2\/media\/21051"}],"wp:attachment":[{"href":"https:\/\/maqcenter.com\/pt-pt\/wp-json\/wp\/v2\/media?parent=21050"}],"wp:term":[{"taxonomy":"product_brand","embeddable":true,"href":"https:\/\/maqcenter.com\/pt-pt\/wp-json\/wp\/v2\/product_brand?post=21050"},{"taxonomy":"product_cat","embeddable":true,"href":"https:\/\/maqcenter.com\/pt-pt\/wp-json\/wp\/v2\/product_cat?post=21050"},{"taxonomy":"product_tag","embeddable":true,"href":"https:\/\/maqcenter.com\/pt-pt\/wp-json\/wp\/v2\/product_tag?post=21050"},{"taxonomy":"marca-producto","embeddable":true,"href":"https:\/\/maqcenter.com\/pt-pt\/wp-json\/wp\/v2\/marca-producto?post=21050"},{"taxonomy":"serie-producto","embeddable":true,"href":"https:\/\/maqcenter.com\/pt-pt\/wp-json\/wp\/v2\/serie-producto?post=21050"}],"curies":[{"name":"wp","href":"https:\/\/api.w.org\/{rel}","templated":true}]}}