{"id":21060,"date":"2021-02-25T14:01:22","date_gmt":"2021-02-25T12:01:22","guid":{"rendered":"https:\/\/maqcenter.com\/producto\/mu-4000v\/"},"modified":"2021-02-25T14:01:22","modified_gmt":"2021-02-25T12:01:22","slug":"mu-4000v","status":"publish","type":"product","link":"https:\/\/maqcenter.com\/pt-pt\/producto\/mu-4000v\/","title":{"rendered":"MU-4000V"},"content":{"rendered":"<p>O centro de usinagem vertical CNC de 5 eixos MU-4000V combina alta efici\u00eancia e precis\u00e3o para produzir pe\u00e7as de alta qualidade com grandes s\u00e9ries de pe\u00e7as. O fresamento e torneamento em 5 eixos simult\u00e2neos permite a usinagem multifacetada com um \u00fanico mandril, juntamente com excelente qualidade de superf\u00edcie e precis\u00e3o dimensional. Com um dos maiores espa\u00e7os de trabalho em sua classe, esta m\u00e1quina oferece a flexibilidade para lidar com uma ampla variedade de pe\u00e7as de trabalho, mantendo o espa\u00e7o mais compacto poss\u00edvel.  <\/p>\n<p>Um motor de alta velocidade e alta pot\u00eancia est\u00e1 dispon\u00edvel com CAT 40 ou HSK A-63 e a op\u00e7\u00e3o de girar na mesa do eixo C para poder de processamento adicional. Este modelo incorpora um trocador de ferramenta autom\u00e1tico de alta velocidade de 32 posi\u00e7\u00f5es e avan\u00e7o r\u00e1pido de 1968 ipm, resultando em uma poderosa capacidade de produ\u00e7\u00e3o. O MU-4000V inclui o mais recente sistema de controle simult\u00e2neo de 5 eixos completo, o OSP-P300. O controle oferece funcionalidades como codificadores de posi\u00e7\u00e3o absoluta patenteados OSP, que n\u00e3o requerem retorno de zero, e os mais recentes visores e software Easy Operation.<br \/>\nAproveite as vantagens de uma gama completa de tecnologias inteligentes, incluindo o conceito Thermo-Friendly, o sistema anti-colis\u00e3o, o Machining Navi e o sistema de ajuste autom\u00e1tico de 5 eixos. Esta m\u00e1quina \u00e9 ideal para as ind\u00fastrias aeron\u00e1utica e de matrizes \/ moldes.<br \/>\nO MU-4000V foi nomeado um dos 10 melhores novos produtos de 2015 pelo Business &amp; Technology Daily News de Nikkan Kogyo Shimbun.<\/p>\n","protected":false},"excerpt":{"rendered":"<p>O centro de usinagem vertical CNC de 5 eixos MU-4000V combina alta efici\u00eancia e precis\u00e3o para produzir pe\u00e7as de alta qualidade com grandes s\u00e9ries de pe\u00e7as. O fresamento e torneamento em 5 eixos simult\u00e2neos permite a usinagem multifacetada com um \u00fanico mandril, juntamente com excelente qualidade de superf\u00edcie e precis\u00e3o dimensional. Com um dos maiores [&hellip;]<\/p>\n","protected":false},"featured_media":21061,"template":"","meta":[],"product_brand":[],"product_cat":[504,505],"product_tag":[569,570,573,575],"marca-producto":[26],"serie-producto":[266],"class_list":{"0":"post-21060","1":"product","2":"type-product","3":"status-publish","4":"has-post-thumbnail","6":"product_cat-centros-de-maquinacao","7":"product_cat-centros-de-maquinacao-de-5-eixos","8":"product_tag-automovel","9":"product_tag-bens-de-equipamento","10":"product_tag-grande-consumo","11":"product_tag-moldes-e-matrizes","12":"marca-producto-okuma","13":"serie-producto-mu-v","15":"first","16":"instock","17":"product-type-simple"},"yoast_head":"<!-- This site is optimized with the Yoast SEO plugin v27.0 - https:\/\/yoast.com\/product\/yoast-seo-wordpress\/ -->\n<title>MU-4000V<\/title>\n<meta name=\"description\" content=\"MU-4000V. O centro de usinagem vertical CNC de 5 eixos MU-4000V combina alta efici\u00eancia e precis\u00e3o para produzir pe\u00e7as de alta qualidade com grandes s\u00e9ries de\" \/>\n<meta name=\"robots\" content=\"index, follow, max-snippet:-1, max-image-preview:large, max-video-preview:-1\" \/>\n<link rel=\"canonical\" href=\"https:\/\/maqcenter.com\/pt-pt\/producto\/mu-4000v\/\" \/>\n<meta property=\"og:locale\" content=\"pt_PT\" \/>\n<meta property=\"og:type\" content=\"article\" \/>\n<meta property=\"og:title\" content=\"MU-4000V\" \/>\n<meta property=\"og:description\" content=\"MU-4000V. O centro de usinagem vertical CNC de 5 eixos MU-4000V combina alta efici\u00eancia e precis\u00e3o para produzir pe\u00e7as de alta qualidade com grandes s\u00e9ries de\" \/>\n<meta property=\"og:url\" content=\"https:\/\/maqcenter.com\/pt-pt\/producto\/mu-4000v\/\" \/>\n<meta property=\"og:site_name\" content=\"MAQcenter\" \/>\n<meta property=\"og:image\" content=\"https:\/\/maqcenter.com\/wp-content\/uploads\/2021\/02\/OKUMA-MU-4000V.jpg\" \/>\n\t<meta property=\"og:image:width\" content=\"500\" \/>\n\t<meta property=\"og:image:height\" content=\"500\" \/>\n\t<meta property=\"og:image:type\" content=\"image\/jpeg\" \/>\n<meta name=\"twitter:card\" content=\"summary_large_image\" \/>\n<meta name=\"twitter:label1\" content=\"Tempo estimado de leitura\" \/>\n\t<meta name=\"twitter:data1\" content=\"1 minuto\" \/>\n<script type=\"application\/ld+json\" class=\"yoast-schema-graph\">{\"@context\":\"https:\/\/schema.org\",\"@graph\":[{\"@type\":[\"WebPage\",\"ItemPage\"],\"@id\":\"https:\/\/maqcenter.com\/pt-pt\/producto\/mu-4000v\/\",\"url\":\"https:\/\/maqcenter.com\/pt-pt\/producto\/mu-4000v\/\",\"name\":\"MU-4000V\",\"isPartOf\":{\"@id\":\"https:\/\/maqcenter.com\/pt-pt\/#website\"},\"primaryImageOfPage\":{\"@id\":\"https:\/\/maqcenter.com\/pt-pt\/producto\/mu-4000v\/#primaryimage\"},\"image\":{\"@id\":\"https:\/\/maqcenter.com\/pt-pt\/producto\/mu-4000v\/#primaryimage\"},\"thumbnailUrl\":\"https:\/\/maqcenter.com\/wp-content\/uploads\/2021\/02\/OKUMA-MU-4000V.jpg\",\"datePublished\":\"2021-02-25T12:01:22+00:00\",\"description\":\"MU-4000V. O centro de usinagem vertical CNC de 5 eixos MU-4000V combina alta efici\u00eancia e precis\u00e3o para produzir pe\u00e7as de alta qualidade com grandes s\u00e9ries de\",\"breadcrumb\":{\"@id\":\"https:\/\/maqcenter.com\/pt-pt\/producto\/mu-4000v\/#breadcrumb\"},\"inLanguage\":\"pt-PT\",\"potentialAction\":[{\"@type\":\"ReadAction\",\"target\":[\"https:\/\/maqcenter.com\/pt-pt\/producto\/mu-4000v\/\"]}]},{\"@type\":\"ImageObject\",\"inLanguage\":\"pt-PT\",\"@id\":\"https:\/\/maqcenter.com\/pt-pt\/producto\/mu-4000v\/#primaryimage\",\"url\":\"https:\/\/maqcenter.com\/wp-content\/uploads\/2021\/02\/OKUMA-MU-4000V.jpg\",\"contentUrl\":\"https:\/\/maqcenter.com\/wp-content\/uploads\/2021\/02\/OKUMA-MU-4000V.jpg\",\"width\":500,\"height\":500},{\"@type\":\"BreadcrumbList\",\"@id\":\"https:\/\/maqcenter.com\/pt-pt\/producto\/mu-4000v\/#breadcrumb\",\"itemListElement\":[{\"@type\":\"ListItem\",\"position\":1,\"name\":\"Productos\",\"item\":\"https:\/\/maqcenter.com\/pt-pt\/\"},{\"@type\":\"ListItem\",\"position\":2,\"name\":\"Produtos\",\"item\":\"https:\/\/maqcenter.com\/pt-pt\/shop\/\"},{\"@type\":\"ListItem\",\"position\":3,\"name\":\"MU-4000V\"}]},{\"@type\":\"WebSite\",\"@id\":\"https:\/\/maqcenter.com\/pt-pt\/#website\",\"url\":\"https:\/\/maqcenter.com\/pt-pt\/\",\"name\":\"MAQcenter\",\"description\":\"El centro de tus soluciones\",\"publisher\":{\"@id\":\"https:\/\/maqcenter.com\/pt-pt\/#organization\"},\"potentialAction\":[{\"@type\":\"SearchAction\",\"target\":{\"@type\":\"EntryPoint\",\"urlTemplate\":\"https:\/\/maqcenter.com\/pt-pt\/?s={search_term_string}\"},\"query-input\":{\"@type\":\"PropertyValueSpecification\",\"valueRequired\":true,\"valueName\":\"search_term_string\"}}],\"inLanguage\":\"pt-PT\"},{\"@type\":\"Organization\",\"@id\":\"https:\/\/maqcenter.com\/pt-pt\/#organization\",\"name\":\"MAQcenter S.A.\",\"url\":\"https:\/\/maqcenter.com\/pt-pt\/\",\"logo\":{\"@type\":\"ImageObject\",\"inLanguage\":\"pt-PT\",\"@id\":\"https:\/\/maqcenter.com\/pt-pt\/#\/schema\/logo\/image\/\",\"url\":\"https:\/\/maqcenter.com\/wp-content\/uploads\/2021\/02\/MAQcenter_logo_vertical.svg\",\"contentUrl\":\"https:\/\/maqcenter.com\/wp-content\/uploads\/2021\/02\/MAQcenter_logo_vertical.svg\",\"width\":300,\"height\":174,\"caption\":\"MAQcenter S.A.\"},\"image\":{\"@id\":\"https:\/\/maqcenter.com\/pt-pt\/#\/schema\/logo\/image\/\"}}]}<\/script>\n<!-- \/ Yoast SEO plugin. -->","yoast_head_json":{"title":"MU-4000V","description":"MU-4000V. O centro de usinagem vertical CNC de 5 eixos MU-4000V combina alta efici\u00eancia e precis\u00e3o para produzir pe\u00e7as de alta qualidade com grandes s\u00e9ries de","robots":{"index":"index","follow":"follow","max-snippet":"max-snippet:-1","max-image-preview":"max-image-preview:large","max-video-preview":"max-video-preview:-1"},"canonical":"https:\/\/maqcenter.com\/pt-pt\/producto\/mu-4000v\/","og_locale":"pt_PT","og_type":"article","og_title":"MU-4000V","og_description":"MU-4000V. O centro de usinagem vertical CNC de 5 eixos MU-4000V combina alta efici\u00eancia e precis\u00e3o para produzir pe\u00e7as de alta qualidade com grandes s\u00e9ries de","og_url":"https:\/\/maqcenter.com\/pt-pt\/producto\/mu-4000v\/","og_site_name":"MAQcenter","og_image":[{"width":500,"height":500,"url":"https:\/\/maqcenter.com\/wp-content\/uploads\/2021\/02\/OKUMA-MU-4000V.jpg","type":"image\/jpeg"}],"twitter_card":"summary_large_image","twitter_misc":{"Tempo estimado de leitura":"1 minuto"},"schema":{"@context":"https:\/\/schema.org","@graph":[{"@type":["WebPage","ItemPage"],"@id":"https:\/\/maqcenter.com\/pt-pt\/producto\/mu-4000v\/","url":"https:\/\/maqcenter.com\/pt-pt\/producto\/mu-4000v\/","name":"MU-4000V","isPartOf":{"@id":"https:\/\/maqcenter.com\/pt-pt\/#website"},"primaryImageOfPage":{"@id":"https:\/\/maqcenter.com\/pt-pt\/producto\/mu-4000v\/#primaryimage"},"image":{"@id":"https:\/\/maqcenter.com\/pt-pt\/producto\/mu-4000v\/#primaryimage"},"thumbnailUrl":"https:\/\/maqcenter.com\/wp-content\/uploads\/2021\/02\/OKUMA-MU-4000V.jpg","datePublished":"2021-02-25T12:01:22+00:00","description":"MU-4000V. O centro de usinagem vertical CNC de 5 eixos MU-4000V combina alta efici\u00eancia e precis\u00e3o para produzir pe\u00e7as de alta qualidade com grandes s\u00e9ries de","breadcrumb":{"@id":"https:\/\/maqcenter.com\/pt-pt\/producto\/mu-4000v\/#breadcrumb"},"inLanguage":"pt-PT","potentialAction":[{"@type":"ReadAction","target":["https:\/\/maqcenter.com\/pt-pt\/producto\/mu-4000v\/"]}]},{"@type":"ImageObject","inLanguage":"pt-PT","@id":"https:\/\/maqcenter.com\/pt-pt\/producto\/mu-4000v\/#primaryimage","url":"https:\/\/maqcenter.com\/wp-content\/uploads\/2021\/02\/OKUMA-MU-4000V.jpg","contentUrl":"https:\/\/maqcenter.com\/wp-content\/uploads\/2021\/02\/OKUMA-MU-4000V.jpg","width":500,"height":500},{"@type":"BreadcrumbList","@id":"https:\/\/maqcenter.com\/pt-pt\/producto\/mu-4000v\/#breadcrumb","itemListElement":[{"@type":"ListItem","position":1,"name":"Productos","item":"https:\/\/maqcenter.com\/pt-pt\/"},{"@type":"ListItem","position":2,"name":"Produtos","item":"https:\/\/maqcenter.com\/pt-pt\/shop\/"},{"@type":"ListItem","position":3,"name":"MU-4000V"}]},{"@type":"WebSite","@id":"https:\/\/maqcenter.com\/pt-pt\/#website","url":"https:\/\/maqcenter.com\/pt-pt\/","name":"MAQcenter","description":"El centro de tus soluciones","publisher":{"@id":"https:\/\/maqcenter.com\/pt-pt\/#organization"},"potentialAction":[{"@type":"SearchAction","target":{"@type":"EntryPoint","urlTemplate":"https:\/\/maqcenter.com\/pt-pt\/?s={search_term_string}"},"query-input":{"@type":"PropertyValueSpecification","valueRequired":true,"valueName":"search_term_string"}}],"inLanguage":"pt-PT"},{"@type":"Organization","@id":"https:\/\/maqcenter.com\/pt-pt\/#organization","name":"MAQcenter S.A.","url":"https:\/\/maqcenter.com\/pt-pt\/","logo":{"@type":"ImageObject","inLanguage":"pt-PT","@id":"https:\/\/maqcenter.com\/pt-pt\/#\/schema\/logo\/image\/","url":"https:\/\/maqcenter.com\/wp-content\/uploads\/2021\/02\/MAQcenter_logo_vertical.svg","contentUrl":"https:\/\/maqcenter.com\/wp-content\/uploads\/2021\/02\/MAQcenter_logo_vertical.svg","width":300,"height":174,"caption":"MAQcenter S.A."},"image":{"@id":"https:\/\/maqcenter.com\/pt-pt\/#\/schema\/logo\/image\/"}}]}},"_links":{"self":[{"href":"https:\/\/maqcenter.com\/pt-pt\/wp-json\/wp\/v2\/product\/21060","targetHints":{"allow":["GET"]}}],"collection":[{"href":"https:\/\/maqcenter.com\/pt-pt\/wp-json\/wp\/v2\/product"}],"about":[{"href":"https:\/\/maqcenter.com\/pt-pt\/wp-json\/wp\/v2\/types\/product"}],"wp:featuredmedia":[{"embeddable":true,"href":"https:\/\/maqcenter.com\/pt-pt\/wp-json\/wp\/v2\/media\/21061"}],"wp:attachment":[{"href":"https:\/\/maqcenter.com\/pt-pt\/wp-json\/wp\/v2\/media?parent=21060"}],"wp:term":[{"taxonomy":"product_brand","embeddable":true,"href":"https:\/\/maqcenter.com\/pt-pt\/wp-json\/wp\/v2\/product_brand?post=21060"},{"taxonomy":"product_cat","embeddable":true,"href":"https:\/\/maqcenter.com\/pt-pt\/wp-json\/wp\/v2\/product_cat?post=21060"},{"taxonomy":"product_tag","embeddable":true,"href":"https:\/\/maqcenter.com\/pt-pt\/wp-json\/wp\/v2\/product_tag?post=21060"},{"taxonomy":"marca-producto","embeddable":true,"href":"https:\/\/maqcenter.com\/pt-pt\/wp-json\/wp\/v2\/marca-producto?post=21060"},{"taxonomy":"serie-producto","embeddable":true,"href":"https:\/\/maqcenter.com\/pt-pt\/wp-json\/wp\/v2\/serie-producto?post=21060"}],"curies":[{"name":"wp","href":"https:\/\/api.w.org\/{rel}","templated":true}]}}