{"id":21065,"date":"2021-02-25T14:01:22","date_gmt":"2021-02-25T12:01:22","guid":{"rendered":"https:\/\/maqcenter.com\/producto\/genos-l400ii-e\/"},"modified":"2021-02-25T14:01:22","modified_gmt":"2021-02-25T12:01:22","slug":"genos-l400ii-e","status":"publish","type":"product","link":"https:\/\/maqcenter.com\/pt-pt\/producto\/genos-l400ii-e\/","title":{"rendered":"GENOS L400II-E"},"content":{"rendered":"<p>O GENOS L400II \u00e9 um torno de baixo custo acess\u00edvel que \u00e9 tudo menos b\u00e1sico. Constru\u00edda em uma base de ferro fundido de uma pe\u00e7a com um sistema de guia horizontal e cabe\u00e7ote raspado \u00e0 m\u00e3o e superf\u00edcies de montagem do contraponto, esta m\u00e1quina oferece estabilidade, rigidez e precis\u00e3o para uma ampla variedade de aplica\u00e7\u00f5es. Com uma coroa de 10&#8243; e curso no eixo Z de 1100 mm, o GENOS L400II \u00e9 outro exemplo de como oferecemos excel\u00eancia acess\u00edvel.  <\/p>\n","protected":false},"excerpt":{"rendered":"<p>O GENOS L400II \u00e9 um torno de baixo custo acess\u00edvel que \u00e9 tudo menos b\u00e1sico. Constru\u00edda em uma base de ferro fundido de uma pe\u00e7a com um sistema de guia horizontal e cabe\u00e7ote raspado \u00e0 m\u00e3o e superf\u00edcies de montagem do contraponto, esta m\u00e1quina oferece estabilidade, rigidez e precis\u00e3o para uma ampla variedade de aplica\u00e7\u00f5es. [&hellip;]<\/p>\n","protected":false},"featured_media":21066,"template":"","meta":[],"product_brand":[],"product_cat":[563,565],"product_tag":[569,570,571,573,575],"marca-producto":[26],"serie-producto":[271],"class_list":{"0":"post-21065","1":"product","2":"type-product","3":"status-publish","4":"has-post-thumbnail","6":"product_cat-tornos-pt-pt","7":"product_cat-tornos-horizontais","8":"product_tag-automovel","9":"product_tag-bens-de-equipamento","10":"product_tag-energia-pt-pt","11":"product_tag-grande-consumo","12":"product_tag-moldes-e-matrizes","13":"marca-producto-okuma","14":"serie-producto-genos-lii","16":"first","17":"instock","18":"product-type-simple"},"yoast_head":"<!-- This site is optimized with the Yoast SEO plugin v27.0 - https:\/\/yoast.com\/product\/yoast-seo-wordpress\/ -->\n<title>GENOS L400II-E<\/title>\n<meta name=\"description\" content=\"GENOS L400II-E. O GENOS L400II \u00e9 um torno de baixo custo acess\u00edvel que \u00e9 tudo menos b\u00e1sico. Constru\u00edda em uma base de ferro fundido de uma pe\u00e7a com um sistema de guia\" \/>\n<meta name=\"robots\" content=\"index, follow, max-snippet:-1, max-image-preview:large, max-video-preview:-1\" \/>\n<link rel=\"canonical\" href=\"https:\/\/maqcenter.com\/pt-pt\/producto\/genos-l400ii-e\/\" \/>\n<meta property=\"og:locale\" content=\"pt_PT\" \/>\n<meta property=\"og:type\" content=\"article\" \/>\n<meta property=\"og:title\" content=\"GENOS L400II-E\" \/>\n<meta property=\"og:description\" content=\"GENOS L400II-E. O GENOS L400II \u00e9 um torno de baixo custo acess\u00edvel que \u00e9 tudo menos b\u00e1sico. Constru\u00edda em uma base de ferro fundido de uma pe\u00e7a com um sistema de guia\" \/>\n<meta property=\"og:url\" content=\"https:\/\/maqcenter.com\/pt-pt\/producto\/genos-l400ii-e\/\" \/>\n<meta property=\"og:site_name\" content=\"MAQcenter\" \/>\n<meta name=\"twitter:card\" content=\"summary_large_image\" \/>\n<script type=\"application\/ld+json\" class=\"yoast-schema-graph\">{\"@context\":\"https:\/\/schema.org\",\"@graph\":[{\"@type\":[\"WebPage\",\"ItemPage\"],\"@id\":\"https:\/\/maqcenter.com\/pt-pt\/producto\/genos-l400ii-e\/\",\"url\":\"https:\/\/maqcenter.com\/pt-pt\/producto\/genos-l400ii-e\/\",\"name\":\"GENOS L400II-E\",\"isPartOf\":{\"@id\":\"https:\/\/maqcenter.com\/pt-pt\/#website\"},\"primaryImageOfPage\":{\"@id\":\"https:\/\/maqcenter.com\/pt-pt\/producto\/genos-l400ii-e\/#primaryimage\"},\"image\":{\"@id\":\"https:\/\/maqcenter.com\/pt-pt\/producto\/genos-l400ii-e\/#primaryimage\"},\"thumbnailUrl\":\"https:\/\/maqcenter.com\/wp-content\/uploads\/2021\/02\/OKUMA-GENOS-L400II-e.jpg\",\"datePublished\":\"2021-02-25T12:01:22+00:00\",\"description\":\"GENOS L400II-E. O GENOS L400II \u00e9 um torno de baixo custo acess\u00edvel que \u00e9 tudo menos b\u00e1sico. Constru\u00edda em uma base de ferro fundido de uma pe\u00e7a com um sistema de guia\",\"breadcrumb\":{\"@id\":\"https:\/\/maqcenter.com\/pt-pt\/producto\/genos-l400ii-e\/#breadcrumb\"},\"inLanguage\":\"pt-PT\",\"potentialAction\":[{\"@type\":\"ReadAction\",\"target\":[\"https:\/\/maqcenter.com\/pt-pt\/producto\/genos-l400ii-e\/\"]}]},{\"@type\":\"ImageObject\",\"inLanguage\":\"pt-PT\",\"@id\":\"https:\/\/maqcenter.com\/pt-pt\/producto\/genos-l400ii-e\/#primaryimage\",\"url\":\"https:\/\/maqcenter.com\/wp-content\/uploads\/2021\/02\/OKUMA-GENOS-L400II-e.jpg\",\"contentUrl\":\"https:\/\/maqcenter.com\/wp-content\/uploads\/2021\/02\/OKUMA-GENOS-L400II-e.jpg\",\"width\":500,\"height\":500},{\"@type\":\"BreadcrumbList\",\"@id\":\"https:\/\/maqcenter.com\/pt-pt\/producto\/genos-l400ii-e\/#breadcrumb\",\"itemListElement\":[{\"@type\":\"ListItem\",\"position\":1,\"name\":\"Productos\",\"item\":\"https:\/\/maqcenter.com\/pt-pt\/\"},{\"@type\":\"ListItem\",\"position\":2,\"name\":\"Produtos\",\"item\":\"https:\/\/maqcenter.com\/pt-pt\/shop\/\"},{\"@type\":\"ListItem\",\"position\":3,\"name\":\"GENOS L400II-E\"}]},{\"@type\":\"WebSite\",\"@id\":\"https:\/\/maqcenter.com\/pt-pt\/#website\",\"url\":\"https:\/\/maqcenter.com\/pt-pt\/\",\"name\":\"MAQcenter\",\"description\":\"El centro de tus soluciones\",\"publisher\":{\"@id\":\"https:\/\/maqcenter.com\/pt-pt\/#organization\"},\"potentialAction\":[{\"@type\":\"SearchAction\",\"target\":{\"@type\":\"EntryPoint\",\"urlTemplate\":\"https:\/\/maqcenter.com\/pt-pt\/?s={search_term_string}\"},\"query-input\":{\"@type\":\"PropertyValueSpecification\",\"valueRequired\":true,\"valueName\":\"search_term_string\"}}],\"inLanguage\":\"pt-PT\"},{\"@type\":\"Organization\",\"@id\":\"https:\/\/maqcenter.com\/pt-pt\/#organization\",\"name\":\"MAQcenter S.A.\",\"url\":\"https:\/\/maqcenter.com\/pt-pt\/\",\"logo\":{\"@type\":\"ImageObject\",\"inLanguage\":\"pt-PT\",\"@id\":\"https:\/\/maqcenter.com\/pt-pt\/#\/schema\/logo\/image\/\",\"url\":\"https:\/\/maqcenter.com\/wp-content\/uploads\/2021\/02\/MAQcenter_logo_vertical.svg\",\"contentUrl\":\"https:\/\/maqcenter.com\/wp-content\/uploads\/2021\/02\/MAQcenter_logo_vertical.svg\",\"width\":300,\"height\":174,\"caption\":\"MAQcenter S.A.\"},\"image\":{\"@id\":\"https:\/\/maqcenter.com\/pt-pt\/#\/schema\/logo\/image\/\"}}]}<\/script>\n<!-- \/ Yoast SEO plugin. -->","yoast_head_json":{"title":"GENOS L400II-E","description":"GENOS L400II-E. O GENOS L400II \u00e9 um torno de baixo custo acess\u00edvel que \u00e9 tudo menos b\u00e1sico. Constru\u00edda em uma base de ferro fundido de uma pe\u00e7a com um sistema de guia","robots":{"index":"index","follow":"follow","max-snippet":"max-snippet:-1","max-image-preview":"max-image-preview:large","max-video-preview":"max-video-preview:-1"},"canonical":"https:\/\/maqcenter.com\/pt-pt\/producto\/genos-l400ii-e\/","og_locale":"pt_PT","og_type":"article","og_title":"GENOS L400II-E","og_description":"GENOS L400II-E. O GENOS L400II \u00e9 um torno de baixo custo acess\u00edvel que \u00e9 tudo menos b\u00e1sico. Constru\u00edda em uma base de ferro fundido de uma pe\u00e7a com um sistema de guia","og_url":"https:\/\/maqcenter.com\/pt-pt\/producto\/genos-l400ii-e\/","og_site_name":"MAQcenter","twitter_card":"summary_large_image","schema":{"@context":"https:\/\/schema.org","@graph":[{"@type":["WebPage","ItemPage"],"@id":"https:\/\/maqcenter.com\/pt-pt\/producto\/genos-l400ii-e\/","url":"https:\/\/maqcenter.com\/pt-pt\/producto\/genos-l400ii-e\/","name":"GENOS L400II-E","isPartOf":{"@id":"https:\/\/maqcenter.com\/pt-pt\/#website"},"primaryImageOfPage":{"@id":"https:\/\/maqcenter.com\/pt-pt\/producto\/genos-l400ii-e\/#primaryimage"},"image":{"@id":"https:\/\/maqcenter.com\/pt-pt\/producto\/genos-l400ii-e\/#primaryimage"},"thumbnailUrl":"https:\/\/maqcenter.com\/wp-content\/uploads\/2021\/02\/OKUMA-GENOS-L400II-e.jpg","datePublished":"2021-02-25T12:01:22+00:00","description":"GENOS L400II-E. O GENOS L400II \u00e9 um torno de baixo custo acess\u00edvel que \u00e9 tudo menos b\u00e1sico. Constru\u00edda em uma base de ferro fundido de uma pe\u00e7a com um sistema de guia","breadcrumb":{"@id":"https:\/\/maqcenter.com\/pt-pt\/producto\/genos-l400ii-e\/#breadcrumb"},"inLanguage":"pt-PT","potentialAction":[{"@type":"ReadAction","target":["https:\/\/maqcenter.com\/pt-pt\/producto\/genos-l400ii-e\/"]}]},{"@type":"ImageObject","inLanguage":"pt-PT","@id":"https:\/\/maqcenter.com\/pt-pt\/producto\/genos-l400ii-e\/#primaryimage","url":"https:\/\/maqcenter.com\/wp-content\/uploads\/2021\/02\/OKUMA-GENOS-L400II-e.jpg","contentUrl":"https:\/\/maqcenter.com\/wp-content\/uploads\/2021\/02\/OKUMA-GENOS-L400II-e.jpg","width":500,"height":500},{"@type":"BreadcrumbList","@id":"https:\/\/maqcenter.com\/pt-pt\/producto\/genos-l400ii-e\/#breadcrumb","itemListElement":[{"@type":"ListItem","position":1,"name":"Productos","item":"https:\/\/maqcenter.com\/pt-pt\/"},{"@type":"ListItem","position":2,"name":"Produtos","item":"https:\/\/maqcenter.com\/pt-pt\/shop\/"},{"@type":"ListItem","position":3,"name":"GENOS L400II-E"}]},{"@type":"WebSite","@id":"https:\/\/maqcenter.com\/pt-pt\/#website","url":"https:\/\/maqcenter.com\/pt-pt\/","name":"MAQcenter","description":"El centro de tus soluciones","publisher":{"@id":"https:\/\/maqcenter.com\/pt-pt\/#organization"},"potentialAction":[{"@type":"SearchAction","target":{"@type":"EntryPoint","urlTemplate":"https:\/\/maqcenter.com\/pt-pt\/?s={search_term_string}"},"query-input":{"@type":"PropertyValueSpecification","valueRequired":true,"valueName":"search_term_string"}}],"inLanguage":"pt-PT"},{"@type":"Organization","@id":"https:\/\/maqcenter.com\/pt-pt\/#organization","name":"MAQcenter S.A.","url":"https:\/\/maqcenter.com\/pt-pt\/","logo":{"@type":"ImageObject","inLanguage":"pt-PT","@id":"https:\/\/maqcenter.com\/pt-pt\/#\/schema\/logo\/image\/","url":"https:\/\/maqcenter.com\/wp-content\/uploads\/2021\/02\/MAQcenter_logo_vertical.svg","contentUrl":"https:\/\/maqcenter.com\/wp-content\/uploads\/2021\/02\/MAQcenter_logo_vertical.svg","width":300,"height":174,"caption":"MAQcenter S.A."},"image":{"@id":"https:\/\/maqcenter.com\/pt-pt\/#\/schema\/logo\/image\/"}}]}},"_links":{"self":[{"href":"https:\/\/maqcenter.com\/pt-pt\/wp-json\/wp\/v2\/product\/21065","targetHints":{"allow":["GET"]}}],"collection":[{"href":"https:\/\/maqcenter.com\/pt-pt\/wp-json\/wp\/v2\/product"}],"about":[{"href":"https:\/\/maqcenter.com\/pt-pt\/wp-json\/wp\/v2\/types\/product"}],"wp:featuredmedia":[{"embeddable":true,"href":"https:\/\/maqcenter.com\/pt-pt\/wp-json\/wp\/v2\/media\/21066"}],"wp:attachment":[{"href":"https:\/\/maqcenter.com\/pt-pt\/wp-json\/wp\/v2\/media?parent=21065"}],"wp:term":[{"taxonomy":"product_brand","embeddable":true,"href":"https:\/\/maqcenter.com\/pt-pt\/wp-json\/wp\/v2\/product_brand?post=21065"},{"taxonomy":"product_cat","embeddable":true,"href":"https:\/\/maqcenter.com\/pt-pt\/wp-json\/wp\/v2\/product_cat?post=21065"},{"taxonomy":"product_tag","embeddable":true,"href":"https:\/\/maqcenter.com\/pt-pt\/wp-json\/wp\/v2\/product_tag?post=21065"},{"taxonomy":"marca-producto","embeddable":true,"href":"https:\/\/maqcenter.com\/pt-pt\/wp-json\/wp\/v2\/marca-producto?post=21065"},{"taxonomy":"serie-producto","embeddable":true,"href":"https:\/\/maqcenter.com\/pt-pt\/wp-json\/wp\/v2\/serie-producto?post=21065"}],"curies":[{"name":"wp","href":"https:\/\/api.w.org\/{rel}","templated":true}]}}