{"id":21070,"date":"2021-02-25T14:01:22","date_gmt":"2021-02-25T12:01:22","guid":{"rendered":"https:\/\/maqcenter.com\/producto\/genos-l3000-e\/"},"modified":"2021-02-25T14:01:22","modified_gmt":"2021-02-25T12:01:22","slug":"genos-l3000-e","status":"publish","type":"product","link":"https:\/\/maqcenter.com\/pt-pt\/producto\/genos-l3000-e\/","title":{"rendered":"GENOS L3000-E"},"content":{"rendered":"<p>O mais recente na s\u00e9rie de tornos GENOS L, nosso GENOS L3000-e apresenta um fuso integral para usinagem CNC potente e de alta precis\u00e3o. Este torno de 1 carro \u00e9 mais forte, menor e ideal para cortar uma ampla variedade de materiais ex\u00f3ticos com facilidade. O motor de eixo integral oferece maior usinabilidade, pois as guias de alta rigidez lidam com recursos de corte poderosos. Este torno horizontal altamente evolu\u00eddo oferece torneamento, fresamento opcional, eixo Y opcional e recursos opcionais de subfuso (W) em um tamanho compacto.   <\/p>\n<p>O GENOS L3000-e (M), com fun\u00e7\u00e3o de fresamento opcional, possui fresamento de alta velocidade e op\u00e7\u00f5es de eixo Y em modelos espec\u00edficos, permitindo que os usu\u00e1rios selecionem as melhores especifica\u00e7\u00f5es para um determinado comprimento e formato de pe\u00e7a. A produtividade da oficina \u00e9 aumentada com um contra-ponto NC montado (opcional) que permite f\u00e1cil configura\u00e7\u00e3o de v\u00e1rias pe\u00e7as de trabalho. A constru\u00e7\u00e3o termo-amig\u00e1vel &#8211; incluindo TAS-C (estabilizador termo-ativo) &#8211; \u00e9 padr\u00e3o e compensa automaticamente os efeitos t\u00e9rmicos para manter toler\u00e2ncias estreitas.  <\/p>\n","protected":false},"excerpt":{"rendered":"<p>O mais recente na s\u00e9rie de tornos GENOS L, nosso GENOS L3000-e apresenta um fuso integral para usinagem CNC potente e de alta precis\u00e3o. Este torno de 1 carro \u00e9 mais forte, menor e ideal para cortar uma ampla variedade de materiais ex\u00f3ticos com facilidade. O motor de eixo integral oferece maior usinabilidade, pois as [&hellip;]<\/p>\n","protected":false},"featured_media":21071,"template":"","meta":[],"product_brand":[],"product_cat":[563,565],"product_tag":[569,570,571,572,573,575],"marca-producto":[26],"serie-producto":[270],"class_list":{"0":"post-21070","1":"product","2":"type-product","3":"status-publish","4":"has-post-thumbnail","6":"product_cat-tornos-pt-pt","7":"product_cat-tornos-horizontais","8":"product_tag-automovel","9":"product_tag-bens-de-equipamento","10":"product_tag-energia-pt-pt","11":"product_tag-ferrovia","12":"product_tag-grande-consumo","13":"product_tag-moldes-e-matrizes","14":"marca-producto-okuma","15":"serie-producto-genos-l","17":"first","18":"instock","19":"product-type-simple"},"yoast_head":"<!-- This site is optimized with the Yoast SEO plugin v27.0 - https:\/\/yoast.com\/product\/yoast-seo-wordpress\/ -->\n<title>GENOS L3000-E<\/title>\n<meta name=\"description\" content=\"GENOS L3000-E. O mais recente na s\u00e9rie de tornos GENOS L, nosso GENOS L3000-e apresenta um fuso integral para usinagem CNC potente e de alta precis\u00e3o. Este torno de 1\" \/>\n<meta name=\"robots\" content=\"index, follow, max-snippet:-1, max-image-preview:large, max-video-preview:-1\" \/>\n<link rel=\"canonical\" href=\"https:\/\/maqcenter.com\/pt-pt\/producto\/genos-l3000-e\/\" \/>\n<meta property=\"og:locale\" content=\"pt_PT\" \/>\n<meta property=\"og:type\" content=\"article\" \/>\n<meta property=\"og:title\" content=\"GENOS L3000-E\" \/>\n<meta property=\"og:description\" content=\"GENOS L3000-E. O mais recente na s\u00e9rie de tornos GENOS L, nosso GENOS L3000-e apresenta um fuso integral para usinagem CNC potente e de alta precis\u00e3o. Este torno de 1\" \/>\n<meta property=\"og:url\" content=\"https:\/\/maqcenter.com\/pt-pt\/producto\/genos-l3000-e\/\" \/>\n<meta property=\"og:site_name\" content=\"MAQcenter\" \/>\n<meta name=\"twitter:card\" content=\"summary_large_image\" \/>\n<meta name=\"twitter:label1\" content=\"Tempo estimado de leitura\" \/>\n\t<meta name=\"twitter:data1\" content=\"1 minuto\" \/>\n<script type=\"application\/ld+json\" class=\"yoast-schema-graph\">{\"@context\":\"https:\/\/schema.org\",\"@graph\":[{\"@type\":[\"WebPage\",\"ItemPage\"],\"@id\":\"https:\/\/maqcenter.com\/pt-pt\/producto\/genos-l3000-e\/\",\"url\":\"https:\/\/maqcenter.com\/pt-pt\/producto\/genos-l3000-e\/\",\"name\":\"GENOS L3000-E\",\"isPartOf\":{\"@id\":\"https:\/\/maqcenter.com\/pt-pt\/#website\"},\"primaryImageOfPage\":{\"@id\":\"https:\/\/maqcenter.com\/pt-pt\/producto\/genos-l3000-e\/#primaryimage\"},\"image\":{\"@id\":\"https:\/\/maqcenter.com\/pt-pt\/producto\/genos-l3000-e\/#primaryimage\"},\"thumbnailUrl\":\"https:\/\/maqcenter.com\/wp-content\/uploads\/2021\/02\/OKUMA-GENOS-L3000e.jpg\",\"datePublished\":\"2021-02-25T12:01:22+00:00\",\"description\":\"GENOS L3000-E. O mais recente na s\u00e9rie de tornos GENOS L, nosso GENOS L3000-e apresenta um fuso integral para usinagem CNC potente e de alta precis\u00e3o. Este torno de 1\",\"breadcrumb\":{\"@id\":\"https:\/\/maqcenter.com\/pt-pt\/producto\/genos-l3000-e\/#breadcrumb\"},\"inLanguage\":\"pt-PT\",\"potentialAction\":[{\"@type\":\"ReadAction\",\"target\":[\"https:\/\/maqcenter.com\/pt-pt\/producto\/genos-l3000-e\/\"]}]},{\"@type\":\"ImageObject\",\"inLanguage\":\"pt-PT\",\"@id\":\"https:\/\/maqcenter.com\/pt-pt\/producto\/genos-l3000-e\/#primaryimage\",\"url\":\"https:\/\/maqcenter.com\/wp-content\/uploads\/2021\/02\/OKUMA-GENOS-L3000e.jpg\",\"contentUrl\":\"https:\/\/maqcenter.com\/wp-content\/uploads\/2021\/02\/OKUMA-GENOS-L3000e.jpg\",\"width\":500,\"height\":500},{\"@type\":\"BreadcrumbList\",\"@id\":\"https:\/\/maqcenter.com\/pt-pt\/producto\/genos-l3000-e\/#breadcrumb\",\"itemListElement\":[{\"@type\":\"ListItem\",\"position\":1,\"name\":\"Productos\",\"item\":\"https:\/\/maqcenter.com\/pt-pt\/\"},{\"@type\":\"ListItem\",\"position\":2,\"name\":\"Produtos\",\"item\":\"https:\/\/maqcenter.com\/pt-pt\/shop\/\"},{\"@type\":\"ListItem\",\"position\":3,\"name\":\"GENOS L3000-E\"}]},{\"@type\":\"WebSite\",\"@id\":\"https:\/\/maqcenter.com\/pt-pt\/#website\",\"url\":\"https:\/\/maqcenter.com\/pt-pt\/\",\"name\":\"MAQcenter\",\"description\":\"El centro de tus soluciones\",\"publisher\":{\"@id\":\"https:\/\/maqcenter.com\/pt-pt\/#organization\"},\"potentialAction\":[{\"@type\":\"SearchAction\",\"target\":{\"@type\":\"EntryPoint\",\"urlTemplate\":\"https:\/\/maqcenter.com\/pt-pt\/?s={search_term_string}\"},\"query-input\":{\"@type\":\"PropertyValueSpecification\",\"valueRequired\":true,\"valueName\":\"search_term_string\"}}],\"inLanguage\":\"pt-PT\"},{\"@type\":\"Organization\",\"@id\":\"https:\/\/maqcenter.com\/pt-pt\/#organization\",\"name\":\"MAQcenter S.A.\",\"url\":\"https:\/\/maqcenter.com\/pt-pt\/\",\"logo\":{\"@type\":\"ImageObject\",\"inLanguage\":\"pt-PT\",\"@id\":\"https:\/\/maqcenter.com\/pt-pt\/#\/schema\/logo\/image\/\",\"url\":\"https:\/\/maqcenter.com\/wp-content\/uploads\/2021\/02\/MAQcenter_logo_vertical.svg\",\"contentUrl\":\"https:\/\/maqcenter.com\/wp-content\/uploads\/2021\/02\/MAQcenter_logo_vertical.svg\",\"width\":300,\"height\":174,\"caption\":\"MAQcenter S.A.\"},\"image\":{\"@id\":\"https:\/\/maqcenter.com\/pt-pt\/#\/schema\/logo\/image\/\"}}]}<\/script>\n<!-- \/ Yoast SEO plugin. -->","yoast_head_json":{"title":"GENOS L3000-E","description":"GENOS L3000-E. O mais recente na s\u00e9rie de tornos GENOS L, nosso GENOS L3000-e apresenta um fuso integral para usinagem CNC potente e de alta precis\u00e3o. Este torno de 1","robots":{"index":"index","follow":"follow","max-snippet":"max-snippet:-1","max-image-preview":"max-image-preview:large","max-video-preview":"max-video-preview:-1"},"canonical":"https:\/\/maqcenter.com\/pt-pt\/producto\/genos-l3000-e\/","og_locale":"pt_PT","og_type":"article","og_title":"GENOS L3000-E","og_description":"GENOS L3000-E. O mais recente na s\u00e9rie de tornos GENOS L, nosso GENOS L3000-e apresenta um fuso integral para usinagem CNC potente e de alta precis\u00e3o. Este torno de 1","og_url":"https:\/\/maqcenter.com\/pt-pt\/producto\/genos-l3000-e\/","og_site_name":"MAQcenter","twitter_card":"summary_large_image","twitter_misc":{"Tempo estimado de leitura":"1 minuto"},"schema":{"@context":"https:\/\/schema.org","@graph":[{"@type":["WebPage","ItemPage"],"@id":"https:\/\/maqcenter.com\/pt-pt\/producto\/genos-l3000-e\/","url":"https:\/\/maqcenter.com\/pt-pt\/producto\/genos-l3000-e\/","name":"GENOS L3000-E","isPartOf":{"@id":"https:\/\/maqcenter.com\/pt-pt\/#website"},"primaryImageOfPage":{"@id":"https:\/\/maqcenter.com\/pt-pt\/producto\/genos-l3000-e\/#primaryimage"},"image":{"@id":"https:\/\/maqcenter.com\/pt-pt\/producto\/genos-l3000-e\/#primaryimage"},"thumbnailUrl":"https:\/\/maqcenter.com\/wp-content\/uploads\/2021\/02\/OKUMA-GENOS-L3000e.jpg","datePublished":"2021-02-25T12:01:22+00:00","description":"GENOS L3000-E. O mais recente na s\u00e9rie de tornos GENOS L, nosso GENOS L3000-e apresenta um fuso integral para usinagem CNC potente e de alta precis\u00e3o. Este torno de 1","breadcrumb":{"@id":"https:\/\/maqcenter.com\/pt-pt\/producto\/genos-l3000-e\/#breadcrumb"},"inLanguage":"pt-PT","potentialAction":[{"@type":"ReadAction","target":["https:\/\/maqcenter.com\/pt-pt\/producto\/genos-l3000-e\/"]}]},{"@type":"ImageObject","inLanguage":"pt-PT","@id":"https:\/\/maqcenter.com\/pt-pt\/producto\/genos-l3000-e\/#primaryimage","url":"https:\/\/maqcenter.com\/wp-content\/uploads\/2021\/02\/OKUMA-GENOS-L3000e.jpg","contentUrl":"https:\/\/maqcenter.com\/wp-content\/uploads\/2021\/02\/OKUMA-GENOS-L3000e.jpg","width":500,"height":500},{"@type":"BreadcrumbList","@id":"https:\/\/maqcenter.com\/pt-pt\/producto\/genos-l3000-e\/#breadcrumb","itemListElement":[{"@type":"ListItem","position":1,"name":"Productos","item":"https:\/\/maqcenter.com\/pt-pt\/"},{"@type":"ListItem","position":2,"name":"Produtos","item":"https:\/\/maqcenter.com\/pt-pt\/shop\/"},{"@type":"ListItem","position":3,"name":"GENOS L3000-E"}]},{"@type":"WebSite","@id":"https:\/\/maqcenter.com\/pt-pt\/#website","url":"https:\/\/maqcenter.com\/pt-pt\/","name":"MAQcenter","description":"El centro de tus soluciones","publisher":{"@id":"https:\/\/maqcenter.com\/pt-pt\/#organization"},"potentialAction":[{"@type":"SearchAction","target":{"@type":"EntryPoint","urlTemplate":"https:\/\/maqcenter.com\/pt-pt\/?s={search_term_string}"},"query-input":{"@type":"PropertyValueSpecification","valueRequired":true,"valueName":"search_term_string"}}],"inLanguage":"pt-PT"},{"@type":"Organization","@id":"https:\/\/maqcenter.com\/pt-pt\/#organization","name":"MAQcenter S.A.","url":"https:\/\/maqcenter.com\/pt-pt\/","logo":{"@type":"ImageObject","inLanguage":"pt-PT","@id":"https:\/\/maqcenter.com\/pt-pt\/#\/schema\/logo\/image\/","url":"https:\/\/maqcenter.com\/wp-content\/uploads\/2021\/02\/MAQcenter_logo_vertical.svg","contentUrl":"https:\/\/maqcenter.com\/wp-content\/uploads\/2021\/02\/MAQcenter_logo_vertical.svg","width":300,"height":174,"caption":"MAQcenter S.A."},"image":{"@id":"https:\/\/maqcenter.com\/pt-pt\/#\/schema\/logo\/image\/"}}]}},"_links":{"self":[{"href":"https:\/\/maqcenter.com\/pt-pt\/wp-json\/wp\/v2\/product\/21070","targetHints":{"allow":["GET"]}}],"collection":[{"href":"https:\/\/maqcenter.com\/pt-pt\/wp-json\/wp\/v2\/product"}],"about":[{"href":"https:\/\/maqcenter.com\/pt-pt\/wp-json\/wp\/v2\/types\/product"}],"wp:featuredmedia":[{"embeddable":true,"href":"https:\/\/maqcenter.com\/pt-pt\/wp-json\/wp\/v2\/media\/21071"}],"wp:attachment":[{"href":"https:\/\/maqcenter.com\/pt-pt\/wp-json\/wp\/v2\/media?parent=21070"}],"wp:term":[{"taxonomy":"product_brand","embeddable":true,"href":"https:\/\/maqcenter.com\/pt-pt\/wp-json\/wp\/v2\/product_brand?post=21070"},{"taxonomy":"product_cat","embeddable":true,"href":"https:\/\/maqcenter.com\/pt-pt\/wp-json\/wp\/v2\/product_cat?post=21070"},{"taxonomy":"product_tag","embeddable":true,"href":"https:\/\/maqcenter.com\/pt-pt\/wp-json\/wp\/v2\/product_tag?post=21070"},{"taxonomy":"marca-producto","embeddable":true,"href":"https:\/\/maqcenter.com\/pt-pt\/wp-json\/wp\/v2\/marca-producto?post=21070"},{"taxonomy":"serie-producto","embeddable":true,"href":"https:\/\/maqcenter.com\/pt-pt\/wp-json\/wp\/v2\/serie-producto?post=21070"}],"curies":[{"name":"wp","href":"https:\/\/api.w.org\/{rel}","templated":true}]}}