{"id":21080,"date":"2021-02-25T14:01:30","date_gmt":"2021-02-25T12:01:30","guid":{"rendered":"https:\/\/maqcenter.com\/producto\/lb4000-ex-ii\/"},"modified":"2021-02-25T14:01:30","modified_gmt":"2021-02-25T12:01:30","slug":"lb4000-ex-ii","status":"publish","type":"product","link":"https:\/\/maqcenter.com\/pt-pt\/producto\/lb4000-ex-ii\/","title":{"rendered":"LB4000 EX II"},"content":{"rendered":"<p>O centro de torneamento de 2 eixos LB4000 EX II \u00e9 baseado no conceito de Thermo-Friendly da Okuma para garantir o crescimento t\u00e9rmico m\u00ednimo, e a constru\u00e7\u00e3o do leito inclinado resulta em qualidade e rigidez incompar\u00e1veis. Equipada com o motor PREX de alta pot\u00eancia e alto torque da Okuma, esta m\u00e1quina oferece usinagem de alta qualidade, desde corte pesado a alta velocidade, com um di\u00e2metro de furo passante capaz de acomodar pe\u00e7as maiores. O controle OSP-P de arquitetura aberta e f\u00e1cil de usar torna esta m\u00e1quina n\u00e3o apenas f\u00e1cil de operar, mas tamb\u00e9m de integra\u00e7\u00e3o com outros equipamentos perif\u00e9ricos. Uma ampla variedade de comprimentos de cama, tamanhos de orif\u00edcios e op\u00e7\u00f5es &#8211; incluindo ferramentas ativas e o eixo Y &#8211; significa que h\u00e1 uma configura\u00e7\u00e3o para atender aos requisitos de qualquer oficina.   <\/p>\n","protected":false},"excerpt":{"rendered":"<p>O centro de torneamento de 2 eixos LB4000 EX II \u00e9 baseado no conceito de Thermo-Friendly da Okuma para garantir o crescimento t\u00e9rmico m\u00ednimo, e a constru\u00e7\u00e3o do leito inclinado resulta em qualidade e rigidez incompar\u00e1veis. Equipada com o motor PREX de alta pot\u00eancia e alto torque da Okuma, esta m\u00e1quina oferece usinagem de alta [&hellip;]<\/p>\n","protected":false},"featured_media":21081,"template":"","meta":[],"product_brand":[],"product_cat":[563,565],"product_tag":[569,570,571,572,573,575],"marca-producto":[26],"serie-producto":[272],"class_list":{"0":"post-21080","1":"product","2":"type-product","3":"status-publish","4":"has-post-thumbnail","6":"product_cat-tornos-pt-pt","7":"product_cat-tornos-horizontais","8":"product_tag-automovel","9":"product_tag-bens-de-equipamento","10":"product_tag-energia-pt-pt","11":"product_tag-ferrovia","12":"product_tag-grande-consumo","13":"product_tag-moldes-e-matrizes","14":"marca-producto-okuma","15":"serie-producto-lb-ex-ii","17":"first","18":"instock","19":"featured","20":"product-type-simple"},"yoast_head":"<!-- This site is optimized with the Yoast SEO plugin v27.0 - https:\/\/yoast.com\/product\/yoast-seo-wordpress\/ -->\n<title>LB4000 EX II<\/title>\n<meta name=\"description\" content=\"LB4000 EX II. O centro de torneamento de 2 eixos LB4000 EX II \u00e9 baseado no conceito de Thermo-Friendly da Okuma para garantir o crescimento t\u00e9rmico m\u00ednimo, e a\" \/>\n<meta name=\"robots\" content=\"index, follow, max-snippet:-1, max-image-preview:large, max-video-preview:-1\" \/>\n<link rel=\"canonical\" href=\"https:\/\/maqcenter.com\/pt-pt\/producto\/lb4000-ex-ii\/\" \/>\n<meta property=\"og:locale\" content=\"pt_PT\" \/>\n<meta property=\"og:type\" content=\"article\" \/>\n<meta property=\"og:title\" content=\"LB4000 EX II\" \/>\n<meta property=\"og:description\" content=\"LB4000 EX II. O centro de torneamento de 2 eixos LB4000 EX II \u00e9 baseado no conceito de Thermo-Friendly da Okuma para garantir o crescimento t\u00e9rmico m\u00ednimo, e a\" \/>\n<meta property=\"og:url\" content=\"https:\/\/maqcenter.com\/pt-pt\/producto\/lb4000-ex-ii\/\" \/>\n<meta property=\"og:site_name\" content=\"MAQcenter\" \/>\n<meta name=\"twitter:card\" content=\"summary_large_image\" \/>\n<meta name=\"twitter:label1\" content=\"Tempo estimado de leitura\" \/>\n\t<meta name=\"twitter:data1\" content=\"1 minuto\" \/>\n<script type=\"application\/ld+json\" class=\"yoast-schema-graph\">{\"@context\":\"https:\/\/schema.org\",\"@graph\":[{\"@type\":[\"WebPage\",\"ItemPage\"],\"@id\":\"https:\/\/maqcenter.com\/pt-pt\/producto\/lb4000-ex-ii\/\",\"url\":\"https:\/\/maqcenter.com\/pt-pt\/producto\/lb4000-ex-ii\/\",\"name\":\"LB4000 EX II\",\"isPartOf\":{\"@id\":\"https:\/\/maqcenter.com\/pt-pt\/#website\"},\"primaryImageOfPage\":{\"@id\":\"https:\/\/maqcenter.com\/pt-pt\/producto\/lb4000-ex-ii\/#primaryimage\"},\"image\":{\"@id\":\"https:\/\/maqcenter.com\/pt-pt\/producto\/lb4000-ex-ii\/#primaryimage\"},\"thumbnailUrl\":\"https:\/\/maqcenter.com\/wp-content\/uploads\/2021\/02\/OKUMA-LB4000-EXII.jpg\",\"datePublished\":\"2021-02-25T12:01:30+00:00\",\"description\":\"LB4000 EX II. O centro de torneamento de 2 eixos LB4000 EX II \u00e9 baseado no conceito de Thermo-Friendly da Okuma para garantir o crescimento t\u00e9rmico m\u00ednimo, e a\",\"breadcrumb\":{\"@id\":\"https:\/\/maqcenter.com\/pt-pt\/producto\/lb4000-ex-ii\/#breadcrumb\"},\"inLanguage\":\"pt-PT\",\"potentialAction\":[{\"@type\":\"ReadAction\",\"target\":[\"https:\/\/maqcenter.com\/pt-pt\/producto\/lb4000-ex-ii\/\"]}]},{\"@type\":\"ImageObject\",\"inLanguage\":\"pt-PT\",\"@id\":\"https:\/\/maqcenter.com\/pt-pt\/producto\/lb4000-ex-ii\/#primaryimage\",\"url\":\"https:\/\/maqcenter.com\/wp-content\/uploads\/2021\/02\/OKUMA-LB4000-EXII.jpg\",\"contentUrl\":\"https:\/\/maqcenter.com\/wp-content\/uploads\/2021\/02\/OKUMA-LB4000-EXII.jpg\",\"width\":500,\"height\":500},{\"@type\":\"BreadcrumbList\",\"@id\":\"https:\/\/maqcenter.com\/pt-pt\/producto\/lb4000-ex-ii\/#breadcrumb\",\"itemListElement\":[{\"@type\":\"ListItem\",\"position\":1,\"name\":\"Productos\",\"item\":\"https:\/\/maqcenter.com\/pt-pt\/\"},{\"@type\":\"ListItem\",\"position\":2,\"name\":\"Produtos\",\"item\":\"https:\/\/maqcenter.com\/pt-pt\/shop\/\"},{\"@type\":\"ListItem\",\"position\":3,\"name\":\"LB4000 EX II\"}]},{\"@type\":\"WebSite\",\"@id\":\"https:\/\/maqcenter.com\/pt-pt\/#website\",\"url\":\"https:\/\/maqcenter.com\/pt-pt\/\",\"name\":\"MAQcenter\",\"description\":\"El centro de tus soluciones\",\"publisher\":{\"@id\":\"https:\/\/maqcenter.com\/pt-pt\/#organization\"},\"potentialAction\":[{\"@type\":\"SearchAction\",\"target\":{\"@type\":\"EntryPoint\",\"urlTemplate\":\"https:\/\/maqcenter.com\/pt-pt\/?s={search_term_string}\"},\"query-input\":{\"@type\":\"PropertyValueSpecification\",\"valueRequired\":true,\"valueName\":\"search_term_string\"}}],\"inLanguage\":\"pt-PT\"},{\"@type\":\"Organization\",\"@id\":\"https:\/\/maqcenter.com\/pt-pt\/#organization\",\"name\":\"MAQcenter S.A.\",\"url\":\"https:\/\/maqcenter.com\/pt-pt\/\",\"logo\":{\"@type\":\"ImageObject\",\"inLanguage\":\"pt-PT\",\"@id\":\"https:\/\/maqcenter.com\/pt-pt\/#\/schema\/logo\/image\/\",\"url\":\"https:\/\/maqcenter.com\/wp-content\/uploads\/2021\/02\/MAQcenter_logo_vertical.svg\",\"contentUrl\":\"https:\/\/maqcenter.com\/wp-content\/uploads\/2021\/02\/MAQcenter_logo_vertical.svg\",\"width\":300,\"height\":174,\"caption\":\"MAQcenter S.A.\"},\"image\":{\"@id\":\"https:\/\/maqcenter.com\/pt-pt\/#\/schema\/logo\/image\/\"}}]}<\/script>\n<!-- \/ Yoast SEO plugin. -->","yoast_head_json":{"title":"LB4000 EX II","description":"LB4000 EX II. O centro de torneamento de 2 eixos LB4000 EX II \u00e9 baseado no conceito de Thermo-Friendly da Okuma para garantir o crescimento t\u00e9rmico m\u00ednimo, e a","robots":{"index":"index","follow":"follow","max-snippet":"max-snippet:-1","max-image-preview":"max-image-preview:large","max-video-preview":"max-video-preview:-1"},"canonical":"https:\/\/maqcenter.com\/pt-pt\/producto\/lb4000-ex-ii\/","og_locale":"pt_PT","og_type":"article","og_title":"LB4000 EX II","og_description":"LB4000 EX II. O centro de torneamento de 2 eixos LB4000 EX II \u00e9 baseado no conceito de Thermo-Friendly da Okuma para garantir o crescimento t\u00e9rmico m\u00ednimo, e a","og_url":"https:\/\/maqcenter.com\/pt-pt\/producto\/lb4000-ex-ii\/","og_site_name":"MAQcenter","twitter_card":"summary_large_image","twitter_misc":{"Tempo estimado de leitura":"1 minuto"},"schema":{"@context":"https:\/\/schema.org","@graph":[{"@type":["WebPage","ItemPage"],"@id":"https:\/\/maqcenter.com\/pt-pt\/producto\/lb4000-ex-ii\/","url":"https:\/\/maqcenter.com\/pt-pt\/producto\/lb4000-ex-ii\/","name":"LB4000 EX II","isPartOf":{"@id":"https:\/\/maqcenter.com\/pt-pt\/#website"},"primaryImageOfPage":{"@id":"https:\/\/maqcenter.com\/pt-pt\/producto\/lb4000-ex-ii\/#primaryimage"},"image":{"@id":"https:\/\/maqcenter.com\/pt-pt\/producto\/lb4000-ex-ii\/#primaryimage"},"thumbnailUrl":"https:\/\/maqcenter.com\/wp-content\/uploads\/2021\/02\/OKUMA-LB4000-EXII.jpg","datePublished":"2021-02-25T12:01:30+00:00","description":"LB4000 EX II. O centro de torneamento de 2 eixos LB4000 EX II \u00e9 baseado no conceito de Thermo-Friendly da Okuma para garantir o crescimento t\u00e9rmico m\u00ednimo, e a","breadcrumb":{"@id":"https:\/\/maqcenter.com\/pt-pt\/producto\/lb4000-ex-ii\/#breadcrumb"},"inLanguage":"pt-PT","potentialAction":[{"@type":"ReadAction","target":["https:\/\/maqcenter.com\/pt-pt\/producto\/lb4000-ex-ii\/"]}]},{"@type":"ImageObject","inLanguage":"pt-PT","@id":"https:\/\/maqcenter.com\/pt-pt\/producto\/lb4000-ex-ii\/#primaryimage","url":"https:\/\/maqcenter.com\/wp-content\/uploads\/2021\/02\/OKUMA-LB4000-EXII.jpg","contentUrl":"https:\/\/maqcenter.com\/wp-content\/uploads\/2021\/02\/OKUMA-LB4000-EXII.jpg","width":500,"height":500},{"@type":"BreadcrumbList","@id":"https:\/\/maqcenter.com\/pt-pt\/producto\/lb4000-ex-ii\/#breadcrumb","itemListElement":[{"@type":"ListItem","position":1,"name":"Productos","item":"https:\/\/maqcenter.com\/pt-pt\/"},{"@type":"ListItem","position":2,"name":"Produtos","item":"https:\/\/maqcenter.com\/pt-pt\/shop\/"},{"@type":"ListItem","position":3,"name":"LB4000 EX II"}]},{"@type":"WebSite","@id":"https:\/\/maqcenter.com\/pt-pt\/#website","url":"https:\/\/maqcenter.com\/pt-pt\/","name":"MAQcenter","description":"El centro de tus soluciones","publisher":{"@id":"https:\/\/maqcenter.com\/pt-pt\/#organization"},"potentialAction":[{"@type":"SearchAction","target":{"@type":"EntryPoint","urlTemplate":"https:\/\/maqcenter.com\/pt-pt\/?s={search_term_string}"},"query-input":{"@type":"PropertyValueSpecification","valueRequired":true,"valueName":"search_term_string"}}],"inLanguage":"pt-PT"},{"@type":"Organization","@id":"https:\/\/maqcenter.com\/pt-pt\/#organization","name":"MAQcenter S.A.","url":"https:\/\/maqcenter.com\/pt-pt\/","logo":{"@type":"ImageObject","inLanguage":"pt-PT","@id":"https:\/\/maqcenter.com\/pt-pt\/#\/schema\/logo\/image\/","url":"https:\/\/maqcenter.com\/wp-content\/uploads\/2021\/02\/MAQcenter_logo_vertical.svg","contentUrl":"https:\/\/maqcenter.com\/wp-content\/uploads\/2021\/02\/MAQcenter_logo_vertical.svg","width":300,"height":174,"caption":"MAQcenter S.A."},"image":{"@id":"https:\/\/maqcenter.com\/pt-pt\/#\/schema\/logo\/image\/"}}]}},"_links":{"self":[{"href":"https:\/\/maqcenter.com\/pt-pt\/wp-json\/wp\/v2\/product\/21080","targetHints":{"allow":["GET"]}}],"collection":[{"href":"https:\/\/maqcenter.com\/pt-pt\/wp-json\/wp\/v2\/product"}],"about":[{"href":"https:\/\/maqcenter.com\/pt-pt\/wp-json\/wp\/v2\/types\/product"}],"wp:featuredmedia":[{"embeddable":true,"href":"https:\/\/maqcenter.com\/pt-pt\/wp-json\/wp\/v2\/media\/21081"}],"wp:attachment":[{"href":"https:\/\/maqcenter.com\/pt-pt\/wp-json\/wp\/v2\/media?parent=21080"}],"wp:term":[{"taxonomy":"product_brand","embeddable":true,"href":"https:\/\/maqcenter.com\/pt-pt\/wp-json\/wp\/v2\/product_brand?post=21080"},{"taxonomy":"product_cat","embeddable":true,"href":"https:\/\/maqcenter.com\/pt-pt\/wp-json\/wp\/v2\/product_cat?post=21080"},{"taxonomy":"product_tag","embeddable":true,"href":"https:\/\/maqcenter.com\/pt-pt\/wp-json\/wp\/v2\/product_tag?post=21080"},{"taxonomy":"marca-producto","embeddable":true,"href":"https:\/\/maqcenter.com\/pt-pt\/wp-json\/wp\/v2\/marca-producto?post=21080"},{"taxonomy":"serie-producto","embeddable":true,"href":"https:\/\/maqcenter.com\/pt-pt\/wp-json\/wp\/v2\/serie-producto?post=21080"}],"curies":[{"name":"wp","href":"https:\/\/api.w.org\/{rel}","templated":true}]}}