{"id":21095,"date":"2021-02-25T14:01:30","date_gmt":"2021-02-25T12:01:30","guid":{"rendered":"https:\/\/maqcenter.com\/producto\/2sp-v40\/"},"modified":"2021-02-25T14:01:30","modified_gmt":"2021-02-25T12:01:30","slug":"2sp-v40","status":"publish","type":"product","link":"https:\/\/maqcenter.com\/pt-pt\/producto\/2sp-v40\/","title":{"rendered":"2SP-V40"},"content":{"rendered":"<p>Os tornos verticais de eixo duplo 2SP-V40 de 4 eixos apresentam uma estrutura de m\u00e1quina r\u00edgida que fornece cortes poderosos e de alta precis\u00e3o. A coluna vertical em forma de caixa \u00e9 extremamente r\u00edgida, permitindo cortes profundos em altas RPM. Guias corredi\u00e7as de montagem quadrada e cruzada garantem alta precis\u00e3o em todas as condi\u00e7\u00f5es de corte. Este torno vertical de alto desempenho oferece uma solu\u00e7\u00e3o de usinagem de precis\u00e3o para uma variedade de pe\u00e7as cr\u00edticas, incluindo pe\u00e7as de grande di\u00e2metro, como tambores e rotores de freio, buchas e engrenagens. Um controle opera dois fusos completamente independentes, proporcionando flexibilidade excepcional com consequentes melhorias na efici\u00eancia de usinagem. Esta m\u00e1quina est\u00e1 dispon\u00edvel com ferramentas din\u00e2micas em um ou ambos os lados,     <\/p>\n","protected":false},"excerpt":{"rendered":"<p>Os tornos verticais de eixo duplo 2SP-V40 de 4 eixos apresentam uma estrutura de m\u00e1quina r\u00edgida que fornece cortes poderosos e de alta precis\u00e3o. A coluna vertical em forma de caixa \u00e9 extremamente r\u00edgida, permitindo cortes profundos em altas RPM. Guias corredi\u00e7as de montagem quadrada e cruzada garantem alta precis\u00e3o em todas as condi\u00e7\u00f5es de [&hellip;]<\/p>\n","protected":false},"featured_media":21096,"template":"","meta":[],"product_brand":[],"product_cat":[563,567],"product_tag":[568,570,571,572],"marca-producto":[26],"serie-producto":[277],"class_list":{"0":"post-21095","1":"product","2":"type-product","3":"status-publish","4":"has-post-thumbnail","6":"product_cat-tornos-pt-pt","7":"product_cat-tornos-verticais","8":"product_tag-aeronautica-pt-pt","9":"product_tag-bens-de-equipamento","10":"product_tag-energia-pt-pt","11":"product_tag-ferrovia","12":"marca-producto-okuma","13":"serie-producto-2sp-v","15":"first","16":"instock","17":"product-type-simple"},"yoast_head":"<!-- This site is optimized with the Yoast SEO plugin v27.0 - https:\/\/yoast.com\/product\/yoast-seo-wordpress\/ -->\n<title>2SP-V40<\/title>\n<meta name=\"description\" content=\"2SP-V40. Os tornos verticais de eixo duplo 2SP-V40 de 4 eixos apresentam uma estrutura de m\u00e1quina r\u00edgida que fornece cortes poderosos e de alta precis\u00e3o. A coluna\" \/>\n<meta name=\"robots\" content=\"index, follow, max-snippet:-1, max-image-preview:large, max-video-preview:-1\" \/>\n<link rel=\"canonical\" href=\"https:\/\/maqcenter.com\/pt-pt\/producto\/2sp-v40\/\" \/>\n<meta property=\"og:locale\" content=\"pt_PT\" \/>\n<meta property=\"og:type\" content=\"article\" \/>\n<meta property=\"og:title\" content=\"2SP-V40\" \/>\n<meta property=\"og:description\" content=\"2SP-V40. Os tornos verticais de eixo duplo 2SP-V40 de 4 eixos apresentam uma estrutura de m\u00e1quina r\u00edgida que fornece cortes poderosos e de alta precis\u00e3o. A coluna\" \/>\n<meta property=\"og:url\" content=\"https:\/\/maqcenter.com\/pt-pt\/producto\/2sp-v40\/\" \/>\n<meta property=\"og:site_name\" content=\"MAQcenter\" \/>\n<meta name=\"twitter:card\" content=\"summary_large_image\" \/>\n<meta name=\"twitter:label1\" content=\"Tempo estimado de leitura\" \/>\n\t<meta name=\"twitter:data1\" content=\"1 minuto\" \/>\n<script type=\"application\/ld+json\" class=\"yoast-schema-graph\">{\"@context\":\"https:\/\/schema.org\",\"@graph\":[{\"@type\":[\"WebPage\",\"ItemPage\"],\"@id\":\"https:\/\/maqcenter.com\/pt-pt\/producto\/2sp-v40\/\",\"url\":\"https:\/\/maqcenter.com\/pt-pt\/producto\/2sp-v40\/\",\"name\":\"2SP-V40\",\"isPartOf\":{\"@id\":\"https:\/\/maqcenter.com\/pt-pt\/#website\"},\"primaryImageOfPage\":{\"@id\":\"https:\/\/maqcenter.com\/pt-pt\/producto\/2sp-v40\/#primaryimage\"},\"image\":{\"@id\":\"https:\/\/maqcenter.com\/pt-pt\/producto\/2sp-v40\/#primaryimage\"},\"thumbnailUrl\":\"https:\/\/maqcenter.com\/wp-content\/uploads\/2021\/02\/OKUMA-2SP-V40.jpg\",\"datePublished\":\"2021-02-25T12:01:30+00:00\",\"description\":\"2SP-V40. Os tornos verticais de eixo duplo 2SP-V40 de 4 eixos apresentam uma estrutura de m\u00e1quina r\u00edgida que fornece cortes poderosos e de alta precis\u00e3o. A coluna\",\"breadcrumb\":{\"@id\":\"https:\/\/maqcenter.com\/pt-pt\/producto\/2sp-v40\/#breadcrumb\"},\"inLanguage\":\"pt-PT\",\"potentialAction\":[{\"@type\":\"ReadAction\",\"target\":[\"https:\/\/maqcenter.com\/pt-pt\/producto\/2sp-v40\/\"]}]},{\"@type\":\"ImageObject\",\"inLanguage\":\"pt-PT\",\"@id\":\"https:\/\/maqcenter.com\/pt-pt\/producto\/2sp-v40\/#primaryimage\",\"url\":\"https:\/\/maqcenter.com\/wp-content\/uploads\/2021\/02\/OKUMA-2SP-V40.jpg\",\"contentUrl\":\"https:\/\/maqcenter.com\/wp-content\/uploads\/2021\/02\/OKUMA-2SP-V40.jpg\",\"width\":500,\"height\":500},{\"@type\":\"BreadcrumbList\",\"@id\":\"https:\/\/maqcenter.com\/pt-pt\/producto\/2sp-v40\/#breadcrumb\",\"itemListElement\":[{\"@type\":\"ListItem\",\"position\":1,\"name\":\"Productos\",\"item\":\"https:\/\/maqcenter.com\/pt-pt\/\"},{\"@type\":\"ListItem\",\"position\":2,\"name\":\"Produtos\",\"item\":\"https:\/\/maqcenter.com\/pt-pt\/shop\/\"},{\"@type\":\"ListItem\",\"position\":3,\"name\":\"2SP-V40\"}]},{\"@type\":\"WebSite\",\"@id\":\"https:\/\/maqcenter.com\/pt-pt\/#website\",\"url\":\"https:\/\/maqcenter.com\/pt-pt\/\",\"name\":\"MAQcenter\",\"description\":\"El centro de tus soluciones\",\"publisher\":{\"@id\":\"https:\/\/maqcenter.com\/pt-pt\/#organization\"},\"potentialAction\":[{\"@type\":\"SearchAction\",\"target\":{\"@type\":\"EntryPoint\",\"urlTemplate\":\"https:\/\/maqcenter.com\/pt-pt\/?s={search_term_string}\"},\"query-input\":{\"@type\":\"PropertyValueSpecification\",\"valueRequired\":true,\"valueName\":\"search_term_string\"}}],\"inLanguage\":\"pt-PT\"},{\"@type\":\"Organization\",\"@id\":\"https:\/\/maqcenter.com\/pt-pt\/#organization\",\"name\":\"MAQcenter S.A.\",\"url\":\"https:\/\/maqcenter.com\/pt-pt\/\",\"logo\":{\"@type\":\"ImageObject\",\"inLanguage\":\"pt-PT\",\"@id\":\"https:\/\/maqcenter.com\/pt-pt\/#\/schema\/logo\/image\/\",\"url\":\"https:\/\/maqcenter.com\/wp-content\/uploads\/2021\/02\/MAQcenter_logo_vertical.svg\",\"contentUrl\":\"https:\/\/maqcenter.com\/wp-content\/uploads\/2021\/02\/MAQcenter_logo_vertical.svg\",\"width\":300,\"height\":174,\"caption\":\"MAQcenter S.A.\"},\"image\":{\"@id\":\"https:\/\/maqcenter.com\/pt-pt\/#\/schema\/logo\/image\/\"}}]}<\/script>\n<!-- \/ Yoast SEO plugin. -->","yoast_head_json":{"title":"2SP-V40","description":"2SP-V40. Os tornos verticais de eixo duplo 2SP-V40 de 4 eixos apresentam uma estrutura de m\u00e1quina r\u00edgida que fornece cortes poderosos e de alta precis\u00e3o. A coluna","robots":{"index":"index","follow":"follow","max-snippet":"max-snippet:-1","max-image-preview":"max-image-preview:large","max-video-preview":"max-video-preview:-1"},"canonical":"https:\/\/maqcenter.com\/pt-pt\/producto\/2sp-v40\/","og_locale":"pt_PT","og_type":"article","og_title":"2SP-V40","og_description":"2SP-V40. Os tornos verticais de eixo duplo 2SP-V40 de 4 eixos apresentam uma estrutura de m\u00e1quina r\u00edgida que fornece cortes poderosos e de alta precis\u00e3o. A coluna","og_url":"https:\/\/maqcenter.com\/pt-pt\/producto\/2sp-v40\/","og_site_name":"MAQcenter","twitter_card":"summary_large_image","twitter_misc":{"Tempo estimado de leitura":"1 minuto"},"schema":{"@context":"https:\/\/schema.org","@graph":[{"@type":["WebPage","ItemPage"],"@id":"https:\/\/maqcenter.com\/pt-pt\/producto\/2sp-v40\/","url":"https:\/\/maqcenter.com\/pt-pt\/producto\/2sp-v40\/","name":"2SP-V40","isPartOf":{"@id":"https:\/\/maqcenter.com\/pt-pt\/#website"},"primaryImageOfPage":{"@id":"https:\/\/maqcenter.com\/pt-pt\/producto\/2sp-v40\/#primaryimage"},"image":{"@id":"https:\/\/maqcenter.com\/pt-pt\/producto\/2sp-v40\/#primaryimage"},"thumbnailUrl":"https:\/\/maqcenter.com\/wp-content\/uploads\/2021\/02\/OKUMA-2SP-V40.jpg","datePublished":"2021-02-25T12:01:30+00:00","description":"2SP-V40. Os tornos verticais de eixo duplo 2SP-V40 de 4 eixos apresentam uma estrutura de m\u00e1quina r\u00edgida que fornece cortes poderosos e de alta precis\u00e3o. A coluna","breadcrumb":{"@id":"https:\/\/maqcenter.com\/pt-pt\/producto\/2sp-v40\/#breadcrumb"},"inLanguage":"pt-PT","potentialAction":[{"@type":"ReadAction","target":["https:\/\/maqcenter.com\/pt-pt\/producto\/2sp-v40\/"]}]},{"@type":"ImageObject","inLanguage":"pt-PT","@id":"https:\/\/maqcenter.com\/pt-pt\/producto\/2sp-v40\/#primaryimage","url":"https:\/\/maqcenter.com\/wp-content\/uploads\/2021\/02\/OKUMA-2SP-V40.jpg","contentUrl":"https:\/\/maqcenter.com\/wp-content\/uploads\/2021\/02\/OKUMA-2SP-V40.jpg","width":500,"height":500},{"@type":"BreadcrumbList","@id":"https:\/\/maqcenter.com\/pt-pt\/producto\/2sp-v40\/#breadcrumb","itemListElement":[{"@type":"ListItem","position":1,"name":"Productos","item":"https:\/\/maqcenter.com\/pt-pt\/"},{"@type":"ListItem","position":2,"name":"Produtos","item":"https:\/\/maqcenter.com\/pt-pt\/shop\/"},{"@type":"ListItem","position":3,"name":"2SP-V40"}]},{"@type":"WebSite","@id":"https:\/\/maqcenter.com\/pt-pt\/#website","url":"https:\/\/maqcenter.com\/pt-pt\/","name":"MAQcenter","description":"El centro de tus soluciones","publisher":{"@id":"https:\/\/maqcenter.com\/pt-pt\/#organization"},"potentialAction":[{"@type":"SearchAction","target":{"@type":"EntryPoint","urlTemplate":"https:\/\/maqcenter.com\/pt-pt\/?s={search_term_string}"},"query-input":{"@type":"PropertyValueSpecification","valueRequired":true,"valueName":"search_term_string"}}],"inLanguage":"pt-PT"},{"@type":"Organization","@id":"https:\/\/maqcenter.com\/pt-pt\/#organization","name":"MAQcenter S.A.","url":"https:\/\/maqcenter.com\/pt-pt\/","logo":{"@type":"ImageObject","inLanguage":"pt-PT","@id":"https:\/\/maqcenter.com\/pt-pt\/#\/schema\/logo\/image\/","url":"https:\/\/maqcenter.com\/wp-content\/uploads\/2021\/02\/MAQcenter_logo_vertical.svg","contentUrl":"https:\/\/maqcenter.com\/wp-content\/uploads\/2021\/02\/MAQcenter_logo_vertical.svg","width":300,"height":174,"caption":"MAQcenter S.A."},"image":{"@id":"https:\/\/maqcenter.com\/pt-pt\/#\/schema\/logo\/image\/"}}]}},"_links":{"self":[{"href":"https:\/\/maqcenter.com\/pt-pt\/wp-json\/wp\/v2\/product\/21095","targetHints":{"allow":["GET"]}}],"collection":[{"href":"https:\/\/maqcenter.com\/pt-pt\/wp-json\/wp\/v2\/product"}],"about":[{"href":"https:\/\/maqcenter.com\/pt-pt\/wp-json\/wp\/v2\/types\/product"}],"wp:featuredmedia":[{"embeddable":true,"href":"https:\/\/maqcenter.com\/pt-pt\/wp-json\/wp\/v2\/media\/21096"}],"wp:attachment":[{"href":"https:\/\/maqcenter.com\/pt-pt\/wp-json\/wp\/v2\/media?parent=21095"}],"wp:term":[{"taxonomy":"product_brand","embeddable":true,"href":"https:\/\/maqcenter.com\/pt-pt\/wp-json\/wp\/v2\/product_brand?post=21095"},{"taxonomy":"product_cat","embeddable":true,"href":"https:\/\/maqcenter.com\/pt-pt\/wp-json\/wp\/v2\/product_cat?post=21095"},{"taxonomy":"product_tag","embeddable":true,"href":"https:\/\/maqcenter.com\/pt-pt\/wp-json\/wp\/v2\/product_tag?post=21095"},{"taxonomy":"marca-producto","embeddable":true,"href":"https:\/\/maqcenter.com\/pt-pt\/wp-json\/wp\/v2\/marca-producto?post=21095"},{"taxonomy":"serie-producto","embeddable":true,"href":"https:\/\/maqcenter.com\/pt-pt\/wp-json\/wp\/v2\/serie-producto?post=21095"}],"curies":[{"name":"wp","href":"https:\/\/api.w.org\/{rel}","templated":true}]}}