{"id":21105,"date":"2021-02-25T14:01:30","date_gmt":"2021-02-25T12:01:30","guid":{"rendered":"https:\/\/maqcenter.com\/producto\/law-2s\/"},"modified":"2021-02-25T14:01:30","modified_gmt":"2021-02-25T12:01:30","slug":"law-2s","status":"publish","type":"product","link":"https:\/\/maqcenter.com\/pt-pt\/producto\/law-2s\/","title":{"rendered":"LAW-2S"},"content":{"rendered":"<p>Agora em sua segunda gera\u00e7\u00e3o, o LAW-2S \u00e9 l\u00edder na ind\u00fastria de usinagem de pneus. Com sua combina\u00e7\u00e3o \u00fanica de torneamento simult\u00e2neo de 4 eixos para reduzir o tempo de ciclo e a confiabilidade do padr\u00e3o Okuma. Um di\u00e2metro de torneamento de 500 mm, fuso potente e 10 ferramentas dispon\u00edveis a tornam uma verdadeira m\u00e1quina para todos os tipos de acabamento de roda, de espelhos a espirais, bem como incont\u00e1veis \u200b\u200baprimoramentos para o consumidor. Para finalizar, o LAW-2S oferece manuseio eficiente de chips e um design amig\u00e1vel para rob\u00f4 e linha de produ\u00e7\u00e3o para se adequar a qualquer configura\u00e7\u00e3o de processo.   <\/p>\n","protected":false},"excerpt":{"rendered":"<p>Agora em sua segunda gera\u00e7\u00e3o, o LAW-2S \u00e9 l\u00edder na ind\u00fastria de usinagem de pneus. Com sua combina\u00e7\u00e3o \u00fanica de torneamento simult\u00e2neo de 4 eixos para reduzir o tempo de ciclo e a confiabilidade do padr\u00e3o Okuma. Um di\u00e2metro de torneamento de 500 mm, fuso potente e 10 ferramentas dispon\u00edveis a tornam uma verdadeira m\u00e1quina [&hellip;]<\/p>\n","protected":false},"featured_media":21106,"template":"","meta":[],"product_brand":[],"product_cat":[563,565],"product_tag":[569,570,571,572,573,575],"marca-producto":[26],"serie-producto":[278],"class_list":{"0":"post-21105","1":"product","2":"type-product","3":"status-publish","4":"has-post-thumbnail","6":"product_cat-tornos-pt-pt","7":"product_cat-tornos-horizontais","8":"product_tag-automovel","9":"product_tag-bens-de-equipamento","10":"product_tag-energia-pt-pt","11":"product_tag-ferrovia","12":"product_tag-grande-consumo","13":"product_tag-moldes-e-matrizes","14":"marca-producto-okuma","15":"serie-producto-law","17":"first","18":"instock","19":"product-type-simple"},"yoast_head":"<!-- This site is optimized with the Yoast SEO plugin v27.0 - https:\/\/yoast.com\/product\/yoast-seo-wordpress\/ -->\n<title>LAW-2S<\/title>\n<meta name=\"description\" content=\"LAW-2S. Agora em sua segunda gera\u00e7\u00e3o, o LAW-2S \u00e9 l\u00edder na ind\u00fastria de usinagem de pneus. Com sua combina\u00e7\u00e3o \u00fanica de torneamento simult\u00e2neo de 4 eixos para\" \/>\n<meta name=\"robots\" content=\"index, follow, max-snippet:-1, max-image-preview:large, max-video-preview:-1\" \/>\n<link rel=\"canonical\" href=\"https:\/\/maqcenter.com\/pt-pt\/producto\/law-2s\/\" \/>\n<meta property=\"og:locale\" content=\"pt_PT\" \/>\n<meta property=\"og:type\" content=\"article\" \/>\n<meta property=\"og:title\" content=\"LAW-2S\" \/>\n<meta property=\"og:description\" content=\"LAW-2S. Agora em sua segunda gera\u00e7\u00e3o, o LAW-2S \u00e9 l\u00edder na ind\u00fastria de usinagem de pneus. Com sua combina\u00e7\u00e3o \u00fanica de torneamento simult\u00e2neo de 4 eixos para\" \/>\n<meta property=\"og:url\" content=\"https:\/\/maqcenter.com\/pt-pt\/producto\/law-2s\/\" \/>\n<meta property=\"og:site_name\" content=\"MAQcenter\" \/>\n<meta name=\"twitter:card\" content=\"summary_large_image\" \/>\n<meta name=\"twitter:label1\" content=\"Tempo estimado de leitura\" \/>\n\t<meta name=\"twitter:data1\" content=\"1 minuto\" \/>\n<script type=\"application\/ld+json\" class=\"yoast-schema-graph\">{\"@context\":\"https:\/\/schema.org\",\"@graph\":[{\"@type\":[\"WebPage\",\"ItemPage\"],\"@id\":\"https:\/\/maqcenter.com\/pt-pt\/producto\/law-2s\/\",\"url\":\"https:\/\/maqcenter.com\/pt-pt\/producto\/law-2s\/\",\"name\":\"LAW-2S\",\"isPartOf\":{\"@id\":\"https:\/\/maqcenter.com\/pt-pt\/#website\"},\"primaryImageOfPage\":{\"@id\":\"https:\/\/maqcenter.com\/pt-pt\/producto\/law-2s\/#primaryimage\"},\"image\":{\"@id\":\"https:\/\/maqcenter.com\/pt-pt\/producto\/law-2s\/#primaryimage\"},\"thumbnailUrl\":\"https:\/\/maqcenter.com\/wp-content\/uploads\/2021\/02\/OKUMA-LAW-2S.jpg\",\"datePublished\":\"2021-02-25T12:01:30+00:00\",\"description\":\"LAW-2S. Agora em sua segunda gera\u00e7\u00e3o, o LAW-2S \u00e9 l\u00edder na ind\u00fastria de usinagem de pneus. Com sua combina\u00e7\u00e3o \u00fanica de torneamento simult\u00e2neo de 4 eixos para\",\"breadcrumb\":{\"@id\":\"https:\/\/maqcenter.com\/pt-pt\/producto\/law-2s\/#breadcrumb\"},\"inLanguage\":\"pt-PT\",\"potentialAction\":[{\"@type\":\"ReadAction\",\"target\":[\"https:\/\/maqcenter.com\/pt-pt\/producto\/law-2s\/\"]}]},{\"@type\":\"ImageObject\",\"inLanguage\":\"pt-PT\",\"@id\":\"https:\/\/maqcenter.com\/pt-pt\/producto\/law-2s\/#primaryimage\",\"url\":\"https:\/\/maqcenter.com\/wp-content\/uploads\/2021\/02\/OKUMA-LAW-2S.jpg\",\"contentUrl\":\"https:\/\/maqcenter.com\/wp-content\/uploads\/2021\/02\/OKUMA-LAW-2S.jpg\",\"width\":500,\"height\":500},{\"@type\":\"BreadcrumbList\",\"@id\":\"https:\/\/maqcenter.com\/pt-pt\/producto\/law-2s\/#breadcrumb\",\"itemListElement\":[{\"@type\":\"ListItem\",\"position\":1,\"name\":\"Productos\",\"item\":\"https:\/\/maqcenter.com\/pt-pt\/\"},{\"@type\":\"ListItem\",\"position\":2,\"name\":\"Produtos\",\"item\":\"https:\/\/maqcenter.com\/pt-pt\/shop\/\"},{\"@type\":\"ListItem\",\"position\":3,\"name\":\"LAW-2S\"}]},{\"@type\":\"WebSite\",\"@id\":\"https:\/\/maqcenter.com\/pt-pt\/#website\",\"url\":\"https:\/\/maqcenter.com\/pt-pt\/\",\"name\":\"MAQcenter\",\"description\":\"El centro de tus soluciones\",\"publisher\":{\"@id\":\"https:\/\/maqcenter.com\/pt-pt\/#organization\"},\"potentialAction\":[{\"@type\":\"SearchAction\",\"target\":{\"@type\":\"EntryPoint\",\"urlTemplate\":\"https:\/\/maqcenter.com\/pt-pt\/?s={search_term_string}\"},\"query-input\":{\"@type\":\"PropertyValueSpecification\",\"valueRequired\":true,\"valueName\":\"search_term_string\"}}],\"inLanguage\":\"pt-PT\"},{\"@type\":\"Organization\",\"@id\":\"https:\/\/maqcenter.com\/pt-pt\/#organization\",\"name\":\"MAQcenter S.A.\",\"url\":\"https:\/\/maqcenter.com\/pt-pt\/\",\"logo\":{\"@type\":\"ImageObject\",\"inLanguage\":\"pt-PT\",\"@id\":\"https:\/\/maqcenter.com\/pt-pt\/#\/schema\/logo\/image\/\",\"url\":\"https:\/\/maqcenter.com\/wp-content\/uploads\/2021\/02\/MAQcenter_logo_vertical.svg\",\"contentUrl\":\"https:\/\/maqcenter.com\/wp-content\/uploads\/2021\/02\/MAQcenter_logo_vertical.svg\",\"width\":300,\"height\":174,\"caption\":\"MAQcenter S.A.\"},\"image\":{\"@id\":\"https:\/\/maqcenter.com\/pt-pt\/#\/schema\/logo\/image\/\"}}]}<\/script>\n<!-- \/ Yoast SEO plugin. -->","yoast_head_json":{"title":"LAW-2S","description":"LAW-2S. Agora em sua segunda gera\u00e7\u00e3o, o LAW-2S \u00e9 l\u00edder na ind\u00fastria de usinagem de pneus. Com sua combina\u00e7\u00e3o \u00fanica de torneamento simult\u00e2neo de 4 eixos para","robots":{"index":"index","follow":"follow","max-snippet":"max-snippet:-1","max-image-preview":"max-image-preview:large","max-video-preview":"max-video-preview:-1"},"canonical":"https:\/\/maqcenter.com\/pt-pt\/producto\/law-2s\/","og_locale":"pt_PT","og_type":"article","og_title":"LAW-2S","og_description":"LAW-2S. Agora em sua segunda gera\u00e7\u00e3o, o LAW-2S \u00e9 l\u00edder na ind\u00fastria de usinagem de pneus. Com sua combina\u00e7\u00e3o \u00fanica de torneamento simult\u00e2neo de 4 eixos para","og_url":"https:\/\/maqcenter.com\/pt-pt\/producto\/law-2s\/","og_site_name":"MAQcenter","twitter_card":"summary_large_image","twitter_misc":{"Tempo estimado de leitura":"1 minuto"},"schema":{"@context":"https:\/\/schema.org","@graph":[{"@type":["WebPage","ItemPage"],"@id":"https:\/\/maqcenter.com\/pt-pt\/producto\/law-2s\/","url":"https:\/\/maqcenter.com\/pt-pt\/producto\/law-2s\/","name":"LAW-2S","isPartOf":{"@id":"https:\/\/maqcenter.com\/pt-pt\/#website"},"primaryImageOfPage":{"@id":"https:\/\/maqcenter.com\/pt-pt\/producto\/law-2s\/#primaryimage"},"image":{"@id":"https:\/\/maqcenter.com\/pt-pt\/producto\/law-2s\/#primaryimage"},"thumbnailUrl":"https:\/\/maqcenter.com\/wp-content\/uploads\/2021\/02\/OKUMA-LAW-2S.jpg","datePublished":"2021-02-25T12:01:30+00:00","description":"LAW-2S. Agora em sua segunda gera\u00e7\u00e3o, o LAW-2S \u00e9 l\u00edder na ind\u00fastria de usinagem de pneus. Com sua combina\u00e7\u00e3o \u00fanica de torneamento simult\u00e2neo de 4 eixos para","breadcrumb":{"@id":"https:\/\/maqcenter.com\/pt-pt\/producto\/law-2s\/#breadcrumb"},"inLanguage":"pt-PT","potentialAction":[{"@type":"ReadAction","target":["https:\/\/maqcenter.com\/pt-pt\/producto\/law-2s\/"]}]},{"@type":"ImageObject","inLanguage":"pt-PT","@id":"https:\/\/maqcenter.com\/pt-pt\/producto\/law-2s\/#primaryimage","url":"https:\/\/maqcenter.com\/wp-content\/uploads\/2021\/02\/OKUMA-LAW-2S.jpg","contentUrl":"https:\/\/maqcenter.com\/wp-content\/uploads\/2021\/02\/OKUMA-LAW-2S.jpg","width":500,"height":500},{"@type":"BreadcrumbList","@id":"https:\/\/maqcenter.com\/pt-pt\/producto\/law-2s\/#breadcrumb","itemListElement":[{"@type":"ListItem","position":1,"name":"Productos","item":"https:\/\/maqcenter.com\/pt-pt\/"},{"@type":"ListItem","position":2,"name":"Produtos","item":"https:\/\/maqcenter.com\/pt-pt\/shop\/"},{"@type":"ListItem","position":3,"name":"LAW-2S"}]},{"@type":"WebSite","@id":"https:\/\/maqcenter.com\/pt-pt\/#website","url":"https:\/\/maqcenter.com\/pt-pt\/","name":"MAQcenter","description":"El centro de tus soluciones","publisher":{"@id":"https:\/\/maqcenter.com\/pt-pt\/#organization"},"potentialAction":[{"@type":"SearchAction","target":{"@type":"EntryPoint","urlTemplate":"https:\/\/maqcenter.com\/pt-pt\/?s={search_term_string}"},"query-input":{"@type":"PropertyValueSpecification","valueRequired":true,"valueName":"search_term_string"}}],"inLanguage":"pt-PT"},{"@type":"Organization","@id":"https:\/\/maqcenter.com\/pt-pt\/#organization","name":"MAQcenter S.A.","url":"https:\/\/maqcenter.com\/pt-pt\/","logo":{"@type":"ImageObject","inLanguage":"pt-PT","@id":"https:\/\/maqcenter.com\/pt-pt\/#\/schema\/logo\/image\/","url":"https:\/\/maqcenter.com\/wp-content\/uploads\/2021\/02\/MAQcenter_logo_vertical.svg","contentUrl":"https:\/\/maqcenter.com\/wp-content\/uploads\/2021\/02\/MAQcenter_logo_vertical.svg","width":300,"height":174,"caption":"MAQcenter S.A."},"image":{"@id":"https:\/\/maqcenter.com\/pt-pt\/#\/schema\/logo\/image\/"}}]}},"_links":{"self":[{"href":"https:\/\/maqcenter.com\/pt-pt\/wp-json\/wp\/v2\/product\/21105","targetHints":{"allow":["GET"]}}],"collection":[{"href":"https:\/\/maqcenter.com\/pt-pt\/wp-json\/wp\/v2\/product"}],"about":[{"href":"https:\/\/maqcenter.com\/pt-pt\/wp-json\/wp\/v2\/types\/product"}],"wp:featuredmedia":[{"embeddable":true,"href":"https:\/\/maqcenter.com\/pt-pt\/wp-json\/wp\/v2\/media\/21106"}],"wp:attachment":[{"href":"https:\/\/maqcenter.com\/pt-pt\/wp-json\/wp\/v2\/media?parent=21105"}],"wp:term":[{"taxonomy":"product_brand","embeddable":true,"href":"https:\/\/maqcenter.com\/pt-pt\/wp-json\/wp\/v2\/product_brand?post=21105"},{"taxonomy":"product_cat","embeddable":true,"href":"https:\/\/maqcenter.com\/pt-pt\/wp-json\/wp\/v2\/product_cat?post=21105"},{"taxonomy":"product_tag","embeddable":true,"href":"https:\/\/maqcenter.com\/pt-pt\/wp-json\/wp\/v2\/product_tag?post=21105"},{"taxonomy":"marca-producto","embeddable":true,"href":"https:\/\/maqcenter.com\/pt-pt\/wp-json\/wp\/v2\/marca-producto?post=21105"},{"taxonomy":"serie-producto","embeddable":true,"href":"https:\/\/maqcenter.com\/pt-pt\/wp-json\/wp\/v2\/serie-producto?post=21105"}],"curies":[{"name":"wp","href":"https:\/\/api.w.org\/{rel}","templated":true}]}}