{"id":21115,"date":"2021-02-25T14:01:30","date_gmt":"2021-02-25T12:01:30","guid":{"rendered":"https:\/\/maqcenter.com\/producto\/lu45ii\/"},"modified":"2021-02-25T14:01:30","modified_gmt":"2021-02-25T12:01:30","slug":"lu45ii","status":"publish","type":"product","link":"https:\/\/maqcenter.com\/pt-pt\/producto\/lu45ii\/","title":{"rendered":"LU45II"},"content":{"rendered":"<p>O centro de torneamento LU45II CNC \u00e9 a mais recente evolu\u00e7\u00e3o de grandes centros de torneamento de 4 eixos. As duas torres oferecem melhorias dram\u00e1ticas na flexibilidade do processo e tempo de ciclo em compara\u00e7\u00e3o com as m\u00e1quinas de 2 eixos. O LU45 II possui 22 esta\u00e7\u00f5es de ferramentas, dois carros independentes, quatro faixas de pot\u00eancia, grandes guias de caixa endurecida, um contraponto rotativo e o sistema de controle CNC OSP da Okuma para facilidade de uso. A fun\u00e7\u00e3o opcional M (fresa) incorpora fun\u00e7\u00f5es de fresagem \/ perfura\u00e7\u00e3o na torre superior, incorporando usinagem secund\u00e1ria em um \u00fanico acess\u00f3rio para m\u00e1xima precis\u00e3o e efici\u00eancia.   <\/p>\n","protected":false},"excerpt":{"rendered":"<p>O centro de torneamento LU45II CNC \u00e9 a mais recente evolu\u00e7\u00e3o de grandes centros de torneamento de 4 eixos. As duas torres oferecem melhorias dram\u00e1ticas na flexibilidade do processo e tempo de ciclo em compara\u00e7\u00e3o com as m\u00e1quinas de 2 eixos. O LU45 II possui 22 esta\u00e7\u00f5es de ferramentas, dois carros independentes, quatro faixas de [&hellip;]<\/p>\n","protected":false},"featured_media":21116,"template":"","meta":[],"product_brand":[],"product_cat":[563,565],"product_tag":[569,570,571,572,573,575],"marca-producto":[26],"serie-producto":[276],"class_list":{"0":"post-21115","1":"product","2":"type-product","3":"status-publish","4":"has-post-thumbnail","6":"product_cat-tornos-pt-pt","7":"product_cat-tornos-horizontais","8":"product_tag-automovel","9":"product_tag-bens-de-equipamento","10":"product_tag-energia-pt-pt","11":"product_tag-ferrovia","12":"product_tag-grande-consumo","13":"product_tag-moldes-e-matrizes","14":"marca-producto-okuma","15":"serie-producto-lu","17":"first","18":"instock","19":"product-type-simple"},"yoast_head":"<!-- This site is optimized with the Yoast SEO plugin v27.0 - https:\/\/yoast.com\/product\/yoast-seo-wordpress\/ -->\n<title>LU45II<\/title>\n<meta name=\"description\" content=\"LU45II. O centro de torneamento LU45II CNC \u00e9 a mais recente evolu\u00e7\u00e3o de grandes centros de torneamento de 4 eixos. As duas torres oferecem melhorias dram\u00e1ticas na\" \/>\n<meta name=\"robots\" content=\"index, follow, max-snippet:-1, max-image-preview:large, max-video-preview:-1\" \/>\n<link rel=\"canonical\" href=\"https:\/\/maqcenter.com\/pt-pt\/producto\/lu45ii\/\" \/>\n<meta property=\"og:locale\" content=\"pt_PT\" \/>\n<meta property=\"og:type\" content=\"article\" \/>\n<meta property=\"og:title\" content=\"LU45II\" \/>\n<meta property=\"og:description\" content=\"LU45II. O centro de torneamento LU45II CNC \u00e9 a mais recente evolu\u00e7\u00e3o de grandes centros de torneamento de 4 eixos. As duas torres oferecem melhorias dram\u00e1ticas na\" \/>\n<meta property=\"og:url\" content=\"https:\/\/maqcenter.com\/pt-pt\/producto\/lu45ii\/\" \/>\n<meta property=\"og:site_name\" content=\"MAQcenter\" \/>\n<meta name=\"twitter:card\" content=\"summary_large_image\" \/>\n<meta name=\"twitter:label1\" content=\"Tempo estimado de leitura\" \/>\n\t<meta name=\"twitter:data1\" content=\"1 minuto\" \/>\n<script type=\"application\/ld+json\" class=\"yoast-schema-graph\">{\"@context\":\"https:\/\/schema.org\",\"@graph\":[{\"@type\":[\"WebPage\",\"ItemPage\"],\"@id\":\"https:\/\/maqcenter.com\/pt-pt\/producto\/lu45ii\/\",\"url\":\"https:\/\/maqcenter.com\/pt-pt\/producto\/lu45ii\/\",\"name\":\"LU45II\",\"isPartOf\":{\"@id\":\"https:\/\/maqcenter.com\/pt-pt\/#website\"},\"primaryImageOfPage\":{\"@id\":\"https:\/\/maqcenter.com\/pt-pt\/producto\/lu45ii\/#primaryimage\"},\"image\":{\"@id\":\"https:\/\/maqcenter.com\/pt-pt\/producto\/lu45ii\/#primaryimage\"},\"thumbnailUrl\":\"https:\/\/maqcenter.com\/wp-content\/uploads\/2021\/02\/OKUMA-LU45II.jpg\",\"datePublished\":\"2021-02-25T12:01:30+00:00\",\"description\":\"LU45II. O centro de torneamento LU45II CNC \u00e9 a mais recente evolu\u00e7\u00e3o de grandes centros de torneamento de 4 eixos. As duas torres oferecem melhorias dram\u00e1ticas na\",\"breadcrumb\":{\"@id\":\"https:\/\/maqcenter.com\/pt-pt\/producto\/lu45ii\/#breadcrumb\"},\"inLanguage\":\"pt-PT\",\"potentialAction\":[{\"@type\":\"ReadAction\",\"target\":[\"https:\/\/maqcenter.com\/pt-pt\/producto\/lu45ii\/\"]}]},{\"@type\":\"ImageObject\",\"inLanguage\":\"pt-PT\",\"@id\":\"https:\/\/maqcenter.com\/pt-pt\/producto\/lu45ii\/#primaryimage\",\"url\":\"https:\/\/maqcenter.com\/wp-content\/uploads\/2021\/02\/OKUMA-LU45II.jpg\",\"contentUrl\":\"https:\/\/maqcenter.com\/wp-content\/uploads\/2021\/02\/OKUMA-LU45II.jpg\",\"width\":500,\"height\":500},{\"@type\":\"BreadcrumbList\",\"@id\":\"https:\/\/maqcenter.com\/pt-pt\/producto\/lu45ii\/#breadcrumb\",\"itemListElement\":[{\"@type\":\"ListItem\",\"position\":1,\"name\":\"Productos\",\"item\":\"https:\/\/maqcenter.com\/pt-pt\/\"},{\"@type\":\"ListItem\",\"position\":2,\"name\":\"Produtos\",\"item\":\"https:\/\/maqcenter.com\/pt-pt\/shop\/\"},{\"@type\":\"ListItem\",\"position\":3,\"name\":\"LU45II\"}]},{\"@type\":\"WebSite\",\"@id\":\"https:\/\/maqcenter.com\/pt-pt\/#website\",\"url\":\"https:\/\/maqcenter.com\/pt-pt\/\",\"name\":\"MAQcenter\",\"description\":\"El centro de tus soluciones\",\"publisher\":{\"@id\":\"https:\/\/maqcenter.com\/pt-pt\/#organization\"},\"potentialAction\":[{\"@type\":\"SearchAction\",\"target\":{\"@type\":\"EntryPoint\",\"urlTemplate\":\"https:\/\/maqcenter.com\/pt-pt\/?s={search_term_string}\"},\"query-input\":{\"@type\":\"PropertyValueSpecification\",\"valueRequired\":true,\"valueName\":\"search_term_string\"}}],\"inLanguage\":\"pt-PT\"},{\"@type\":\"Organization\",\"@id\":\"https:\/\/maqcenter.com\/pt-pt\/#organization\",\"name\":\"MAQcenter S.A.\",\"url\":\"https:\/\/maqcenter.com\/pt-pt\/\",\"logo\":{\"@type\":\"ImageObject\",\"inLanguage\":\"pt-PT\",\"@id\":\"https:\/\/maqcenter.com\/pt-pt\/#\/schema\/logo\/image\/\",\"url\":\"https:\/\/maqcenter.com\/wp-content\/uploads\/2021\/02\/MAQcenter_logo_vertical.svg\",\"contentUrl\":\"https:\/\/maqcenter.com\/wp-content\/uploads\/2021\/02\/MAQcenter_logo_vertical.svg\",\"width\":300,\"height\":174,\"caption\":\"MAQcenter S.A.\"},\"image\":{\"@id\":\"https:\/\/maqcenter.com\/pt-pt\/#\/schema\/logo\/image\/\"}}]}<\/script>\n<!-- \/ Yoast SEO plugin. -->","yoast_head_json":{"title":"LU45II","description":"LU45II. O centro de torneamento LU45II CNC \u00e9 a mais recente evolu\u00e7\u00e3o de grandes centros de torneamento de 4 eixos. As duas torres oferecem melhorias dram\u00e1ticas na","robots":{"index":"index","follow":"follow","max-snippet":"max-snippet:-1","max-image-preview":"max-image-preview:large","max-video-preview":"max-video-preview:-1"},"canonical":"https:\/\/maqcenter.com\/pt-pt\/producto\/lu45ii\/","og_locale":"pt_PT","og_type":"article","og_title":"LU45II","og_description":"LU45II. O centro de torneamento LU45II CNC \u00e9 a mais recente evolu\u00e7\u00e3o de grandes centros de torneamento de 4 eixos. As duas torres oferecem melhorias dram\u00e1ticas na","og_url":"https:\/\/maqcenter.com\/pt-pt\/producto\/lu45ii\/","og_site_name":"MAQcenter","twitter_card":"summary_large_image","twitter_misc":{"Tempo estimado de leitura":"1 minuto"},"schema":{"@context":"https:\/\/schema.org","@graph":[{"@type":["WebPage","ItemPage"],"@id":"https:\/\/maqcenter.com\/pt-pt\/producto\/lu45ii\/","url":"https:\/\/maqcenter.com\/pt-pt\/producto\/lu45ii\/","name":"LU45II","isPartOf":{"@id":"https:\/\/maqcenter.com\/pt-pt\/#website"},"primaryImageOfPage":{"@id":"https:\/\/maqcenter.com\/pt-pt\/producto\/lu45ii\/#primaryimage"},"image":{"@id":"https:\/\/maqcenter.com\/pt-pt\/producto\/lu45ii\/#primaryimage"},"thumbnailUrl":"https:\/\/maqcenter.com\/wp-content\/uploads\/2021\/02\/OKUMA-LU45II.jpg","datePublished":"2021-02-25T12:01:30+00:00","description":"LU45II. O centro de torneamento LU45II CNC \u00e9 a mais recente evolu\u00e7\u00e3o de grandes centros de torneamento de 4 eixos. As duas torres oferecem melhorias dram\u00e1ticas na","breadcrumb":{"@id":"https:\/\/maqcenter.com\/pt-pt\/producto\/lu45ii\/#breadcrumb"},"inLanguage":"pt-PT","potentialAction":[{"@type":"ReadAction","target":["https:\/\/maqcenter.com\/pt-pt\/producto\/lu45ii\/"]}]},{"@type":"ImageObject","inLanguage":"pt-PT","@id":"https:\/\/maqcenter.com\/pt-pt\/producto\/lu45ii\/#primaryimage","url":"https:\/\/maqcenter.com\/wp-content\/uploads\/2021\/02\/OKUMA-LU45II.jpg","contentUrl":"https:\/\/maqcenter.com\/wp-content\/uploads\/2021\/02\/OKUMA-LU45II.jpg","width":500,"height":500},{"@type":"BreadcrumbList","@id":"https:\/\/maqcenter.com\/pt-pt\/producto\/lu45ii\/#breadcrumb","itemListElement":[{"@type":"ListItem","position":1,"name":"Productos","item":"https:\/\/maqcenter.com\/pt-pt\/"},{"@type":"ListItem","position":2,"name":"Produtos","item":"https:\/\/maqcenter.com\/pt-pt\/shop\/"},{"@type":"ListItem","position":3,"name":"LU45II"}]},{"@type":"WebSite","@id":"https:\/\/maqcenter.com\/pt-pt\/#website","url":"https:\/\/maqcenter.com\/pt-pt\/","name":"MAQcenter","description":"El centro de tus soluciones","publisher":{"@id":"https:\/\/maqcenter.com\/pt-pt\/#organization"},"potentialAction":[{"@type":"SearchAction","target":{"@type":"EntryPoint","urlTemplate":"https:\/\/maqcenter.com\/pt-pt\/?s={search_term_string}"},"query-input":{"@type":"PropertyValueSpecification","valueRequired":true,"valueName":"search_term_string"}}],"inLanguage":"pt-PT"},{"@type":"Organization","@id":"https:\/\/maqcenter.com\/pt-pt\/#organization","name":"MAQcenter S.A.","url":"https:\/\/maqcenter.com\/pt-pt\/","logo":{"@type":"ImageObject","inLanguage":"pt-PT","@id":"https:\/\/maqcenter.com\/pt-pt\/#\/schema\/logo\/image\/","url":"https:\/\/maqcenter.com\/wp-content\/uploads\/2021\/02\/MAQcenter_logo_vertical.svg","contentUrl":"https:\/\/maqcenter.com\/wp-content\/uploads\/2021\/02\/MAQcenter_logo_vertical.svg","width":300,"height":174,"caption":"MAQcenter S.A."},"image":{"@id":"https:\/\/maqcenter.com\/pt-pt\/#\/schema\/logo\/image\/"}}]}},"_links":{"self":[{"href":"https:\/\/maqcenter.com\/pt-pt\/wp-json\/wp\/v2\/product\/21115","targetHints":{"allow":["GET"]}}],"collection":[{"href":"https:\/\/maqcenter.com\/pt-pt\/wp-json\/wp\/v2\/product"}],"about":[{"href":"https:\/\/maqcenter.com\/pt-pt\/wp-json\/wp\/v2\/types\/product"}],"wp:featuredmedia":[{"embeddable":true,"href":"https:\/\/maqcenter.com\/pt-pt\/wp-json\/wp\/v2\/media\/21116"}],"wp:attachment":[{"href":"https:\/\/maqcenter.com\/pt-pt\/wp-json\/wp\/v2\/media?parent=21115"}],"wp:term":[{"taxonomy":"product_brand","embeddable":true,"href":"https:\/\/maqcenter.com\/pt-pt\/wp-json\/wp\/v2\/product_brand?post=21115"},{"taxonomy":"product_cat","embeddable":true,"href":"https:\/\/maqcenter.com\/pt-pt\/wp-json\/wp\/v2\/product_cat?post=21115"},{"taxonomy":"product_tag","embeddable":true,"href":"https:\/\/maqcenter.com\/pt-pt\/wp-json\/wp\/v2\/product_tag?post=21115"},{"taxonomy":"marca-producto","embeddable":true,"href":"https:\/\/maqcenter.com\/pt-pt\/wp-json\/wp\/v2\/marca-producto?post=21115"},{"taxonomy":"serie-producto","embeddable":true,"href":"https:\/\/maqcenter.com\/pt-pt\/wp-json\/wp\/v2\/serie-producto?post=21115"}],"curies":[{"name":"wp","href":"https:\/\/api.w.org\/{rel}","templated":true}]}}