{"id":21155,"date":"2021-02-25T14:01:38","date_gmt":"2021-02-25T12:01:38","guid":{"rendered":"https:\/\/maqcenter.com\/producto\/ma-800h\/"},"modified":"2021-02-25T14:01:38","modified_gmt":"2021-02-25T12:01:38","slug":"ma-800h","status":"publish","type":"product","link":"https:\/\/maqcenter.com\/pt-pt\/producto\/ma-800h\/","title":{"rendered":"MA-800H"},"content":{"rendered":"<p>Projetado para usinagem de alto desempenho com m\u00e1xima precis\u00e3o. O centro de usinagem horizontal MA-800H \u00e9 uma garantia de sucesso gra\u00e7as \u00e0 sua fun\u00e7\u00e3o Thermo-Friendly Concept, sua estabilidade nas medidas e a precis\u00e3o das formas durante a fabrica\u00e7\u00e3o de pe\u00e7as, especialmente destinadas ao setor automotivo e agr\u00edcola ou para a constru\u00e7\u00e3o. m\u00e1quinas ou pe\u00e7as para ferrovias. Equipado de s\u00e9rie com cone 50, 6.000 rpm e 30\/22 kW, a op\u00e7\u00e3o de fuso de 12.000 rpm tamb\u00e9m est\u00e1 dispon\u00edvel. Com capacidade m\u00e1xima de carga de 2.000 kg e avan\u00e7o r\u00e1pido (X, Y, Z) de 50 m \/ min. Como um recurso ben\u00e9fico, a fun\u00e7\u00e3o Turn-Cut se destaca; pois trata da sincroniza\u00e7\u00e3o das revolu\u00e7\u00f5es do spindle com uma interpola\u00e7\u00e3o circular dos eixos X e Y. Este recurso \u00e9 ideal para tornear superf\u00edcies de veda\u00e7\u00e3o. Al\u00e9m disso, como op\u00e7\u00e3o, as m\u00e1quinas da s\u00e9rie MA-H podem ser automatizadas com sistemas de manufatura flex\u00edveis, rob\u00f4s e esta\u00e7\u00f5es de paletes.     <\/p>\n","protected":false},"excerpt":{"rendered":"<p>Projetado para usinagem de alto desempenho com m\u00e1xima precis\u00e3o. O centro de usinagem horizontal MA-800H \u00e9 uma garantia de sucesso gra\u00e7as \u00e0 sua fun\u00e7\u00e3o Thermo-Friendly Concept, sua estabilidade nas medidas e a precis\u00e3o das formas durante a fabrica\u00e7\u00e3o de pe\u00e7as, especialmente destinadas ao setor automotivo e agr\u00edcola ou para a constru\u00e7\u00e3o. m\u00e1quinas ou pe\u00e7as para [&hellip;]<\/p>\n","protected":false},"featured_media":21156,"template":"","meta":[],"product_brand":[],"product_cat":[504,506],"product_tag":[568,569,571,572,573],"marca-producto":[26],"serie-producto":[280],"class_list":{"0":"post-21155","1":"product","2":"type-product","3":"status-publish","4":"has-post-thumbnail","6":"product_cat-centros-de-maquinacao","7":"product_cat-centros-de-maquinacao-horizontal","8":"product_tag-aeronautica-pt-pt","9":"product_tag-automovel","10":"product_tag-energia-pt-pt","11":"product_tag-ferrovia","12":"product_tag-grande-consumo","13":"marca-producto-okuma","14":"serie-producto-ma-h","16":"first","17":"instock","18":"product-type-simple"},"yoast_head":"<!-- This site is optimized with the Yoast SEO plugin v27.0 - https:\/\/yoast.com\/product\/yoast-seo-wordpress\/ -->\n<title>MA-800H<\/title>\n<meta name=\"description\" content=\"MA-800H. Projetado para usinagem de alto desempenho com m\u00e1xima precis\u00e3o. O centro de usinagem horizontal MA-800H \u00e9 uma garantia de sucesso gra\u00e7as \u00e0 sua fun\u00e7\u00e3o\" \/>\n<meta name=\"robots\" content=\"index, follow, max-snippet:-1, max-image-preview:large, max-video-preview:-1\" \/>\n<link rel=\"canonical\" href=\"https:\/\/maqcenter.com\/pt-pt\/producto\/ma-800h\/\" \/>\n<meta property=\"og:locale\" content=\"pt_PT\" \/>\n<meta property=\"og:type\" content=\"article\" \/>\n<meta property=\"og:title\" content=\"MA-800H\" \/>\n<meta property=\"og:description\" content=\"MA-800H. Projetado para usinagem de alto desempenho com m\u00e1xima precis\u00e3o. O centro de usinagem horizontal MA-800H \u00e9 uma garantia de sucesso gra\u00e7as \u00e0 sua fun\u00e7\u00e3o\" \/>\n<meta property=\"og:url\" content=\"https:\/\/maqcenter.com\/pt-pt\/producto\/ma-800h\/\" \/>\n<meta property=\"og:site_name\" content=\"MAQcenter\" \/>\n<meta name=\"twitter:card\" content=\"summary_large_image\" \/>\n<meta name=\"twitter:label1\" content=\"Tempo estimado de leitura\" \/>\n\t<meta name=\"twitter:data1\" content=\"1 minuto\" \/>\n<script type=\"application\/ld+json\" class=\"yoast-schema-graph\">{\"@context\":\"https:\/\/schema.org\",\"@graph\":[{\"@type\":[\"WebPage\",\"ItemPage\"],\"@id\":\"https:\/\/maqcenter.com\/pt-pt\/producto\/ma-800h\/\",\"url\":\"https:\/\/maqcenter.com\/pt-pt\/producto\/ma-800h\/\",\"name\":\"MA-800H\",\"isPartOf\":{\"@id\":\"https:\/\/maqcenter.com\/pt-pt\/#website\"},\"primaryImageOfPage\":{\"@id\":\"https:\/\/maqcenter.com\/pt-pt\/producto\/ma-800h\/#primaryimage\"},\"image\":{\"@id\":\"https:\/\/maqcenter.com\/pt-pt\/producto\/ma-800h\/#primaryimage\"},\"thumbnailUrl\":\"https:\/\/maqcenter.com\/wp-content\/uploads\/2021\/02\/OKUMA-MA-800H.jpg\",\"datePublished\":\"2021-02-25T12:01:38+00:00\",\"description\":\"MA-800H. Projetado para usinagem de alto desempenho com m\u00e1xima precis\u00e3o. O centro de usinagem horizontal MA-800H \u00e9 uma garantia de sucesso gra\u00e7as \u00e0 sua fun\u00e7\u00e3o\",\"breadcrumb\":{\"@id\":\"https:\/\/maqcenter.com\/pt-pt\/producto\/ma-800h\/#breadcrumb\"},\"inLanguage\":\"pt-PT\",\"potentialAction\":[{\"@type\":\"ReadAction\",\"target\":[\"https:\/\/maqcenter.com\/pt-pt\/producto\/ma-800h\/\"]}]},{\"@type\":\"ImageObject\",\"inLanguage\":\"pt-PT\",\"@id\":\"https:\/\/maqcenter.com\/pt-pt\/producto\/ma-800h\/#primaryimage\",\"url\":\"https:\/\/maqcenter.com\/wp-content\/uploads\/2021\/02\/OKUMA-MA-800H.jpg\",\"contentUrl\":\"https:\/\/maqcenter.com\/wp-content\/uploads\/2021\/02\/OKUMA-MA-800H.jpg\",\"width\":500,\"height\":500},{\"@type\":\"BreadcrumbList\",\"@id\":\"https:\/\/maqcenter.com\/pt-pt\/producto\/ma-800h\/#breadcrumb\",\"itemListElement\":[{\"@type\":\"ListItem\",\"position\":1,\"name\":\"Productos\",\"item\":\"https:\/\/maqcenter.com\/pt-pt\/\"},{\"@type\":\"ListItem\",\"position\":2,\"name\":\"Produtos\",\"item\":\"https:\/\/maqcenter.com\/pt-pt\/shop\/\"},{\"@type\":\"ListItem\",\"position\":3,\"name\":\"MA-800H\"}]},{\"@type\":\"WebSite\",\"@id\":\"https:\/\/maqcenter.com\/pt-pt\/#website\",\"url\":\"https:\/\/maqcenter.com\/pt-pt\/\",\"name\":\"MAQcenter\",\"description\":\"El centro de tus soluciones\",\"publisher\":{\"@id\":\"https:\/\/maqcenter.com\/pt-pt\/#organization\"},\"potentialAction\":[{\"@type\":\"SearchAction\",\"target\":{\"@type\":\"EntryPoint\",\"urlTemplate\":\"https:\/\/maqcenter.com\/pt-pt\/?s={search_term_string}\"},\"query-input\":{\"@type\":\"PropertyValueSpecification\",\"valueRequired\":true,\"valueName\":\"search_term_string\"}}],\"inLanguage\":\"pt-PT\"},{\"@type\":\"Organization\",\"@id\":\"https:\/\/maqcenter.com\/pt-pt\/#organization\",\"name\":\"MAQcenter S.A.\",\"url\":\"https:\/\/maqcenter.com\/pt-pt\/\",\"logo\":{\"@type\":\"ImageObject\",\"inLanguage\":\"pt-PT\",\"@id\":\"https:\/\/maqcenter.com\/pt-pt\/#\/schema\/logo\/image\/\",\"url\":\"https:\/\/maqcenter.com\/wp-content\/uploads\/2021\/02\/MAQcenter_logo_vertical.svg\",\"contentUrl\":\"https:\/\/maqcenter.com\/wp-content\/uploads\/2021\/02\/MAQcenter_logo_vertical.svg\",\"width\":300,\"height\":174,\"caption\":\"MAQcenter S.A.\"},\"image\":{\"@id\":\"https:\/\/maqcenter.com\/pt-pt\/#\/schema\/logo\/image\/\"}}]}<\/script>\n<!-- \/ Yoast SEO plugin. -->","yoast_head_json":{"title":"MA-800H","description":"MA-800H. Projetado para usinagem de alto desempenho com m\u00e1xima precis\u00e3o. O centro de usinagem horizontal MA-800H \u00e9 uma garantia de sucesso gra\u00e7as \u00e0 sua fun\u00e7\u00e3o","robots":{"index":"index","follow":"follow","max-snippet":"max-snippet:-1","max-image-preview":"max-image-preview:large","max-video-preview":"max-video-preview:-1"},"canonical":"https:\/\/maqcenter.com\/pt-pt\/producto\/ma-800h\/","og_locale":"pt_PT","og_type":"article","og_title":"MA-800H","og_description":"MA-800H. Projetado para usinagem de alto desempenho com m\u00e1xima precis\u00e3o. O centro de usinagem horizontal MA-800H \u00e9 uma garantia de sucesso gra\u00e7as \u00e0 sua fun\u00e7\u00e3o","og_url":"https:\/\/maqcenter.com\/pt-pt\/producto\/ma-800h\/","og_site_name":"MAQcenter","twitter_card":"summary_large_image","twitter_misc":{"Tempo estimado de leitura":"1 minuto"},"schema":{"@context":"https:\/\/schema.org","@graph":[{"@type":["WebPage","ItemPage"],"@id":"https:\/\/maqcenter.com\/pt-pt\/producto\/ma-800h\/","url":"https:\/\/maqcenter.com\/pt-pt\/producto\/ma-800h\/","name":"MA-800H","isPartOf":{"@id":"https:\/\/maqcenter.com\/pt-pt\/#website"},"primaryImageOfPage":{"@id":"https:\/\/maqcenter.com\/pt-pt\/producto\/ma-800h\/#primaryimage"},"image":{"@id":"https:\/\/maqcenter.com\/pt-pt\/producto\/ma-800h\/#primaryimage"},"thumbnailUrl":"https:\/\/maqcenter.com\/wp-content\/uploads\/2021\/02\/OKUMA-MA-800H.jpg","datePublished":"2021-02-25T12:01:38+00:00","description":"MA-800H. Projetado para usinagem de alto desempenho com m\u00e1xima precis\u00e3o. O centro de usinagem horizontal MA-800H \u00e9 uma garantia de sucesso gra\u00e7as \u00e0 sua fun\u00e7\u00e3o","breadcrumb":{"@id":"https:\/\/maqcenter.com\/pt-pt\/producto\/ma-800h\/#breadcrumb"},"inLanguage":"pt-PT","potentialAction":[{"@type":"ReadAction","target":["https:\/\/maqcenter.com\/pt-pt\/producto\/ma-800h\/"]}]},{"@type":"ImageObject","inLanguage":"pt-PT","@id":"https:\/\/maqcenter.com\/pt-pt\/producto\/ma-800h\/#primaryimage","url":"https:\/\/maqcenter.com\/wp-content\/uploads\/2021\/02\/OKUMA-MA-800H.jpg","contentUrl":"https:\/\/maqcenter.com\/wp-content\/uploads\/2021\/02\/OKUMA-MA-800H.jpg","width":500,"height":500},{"@type":"BreadcrumbList","@id":"https:\/\/maqcenter.com\/pt-pt\/producto\/ma-800h\/#breadcrumb","itemListElement":[{"@type":"ListItem","position":1,"name":"Productos","item":"https:\/\/maqcenter.com\/pt-pt\/"},{"@type":"ListItem","position":2,"name":"Produtos","item":"https:\/\/maqcenter.com\/pt-pt\/shop\/"},{"@type":"ListItem","position":3,"name":"MA-800H"}]},{"@type":"WebSite","@id":"https:\/\/maqcenter.com\/pt-pt\/#website","url":"https:\/\/maqcenter.com\/pt-pt\/","name":"MAQcenter","description":"El centro de tus soluciones","publisher":{"@id":"https:\/\/maqcenter.com\/pt-pt\/#organization"},"potentialAction":[{"@type":"SearchAction","target":{"@type":"EntryPoint","urlTemplate":"https:\/\/maqcenter.com\/pt-pt\/?s={search_term_string}"},"query-input":{"@type":"PropertyValueSpecification","valueRequired":true,"valueName":"search_term_string"}}],"inLanguage":"pt-PT"},{"@type":"Organization","@id":"https:\/\/maqcenter.com\/pt-pt\/#organization","name":"MAQcenter S.A.","url":"https:\/\/maqcenter.com\/pt-pt\/","logo":{"@type":"ImageObject","inLanguage":"pt-PT","@id":"https:\/\/maqcenter.com\/pt-pt\/#\/schema\/logo\/image\/","url":"https:\/\/maqcenter.com\/wp-content\/uploads\/2021\/02\/MAQcenter_logo_vertical.svg","contentUrl":"https:\/\/maqcenter.com\/wp-content\/uploads\/2021\/02\/MAQcenter_logo_vertical.svg","width":300,"height":174,"caption":"MAQcenter S.A."},"image":{"@id":"https:\/\/maqcenter.com\/pt-pt\/#\/schema\/logo\/image\/"}}]}},"_links":{"self":[{"href":"https:\/\/maqcenter.com\/pt-pt\/wp-json\/wp\/v2\/product\/21155","targetHints":{"allow":["GET"]}}],"collection":[{"href":"https:\/\/maqcenter.com\/pt-pt\/wp-json\/wp\/v2\/product"}],"about":[{"href":"https:\/\/maqcenter.com\/pt-pt\/wp-json\/wp\/v2\/types\/product"}],"wp:featuredmedia":[{"embeddable":true,"href":"https:\/\/maqcenter.com\/pt-pt\/wp-json\/wp\/v2\/media\/21156"}],"wp:attachment":[{"href":"https:\/\/maqcenter.com\/pt-pt\/wp-json\/wp\/v2\/media?parent=21155"}],"wp:term":[{"taxonomy":"product_brand","embeddable":true,"href":"https:\/\/maqcenter.com\/pt-pt\/wp-json\/wp\/v2\/product_brand?post=21155"},{"taxonomy":"product_cat","embeddable":true,"href":"https:\/\/maqcenter.com\/pt-pt\/wp-json\/wp\/v2\/product_cat?post=21155"},{"taxonomy":"product_tag","embeddable":true,"href":"https:\/\/maqcenter.com\/pt-pt\/wp-json\/wp\/v2\/product_tag?post=21155"},{"taxonomy":"marca-producto","embeddable":true,"href":"https:\/\/maqcenter.com\/pt-pt\/wp-json\/wp\/v2\/marca-producto?post=21155"},{"taxonomy":"serie-producto","embeddable":true,"href":"https:\/\/maqcenter.com\/pt-pt\/wp-json\/wp\/v2\/serie-producto?post=21155"}],"curies":[{"name":"wp","href":"https:\/\/api.w.org\/{rel}","templated":true}]}}