{"id":21200,"date":"2021-02-25T14:01:30","date_gmt":"2021-02-25T12:01:30","guid":{"rendered":"https:\/\/maqcenter.com\/producto\/lt2000-ex\/"},"modified":"2021-02-25T14:01:30","modified_gmt":"2021-02-25T12:01:30","slug":"lt2000-ex","status":"publish","type":"product","link":"https:\/\/maqcenter.com\/pt-pt\/producto\/lt2000-ex\/","title":{"rendered":"LT2000 EX"},"content":{"rendered":"<p>O LT2000 EX \u00e9 um centro de torneamento de duplo fuso altamente flex\u00edvel e econ\u00f4mico com um mandril de 6 \u201d. Com a capacidade de combinar as torres superior e inferior com qualquer um dos fusos, esta m\u00e1quina permite flexibilidade de processo, utiliza\u00e7\u00e3o de recursos muito alta e a capacidade de concluir o m\u00e1ximo de usinagem prim\u00e1ria e secund\u00e1ria poss\u00edvel em uma estrutura compacta. A m\u00e1quina pode ser configurada em um grande n\u00famero de op\u00e7\u00f5es diferentes para maximizar os benef\u00edcios em circunst\u00e2ncias espec\u00edficas. Ele est\u00e1 dispon\u00edvel em 2 ou 3 vers\u00f5es de torre &#8211; com ou sem eixo Y &#8211; para fornecer o melhor equil\u00edbrio de processos e desempenho para produ\u00e7\u00e3o e opera\u00e7\u00f5es integradas. Esta m\u00e1quina de fuso duplo horizontal multifuncional integra fun\u00e7\u00f5es de torno e fresagem \/ broca em todas as torres. A m\u00e1quina de torre dupla tem 32 esta\u00e7\u00f5es de ferramentas para a fun\u00e7\u00e3o de fresamento ou torno, enquanto a m\u00e1quina de 3 torres tem 48.     <\/p>\n<p>O LT2000 EX usa o controle OSP-P300 baseado em PC de arquitetura aberta. Prestando aten\u00e7\u00e3o na forma como os operadores realmente manipulam as m\u00e1quinas-ferramentas, este controle foi criado com &#8220;Opera\u00e7\u00e3o F\u00e1cil&#8221;, onde os processos mais comumente usados \u200b\u200bs\u00e3o convenientemente agrupados. Isso cria uma plataforma eficiente para usu\u00e1rios novatos e experientes realizarem suas tarefas com efici\u00eancia.  <\/p>\n","protected":false},"excerpt":{"rendered":"<p>O LT2000 EX \u00e9 um centro de torneamento de duplo fuso altamente flex\u00edvel e econ\u00f4mico com um mandril de 6 \u201d. Com a capacidade de combinar as torres superior e inferior com qualquer um dos fusos, esta m\u00e1quina permite flexibilidade de processo, utiliza\u00e7\u00e3o de recursos muito alta e a capacidade de concluir o m\u00e1ximo de [&hellip;]<\/p>\n","protected":false},"featured_media":21201,"template":"","meta":[],"product_brand":[],"product_cat":[563,565],"product_tag":[569,570,571,572,573,575],"marca-producto":[26],"serie-producto":[274],"class_list":{"0":"post-21200","1":"product","2":"type-product","3":"status-publish","4":"has-post-thumbnail","6":"product_cat-tornos-pt-pt","7":"product_cat-tornos-horizontais","8":"product_tag-automovel","9":"product_tag-bens-de-equipamento","10":"product_tag-energia-pt-pt","11":"product_tag-ferrovia","12":"product_tag-grande-consumo","13":"product_tag-moldes-e-matrizes","14":"marca-producto-okuma","15":"serie-producto-lt-ex","17":"first","18":"instock","19":"product-type-simple"},"yoast_head":"<!-- This site is optimized with the Yoast SEO plugin v27.0 - https:\/\/yoast.com\/product\/yoast-seo-wordpress\/ -->\n<title>LT2000 EX<\/title>\n<meta name=\"description\" content=\"LT2000 EX. O LT2000 EX \u00e9 um centro de torneamento de duplo fuso altamente flex\u00edvel e econ\u00f4mico com um mandril de 6 \u201d. Com a capacidade de combinar as torres superior\" \/>\n<meta name=\"robots\" content=\"index, follow, max-snippet:-1, max-image-preview:large, max-video-preview:-1\" \/>\n<link rel=\"canonical\" href=\"https:\/\/maqcenter.com\/pt-pt\/producto\/lt2000-ex\/\" \/>\n<meta property=\"og:locale\" content=\"pt_PT\" \/>\n<meta property=\"og:type\" content=\"article\" \/>\n<meta property=\"og:title\" content=\"LT2000 EX\" \/>\n<meta property=\"og:description\" content=\"LT2000 EX. O LT2000 EX \u00e9 um centro de torneamento de duplo fuso altamente flex\u00edvel e econ\u00f4mico com um mandril de 6 \u201d. Com a capacidade de combinar as torres superior\" \/>\n<meta property=\"og:url\" content=\"https:\/\/maqcenter.com\/pt-pt\/producto\/lt2000-ex\/\" \/>\n<meta property=\"og:site_name\" content=\"MAQcenter\" \/>\n<meta name=\"twitter:card\" content=\"summary_large_image\" \/>\n<meta name=\"twitter:label1\" content=\"Tempo estimado de leitura\" \/>\n\t<meta name=\"twitter:data1\" content=\"1 minuto\" \/>\n<script type=\"application\/ld+json\" class=\"yoast-schema-graph\">{\"@context\":\"https:\/\/schema.org\",\"@graph\":[{\"@type\":[\"WebPage\",\"ItemPage\"],\"@id\":\"https:\/\/maqcenter.com\/pt-pt\/producto\/lt2000-ex\/\",\"url\":\"https:\/\/maqcenter.com\/pt-pt\/producto\/lt2000-ex\/\",\"name\":\"LT2000 EX\",\"isPartOf\":{\"@id\":\"https:\/\/maqcenter.com\/pt-pt\/#website\"},\"primaryImageOfPage\":{\"@id\":\"https:\/\/maqcenter.com\/pt-pt\/producto\/lt2000-ex\/#primaryimage\"},\"image\":{\"@id\":\"https:\/\/maqcenter.com\/pt-pt\/producto\/lt2000-ex\/#primaryimage\"},\"thumbnailUrl\":\"https:\/\/maqcenter.com\/wp-content\/uploads\/2021\/02\/OKUMA-LT2000-EX.jpg\",\"datePublished\":\"2021-02-25T12:01:30+00:00\",\"description\":\"LT2000 EX. O LT2000 EX \u00e9 um centro de torneamento de duplo fuso altamente flex\u00edvel e econ\u00f4mico com um mandril de 6 \u201d. Com a capacidade de combinar as torres superior\",\"breadcrumb\":{\"@id\":\"https:\/\/maqcenter.com\/pt-pt\/producto\/lt2000-ex\/#breadcrumb\"},\"inLanguage\":\"pt-PT\",\"potentialAction\":[{\"@type\":\"ReadAction\",\"target\":[\"https:\/\/maqcenter.com\/pt-pt\/producto\/lt2000-ex\/\"]}]},{\"@type\":\"ImageObject\",\"inLanguage\":\"pt-PT\",\"@id\":\"https:\/\/maqcenter.com\/pt-pt\/producto\/lt2000-ex\/#primaryimage\",\"url\":\"https:\/\/maqcenter.com\/wp-content\/uploads\/2021\/02\/OKUMA-LT2000-EX.jpg\",\"contentUrl\":\"https:\/\/maqcenter.com\/wp-content\/uploads\/2021\/02\/OKUMA-LT2000-EX.jpg\",\"width\":500,\"height\":500},{\"@type\":\"BreadcrumbList\",\"@id\":\"https:\/\/maqcenter.com\/pt-pt\/producto\/lt2000-ex\/#breadcrumb\",\"itemListElement\":[{\"@type\":\"ListItem\",\"position\":1,\"name\":\"Productos\",\"item\":\"https:\/\/maqcenter.com\/pt-pt\/\"},{\"@type\":\"ListItem\",\"position\":2,\"name\":\"Produtos\",\"item\":\"https:\/\/maqcenter.com\/pt-pt\/shop\/\"},{\"@type\":\"ListItem\",\"position\":3,\"name\":\"LT2000 EX\"}]},{\"@type\":\"WebSite\",\"@id\":\"https:\/\/maqcenter.com\/pt-pt\/#website\",\"url\":\"https:\/\/maqcenter.com\/pt-pt\/\",\"name\":\"MAQcenter\",\"description\":\"El centro de tus soluciones\",\"publisher\":{\"@id\":\"https:\/\/maqcenter.com\/pt-pt\/#organization\"},\"potentialAction\":[{\"@type\":\"SearchAction\",\"target\":{\"@type\":\"EntryPoint\",\"urlTemplate\":\"https:\/\/maqcenter.com\/pt-pt\/?s={search_term_string}\"},\"query-input\":{\"@type\":\"PropertyValueSpecification\",\"valueRequired\":true,\"valueName\":\"search_term_string\"}}],\"inLanguage\":\"pt-PT\"},{\"@type\":\"Organization\",\"@id\":\"https:\/\/maqcenter.com\/pt-pt\/#organization\",\"name\":\"MAQcenter S.A.\",\"url\":\"https:\/\/maqcenter.com\/pt-pt\/\",\"logo\":{\"@type\":\"ImageObject\",\"inLanguage\":\"pt-PT\",\"@id\":\"https:\/\/maqcenter.com\/pt-pt\/#\/schema\/logo\/image\/\",\"url\":\"https:\/\/maqcenter.com\/wp-content\/uploads\/2021\/02\/MAQcenter_logo_vertical.svg\",\"contentUrl\":\"https:\/\/maqcenter.com\/wp-content\/uploads\/2021\/02\/MAQcenter_logo_vertical.svg\",\"width\":300,\"height\":174,\"caption\":\"MAQcenter S.A.\"},\"image\":{\"@id\":\"https:\/\/maqcenter.com\/pt-pt\/#\/schema\/logo\/image\/\"}}]}<\/script>\n<!-- \/ Yoast SEO plugin. -->","yoast_head_json":{"title":"LT2000 EX","description":"LT2000 EX. O LT2000 EX \u00e9 um centro de torneamento de duplo fuso altamente flex\u00edvel e econ\u00f4mico com um mandril de 6 \u201d. Com a capacidade de combinar as torres superior","robots":{"index":"index","follow":"follow","max-snippet":"max-snippet:-1","max-image-preview":"max-image-preview:large","max-video-preview":"max-video-preview:-1"},"canonical":"https:\/\/maqcenter.com\/pt-pt\/producto\/lt2000-ex\/","og_locale":"pt_PT","og_type":"article","og_title":"LT2000 EX","og_description":"LT2000 EX. O LT2000 EX \u00e9 um centro de torneamento de duplo fuso altamente flex\u00edvel e econ\u00f4mico com um mandril de 6 \u201d. Com a capacidade de combinar as torres superior","og_url":"https:\/\/maqcenter.com\/pt-pt\/producto\/lt2000-ex\/","og_site_name":"MAQcenter","twitter_card":"summary_large_image","twitter_misc":{"Tempo estimado de leitura":"1 minuto"},"schema":{"@context":"https:\/\/schema.org","@graph":[{"@type":["WebPage","ItemPage"],"@id":"https:\/\/maqcenter.com\/pt-pt\/producto\/lt2000-ex\/","url":"https:\/\/maqcenter.com\/pt-pt\/producto\/lt2000-ex\/","name":"LT2000 EX","isPartOf":{"@id":"https:\/\/maqcenter.com\/pt-pt\/#website"},"primaryImageOfPage":{"@id":"https:\/\/maqcenter.com\/pt-pt\/producto\/lt2000-ex\/#primaryimage"},"image":{"@id":"https:\/\/maqcenter.com\/pt-pt\/producto\/lt2000-ex\/#primaryimage"},"thumbnailUrl":"https:\/\/maqcenter.com\/wp-content\/uploads\/2021\/02\/OKUMA-LT2000-EX.jpg","datePublished":"2021-02-25T12:01:30+00:00","description":"LT2000 EX. O LT2000 EX \u00e9 um centro de torneamento de duplo fuso altamente flex\u00edvel e econ\u00f4mico com um mandril de 6 \u201d. Com a capacidade de combinar as torres superior","breadcrumb":{"@id":"https:\/\/maqcenter.com\/pt-pt\/producto\/lt2000-ex\/#breadcrumb"},"inLanguage":"pt-PT","potentialAction":[{"@type":"ReadAction","target":["https:\/\/maqcenter.com\/pt-pt\/producto\/lt2000-ex\/"]}]},{"@type":"ImageObject","inLanguage":"pt-PT","@id":"https:\/\/maqcenter.com\/pt-pt\/producto\/lt2000-ex\/#primaryimage","url":"https:\/\/maqcenter.com\/wp-content\/uploads\/2021\/02\/OKUMA-LT2000-EX.jpg","contentUrl":"https:\/\/maqcenter.com\/wp-content\/uploads\/2021\/02\/OKUMA-LT2000-EX.jpg","width":500,"height":500},{"@type":"BreadcrumbList","@id":"https:\/\/maqcenter.com\/pt-pt\/producto\/lt2000-ex\/#breadcrumb","itemListElement":[{"@type":"ListItem","position":1,"name":"Productos","item":"https:\/\/maqcenter.com\/pt-pt\/"},{"@type":"ListItem","position":2,"name":"Produtos","item":"https:\/\/maqcenter.com\/pt-pt\/shop\/"},{"@type":"ListItem","position":3,"name":"LT2000 EX"}]},{"@type":"WebSite","@id":"https:\/\/maqcenter.com\/pt-pt\/#website","url":"https:\/\/maqcenter.com\/pt-pt\/","name":"MAQcenter","description":"El centro de tus soluciones","publisher":{"@id":"https:\/\/maqcenter.com\/pt-pt\/#organization"},"potentialAction":[{"@type":"SearchAction","target":{"@type":"EntryPoint","urlTemplate":"https:\/\/maqcenter.com\/pt-pt\/?s={search_term_string}"},"query-input":{"@type":"PropertyValueSpecification","valueRequired":true,"valueName":"search_term_string"}}],"inLanguage":"pt-PT"},{"@type":"Organization","@id":"https:\/\/maqcenter.com\/pt-pt\/#organization","name":"MAQcenter S.A.","url":"https:\/\/maqcenter.com\/pt-pt\/","logo":{"@type":"ImageObject","inLanguage":"pt-PT","@id":"https:\/\/maqcenter.com\/pt-pt\/#\/schema\/logo\/image\/","url":"https:\/\/maqcenter.com\/wp-content\/uploads\/2021\/02\/MAQcenter_logo_vertical.svg","contentUrl":"https:\/\/maqcenter.com\/wp-content\/uploads\/2021\/02\/MAQcenter_logo_vertical.svg","width":300,"height":174,"caption":"MAQcenter S.A."},"image":{"@id":"https:\/\/maqcenter.com\/pt-pt\/#\/schema\/logo\/image\/"}}]}},"_links":{"self":[{"href":"https:\/\/maqcenter.com\/pt-pt\/wp-json\/wp\/v2\/product\/21200","targetHints":{"allow":["GET"]}}],"collection":[{"href":"https:\/\/maqcenter.com\/pt-pt\/wp-json\/wp\/v2\/product"}],"about":[{"href":"https:\/\/maqcenter.com\/pt-pt\/wp-json\/wp\/v2\/types\/product"}],"wp:featuredmedia":[{"embeddable":true,"href":"https:\/\/maqcenter.com\/pt-pt\/wp-json\/wp\/v2\/media\/21201"}],"wp:attachment":[{"href":"https:\/\/maqcenter.com\/pt-pt\/wp-json\/wp\/v2\/media?parent=21200"}],"wp:term":[{"taxonomy":"product_brand","embeddable":true,"href":"https:\/\/maqcenter.com\/pt-pt\/wp-json\/wp\/v2\/product_brand?post=21200"},{"taxonomy":"product_cat","embeddable":true,"href":"https:\/\/maqcenter.com\/pt-pt\/wp-json\/wp\/v2\/product_cat?post=21200"},{"taxonomy":"product_tag","embeddable":true,"href":"https:\/\/maqcenter.com\/pt-pt\/wp-json\/wp\/v2\/product_tag?post=21200"},{"taxonomy":"marca-producto","embeddable":true,"href":"https:\/\/maqcenter.com\/pt-pt\/wp-json\/wp\/v2\/marca-producto?post=21200"},{"taxonomy":"serie-producto","embeddable":true,"href":"https:\/\/maqcenter.com\/pt-pt\/wp-json\/wp\/v2\/serie-producto?post=21200"}],"curies":[{"name":"wp","href":"https:\/\/api.w.org\/{rel}","templated":true}]}}