{"id":21215,"date":"2021-02-25T14:01:30","date_gmt":"2021-02-25T12:01:30","guid":{"rendered":"https:\/\/maqcenter.com\/producto\/v40r\/"},"modified":"2021-02-25T14:01:30","modified_gmt":"2021-02-25T12:01:30","slug":"v40r","status":"publish","type":"product","link":"https:\/\/maqcenter.com\/pt-pt\/producto\/v40r\/","title":{"rendered":"V40R"},"content":{"rendered":"<p>O torno vertical V40R aumenta a produtividade ao fornecer usinagem est\u00e1vel de pe\u00e7as pequenas e de formato estranho. A base e a coluna do tipo caixa formam uma estrutura r\u00edgida e altamente confi\u00e1vel, e a cabe\u00e7a de constru\u00e7\u00e3o do flange minimiza os efeitos da deforma\u00e7\u00e3o t\u00e9rmica e vibra\u00e7\u00e3o, garantindo um corte est\u00e1vel e preciso. A base \u00e9 projetada para um fluxo suave de cavacos e o transportador de cavacos opcional pode ser posicionado para remo\u00e7\u00e3o lateral ou traseira para atender \u00e0s necessidades da oficina. O design ergon\u00f4mico inclui f\u00e1cil acesso ao prato e um painel frontal de opera\u00e7\u00e3o que \u00e9 confort\u00e1vel para trabalhos de linha de frente, bem como um painel de opera\u00e7\u00e3o pendente girat\u00f3rio.   <\/p>\n","protected":false},"excerpt":{"rendered":"<p>O torno vertical V40R aumenta a produtividade ao fornecer usinagem est\u00e1vel de pe\u00e7as pequenas e de formato estranho. A base e a coluna do tipo caixa formam uma estrutura r\u00edgida e altamente confi\u00e1vel, e a cabe\u00e7a de constru\u00e7\u00e3o do flange minimiza os efeitos da deforma\u00e7\u00e3o t\u00e9rmica e vibra\u00e7\u00e3o, garantindo um corte est\u00e1vel e preciso. A [&hellip;]<\/p>\n","protected":false},"featured_media":21216,"template":"","meta":[],"product_brand":[],"product_cat":[563,567],"product_tag":[568,570,571,572],"marca-producto":[26],"serie-producto":[279],"class_list":{"0":"post-21215","1":"product","2":"type-product","3":"status-publish","4":"has-post-thumbnail","6":"product_cat-tornos-pt-pt","7":"product_cat-tornos-verticais","8":"product_tag-aeronautica-pt-pt","9":"product_tag-bens-de-equipamento","10":"product_tag-energia-pt-pt","11":"product_tag-ferrovia","12":"marca-producto-okuma","13":"serie-producto-v","15":"first","16":"instock","17":"product-type-simple"},"yoast_head":"<!-- This site is optimized with the Yoast SEO plugin v27.0 - https:\/\/yoast.com\/product\/yoast-seo-wordpress\/ -->\n<title>V40R<\/title>\n<meta name=\"description\" content=\"V40R. O torno vertical V40R aumenta a produtividade ao fornecer usinagem est\u00e1vel de pe\u00e7as pequenas e de formato estranho. A base e a coluna do tipo caixa formam\" \/>\n<meta name=\"robots\" content=\"index, follow, max-snippet:-1, max-image-preview:large, max-video-preview:-1\" \/>\n<link rel=\"canonical\" href=\"https:\/\/maqcenter.com\/pt-pt\/producto\/v40r\/\" \/>\n<meta property=\"og:locale\" content=\"pt_PT\" \/>\n<meta property=\"og:type\" content=\"article\" \/>\n<meta property=\"og:title\" content=\"V40R\" \/>\n<meta property=\"og:description\" content=\"V40R. O torno vertical V40R aumenta a produtividade ao fornecer usinagem est\u00e1vel de pe\u00e7as pequenas e de formato estranho. A base e a coluna do tipo caixa formam\" \/>\n<meta property=\"og:url\" content=\"https:\/\/maqcenter.com\/pt-pt\/producto\/v40r\/\" \/>\n<meta property=\"og:site_name\" content=\"MAQcenter\" \/>\n<meta name=\"twitter:card\" content=\"summary_large_image\" \/>\n<meta name=\"twitter:label1\" content=\"Tempo estimado de leitura\" \/>\n\t<meta name=\"twitter:data1\" content=\"1 minuto\" \/>\n<script type=\"application\/ld+json\" class=\"yoast-schema-graph\">{\"@context\":\"https:\/\/schema.org\",\"@graph\":[{\"@type\":[\"WebPage\",\"ItemPage\"],\"@id\":\"https:\/\/maqcenter.com\/pt-pt\/producto\/v40r\/\",\"url\":\"https:\/\/maqcenter.com\/pt-pt\/producto\/v40r\/\",\"name\":\"V40R\",\"isPartOf\":{\"@id\":\"https:\/\/maqcenter.com\/pt-pt\/#website\"},\"primaryImageOfPage\":{\"@id\":\"https:\/\/maqcenter.com\/pt-pt\/producto\/v40r\/#primaryimage\"},\"image\":{\"@id\":\"https:\/\/maqcenter.com\/pt-pt\/producto\/v40r\/#primaryimage\"},\"thumbnailUrl\":\"https:\/\/maqcenter.com\/wp-content\/uploads\/2021\/02\/OKUMA-V40R.jpg\",\"datePublished\":\"2021-02-25T12:01:30+00:00\",\"description\":\"V40R. O torno vertical V40R aumenta a produtividade ao fornecer usinagem est\u00e1vel de pe\u00e7as pequenas e de formato estranho. A base e a coluna do tipo caixa formam\",\"breadcrumb\":{\"@id\":\"https:\/\/maqcenter.com\/pt-pt\/producto\/v40r\/#breadcrumb\"},\"inLanguage\":\"pt-PT\",\"potentialAction\":[{\"@type\":\"ReadAction\",\"target\":[\"https:\/\/maqcenter.com\/pt-pt\/producto\/v40r\/\"]}]},{\"@type\":\"ImageObject\",\"inLanguage\":\"pt-PT\",\"@id\":\"https:\/\/maqcenter.com\/pt-pt\/producto\/v40r\/#primaryimage\",\"url\":\"https:\/\/maqcenter.com\/wp-content\/uploads\/2021\/02\/OKUMA-V40R.jpg\",\"contentUrl\":\"https:\/\/maqcenter.com\/wp-content\/uploads\/2021\/02\/OKUMA-V40R.jpg\",\"width\":500,\"height\":500},{\"@type\":\"BreadcrumbList\",\"@id\":\"https:\/\/maqcenter.com\/pt-pt\/producto\/v40r\/#breadcrumb\",\"itemListElement\":[{\"@type\":\"ListItem\",\"position\":1,\"name\":\"Productos\",\"item\":\"https:\/\/maqcenter.com\/pt-pt\/\"},{\"@type\":\"ListItem\",\"position\":2,\"name\":\"Produtos\",\"item\":\"https:\/\/maqcenter.com\/pt-pt\/shop\/\"},{\"@type\":\"ListItem\",\"position\":3,\"name\":\"V40R\"}]},{\"@type\":\"WebSite\",\"@id\":\"https:\/\/maqcenter.com\/pt-pt\/#website\",\"url\":\"https:\/\/maqcenter.com\/pt-pt\/\",\"name\":\"MAQcenter\",\"description\":\"El centro de tus soluciones\",\"publisher\":{\"@id\":\"https:\/\/maqcenter.com\/pt-pt\/#organization\"},\"potentialAction\":[{\"@type\":\"SearchAction\",\"target\":{\"@type\":\"EntryPoint\",\"urlTemplate\":\"https:\/\/maqcenter.com\/pt-pt\/?s={search_term_string}\"},\"query-input\":{\"@type\":\"PropertyValueSpecification\",\"valueRequired\":true,\"valueName\":\"search_term_string\"}}],\"inLanguage\":\"pt-PT\"},{\"@type\":\"Organization\",\"@id\":\"https:\/\/maqcenter.com\/pt-pt\/#organization\",\"name\":\"MAQcenter S.A.\",\"url\":\"https:\/\/maqcenter.com\/pt-pt\/\",\"logo\":{\"@type\":\"ImageObject\",\"inLanguage\":\"pt-PT\",\"@id\":\"https:\/\/maqcenter.com\/pt-pt\/#\/schema\/logo\/image\/\",\"url\":\"https:\/\/maqcenter.com\/wp-content\/uploads\/2021\/02\/MAQcenter_logo_vertical.svg\",\"contentUrl\":\"https:\/\/maqcenter.com\/wp-content\/uploads\/2021\/02\/MAQcenter_logo_vertical.svg\",\"width\":300,\"height\":174,\"caption\":\"MAQcenter S.A.\"},\"image\":{\"@id\":\"https:\/\/maqcenter.com\/pt-pt\/#\/schema\/logo\/image\/\"}}]}<\/script>\n<!-- \/ Yoast SEO plugin. -->","yoast_head_json":{"title":"V40R","description":"V40R. O torno vertical V40R aumenta a produtividade ao fornecer usinagem est\u00e1vel de pe\u00e7as pequenas e de formato estranho. A base e a coluna do tipo caixa formam","robots":{"index":"index","follow":"follow","max-snippet":"max-snippet:-1","max-image-preview":"max-image-preview:large","max-video-preview":"max-video-preview:-1"},"canonical":"https:\/\/maqcenter.com\/pt-pt\/producto\/v40r\/","og_locale":"pt_PT","og_type":"article","og_title":"V40R","og_description":"V40R. O torno vertical V40R aumenta a produtividade ao fornecer usinagem est\u00e1vel de pe\u00e7as pequenas e de formato estranho. A base e a coluna do tipo caixa formam","og_url":"https:\/\/maqcenter.com\/pt-pt\/producto\/v40r\/","og_site_name":"MAQcenter","twitter_card":"summary_large_image","twitter_misc":{"Tempo estimado de leitura":"1 minuto"},"schema":{"@context":"https:\/\/schema.org","@graph":[{"@type":["WebPage","ItemPage"],"@id":"https:\/\/maqcenter.com\/pt-pt\/producto\/v40r\/","url":"https:\/\/maqcenter.com\/pt-pt\/producto\/v40r\/","name":"V40R","isPartOf":{"@id":"https:\/\/maqcenter.com\/pt-pt\/#website"},"primaryImageOfPage":{"@id":"https:\/\/maqcenter.com\/pt-pt\/producto\/v40r\/#primaryimage"},"image":{"@id":"https:\/\/maqcenter.com\/pt-pt\/producto\/v40r\/#primaryimage"},"thumbnailUrl":"https:\/\/maqcenter.com\/wp-content\/uploads\/2021\/02\/OKUMA-V40R.jpg","datePublished":"2021-02-25T12:01:30+00:00","description":"V40R. O torno vertical V40R aumenta a produtividade ao fornecer usinagem est\u00e1vel de pe\u00e7as pequenas e de formato estranho. A base e a coluna do tipo caixa formam","breadcrumb":{"@id":"https:\/\/maqcenter.com\/pt-pt\/producto\/v40r\/#breadcrumb"},"inLanguage":"pt-PT","potentialAction":[{"@type":"ReadAction","target":["https:\/\/maqcenter.com\/pt-pt\/producto\/v40r\/"]}]},{"@type":"ImageObject","inLanguage":"pt-PT","@id":"https:\/\/maqcenter.com\/pt-pt\/producto\/v40r\/#primaryimage","url":"https:\/\/maqcenter.com\/wp-content\/uploads\/2021\/02\/OKUMA-V40R.jpg","contentUrl":"https:\/\/maqcenter.com\/wp-content\/uploads\/2021\/02\/OKUMA-V40R.jpg","width":500,"height":500},{"@type":"BreadcrumbList","@id":"https:\/\/maqcenter.com\/pt-pt\/producto\/v40r\/#breadcrumb","itemListElement":[{"@type":"ListItem","position":1,"name":"Productos","item":"https:\/\/maqcenter.com\/pt-pt\/"},{"@type":"ListItem","position":2,"name":"Produtos","item":"https:\/\/maqcenter.com\/pt-pt\/shop\/"},{"@type":"ListItem","position":3,"name":"V40R"}]},{"@type":"WebSite","@id":"https:\/\/maqcenter.com\/pt-pt\/#website","url":"https:\/\/maqcenter.com\/pt-pt\/","name":"MAQcenter","description":"El centro de tus soluciones","publisher":{"@id":"https:\/\/maqcenter.com\/pt-pt\/#organization"},"potentialAction":[{"@type":"SearchAction","target":{"@type":"EntryPoint","urlTemplate":"https:\/\/maqcenter.com\/pt-pt\/?s={search_term_string}"},"query-input":{"@type":"PropertyValueSpecification","valueRequired":true,"valueName":"search_term_string"}}],"inLanguage":"pt-PT"},{"@type":"Organization","@id":"https:\/\/maqcenter.com\/pt-pt\/#organization","name":"MAQcenter S.A.","url":"https:\/\/maqcenter.com\/pt-pt\/","logo":{"@type":"ImageObject","inLanguage":"pt-PT","@id":"https:\/\/maqcenter.com\/pt-pt\/#\/schema\/logo\/image\/","url":"https:\/\/maqcenter.com\/wp-content\/uploads\/2021\/02\/MAQcenter_logo_vertical.svg","contentUrl":"https:\/\/maqcenter.com\/wp-content\/uploads\/2021\/02\/MAQcenter_logo_vertical.svg","width":300,"height":174,"caption":"MAQcenter S.A."},"image":{"@id":"https:\/\/maqcenter.com\/pt-pt\/#\/schema\/logo\/image\/"}}]}},"_links":{"self":[{"href":"https:\/\/maqcenter.com\/pt-pt\/wp-json\/wp\/v2\/product\/21215","targetHints":{"allow":["GET"]}}],"collection":[{"href":"https:\/\/maqcenter.com\/pt-pt\/wp-json\/wp\/v2\/product"}],"about":[{"href":"https:\/\/maqcenter.com\/pt-pt\/wp-json\/wp\/v2\/types\/product"}],"wp:featuredmedia":[{"embeddable":true,"href":"https:\/\/maqcenter.com\/pt-pt\/wp-json\/wp\/v2\/media\/21216"}],"wp:attachment":[{"href":"https:\/\/maqcenter.com\/pt-pt\/wp-json\/wp\/v2\/media?parent=21215"}],"wp:term":[{"taxonomy":"product_brand","embeddable":true,"href":"https:\/\/maqcenter.com\/pt-pt\/wp-json\/wp\/v2\/product_brand?post=21215"},{"taxonomy":"product_cat","embeddable":true,"href":"https:\/\/maqcenter.com\/pt-pt\/wp-json\/wp\/v2\/product_cat?post=21215"},{"taxonomy":"product_tag","embeddable":true,"href":"https:\/\/maqcenter.com\/pt-pt\/wp-json\/wp\/v2\/product_tag?post=21215"},{"taxonomy":"marca-producto","embeddable":true,"href":"https:\/\/maqcenter.com\/pt-pt\/wp-json\/wp\/v2\/marca-producto?post=21215"},{"taxonomy":"serie-producto","embeddable":true,"href":"https:\/\/maqcenter.com\/pt-pt\/wp-json\/wp\/v2\/serie-producto?post=21215"}],"curies":[{"name":"wp","href":"https:\/\/api.w.org\/{rel}","templated":true}]}}