{"id":21245,"date":"2021-02-25T14:01:38","date_gmt":"2021-02-25T12:01:38","guid":{"rendered":"https:\/\/maqcenter.com\/producto\/genos-m460ve-e\/"},"modified":"2021-02-25T14:01:38","modified_gmt":"2021-02-25T12:01:38","slug":"genos-m460ve-e","status":"publish","type":"product","link":"https:\/\/maqcenter.com\/pt-pt\/producto\/genos-m460ve-e\/","title":{"rendered":"GENOS M460VE E"},"content":{"rendered":"<p>GENOS M460-VE \u00e9 o menor centro de usinagem vertical na cole\u00e7\u00e3o &#8220;Affordable Excellence&#8221;, oferecendo estabilidade t\u00e9rmica, consumo de energia econ\u00f4mico e tempos de troca de ferramenta r\u00e1pidos para aumentar a produtividade em um espa\u00e7o confinado. Equipados com o controle OSP da Okuma, esses centros de usinagem verticais ecol\u00f3gicos t\u00eam a pot\u00eancia e a flexibilidade para entregar resultados continuamente. <\/p>\n","protected":false},"excerpt":{"rendered":"<p>GENOS M460-VE \u00e9 o menor centro de usinagem vertical na cole\u00e7\u00e3o &#8220;Affordable Excellence&#8221;, oferecendo estabilidade t\u00e9rmica, consumo de energia econ\u00f4mico e tempos de troca de ferramenta r\u00e1pidos para aumentar a produtividade em um espa\u00e7o confinado. Equipados com o controle OSP da Okuma, esses centros de usinagem verticais ecol\u00f3gicos t\u00eam a pot\u00eancia e a flexibilidade para [&hellip;]<\/p>\n","protected":false},"featured_media":21246,"template":"","meta":[],"product_brand":[],"product_cat":[504,511],"product_tag":[569,570,573,575],"marca-producto":[26],"serie-producto":[282],"class_list":{"0":"post-21245","1":"product","2":"type-product","3":"status-publish","4":"has-post-thumbnail","6":"product_cat-centros-de-maquinacao","7":"product_cat-centros-de-maquinacao-vertical","8":"product_tag-automovel","9":"product_tag-bens-de-equipamento","10":"product_tag-grande-consumo","11":"product_tag-moldes-e-matrizes","12":"marca-producto-okuma","13":"serie-producto-genos-m","15":"first","16":"instock","17":"product-type-simple"},"yoast_head":"<!-- This site is optimized with the Yoast SEO plugin v27.0 - https:\/\/yoast.com\/product\/yoast-seo-wordpress\/ -->\n<title>GENOS M460VE E<\/title>\n<meta name=\"description\" content=\"GENOS M460VE E. GENOS M460-VE \u00e9 o menor centro de usinagem vertical na cole\u00e7\u00e3o &quot;Affordable Excellence&quot;, oferecendo estabilidade t\u00e9rmica, consumo de energia econ\u00f4mico e\" \/>\n<meta name=\"robots\" content=\"index, follow, max-snippet:-1, max-image-preview:large, max-video-preview:-1\" \/>\n<link rel=\"canonical\" href=\"https:\/\/maqcenter.com\/pt-pt\/producto\/genos-m460ve-e\/\" \/>\n<meta property=\"og:locale\" content=\"pt_PT\" \/>\n<meta property=\"og:type\" content=\"article\" \/>\n<meta property=\"og:title\" content=\"GENOS M460VE E\" \/>\n<meta property=\"og:description\" content=\"GENOS M460VE E. GENOS M460-VE \u00e9 o menor centro de usinagem vertical na cole\u00e7\u00e3o &quot;Affordable Excellence&quot;, oferecendo estabilidade t\u00e9rmica, consumo de energia econ\u00f4mico e\" \/>\n<meta property=\"og:url\" content=\"https:\/\/maqcenter.com\/pt-pt\/producto\/genos-m460ve-e\/\" \/>\n<meta property=\"og:site_name\" content=\"MAQcenter\" \/>\n<meta name=\"twitter:card\" content=\"summary_large_image\" \/>\n<script type=\"application\/ld+json\" class=\"yoast-schema-graph\">{\"@context\":\"https:\/\/schema.org\",\"@graph\":[{\"@type\":[\"WebPage\",\"ItemPage\"],\"@id\":\"https:\/\/maqcenter.com\/pt-pt\/producto\/genos-m460ve-e\/\",\"url\":\"https:\/\/maqcenter.com\/pt-pt\/producto\/genos-m460ve-e\/\",\"name\":\"GENOS M460VE E\",\"isPartOf\":{\"@id\":\"https:\/\/maqcenter.com\/pt-pt\/#website\"},\"primaryImageOfPage\":{\"@id\":\"https:\/\/maqcenter.com\/pt-pt\/producto\/genos-m460ve-e\/#primaryimage\"},\"image\":{\"@id\":\"https:\/\/maqcenter.com\/pt-pt\/producto\/genos-m460ve-e\/#primaryimage\"},\"thumbnailUrl\":\"https:\/\/maqcenter.com\/wp-content\/uploads\/2021\/02\/OKUMA-GENOS-M460Ve.jpg\",\"datePublished\":\"2021-02-25T12:01:38+00:00\",\"description\":\"GENOS M460VE E. GENOS M460-VE \u00e9 o menor centro de usinagem vertical na cole\u00e7\u00e3o \\\"Affordable Excellence\\\", oferecendo estabilidade t\u00e9rmica, consumo de energia econ\u00f4mico e\",\"breadcrumb\":{\"@id\":\"https:\/\/maqcenter.com\/pt-pt\/producto\/genos-m460ve-e\/#breadcrumb\"},\"inLanguage\":\"pt-PT\",\"potentialAction\":[{\"@type\":\"ReadAction\",\"target\":[\"https:\/\/maqcenter.com\/pt-pt\/producto\/genos-m460ve-e\/\"]}]},{\"@type\":\"ImageObject\",\"inLanguage\":\"pt-PT\",\"@id\":\"https:\/\/maqcenter.com\/pt-pt\/producto\/genos-m460ve-e\/#primaryimage\",\"url\":\"https:\/\/maqcenter.com\/wp-content\/uploads\/2021\/02\/OKUMA-GENOS-M460Ve.jpg\",\"contentUrl\":\"https:\/\/maqcenter.com\/wp-content\/uploads\/2021\/02\/OKUMA-GENOS-M460Ve.jpg\",\"width\":500,\"height\":500},{\"@type\":\"BreadcrumbList\",\"@id\":\"https:\/\/maqcenter.com\/pt-pt\/producto\/genos-m460ve-e\/#breadcrumb\",\"itemListElement\":[{\"@type\":\"ListItem\",\"position\":1,\"name\":\"Productos\",\"item\":\"https:\/\/maqcenter.com\/pt-pt\/\"},{\"@type\":\"ListItem\",\"position\":2,\"name\":\"Produtos\",\"item\":\"https:\/\/maqcenter.com\/pt-pt\/shop\/\"},{\"@type\":\"ListItem\",\"position\":3,\"name\":\"GENOS M460VE E\"}]},{\"@type\":\"WebSite\",\"@id\":\"https:\/\/maqcenter.com\/pt-pt\/#website\",\"url\":\"https:\/\/maqcenter.com\/pt-pt\/\",\"name\":\"MAQcenter\",\"description\":\"El centro de tus soluciones\",\"publisher\":{\"@id\":\"https:\/\/maqcenter.com\/pt-pt\/#organization\"},\"potentialAction\":[{\"@type\":\"SearchAction\",\"target\":{\"@type\":\"EntryPoint\",\"urlTemplate\":\"https:\/\/maqcenter.com\/pt-pt\/?s={search_term_string}\"},\"query-input\":{\"@type\":\"PropertyValueSpecification\",\"valueRequired\":true,\"valueName\":\"search_term_string\"}}],\"inLanguage\":\"pt-PT\"},{\"@type\":\"Organization\",\"@id\":\"https:\/\/maqcenter.com\/pt-pt\/#organization\",\"name\":\"MAQcenter S.A.\",\"url\":\"https:\/\/maqcenter.com\/pt-pt\/\",\"logo\":{\"@type\":\"ImageObject\",\"inLanguage\":\"pt-PT\",\"@id\":\"https:\/\/maqcenter.com\/pt-pt\/#\/schema\/logo\/image\/\",\"url\":\"https:\/\/maqcenter.com\/wp-content\/uploads\/2021\/02\/MAQcenter_logo_vertical.svg\",\"contentUrl\":\"https:\/\/maqcenter.com\/wp-content\/uploads\/2021\/02\/MAQcenter_logo_vertical.svg\",\"width\":300,\"height\":174,\"caption\":\"MAQcenter S.A.\"},\"image\":{\"@id\":\"https:\/\/maqcenter.com\/pt-pt\/#\/schema\/logo\/image\/\"}}]}<\/script>\n<!-- \/ Yoast SEO plugin. -->","yoast_head_json":{"title":"GENOS M460VE E","description":"GENOS M460VE E. GENOS M460-VE \u00e9 o menor centro de usinagem vertical na cole\u00e7\u00e3o \"Affordable Excellence\", oferecendo estabilidade t\u00e9rmica, consumo de energia econ\u00f4mico e","robots":{"index":"index","follow":"follow","max-snippet":"max-snippet:-1","max-image-preview":"max-image-preview:large","max-video-preview":"max-video-preview:-1"},"canonical":"https:\/\/maqcenter.com\/pt-pt\/producto\/genos-m460ve-e\/","og_locale":"pt_PT","og_type":"article","og_title":"GENOS M460VE E","og_description":"GENOS M460VE E. GENOS M460-VE \u00e9 o menor centro de usinagem vertical na cole\u00e7\u00e3o \"Affordable Excellence\", oferecendo estabilidade t\u00e9rmica, consumo de energia econ\u00f4mico e","og_url":"https:\/\/maqcenter.com\/pt-pt\/producto\/genos-m460ve-e\/","og_site_name":"MAQcenter","twitter_card":"summary_large_image","schema":{"@context":"https:\/\/schema.org","@graph":[{"@type":["WebPage","ItemPage"],"@id":"https:\/\/maqcenter.com\/pt-pt\/producto\/genos-m460ve-e\/","url":"https:\/\/maqcenter.com\/pt-pt\/producto\/genos-m460ve-e\/","name":"GENOS M460VE E","isPartOf":{"@id":"https:\/\/maqcenter.com\/pt-pt\/#website"},"primaryImageOfPage":{"@id":"https:\/\/maqcenter.com\/pt-pt\/producto\/genos-m460ve-e\/#primaryimage"},"image":{"@id":"https:\/\/maqcenter.com\/pt-pt\/producto\/genos-m460ve-e\/#primaryimage"},"thumbnailUrl":"https:\/\/maqcenter.com\/wp-content\/uploads\/2021\/02\/OKUMA-GENOS-M460Ve.jpg","datePublished":"2021-02-25T12:01:38+00:00","description":"GENOS M460VE E. GENOS M460-VE \u00e9 o menor centro de usinagem vertical na cole\u00e7\u00e3o \"Affordable Excellence\", oferecendo estabilidade t\u00e9rmica, consumo de energia econ\u00f4mico e","breadcrumb":{"@id":"https:\/\/maqcenter.com\/pt-pt\/producto\/genos-m460ve-e\/#breadcrumb"},"inLanguage":"pt-PT","potentialAction":[{"@type":"ReadAction","target":["https:\/\/maqcenter.com\/pt-pt\/producto\/genos-m460ve-e\/"]}]},{"@type":"ImageObject","inLanguage":"pt-PT","@id":"https:\/\/maqcenter.com\/pt-pt\/producto\/genos-m460ve-e\/#primaryimage","url":"https:\/\/maqcenter.com\/wp-content\/uploads\/2021\/02\/OKUMA-GENOS-M460Ve.jpg","contentUrl":"https:\/\/maqcenter.com\/wp-content\/uploads\/2021\/02\/OKUMA-GENOS-M460Ve.jpg","width":500,"height":500},{"@type":"BreadcrumbList","@id":"https:\/\/maqcenter.com\/pt-pt\/producto\/genos-m460ve-e\/#breadcrumb","itemListElement":[{"@type":"ListItem","position":1,"name":"Productos","item":"https:\/\/maqcenter.com\/pt-pt\/"},{"@type":"ListItem","position":2,"name":"Produtos","item":"https:\/\/maqcenter.com\/pt-pt\/shop\/"},{"@type":"ListItem","position":3,"name":"GENOS M460VE E"}]},{"@type":"WebSite","@id":"https:\/\/maqcenter.com\/pt-pt\/#website","url":"https:\/\/maqcenter.com\/pt-pt\/","name":"MAQcenter","description":"El centro de tus soluciones","publisher":{"@id":"https:\/\/maqcenter.com\/pt-pt\/#organization"},"potentialAction":[{"@type":"SearchAction","target":{"@type":"EntryPoint","urlTemplate":"https:\/\/maqcenter.com\/pt-pt\/?s={search_term_string}"},"query-input":{"@type":"PropertyValueSpecification","valueRequired":true,"valueName":"search_term_string"}}],"inLanguage":"pt-PT"},{"@type":"Organization","@id":"https:\/\/maqcenter.com\/pt-pt\/#organization","name":"MAQcenter S.A.","url":"https:\/\/maqcenter.com\/pt-pt\/","logo":{"@type":"ImageObject","inLanguage":"pt-PT","@id":"https:\/\/maqcenter.com\/pt-pt\/#\/schema\/logo\/image\/","url":"https:\/\/maqcenter.com\/wp-content\/uploads\/2021\/02\/MAQcenter_logo_vertical.svg","contentUrl":"https:\/\/maqcenter.com\/wp-content\/uploads\/2021\/02\/MAQcenter_logo_vertical.svg","width":300,"height":174,"caption":"MAQcenter S.A."},"image":{"@id":"https:\/\/maqcenter.com\/pt-pt\/#\/schema\/logo\/image\/"}}]}},"_links":{"self":[{"href":"https:\/\/maqcenter.com\/pt-pt\/wp-json\/wp\/v2\/product\/21245","targetHints":{"allow":["GET"]}}],"collection":[{"href":"https:\/\/maqcenter.com\/pt-pt\/wp-json\/wp\/v2\/product"}],"about":[{"href":"https:\/\/maqcenter.com\/pt-pt\/wp-json\/wp\/v2\/types\/product"}],"wp:featuredmedia":[{"embeddable":true,"href":"https:\/\/maqcenter.com\/pt-pt\/wp-json\/wp\/v2\/media\/21246"}],"wp:attachment":[{"href":"https:\/\/maqcenter.com\/pt-pt\/wp-json\/wp\/v2\/media?parent=21245"}],"wp:term":[{"taxonomy":"product_brand","embeddable":true,"href":"https:\/\/maqcenter.com\/pt-pt\/wp-json\/wp\/v2\/product_brand?post=21245"},{"taxonomy":"product_cat","embeddable":true,"href":"https:\/\/maqcenter.com\/pt-pt\/wp-json\/wp\/v2\/product_cat?post=21245"},{"taxonomy":"product_tag","embeddable":true,"href":"https:\/\/maqcenter.com\/pt-pt\/wp-json\/wp\/v2\/product_tag?post=21245"},{"taxonomy":"marca-producto","embeddable":true,"href":"https:\/\/maqcenter.com\/pt-pt\/wp-json\/wp\/v2\/marca-producto?post=21245"},{"taxonomy":"serie-producto","embeddable":true,"href":"https:\/\/maqcenter.com\/pt-pt\/wp-json\/wp\/v2\/serie-producto?post=21245"}],"curies":[{"name":"wp","href":"https:\/\/api.w.org\/{rel}","templated":true}]}}