{"id":21260,"date":"2021-02-25T14:01:38","date_gmt":"2021-02-25T12:01:38","guid":{"rendered":"https:\/\/maqcenter.com\/producto\/mb-8000h\/"},"modified":"2021-02-25T14:01:38","modified_gmt":"2021-02-25T12:01:38","slug":"mb-8000h","status":"publish","type":"product","link":"https:\/\/maqcenter.com\/pt-pt\/producto\/mb-8000h\/","title":{"rendered":"MB-8000H"},"content":{"rendered":"<p>O centro de usinagem horizontal MB-8000H oferece alta precis\u00e3o e velocidade de usinagem para pe\u00e7as de at\u00e9 2.000 kg. Dispon\u00edvel em tr\u00eas op\u00e7\u00f5es de fusos, na sua vers\u00e3o standard com 6.000 rpm, com op\u00e7\u00e3o para fusos de alta pot\u00eancia de 12.000 e 6.000 rpm. Configur\u00e1vel com um magazine de paletes ou Okuma PALLETACE, e com uma capacidade de magazine de at\u00e9 400 ferramentas, esta m\u00e1quina pode ser usada para trabalhos de alta produ\u00e7\u00e3o e pequenos lotes, e oferece flexibilidade, resist\u00eancia, precis\u00e3o e produtividade.  <\/p>\n","protected":false},"excerpt":{"rendered":"<p>O centro de usinagem horizontal MB-8000H oferece alta precis\u00e3o e velocidade de usinagem para pe\u00e7as de at\u00e9 2.000 kg. Dispon\u00edvel em tr\u00eas op\u00e7\u00f5es de fusos, na sua vers\u00e3o standard com 6.000 rpm, com op\u00e7\u00e3o para fusos de alta pot\u00eancia de 12.000 e 6.000 rpm. Configur\u00e1vel com um magazine de paletes ou Okuma PALLETACE, e com [&hellip;]<\/p>\n","protected":false},"featured_media":21261,"template":"","meta":[],"product_brand":[],"product_cat":[504,506],"product_tag":[568,569,571,572,573],"marca-producto":[26],"serie-producto":[280],"class_list":{"0":"post-21260","1":"product","2":"type-product","3":"status-publish","4":"has-post-thumbnail","6":"product_cat-centros-de-maquinacao","7":"product_cat-centros-de-maquinacao-horizontal","8":"product_tag-aeronautica-pt-pt","9":"product_tag-automovel","10":"product_tag-energia-pt-pt","11":"product_tag-ferrovia","12":"product_tag-grande-consumo","13":"marca-producto-okuma","14":"serie-producto-ma-h","16":"first","17":"instock","18":"product-type-simple"},"yoast_head":"<!-- This site is optimized with the Yoast SEO plugin v27.0 - https:\/\/yoast.com\/product\/yoast-seo-wordpress\/ -->\n<title>MB-8000H<\/title>\n<meta name=\"description\" content=\"MB-8000H. O centro de usinagem horizontal MB-8000H oferece alta precis\u00e3o e velocidade de usinagem para pe\u00e7as de at\u00e9 2.000 kg. Dispon\u00edvel em tr\u00eas op\u00e7\u00f5es de fusos, na\" \/>\n<meta name=\"robots\" content=\"index, follow, max-snippet:-1, max-image-preview:large, max-video-preview:-1\" \/>\n<link rel=\"canonical\" href=\"https:\/\/maqcenter.com\/pt-pt\/producto\/mb-8000h\/\" \/>\n<meta property=\"og:locale\" content=\"pt_PT\" \/>\n<meta property=\"og:type\" content=\"article\" \/>\n<meta property=\"og:title\" content=\"MB-8000H\" \/>\n<meta property=\"og:description\" content=\"MB-8000H. O centro de usinagem horizontal MB-8000H oferece alta precis\u00e3o e velocidade de usinagem para pe\u00e7as de at\u00e9 2.000 kg. Dispon\u00edvel em tr\u00eas op\u00e7\u00f5es de fusos, na\" \/>\n<meta property=\"og:url\" content=\"https:\/\/maqcenter.com\/pt-pt\/producto\/mb-8000h\/\" \/>\n<meta property=\"og:site_name\" content=\"MAQcenter\" \/>\n<meta name=\"twitter:card\" content=\"summary_large_image\" \/>\n<script type=\"application\/ld+json\" class=\"yoast-schema-graph\">{\"@context\":\"https:\/\/schema.org\",\"@graph\":[{\"@type\":[\"WebPage\",\"ItemPage\"],\"@id\":\"https:\/\/maqcenter.com\/pt-pt\/producto\/mb-8000h\/\",\"url\":\"https:\/\/maqcenter.com\/pt-pt\/producto\/mb-8000h\/\",\"name\":\"MB-8000H\",\"isPartOf\":{\"@id\":\"https:\/\/maqcenter.com\/pt-pt\/#website\"},\"primaryImageOfPage\":{\"@id\":\"https:\/\/maqcenter.com\/pt-pt\/producto\/mb-8000h\/#primaryimage\"},\"image\":{\"@id\":\"https:\/\/maqcenter.com\/pt-pt\/producto\/mb-8000h\/#primaryimage\"},\"thumbnailUrl\":\"https:\/\/maqcenter.com\/wp-content\/uploads\/2021\/02\/OKUMA-MB-8000H.jpg\",\"datePublished\":\"2021-02-25T12:01:38+00:00\",\"description\":\"MB-8000H. O centro de usinagem horizontal MB-8000H oferece alta precis\u00e3o e velocidade de usinagem para pe\u00e7as de at\u00e9 2.000 kg. Dispon\u00edvel em tr\u00eas op\u00e7\u00f5es de fusos, na\",\"breadcrumb\":{\"@id\":\"https:\/\/maqcenter.com\/pt-pt\/producto\/mb-8000h\/#breadcrumb\"},\"inLanguage\":\"pt-PT\",\"potentialAction\":[{\"@type\":\"ReadAction\",\"target\":[\"https:\/\/maqcenter.com\/pt-pt\/producto\/mb-8000h\/\"]}]},{\"@type\":\"ImageObject\",\"inLanguage\":\"pt-PT\",\"@id\":\"https:\/\/maqcenter.com\/pt-pt\/producto\/mb-8000h\/#primaryimage\",\"url\":\"https:\/\/maqcenter.com\/wp-content\/uploads\/2021\/02\/OKUMA-MB-8000H.jpg\",\"contentUrl\":\"https:\/\/maqcenter.com\/wp-content\/uploads\/2021\/02\/OKUMA-MB-8000H.jpg\",\"width\":500,\"height\":500},{\"@type\":\"BreadcrumbList\",\"@id\":\"https:\/\/maqcenter.com\/pt-pt\/producto\/mb-8000h\/#breadcrumb\",\"itemListElement\":[{\"@type\":\"ListItem\",\"position\":1,\"name\":\"Productos\",\"item\":\"https:\/\/maqcenter.com\/pt-pt\/\"},{\"@type\":\"ListItem\",\"position\":2,\"name\":\"Produtos\",\"item\":\"https:\/\/maqcenter.com\/pt-pt\/shop\/\"},{\"@type\":\"ListItem\",\"position\":3,\"name\":\"MB-8000H\"}]},{\"@type\":\"WebSite\",\"@id\":\"https:\/\/maqcenter.com\/pt-pt\/#website\",\"url\":\"https:\/\/maqcenter.com\/pt-pt\/\",\"name\":\"MAQcenter\",\"description\":\"El centro de tus soluciones\",\"publisher\":{\"@id\":\"https:\/\/maqcenter.com\/pt-pt\/#organization\"},\"potentialAction\":[{\"@type\":\"SearchAction\",\"target\":{\"@type\":\"EntryPoint\",\"urlTemplate\":\"https:\/\/maqcenter.com\/pt-pt\/?s={search_term_string}\"},\"query-input\":{\"@type\":\"PropertyValueSpecification\",\"valueRequired\":true,\"valueName\":\"search_term_string\"}}],\"inLanguage\":\"pt-PT\"},{\"@type\":\"Organization\",\"@id\":\"https:\/\/maqcenter.com\/pt-pt\/#organization\",\"name\":\"MAQcenter S.A.\",\"url\":\"https:\/\/maqcenter.com\/pt-pt\/\",\"logo\":{\"@type\":\"ImageObject\",\"inLanguage\":\"pt-PT\",\"@id\":\"https:\/\/maqcenter.com\/pt-pt\/#\/schema\/logo\/image\/\",\"url\":\"https:\/\/maqcenter.com\/wp-content\/uploads\/2021\/02\/MAQcenter_logo_vertical.svg\",\"contentUrl\":\"https:\/\/maqcenter.com\/wp-content\/uploads\/2021\/02\/MAQcenter_logo_vertical.svg\",\"width\":300,\"height\":174,\"caption\":\"MAQcenter S.A.\"},\"image\":{\"@id\":\"https:\/\/maqcenter.com\/pt-pt\/#\/schema\/logo\/image\/\"}}]}<\/script>\n<!-- \/ Yoast SEO plugin. -->","yoast_head_json":{"title":"MB-8000H","description":"MB-8000H. O centro de usinagem horizontal MB-8000H oferece alta precis\u00e3o e velocidade de usinagem para pe\u00e7as de at\u00e9 2.000 kg. Dispon\u00edvel em tr\u00eas op\u00e7\u00f5es de fusos, na","robots":{"index":"index","follow":"follow","max-snippet":"max-snippet:-1","max-image-preview":"max-image-preview:large","max-video-preview":"max-video-preview:-1"},"canonical":"https:\/\/maqcenter.com\/pt-pt\/producto\/mb-8000h\/","og_locale":"pt_PT","og_type":"article","og_title":"MB-8000H","og_description":"MB-8000H. O centro de usinagem horizontal MB-8000H oferece alta precis\u00e3o e velocidade de usinagem para pe\u00e7as de at\u00e9 2.000 kg. Dispon\u00edvel em tr\u00eas op\u00e7\u00f5es de fusos, na","og_url":"https:\/\/maqcenter.com\/pt-pt\/producto\/mb-8000h\/","og_site_name":"MAQcenter","twitter_card":"summary_large_image","schema":{"@context":"https:\/\/schema.org","@graph":[{"@type":["WebPage","ItemPage"],"@id":"https:\/\/maqcenter.com\/pt-pt\/producto\/mb-8000h\/","url":"https:\/\/maqcenter.com\/pt-pt\/producto\/mb-8000h\/","name":"MB-8000H","isPartOf":{"@id":"https:\/\/maqcenter.com\/pt-pt\/#website"},"primaryImageOfPage":{"@id":"https:\/\/maqcenter.com\/pt-pt\/producto\/mb-8000h\/#primaryimage"},"image":{"@id":"https:\/\/maqcenter.com\/pt-pt\/producto\/mb-8000h\/#primaryimage"},"thumbnailUrl":"https:\/\/maqcenter.com\/wp-content\/uploads\/2021\/02\/OKUMA-MB-8000H.jpg","datePublished":"2021-02-25T12:01:38+00:00","description":"MB-8000H. O centro de usinagem horizontal MB-8000H oferece alta precis\u00e3o e velocidade de usinagem para pe\u00e7as de at\u00e9 2.000 kg. Dispon\u00edvel em tr\u00eas op\u00e7\u00f5es de fusos, na","breadcrumb":{"@id":"https:\/\/maqcenter.com\/pt-pt\/producto\/mb-8000h\/#breadcrumb"},"inLanguage":"pt-PT","potentialAction":[{"@type":"ReadAction","target":["https:\/\/maqcenter.com\/pt-pt\/producto\/mb-8000h\/"]}]},{"@type":"ImageObject","inLanguage":"pt-PT","@id":"https:\/\/maqcenter.com\/pt-pt\/producto\/mb-8000h\/#primaryimage","url":"https:\/\/maqcenter.com\/wp-content\/uploads\/2021\/02\/OKUMA-MB-8000H.jpg","contentUrl":"https:\/\/maqcenter.com\/wp-content\/uploads\/2021\/02\/OKUMA-MB-8000H.jpg","width":500,"height":500},{"@type":"BreadcrumbList","@id":"https:\/\/maqcenter.com\/pt-pt\/producto\/mb-8000h\/#breadcrumb","itemListElement":[{"@type":"ListItem","position":1,"name":"Productos","item":"https:\/\/maqcenter.com\/pt-pt\/"},{"@type":"ListItem","position":2,"name":"Produtos","item":"https:\/\/maqcenter.com\/pt-pt\/shop\/"},{"@type":"ListItem","position":3,"name":"MB-8000H"}]},{"@type":"WebSite","@id":"https:\/\/maqcenter.com\/pt-pt\/#website","url":"https:\/\/maqcenter.com\/pt-pt\/","name":"MAQcenter","description":"El centro de tus soluciones","publisher":{"@id":"https:\/\/maqcenter.com\/pt-pt\/#organization"},"potentialAction":[{"@type":"SearchAction","target":{"@type":"EntryPoint","urlTemplate":"https:\/\/maqcenter.com\/pt-pt\/?s={search_term_string}"},"query-input":{"@type":"PropertyValueSpecification","valueRequired":true,"valueName":"search_term_string"}}],"inLanguage":"pt-PT"},{"@type":"Organization","@id":"https:\/\/maqcenter.com\/pt-pt\/#organization","name":"MAQcenter S.A.","url":"https:\/\/maqcenter.com\/pt-pt\/","logo":{"@type":"ImageObject","inLanguage":"pt-PT","@id":"https:\/\/maqcenter.com\/pt-pt\/#\/schema\/logo\/image\/","url":"https:\/\/maqcenter.com\/wp-content\/uploads\/2021\/02\/MAQcenter_logo_vertical.svg","contentUrl":"https:\/\/maqcenter.com\/wp-content\/uploads\/2021\/02\/MAQcenter_logo_vertical.svg","width":300,"height":174,"caption":"MAQcenter S.A."},"image":{"@id":"https:\/\/maqcenter.com\/pt-pt\/#\/schema\/logo\/image\/"}}]}},"_links":{"self":[{"href":"https:\/\/maqcenter.com\/pt-pt\/wp-json\/wp\/v2\/product\/21260","targetHints":{"allow":["GET"]}}],"collection":[{"href":"https:\/\/maqcenter.com\/pt-pt\/wp-json\/wp\/v2\/product"}],"about":[{"href":"https:\/\/maqcenter.com\/pt-pt\/wp-json\/wp\/v2\/types\/product"}],"wp:featuredmedia":[{"embeddable":true,"href":"https:\/\/maqcenter.com\/pt-pt\/wp-json\/wp\/v2\/media\/21261"}],"wp:attachment":[{"href":"https:\/\/maqcenter.com\/pt-pt\/wp-json\/wp\/v2\/media?parent=21260"}],"wp:term":[{"taxonomy":"product_brand","embeddable":true,"href":"https:\/\/maqcenter.com\/pt-pt\/wp-json\/wp\/v2\/product_brand?post=21260"},{"taxonomy":"product_cat","embeddable":true,"href":"https:\/\/maqcenter.com\/pt-pt\/wp-json\/wp\/v2\/product_cat?post=21260"},{"taxonomy":"product_tag","embeddable":true,"href":"https:\/\/maqcenter.com\/pt-pt\/wp-json\/wp\/v2\/product_tag?post=21260"},{"taxonomy":"marca-producto","embeddable":true,"href":"https:\/\/maqcenter.com\/pt-pt\/wp-json\/wp\/v2\/marca-producto?post=21260"},{"taxonomy":"serie-producto","embeddable":true,"href":"https:\/\/maqcenter.com\/pt-pt\/wp-json\/wp\/v2\/serie-producto?post=21260"}],"curies":[{"name":"wp","href":"https:\/\/api.w.org\/{rel}","templated":true}]}}