{"id":21275,"date":"2021-02-25T14:01:38","date_gmt":"2021-02-25T12:01:38","guid":{"rendered":"https:\/\/maqcenter.com\/producto\/ma-600hiii\/"},"modified":"2021-02-25T14:01:38","modified_gmt":"2021-02-25T12:01:38","slug":"ma-600hiii","status":"publish","type":"product","link":"https:\/\/maqcenter.com\/pt-pt\/producto\/ma-600hiii\/","title":{"rendered":"MA-600HIII"},"content":{"rendered":"<p>O <strong>MA-600HIII<\/strong> da <strong>Okuma<\/strong> \u00e9 um centro de maquina\u00e7\u00e3o horizontal concebido para oferecer alto desempenho na produ\u00e7\u00e3o de pe\u00e7as grandes e complexas.<br \/>A sua estrutura robusta, combinada com a avan\u00e7ada tecnologia Thermo-Friendly Concept, garante uma precis\u00e3o excecional e estabilidade dimensional, mesmo durante longos ciclos de trabalho.<br \/>Equipado com um potente veio principal e capacidade para maquinar grandes volumes de material, este modelo \u00e9 ideal para aplica\u00e7\u00f5es em ind\u00fastrias exigentes, como a autom\u00f3vel, aeroespacial, m\u00e1quinas agr\u00edcolas e constru\u00e7\u00e3o.  <\/p>\n<p>Caracter\u00edsticas principais:<\/p>\n<ul>\n<li>Thermo-Friendly Concept: Mant\u00e9m a precis\u00e3o e a estabilidade t\u00e9rmica do equipamento, garantindo uma produ\u00e7\u00e3o fi\u00e1vel e de alta qualidade.<\/li>\n<li>Veio principal de alto desempenho: O veio de 45 kW permite opera\u00e7\u00f5es de maquina\u00e7\u00e3o pesada com elevada efici\u00eancia, prolongando a vida \u00fatil da m\u00e1quina.<\/li>\n<li>Fun\u00e7\u00e3o Turn-Cut: Sincroniza a rota\u00e7\u00e3o do veio com os eixos X e Y, permitindo opera\u00e7\u00f5es de torneamento em superf\u00edcies espec\u00edficas, como zonas de veda\u00e7\u00e3o.\n<\/li>\n<li>Grande capacidade de carga: Ideal para pe\u00e7as grandes e pesadas, com esta\u00e7\u00f5es de trabalho otimizadas para o manuseamento de grandes volumes de material.<\/li>\n<li>Automatiza\u00e7\u00e3o opcional: Compat\u00edvel com esta\u00e7\u00f5es de paletes, sistemas robotizados e solu\u00e7\u00f5es de fabrico flex\u00edvel para maximizar a produtividade e reduzir tempos de inatividade.<\/li>\n<\/ul>\n","protected":false},"excerpt":{"rendered":"<p>O MA-600HIII da Okuma \u00e9 um centro de maquina\u00e7\u00e3o horizontal concebido para oferecer alto desempenho na produ\u00e7\u00e3o de pe\u00e7as grandes e complexas.A sua estrutura robusta, combinada com a avan\u00e7ada tecnologia Thermo-Friendly Concept, garante uma precis\u00e3o excecional e estabilidade dimensional, mesmo durante longos ciclos de trabalho.Equipado com um potente veio principal e capacidade para maquinar grandes [&hellip;]<\/p>\n","protected":false},"featured_media":21276,"template":"","meta":[],"product_brand":[],"product_cat":[504,506],"product_tag":[568,569,571,572,573],"marca-producto":[26],"serie-producto":[280],"class_list":{"0":"post-21275","1":"product","2":"type-product","3":"status-publish","4":"has-post-thumbnail","6":"product_cat-centros-de-maquinacao","7":"product_cat-centros-de-maquinacao-horizontal","8":"product_tag-aeronautica-pt-pt","9":"product_tag-automovel","10":"product_tag-energia-pt-pt","11":"product_tag-ferrovia","12":"product_tag-grande-consumo","13":"marca-producto-okuma","14":"serie-producto-ma-h","16":"first","17":"instock","18":"product-type-simple"},"yoast_head":"<!-- This site is optimized with the Yoast SEO plugin v27.0 - https:\/\/yoast.com\/product\/yoast-seo-wordpress\/ -->\n<title>MA-600HIII<\/title>\n<meta name=\"description\" content=\"MA-600HIII. O MA-600HIII da Okuma \u00e9 um centro de maquina\u00e7\u00e3o horizontal concebido para oferecer alto desempenho na produ\u00e7\u00e3o de pe\u00e7as grandes e complexas.A sua\" \/>\n<meta name=\"robots\" content=\"index, follow, max-snippet:-1, max-image-preview:large, max-video-preview:-1\" \/>\n<link rel=\"canonical\" href=\"https:\/\/maqcenter.com\/pt-pt\/producto\/ma-600hiii\/\" \/>\n<meta property=\"og:locale\" content=\"pt_PT\" \/>\n<meta property=\"og:type\" content=\"article\" \/>\n<meta property=\"og:title\" content=\"MA-600HIII\" \/>\n<meta property=\"og:description\" content=\"MA-600HIII. O MA-600HIII da Okuma \u00e9 um centro de maquina\u00e7\u00e3o horizontal concebido para oferecer alto desempenho na produ\u00e7\u00e3o de pe\u00e7as grandes e complexas.A sua\" \/>\n<meta property=\"og:url\" content=\"https:\/\/maqcenter.com\/pt-pt\/producto\/ma-600hiii\/\" \/>\n<meta property=\"og:site_name\" content=\"MAQcenter\" \/>\n<meta property=\"og:image\" content=\"https:\/\/maqcenter.com\/wp-content\/uploads\/2021\/02\/OKUMA-MA-600HIII.jpg\" \/>\n\t<meta property=\"og:image:width\" content=\"500\" \/>\n\t<meta property=\"og:image:height\" content=\"500\" \/>\n\t<meta property=\"og:image:type\" content=\"image\/jpeg\" \/>\n<meta name=\"twitter:card\" content=\"summary_large_image\" \/>\n<meta name=\"twitter:label1\" content=\"Tempo estimado de leitura\" \/>\n\t<meta name=\"twitter:data1\" content=\"1 minuto\" \/>\n<script type=\"application\/ld+json\" class=\"yoast-schema-graph\">{\"@context\":\"https:\/\/schema.org\",\"@graph\":[{\"@type\":[\"WebPage\",\"ItemPage\"],\"@id\":\"https:\/\/maqcenter.com\/pt-pt\/producto\/ma-600hiii\/\",\"url\":\"https:\/\/maqcenter.com\/pt-pt\/producto\/ma-600hiii\/\",\"name\":\"MA-600HIII\",\"isPartOf\":{\"@id\":\"https:\/\/maqcenter.com\/pt-pt\/#website\"},\"primaryImageOfPage\":{\"@id\":\"https:\/\/maqcenter.com\/pt-pt\/producto\/ma-600hiii\/#primaryimage\"},\"image\":{\"@id\":\"https:\/\/maqcenter.com\/pt-pt\/producto\/ma-600hiii\/#primaryimage\"},\"thumbnailUrl\":\"https:\/\/maqcenter.com\/wp-content\/uploads\/2021\/02\/OKUMA-MA-600HIII.jpg\",\"datePublished\":\"2021-02-25T12:01:38+00:00\",\"description\":\"MA-600HIII. O MA-600HIII da Okuma \u00e9 um centro de maquina\u00e7\u00e3o horizontal concebido para oferecer alto desempenho na produ\u00e7\u00e3o de pe\u00e7as grandes e complexas.A sua\",\"breadcrumb\":{\"@id\":\"https:\/\/maqcenter.com\/pt-pt\/producto\/ma-600hiii\/#breadcrumb\"},\"inLanguage\":\"pt-PT\",\"potentialAction\":[{\"@type\":\"ReadAction\",\"target\":[\"https:\/\/maqcenter.com\/pt-pt\/producto\/ma-600hiii\/\"]}]},{\"@type\":\"ImageObject\",\"inLanguage\":\"pt-PT\",\"@id\":\"https:\/\/maqcenter.com\/pt-pt\/producto\/ma-600hiii\/#primaryimage\",\"url\":\"https:\/\/maqcenter.com\/wp-content\/uploads\/2021\/02\/OKUMA-MA-600HIII.jpg\",\"contentUrl\":\"https:\/\/maqcenter.com\/wp-content\/uploads\/2021\/02\/OKUMA-MA-600HIII.jpg\",\"width\":500,\"height\":500},{\"@type\":\"BreadcrumbList\",\"@id\":\"https:\/\/maqcenter.com\/pt-pt\/producto\/ma-600hiii\/#breadcrumb\",\"itemListElement\":[{\"@type\":\"ListItem\",\"position\":1,\"name\":\"Productos\",\"item\":\"https:\/\/maqcenter.com\/pt-pt\/\"},{\"@type\":\"ListItem\",\"position\":2,\"name\":\"Produtos\",\"item\":\"https:\/\/maqcenter.com\/pt-pt\/shop\/\"},{\"@type\":\"ListItem\",\"position\":3,\"name\":\"MA-600HIII\"}]},{\"@type\":\"WebSite\",\"@id\":\"https:\/\/maqcenter.com\/pt-pt\/#website\",\"url\":\"https:\/\/maqcenter.com\/pt-pt\/\",\"name\":\"MAQcenter\",\"description\":\"El centro de tus soluciones\",\"publisher\":{\"@id\":\"https:\/\/maqcenter.com\/pt-pt\/#organization\"},\"potentialAction\":[{\"@type\":\"SearchAction\",\"target\":{\"@type\":\"EntryPoint\",\"urlTemplate\":\"https:\/\/maqcenter.com\/pt-pt\/?s={search_term_string}\"},\"query-input\":{\"@type\":\"PropertyValueSpecification\",\"valueRequired\":true,\"valueName\":\"search_term_string\"}}],\"inLanguage\":\"pt-PT\"},{\"@type\":\"Organization\",\"@id\":\"https:\/\/maqcenter.com\/pt-pt\/#organization\",\"name\":\"MAQcenter S.A.\",\"url\":\"https:\/\/maqcenter.com\/pt-pt\/\",\"logo\":{\"@type\":\"ImageObject\",\"inLanguage\":\"pt-PT\",\"@id\":\"https:\/\/maqcenter.com\/pt-pt\/#\/schema\/logo\/image\/\",\"url\":\"https:\/\/maqcenter.com\/wp-content\/uploads\/2021\/02\/MAQcenter_logo_vertical.svg\",\"contentUrl\":\"https:\/\/maqcenter.com\/wp-content\/uploads\/2021\/02\/MAQcenter_logo_vertical.svg\",\"width\":300,\"height\":174,\"caption\":\"MAQcenter S.A.\"},\"image\":{\"@id\":\"https:\/\/maqcenter.com\/pt-pt\/#\/schema\/logo\/image\/\"}}]}<\/script>\n<!-- \/ Yoast SEO plugin. -->","yoast_head_json":{"title":"MA-600HIII","description":"MA-600HIII. O MA-600HIII da Okuma \u00e9 um centro de maquina\u00e7\u00e3o horizontal concebido para oferecer alto desempenho na produ\u00e7\u00e3o de pe\u00e7as grandes e complexas.A sua","robots":{"index":"index","follow":"follow","max-snippet":"max-snippet:-1","max-image-preview":"max-image-preview:large","max-video-preview":"max-video-preview:-1"},"canonical":"https:\/\/maqcenter.com\/pt-pt\/producto\/ma-600hiii\/","og_locale":"pt_PT","og_type":"article","og_title":"MA-600HIII","og_description":"MA-600HIII. O MA-600HIII da Okuma \u00e9 um centro de maquina\u00e7\u00e3o horizontal concebido para oferecer alto desempenho na produ\u00e7\u00e3o de pe\u00e7as grandes e complexas.A sua","og_url":"https:\/\/maqcenter.com\/pt-pt\/producto\/ma-600hiii\/","og_site_name":"MAQcenter","og_image":[{"width":500,"height":500,"url":"https:\/\/maqcenter.com\/wp-content\/uploads\/2021\/02\/OKUMA-MA-600HIII.jpg","type":"image\/jpeg"}],"twitter_card":"summary_large_image","twitter_misc":{"Tempo estimado de leitura":"1 minuto"},"schema":{"@context":"https:\/\/schema.org","@graph":[{"@type":["WebPage","ItemPage"],"@id":"https:\/\/maqcenter.com\/pt-pt\/producto\/ma-600hiii\/","url":"https:\/\/maqcenter.com\/pt-pt\/producto\/ma-600hiii\/","name":"MA-600HIII","isPartOf":{"@id":"https:\/\/maqcenter.com\/pt-pt\/#website"},"primaryImageOfPage":{"@id":"https:\/\/maqcenter.com\/pt-pt\/producto\/ma-600hiii\/#primaryimage"},"image":{"@id":"https:\/\/maqcenter.com\/pt-pt\/producto\/ma-600hiii\/#primaryimage"},"thumbnailUrl":"https:\/\/maqcenter.com\/wp-content\/uploads\/2021\/02\/OKUMA-MA-600HIII.jpg","datePublished":"2021-02-25T12:01:38+00:00","description":"MA-600HIII. O MA-600HIII da Okuma \u00e9 um centro de maquina\u00e7\u00e3o horizontal concebido para oferecer alto desempenho na produ\u00e7\u00e3o de pe\u00e7as grandes e complexas.A sua","breadcrumb":{"@id":"https:\/\/maqcenter.com\/pt-pt\/producto\/ma-600hiii\/#breadcrumb"},"inLanguage":"pt-PT","potentialAction":[{"@type":"ReadAction","target":["https:\/\/maqcenter.com\/pt-pt\/producto\/ma-600hiii\/"]}]},{"@type":"ImageObject","inLanguage":"pt-PT","@id":"https:\/\/maqcenter.com\/pt-pt\/producto\/ma-600hiii\/#primaryimage","url":"https:\/\/maqcenter.com\/wp-content\/uploads\/2021\/02\/OKUMA-MA-600HIII.jpg","contentUrl":"https:\/\/maqcenter.com\/wp-content\/uploads\/2021\/02\/OKUMA-MA-600HIII.jpg","width":500,"height":500},{"@type":"BreadcrumbList","@id":"https:\/\/maqcenter.com\/pt-pt\/producto\/ma-600hiii\/#breadcrumb","itemListElement":[{"@type":"ListItem","position":1,"name":"Productos","item":"https:\/\/maqcenter.com\/pt-pt\/"},{"@type":"ListItem","position":2,"name":"Produtos","item":"https:\/\/maqcenter.com\/pt-pt\/shop\/"},{"@type":"ListItem","position":3,"name":"MA-600HIII"}]},{"@type":"WebSite","@id":"https:\/\/maqcenter.com\/pt-pt\/#website","url":"https:\/\/maqcenter.com\/pt-pt\/","name":"MAQcenter","description":"El centro de tus soluciones","publisher":{"@id":"https:\/\/maqcenter.com\/pt-pt\/#organization"},"potentialAction":[{"@type":"SearchAction","target":{"@type":"EntryPoint","urlTemplate":"https:\/\/maqcenter.com\/pt-pt\/?s={search_term_string}"},"query-input":{"@type":"PropertyValueSpecification","valueRequired":true,"valueName":"search_term_string"}}],"inLanguage":"pt-PT"},{"@type":"Organization","@id":"https:\/\/maqcenter.com\/pt-pt\/#organization","name":"MAQcenter S.A.","url":"https:\/\/maqcenter.com\/pt-pt\/","logo":{"@type":"ImageObject","inLanguage":"pt-PT","@id":"https:\/\/maqcenter.com\/pt-pt\/#\/schema\/logo\/image\/","url":"https:\/\/maqcenter.com\/wp-content\/uploads\/2021\/02\/MAQcenter_logo_vertical.svg","contentUrl":"https:\/\/maqcenter.com\/wp-content\/uploads\/2021\/02\/MAQcenter_logo_vertical.svg","width":300,"height":174,"caption":"MAQcenter S.A."},"image":{"@id":"https:\/\/maqcenter.com\/pt-pt\/#\/schema\/logo\/image\/"}}]}},"_links":{"self":[{"href":"https:\/\/maqcenter.com\/pt-pt\/wp-json\/wp\/v2\/product\/21275","targetHints":{"allow":["GET"]}}],"collection":[{"href":"https:\/\/maqcenter.com\/pt-pt\/wp-json\/wp\/v2\/product"}],"about":[{"href":"https:\/\/maqcenter.com\/pt-pt\/wp-json\/wp\/v2\/types\/product"}],"wp:featuredmedia":[{"embeddable":true,"href":"https:\/\/maqcenter.com\/pt-pt\/wp-json\/wp\/v2\/media\/21276"}],"wp:attachment":[{"href":"https:\/\/maqcenter.com\/pt-pt\/wp-json\/wp\/v2\/media?parent=21275"}],"wp:term":[{"taxonomy":"product_brand","embeddable":true,"href":"https:\/\/maqcenter.com\/pt-pt\/wp-json\/wp\/v2\/product_brand?post=21275"},{"taxonomy":"product_cat","embeddable":true,"href":"https:\/\/maqcenter.com\/pt-pt\/wp-json\/wp\/v2\/product_cat?post=21275"},{"taxonomy":"product_tag","embeddable":true,"href":"https:\/\/maqcenter.com\/pt-pt\/wp-json\/wp\/v2\/product_tag?post=21275"},{"taxonomy":"marca-producto","embeddable":true,"href":"https:\/\/maqcenter.com\/pt-pt\/wp-json\/wp\/v2\/marca-producto?post=21275"},{"taxonomy":"serie-producto","embeddable":true,"href":"https:\/\/maqcenter.com\/pt-pt\/wp-json\/wp\/v2\/serie-producto?post=21275"}],"curies":[{"name":"wp","href":"https:\/\/api.w.org\/{rel}","templated":true}]}}