{"id":21316,"date":"2021-02-25T14:01:46","date_gmt":"2021-02-25T12:01:46","guid":{"rendered":"https:\/\/maqcenter.com\/producto\/gi-20nii\/"},"modified":"2021-02-25T14:01:46","modified_gmt":"2021-02-25T12:01:46","slug":"gi-20nii","status":"publish","type":"product","link":"https:\/\/maqcenter.com\/pt-pt\/producto\/gi-20nii\/","title":{"rendered":"GI-20NII"},"content":{"rendered":"<p>A esmerilhadeira de alta velocidade GI-20NII \u00e9 a solu\u00e7\u00e3o certa para o m\u00e1ximo de precis\u00e3o e pot\u00eancia.<\/p>\n<p>Capaz de controle simult\u00e2neo de 2 eixos, este modelo de design compacto \u00e9 extremamente flex\u00edvel no manuseio de uma ampla variedade de pe\u00e7as de trabalho em uma prepara\u00e7\u00e3o de dados muito simples. O GI-20NII permite f\u00e1cil manuten\u00e7\u00e3o gra\u00e7as ao controle centralizado dos dispositivos pneum\u00e1ticos e de lubrifica\u00e7\u00e3o. O operador pode trabalhar de forma f\u00e1cil e simplificada gra\u00e7as \u00e0 programa\u00e7\u00e3o simples e \u00e0 fun\u00e7\u00e3o de ajuda do programa.  <\/p>\n","protected":false},"excerpt":{"rendered":"<p>A esmerilhadeira de alta velocidade GI-20NII \u00e9 a solu\u00e7\u00e3o certa para o m\u00e1ximo de precis\u00e3o e pot\u00eancia. Capaz de controle simult\u00e2neo de 2 eixos, este modelo de design compacto \u00e9 extremamente flex\u00edvel no manuseio de uma ampla variedade de pe\u00e7as de trabalho em uma prepara\u00e7\u00e3o de dados muito simples. O GI-20NII permite f\u00e1cil manuten\u00e7\u00e3o gra\u00e7as [&hellip;]<\/p>\n","protected":false},"featured_media":21317,"template":"","meta":[],"product_brand":[],"product_cat":[535,538],"product_tag":[568,569,573,575],"marca-producto":[26],"serie-producto":[290],"class_list":{"0":"post-21316","1":"product","2":"type-product","3":"status-publish","4":"has-post-thumbnail","6":"product_cat-retificadoras","7":"product_cat-retificadoras-internas","8":"product_tag-aeronautica-pt-pt","9":"product_tag-automovel","10":"product_tag-grande-consumo","11":"product_tag-moldes-e-matrizes","12":"marca-producto-okuma","13":"serie-producto-gi","15":"first","16":"instock","17":"product-type-simple"},"yoast_head":"<!-- This site is optimized with the Yoast SEO plugin v27.0 - https:\/\/yoast.com\/product\/yoast-seo-wordpress\/ -->\n<title>GI-20NII<\/title>\n<meta name=\"description\" content=\"GI-20NII. A esmerilhadeira de alta velocidade GI-20NII \u00e9 a solu\u00e7\u00e3o certa para o m\u00e1ximo de precis\u00e3o e pot\u00eancia. Capaz de controle simult\u00e2neo de 2 eixos, este modelo\" \/>\n<meta name=\"robots\" content=\"index, follow, max-snippet:-1, max-image-preview:large, max-video-preview:-1\" \/>\n<link rel=\"canonical\" href=\"https:\/\/maqcenter.com\/pt-pt\/producto\/gi-20nii\/\" \/>\n<meta property=\"og:locale\" content=\"pt_PT\" \/>\n<meta property=\"og:type\" content=\"article\" \/>\n<meta property=\"og:title\" content=\"GI-20NII\" \/>\n<meta property=\"og:description\" content=\"GI-20NII. A esmerilhadeira de alta velocidade GI-20NII \u00e9 a solu\u00e7\u00e3o certa para o m\u00e1ximo de precis\u00e3o e pot\u00eancia. Capaz de controle simult\u00e2neo de 2 eixos, este modelo\" \/>\n<meta property=\"og:url\" content=\"https:\/\/maqcenter.com\/pt-pt\/producto\/gi-20nii\/\" \/>\n<meta property=\"og:site_name\" content=\"MAQcenter\" \/>\n<meta name=\"twitter:card\" content=\"summary_large_image\" \/>\n<script type=\"application\/ld+json\" class=\"yoast-schema-graph\">{\"@context\":\"https:\/\/schema.org\",\"@graph\":[{\"@type\":[\"WebPage\",\"ItemPage\"],\"@id\":\"https:\/\/maqcenter.com\/pt-pt\/producto\/gi-20nii\/\",\"url\":\"https:\/\/maqcenter.com\/pt-pt\/producto\/gi-20nii\/\",\"name\":\"GI-20NII\",\"isPartOf\":{\"@id\":\"https:\/\/maqcenter.com\/pt-pt\/#website\"},\"primaryImageOfPage\":{\"@id\":\"https:\/\/maqcenter.com\/pt-pt\/producto\/gi-20nii\/#primaryimage\"},\"image\":{\"@id\":\"https:\/\/maqcenter.com\/pt-pt\/producto\/gi-20nii\/#primaryimage\"},\"thumbnailUrl\":\"https:\/\/maqcenter.com\/wp-content\/uploads\/2021\/02\/OKUMA-GI-20NII.jpg\",\"datePublished\":\"2021-02-25T12:01:46+00:00\",\"description\":\"GI-20NII. A esmerilhadeira de alta velocidade GI-20NII \u00e9 a solu\u00e7\u00e3o certa para o m\u00e1ximo de precis\u00e3o e pot\u00eancia. Capaz de controle simult\u00e2neo de 2 eixos, este modelo\",\"breadcrumb\":{\"@id\":\"https:\/\/maqcenter.com\/pt-pt\/producto\/gi-20nii\/#breadcrumb\"},\"inLanguage\":\"pt-PT\",\"potentialAction\":[{\"@type\":\"ReadAction\",\"target\":[\"https:\/\/maqcenter.com\/pt-pt\/producto\/gi-20nii\/\"]}]},{\"@type\":\"ImageObject\",\"inLanguage\":\"pt-PT\",\"@id\":\"https:\/\/maqcenter.com\/pt-pt\/producto\/gi-20nii\/#primaryimage\",\"url\":\"https:\/\/maqcenter.com\/wp-content\/uploads\/2021\/02\/OKUMA-GI-20NII.jpg\",\"contentUrl\":\"https:\/\/maqcenter.com\/wp-content\/uploads\/2021\/02\/OKUMA-GI-20NII.jpg\",\"width\":500,\"height\":500},{\"@type\":\"BreadcrumbList\",\"@id\":\"https:\/\/maqcenter.com\/pt-pt\/producto\/gi-20nii\/#breadcrumb\",\"itemListElement\":[{\"@type\":\"ListItem\",\"position\":1,\"name\":\"Productos\",\"item\":\"https:\/\/maqcenter.com\/pt-pt\/\"},{\"@type\":\"ListItem\",\"position\":2,\"name\":\"Produtos\",\"item\":\"https:\/\/maqcenter.com\/pt-pt\/shop\/\"},{\"@type\":\"ListItem\",\"position\":3,\"name\":\"GI-20NII\"}]},{\"@type\":\"WebSite\",\"@id\":\"https:\/\/maqcenter.com\/pt-pt\/#website\",\"url\":\"https:\/\/maqcenter.com\/pt-pt\/\",\"name\":\"MAQcenter\",\"description\":\"El centro de tus soluciones\",\"publisher\":{\"@id\":\"https:\/\/maqcenter.com\/pt-pt\/#organization\"},\"potentialAction\":[{\"@type\":\"SearchAction\",\"target\":{\"@type\":\"EntryPoint\",\"urlTemplate\":\"https:\/\/maqcenter.com\/pt-pt\/?s={search_term_string}\"},\"query-input\":{\"@type\":\"PropertyValueSpecification\",\"valueRequired\":true,\"valueName\":\"search_term_string\"}}],\"inLanguage\":\"pt-PT\"},{\"@type\":\"Organization\",\"@id\":\"https:\/\/maqcenter.com\/pt-pt\/#organization\",\"name\":\"MAQcenter S.A.\",\"url\":\"https:\/\/maqcenter.com\/pt-pt\/\",\"logo\":{\"@type\":\"ImageObject\",\"inLanguage\":\"pt-PT\",\"@id\":\"https:\/\/maqcenter.com\/pt-pt\/#\/schema\/logo\/image\/\",\"url\":\"https:\/\/maqcenter.com\/wp-content\/uploads\/2021\/02\/MAQcenter_logo_vertical.svg\",\"contentUrl\":\"https:\/\/maqcenter.com\/wp-content\/uploads\/2021\/02\/MAQcenter_logo_vertical.svg\",\"width\":300,\"height\":174,\"caption\":\"MAQcenter S.A.\"},\"image\":{\"@id\":\"https:\/\/maqcenter.com\/pt-pt\/#\/schema\/logo\/image\/\"}}]}<\/script>\n<!-- \/ Yoast SEO plugin. -->","yoast_head_json":{"title":"GI-20NII","description":"GI-20NII. A esmerilhadeira de alta velocidade GI-20NII \u00e9 a solu\u00e7\u00e3o certa para o m\u00e1ximo de precis\u00e3o e pot\u00eancia. Capaz de controle simult\u00e2neo de 2 eixos, este modelo","robots":{"index":"index","follow":"follow","max-snippet":"max-snippet:-1","max-image-preview":"max-image-preview:large","max-video-preview":"max-video-preview:-1"},"canonical":"https:\/\/maqcenter.com\/pt-pt\/producto\/gi-20nii\/","og_locale":"pt_PT","og_type":"article","og_title":"GI-20NII","og_description":"GI-20NII. A esmerilhadeira de alta velocidade GI-20NII \u00e9 a solu\u00e7\u00e3o certa para o m\u00e1ximo de precis\u00e3o e pot\u00eancia. Capaz de controle simult\u00e2neo de 2 eixos, este modelo","og_url":"https:\/\/maqcenter.com\/pt-pt\/producto\/gi-20nii\/","og_site_name":"MAQcenter","twitter_card":"summary_large_image","schema":{"@context":"https:\/\/schema.org","@graph":[{"@type":["WebPage","ItemPage"],"@id":"https:\/\/maqcenter.com\/pt-pt\/producto\/gi-20nii\/","url":"https:\/\/maqcenter.com\/pt-pt\/producto\/gi-20nii\/","name":"GI-20NII","isPartOf":{"@id":"https:\/\/maqcenter.com\/pt-pt\/#website"},"primaryImageOfPage":{"@id":"https:\/\/maqcenter.com\/pt-pt\/producto\/gi-20nii\/#primaryimage"},"image":{"@id":"https:\/\/maqcenter.com\/pt-pt\/producto\/gi-20nii\/#primaryimage"},"thumbnailUrl":"https:\/\/maqcenter.com\/wp-content\/uploads\/2021\/02\/OKUMA-GI-20NII.jpg","datePublished":"2021-02-25T12:01:46+00:00","description":"GI-20NII. A esmerilhadeira de alta velocidade GI-20NII \u00e9 a solu\u00e7\u00e3o certa para o m\u00e1ximo de precis\u00e3o e pot\u00eancia. Capaz de controle simult\u00e2neo de 2 eixos, este modelo","breadcrumb":{"@id":"https:\/\/maqcenter.com\/pt-pt\/producto\/gi-20nii\/#breadcrumb"},"inLanguage":"pt-PT","potentialAction":[{"@type":"ReadAction","target":["https:\/\/maqcenter.com\/pt-pt\/producto\/gi-20nii\/"]}]},{"@type":"ImageObject","inLanguage":"pt-PT","@id":"https:\/\/maqcenter.com\/pt-pt\/producto\/gi-20nii\/#primaryimage","url":"https:\/\/maqcenter.com\/wp-content\/uploads\/2021\/02\/OKUMA-GI-20NII.jpg","contentUrl":"https:\/\/maqcenter.com\/wp-content\/uploads\/2021\/02\/OKUMA-GI-20NII.jpg","width":500,"height":500},{"@type":"BreadcrumbList","@id":"https:\/\/maqcenter.com\/pt-pt\/producto\/gi-20nii\/#breadcrumb","itemListElement":[{"@type":"ListItem","position":1,"name":"Productos","item":"https:\/\/maqcenter.com\/pt-pt\/"},{"@type":"ListItem","position":2,"name":"Produtos","item":"https:\/\/maqcenter.com\/pt-pt\/shop\/"},{"@type":"ListItem","position":3,"name":"GI-20NII"}]},{"@type":"WebSite","@id":"https:\/\/maqcenter.com\/pt-pt\/#website","url":"https:\/\/maqcenter.com\/pt-pt\/","name":"MAQcenter","description":"El centro de tus soluciones","publisher":{"@id":"https:\/\/maqcenter.com\/pt-pt\/#organization"},"potentialAction":[{"@type":"SearchAction","target":{"@type":"EntryPoint","urlTemplate":"https:\/\/maqcenter.com\/pt-pt\/?s={search_term_string}"},"query-input":{"@type":"PropertyValueSpecification","valueRequired":true,"valueName":"search_term_string"}}],"inLanguage":"pt-PT"},{"@type":"Organization","@id":"https:\/\/maqcenter.com\/pt-pt\/#organization","name":"MAQcenter S.A.","url":"https:\/\/maqcenter.com\/pt-pt\/","logo":{"@type":"ImageObject","inLanguage":"pt-PT","@id":"https:\/\/maqcenter.com\/pt-pt\/#\/schema\/logo\/image\/","url":"https:\/\/maqcenter.com\/wp-content\/uploads\/2021\/02\/MAQcenter_logo_vertical.svg","contentUrl":"https:\/\/maqcenter.com\/wp-content\/uploads\/2021\/02\/MAQcenter_logo_vertical.svg","width":300,"height":174,"caption":"MAQcenter S.A."},"image":{"@id":"https:\/\/maqcenter.com\/pt-pt\/#\/schema\/logo\/image\/"}}]}},"_links":{"self":[{"href":"https:\/\/maqcenter.com\/pt-pt\/wp-json\/wp\/v2\/product\/21316","targetHints":{"allow":["GET"]}}],"collection":[{"href":"https:\/\/maqcenter.com\/pt-pt\/wp-json\/wp\/v2\/product"}],"about":[{"href":"https:\/\/maqcenter.com\/pt-pt\/wp-json\/wp\/v2\/types\/product"}],"wp:featuredmedia":[{"embeddable":true,"href":"https:\/\/maqcenter.com\/pt-pt\/wp-json\/wp\/v2\/media\/21317"}],"wp:attachment":[{"href":"https:\/\/maqcenter.com\/pt-pt\/wp-json\/wp\/v2\/media?parent=21316"}],"wp:term":[{"taxonomy":"product_brand","embeddable":true,"href":"https:\/\/maqcenter.com\/pt-pt\/wp-json\/wp\/v2\/product_brand?post=21316"},{"taxonomy":"product_cat","embeddable":true,"href":"https:\/\/maqcenter.com\/pt-pt\/wp-json\/wp\/v2\/product_cat?post=21316"},{"taxonomy":"product_tag","embeddable":true,"href":"https:\/\/maqcenter.com\/pt-pt\/wp-json\/wp\/v2\/product_tag?post=21316"},{"taxonomy":"marca-producto","embeddable":true,"href":"https:\/\/maqcenter.com\/pt-pt\/wp-json\/wp\/v2\/marca-producto?post=21316"},{"taxonomy":"serie-producto","embeddable":true,"href":"https:\/\/maqcenter.com\/pt-pt\/wp-json\/wp\/v2\/serie-producto?post=21316"}],"curies":[{"name":"wp","href":"https:\/\/api.w.org\/{rel}","templated":true}]}}