{"id":21346,"date":"2021-02-25T14:01:46","date_gmt":"2021-02-25T12:01:46","guid":{"rendered":"https:\/\/maqcenter.com\/producto\/gp-ga25w\/"},"modified":"2021-02-25T14:01:46","modified_gmt":"2021-02-25T12:01:46","slug":"gp-ga25w","status":"publish","type":"product","link":"https:\/\/maqcenter.com\/pt-pt\/producto\/gp-ga25w\/","title":{"rendered":"GP\/GA25W"},"content":{"rendered":"<p>Okuma \u00e9 l\u00edder em inova\u00e7\u00e3o em processos de retifica\u00e7\u00e3o, fresamento e torneamento. E precisamente as retificadoras GP25W e GA25W s\u00e3o um exemplo claro de design compacto para retifica\u00e7\u00e3o est\u00e1vel e de alta precis\u00e3o. <\/p>\n<p>Pequenas pe\u00e7as comumente utilizadas em autom\u00f3veis, motocicletas, equipamentos hidr\u00e1ulicos, eletrodom\u00e9sticos, entre outros. Ideal para produ\u00e7\u00e3o em massa devido \u00e0 sua alta repetibilidade em longo prazo. Componentes de \u00faltima gera\u00e7\u00e3o fabricados pela Okuma e uma estrutura transversal do cabe\u00e7ote onde fica o rebolo, que encurta as linhas de trabalho contribuindo para uma maior efici\u00eancia do ciclo de produ\u00e7\u00e3o.  <\/p>\n","protected":false},"excerpt":{"rendered":"<p>Okuma \u00e9 l\u00edder em inova\u00e7\u00e3o em processos de retifica\u00e7\u00e3o, fresamento e torneamento. E precisamente as retificadoras GP25W e GA25W s\u00e3o um exemplo claro de design compacto para retifica\u00e7\u00e3o est\u00e1vel e de alta precis\u00e3o. Pequenas pe\u00e7as comumente utilizadas em autom\u00f3veis, motocicletas, equipamentos hidr\u00e1ulicos, eletrodom\u00e9sticos, entre outros. Ideal para produ\u00e7\u00e3o em massa devido \u00e0 sua alta repetibilidade [&hellip;]<\/p>\n","protected":false},"featured_media":21347,"template":"","meta":[],"product_brand":[],"product_cat":[535,538],"product_tag":[568,569,573,575],"marca-producto":[26],"serie-producto":[291],"class_list":{"0":"post-21346","1":"product","2":"type-product","3":"status-publish","4":"has-post-thumbnail","6":"product_cat-retificadoras","7":"product_cat-retificadoras-internas","8":"product_tag-aeronautica-pt-pt","9":"product_tag-automovel","10":"product_tag-grande-consumo","11":"product_tag-moldes-e-matrizes","12":"marca-producto-okuma","13":"serie-producto-gpw-gaw","15":"first","16":"instock","17":"product-type-simple"},"yoast_head":"<!-- This site is optimized with the Yoast SEO plugin v27.0 - https:\/\/yoast.com\/product\/yoast-seo-wordpress\/ -->\n<title>GP\/GA25W<\/title>\n<meta name=\"description\" content=\"GP\/GA25W. Okuma \u00e9 l\u00edder em inova\u00e7\u00e3o em processos de retifica\u00e7\u00e3o, fresamento e torneamento. E precisamente as retificadoras GP25W e GA25W s\u00e3o um exemplo claro de\" \/>\n<meta name=\"robots\" content=\"index, follow, max-snippet:-1, max-image-preview:large, max-video-preview:-1\" \/>\n<link rel=\"canonical\" href=\"https:\/\/maqcenter.com\/pt-pt\/producto\/gp-ga25w\/\" \/>\n<meta property=\"og:locale\" content=\"pt_PT\" \/>\n<meta property=\"og:type\" content=\"article\" \/>\n<meta property=\"og:title\" content=\"GP\/GA25W\" \/>\n<meta property=\"og:description\" content=\"GP\/GA25W. Okuma \u00e9 l\u00edder em inova\u00e7\u00e3o em processos de retifica\u00e7\u00e3o, fresamento e torneamento. E precisamente as retificadoras GP25W e GA25W s\u00e3o um exemplo claro de\" \/>\n<meta property=\"og:url\" content=\"https:\/\/maqcenter.com\/pt-pt\/producto\/gp-ga25w\/\" \/>\n<meta property=\"og:site_name\" content=\"MAQcenter\" \/>\n<meta name=\"twitter:card\" content=\"summary_large_image\" \/>\n<meta name=\"twitter:label1\" content=\"Tempo estimado de leitura\" \/>\n\t<meta name=\"twitter:data1\" content=\"1 minuto\" \/>\n<script type=\"application\/ld+json\" class=\"yoast-schema-graph\">{\"@context\":\"https:\/\/schema.org\",\"@graph\":[{\"@type\":[\"WebPage\",\"ItemPage\"],\"@id\":\"https:\/\/maqcenter.com\/pt-pt\/producto\/gp-ga25w\/\",\"url\":\"https:\/\/maqcenter.com\/pt-pt\/producto\/gp-ga25w\/\",\"name\":\"GP\/GA25W\",\"isPartOf\":{\"@id\":\"https:\/\/maqcenter.com\/pt-pt\/#website\"},\"primaryImageOfPage\":{\"@id\":\"https:\/\/maqcenter.com\/pt-pt\/producto\/gp-ga25w\/#primaryimage\"},\"image\":{\"@id\":\"https:\/\/maqcenter.com\/pt-pt\/producto\/gp-ga25w\/#primaryimage\"},\"thumbnailUrl\":\"https:\/\/maqcenter.com\/wp-content\/uploads\/2021\/02\/OKUMA-GA25W.jpg\",\"datePublished\":\"2021-02-25T12:01:46+00:00\",\"description\":\"GP\/GA25W. Okuma \u00e9 l\u00edder em inova\u00e7\u00e3o em processos de retifica\u00e7\u00e3o, fresamento e torneamento. E precisamente as retificadoras GP25W e GA25W s\u00e3o um exemplo claro de\",\"breadcrumb\":{\"@id\":\"https:\/\/maqcenter.com\/pt-pt\/producto\/gp-ga25w\/#breadcrumb\"},\"inLanguage\":\"pt-PT\",\"potentialAction\":[{\"@type\":\"ReadAction\",\"target\":[\"https:\/\/maqcenter.com\/pt-pt\/producto\/gp-ga25w\/\"]}]},{\"@type\":\"ImageObject\",\"inLanguage\":\"pt-PT\",\"@id\":\"https:\/\/maqcenter.com\/pt-pt\/producto\/gp-ga25w\/#primaryimage\",\"url\":\"https:\/\/maqcenter.com\/wp-content\/uploads\/2021\/02\/OKUMA-GA25W.jpg\",\"contentUrl\":\"https:\/\/maqcenter.com\/wp-content\/uploads\/2021\/02\/OKUMA-GA25W.jpg\",\"width\":500,\"height\":500},{\"@type\":\"BreadcrumbList\",\"@id\":\"https:\/\/maqcenter.com\/pt-pt\/producto\/gp-ga25w\/#breadcrumb\",\"itemListElement\":[{\"@type\":\"ListItem\",\"position\":1,\"name\":\"Productos\",\"item\":\"https:\/\/maqcenter.com\/pt-pt\/\"},{\"@type\":\"ListItem\",\"position\":2,\"name\":\"Produtos\",\"item\":\"https:\/\/maqcenter.com\/pt-pt\/shop\/\"},{\"@type\":\"ListItem\",\"position\":3,\"name\":\"GP\/GA25W\"}]},{\"@type\":\"WebSite\",\"@id\":\"https:\/\/maqcenter.com\/pt-pt\/#website\",\"url\":\"https:\/\/maqcenter.com\/pt-pt\/\",\"name\":\"MAQcenter\",\"description\":\"El centro de tus soluciones\",\"publisher\":{\"@id\":\"https:\/\/maqcenter.com\/pt-pt\/#organization\"},\"potentialAction\":[{\"@type\":\"SearchAction\",\"target\":{\"@type\":\"EntryPoint\",\"urlTemplate\":\"https:\/\/maqcenter.com\/pt-pt\/?s={search_term_string}\"},\"query-input\":{\"@type\":\"PropertyValueSpecification\",\"valueRequired\":true,\"valueName\":\"search_term_string\"}}],\"inLanguage\":\"pt-PT\"},{\"@type\":\"Organization\",\"@id\":\"https:\/\/maqcenter.com\/pt-pt\/#organization\",\"name\":\"MAQcenter S.A.\",\"url\":\"https:\/\/maqcenter.com\/pt-pt\/\",\"logo\":{\"@type\":\"ImageObject\",\"inLanguage\":\"pt-PT\",\"@id\":\"https:\/\/maqcenter.com\/pt-pt\/#\/schema\/logo\/image\/\",\"url\":\"https:\/\/maqcenter.com\/wp-content\/uploads\/2021\/02\/MAQcenter_logo_vertical.svg\",\"contentUrl\":\"https:\/\/maqcenter.com\/wp-content\/uploads\/2021\/02\/MAQcenter_logo_vertical.svg\",\"width\":300,\"height\":174,\"caption\":\"MAQcenter S.A.\"},\"image\":{\"@id\":\"https:\/\/maqcenter.com\/pt-pt\/#\/schema\/logo\/image\/\"}}]}<\/script>\n<!-- \/ Yoast SEO plugin. -->","yoast_head_json":{"title":"GP\/GA25W","description":"GP\/GA25W. Okuma \u00e9 l\u00edder em inova\u00e7\u00e3o em processos de retifica\u00e7\u00e3o, fresamento e torneamento. E precisamente as retificadoras GP25W e GA25W s\u00e3o um exemplo claro de","robots":{"index":"index","follow":"follow","max-snippet":"max-snippet:-1","max-image-preview":"max-image-preview:large","max-video-preview":"max-video-preview:-1"},"canonical":"https:\/\/maqcenter.com\/pt-pt\/producto\/gp-ga25w\/","og_locale":"pt_PT","og_type":"article","og_title":"GP\/GA25W","og_description":"GP\/GA25W. Okuma \u00e9 l\u00edder em inova\u00e7\u00e3o em processos de retifica\u00e7\u00e3o, fresamento e torneamento. E precisamente as retificadoras GP25W e GA25W s\u00e3o um exemplo claro de","og_url":"https:\/\/maqcenter.com\/pt-pt\/producto\/gp-ga25w\/","og_site_name":"MAQcenter","twitter_card":"summary_large_image","twitter_misc":{"Tempo estimado de leitura":"1 minuto"},"schema":{"@context":"https:\/\/schema.org","@graph":[{"@type":["WebPage","ItemPage"],"@id":"https:\/\/maqcenter.com\/pt-pt\/producto\/gp-ga25w\/","url":"https:\/\/maqcenter.com\/pt-pt\/producto\/gp-ga25w\/","name":"GP\/GA25W","isPartOf":{"@id":"https:\/\/maqcenter.com\/pt-pt\/#website"},"primaryImageOfPage":{"@id":"https:\/\/maqcenter.com\/pt-pt\/producto\/gp-ga25w\/#primaryimage"},"image":{"@id":"https:\/\/maqcenter.com\/pt-pt\/producto\/gp-ga25w\/#primaryimage"},"thumbnailUrl":"https:\/\/maqcenter.com\/wp-content\/uploads\/2021\/02\/OKUMA-GA25W.jpg","datePublished":"2021-02-25T12:01:46+00:00","description":"GP\/GA25W. Okuma \u00e9 l\u00edder em inova\u00e7\u00e3o em processos de retifica\u00e7\u00e3o, fresamento e torneamento. E precisamente as retificadoras GP25W e GA25W s\u00e3o um exemplo claro de","breadcrumb":{"@id":"https:\/\/maqcenter.com\/pt-pt\/producto\/gp-ga25w\/#breadcrumb"},"inLanguage":"pt-PT","potentialAction":[{"@type":"ReadAction","target":["https:\/\/maqcenter.com\/pt-pt\/producto\/gp-ga25w\/"]}]},{"@type":"ImageObject","inLanguage":"pt-PT","@id":"https:\/\/maqcenter.com\/pt-pt\/producto\/gp-ga25w\/#primaryimage","url":"https:\/\/maqcenter.com\/wp-content\/uploads\/2021\/02\/OKUMA-GA25W.jpg","contentUrl":"https:\/\/maqcenter.com\/wp-content\/uploads\/2021\/02\/OKUMA-GA25W.jpg","width":500,"height":500},{"@type":"BreadcrumbList","@id":"https:\/\/maqcenter.com\/pt-pt\/producto\/gp-ga25w\/#breadcrumb","itemListElement":[{"@type":"ListItem","position":1,"name":"Productos","item":"https:\/\/maqcenter.com\/pt-pt\/"},{"@type":"ListItem","position":2,"name":"Produtos","item":"https:\/\/maqcenter.com\/pt-pt\/shop\/"},{"@type":"ListItem","position":3,"name":"GP\/GA25W"}]},{"@type":"WebSite","@id":"https:\/\/maqcenter.com\/pt-pt\/#website","url":"https:\/\/maqcenter.com\/pt-pt\/","name":"MAQcenter","description":"El centro de tus soluciones","publisher":{"@id":"https:\/\/maqcenter.com\/pt-pt\/#organization"},"potentialAction":[{"@type":"SearchAction","target":{"@type":"EntryPoint","urlTemplate":"https:\/\/maqcenter.com\/pt-pt\/?s={search_term_string}"},"query-input":{"@type":"PropertyValueSpecification","valueRequired":true,"valueName":"search_term_string"}}],"inLanguage":"pt-PT"},{"@type":"Organization","@id":"https:\/\/maqcenter.com\/pt-pt\/#organization","name":"MAQcenter S.A.","url":"https:\/\/maqcenter.com\/pt-pt\/","logo":{"@type":"ImageObject","inLanguage":"pt-PT","@id":"https:\/\/maqcenter.com\/pt-pt\/#\/schema\/logo\/image\/","url":"https:\/\/maqcenter.com\/wp-content\/uploads\/2021\/02\/MAQcenter_logo_vertical.svg","contentUrl":"https:\/\/maqcenter.com\/wp-content\/uploads\/2021\/02\/MAQcenter_logo_vertical.svg","width":300,"height":174,"caption":"MAQcenter S.A."},"image":{"@id":"https:\/\/maqcenter.com\/pt-pt\/#\/schema\/logo\/image\/"}}]}},"_links":{"self":[{"href":"https:\/\/maqcenter.com\/pt-pt\/wp-json\/wp\/v2\/product\/21346","targetHints":{"allow":["GET"]}}],"collection":[{"href":"https:\/\/maqcenter.com\/pt-pt\/wp-json\/wp\/v2\/product"}],"about":[{"href":"https:\/\/maqcenter.com\/pt-pt\/wp-json\/wp\/v2\/types\/product"}],"wp:featuredmedia":[{"embeddable":true,"href":"https:\/\/maqcenter.com\/pt-pt\/wp-json\/wp\/v2\/media\/21347"}],"wp:attachment":[{"href":"https:\/\/maqcenter.com\/pt-pt\/wp-json\/wp\/v2\/media?parent=21346"}],"wp:term":[{"taxonomy":"product_brand","embeddable":true,"href":"https:\/\/maqcenter.com\/pt-pt\/wp-json\/wp\/v2\/product_brand?post=21346"},{"taxonomy":"product_cat","embeddable":true,"href":"https:\/\/maqcenter.com\/pt-pt\/wp-json\/wp\/v2\/product_cat?post=21346"},{"taxonomy":"product_tag","embeddable":true,"href":"https:\/\/maqcenter.com\/pt-pt\/wp-json\/wp\/v2\/product_tag?post=21346"},{"taxonomy":"marca-producto","embeddable":true,"href":"https:\/\/maqcenter.com\/pt-pt\/wp-json\/wp\/v2\/marca-producto?post=21346"},{"taxonomy":"serie-producto","embeddable":true,"href":"https:\/\/maqcenter.com\/pt-pt\/wp-json\/wp\/v2\/serie-producto?post=21346"}],"curies":[{"name":"wp","href":"https:\/\/api.w.org\/{rel}","templated":true}]}}