{"id":21361,"date":"2021-02-25T14:01:46","date_gmt":"2021-02-25T12:01:46","guid":{"rendered":"https:\/\/maqcenter.com\/producto\/mcv-aii\/"},"modified":"2021-02-25T14:01:46","modified_gmt":"2021-02-25T12:01:46","slug":"mcv-aii","status":"publish","type":"product","link":"https:\/\/maqcenter.com\/pt-pt\/producto\/mcv-aii\/","title":{"rendered":"MCV-AII"},"content":{"rendered":"<p>Extraordin\u00e1ria estabilidade e precis\u00e3o ideais para a ind\u00fastria automotiva, constru\u00e7\u00e3o de ferramentas e moldes ou para a fabrica\u00e7\u00e3o de m\u00e1quinas de constru\u00e7\u00e3o. O centro de usinagem compacto de coluna dupla MCV-AII j\u00e1 est\u00e1 presente em mais de 2.000 localidades ao redor do mundo. A m\u00e1quina \u00e9 especialmente recomendada para usinagem de pe\u00e7as de m\u00e1quinas em geral e para usinagem de perfis. A estrutura dos carris-guia (guias de rolos h\u00edbridos e guias deslizantes) garante uma longa vida \u00fatil, bem como uma elevada e duradoura qualidade das pe\u00e7as. Gra\u00e7as \u00e0s fun\u00e7\u00f5es M, a barra transversal pode ser posicionada em 10 posi\u00e7\u00f5es e \u00e9 travada por aperto mec\u00e2nico.    <\/p>\n","protected":false},"excerpt":{"rendered":"<p>Extraordin\u00e1ria estabilidade e precis\u00e3o ideais para a ind\u00fastria automotiva, constru\u00e7\u00e3o de ferramentas e moldes ou para a fabrica\u00e7\u00e3o de m\u00e1quinas de constru\u00e7\u00e3o. O centro de usinagem compacto de coluna dupla MCV-AII j\u00e1 est\u00e1 presente em mais de 2.000 localidades ao redor do mundo. A m\u00e1quina \u00e9 especialmente recomendada para usinagem de pe\u00e7as de m\u00e1quinas em [&hellip;]<\/p>\n","protected":false},"featured_media":21362,"template":"","meta":[],"product_brand":[],"product_cat":[504,515],"product_tag":[568,570,571,572,575],"marca-producto":[26],"serie-producto":[],"class_list":{"0":"post-21361","1":"product","2":"type-product","3":"status-publish","4":"has-post-thumbnail","6":"product_cat-centros-de-maquinacao","7":"product_cat-dupla-coluna","8":"product_tag-aeronautica-pt-pt","9":"product_tag-bens-de-equipamento","10":"product_tag-energia-pt-pt","11":"product_tag-ferrovia","12":"product_tag-moldes-e-matrizes","13":"marca-producto-okuma","15":"first","16":"instock","17":"product-type-simple"},"yoast_head":"<!-- This site is optimized with the Yoast SEO plugin v27.0 - https:\/\/yoast.com\/product\/yoast-seo-wordpress\/ -->\n<title>MCV-AII<\/title>\n<meta name=\"description\" content=\"MCV-AII. Extraordin\u00e1ria estabilidade e precis\u00e3o ideais para a ind\u00fastria automotiva, constru\u00e7\u00e3o de ferramentas e moldes ou para a fabrica\u00e7\u00e3o de m\u00e1quinas de\" \/>\n<meta name=\"robots\" content=\"index, follow, max-snippet:-1, max-image-preview:large, max-video-preview:-1\" \/>\n<link rel=\"canonical\" href=\"https:\/\/maqcenter.com\/pt-pt\/producto\/mcv-aii\/\" \/>\n<meta property=\"og:locale\" content=\"pt_PT\" \/>\n<meta property=\"og:type\" content=\"article\" \/>\n<meta property=\"og:title\" content=\"MCV-AII\" \/>\n<meta property=\"og:description\" content=\"MCV-AII. Extraordin\u00e1ria estabilidade e precis\u00e3o ideais para a ind\u00fastria automotiva, constru\u00e7\u00e3o de ferramentas e moldes ou para a fabrica\u00e7\u00e3o de m\u00e1quinas de\" \/>\n<meta property=\"og:url\" content=\"https:\/\/maqcenter.com\/pt-pt\/producto\/mcv-aii\/\" \/>\n<meta property=\"og:site_name\" content=\"MAQcenter\" \/>\n<meta name=\"twitter:card\" content=\"summary_large_image\" \/>\n<meta name=\"twitter:label1\" content=\"Tempo estimado de leitura\" \/>\n\t<meta name=\"twitter:data1\" content=\"1 minuto\" \/>\n<script type=\"application\/ld+json\" class=\"yoast-schema-graph\">{\"@context\":\"https:\/\/schema.org\",\"@graph\":[{\"@type\":[\"WebPage\",\"ItemPage\"],\"@id\":\"https:\/\/maqcenter.com\/pt-pt\/producto\/mcv-aii\/\",\"url\":\"https:\/\/maqcenter.com\/pt-pt\/producto\/mcv-aii\/\",\"name\":\"MCV-AII\",\"isPartOf\":{\"@id\":\"https:\/\/maqcenter.com\/pt-pt\/#website\"},\"primaryImageOfPage\":{\"@id\":\"https:\/\/maqcenter.com\/pt-pt\/producto\/mcv-aii\/#primaryimage\"},\"image\":{\"@id\":\"https:\/\/maqcenter.com\/pt-pt\/producto\/mcv-aii\/#primaryimage\"},\"thumbnailUrl\":\"https:\/\/maqcenter.com\/wp-content\/uploads\/2021\/02\/OKUMA-MCV-AII.jpg\",\"datePublished\":\"2021-02-25T12:01:46+00:00\",\"description\":\"MCV-AII. Extraordin\u00e1ria estabilidade e precis\u00e3o ideais para a ind\u00fastria automotiva, constru\u00e7\u00e3o de ferramentas e moldes ou para a fabrica\u00e7\u00e3o de m\u00e1quinas de\",\"breadcrumb\":{\"@id\":\"https:\/\/maqcenter.com\/pt-pt\/producto\/mcv-aii\/#breadcrumb\"},\"inLanguage\":\"pt-PT\",\"potentialAction\":[{\"@type\":\"ReadAction\",\"target\":[\"https:\/\/maqcenter.com\/pt-pt\/producto\/mcv-aii\/\"]}]},{\"@type\":\"ImageObject\",\"inLanguage\":\"pt-PT\",\"@id\":\"https:\/\/maqcenter.com\/pt-pt\/producto\/mcv-aii\/#primaryimage\",\"url\":\"https:\/\/maqcenter.com\/wp-content\/uploads\/2021\/02\/OKUMA-MCV-AII.jpg\",\"contentUrl\":\"https:\/\/maqcenter.com\/wp-content\/uploads\/2021\/02\/OKUMA-MCV-AII.jpg\",\"width\":500,\"height\":500},{\"@type\":\"BreadcrumbList\",\"@id\":\"https:\/\/maqcenter.com\/pt-pt\/producto\/mcv-aii\/#breadcrumb\",\"itemListElement\":[{\"@type\":\"ListItem\",\"position\":1,\"name\":\"Productos\",\"item\":\"https:\/\/maqcenter.com\/pt-pt\/\"},{\"@type\":\"ListItem\",\"position\":2,\"name\":\"Produtos\",\"item\":\"https:\/\/maqcenter.com\/pt-pt\/shop\/\"},{\"@type\":\"ListItem\",\"position\":3,\"name\":\"MCV-AII\"}]},{\"@type\":\"WebSite\",\"@id\":\"https:\/\/maqcenter.com\/pt-pt\/#website\",\"url\":\"https:\/\/maqcenter.com\/pt-pt\/\",\"name\":\"MAQcenter\",\"description\":\"El centro de tus soluciones\",\"publisher\":{\"@id\":\"https:\/\/maqcenter.com\/pt-pt\/#organization\"},\"potentialAction\":[{\"@type\":\"SearchAction\",\"target\":{\"@type\":\"EntryPoint\",\"urlTemplate\":\"https:\/\/maqcenter.com\/pt-pt\/?s={search_term_string}\"},\"query-input\":{\"@type\":\"PropertyValueSpecification\",\"valueRequired\":true,\"valueName\":\"search_term_string\"}}],\"inLanguage\":\"pt-PT\"},{\"@type\":\"Organization\",\"@id\":\"https:\/\/maqcenter.com\/pt-pt\/#organization\",\"name\":\"MAQcenter S.A.\",\"url\":\"https:\/\/maqcenter.com\/pt-pt\/\",\"logo\":{\"@type\":\"ImageObject\",\"inLanguage\":\"pt-PT\",\"@id\":\"https:\/\/maqcenter.com\/pt-pt\/#\/schema\/logo\/image\/\",\"url\":\"https:\/\/maqcenter.com\/wp-content\/uploads\/2021\/02\/MAQcenter_logo_vertical.svg\",\"contentUrl\":\"https:\/\/maqcenter.com\/wp-content\/uploads\/2021\/02\/MAQcenter_logo_vertical.svg\",\"width\":300,\"height\":174,\"caption\":\"MAQcenter S.A.\"},\"image\":{\"@id\":\"https:\/\/maqcenter.com\/pt-pt\/#\/schema\/logo\/image\/\"}}]}<\/script>\n<!-- \/ Yoast SEO plugin. -->","yoast_head_json":{"title":"MCV-AII","description":"MCV-AII. Extraordin\u00e1ria estabilidade e precis\u00e3o ideais para a ind\u00fastria automotiva, constru\u00e7\u00e3o de ferramentas e moldes ou para a fabrica\u00e7\u00e3o de m\u00e1quinas de","robots":{"index":"index","follow":"follow","max-snippet":"max-snippet:-1","max-image-preview":"max-image-preview:large","max-video-preview":"max-video-preview:-1"},"canonical":"https:\/\/maqcenter.com\/pt-pt\/producto\/mcv-aii\/","og_locale":"pt_PT","og_type":"article","og_title":"MCV-AII","og_description":"MCV-AII. Extraordin\u00e1ria estabilidade e precis\u00e3o ideais para a ind\u00fastria automotiva, constru\u00e7\u00e3o de ferramentas e moldes ou para a fabrica\u00e7\u00e3o de m\u00e1quinas de","og_url":"https:\/\/maqcenter.com\/pt-pt\/producto\/mcv-aii\/","og_site_name":"MAQcenter","twitter_card":"summary_large_image","twitter_misc":{"Tempo estimado de leitura":"1 minuto"},"schema":{"@context":"https:\/\/schema.org","@graph":[{"@type":["WebPage","ItemPage"],"@id":"https:\/\/maqcenter.com\/pt-pt\/producto\/mcv-aii\/","url":"https:\/\/maqcenter.com\/pt-pt\/producto\/mcv-aii\/","name":"MCV-AII","isPartOf":{"@id":"https:\/\/maqcenter.com\/pt-pt\/#website"},"primaryImageOfPage":{"@id":"https:\/\/maqcenter.com\/pt-pt\/producto\/mcv-aii\/#primaryimage"},"image":{"@id":"https:\/\/maqcenter.com\/pt-pt\/producto\/mcv-aii\/#primaryimage"},"thumbnailUrl":"https:\/\/maqcenter.com\/wp-content\/uploads\/2021\/02\/OKUMA-MCV-AII.jpg","datePublished":"2021-02-25T12:01:46+00:00","description":"MCV-AII. Extraordin\u00e1ria estabilidade e precis\u00e3o ideais para a ind\u00fastria automotiva, constru\u00e7\u00e3o de ferramentas e moldes ou para a fabrica\u00e7\u00e3o de m\u00e1quinas de","breadcrumb":{"@id":"https:\/\/maqcenter.com\/pt-pt\/producto\/mcv-aii\/#breadcrumb"},"inLanguage":"pt-PT","potentialAction":[{"@type":"ReadAction","target":["https:\/\/maqcenter.com\/pt-pt\/producto\/mcv-aii\/"]}]},{"@type":"ImageObject","inLanguage":"pt-PT","@id":"https:\/\/maqcenter.com\/pt-pt\/producto\/mcv-aii\/#primaryimage","url":"https:\/\/maqcenter.com\/wp-content\/uploads\/2021\/02\/OKUMA-MCV-AII.jpg","contentUrl":"https:\/\/maqcenter.com\/wp-content\/uploads\/2021\/02\/OKUMA-MCV-AII.jpg","width":500,"height":500},{"@type":"BreadcrumbList","@id":"https:\/\/maqcenter.com\/pt-pt\/producto\/mcv-aii\/#breadcrumb","itemListElement":[{"@type":"ListItem","position":1,"name":"Productos","item":"https:\/\/maqcenter.com\/pt-pt\/"},{"@type":"ListItem","position":2,"name":"Produtos","item":"https:\/\/maqcenter.com\/pt-pt\/shop\/"},{"@type":"ListItem","position":3,"name":"MCV-AII"}]},{"@type":"WebSite","@id":"https:\/\/maqcenter.com\/pt-pt\/#website","url":"https:\/\/maqcenter.com\/pt-pt\/","name":"MAQcenter","description":"El centro de tus soluciones","publisher":{"@id":"https:\/\/maqcenter.com\/pt-pt\/#organization"},"potentialAction":[{"@type":"SearchAction","target":{"@type":"EntryPoint","urlTemplate":"https:\/\/maqcenter.com\/pt-pt\/?s={search_term_string}"},"query-input":{"@type":"PropertyValueSpecification","valueRequired":true,"valueName":"search_term_string"}}],"inLanguage":"pt-PT"},{"@type":"Organization","@id":"https:\/\/maqcenter.com\/pt-pt\/#organization","name":"MAQcenter S.A.","url":"https:\/\/maqcenter.com\/pt-pt\/","logo":{"@type":"ImageObject","inLanguage":"pt-PT","@id":"https:\/\/maqcenter.com\/pt-pt\/#\/schema\/logo\/image\/","url":"https:\/\/maqcenter.com\/wp-content\/uploads\/2021\/02\/MAQcenter_logo_vertical.svg","contentUrl":"https:\/\/maqcenter.com\/wp-content\/uploads\/2021\/02\/MAQcenter_logo_vertical.svg","width":300,"height":174,"caption":"MAQcenter S.A."},"image":{"@id":"https:\/\/maqcenter.com\/pt-pt\/#\/schema\/logo\/image\/"}}]}},"_links":{"self":[{"href":"https:\/\/maqcenter.com\/pt-pt\/wp-json\/wp\/v2\/product\/21361","targetHints":{"allow":["GET"]}}],"collection":[{"href":"https:\/\/maqcenter.com\/pt-pt\/wp-json\/wp\/v2\/product"}],"about":[{"href":"https:\/\/maqcenter.com\/pt-pt\/wp-json\/wp\/v2\/types\/product"}],"wp:featuredmedia":[{"embeddable":true,"href":"https:\/\/maqcenter.com\/pt-pt\/wp-json\/wp\/v2\/media\/21362"}],"wp:attachment":[{"href":"https:\/\/maqcenter.com\/pt-pt\/wp-json\/wp\/v2\/media?parent=21361"}],"wp:term":[{"taxonomy":"product_brand","embeddable":true,"href":"https:\/\/maqcenter.com\/pt-pt\/wp-json\/wp\/v2\/product_brand?post=21361"},{"taxonomy":"product_cat","embeddable":true,"href":"https:\/\/maqcenter.com\/pt-pt\/wp-json\/wp\/v2\/product_cat?post=21361"},{"taxonomy":"product_tag","embeddable":true,"href":"https:\/\/maqcenter.com\/pt-pt\/wp-json\/wp\/v2\/product_tag?post=21361"},{"taxonomy":"marca-producto","embeddable":true,"href":"https:\/\/maqcenter.com\/pt-pt\/wp-json\/wp\/v2\/marca-producto?post=21361"},{"taxonomy":"serie-producto","embeddable":true,"href":"https:\/\/maqcenter.com\/pt-pt\/wp-json\/wp\/v2\/serie-producto?post=21361"}],"curies":[{"name":"wp","href":"https:\/\/api.w.org\/{rel}","templated":true}]}}