{"id":21366,"date":"2021-02-25T14:01:46","date_gmt":"2021-02-25T12:01:46","guid":{"rendered":"https:\/\/maqcenter.com\/producto\/genos-m460v-5ax\/"},"modified":"2021-02-25T14:01:46","modified_gmt":"2021-02-25T12:01:46","slug":"genos-m460v-5ax","status":"publish","type":"product","link":"https:\/\/maqcenter.com\/pt-pt\/producto\/genos-m460v-5ax\/","title":{"rendered":"GENOS M460V-5AX"},"content":{"rendered":"<p>O <strong>GENOS M460V-5AX<\/strong> \u00e9 um centro de maquina\u00e7\u00e3o vertical de 5 eixos concebido para realizar fresagens de alta precis\u00e3o e complexidade numa grande variedade de materiais.<br \/>A sua estrutura de dupla coluna garante uma estabilidade t\u00e9rmica excecional e rigidez m\u00e1xima, permitindo opera\u00e7\u00f5es precisas e consistentes, mesmo nas aplica\u00e7\u00f5es mais exigentes.<br \/>Ideal para produ\u00e7\u00f5es que requerem acabamentos de elevada qualidade e geometrias complexas, este modelo combina produtividade, precis\u00e3o e flexibilidade num formato compacto.  <\/p>\n<p><strong>Caracter\u00edsticas principais:<\/strong><\/p>\n<ul>\n<li><strong>Eixos<\/strong>: 5 eixos simult\u00e2neos para maquina\u00e7\u00f5es complexas.<\/li>\n<li><strong>Estabilidade t\u00e9rmica<\/strong>: O design minimiza os efeitos das varia\u00e7\u00f5es de temperatura, garantindo precis\u00e3o cont\u00ednua.<\/li>\n<li><strong>Rigidez estrutural:<\/strong> A estrutura de dupla coluna oferece maior estabilidade e capacidade de corte em materiais exigentes.<\/li>\n<li><strong>Veio de alta velocidade<\/strong>: Proporciona elevada taxa de remo\u00e7\u00e3o de material com acabamentos de superf\u00edcie excecionais.<\/li>\n<li><strong>Comando CNC Okuma OSP-P300MA<\/strong>: Otimiza o controlo dos movimentos para maior precis\u00e3o nas opera\u00e7\u00f5es.<\/li>\n<\/ul>\n","protected":false},"excerpt":{"rendered":"<p>O GENOS M460V-5AX \u00e9 um centro de maquina\u00e7\u00e3o vertical de 5 eixos concebido para realizar fresagens de alta precis\u00e3o e complexidade numa grande variedade de materiais.A sua estrutura de dupla coluna garante uma estabilidade t\u00e9rmica excecional e rigidez m\u00e1xima, permitindo opera\u00e7\u00f5es precisas e consistentes, mesmo nas aplica\u00e7\u00f5es mais exigentes.Ideal para produ\u00e7\u00f5es que requerem acabamentos de [&hellip;]<\/p>\n","protected":false},"featured_media":21367,"template":"","meta":[],"product_brand":[],"product_cat":[504,505],"product_tag":[568,570,575],"marca-producto":[26],"serie-producto":[436],"class_list":{"0":"post-21366","1":"product","2":"type-product","3":"status-publish","4":"has-post-thumbnail","6":"product_cat-centros-de-maquinacao","7":"product_cat-centros-de-maquinacao-de-5-eixos","8":"product_tag-aeronautica-pt-pt","9":"product_tag-bens-de-equipamento","10":"product_tag-moldes-e-matrizes","11":"marca-producto-okuma","12":"serie-producto-genos-m-5ax","14":"first","15":"instock","16":"featured","17":"product-type-simple"},"yoast_head":"<!-- This site is optimized with the Yoast SEO plugin v27.0 - https:\/\/yoast.com\/product\/yoast-seo-wordpress\/ -->\n<title>GENOS M460V-5AX<\/title>\n<meta name=\"description\" content=\"GENOS M460V-5AX. O GENOS M460V-5AX \u00e9 um centro de maquina\u00e7\u00e3o vertical de 5 eixos concebido para realizar fresagens de alta precis\u00e3o e complexidade numa grande variedade de\" \/>\n<meta name=\"robots\" content=\"index, follow, max-snippet:-1, max-image-preview:large, max-video-preview:-1\" \/>\n<link rel=\"canonical\" href=\"https:\/\/maqcenter.com\/pt-pt\/producto\/genos-m460v-5ax\/\" \/>\n<meta property=\"og:locale\" content=\"pt_PT\" \/>\n<meta property=\"og:type\" content=\"article\" \/>\n<meta property=\"og:title\" content=\"GENOS M460V-5AX\" \/>\n<meta property=\"og:description\" content=\"GENOS M460V-5AX. O GENOS M460V-5AX \u00e9 um centro de maquina\u00e7\u00e3o vertical de 5 eixos concebido para realizar fresagens de alta precis\u00e3o e complexidade numa grande variedade de\" \/>\n<meta property=\"og:url\" content=\"https:\/\/maqcenter.com\/pt-pt\/producto\/genos-m460v-5ax\/\" \/>\n<meta property=\"og:site_name\" content=\"MAQcenter\" \/>\n<meta property=\"og:image\" content=\"https:\/\/maqcenter.com\/wp-content\/uploads\/2021\/02\/OKUMA-GENOS-M460V-5AX.jpg\" \/>\n\t<meta property=\"og:image:width\" content=\"500\" \/>\n\t<meta property=\"og:image:height\" content=\"500\" \/>\n\t<meta property=\"og:image:type\" content=\"image\/jpeg\" \/>\n<meta name=\"twitter:card\" content=\"summary_large_image\" \/>\n<meta name=\"twitter:label1\" content=\"Tempo estimado de leitura\" \/>\n\t<meta name=\"twitter:data1\" content=\"1 minuto\" \/>\n<script type=\"application\/ld+json\" class=\"yoast-schema-graph\">{\"@context\":\"https:\/\/schema.org\",\"@graph\":[{\"@type\":[\"WebPage\",\"ItemPage\"],\"@id\":\"https:\/\/maqcenter.com\/pt-pt\/producto\/genos-m460v-5ax\/\",\"url\":\"https:\/\/maqcenter.com\/pt-pt\/producto\/genos-m460v-5ax\/\",\"name\":\"GENOS M460V-5AX\",\"isPartOf\":{\"@id\":\"https:\/\/maqcenter.com\/pt-pt\/#website\"},\"primaryImageOfPage\":{\"@id\":\"https:\/\/maqcenter.com\/pt-pt\/producto\/genos-m460v-5ax\/#primaryimage\"},\"image\":{\"@id\":\"https:\/\/maqcenter.com\/pt-pt\/producto\/genos-m460v-5ax\/#primaryimage\"},\"thumbnailUrl\":\"https:\/\/maqcenter.com\/wp-content\/uploads\/2021\/02\/OKUMA-GENOS-M460V-5AX.jpg\",\"datePublished\":\"2021-02-25T12:01:46+00:00\",\"description\":\"GENOS M460V-5AX. O GENOS M460V-5AX \u00e9 um centro de maquina\u00e7\u00e3o vertical de 5 eixos concebido para realizar fresagens de alta precis\u00e3o e complexidade numa grande variedade de\",\"breadcrumb\":{\"@id\":\"https:\/\/maqcenter.com\/pt-pt\/producto\/genos-m460v-5ax\/#breadcrumb\"},\"inLanguage\":\"pt-PT\",\"potentialAction\":[{\"@type\":\"ReadAction\",\"target\":[\"https:\/\/maqcenter.com\/pt-pt\/producto\/genos-m460v-5ax\/\"]}]},{\"@type\":\"ImageObject\",\"inLanguage\":\"pt-PT\",\"@id\":\"https:\/\/maqcenter.com\/pt-pt\/producto\/genos-m460v-5ax\/#primaryimage\",\"url\":\"https:\/\/maqcenter.com\/wp-content\/uploads\/2021\/02\/OKUMA-GENOS-M460V-5AX.jpg\",\"contentUrl\":\"https:\/\/maqcenter.com\/wp-content\/uploads\/2021\/02\/OKUMA-GENOS-M460V-5AX.jpg\",\"width\":500,\"height\":500},{\"@type\":\"BreadcrumbList\",\"@id\":\"https:\/\/maqcenter.com\/pt-pt\/producto\/genos-m460v-5ax\/#breadcrumb\",\"itemListElement\":[{\"@type\":\"ListItem\",\"position\":1,\"name\":\"Productos\",\"item\":\"https:\/\/maqcenter.com\/pt-pt\/\"},{\"@type\":\"ListItem\",\"position\":2,\"name\":\"Produtos\",\"item\":\"https:\/\/maqcenter.com\/pt-pt\/shop\/\"},{\"@type\":\"ListItem\",\"position\":3,\"name\":\"GENOS M460V-5AX\"}]},{\"@type\":\"WebSite\",\"@id\":\"https:\/\/maqcenter.com\/pt-pt\/#website\",\"url\":\"https:\/\/maqcenter.com\/pt-pt\/\",\"name\":\"MAQcenter\",\"description\":\"El centro de tus soluciones\",\"publisher\":{\"@id\":\"https:\/\/maqcenter.com\/pt-pt\/#organization\"},\"potentialAction\":[{\"@type\":\"SearchAction\",\"target\":{\"@type\":\"EntryPoint\",\"urlTemplate\":\"https:\/\/maqcenter.com\/pt-pt\/?s={search_term_string}\"},\"query-input\":{\"@type\":\"PropertyValueSpecification\",\"valueRequired\":true,\"valueName\":\"search_term_string\"}}],\"inLanguage\":\"pt-PT\"},{\"@type\":\"Organization\",\"@id\":\"https:\/\/maqcenter.com\/pt-pt\/#organization\",\"name\":\"MAQcenter S.A.\",\"url\":\"https:\/\/maqcenter.com\/pt-pt\/\",\"logo\":{\"@type\":\"ImageObject\",\"inLanguage\":\"pt-PT\",\"@id\":\"https:\/\/maqcenter.com\/pt-pt\/#\/schema\/logo\/image\/\",\"url\":\"https:\/\/maqcenter.com\/wp-content\/uploads\/2021\/02\/MAQcenter_logo_vertical.svg\",\"contentUrl\":\"https:\/\/maqcenter.com\/wp-content\/uploads\/2021\/02\/MAQcenter_logo_vertical.svg\",\"width\":300,\"height\":174,\"caption\":\"MAQcenter S.A.\"},\"image\":{\"@id\":\"https:\/\/maqcenter.com\/pt-pt\/#\/schema\/logo\/image\/\"}}]}<\/script>\n<!-- \/ Yoast SEO plugin. -->","yoast_head_json":{"title":"GENOS M460V-5AX","description":"GENOS M460V-5AX. O GENOS M460V-5AX \u00e9 um centro de maquina\u00e7\u00e3o vertical de 5 eixos concebido para realizar fresagens de alta precis\u00e3o e complexidade numa grande variedade de","robots":{"index":"index","follow":"follow","max-snippet":"max-snippet:-1","max-image-preview":"max-image-preview:large","max-video-preview":"max-video-preview:-1"},"canonical":"https:\/\/maqcenter.com\/pt-pt\/producto\/genos-m460v-5ax\/","og_locale":"pt_PT","og_type":"article","og_title":"GENOS M460V-5AX","og_description":"GENOS M460V-5AX. O GENOS M460V-5AX \u00e9 um centro de maquina\u00e7\u00e3o vertical de 5 eixos concebido para realizar fresagens de alta precis\u00e3o e complexidade numa grande variedade de","og_url":"https:\/\/maqcenter.com\/pt-pt\/producto\/genos-m460v-5ax\/","og_site_name":"MAQcenter","og_image":[{"width":500,"height":500,"url":"https:\/\/maqcenter.com\/wp-content\/uploads\/2021\/02\/OKUMA-GENOS-M460V-5AX.jpg","type":"image\/jpeg"}],"twitter_card":"summary_large_image","twitter_misc":{"Tempo estimado de leitura":"1 minuto"},"schema":{"@context":"https:\/\/schema.org","@graph":[{"@type":["WebPage","ItemPage"],"@id":"https:\/\/maqcenter.com\/pt-pt\/producto\/genos-m460v-5ax\/","url":"https:\/\/maqcenter.com\/pt-pt\/producto\/genos-m460v-5ax\/","name":"GENOS M460V-5AX","isPartOf":{"@id":"https:\/\/maqcenter.com\/pt-pt\/#website"},"primaryImageOfPage":{"@id":"https:\/\/maqcenter.com\/pt-pt\/producto\/genos-m460v-5ax\/#primaryimage"},"image":{"@id":"https:\/\/maqcenter.com\/pt-pt\/producto\/genos-m460v-5ax\/#primaryimage"},"thumbnailUrl":"https:\/\/maqcenter.com\/wp-content\/uploads\/2021\/02\/OKUMA-GENOS-M460V-5AX.jpg","datePublished":"2021-02-25T12:01:46+00:00","description":"GENOS M460V-5AX. O GENOS M460V-5AX \u00e9 um centro de maquina\u00e7\u00e3o vertical de 5 eixos concebido para realizar fresagens de alta precis\u00e3o e complexidade numa grande variedade de","breadcrumb":{"@id":"https:\/\/maqcenter.com\/pt-pt\/producto\/genos-m460v-5ax\/#breadcrumb"},"inLanguage":"pt-PT","potentialAction":[{"@type":"ReadAction","target":["https:\/\/maqcenter.com\/pt-pt\/producto\/genos-m460v-5ax\/"]}]},{"@type":"ImageObject","inLanguage":"pt-PT","@id":"https:\/\/maqcenter.com\/pt-pt\/producto\/genos-m460v-5ax\/#primaryimage","url":"https:\/\/maqcenter.com\/wp-content\/uploads\/2021\/02\/OKUMA-GENOS-M460V-5AX.jpg","contentUrl":"https:\/\/maqcenter.com\/wp-content\/uploads\/2021\/02\/OKUMA-GENOS-M460V-5AX.jpg","width":500,"height":500},{"@type":"BreadcrumbList","@id":"https:\/\/maqcenter.com\/pt-pt\/producto\/genos-m460v-5ax\/#breadcrumb","itemListElement":[{"@type":"ListItem","position":1,"name":"Productos","item":"https:\/\/maqcenter.com\/pt-pt\/"},{"@type":"ListItem","position":2,"name":"Produtos","item":"https:\/\/maqcenter.com\/pt-pt\/shop\/"},{"@type":"ListItem","position":3,"name":"GENOS M460V-5AX"}]},{"@type":"WebSite","@id":"https:\/\/maqcenter.com\/pt-pt\/#website","url":"https:\/\/maqcenter.com\/pt-pt\/","name":"MAQcenter","description":"El centro de tus soluciones","publisher":{"@id":"https:\/\/maqcenter.com\/pt-pt\/#organization"},"potentialAction":[{"@type":"SearchAction","target":{"@type":"EntryPoint","urlTemplate":"https:\/\/maqcenter.com\/pt-pt\/?s={search_term_string}"},"query-input":{"@type":"PropertyValueSpecification","valueRequired":true,"valueName":"search_term_string"}}],"inLanguage":"pt-PT"},{"@type":"Organization","@id":"https:\/\/maqcenter.com\/pt-pt\/#organization","name":"MAQcenter S.A.","url":"https:\/\/maqcenter.com\/pt-pt\/","logo":{"@type":"ImageObject","inLanguage":"pt-PT","@id":"https:\/\/maqcenter.com\/pt-pt\/#\/schema\/logo\/image\/","url":"https:\/\/maqcenter.com\/wp-content\/uploads\/2021\/02\/MAQcenter_logo_vertical.svg","contentUrl":"https:\/\/maqcenter.com\/wp-content\/uploads\/2021\/02\/MAQcenter_logo_vertical.svg","width":300,"height":174,"caption":"MAQcenter S.A."},"image":{"@id":"https:\/\/maqcenter.com\/pt-pt\/#\/schema\/logo\/image\/"}}]}},"_links":{"self":[{"href":"https:\/\/maqcenter.com\/pt-pt\/wp-json\/wp\/v2\/product\/21366","targetHints":{"allow":["GET"]}}],"collection":[{"href":"https:\/\/maqcenter.com\/pt-pt\/wp-json\/wp\/v2\/product"}],"about":[{"href":"https:\/\/maqcenter.com\/pt-pt\/wp-json\/wp\/v2\/types\/product"}],"wp:featuredmedia":[{"embeddable":true,"href":"https:\/\/maqcenter.com\/pt-pt\/wp-json\/wp\/v2\/media\/21367"}],"wp:attachment":[{"href":"https:\/\/maqcenter.com\/pt-pt\/wp-json\/wp\/v2\/media?parent=21366"}],"wp:term":[{"taxonomy":"product_brand","embeddable":true,"href":"https:\/\/maqcenter.com\/pt-pt\/wp-json\/wp\/v2\/product_brand?post=21366"},{"taxonomy":"product_cat","embeddable":true,"href":"https:\/\/maqcenter.com\/pt-pt\/wp-json\/wp\/v2\/product_cat?post=21366"},{"taxonomy":"product_tag","embeddable":true,"href":"https:\/\/maqcenter.com\/pt-pt\/wp-json\/wp\/v2\/product_tag?post=21366"},{"taxonomy":"marca-producto","embeddable":true,"href":"https:\/\/maqcenter.com\/pt-pt\/wp-json\/wp\/v2\/marca-producto?post=21366"},{"taxonomy":"serie-producto","embeddable":true,"href":"https:\/\/maqcenter.com\/pt-pt\/wp-json\/wp\/v2\/serie-producto?post=21366"}],"curies":[{"name":"wp","href":"https:\/\/api.w.org\/{rel}","templated":true}]}}