{"id":21379,"date":"2021-02-25T14:01:53","date_gmt":"2021-02-25T12:01:53","guid":{"rendered":"https:\/\/maqcenter.com\/producto\/mb-66va-b\/"},"modified":"2021-02-25T14:01:53","modified_gmt":"2021-02-25T12:01:53","slug":"mb-66va-b","status":"publish","type":"product","link":"https:\/\/maqcenter.com\/pt-pt\/producto\/mb-66va-b\/","title":{"rendered":"MB-66VA\/B"},"content":{"rendered":"<p>O centro de usinagem vertical MB-66V \u200b\u200badota uma poderosa estrutura de coluna dupla para oferecer a maior usinagem no menor espa\u00e7o poss\u00edvel. O conceito termo-amig\u00e1vel da Okuma \u00e9 padr\u00e3o nesta m\u00e1quina para estabilidade dimensional incompar\u00e1vel em opera\u00e7\u00f5es longas e cont\u00ednuas. Este centro de usinagem vertical est\u00e1 equipado com um fuso de 40 c\u00f4nicos, alta pot\u00eancia e alta velocidade de 8.000 rpm com um motor integrado 11 \/ 7,5 kW VAC e resfriamento bidirecional do fuso. Este modelo incorpora um trocador de ferramenta autom\u00e1tico de alta velocidade de 20 posi\u00e7\u00f5es e uma taxa de avan\u00e7o r\u00e1pida de 40\/32 m \/ min, resultando em uma poderosa capacidade de produ\u00e7\u00e3o.   <\/p>\n","protected":false},"excerpt":{"rendered":"<p>O centro de usinagem vertical MB-66V \u200b\u200badota uma poderosa estrutura de coluna dupla para oferecer a maior usinagem no menor espa\u00e7o poss\u00edvel. O conceito termo-amig\u00e1vel da Okuma \u00e9 padr\u00e3o nesta m\u00e1quina para estabilidade dimensional incompar\u00e1vel em opera\u00e7\u00f5es longas e cont\u00ednuas. Este centro de usinagem vertical est\u00e1 equipado com um fuso de 40 c\u00f4nicos, alta pot\u00eancia [&hellip;]<\/p>\n","protected":false},"featured_media":21384,"template":"","meta":[],"product_brand":[],"product_cat":[504,511],"product_tag":[569,570,573,575],"marca-producto":[26],"serie-producto":[295],"class_list":{"0":"post-21379","1":"product","2":"type-product","3":"status-publish","4":"has-post-thumbnail","6":"product_cat-centros-de-maquinacao","7":"product_cat-centros-de-maquinacao-vertical","8":"product_tag-automovel","9":"product_tag-bens-de-equipamento","10":"product_tag-grande-consumo","11":"product_tag-moldes-e-matrizes","12":"marca-producto-okuma","13":"serie-producto-mb-v","15":"first","16":"instock","17":"product-type-simple"},"yoast_head":"<!-- This site is optimized with the Yoast SEO plugin v27.0 - https:\/\/yoast.com\/product\/yoast-seo-wordpress\/ -->\n<title>MB-66VA\/B<\/title>\n<meta name=\"description\" content=\"MB-66VA\/B. O centro de usinagem vertical MB-66V \u200b\u200badota uma poderosa estrutura de coluna dupla para oferecer a maior usinagem no menor espa\u00e7o poss\u00edvel. O conceito\" \/>\n<meta name=\"robots\" content=\"index, follow, max-snippet:-1, max-image-preview:large, max-video-preview:-1\" \/>\n<link rel=\"canonical\" href=\"https:\/\/maqcenter.com\/pt-pt\/producto\/mb-66va-b\/\" \/>\n<meta property=\"og:locale\" content=\"pt_PT\" \/>\n<meta property=\"og:type\" content=\"article\" \/>\n<meta property=\"og:title\" content=\"MB-66VA\/B\" \/>\n<meta property=\"og:description\" content=\"MB-66VA\/B. O centro de usinagem vertical MB-66V \u200b\u200badota uma poderosa estrutura de coluna dupla para oferecer a maior usinagem no menor espa\u00e7o poss\u00edvel. O conceito\" \/>\n<meta property=\"og:url\" content=\"https:\/\/maqcenter.com\/pt-pt\/producto\/mb-66va-b\/\" \/>\n<meta property=\"og:site_name\" content=\"MAQcenter\" \/>\n<meta name=\"twitter:card\" content=\"summary_large_image\" \/>\n<meta name=\"twitter:label1\" content=\"Tempo estimado de leitura\" \/>\n\t<meta name=\"twitter:data1\" content=\"1 minuto\" \/>\n<script type=\"application\/ld+json\" class=\"yoast-schema-graph\">{\"@context\":\"https:\/\/schema.org\",\"@graph\":[{\"@type\":[\"WebPage\",\"ItemPage\"],\"@id\":\"https:\/\/maqcenter.com\/pt-pt\/producto\/mb-66va-b\/\",\"url\":\"https:\/\/maqcenter.com\/pt-pt\/producto\/mb-66va-b\/\",\"name\":\"MB-66VA\/B\",\"isPartOf\":{\"@id\":\"https:\/\/maqcenter.com\/pt-pt\/#website\"},\"primaryImageOfPage\":{\"@id\":\"https:\/\/maqcenter.com\/pt-pt\/producto\/mb-66va-b\/#primaryimage\"},\"image\":{\"@id\":\"https:\/\/maqcenter.com\/pt-pt\/producto\/mb-66va-b\/#primaryimage\"},\"thumbnailUrl\":\"https:\/\/maqcenter.com\/wp-content\/uploads\/2021\/02\/OKUMA-MB-66VA.jpg\",\"datePublished\":\"2021-02-25T12:01:53+00:00\",\"description\":\"MB-66VA\/B. O centro de usinagem vertical MB-66V \u200b\u200badota uma poderosa estrutura de coluna dupla para oferecer a maior usinagem no menor espa\u00e7o poss\u00edvel. O conceito\",\"breadcrumb\":{\"@id\":\"https:\/\/maqcenter.com\/pt-pt\/producto\/mb-66va-b\/#breadcrumb\"},\"inLanguage\":\"pt-PT\",\"potentialAction\":[{\"@type\":\"ReadAction\",\"target\":[\"https:\/\/maqcenter.com\/pt-pt\/producto\/mb-66va-b\/\"]}]},{\"@type\":\"ImageObject\",\"inLanguage\":\"pt-PT\",\"@id\":\"https:\/\/maqcenter.com\/pt-pt\/producto\/mb-66va-b\/#primaryimage\",\"url\":\"https:\/\/maqcenter.com\/wp-content\/uploads\/2021\/02\/OKUMA-MB-66VA.jpg\",\"contentUrl\":\"https:\/\/maqcenter.com\/wp-content\/uploads\/2021\/02\/OKUMA-MB-66VA.jpg\",\"width\":500,\"height\":500},{\"@type\":\"BreadcrumbList\",\"@id\":\"https:\/\/maqcenter.com\/pt-pt\/producto\/mb-66va-b\/#breadcrumb\",\"itemListElement\":[{\"@type\":\"ListItem\",\"position\":1,\"name\":\"Productos\",\"item\":\"https:\/\/maqcenter.com\/pt-pt\/\"},{\"@type\":\"ListItem\",\"position\":2,\"name\":\"Produtos\",\"item\":\"https:\/\/maqcenter.com\/pt-pt\/shop\/\"},{\"@type\":\"ListItem\",\"position\":3,\"name\":\"MB-66VA\/B\"}]},{\"@type\":\"WebSite\",\"@id\":\"https:\/\/maqcenter.com\/pt-pt\/#website\",\"url\":\"https:\/\/maqcenter.com\/pt-pt\/\",\"name\":\"MAQcenter\",\"description\":\"El centro de tus soluciones\",\"publisher\":{\"@id\":\"https:\/\/maqcenter.com\/pt-pt\/#organization\"},\"potentialAction\":[{\"@type\":\"SearchAction\",\"target\":{\"@type\":\"EntryPoint\",\"urlTemplate\":\"https:\/\/maqcenter.com\/pt-pt\/?s={search_term_string}\"},\"query-input\":{\"@type\":\"PropertyValueSpecification\",\"valueRequired\":true,\"valueName\":\"search_term_string\"}}],\"inLanguage\":\"pt-PT\"},{\"@type\":\"Organization\",\"@id\":\"https:\/\/maqcenter.com\/pt-pt\/#organization\",\"name\":\"MAQcenter S.A.\",\"url\":\"https:\/\/maqcenter.com\/pt-pt\/\",\"logo\":{\"@type\":\"ImageObject\",\"inLanguage\":\"pt-PT\",\"@id\":\"https:\/\/maqcenter.com\/pt-pt\/#\/schema\/logo\/image\/\",\"url\":\"https:\/\/maqcenter.com\/wp-content\/uploads\/2021\/02\/MAQcenter_logo_vertical.svg\",\"contentUrl\":\"https:\/\/maqcenter.com\/wp-content\/uploads\/2021\/02\/MAQcenter_logo_vertical.svg\",\"width\":300,\"height\":174,\"caption\":\"MAQcenter S.A.\"},\"image\":{\"@id\":\"https:\/\/maqcenter.com\/pt-pt\/#\/schema\/logo\/image\/\"}}]}<\/script>\n<!-- \/ Yoast SEO plugin. -->","yoast_head_json":{"title":"MB-66VA\/B","description":"MB-66VA\/B. O centro de usinagem vertical MB-66V \u200b\u200badota uma poderosa estrutura de coluna dupla para oferecer a maior usinagem no menor espa\u00e7o poss\u00edvel. O conceito","robots":{"index":"index","follow":"follow","max-snippet":"max-snippet:-1","max-image-preview":"max-image-preview:large","max-video-preview":"max-video-preview:-1"},"canonical":"https:\/\/maqcenter.com\/pt-pt\/producto\/mb-66va-b\/","og_locale":"pt_PT","og_type":"article","og_title":"MB-66VA\/B","og_description":"MB-66VA\/B. O centro de usinagem vertical MB-66V \u200b\u200badota uma poderosa estrutura de coluna dupla para oferecer a maior usinagem no menor espa\u00e7o poss\u00edvel. O conceito","og_url":"https:\/\/maqcenter.com\/pt-pt\/producto\/mb-66va-b\/","og_site_name":"MAQcenter","twitter_card":"summary_large_image","twitter_misc":{"Tempo estimado de leitura":"1 minuto"},"schema":{"@context":"https:\/\/schema.org","@graph":[{"@type":["WebPage","ItemPage"],"@id":"https:\/\/maqcenter.com\/pt-pt\/producto\/mb-66va-b\/","url":"https:\/\/maqcenter.com\/pt-pt\/producto\/mb-66va-b\/","name":"MB-66VA\/B","isPartOf":{"@id":"https:\/\/maqcenter.com\/pt-pt\/#website"},"primaryImageOfPage":{"@id":"https:\/\/maqcenter.com\/pt-pt\/producto\/mb-66va-b\/#primaryimage"},"image":{"@id":"https:\/\/maqcenter.com\/pt-pt\/producto\/mb-66va-b\/#primaryimage"},"thumbnailUrl":"https:\/\/maqcenter.com\/wp-content\/uploads\/2021\/02\/OKUMA-MB-66VA.jpg","datePublished":"2021-02-25T12:01:53+00:00","description":"MB-66VA\/B. O centro de usinagem vertical MB-66V \u200b\u200badota uma poderosa estrutura de coluna dupla para oferecer a maior usinagem no menor espa\u00e7o poss\u00edvel. O conceito","breadcrumb":{"@id":"https:\/\/maqcenter.com\/pt-pt\/producto\/mb-66va-b\/#breadcrumb"},"inLanguage":"pt-PT","potentialAction":[{"@type":"ReadAction","target":["https:\/\/maqcenter.com\/pt-pt\/producto\/mb-66va-b\/"]}]},{"@type":"ImageObject","inLanguage":"pt-PT","@id":"https:\/\/maqcenter.com\/pt-pt\/producto\/mb-66va-b\/#primaryimage","url":"https:\/\/maqcenter.com\/wp-content\/uploads\/2021\/02\/OKUMA-MB-66VA.jpg","contentUrl":"https:\/\/maqcenter.com\/wp-content\/uploads\/2021\/02\/OKUMA-MB-66VA.jpg","width":500,"height":500},{"@type":"BreadcrumbList","@id":"https:\/\/maqcenter.com\/pt-pt\/producto\/mb-66va-b\/#breadcrumb","itemListElement":[{"@type":"ListItem","position":1,"name":"Productos","item":"https:\/\/maqcenter.com\/pt-pt\/"},{"@type":"ListItem","position":2,"name":"Produtos","item":"https:\/\/maqcenter.com\/pt-pt\/shop\/"},{"@type":"ListItem","position":3,"name":"MB-66VA\/B"}]},{"@type":"WebSite","@id":"https:\/\/maqcenter.com\/pt-pt\/#website","url":"https:\/\/maqcenter.com\/pt-pt\/","name":"MAQcenter","description":"El centro de tus soluciones","publisher":{"@id":"https:\/\/maqcenter.com\/pt-pt\/#organization"},"potentialAction":[{"@type":"SearchAction","target":{"@type":"EntryPoint","urlTemplate":"https:\/\/maqcenter.com\/pt-pt\/?s={search_term_string}"},"query-input":{"@type":"PropertyValueSpecification","valueRequired":true,"valueName":"search_term_string"}}],"inLanguage":"pt-PT"},{"@type":"Organization","@id":"https:\/\/maqcenter.com\/pt-pt\/#organization","name":"MAQcenter S.A.","url":"https:\/\/maqcenter.com\/pt-pt\/","logo":{"@type":"ImageObject","inLanguage":"pt-PT","@id":"https:\/\/maqcenter.com\/pt-pt\/#\/schema\/logo\/image\/","url":"https:\/\/maqcenter.com\/wp-content\/uploads\/2021\/02\/MAQcenter_logo_vertical.svg","contentUrl":"https:\/\/maqcenter.com\/wp-content\/uploads\/2021\/02\/MAQcenter_logo_vertical.svg","width":300,"height":174,"caption":"MAQcenter S.A."},"image":{"@id":"https:\/\/maqcenter.com\/pt-pt\/#\/schema\/logo\/image\/"}}]}},"_links":{"self":[{"href":"https:\/\/maqcenter.com\/pt-pt\/wp-json\/wp\/v2\/product\/21379","targetHints":{"allow":["GET"]}}],"collection":[{"href":"https:\/\/maqcenter.com\/pt-pt\/wp-json\/wp\/v2\/product"}],"about":[{"href":"https:\/\/maqcenter.com\/pt-pt\/wp-json\/wp\/v2\/types\/product"}],"wp:featuredmedia":[{"embeddable":true,"href":"https:\/\/maqcenter.com\/pt-pt\/wp-json\/wp\/v2\/media\/21384"}],"wp:attachment":[{"href":"https:\/\/maqcenter.com\/pt-pt\/wp-json\/wp\/v2\/media?parent=21379"}],"wp:term":[{"taxonomy":"product_brand","embeddable":true,"href":"https:\/\/maqcenter.com\/pt-pt\/wp-json\/wp\/v2\/product_brand?post=21379"},{"taxonomy":"product_cat","embeddable":true,"href":"https:\/\/maqcenter.com\/pt-pt\/wp-json\/wp\/v2\/product_cat?post=21379"},{"taxonomy":"product_tag","embeddable":true,"href":"https:\/\/maqcenter.com\/pt-pt\/wp-json\/wp\/v2\/product_tag?post=21379"},{"taxonomy":"marca-producto","embeddable":true,"href":"https:\/\/maqcenter.com\/pt-pt\/wp-json\/wp\/v2\/marca-producto?post=21379"},{"taxonomy":"serie-producto","embeddable":true,"href":"https:\/\/maqcenter.com\/pt-pt\/wp-json\/wp\/v2\/serie-producto?post=21379"}],"curies":[{"name":"wp","href":"https:\/\/api.w.org\/{rel}","templated":true}]}}