{"id":21413,"date":"2021-02-25T14:01:53","date_gmt":"2021-02-25T12:01:53","guid":{"rendered":"https:\/\/maqcenter.com\/producto\/mb-80v\/"},"modified":"2021-02-25T14:01:53","modified_gmt":"2021-02-25T12:01:53","slug":"mb-80v","status":"publish","type":"product","link":"https:\/\/maqcenter.com\/pt-pt\/producto\/mb-80v\/","title":{"rendered":"MB-80V"},"content":{"rendered":"<p>O MB-80V \u00e9 uma fresa ponte de alta precis\u00e3o ideal para usinar pe\u00e7as grandes. Esta m\u00e1quina oferece corte preciso, altas velocidades e um corte potente e resistente. Com a mais alta qualidade e produtividade, o MB-80V \u00e9 ideal para a usinagem de grandes componentes, como os usados \u200b\u200bem moldes automotivos e equipamentos de fabrica\u00e7\u00e3o de semicondutores. O conceito &#8220;termo-amig\u00e1vel&#8221; da Okuma garante precis\u00e3o e o manuseio eficiente de cavacos reduz os tempos de manuten\u00e7\u00e3o. Tempos de ciclo reduzidos s\u00e3o alcan\u00e7ados com o poderoso fuso do MB-80V e a tecnologia Hyper Surface controlada por CNC. O design inteligente desta m\u00e1quina oferece o tamanho m\u00e1ximo da mesa e produtividade em um espa\u00e7o m\u00ednimo.     <\/p>\n","protected":false},"excerpt":{"rendered":"<p>O MB-80V \u00e9 uma fresa ponte de alta precis\u00e3o ideal para usinar pe\u00e7as grandes. Esta m\u00e1quina oferece corte preciso, altas velocidades e um corte potente e resistente. Com a mais alta qualidade e produtividade, o MB-80V \u00e9 ideal para a usinagem de grandes componentes, como os usados \u200b\u200bem moldes automotivos e equipamentos de fabrica\u00e7\u00e3o de [&hellip;]<\/p>\n","protected":false},"featured_media":21414,"template":"","meta":[],"product_brand":[],"product_cat":[504,511],"product_tag":[569,570,573,575],"marca-producto":[26],"serie-producto":[295],"class_list":{"0":"post-21413","1":"product","2":"type-product","3":"status-publish","4":"has-post-thumbnail","6":"product_cat-centros-de-maquinacao","7":"product_cat-centros-de-maquinacao-vertical","8":"product_tag-automovel","9":"product_tag-bens-de-equipamento","10":"product_tag-grande-consumo","11":"product_tag-moldes-e-matrizes","12":"marca-producto-okuma","13":"serie-producto-mb-v","15":"first","16":"instock","17":"product-type-simple"},"yoast_head":"<!-- This site is optimized with the Yoast SEO plugin v27.0 - https:\/\/yoast.com\/product\/yoast-seo-wordpress\/ -->\n<title>MB-80V<\/title>\n<meta name=\"description\" content=\"MB-80V. O MB-80V \u00e9 uma fresa ponte de alta precis\u00e3o ideal para usinar pe\u00e7as grandes. Esta m\u00e1quina oferece corte preciso, altas velocidades e um corte potente e\" \/>\n<meta name=\"robots\" content=\"index, follow, max-snippet:-1, max-image-preview:large, max-video-preview:-1\" \/>\n<link rel=\"canonical\" href=\"https:\/\/maqcenter.com\/pt-pt\/producto\/mb-80v\/\" \/>\n<meta property=\"og:locale\" content=\"pt_PT\" \/>\n<meta property=\"og:type\" content=\"article\" \/>\n<meta property=\"og:title\" content=\"MB-80V\" \/>\n<meta property=\"og:description\" content=\"MB-80V. O MB-80V \u00e9 uma fresa ponte de alta precis\u00e3o ideal para usinar pe\u00e7as grandes. Esta m\u00e1quina oferece corte preciso, altas velocidades e um corte potente e\" \/>\n<meta property=\"og:url\" content=\"https:\/\/maqcenter.com\/pt-pt\/producto\/mb-80v\/\" \/>\n<meta property=\"og:site_name\" content=\"MAQcenter\" \/>\n<meta name=\"twitter:card\" content=\"summary_large_image\" \/>\n<meta name=\"twitter:label1\" content=\"Tempo estimado de leitura\" \/>\n\t<meta name=\"twitter:data1\" content=\"1 minuto\" \/>\n<script type=\"application\/ld+json\" class=\"yoast-schema-graph\">{\"@context\":\"https:\/\/schema.org\",\"@graph\":[{\"@type\":[\"WebPage\",\"ItemPage\"],\"@id\":\"https:\/\/maqcenter.com\/pt-pt\/producto\/mb-80v\/\",\"url\":\"https:\/\/maqcenter.com\/pt-pt\/producto\/mb-80v\/\",\"name\":\"MB-80V\",\"isPartOf\":{\"@id\":\"https:\/\/maqcenter.com\/pt-pt\/#website\"},\"primaryImageOfPage\":{\"@id\":\"https:\/\/maqcenter.com\/pt-pt\/producto\/mb-80v\/#primaryimage\"},\"image\":{\"@id\":\"https:\/\/maqcenter.com\/pt-pt\/producto\/mb-80v\/#primaryimage\"},\"thumbnailUrl\":\"https:\/\/maqcenter.com\/wp-content\/uploads\/2021\/02\/OKUMA-MB-80V.jpg\",\"datePublished\":\"2021-02-25T12:01:53+00:00\",\"description\":\"MB-80V. O MB-80V \u00e9 uma fresa ponte de alta precis\u00e3o ideal para usinar pe\u00e7as grandes. Esta m\u00e1quina oferece corte preciso, altas velocidades e um corte potente e\",\"breadcrumb\":{\"@id\":\"https:\/\/maqcenter.com\/pt-pt\/producto\/mb-80v\/#breadcrumb\"},\"inLanguage\":\"pt-PT\",\"potentialAction\":[{\"@type\":\"ReadAction\",\"target\":[\"https:\/\/maqcenter.com\/pt-pt\/producto\/mb-80v\/\"]}]},{\"@type\":\"ImageObject\",\"inLanguage\":\"pt-PT\",\"@id\":\"https:\/\/maqcenter.com\/pt-pt\/producto\/mb-80v\/#primaryimage\",\"url\":\"https:\/\/maqcenter.com\/wp-content\/uploads\/2021\/02\/OKUMA-MB-80V.jpg\",\"contentUrl\":\"https:\/\/maqcenter.com\/wp-content\/uploads\/2021\/02\/OKUMA-MB-80V.jpg\",\"width\":500,\"height\":500},{\"@type\":\"BreadcrumbList\",\"@id\":\"https:\/\/maqcenter.com\/pt-pt\/producto\/mb-80v\/#breadcrumb\",\"itemListElement\":[{\"@type\":\"ListItem\",\"position\":1,\"name\":\"Productos\",\"item\":\"https:\/\/maqcenter.com\/pt-pt\/\"},{\"@type\":\"ListItem\",\"position\":2,\"name\":\"Produtos\",\"item\":\"https:\/\/maqcenter.com\/pt-pt\/shop\/\"},{\"@type\":\"ListItem\",\"position\":3,\"name\":\"MB-80V\"}]},{\"@type\":\"WebSite\",\"@id\":\"https:\/\/maqcenter.com\/pt-pt\/#website\",\"url\":\"https:\/\/maqcenter.com\/pt-pt\/\",\"name\":\"MAQcenter\",\"description\":\"El centro de tus soluciones\",\"publisher\":{\"@id\":\"https:\/\/maqcenter.com\/pt-pt\/#organization\"},\"potentialAction\":[{\"@type\":\"SearchAction\",\"target\":{\"@type\":\"EntryPoint\",\"urlTemplate\":\"https:\/\/maqcenter.com\/pt-pt\/?s={search_term_string}\"},\"query-input\":{\"@type\":\"PropertyValueSpecification\",\"valueRequired\":true,\"valueName\":\"search_term_string\"}}],\"inLanguage\":\"pt-PT\"},{\"@type\":\"Organization\",\"@id\":\"https:\/\/maqcenter.com\/pt-pt\/#organization\",\"name\":\"MAQcenter S.A.\",\"url\":\"https:\/\/maqcenter.com\/pt-pt\/\",\"logo\":{\"@type\":\"ImageObject\",\"inLanguage\":\"pt-PT\",\"@id\":\"https:\/\/maqcenter.com\/pt-pt\/#\/schema\/logo\/image\/\",\"url\":\"https:\/\/maqcenter.com\/wp-content\/uploads\/2021\/02\/MAQcenter_logo_vertical.svg\",\"contentUrl\":\"https:\/\/maqcenter.com\/wp-content\/uploads\/2021\/02\/MAQcenter_logo_vertical.svg\",\"width\":300,\"height\":174,\"caption\":\"MAQcenter S.A.\"},\"image\":{\"@id\":\"https:\/\/maqcenter.com\/pt-pt\/#\/schema\/logo\/image\/\"}}]}<\/script>\n<!-- \/ Yoast SEO plugin. -->","yoast_head_json":{"title":"MB-80V","description":"MB-80V. O MB-80V \u00e9 uma fresa ponte de alta precis\u00e3o ideal para usinar pe\u00e7as grandes. Esta m\u00e1quina oferece corte preciso, altas velocidades e um corte potente e","robots":{"index":"index","follow":"follow","max-snippet":"max-snippet:-1","max-image-preview":"max-image-preview:large","max-video-preview":"max-video-preview:-1"},"canonical":"https:\/\/maqcenter.com\/pt-pt\/producto\/mb-80v\/","og_locale":"pt_PT","og_type":"article","og_title":"MB-80V","og_description":"MB-80V. O MB-80V \u00e9 uma fresa ponte de alta precis\u00e3o ideal para usinar pe\u00e7as grandes. Esta m\u00e1quina oferece corte preciso, altas velocidades e um corte potente e","og_url":"https:\/\/maqcenter.com\/pt-pt\/producto\/mb-80v\/","og_site_name":"MAQcenter","twitter_card":"summary_large_image","twitter_misc":{"Tempo estimado de leitura":"1 minuto"},"schema":{"@context":"https:\/\/schema.org","@graph":[{"@type":["WebPage","ItemPage"],"@id":"https:\/\/maqcenter.com\/pt-pt\/producto\/mb-80v\/","url":"https:\/\/maqcenter.com\/pt-pt\/producto\/mb-80v\/","name":"MB-80V","isPartOf":{"@id":"https:\/\/maqcenter.com\/pt-pt\/#website"},"primaryImageOfPage":{"@id":"https:\/\/maqcenter.com\/pt-pt\/producto\/mb-80v\/#primaryimage"},"image":{"@id":"https:\/\/maqcenter.com\/pt-pt\/producto\/mb-80v\/#primaryimage"},"thumbnailUrl":"https:\/\/maqcenter.com\/wp-content\/uploads\/2021\/02\/OKUMA-MB-80V.jpg","datePublished":"2021-02-25T12:01:53+00:00","description":"MB-80V. O MB-80V \u00e9 uma fresa ponte de alta precis\u00e3o ideal para usinar pe\u00e7as grandes. Esta m\u00e1quina oferece corte preciso, altas velocidades e um corte potente e","breadcrumb":{"@id":"https:\/\/maqcenter.com\/pt-pt\/producto\/mb-80v\/#breadcrumb"},"inLanguage":"pt-PT","potentialAction":[{"@type":"ReadAction","target":["https:\/\/maqcenter.com\/pt-pt\/producto\/mb-80v\/"]}]},{"@type":"ImageObject","inLanguage":"pt-PT","@id":"https:\/\/maqcenter.com\/pt-pt\/producto\/mb-80v\/#primaryimage","url":"https:\/\/maqcenter.com\/wp-content\/uploads\/2021\/02\/OKUMA-MB-80V.jpg","contentUrl":"https:\/\/maqcenter.com\/wp-content\/uploads\/2021\/02\/OKUMA-MB-80V.jpg","width":500,"height":500},{"@type":"BreadcrumbList","@id":"https:\/\/maqcenter.com\/pt-pt\/producto\/mb-80v\/#breadcrumb","itemListElement":[{"@type":"ListItem","position":1,"name":"Productos","item":"https:\/\/maqcenter.com\/pt-pt\/"},{"@type":"ListItem","position":2,"name":"Produtos","item":"https:\/\/maqcenter.com\/pt-pt\/shop\/"},{"@type":"ListItem","position":3,"name":"MB-80V"}]},{"@type":"WebSite","@id":"https:\/\/maqcenter.com\/pt-pt\/#website","url":"https:\/\/maqcenter.com\/pt-pt\/","name":"MAQcenter","description":"El centro de tus soluciones","publisher":{"@id":"https:\/\/maqcenter.com\/pt-pt\/#organization"},"potentialAction":[{"@type":"SearchAction","target":{"@type":"EntryPoint","urlTemplate":"https:\/\/maqcenter.com\/pt-pt\/?s={search_term_string}"},"query-input":{"@type":"PropertyValueSpecification","valueRequired":true,"valueName":"search_term_string"}}],"inLanguage":"pt-PT"},{"@type":"Organization","@id":"https:\/\/maqcenter.com\/pt-pt\/#organization","name":"MAQcenter S.A.","url":"https:\/\/maqcenter.com\/pt-pt\/","logo":{"@type":"ImageObject","inLanguage":"pt-PT","@id":"https:\/\/maqcenter.com\/pt-pt\/#\/schema\/logo\/image\/","url":"https:\/\/maqcenter.com\/wp-content\/uploads\/2021\/02\/MAQcenter_logo_vertical.svg","contentUrl":"https:\/\/maqcenter.com\/wp-content\/uploads\/2021\/02\/MAQcenter_logo_vertical.svg","width":300,"height":174,"caption":"MAQcenter S.A."},"image":{"@id":"https:\/\/maqcenter.com\/pt-pt\/#\/schema\/logo\/image\/"}}]}},"_links":{"self":[{"href":"https:\/\/maqcenter.com\/pt-pt\/wp-json\/wp\/v2\/product\/21413","targetHints":{"allow":["GET"]}}],"collection":[{"href":"https:\/\/maqcenter.com\/pt-pt\/wp-json\/wp\/v2\/product"}],"about":[{"href":"https:\/\/maqcenter.com\/pt-pt\/wp-json\/wp\/v2\/types\/product"}],"wp:featuredmedia":[{"embeddable":true,"href":"https:\/\/maqcenter.com\/pt-pt\/wp-json\/wp\/v2\/media\/21414"}],"wp:attachment":[{"href":"https:\/\/maqcenter.com\/pt-pt\/wp-json\/wp\/v2\/media?parent=21413"}],"wp:term":[{"taxonomy":"product_brand","embeddable":true,"href":"https:\/\/maqcenter.com\/pt-pt\/wp-json\/wp\/v2\/product_brand?post=21413"},{"taxonomy":"product_cat","embeddable":true,"href":"https:\/\/maqcenter.com\/pt-pt\/wp-json\/wp\/v2\/product_cat?post=21413"},{"taxonomy":"product_tag","embeddable":true,"href":"https:\/\/maqcenter.com\/pt-pt\/wp-json\/wp\/v2\/product_tag?post=21413"},{"taxonomy":"marca-producto","embeddable":true,"href":"https:\/\/maqcenter.com\/pt-pt\/wp-json\/wp\/v2\/marca-producto?post=21413"},{"taxonomy":"serie-producto","embeddable":true,"href":"https:\/\/maqcenter.com\/pt-pt\/wp-json\/wp\/v2\/serie-producto?post=21413"}],"curies":[{"name":"wp","href":"https:\/\/api.w.org\/{rel}","templated":true}]}}