{"id":21425,"date":"2021-02-25T14:01:46","date_gmt":"2021-02-25T12:01:46","guid":{"rendered":"https:\/\/maqcenter.com\/producto\/millac-1000vh\/"},"modified":"2021-02-25T14:01:46","modified_gmt":"2021-02-25T12:01:46","slug":"millac-1000vh","status":"publish","type":"product","link":"https:\/\/maqcenter.com\/pt-pt\/producto\/millac-1000vh\/","title":{"rendered":"MILLAC 1000VH"},"content":{"rendered":"<p>Este centro de usinagem multiplano de 5 eixos combina alta velocidade com alta rigidez. A constru\u00e7\u00e3o de coluna dupla do MILLAC 1000VH resiste a empenamentos e tor\u00e7\u00f5es, mantendo precis\u00f5es est\u00e1veis \u200b\u200bpor muito tempo. A estrutura combina guias deslizantes e rolos para movimento suave e posicionamento de alta precis\u00e3o. Al\u00e9m de usinar a superf\u00edcie superior no eixo vertical e usinar a superf\u00edcie lateral no eixo horizontal, um fuso girat\u00f3rio com indexa\u00e7\u00e3o de 0,001 \u00b0 permite a usinagem de qualquer declive, proporcionando maior precis\u00e3o, menor tempo de troca da ferramenta e significativo aumento de produtividade.   <\/p>\n","protected":false},"excerpt":{"rendered":"<p>Este centro de usinagem multiplano de 5 eixos combina alta velocidade com alta rigidez. A constru\u00e7\u00e3o de coluna dupla do MILLAC 1000VH resiste a empenamentos e tor\u00e7\u00f5es, mantendo precis\u00f5es est\u00e1veis \u200b\u200bpor muito tempo. A estrutura combina guias deslizantes e rolos para movimento suave e posicionamento de alta precis\u00e3o. Al\u00e9m de usinar a superf\u00edcie superior no [&hellip;]<\/p>\n","protected":false},"featured_media":21426,"template":"","meta":[],"product_brand":[],"product_cat":[504,505],"product_tag":[568,570,575],"marca-producto":[26],"serie-producto":[289],"class_list":{"0":"post-21425","1":"product","2":"type-product","3":"status-publish","4":"has-post-thumbnail","6":"product_cat-centros-de-maquinacao","7":"product_cat-centros-de-maquinacao-de-5-eixos","8":"product_tag-aeronautica-pt-pt","9":"product_tag-bens-de-equipamento","10":"product_tag-moldes-e-matrizes","11":"marca-producto-okuma","12":"serie-producto-millac-vh","14":"first","15":"instock","16":"product-type-simple"},"yoast_head":"<!-- This site is optimized with the Yoast SEO plugin v27.0 - https:\/\/yoast.com\/product\/yoast-seo-wordpress\/ -->\n<title>MILLAC 1000VH<\/title>\n<meta name=\"description\" content=\"MILLAC 1000VH. Este centro de usinagem multiplano de 5 eixos combina alta velocidade com alta rigidez. A constru\u00e7\u00e3o de coluna dupla do MILLAC 1000VH resiste a\" \/>\n<meta name=\"robots\" content=\"index, follow, max-snippet:-1, max-image-preview:large, max-video-preview:-1\" \/>\n<link rel=\"canonical\" href=\"https:\/\/maqcenter.com\/pt-pt\/producto\/millac-1000vh\/\" \/>\n<meta property=\"og:locale\" content=\"pt_PT\" \/>\n<meta property=\"og:type\" content=\"article\" \/>\n<meta property=\"og:title\" content=\"MILLAC 1000VH\" \/>\n<meta property=\"og:description\" content=\"MILLAC 1000VH. Este centro de usinagem multiplano de 5 eixos combina alta velocidade com alta rigidez. A constru\u00e7\u00e3o de coluna dupla do MILLAC 1000VH resiste a\" \/>\n<meta property=\"og:url\" content=\"https:\/\/maqcenter.com\/pt-pt\/producto\/millac-1000vh\/\" \/>\n<meta property=\"og:site_name\" content=\"MAQcenter\" \/>\n<meta property=\"og:image\" content=\"https:\/\/maqcenter.com\/wp-content\/uploads\/2021\/02\/OKUMA-MILLAC-1000VH.jpg\" \/>\n\t<meta property=\"og:image:width\" content=\"500\" \/>\n\t<meta property=\"og:image:height\" content=\"500\" \/>\n\t<meta property=\"og:image:type\" content=\"image\/jpeg\" \/>\n<meta name=\"twitter:card\" content=\"summary_large_image\" \/>\n<meta name=\"twitter:label1\" content=\"Tempo estimado de leitura\" \/>\n\t<meta name=\"twitter:data1\" content=\"1 minuto\" \/>\n<script type=\"application\/ld+json\" class=\"yoast-schema-graph\">{\"@context\":\"https:\/\/schema.org\",\"@graph\":[{\"@type\":[\"WebPage\",\"ItemPage\"],\"@id\":\"https:\/\/maqcenter.com\/pt-pt\/producto\/millac-1000vh\/\",\"url\":\"https:\/\/maqcenter.com\/pt-pt\/producto\/millac-1000vh\/\",\"name\":\"MILLAC 1000VH\",\"isPartOf\":{\"@id\":\"https:\/\/maqcenter.com\/pt-pt\/#website\"},\"primaryImageOfPage\":{\"@id\":\"https:\/\/maqcenter.com\/pt-pt\/producto\/millac-1000vh\/#primaryimage\"},\"image\":{\"@id\":\"https:\/\/maqcenter.com\/pt-pt\/producto\/millac-1000vh\/#primaryimage\"},\"thumbnailUrl\":\"https:\/\/maqcenter.com\/wp-content\/uploads\/2021\/02\/OKUMA-MILLAC-1000VH.jpg\",\"datePublished\":\"2021-02-25T12:01:46+00:00\",\"description\":\"MILLAC 1000VH. Este centro de usinagem multiplano de 5 eixos combina alta velocidade com alta rigidez. A constru\u00e7\u00e3o de coluna dupla do MILLAC 1000VH resiste a\",\"breadcrumb\":{\"@id\":\"https:\/\/maqcenter.com\/pt-pt\/producto\/millac-1000vh\/#breadcrumb\"},\"inLanguage\":\"pt-PT\",\"potentialAction\":[{\"@type\":\"ReadAction\",\"target\":[\"https:\/\/maqcenter.com\/pt-pt\/producto\/millac-1000vh\/\"]}]},{\"@type\":\"ImageObject\",\"inLanguage\":\"pt-PT\",\"@id\":\"https:\/\/maqcenter.com\/pt-pt\/producto\/millac-1000vh\/#primaryimage\",\"url\":\"https:\/\/maqcenter.com\/wp-content\/uploads\/2021\/02\/OKUMA-MILLAC-1000VH.jpg\",\"contentUrl\":\"https:\/\/maqcenter.com\/wp-content\/uploads\/2021\/02\/OKUMA-MILLAC-1000VH.jpg\",\"width\":500,\"height\":500},{\"@type\":\"BreadcrumbList\",\"@id\":\"https:\/\/maqcenter.com\/pt-pt\/producto\/millac-1000vh\/#breadcrumb\",\"itemListElement\":[{\"@type\":\"ListItem\",\"position\":1,\"name\":\"Productos\",\"item\":\"https:\/\/maqcenter.com\/pt-pt\/\"},{\"@type\":\"ListItem\",\"position\":2,\"name\":\"Produtos\",\"item\":\"https:\/\/maqcenter.com\/pt-pt\/shop\/\"},{\"@type\":\"ListItem\",\"position\":3,\"name\":\"MILLAC 1000VH\"}]},{\"@type\":\"WebSite\",\"@id\":\"https:\/\/maqcenter.com\/pt-pt\/#website\",\"url\":\"https:\/\/maqcenter.com\/pt-pt\/\",\"name\":\"MAQcenter\",\"description\":\"El centro de tus soluciones\",\"publisher\":{\"@id\":\"https:\/\/maqcenter.com\/pt-pt\/#organization\"},\"potentialAction\":[{\"@type\":\"SearchAction\",\"target\":{\"@type\":\"EntryPoint\",\"urlTemplate\":\"https:\/\/maqcenter.com\/pt-pt\/?s={search_term_string}\"},\"query-input\":{\"@type\":\"PropertyValueSpecification\",\"valueRequired\":true,\"valueName\":\"search_term_string\"}}],\"inLanguage\":\"pt-PT\"},{\"@type\":\"Organization\",\"@id\":\"https:\/\/maqcenter.com\/pt-pt\/#organization\",\"name\":\"MAQcenter S.A.\",\"url\":\"https:\/\/maqcenter.com\/pt-pt\/\",\"logo\":{\"@type\":\"ImageObject\",\"inLanguage\":\"pt-PT\",\"@id\":\"https:\/\/maqcenter.com\/pt-pt\/#\/schema\/logo\/image\/\",\"url\":\"https:\/\/maqcenter.com\/wp-content\/uploads\/2021\/02\/MAQcenter_logo_vertical.svg\",\"contentUrl\":\"https:\/\/maqcenter.com\/wp-content\/uploads\/2021\/02\/MAQcenter_logo_vertical.svg\",\"width\":300,\"height\":174,\"caption\":\"MAQcenter S.A.\"},\"image\":{\"@id\":\"https:\/\/maqcenter.com\/pt-pt\/#\/schema\/logo\/image\/\"}}]}<\/script>\n<!-- \/ Yoast SEO plugin. -->","yoast_head_json":{"title":"MILLAC 1000VH","description":"MILLAC 1000VH. Este centro de usinagem multiplano de 5 eixos combina alta velocidade com alta rigidez. A constru\u00e7\u00e3o de coluna dupla do MILLAC 1000VH resiste a","robots":{"index":"index","follow":"follow","max-snippet":"max-snippet:-1","max-image-preview":"max-image-preview:large","max-video-preview":"max-video-preview:-1"},"canonical":"https:\/\/maqcenter.com\/pt-pt\/producto\/millac-1000vh\/","og_locale":"pt_PT","og_type":"article","og_title":"MILLAC 1000VH","og_description":"MILLAC 1000VH. Este centro de usinagem multiplano de 5 eixos combina alta velocidade com alta rigidez. A constru\u00e7\u00e3o de coluna dupla do MILLAC 1000VH resiste a","og_url":"https:\/\/maqcenter.com\/pt-pt\/producto\/millac-1000vh\/","og_site_name":"MAQcenter","og_image":[{"width":500,"height":500,"url":"https:\/\/maqcenter.com\/wp-content\/uploads\/2021\/02\/OKUMA-MILLAC-1000VH.jpg","type":"image\/jpeg"}],"twitter_card":"summary_large_image","twitter_misc":{"Tempo estimado de leitura":"1 minuto"},"schema":{"@context":"https:\/\/schema.org","@graph":[{"@type":["WebPage","ItemPage"],"@id":"https:\/\/maqcenter.com\/pt-pt\/producto\/millac-1000vh\/","url":"https:\/\/maqcenter.com\/pt-pt\/producto\/millac-1000vh\/","name":"MILLAC 1000VH","isPartOf":{"@id":"https:\/\/maqcenter.com\/pt-pt\/#website"},"primaryImageOfPage":{"@id":"https:\/\/maqcenter.com\/pt-pt\/producto\/millac-1000vh\/#primaryimage"},"image":{"@id":"https:\/\/maqcenter.com\/pt-pt\/producto\/millac-1000vh\/#primaryimage"},"thumbnailUrl":"https:\/\/maqcenter.com\/wp-content\/uploads\/2021\/02\/OKUMA-MILLAC-1000VH.jpg","datePublished":"2021-02-25T12:01:46+00:00","description":"MILLAC 1000VH. Este centro de usinagem multiplano de 5 eixos combina alta velocidade com alta rigidez. A constru\u00e7\u00e3o de coluna dupla do MILLAC 1000VH resiste a","breadcrumb":{"@id":"https:\/\/maqcenter.com\/pt-pt\/producto\/millac-1000vh\/#breadcrumb"},"inLanguage":"pt-PT","potentialAction":[{"@type":"ReadAction","target":["https:\/\/maqcenter.com\/pt-pt\/producto\/millac-1000vh\/"]}]},{"@type":"ImageObject","inLanguage":"pt-PT","@id":"https:\/\/maqcenter.com\/pt-pt\/producto\/millac-1000vh\/#primaryimage","url":"https:\/\/maqcenter.com\/wp-content\/uploads\/2021\/02\/OKUMA-MILLAC-1000VH.jpg","contentUrl":"https:\/\/maqcenter.com\/wp-content\/uploads\/2021\/02\/OKUMA-MILLAC-1000VH.jpg","width":500,"height":500},{"@type":"BreadcrumbList","@id":"https:\/\/maqcenter.com\/pt-pt\/producto\/millac-1000vh\/#breadcrumb","itemListElement":[{"@type":"ListItem","position":1,"name":"Productos","item":"https:\/\/maqcenter.com\/pt-pt\/"},{"@type":"ListItem","position":2,"name":"Produtos","item":"https:\/\/maqcenter.com\/pt-pt\/shop\/"},{"@type":"ListItem","position":3,"name":"MILLAC 1000VH"}]},{"@type":"WebSite","@id":"https:\/\/maqcenter.com\/pt-pt\/#website","url":"https:\/\/maqcenter.com\/pt-pt\/","name":"MAQcenter","description":"El centro de tus soluciones","publisher":{"@id":"https:\/\/maqcenter.com\/pt-pt\/#organization"},"potentialAction":[{"@type":"SearchAction","target":{"@type":"EntryPoint","urlTemplate":"https:\/\/maqcenter.com\/pt-pt\/?s={search_term_string}"},"query-input":{"@type":"PropertyValueSpecification","valueRequired":true,"valueName":"search_term_string"}}],"inLanguage":"pt-PT"},{"@type":"Organization","@id":"https:\/\/maqcenter.com\/pt-pt\/#organization","name":"MAQcenter S.A.","url":"https:\/\/maqcenter.com\/pt-pt\/","logo":{"@type":"ImageObject","inLanguage":"pt-PT","@id":"https:\/\/maqcenter.com\/pt-pt\/#\/schema\/logo\/image\/","url":"https:\/\/maqcenter.com\/wp-content\/uploads\/2021\/02\/MAQcenter_logo_vertical.svg","contentUrl":"https:\/\/maqcenter.com\/wp-content\/uploads\/2021\/02\/MAQcenter_logo_vertical.svg","width":300,"height":174,"caption":"MAQcenter S.A."},"image":{"@id":"https:\/\/maqcenter.com\/pt-pt\/#\/schema\/logo\/image\/"}}]}},"_links":{"self":[{"href":"https:\/\/maqcenter.com\/pt-pt\/wp-json\/wp\/v2\/product\/21425","targetHints":{"allow":["GET"]}}],"collection":[{"href":"https:\/\/maqcenter.com\/pt-pt\/wp-json\/wp\/v2\/product"}],"about":[{"href":"https:\/\/maqcenter.com\/pt-pt\/wp-json\/wp\/v2\/types\/product"}],"wp:featuredmedia":[{"embeddable":true,"href":"https:\/\/maqcenter.com\/pt-pt\/wp-json\/wp\/v2\/media\/21426"}],"wp:attachment":[{"href":"https:\/\/maqcenter.com\/pt-pt\/wp-json\/wp\/v2\/media?parent=21425"}],"wp:term":[{"taxonomy":"product_brand","embeddable":true,"href":"https:\/\/maqcenter.com\/pt-pt\/wp-json\/wp\/v2\/product_brand?post=21425"},{"taxonomy":"product_cat","embeddable":true,"href":"https:\/\/maqcenter.com\/pt-pt\/wp-json\/wp\/v2\/product_cat?post=21425"},{"taxonomy":"product_tag","embeddable":true,"href":"https:\/\/maqcenter.com\/pt-pt\/wp-json\/wp\/v2\/product_tag?post=21425"},{"taxonomy":"marca-producto","embeddable":true,"href":"https:\/\/maqcenter.com\/pt-pt\/wp-json\/wp\/v2\/marca-producto?post=21425"},{"taxonomy":"serie-producto","embeddable":true,"href":"https:\/\/maqcenter.com\/pt-pt\/wp-json\/wp\/v2\/serie-producto?post=21425"}],"curies":[{"name":"wp","href":"https:\/\/api.w.org\/{rel}","templated":true}]}}