{"id":21440,"date":"2021-02-25T14:01:53","date_gmt":"2021-02-25T12:01:53","guid":{"rendered":"https:\/\/maqcenter.com\/producto\/multus-u4000-laser-ex\/"},"modified":"2021-02-25T14:01:53","modified_gmt":"2021-02-25T12:01:53","slug":"multus-u4000-laser-ex","status":"publish","type":"product","link":"https:\/\/maqcenter.com\/pt-pt\/producto\/multus-u4000-laser-ex\/","title":{"rendered":"MULTUS U4000 LASER EX"},"content":{"rendered":"<p>O MULTUS U4000 LASER EX da Okuma permite que voc\u00ea integre a tecnologia de endurecimento a laser para processos que incluem usinagem cil\u00edndrica, torneamento, retifica\u00e7\u00e3o e fresamento, tudo em uma m\u00e1quina e em um \u00fanico conjunto.<br \/>\nUsinagem de alta precis\u00e3o em processos de t\u00eampera.<br \/>\nUma superm\u00e1quina multitarefa de \u00faltima gera\u00e7\u00e3o, a MULTUS U4000 com seu trocador autom\u00e1tico de ferramentas e op\u00e7\u00e3o de subfuso e torre inferior, oferece a voc\u00ea a pot\u00eancia da melhor m\u00e1quina multitarefa do mercado com a mais inovadora tecnologia de aditivos industriais.<br \/>\nGra\u00e7as ao controle mais poderoso e intuitivo da Okuma, o OSP-P300, que inclui fun\u00e7\u00f5es avan\u00e7adas como o CAS &#8220;Sistema de preven\u00e7\u00e3o de colis\u00e3o&#8221;, o controle completo do processo em uma m\u00e1quina h\u00edbrida \u00e9 poss\u00edvel.<\/p>\n","protected":false},"excerpt":{"rendered":"<p>O MULTUS U4000 LASER EX da Okuma permite que voc\u00ea integre a tecnologia de endurecimento a laser para processos que incluem usinagem cil\u00edndrica, torneamento, retifica\u00e7\u00e3o e fresamento, tudo em uma m\u00e1quina e em um \u00fanico conjunto. Usinagem de alta precis\u00e3o em processos de t\u00eampera. Uma superm\u00e1quina multitarefa de \u00faltima gera\u00e7\u00e3o, a MULTUS U4000 com seu [&hellip;]<\/p>\n","protected":false},"featured_media":21441,"template":"","meta":[],"product_brand":[],"product_cat":[518,519,563,566],"product_tag":[568,570,572,573,575],"marca-producto":[26],"serie-producto":[294],"class_list":{"0":"post-21440","1":"product","2":"type-product","3":"status-publish","4":"has-post-thumbnail","6":"product_cat-fabrico-aditivo","7":"product_cat-fabrico-de-aditivos-metalicos","8":"product_cat-tornos-pt-pt","9":"product_cat-tornos-multitarefa","10":"product_tag-aeronautica-pt-pt","11":"product_tag-bens-de-equipamento","12":"product_tag-ferrovia","13":"product_tag-grande-consumo","14":"product_tag-moldes-e-matrizes","15":"marca-producto-okuma","16":"serie-producto-multus-u-laser-ex","18":"first","19":"instock","20":"product-type-simple"},"yoast_head":"<!-- This site is optimized with the Yoast SEO plugin v27.0 - https:\/\/yoast.com\/product\/yoast-seo-wordpress\/ -->\n<title>MULTUS U4000 LASER EX<\/title>\n<meta name=\"description\" content=\"MULTUS U4000 LASER EX. O MULTUS U4000 LASER EX da Okuma permite que voc\u00ea integre a tecnologia de endurecimento a laser para processos que incluem usinagem cil\u00edndrica,\" \/>\n<meta name=\"robots\" content=\"index, follow, max-snippet:-1, max-image-preview:large, max-video-preview:-1\" \/>\n<link rel=\"canonical\" href=\"https:\/\/maqcenter.com\/pt-pt\/producto\/multus-u4000-laser-ex\/\" \/>\n<meta property=\"og:locale\" content=\"pt_PT\" \/>\n<meta property=\"og:type\" content=\"article\" \/>\n<meta property=\"og:title\" content=\"MULTUS U4000 LASER EX\" \/>\n<meta property=\"og:description\" content=\"MULTUS U4000 LASER EX. O MULTUS U4000 LASER EX da Okuma permite que voc\u00ea integre a tecnologia de endurecimento a laser para processos que incluem usinagem cil\u00edndrica,\" \/>\n<meta property=\"og:url\" content=\"https:\/\/maqcenter.com\/pt-pt\/producto\/multus-u4000-laser-ex\/\" \/>\n<meta property=\"og:site_name\" content=\"MAQcenter\" \/>\n<meta name=\"twitter:card\" content=\"summary_large_image\" \/>\n<meta name=\"twitter:label1\" content=\"Tempo estimado de leitura\" \/>\n\t<meta name=\"twitter:data1\" content=\"1 minuto\" \/>\n<script type=\"application\/ld+json\" class=\"yoast-schema-graph\">{\"@context\":\"https:\/\/schema.org\",\"@graph\":[{\"@type\":[\"WebPage\",\"ItemPage\"],\"@id\":\"https:\/\/maqcenter.com\/pt-pt\/producto\/multus-u4000-laser-ex\/\",\"url\":\"https:\/\/maqcenter.com\/pt-pt\/producto\/multus-u4000-laser-ex\/\",\"name\":\"MULTUS U4000 LASER EX\",\"isPartOf\":{\"@id\":\"https:\/\/maqcenter.com\/pt-pt\/#website\"},\"primaryImageOfPage\":{\"@id\":\"https:\/\/maqcenter.com\/pt-pt\/producto\/multus-u4000-laser-ex\/#primaryimage\"},\"image\":{\"@id\":\"https:\/\/maqcenter.com\/pt-pt\/producto\/multus-u4000-laser-ex\/#primaryimage\"},\"thumbnailUrl\":\"https:\/\/maqcenter.com\/wp-content\/uploads\/2021\/02\/OKUMA-MULTUS-U4000-laser-EX.jpg\",\"datePublished\":\"2021-02-25T12:01:53+00:00\",\"description\":\"MULTUS U4000 LASER EX. O MULTUS U4000 LASER EX da Okuma permite que voc\u00ea integre a tecnologia de endurecimento a laser para processos que incluem usinagem cil\u00edndrica,\",\"breadcrumb\":{\"@id\":\"https:\/\/maqcenter.com\/pt-pt\/producto\/multus-u4000-laser-ex\/#breadcrumb\"},\"inLanguage\":\"pt-PT\",\"potentialAction\":[{\"@type\":\"ReadAction\",\"target\":[\"https:\/\/maqcenter.com\/pt-pt\/producto\/multus-u4000-laser-ex\/\"]}]},{\"@type\":\"ImageObject\",\"inLanguage\":\"pt-PT\",\"@id\":\"https:\/\/maqcenter.com\/pt-pt\/producto\/multus-u4000-laser-ex\/#primaryimage\",\"url\":\"https:\/\/maqcenter.com\/wp-content\/uploads\/2021\/02\/OKUMA-MULTUS-U4000-laser-EX.jpg\",\"contentUrl\":\"https:\/\/maqcenter.com\/wp-content\/uploads\/2021\/02\/OKUMA-MULTUS-U4000-laser-EX.jpg\",\"width\":500,\"height\":500},{\"@type\":\"BreadcrumbList\",\"@id\":\"https:\/\/maqcenter.com\/pt-pt\/producto\/multus-u4000-laser-ex\/#breadcrumb\",\"itemListElement\":[{\"@type\":\"ListItem\",\"position\":1,\"name\":\"Productos\",\"item\":\"https:\/\/maqcenter.com\/pt-pt\/\"},{\"@type\":\"ListItem\",\"position\":2,\"name\":\"Produtos\",\"item\":\"https:\/\/maqcenter.com\/pt-pt\/shop\/\"},{\"@type\":\"ListItem\",\"position\":3,\"name\":\"MULTUS U4000 LASER EX\"}]},{\"@type\":\"WebSite\",\"@id\":\"https:\/\/maqcenter.com\/pt-pt\/#website\",\"url\":\"https:\/\/maqcenter.com\/pt-pt\/\",\"name\":\"MAQcenter\",\"description\":\"El centro de tus soluciones\",\"publisher\":{\"@id\":\"https:\/\/maqcenter.com\/pt-pt\/#organization\"},\"potentialAction\":[{\"@type\":\"SearchAction\",\"target\":{\"@type\":\"EntryPoint\",\"urlTemplate\":\"https:\/\/maqcenter.com\/pt-pt\/?s={search_term_string}\"},\"query-input\":{\"@type\":\"PropertyValueSpecification\",\"valueRequired\":true,\"valueName\":\"search_term_string\"}}],\"inLanguage\":\"pt-PT\"},{\"@type\":\"Organization\",\"@id\":\"https:\/\/maqcenter.com\/pt-pt\/#organization\",\"name\":\"MAQcenter S.A.\",\"url\":\"https:\/\/maqcenter.com\/pt-pt\/\",\"logo\":{\"@type\":\"ImageObject\",\"inLanguage\":\"pt-PT\",\"@id\":\"https:\/\/maqcenter.com\/pt-pt\/#\/schema\/logo\/image\/\",\"url\":\"https:\/\/maqcenter.com\/wp-content\/uploads\/2021\/02\/MAQcenter_logo_vertical.svg\",\"contentUrl\":\"https:\/\/maqcenter.com\/wp-content\/uploads\/2021\/02\/MAQcenter_logo_vertical.svg\",\"width\":300,\"height\":174,\"caption\":\"MAQcenter S.A.\"},\"image\":{\"@id\":\"https:\/\/maqcenter.com\/pt-pt\/#\/schema\/logo\/image\/\"}}]}<\/script>\n<!-- \/ Yoast SEO plugin. -->","yoast_head_json":{"title":"MULTUS U4000 LASER EX","description":"MULTUS U4000 LASER EX. O MULTUS U4000 LASER EX da Okuma permite que voc\u00ea integre a tecnologia de endurecimento a laser para processos que incluem usinagem cil\u00edndrica,","robots":{"index":"index","follow":"follow","max-snippet":"max-snippet:-1","max-image-preview":"max-image-preview:large","max-video-preview":"max-video-preview:-1"},"canonical":"https:\/\/maqcenter.com\/pt-pt\/producto\/multus-u4000-laser-ex\/","og_locale":"pt_PT","og_type":"article","og_title":"MULTUS U4000 LASER EX","og_description":"MULTUS U4000 LASER EX. O MULTUS U4000 LASER EX da Okuma permite que voc\u00ea integre a tecnologia de endurecimento a laser para processos que incluem usinagem cil\u00edndrica,","og_url":"https:\/\/maqcenter.com\/pt-pt\/producto\/multus-u4000-laser-ex\/","og_site_name":"MAQcenter","twitter_card":"summary_large_image","twitter_misc":{"Tempo estimado de leitura":"1 minuto"},"schema":{"@context":"https:\/\/schema.org","@graph":[{"@type":["WebPage","ItemPage"],"@id":"https:\/\/maqcenter.com\/pt-pt\/producto\/multus-u4000-laser-ex\/","url":"https:\/\/maqcenter.com\/pt-pt\/producto\/multus-u4000-laser-ex\/","name":"MULTUS U4000 LASER EX","isPartOf":{"@id":"https:\/\/maqcenter.com\/pt-pt\/#website"},"primaryImageOfPage":{"@id":"https:\/\/maqcenter.com\/pt-pt\/producto\/multus-u4000-laser-ex\/#primaryimage"},"image":{"@id":"https:\/\/maqcenter.com\/pt-pt\/producto\/multus-u4000-laser-ex\/#primaryimage"},"thumbnailUrl":"https:\/\/maqcenter.com\/wp-content\/uploads\/2021\/02\/OKUMA-MULTUS-U4000-laser-EX.jpg","datePublished":"2021-02-25T12:01:53+00:00","description":"MULTUS U4000 LASER EX. O MULTUS U4000 LASER EX da Okuma permite que voc\u00ea integre a tecnologia de endurecimento a laser para processos que incluem usinagem cil\u00edndrica,","breadcrumb":{"@id":"https:\/\/maqcenter.com\/pt-pt\/producto\/multus-u4000-laser-ex\/#breadcrumb"},"inLanguage":"pt-PT","potentialAction":[{"@type":"ReadAction","target":["https:\/\/maqcenter.com\/pt-pt\/producto\/multus-u4000-laser-ex\/"]}]},{"@type":"ImageObject","inLanguage":"pt-PT","@id":"https:\/\/maqcenter.com\/pt-pt\/producto\/multus-u4000-laser-ex\/#primaryimage","url":"https:\/\/maqcenter.com\/wp-content\/uploads\/2021\/02\/OKUMA-MULTUS-U4000-laser-EX.jpg","contentUrl":"https:\/\/maqcenter.com\/wp-content\/uploads\/2021\/02\/OKUMA-MULTUS-U4000-laser-EX.jpg","width":500,"height":500},{"@type":"BreadcrumbList","@id":"https:\/\/maqcenter.com\/pt-pt\/producto\/multus-u4000-laser-ex\/#breadcrumb","itemListElement":[{"@type":"ListItem","position":1,"name":"Productos","item":"https:\/\/maqcenter.com\/pt-pt\/"},{"@type":"ListItem","position":2,"name":"Produtos","item":"https:\/\/maqcenter.com\/pt-pt\/shop\/"},{"@type":"ListItem","position":3,"name":"MULTUS U4000 LASER EX"}]},{"@type":"WebSite","@id":"https:\/\/maqcenter.com\/pt-pt\/#website","url":"https:\/\/maqcenter.com\/pt-pt\/","name":"MAQcenter","description":"El centro de tus soluciones","publisher":{"@id":"https:\/\/maqcenter.com\/pt-pt\/#organization"},"potentialAction":[{"@type":"SearchAction","target":{"@type":"EntryPoint","urlTemplate":"https:\/\/maqcenter.com\/pt-pt\/?s={search_term_string}"},"query-input":{"@type":"PropertyValueSpecification","valueRequired":true,"valueName":"search_term_string"}}],"inLanguage":"pt-PT"},{"@type":"Organization","@id":"https:\/\/maqcenter.com\/pt-pt\/#organization","name":"MAQcenter S.A.","url":"https:\/\/maqcenter.com\/pt-pt\/","logo":{"@type":"ImageObject","inLanguage":"pt-PT","@id":"https:\/\/maqcenter.com\/pt-pt\/#\/schema\/logo\/image\/","url":"https:\/\/maqcenter.com\/wp-content\/uploads\/2021\/02\/MAQcenter_logo_vertical.svg","contentUrl":"https:\/\/maqcenter.com\/wp-content\/uploads\/2021\/02\/MAQcenter_logo_vertical.svg","width":300,"height":174,"caption":"MAQcenter S.A."},"image":{"@id":"https:\/\/maqcenter.com\/pt-pt\/#\/schema\/logo\/image\/"}}]}},"_links":{"self":[{"href":"https:\/\/maqcenter.com\/pt-pt\/wp-json\/wp\/v2\/product\/21440","targetHints":{"allow":["GET"]}}],"collection":[{"href":"https:\/\/maqcenter.com\/pt-pt\/wp-json\/wp\/v2\/product"}],"about":[{"href":"https:\/\/maqcenter.com\/pt-pt\/wp-json\/wp\/v2\/types\/product"}],"wp:featuredmedia":[{"embeddable":true,"href":"https:\/\/maqcenter.com\/pt-pt\/wp-json\/wp\/v2\/media\/21441"}],"wp:attachment":[{"href":"https:\/\/maqcenter.com\/pt-pt\/wp-json\/wp\/v2\/media?parent=21440"}],"wp:term":[{"taxonomy":"product_brand","embeddable":true,"href":"https:\/\/maqcenter.com\/pt-pt\/wp-json\/wp\/v2\/product_brand?post=21440"},{"taxonomy":"product_cat","embeddable":true,"href":"https:\/\/maqcenter.com\/pt-pt\/wp-json\/wp\/v2\/product_cat?post=21440"},{"taxonomy":"product_tag","embeddable":true,"href":"https:\/\/maqcenter.com\/pt-pt\/wp-json\/wp\/v2\/product_tag?post=21440"},{"taxonomy":"marca-producto","embeddable":true,"href":"https:\/\/maqcenter.com\/pt-pt\/wp-json\/wp\/v2\/marca-producto?post=21440"},{"taxonomy":"serie-producto","embeddable":true,"href":"https:\/\/maqcenter.com\/pt-pt\/wp-json\/wp\/v2\/serie-producto?post=21440"}],"curies":[{"name":"wp","href":"https:\/\/api.w.org\/{rel}","templated":true}]}}