{"id":21455,"date":"2021-02-25T14:01:53","date_gmt":"2021-02-25T12:01:53","guid":{"rendered":"https:\/\/maqcenter.com\/producto\/mu-5000v-laser-ex\/"},"modified":"2021-02-25T14:01:53","modified_gmt":"2021-02-25T12:01:53","slug":"mu-5000v-laser-ex","status":"publish","type":"product","link":"https:\/\/maqcenter.com\/pt-pt\/producto\/mu-5000v-laser-ex\/","title":{"rendered":"MU-5000V LASER EX"},"content":{"rendered":"<p>O MU-5000V LASER EX \u00e9 uma m\u00e1quina super multitarefa que combina manufatura aditiva em tecnologia LMD e usinagem subtrativa convencional.<br \/>\nA tecnologia de deposi\u00e7\u00e3o de metal a laser (LMD), tamb\u00e9m conhecida como revestimento de laser, expele o p\u00f3 de metal pelos bicos e executa a fus\u00e3o completa a laser. Isso permite que voc\u00ea combine diferentes tipos de materiais e, assim, obtenha propriedades exclusivas na nova pe\u00e7a fabricada.<br \/>\nEsta m\u00e1quina-ferramenta representa o mais alto grau na fabrica\u00e7\u00e3o de aditivos industriais, onde as pe\u00e7as podem ser reparadas e inspecionadas ao longo de todo o processo e, por meio do controle vari\u00e1vel do di\u00e2metro do ponto do laser (\u00d80,4 a 8,5 mm), a efici\u00eancia \u00e9 aumentada. E a mais alta resolu\u00e7\u00e3o de impressao 3D.<br \/>\nO processo MU-5000V LASER EX LMD da Okuma oferece estes benef\u00edcios:<br \/>\nInspe\u00e7\u00e3o de pe\u00e7as a meio do processo e deposi\u00e7\u00e3o de diversos materiais.<br \/>\nUso de fluido de corte refrigerante no ambiente de trabalho.<br \/>\nProcesso de entrega de material mais r\u00e1pido do que a tecnologia SLM.<br \/>\nFabricado em 3 dimens\u00f5es.<\/p>\n","protected":false},"excerpt":{"rendered":"<p>O MU-5000V LASER EX \u00e9 uma m\u00e1quina super multitarefa que combina manufatura aditiva em tecnologia LMD e usinagem subtrativa convencional. A tecnologia de deposi\u00e7\u00e3o de metal a laser (LMD), tamb\u00e9m conhecida como revestimento de laser, expele o p\u00f3 de metal pelos bicos e executa a fus\u00e3o completa a laser. Isso permite que voc\u00ea combine diferentes [&hellip;]<\/p>\n","protected":false},"featured_media":21456,"template":"","meta":[],"product_brand":[],"product_cat":[504,505,518,519],"product_tag":[568,570,572,573,575],"marca-producto":[26],"serie-producto":[293],"class_list":{"0":"post-21455","1":"product","2":"type-product","3":"status-publish","4":"has-post-thumbnail","6":"product_cat-centros-de-maquinacao","7":"product_cat-centros-de-maquinacao-de-5-eixos","8":"product_cat-fabrico-aditivo","9":"product_cat-fabrico-de-aditivos-metalicos","10":"product_tag-aeronautica-pt-pt","11":"product_tag-bens-de-equipamento","12":"product_tag-ferrovia","13":"product_tag-grande-consumo","14":"product_tag-moldes-e-matrizes","15":"marca-producto-okuma","16":"serie-producto-mu-v-laser-ex","18":"first","19":"instock","20":"product-type-simple"},"yoast_head":"<!-- This site is optimized with the Yoast SEO plugin v27.0 - https:\/\/yoast.com\/product\/yoast-seo-wordpress\/ -->\n<title>MU-5000V LASER EX<\/title>\n<meta name=\"description\" content=\"MU-5000V LASER EX. O MU-5000V LASER EX \u00e9 uma m\u00e1quina super multitarefa que combina manufatura aditiva em tecnologia LMD e usinagem subtrativa convencional. A tecnologia de\" \/>\n<meta name=\"robots\" content=\"index, follow, max-snippet:-1, max-image-preview:large, max-video-preview:-1\" \/>\n<link rel=\"canonical\" href=\"https:\/\/maqcenter.com\/pt-pt\/producto\/mu-5000v-laser-ex\/\" \/>\n<meta property=\"og:locale\" content=\"pt_PT\" \/>\n<meta property=\"og:type\" content=\"article\" \/>\n<meta property=\"og:title\" content=\"MU-5000V LASER EX\" \/>\n<meta property=\"og:description\" content=\"MU-5000V LASER EX. O MU-5000V LASER EX \u00e9 uma m\u00e1quina super multitarefa que combina manufatura aditiva em tecnologia LMD e usinagem subtrativa convencional. A tecnologia de\" \/>\n<meta property=\"og:url\" content=\"https:\/\/maqcenter.com\/pt-pt\/producto\/mu-5000v-laser-ex\/\" \/>\n<meta property=\"og:site_name\" content=\"MAQcenter\" \/>\n<meta property=\"og:image\" content=\"https:\/\/maqcenter.com\/wp-content\/uploads\/2021\/02\/OKUMA-MU-5000V-laser-EX.jpg\" \/>\n\t<meta property=\"og:image:width\" content=\"500\" \/>\n\t<meta property=\"og:image:height\" content=\"500\" \/>\n\t<meta property=\"og:image:type\" content=\"image\/jpeg\" \/>\n<meta name=\"twitter:card\" content=\"summary_large_image\" \/>\n<meta name=\"twitter:label1\" content=\"Tempo estimado de leitura\" \/>\n\t<meta name=\"twitter:data1\" content=\"1 minuto\" \/>\n<script type=\"application\/ld+json\" class=\"yoast-schema-graph\">{\"@context\":\"https:\/\/schema.org\",\"@graph\":[{\"@type\":[\"WebPage\",\"ItemPage\"],\"@id\":\"https:\/\/maqcenter.com\/pt-pt\/producto\/mu-5000v-laser-ex\/\",\"url\":\"https:\/\/maqcenter.com\/pt-pt\/producto\/mu-5000v-laser-ex\/\",\"name\":\"MU-5000V LASER EX\",\"isPartOf\":{\"@id\":\"https:\/\/maqcenter.com\/pt-pt\/#website\"},\"primaryImageOfPage\":{\"@id\":\"https:\/\/maqcenter.com\/pt-pt\/producto\/mu-5000v-laser-ex\/#primaryimage\"},\"image\":{\"@id\":\"https:\/\/maqcenter.com\/pt-pt\/producto\/mu-5000v-laser-ex\/#primaryimage\"},\"thumbnailUrl\":\"https:\/\/maqcenter.com\/wp-content\/uploads\/2021\/02\/OKUMA-MU-5000V-laser-EX.jpg\",\"datePublished\":\"2021-02-25T12:01:53+00:00\",\"description\":\"MU-5000V LASER EX. O MU-5000V LASER EX \u00e9 uma m\u00e1quina super multitarefa que combina manufatura aditiva em tecnologia LMD e usinagem subtrativa convencional. A tecnologia de\",\"breadcrumb\":{\"@id\":\"https:\/\/maqcenter.com\/pt-pt\/producto\/mu-5000v-laser-ex\/#breadcrumb\"},\"inLanguage\":\"pt-PT\",\"potentialAction\":[{\"@type\":\"ReadAction\",\"target\":[\"https:\/\/maqcenter.com\/pt-pt\/producto\/mu-5000v-laser-ex\/\"]}]},{\"@type\":\"ImageObject\",\"inLanguage\":\"pt-PT\",\"@id\":\"https:\/\/maqcenter.com\/pt-pt\/producto\/mu-5000v-laser-ex\/#primaryimage\",\"url\":\"https:\/\/maqcenter.com\/wp-content\/uploads\/2021\/02\/OKUMA-MU-5000V-laser-EX.jpg\",\"contentUrl\":\"https:\/\/maqcenter.com\/wp-content\/uploads\/2021\/02\/OKUMA-MU-5000V-laser-EX.jpg\",\"width\":500,\"height\":500},{\"@type\":\"BreadcrumbList\",\"@id\":\"https:\/\/maqcenter.com\/pt-pt\/producto\/mu-5000v-laser-ex\/#breadcrumb\",\"itemListElement\":[{\"@type\":\"ListItem\",\"position\":1,\"name\":\"Productos\",\"item\":\"https:\/\/maqcenter.com\/pt-pt\/\"},{\"@type\":\"ListItem\",\"position\":2,\"name\":\"Produtos\",\"item\":\"https:\/\/maqcenter.com\/pt-pt\/shop\/\"},{\"@type\":\"ListItem\",\"position\":3,\"name\":\"MU-5000V LASER EX\"}]},{\"@type\":\"WebSite\",\"@id\":\"https:\/\/maqcenter.com\/pt-pt\/#website\",\"url\":\"https:\/\/maqcenter.com\/pt-pt\/\",\"name\":\"MAQcenter\",\"description\":\"El centro de tus soluciones\",\"publisher\":{\"@id\":\"https:\/\/maqcenter.com\/pt-pt\/#organization\"},\"potentialAction\":[{\"@type\":\"SearchAction\",\"target\":{\"@type\":\"EntryPoint\",\"urlTemplate\":\"https:\/\/maqcenter.com\/pt-pt\/?s={search_term_string}\"},\"query-input\":{\"@type\":\"PropertyValueSpecification\",\"valueRequired\":true,\"valueName\":\"search_term_string\"}}],\"inLanguage\":\"pt-PT\"},{\"@type\":\"Organization\",\"@id\":\"https:\/\/maqcenter.com\/pt-pt\/#organization\",\"name\":\"MAQcenter S.A.\",\"url\":\"https:\/\/maqcenter.com\/pt-pt\/\",\"logo\":{\"@type\":\"ImageObject\",\"inLanguage\":\"pt-PT\",\"@id\":\"https:\/\/maqcenter.com\/pt-pt\/#\/schema\/logo\/image\/\",\"url\":\"https:\/\/maqcenter.com\/wp-content\/uploads\/2021\/02\/MAQcenter_logo_vertical.svg\",\"contentUrl\":\"https:\/\/maqcenter.com\/wp-content\/uploads\/2021\/02\/MAQcenter_logo_vertical.svg\",\"width\":300,\"height\":174,\"caption\":\"MAQcenter S.A.\"},\"image\":{\"@id\":\"https:\/\/maqcenter.com\/pt-pt\/#\/schema\/logo\/image\/\"}}]}<\/script>\n<!-- \/ Yoast SEO plugin. -->","yoast_head_json":{"title":"MU-5000V LASER EX","description":"MU-5000V LASER EX. O MU-5000V LASER EX \u00e9 uma m\u00e1quina super multitarefa que combina manufatura aditiva em tecnologia LMD e usinagem subtrativa convencional. A tecnologia de","robots":{"index":"index","follow":"follow","max-snippet":"max-snippet:-1","max-image-preview":"max-image-preview:large","max-video-preview":"max-video-preview:-1"},"canonical":"https:\/\/maqcenter.com\/pt-pt\/producto\/mu-5000v-laser-ex\/","og_locale":"pt_PT","og_type":"article","og_title":"MU-5000V LASER EX","og_description":"MU-5000V LASER EX. O MU-5000V LASER EX \u00e9 uma m\u00e1quina super multitarefa que combina manufatura aditiva em tecnologia LMD e usinagem subtrativa convencional. A tecnologia de","og_url":"https:\/\/maqcenter.com\/pt-pt\/producto\/mu-5000v-laser-ex\/","og_site_name":"MAQcenter","og_image":[{"width":500,"height":500,"url":"https:\/\/maqcenter.com\/wp-content\/uploads\/2021\/02\/OKUMA-MU-5000V-laser-EX.jpg","type":"image\/jpeg"}],"twitter_card":"summary_large_image","twitter_misc":{"Tempo estimado de leitura":"1 minuto"},"schema":{"@context":"https:\/\/schema.org","@graph":[{"@type":["WebPage","ItemPage"],"@id":"https:\/\/maqcenter.com\/pt-pt\/producto\/mu-5000v-laser-ex\/","url":"https:\/\/maqcenter.com\/pt-pt\/producto\/mu-5000v-laser-ex\/","name":"MU-5000V LASER EX","isPartOf":{"@id":"https:\/\/maqcenter.com\/pt-pt\/#website"},"primaryImageOfPage":{"@id":"https:\/\/maqcenter.com\/pt-pt\/producto\/mu-5000v-laser-ex\/#primaryimage"},"image":{"@id":"https:\/\/maqcenter.com\/pt-pt\/producto\/mu-5000v-laser-ex\/#primaryimage"},"thumbnailUrl":"https:\/\/maqcenter.com\/wp-content\/uploads\/2021\/02\/OKUMA-MU-5000V-laser-EX.jpg","datePublished":"2021-02-25T12:01:53+00:00","description":"MU-5000V LASER EX. O MU-5000V LASER EX \u00e9 uma m\u00e1quina super multitarefa que combina manufatura aditiva em tecnologia LMD e usinagem subtrativa convencional. A tecnologia de","breadcrumb":{"@id":"https:\/\/maqcenter.com\/pt-pt\/producto\/mu-5000v-laser-ex\/#breadcrumb"},"inLanguage":"pt-PT","potentialAction":[{"@type":"ReadAction","target":["https:\/\/maqcenter.com\/pt-pt\/producto\/mu-5000v-laser-ex\/"]}]},{"@type":"ImageObject","inLanguage":"pt-PT","@id":"https:\/\/maqcenter.com\/pt-pt\/producto\/mu-5000v-laser-ex\/#primaryimage","url":"https:\/\/maqcenter.com\/wp-content\/uploads\/2021\/02\/OKUMA-MU-5000V-laser-EX.jpg","contentUrl":"https:\/\/maqcenter.com\/wp-content\/uploads\/2021\/02\/OKUMA-MU-5000V-laser-EX.jpg","width":500,"height":500},{"@type":"BreadcrumbList","@id":"https:\/\/maqcenter.com\/pt-pt\/producto\/mu-5000v-laser-ex\/#breadcrumb","itemListElement":[{"@type":"ListItem","position":1,"name":"Productos","item":"https:\/\/maqcenter.com\/pt-pt\/"},{"@type":"ListItem","position":2,"name":"Produtos","item":"https:\/\/maqcenter.com\/pt-pt\/shop\/"},{"@type":"ListItem","position":3,"name":"MU-5000V LASER EX"}]},{"@type":"WebSite","@id":"https:\/\/maqcenter.com\/pt-pt\/#website","url":"https:\/\/maqcenter.com\/pt-pt\/","name":"MAQcenter","description":"El centro de tus soluciones","publisher":{"@id":"https:\/\/maqcenter.com\/pt-pt\/#organization"},"potentialAction":[{"@type":"SearchAction","target":{"@type":"EntryPoint","urlTemplate":"https:\/\/maqcenter.com\/pt-pt\/?s={search_term_string}"},"query-input":{"@type":"PropertyValueSpecification","valueRequired":true,"valueName":"search_term_string"}}],"inLanguage":"pt-PT"},{"@type":"Organization","@id":"https:\/\/maqcenter.com\/pt-pt\/#organization","name":"MAQcenter S.A.","url":"https:\/\/maqcenter.com\/pt-pt\/","logo":{"@type":"ImageObject","inLanguage":"pt-PT","@id":"https:\/\/maqcenter.com\/pt-pt\/#\/schema\/logo\/image\/","url":"https:\/\/maqcenter.com\/wp-content\/uploads\/2021\/02\/MAQcenter_logo_vertical.svg","contentUrl":"https:\/\/maqcenter.com\/wp-content\/uploads\/2021\/02\/MAQcenter_logo_vertical.svg","width":300,"height":174,"caption":"MAQcenter S.A."},"image":{"@id":"https:\/\/maqcenter.com\/pt-pt\/#\/schema\/logo\/image\/"}}]}},"_links":{"self":[{"href":"https:\/\/maqcenter.com\/pt-pt\/wp-json\/wp\/v2\/product\/21455","targetHints":{"allow":["GET"]}}],"collection":[{"href":"https:\/\/maqcenter.com\/pt-pt\/wp-json\/wp\/v2\/product"}],"about":[{"href":"https:\/\/maqcenter.com\/pt-pt\/wp-json\/wp\/v2\/types\/product"}],"wp:featuredmedia":[{"embeddable":true,"href":"https:\/\/maqcenter.com\/pt-pt\/wp-json\/wp\/v2\/media\/21456"}],"wp:attachment":[{"href":"https:\/\/maqcenter.com\/pt-pt\/wp-json\/wp\/v2\/media?parent=21455"}],"wp:term":[{"taxonomy":"product_brand","embeddable":true,"href":"https:\/\/maqcenter.com\/pt-pt\/wp-json\/wp\/v2\/product_brand?post=21455"},{"taxonomy":"product_cat","embeddable":true,"href":"https:\/\/maqcenter.com\/pt-pt\/wp-json\/wp\/v2\/product_cat?post=21455"},{"taxonomy":"product_tag","embeddable":true,"href":"https:\/\/maqcenter.com\/pt-pt\/wp-json\/wp\/v2\/product_tag?post=21455"},{"taxonomy":"marca-producto","embeddable":true,"href":"https:\/\/maqcenter.com\/pt-pt\/wp-json\/wp\/v2\/marca-producto?post=21455"},{"taxonomy":"serie-producto","embeddable":true,"href":"https:\/\/maqcenter.com\/pt-pt\/wp-json\/wp\/v2\/serie-producto?post=21455"}],"curies":[{"name":"wp","href":"https:\/\/api.w.org\/{rel}","templated":true}]}}