{"id":21497,"date":"2021-04-25T19:21:09","date_gmt":"2021-04-25T17:21:09","guid":{"rendered":"https:\/\/maqcenter.com\/producto\/gear-machining-package\/"},"modified":"2021-04-25T19:21:09","modified_gmt":"2021-04-25T17:21:09","slug":"gear-machining-package","status":"publish","type":"product","link":"https:\/\/maqcenter.com\/pt-pt\/producto\/gear-machining-package\/","title":{"rendered":"GEAR MACHINING PACKAGE"},"content":{"rendered":"<p>Otimiza\u00e7\u00e3o da fabrica\u00e7\u00e3o de engrenagens de alta produ\u00e7\u00e3o.<\/p>\n<p>A combina\u00e7\u00e3o perfeita de hardware e software, nosso PACOTE DE USINAGEM DE ENGRENAGENS oferece uma \u00fanica m\u00e1quina multitarefa capaz de fresar engrenagens de alta precis\u00e3o que antes exigia caras m\u00e1quinas dedicadas. Basta inserir os tipos de ferramenta, as caracter\u00edsticas da engrenagem e as condi\u00e7\u00f5es de corte para uma usinagem perfeita, seja chanfrada ou fresada. <\/p>\n","protected":false},"excerpt":{"rendered":"<p>Otimiza\u00e7\u00e3o da fabrica\u00e7\u00e3o de engrenagens de alta produ\u00e7\u00e3o. A combina\u00e7\u00e3o perfeita de hardware e software, nosso PACOTE DE USINAGEM DE ENGRENAGENS oferece uma \u00fanica m\u00e1quina multitarefa capaz de fresar engrenagens de alta precis\u00e3o que antes exigia caras m\u00e1quinas dedicadas. Basta inserir os tipos de ferramenta, as caracter\u00edsticas da engrenagem e as condi\u00e7\u00f5es de corte para [&hellip;]<\/p>\n","protected":false},"featured_media":21498,"template":"","meta":[],"product_brand":[],"product_cat":[562],"product_tag":[568,569,570,571,572,573,575],"marca-producto":[26],"serie-producto":[356],"class_list":{"0":"post-21497","1":"product","2":"type-product","3":"status-publish","4":"has-post-thumbnail","6":"product_cat-software-pt-pt","7":"product_tag-aeronautica-pt-pt","8":"product_tag-automovel","9":"product_tag-bens-de-equipamento","10":"product_tag-energia-pt-pt","11":"product_tag-ferrovia","12":"product_tag-grande-consumo","13":"product_tag-moldes-e-matrizes","14":"marca-producto-okuma","15":"serie-producto-premium-solutions","17":"first","18":"instock","19":"product-type-simple"},"yoast_head":"<!-- This site is optimized with the Yoast SEO plugin v27.0 - https:\/\/yoast.com\/product\/yoast-seo-wordpress\/ -->\n<title>GEAR MACHINING PACKAGE<\/title>\n<meta name=\"description\" content=\"GEAR MACHINING PACKAGE. Otimiza\u00e7\u00e3o da fabrica\u00e7\u00e3o de engrenagens de alta produ\u00e7\u00e3o. A combina\u00e7\u00e3o perfeita de hardware e software, nosso PACOTE DE USINAGEM DE ENGRENAGENS oferece\" \/>\n<meta name=\"robots\" content=\"index, follow, max-snippet:-1, max-image-preview:large, max-video-preview:-1\" \/>\n<link rel=\"canonical\" href=\"https:\/\/maqcenter.com\/pt-pt\/producto\/gear-machining-package\/\" \/>\n<meta property=\"og:locale\" content=\"pt_PT\" \/>\n<meta property=\"og:type\" content=\"article\" \/>\n<meta property=\"og:title\" content=\"GEAR MACHINING PACKAGE\" \/>\n<meta property=\"og:description\" content=\"GEAR MACHINING PACKAGE. Otimiza\u00e7\u00e3o da fabrica\u00e7\u00e3o de engrenagens de alta produ\u00e7\u00e3o. A combina\u00e7\u00e3o perfeita de hardware e software, nosso PACOTE DE USINAGEM DE ENGRENAGENS oferece\" \/>\n<meta property=\"og:url\" content=\"https:\/\/maqcenter.com\/pt-pt\/producto\/gear-machining-package\/\" \/>\n<meta property=\"og:site_name\" content=\"MAQcenter\" \/>\n<meta property=\"og:image\" content=\"https:\/\/maqcenter.com\/wp-content\/uploads\/2021\/04\/Okuma-gear-machining-package-software.jpg\" \/>\n\t<meta property=\"og:image:width\" content=\"500\" \/>\n\t<meta property=\"og:image:height\" content=\"500\" \/>\n\t<meta property=\"og:image:type\" content=\"image\/jpeg\" \/>\n<meta name=\"twitter:card\" content=\"summary_large_image\" \/>\n<script type=\"application\/ld+json\" class=\"yoast-schema-graph\">{\"@context\":\"https:\/\/schema.org\",\"@graph\":[{\"@type\":[\"WebPage\",\"ItemPage\"],\"@id\":\"https:\/\/maqcenter.com\/pt-pt\/producto\/gear-machining-package\/\",\"url\":\"https:\/\/maqcenter.com\/pt-pt\/producto\/gear-machining-package\/\",\"name\":\"GEAR MACHINING PACKAGE\",\"isPartOf\":{\"@id\":\"https:\/\/maqcenter.com\/pt-pt\/#website\"},\"primaryImageOfPage\":{\"@id\":\"https:\/\/maqcenter.com\/pt-pt\/producto\/gear-machining-package\/#primaryimage\"},\"image\":{\"@id\":\"https:\/\/maqcenter.com\/pt-pt\/producto\/gear-machining-package\/#primaryimage\"},\"thumbnailUrl\":\"https:\/\/maqcenter.com\/wp-content\/uploads\/2021\/04\/Okuma-gear-machining-package-software.jpg\",\"datePublished\":\"2021-04-25T17:21:09+00:00\",\"description\":\"GEAR MACHINING PACKAGE. Otimiza\u00e7\u00e3o da fabrica\u00e7\u00e3o de engrenagens de alta produ\u00e7\u00e3o. A combina\u00e7\u00e3o perfeita de hardware e software, nosso PACOTE DE USINAGEM DE ENGRENAGENS oferece\",\"breadcrumb\":{\"@id\":\"https:\/\/maqcenter.com\/pt-pt\/producto\/gear-machining-package\/#breadcrumb\"},\"inLanguage\":\"pt-PT\",\"potentialAction\":[{\"@type\":\"ReadAction\",\"target\":[\"https:\/\/maqcenter.com\/pt-pt\/producto\/gear-machining-package\/\"]}]},{\"@type\":\"ImageObject\",\"inLanguage\":\"pt-PT\",\"@id\":\"https:\/\/maqcenter.com\/pt-pt\/producto\/gear-machining-package\/#primaryimage\",\"url\":\"https:\/\/maqcenter.com\/wp-content\/uploads\/2021\/04\/Okuma-gear-machining-package-software.jpg\",\"contentUrl\":\"https:\/\/maqcenter.com\/wp-content\/uploads\/2021\/04\/Okuma-gear-machining-package-software.jpg\",\"width\":500,\"height\":500},{\"@type\":\"BreadcrumbList\",\"@id\":\"https:\/\/maqcenter.com\/pt-pt\/producto\/gear-machining-package\/#breadcrumb\",\"itemListElement\":[{\"@type\":\"ListItem\",\"position\":1,\"name\":\"Productos\",\"item\":\"https:\/\/maqcenter.com\/pt-pt\/\"},{\"@type\":\"ListItem\",\"position\":2,\"name\":\"Produtos\",\"item\":\"https:\/\/maqcenter.com\/pt-pt\/shop\/\"},{\"@type\":\"ListItem\",\"position\":3,\"name\":\"GEAR MACHINING PACKAGE\"}]},{\"@type\":\"WebSite\",\"@id\":\"https:\/\/maqcenter.com\/pt-pt\/#website\",\"url\":\"https:\/\/maqcenter.com\/pt-pt\/\",\"name\":\"MAQcenter\",\"description\":\"El centro de tus soluciones\",\"publisher\":{\"@id\":\"https:\/\/maqcenter.com\/pt-pt\/#organization\"},\"potentialAction\":[{\"@type\":\"SearchAction\",\"target\":{\"@type\":\"EntryPoint\",\"urlTemplate\":\"https:\/\/maqcenter.com\/pt-pt\/?s={search_term_string}\"},\"query-input\":{\"@type\":\"PropertyValueSpecification\",\"valueRequired\":true,\"valueName\":\"search_term_string\"}}],\"inLanguage\":\"pt-PT\"},{\"@type\":\"Organization\",\"@id\":\"https:\/\/maqcenter.com\/pt-pt\/#organization\",\"name\":\"MAQcenter S.A.\",\"url\":\"https:\/\/maqcenter.com\/pt-pt\/\",\"logo\":{\"@type\":\"ImageObject\",\"inLanguage\":\"pt-PT\",\"@id\":\"https:\/\/maqcenter.com\/pt-pt\/#\/schema\/logo\/image\/\",\"url\":\"https:\/\/maqcenter.com\/wp-content\/uploads\/2021\/02\/MAQcenter_logo_vertical.svg\",\"contentUrl\":\"https:\/\/maqcenter.com\/wp-content\/uploads\/2021\/02\/MAQcenter_logo_vertical.svg\",\"width\":300,\"height\":174,\"caption\":\"MAQcenter S.A.\"},\"image\":{\"@id\":\"https:\/\/maqcenter.com\/pt-pt\/#\/schema\/logo\/image\/\"}}]}<\/script>\n<!-- \/ Yoast SEO plugin. -->","yoast_head_json":{"title":"GEAR MACHINING PACKAGE","description":"GEAR MACHINING PACKAGE. Otimiza\u00e7\u00e3o da fabrica\u00e7\u00e3o de engrenagens de alta produ\u00e7\u00e3o. A combina\u00e7\u00e3o perfeita de hardware e software, nosso PACOTE DE USINAGEM DE ENGRENAGENS oferece","robots":{"index":"index","follow":"follow","max-snippet":"max-snippet:-1","max-image-preview":"max-image-preview:large","max-video-preview":"max-video-preview:-1"},"canonical":"https:\/\/maqcenter.com\/pt-pt\/producto\/gear-machining-package\/","og_locale":"pt_PT","og_type":"article","og_title":"GEAR MACHINING PACKAGE","og_description":"GEAR MACHINING PACKAGE. Otimiza\u00e7\u00e3o da fabrica\u00e7\u00e3o de engrenagens de alta produ\u00e7\u00e3o. A combina\u00e7\u00e3o perfeita de hardware e software, nosso PACOTE DE USINAGEM DE ENGRENAGENS oferece","og_url":"https:\/\/maqcenter.com\/pt-pt\/producto\/gear-machining-package\/","og_site_name":"MAQcenter","og_image":[{"width":500,"height":500,"url":"https:\/\/maqcenter.com\/wp-content\/uploads\/2021\/04\/Okuma-gear-machining-package-software.jpg","type":"image\/jpeg"}],"twitter_card":"summary_large_image","schema":{"@context":"https:\/\/schema.org","@graph":[{"@type":["WebPage","ItemPage"],"@id":"https:\/\/maqcenter.com\/pt-pt\/producto\/gear-machining-package\/","url":"https:\/\/maqcenter.com\/pt-pt\/producto\/gear-machining-package\/","name":"GEAR MACHINING PACKAGE","isPartOf":{"@id":"https:\/\/maqcenter.com\/pt-pt\/#website"},"primaryImageOfPage":{"@id":"https:\/\/maqcenter.com\/pt-pt\/producto\/gear-machining-package\/#primaryimage"},"image":{"@id":"https:\/\/maqcenter.com\/pt-pt\/producto\/gear-machining-package\/#primaryimage"},"thumbnailUrl":"https:\/\/maqcenter.com\/wp-content\/uploads\/2021\/04\/Okuma-gear-machining-package-software.jpg","datePublished":"2021-04-25T17:21:09+00:00","description":"GEAR MACHINING PACKAGE. Otimiza\u00e7\u00e3o da fabrica\u00e7\u00e3o de engrenagens de alta produ\u00e7\u00e3o. A combina\u00e7\u00e3o perfeita de hardware e software, nosso PACOTE DE USINAGEM DE ENGRENAGENS oferece","breadcrumb":{"@id":"https:\/\/maqcenter.com\/pt-pt\/producto\/gear-machining-package\/#breadcrumb"},"inLanguage":"pt-PT","potentialAction":[{"@type":"ReadAction","target":["https:\/\/maqcenter.com\/pt-pt\/producto\/gear-machining-package\/"]}]},{"@type":"ImageObject","inLanguage":"pt-PT","@id":"https:\/\/maqcenter.com\/pt-pt\/producto\/gear-machining-package\/#primaryimage","url":"https:\/\/maqcenter.com\/wp-content\/uploads\/2021\/04\/Okuma-gear-machining-package-software.jpg","contentUrl":"https:\/\/maqcenter.com\/wp-content\/uploads\/2021\/04\/Okuma-gear-machining-package-software.jpg","width":500,"height":500},{"@type":"BreadcrumbList","@id":"https:\/\/maqcenter.com\/pt-pt\/producto\/gear-machining-package\/#breadcrumb","itemListElement":[{"@type":"ListItem","position":1,"name":"Productos","item":"https:\/\/maqcenter.com\/pt-pt\/"},{"@type":"ListItem","position":2,"name":"Produtos","item":"https:\/\/maqcenter.com\/pt-pt\/shop\/"},{"@type":"ListItem","position":3,"name":"GEAR MACHINING PACKAGE"}]},{"@type":"WebSite","@id":"https:\/\/maqcenter.com\/pt-pt\/#website","url":"https:\/\/maqcenter.com\/pt-pt\/","name":"MAQcenter","description":"El centro de tus soluciones","publisher":{"@id":"https:\/\/maqcenter.com\/pt-pt\/#organization"},"potentialAction":[{"@type":"SearchAction","target":{"@type":"EntryPoint","urlTemplate":"https:\/\/maqcenter.com\/pt-pt\/?s={search_term_string}"},"query-input":{"@type":"PropertyValueSpecification","valueRequired":true,"valueName":"search_term_string"}}],"inLanguage":"pt-PT"},{"@type":"Organization","@id":"https:\/\/maqcenter.com\/pt-pt\/#organization","name":"MAQcenter S.A.","url":"https:\/\/maqcenter.com\/pt-pt\/","logo":{"@type":"ImageObject","inLanguage":"pt-PT","@id":"https:\/\/maqcenter.com\/pt-pt\/#\/schema\/logo\/image\/","url":"https:\/\/maqcenter.com\/wp-content\/uploads\/2021\/02\/MAQcenter_logo_vertical.svg","contentUrl":"https:\/\/maqcenter.com\/wp-content\/uploads\/2021\/02\/MAQcenter_logo_vertical.svg","width":300,"height":174,"caption":"MAQcenter S.A."},"image":{"@id":"https:\/\/maqcenter.com\/pt-pt\/#\/schema\/logo\/image\/"}}]}},"_links":{"self":[{"href":"https:\/\/maqcenter.com\/pt-pt\/wp-json\/wp\/v2\/product\/21497","targetHints":{"allow":["GET"]}}],"collection":[{"href":"https:\/\/maqcenter.com\/pt-pt\/wp-json\/wp\/v2\/product"}],"about":[{"href":"https:\/\/maqcenter.com\/pt-pt\/wp-json\/wp\/v2\/types\/product"}],"wp:featuredmedia":[{"embeddable":true,"href":"https:\/\/maqcenter.com\/pt-pt\/wp-json\/wp\/v2\/media\/21498"}],"wp:attachment":[{"href":"https:\/\/maqcenter.com\/pt-pt\/wp-json\/wp\/v2\/media?parent=21497"}],"wp:term":[{"taxonomy":"product_brand","embeddable":true,"href":"https:\/\/maqcenter.com\/pt-pt\/wp-json\/wp\/v2\/product_brand?post=21497"},{"taxonomy":"product_cat","embeddable":true,"href":"https:\/\/maqcenter.com\/pt-pt\/wp-json\/wp\/v2\/product_cat?post=21497"},{"taxonomy":"product_tag","embeddable":true,"href":"https:\/\/maqcenter.com\/pt-pt\/wp-json\/wp\/v2\/product_tag?post=21497"},{"taxonomy":"marca-producto","embeddable":true,"href":"https:\/\/maqcenter.com\/pt-pt\/wp-json\/wp\/v2\/marca-producto?post=21497"},{"taxonomy":"serie-producto","embeddable":true,"href":"https:\/\/maqcenter.com\/pt-pt\/wp-json\/wp\/v2\/serie-producto?post=21497"}],"curies":[{"name":"wp","href":"https:\/\/api.w.org\/{rel}","templated":true}]}}