{"id":21502,"date":"2022-01-25T19:49:55","date_gmt":"2022-01-25T18:49:55","guid":{"rendered":"https:\/\/maqcenter.com\/producto\/im-6t-im-8t-im-10t\/"},"modified":"2022-01-25T19:49:55","modified_gmt":"2022-01-25T17:49:55","slug":"im-6t-im-8t-im-10t","status":"publish","type":"product","link":"https:\/\/maqcenter.com\/pt-pt\/producto\/im-6t-im-8t-im-10t\/","title":{"rendered":"IM-6T \/ IM-8T \/ IM-10T"},"content":{"rendered":"<p>O IM-6T, IM-8T e IM-10T combinam a velocidade e precis\u00e3o de m\u00e1quinas invertidas com a flexibilidade de maquina\u00e7\u00e3o de fresagem\/torneamento, levando o desempenho da maquina\u00e7\u00e3o a um novo n\u00edvel com maior produtividade, maior precis\u00e3o e tempos de prepara\u00e7\u00e3o mais curtos. Maquina\u00e7\u00e3o invertida de fresagem\/torneamento e um sistema \u00f3ptimo de manipula\u00e7\u00e3o da limalha que satisfazem os processos de maquina\u00e7\u00e3o mais exigentes e ajudam a alcan\u00e7ar uma qualidade de classe mundial com tempos de produ\u00e7\u00e3o reduzidos, levando a custos totais de fabrica\u00e7\u00e3o mais baixos.<\/p>\n<p>A m\u00e1quina de um s\u00f3 spindle invertido com capacidade de fresagem\/torneamento pode realizar m\u00faltiplas opera\u00e7\u00f5es em simult\u00e2neo, trabalhar muito rapidamente e realizar opera\u00e7\u00f5es complexas com maior precis\u00e3o.<\/p>\n","protected":false},"excerpt":{"rendered":"<p>O IM-6T, IM-8T e IM-10T combinam a velocidade e precis\u00e3o de m\u00e1quinas invertidas com a flexibilidade de maquina\u00e7\u00e3o de fresagem\/torneamento, levando o desempenho da maquina\u00e7\u00e3o a um novo n\u00edvel com maior produtividade, maior precis\u00e3o e tempos de prepara\u00e7\u00e3o mais curtos. Maquina\u00e7\u00e3o invertida de fresagem\/torneamento e um sistema \u00f3ptimo de manipula\u00e7\u00e3o da limalha que satisfazem os [&hellip;]<\/p>\n","protected":false},"featured_media":21503,"template":"","meta":[],"product_brand":[],"product_cat":[509,504,508],"product_tag":[569,570,571,573,576,575],"marca-producto":[367],"serie-producto":[],"class_list":{"0":"post-21502","1":"product","2":"type-product","3":"status-publish","4":"has-post-thumbnail","6":"product_cat-1-fuso","7":"product_cat-centros-de-maquinacao","8":"product_cat-centros-de-maquinagem-invertidos","9":"product_tag-automovel","10":"product_tag-bens-de-equipamento","11":"product_tag-energia-pt-pt","12":"product_tag-grande-consumo","13":"product_tag-medico-e-dentario","14":"product_tag-moldes-e-matrizes","15":"marca-producto-modig","17":"first","18":"instock","19":"product-type-simple"},"yoast_head":"<!-- This site is optimized with the Yoast SEO plugin v27.0 - https:\/\/yoast.com\/product\/yoast-seo-wordpress\/ -->\n<title>IM-6T \/ IM-8T \/ IM-10T<\/title>\n<meta name=\"description\" content=\"IM-6T \/ IM-8T \/ IM-10T. O IM-6T, IM-8T e IM-10T combinam a velocidade e precis\u00e3o de m\u00e1quinas invertidas com a flexibilidade de maquina\u00e7\u00e3o de fresagem\/torneamento, levando o\" \/>\n<meta name=\"robots\" content=\"index, follow, max-snippet:-1, max-image-preview:large, max-video-preview:-1\" \/>\n<link rel=\"canonical\" href=\"https:\/\/maqcenter.com\/pt-pt\/producto\/im-6t-im-8t-im-10t\/\" \/>\n<meta property=\"og:locale\" content=\"pt_PT\" \/>\n<meta property=\"og:type\" content=\"article\" \/>\n<meta property=\"og:title\" content=\"IM-6T \/ IM-8T \/ IM-10T\" \/>\n<meta property=\"og:description\" content=\"IM-6T \/ IM-8T \/ IM-10T. O IM-6T, IM-8T e IM-10T combinam a velocidade e precis\u00e3o de m\u00e1quinas invertidas com a flexibilidade de maquina\u00e7\u00e3o de fresagem\/torneamento, levando o\" \/>\n<meta property=\"og:url\" content=\"https:\/\/maqcenter.com\/pt-pt\/producto\/im-6t-im-8t-im-10t\/\" \/>\n<meta property=\"og:site_name\" content=\"MAQcenter\" \/>\n<meta name=\"twitter:card\" content=\"summary_large_image\" \/>\n<meta name=\"twitter:label1\" content=\"Tempo estimado de leitura\" \/>\n\t<meta name=\"twitter:data1\" content=\"1 minuto\" \/>\n<script type=\"application\/ld+json\" class=\"yoast-schema-graph\">{\"@context\":\"https:\/\/schema.org\",\"@graph\":[{\"@type\":[\"WebPage\",\"ItemPage\"],\"@id\":\"https:\/\/maqcenter.com\/pt-pt\/producto\/im-6t-im-8t-im-10t\/\",\"url\":\"https:\/\/maqcenter.com\/pt-pt\/producto\/im-6t-im-8t-im-10t\/\",\"name\":\"IM-6T \/ IM-8T \/ IM-10T\",\"isPartOf\":{\"@id\":\"https:\/\/maqcenter.com\/pt-pt\/#website\"},\"primaryImageOfPage\":{\"@id\":\"https:\/\/maqcenter.com\/pt-pt\/producto\/im-6t-im-8t-im-10t\/#primaryimage\"},\"image\":{\"@id\":\"https:\/\/maqcenter.com\/pt-pt\/producto\/im-6t-im-8t-im-10t\/#primaryimage\"},\"thumbnailUrl\":\"https:\/\/maqcenter.com\/wp-content\/uploads\/2022\/01\/modig-IM-6T_IM-8T_IM-10T.jpg\",\"datePublished\":\"2022-01-25T18:49:55+00:00\",\"description\":\"IM-6T \/ IM-8T \/ IM-10T. O IM-6T, IM-8T e IM-10T combinam a velocidade e precis\u00e3o de m\u00e1quinas invertidas com a flexibilidade de maquina\u00e7\u00e3o de fresagem\/torneamento, levando o\",\"breadcrumb\":{\"@id\":\"https:\/\/maqcenter.com\/pt-pt\/producto\/im-6t-im-8t-im-10t\/#breadcrumb\"},\"inLanguage\":\"pt-PT\",\"potentialAction\":[{\"@type\":\"ReadAction\",\"target\":[\"https:\/\/maqcenter.com\/pt-pt\/producto\/im-6t-im-8t-im-10t\/\"]}]},{\"@type\":\"ImageObject\",\"inLanguage\":\"pt-PT\",\"@id\":\"https:\/\/maqcenter.com\/pt-pt\/producto\/im-6t-im-8t-im-10t\/#primaryimage\",\"url\":\"https:\/\/maqcenter.com\/wp-content\/uploads\/2022\/01\/modig-IM-6T_IM-8T_IM-10T.jpg\",\"contentUrl\":\"https:\/\/maqcenter.com\/wp-content\/uploads\/2022\/01\/modig-IM-6T_IM-8T_IM-10T.jpg\",\"width\":500,\"height\":500},{\"@type\":\"BreadcrumbList\",\"@id\":\"https:\/\/maqcenter.com\/pt-pt\/producto\/im-6t-im-8t-im-10t\/#breadcrumb\",\"itemListElement\":[{\"@type\":\"ListItem\",\"position\":1,\"name\":\"Productos\",\"item\":\"https:\/\/maqcenter.com\/pt-pt\/\"},{\"@type\":\"ListItem\",\"position\":2,\"name\":\"Produtos\",\"item\":\"https:\/\/maqcenter.com\/pt-pt\/shop\/\"},{\"@type\":\"ListItem\",\"position\":3,\"name\":\"IM-6T \/ IM-8T \/ IM-10T\"}]},{\"@type\":\"WebSite\",\"@id\":\"https:\/\/maqcenter.com\/pt-pt\/#website\",\"url\":\"https:\/\/maqcenter.com\/pt-pt\/\",\"name\":\"MAQcenter\",\"description\":\"El centro de tus soluciones\",\"publisher\":{\"@id\":\"https:\/\/maqcenter.com\/pt-pt\/#organization\"},\"potentialAction\":[{\"@type\":\"SearchAction\",\"target\":{\"@type\":\"EntryPoint\",\"urlTemplate\":\"https:\/\/maqcenter.com\/pt-pt\/?s={search_term_string}\"},\"query-input\":{\"@type\":\"PropertyValueSpecification\",\"valueRequired\":true,\"valueName\":\"search_term_string\"}}],\"inLanguage\":\"pt-PT\"},{\"@type\":\"Organization\",\"@id\":\"https:\/\/maqcenter.com\/pt-pt\/#organization\",\"name\":\"MAQcenter S.A.\",\"url\":\"https:\/\/maqcenter.com\/pt-pt\/\",\"logo\":{\"@type\":\"ImageObject\",\"inLanguage\":\"pt-PT\",\"@id\":\"https:\/\/maqcenter.com\/pt-pt\/#\/schema\/logo\/image\/\",\"url\":\"https:\/\/maqcenter.com\/wp-content\/uploads\/2021\/02\/MAQcenter_logo_vertical.svg\",\"contentUrl\":\"https:\/\/maqcenter.com\/wp-content\/uploads\/2021\/02\/MAQcenter_logo_vertical.svg\",\"width\":300,\"height\":174,\"caption\":\"MAQcenter S.A.\"},\"image\":{\"@id\":\"https:\/\/maqcenter.com\/pt-pt\/#\/schema\/logo\/image\/\"}}]}<\/script>\n<!-- \/ Yoast SEO plugin. -->","yoast_head_json":{"title":"IM-6T \/ IM-8T \/ IM-10T","description":"IM-6T \/ IM-8T \/ IM-10T. O IM-6T, IM-8T e IM-10T combinam a velocidade e precis\u00e3o de m\u00e1quinas invertidas com a flexibilidade de maquina\u00e7\u00e3o de fresagem\/torneamento, levando o","robots":{"index":"index","follow":"follow","max-snippet":"max-snippet:-1","max-image-preview":"max-image-preview:large","max-video-preview":"max-video-preview:-1"},"canonical":"https:\/\/maqcenter.com\/pt-pt\/producto\/im-6t-im-8t-im-10t\/","og_locale":"pt_PT","og_type":"article","og_title":"IM-6T \/ IM-8T \/ IM-10T","og_description":"IM-6T \/ IM-8T \/ IM-10T. O IM-6T, IM-8T e IM-10T combinam a velocidade e precis\u00e3o de m\u00e1quinas invertidas com a flexibilidade de maquina\u00e7\u00e3o de fresagem\/torneamento, levando o","og_url":"https:\/\/maqcenter.com\/pt-pt\/producto\/im-6t-im-8t-im-10t\/","og_site_name":"MAQcenter","twitter_card":"summary_large_image","twitter_misc":{"Tempo estimado de leitura":"1 minuto"},"schema":{"@context":"https:\/\/schema.org","@graph":[{"@type":["WebPage","ItemPage"],"@id":"https:\/\/maqcenter.com\/pt-pt\/producto\/im-6t-im-8t-im-10t\/","url":"https:\/\/maqcenter.com\/pt-pt\/producto\/im-6t-im-8t-im-10t\/","name":"IM-6T \/ IM-8T \/ IM-10T","isPartOf":{"@id":"https:\/\/maqcenter.com\/pt-pt\/#website"},"primaryImageOfPage":{"@id":"https:\/\/maqcenter.com\/pt-pt\/producto\/im-6t-im-8t-im-10t\/#primaryimage"},"image":{"@id":"https:\/\/maqcenter.com\/pt-pt\/producto\/im-6t-im-8t-im-10t\/#primaryimage"},"thumbnailUrl":"https:\/\/maqcenter.com\/wp-content\/uploads\/2022\/01\/modig-IM-6T_IM-8T_IM-10T.jpg","datePublished":"2022-01-25T18:49:55+00:00","description":"IM-6T \/ IM-8T \/ IM-10T. O IM-6T, IM-8T e IM-10T combinam a velocidade e precis\u00e3o de m\u00e1quinas invertidas com a flexibilidade de maquina\u00e7\u00e3o de fresagem\/torneamento, levando o","breadcrumb":{"@id":"https:\/\/maqcenter.com\/pt-pt\/producto\/im-6t-im-8t-im-10t\/#breadcrumb"},"inLanguage":"pt-PT","potentialAction":[{"@type":"ReadAction","target":["https:\/\/maqcenter.com\/pt-pt\/producto\/im-6t-im-8t-im-10t\/"]}]},{"@type":"ImageObject","inLanguage":"pt-PT","@id":"https:\/\/maqcenter.com\/pt-pt\/producto\/im-6t-im-8t-im-10t\/#primaryimage","url":"https:\/\/maqcenter.com\/wp-content\/uploads\/2022\/01\/modig-IM-6T_IM-8T_IM-10T.jpg","contentUrl":"https:\/\/maqcenter.com\/wp-content\/uploads\/2022\/01\/modig-IM-6T_IM-8T_IM-10T.jpg","width":500,"height":500},{"@type":"BreadcrumbList","@id":"https:\/\/maqcenter.com\/pt-pt\/producto\/im-6t-im-8t-im-10t\/#breadcrumb","itemListElement":[{"@type":"ListItem","position":1,"name":"Productos","item":"https:\/\/maqcenter.com\/pt-pt\/"},{"@type":"ListItem","position":2,"name":"Produtos","item":"https:\/\/maqcenter.com\/pt-pt\/shop\/"},{"@type":"ListItem","position":3,"name":"IM-6T \/ IM-8T \/ IM-10T"}]},{"@type":"WebSite","@id":"https:\/\/maqcenter.com\/pt-pt\/#website","url":"https:\/\/maqcenter.com\/pt-pt\/","name":"MAQcenter","description":"El centro de tus soluciones","publisher":{"@id":"https:\/\/maqcenter.com\/pt-pt\/#organization"},"potentialAction":[{"@type":"SearchAction","target":{"@type":"EntryPoint","urlTemplate":"https:\/\/maqcenter.com\/pt-pt\/?s={search_term_string}"},"query-input":{"@type":"PropertyValueSpecification","valueRequired":true,"valueName":"search_term_string"}}],"inLanguage":"pt-PT"},{"@type":"Organization","@id":"https:\/\/maqcenter.com\/pt-pt\/#organization","name":"MAQcenter S.A.","url":"https:\/\/maqcenter.com\/pt-pt\/","logo":{"@type":"ImageObject","inLanguage":"pt-PT","@id":"https:\/\/maqcenter.com\/pt-pt\/#\/schema\/logo\/image\/","url":"https:\/\/maqcenter.com\/wp-content\/uploads\/2021\/02\/MAQcenter_logo_vertical.svg","contentUrl":"https:\/\/maqcenter.com\/wp-content\/uploads\/2021\/02\/MAQcenter_logo_vertical.svg","width":300,"height":174,"caption":"MAQcenter S.A."},"image":{"@id":"https:\/\/maqcenter.com\/pt-pt\/#\/schema\/logo\/image\/"}}]}},"_links":{"self":[{"href":"https:\/\/maqcenter.com\/pt-pt\/wp-json\/wp\/v2\/product\/21502","targetHints":{"allow":["GET"]}}],"collection":[{"href":"https:\/\/maqcenter.com\/pt-pt\/wp-json\/wp\/v2\/product"}],"about":[{"href":"https:\/\/maqcenter.com\/pt-pt\/wp-json\/wp\/v2\/types\/product"}],"wp:featuredmedia":[{"embeddable":true,"href":"https:\/\/maqcenter.com\/pt-pt\/wp-json\/wp\/v2\/media\/21503"}],"wp:attachment":[{"href":"https:\/\/maqcenter.com\/pt-pt\/wp-json\/wp\/v2\/media?parent=21502"}],"wp:term":[{"taxonomy":"product_brand","embeddable":true,"href":"https:\/\/maqcenter.com\/pt-pt\/wp-json\/wp\/v2\/product_brand?post=21502"},{"taxonomy":"product_cat","embeddable":true,"href":"https:\/\/maqcenter.com\/pt-pt\/wp-json\/wp\/v2\/product_cat?post=21502"},{"taxonomy":"product_tag","embeddable":true,"href":"https:\/\/maqcenter.com\/pt-pt\/wp-json\/wp\/v2\/product_tag?post=21502"},{"taxonomy":"marca-producto","embeddable":true,"href":"https:\/\/maqcenter.com\/pt-pt\/wp-json\/wp\/v2\/marca-producto?post=21502"},{"taxonomy":"serie-producto","embeddable":true,"href":"https:\/\/maqcenter.com\/pt-pt\/wp-json\/wp\/v2\/serie-producto?post=21502"}],"curies":[{"name":"wp","href":"https:\/\/api.w.org\/{rel}","templated":true}]}}