{"id":21504,"date":"2022-01-25T19:49:55","date_gmt":"2022-01-25T18:49:55","guid":{"rendered":"https:\/\/maqcenter.com\/producto\/im-6-im-8-im-10\/"},"modified":"2022-01-25T19:49:55","modified_gmt":"2022-01-25T17:49:55","slug":"im-6-im-8-im-10","status":"publish","type":"product","link":"https:\/\/maqcenter.com\/pt-pt\/producto\/im-6-im-8-im-10\/","title":{"rendered":"IM-6 \/ IM-8 \/ IM-10"},"content":{"rendered":"<p>A s\u00e9rie IM-machine nasceu para responder ao fabrico actual, caracterizado por toler\u00e2ncias de pe\u00e7as cada vez mais rigorosas, complexidade de pe\u00e7as e componentes, e tempos de produ\u00e7\u00e3o mais r\u00e1pidos na ind\u00fastria. O processamento da m\u00e1quina de baixo para cima transforma a forma como vamos pensar na maquina\u00e7\u00e3o gen\u00e9rica de 5 eixos e componentes. Por isso, pensemos ao contr\u00e1rio.  <\/p>\n<p>Com um desenho patenteado de spindle \u00fanico com at\u00e9 150 kW de trabalho por baixo, este centro de maquina\u00e7\u00e3o invertida de alta velocidade estabelece um novo padr\u00e3o para maquina\u00e7\u00e3o de 5 eixos. Tempos de corte extremamente r\u00e1pidos tornam a m\u00e1quina adequada para ind\u00fastrias caracterizadas por volumes elevados, prazos de entrega r\u00e1pidos e alta complexidade. Uma m\u00e1quina est\u00e1vel com uma base de ferro fundido \u00e0 volta da estrutura, bloqueada nos quatro cantos, torna a m\u00e1quina extremamente r\u00edgida, permitindo que a ferramenta trabalhe com extrema precis\u00e3o. O trabalho em posi\u00e7\u00e3o invertida facilita a evacua\u00e7\u00e3o da limalha com consumo reduzido de liquido de refrigera\u00e7\u00e3o.   <\/p>\n","protected":false},"excerpt":{"rendered":"<p>A s\u00e9rie IM-machine nasceu para responder ao fabrico actual, caracterizado por toler\u00e2ncias de pe\u00e7as cada vez mais rigorosas, complexidade de pe\u00e7as e componentes, e tempos de produ\u00e7\u00e3o mais r\u00e1pidos na ind\u00fastria. O processamento da m\u00e1quina de baixo para cima transforma a forma como vamos pensar na maquina\u00e7\u00e3o gen\u00e9rica de 5 eixos e componentes. Por isso, [&hellip;]<\/p>\n","protected":false},"featured_media":21505,"template":"","meta":[],"product_brand":[],"product_cat":[509,504,508],"product_tag":[569,570,571,573,576,575],"marca-producto":[367],"serie-producto":[],"class_list":{"0":"post-21504","1":"product","2":"type-product","3":"status-publish","4":"has-post-thumbnail","6":"product_cat-1-fuso","7":"product_cat-centros-de-maquinacao","8":"product_cat-centros-de-maquinagem-invertidos","9":"product_tag-automovel","10":"product_tag-bens-de-equipamento","11":"product_tag-energia-pt-pt","12":"product_tag-grande-consumo","13":"product_tag-medico-e-dentario","14":"product_tag-moldes-e-matrizes","15":"marca-producto-modig","17":"first","18":"instock","19":"product-type-simple"},"yoast_head":"<!-- This site is optimized with the Yoast SEO plugin v27.0 - https:\/\/yoast.com\/product\/yoast-seo-wordpress\/ -->\n<title>IM-6 \/ IM-8 \/ IM-10<\/title>\n<meta name=\"description\" content=\"IM-6 \/ IM-8 \/ IM-10. A s\u00e9rie IM-machine nasceu para responder ao fabrico actual, caracterizado por toler\u00e2ncias de pe\u00e7as cada vez mais rigorosas, complexidade de pe\u00e7as e\" \/>\n<meta name=\"robots\" content=\"index, follow, max-snippet:-1, max-image-preview:large, max-video-preview:-1\" \/>\n<link rel=\"canonical\" href=\"https:\/\/maqcenter.com\/pt-pt\/producto\/im-6-im-8-im-10\/\" \/>\n<meta property=\"og:locale\" content=\"pt_PT\" \/>\n<meta property=\"og:type\" content=\"article\" \/>\n<meta property=\"og:title\" content=\"IM-6 \/ IM-8 \/ IM-10\" \/>\n<meta property=\"og:description\" content=\"IM-6 \/ IM-8 \/ IM-10. A s\u00e9rie IM-machine nasceu para responder ao fabrico actual, caracterizado por toler\u00e2ncias de pe\u00e7as cada vez mais rigorosas, complexidade de pe\u00e7as e\" \/>\n<meta property=\"og:url\" content=\"https:\/\/maqcenter.com\/pt-pt\/producto\/im-6-im-8-im-10\/\" \/>\n<meta property=\"og:site_name\" content=\"MAQcenter\" \/>\n<meta name=\"twitter:card\" content=\"summary_large_image\" \/>\n<meta name=\"twitter:label1\" content=\"Tempo estimado de leitura\" \/>\n\t<meta name=\"twitter:data1\" content=\"1 minuto\" \/>\n<script type=\"application\/ld+json\" class=\"yoast-schema-graph\">{\"@context\":\"https:\/\/schema.org\",\"@graph\":[{\"@type\":[\"WebPage\",\"ItemPage\"],\"@id\":\"https:\/\/maqcenter.com\/pt-pt\/producto\/im-6-im-8-im-10\/\",\"url\":\"https:\/\/maqcenter.com\/pt-pt\/producto\/im-6-im-8-im-10\/\",\"name\":\"IM-6 \/ IM-8 \/ IM-10\",\"isPartOf\":{\"@id\":\"https:\/\/maqcenter.com\/pt-pt\/#website\"},\"primaryImageOfPage\":{\"@id\":\"https:\/\/maqcenter.com\/pt-pt\/producto\/im-6-im-8-im-10\/#primaryimage\"},\"image\":{\"@id\":\"https:\/\/maqcenter.com\/pt-pt\/producto\/im-6-im-8-im-10\/#primaryimage\"},\"thumbnailUrl\":\"https:\/\/maqcenter.com\/wp-content\/uploads\/2022\/01\/modig-IM-6_IM-8_IM-10.jpg\",\"datePublished\":\"2022-01-25T18:49:55+00:00\",\"description\":\"IM-6 \/ IM-8 \/ IM-10. A s\u00e9rie IM-machine nasceu para responder ao fabrico actual, caracterizado por toler\u00e2ncias de pe\u00e7as cada vez mais rigorosas, complexidade de pe\u00e7as e\",\"breadcrumb\":{\"@id\":\"https:\/\/maqcenter.com\/pt-pt\/producto\/im-6-im-8-im-10\/#breadcrumb\"},\"inLanguage\":\"pt-PT\",\"potentialAction\":[{\"@type\":\"ReadAction\",\"target\":[\"https:\/\/maqcenter.com\/pt-pt\/producto\/im-6-im-8-im-10\/\"]}]},{\"@type\":\"ImageObject\",\"inLanguage\":\"pt-PT\",\"@id\":\"https:\/\/maqcenter.com\/pt-pt\/producto\/im-6-im-8-im-10\/#primaryimage\",\"url\":\"https:\/\/maqcenter.com\/wp-content\/uploads\/2022\/01\/modig-IM-6_IM-8_IM-10.jpg\",\"contentUrl\":\"https:\/\/maqcenter.com\/wp-content\/uploads\/2022\/01\/modig-IM-6_IM-8_IM-10.jpg\",\"width\":500,\"height\":500},{\"@type\":\"BreadcrumbList\",\"@id\":\"https:\/\/maqcenter.com\/pt-pt\/producto\/im-6-im-8-im-10\/#breadcrumb\",\"itemListElement\":[{\"@type\":\"ListItem\",\"position\":1,\"name\":\"Productos\",\"item\":\"https:\/\/maqcenter.com\/pt-pt\/\"},{\"@type\":\"ListItem\",\"position\":2,\"name\":\"Produtos\",\"item\":\"https:\/\/maqcenter.com\/pt-pt\/shop\/\"},{\"@type\":\"ListItem\",\"position\":3,\"name\":\"IM-6 \/ IM-8 \/ IM-10\"}]},{\"@type\":\"WebSite\",\"@id\":\"https:\/\/maqcenter.com\/pt-pt\/#website\",\"url\":\"https:\/\/maqcenter.com\/pt-pt\/\",\"name\":\"MAQcenter\",\"description\":\"El centro de tus soluciones\",\"publisher\":{\"@id\":\"https:\/\/maqcenter.com\/pt-pt\/#organization\"},\"potentialAction\":[{\"@type\":\"SearchAction\",\"target\":{\"@type\":\"EntryPoint\",\"urlTemplate\":\"https:\/\/maqcenter.com\/pt-pt\/?s={search_term_string}\"},\"query-input\":{\"@type\":\"PropertyValueSpecification\",\"valueRequired\":true,\"valueName\":\"search_term_string\"}}],\"inLanguage\":\"pt-PT\"},{\"@type\":\"Organization\",\"@id\":\"https:\/\/maqcenter.com\/pt-pt\/#organization\",\"name\":\"MAQcenter S.A.\",\"url\":\"https:\/\/maqcenter.com\/pt-pt\/\",\"logo\":{\"@type\":\"ImageObject\",\"inLanguage\":\"pt-PT\",\"@id\":\"https:\/\/maqcenter.com\/pt-pt\/#\/schema\/logo\/image\/\",\"url\":\"https:\/\/maqcenter.com\/wp-content\/uploads\/2021\/02\/MAQcenter_logo_vertical.svg\",\"contentUrl\":\"https:\/\/maqcenter.com\/wp-content\/uploads\/2021\/02\/MAQcenter_logo_vertical.svg\",\"width\":300,\"height\":174,\"caption\":\"MAQcenter S.A.\"},\"image\":{\"@id\":\"https:\/\/maqcenter.com\/pt-pt\/#\/schema\/logo\/image\/\"}}]}<\/script>\n<!-- \/ Yoast SEO plugin. -->","yoast_head_json":{"title":"IM-6 \/ IM-8 \/ IM-10","description":"IM-6 \/ IM-8 \/ IM-10. A s\u00e9rie IM-machine nasceu para responder ao fabrico actual, caracterizado por toler\u00e2ncias de pe\u00e7as cada vez mais rigorosas, complexidade de pe\u00e7as e","robots":{"index":"index","follow":"follow","max-snippet":"max-snippet:-1","max-image-preview":"max-image-preview:large","max-video-preview":"max-video-preview:-1"},"canonical":"https:\/\/maqcenter.com\/pt-pt\/producto\/im-6-im-8-im-10\/","og_locale":"pt_PT","og_type":"article","og_title":"IM-6 \/ IM-8 \/ IM-10","og_description":"IM-6 \/ IM-8 \/ IM-10. A s\u00e9rie IM-machine nasceu para responder ao fabrico actual, caracterizado por toler\u00e2ncias de pe\u00e7as cada vez mais rigorosas, complexidade de pe\u00e7as e","og_url":"https:\/\/maqcenter.com\/pt-pt\/producto\/im-6-im-8-im-10\/","og_site_name":"MAQcenter","twitter_card":"summary_large_image","twitter_misc":{"Tempo estimado de leitura":"1 minuto"},"schema":{"@context":"https:\/\/schema.org","@graph":[{"@type":["WebPage","ItemPage"],"@id":"https:\/\/maqcenter.com\/pt-pt\/producto\/im-6-im-8-im-10\/","url":"https:\/\/maqcenter.com\/pt-pt\/producto\/im-6-im-8-im-10\/","name":"IM-6 \/ IM-8 \/ IM-10","isPartOf":{"@id":"https:\/\/maqcenter.com\/pt-pt\/#website"},"primaryImageOfPage":{"@id":"https:\/\/maqcenter.com\/pt-pt\/producto\/im-6-im-8-im-10\/#primaryimage"},"image":{"@id":"https:\/\/maqcenter.com\/pt-pt\/producto\/im-6-im-8-im-10\/#primaryimage"},"thumbnailUrl":"https:\/\/maqcenter.com\/wp-content\/uploads\/2022\/01\/modig-IM-6_IM-8_IM-10.jpg","datePublished":"2022-01-25T18:49:55+00:00","description":"IM-6 \/ IM-8 \/ IM-10. A s\u00e9rie IM-machine nasceu para responder ao fabrico actual, caracterizado por toler\u00e2ncias de pe\u00e7as cada vez mais rigorosas, complexidade de pe\u00e7as e","breadcrumb":{"@id":"https:\/\/maqcenter.com\/pt-pt\/producto\/im-6-im-8-im-10\/#breadcrumb"},"inLanguage":"pt-PT","potentialAction":[{"@type":"ReadAction","target":["https:\/\/maqcenter.com\/pt-pt\/producto\/im-6-im-8-im-10\/"]}]},{"@type":"ImageObject","inLanguage":"pt-PT","@id":"https:\/\/maqcenter.com\/pt-pt\/producto\/im-6-im-8-im-10\/#primaryimage","url":"https:\/\/maqcenter.com\/wp-content\/uploads\/2022\/01\/modig-IM-6_IM-8_IM-10.jpg","contentUrl":"https:\/\/maqcenter.com\/wp-content\/uploads\/2022\/01\/modig-IM-6_IM-8_IM-10.jpg","width":500,"height":500},{"@type":"BreadcrumbList","@id":"https:\/\/maqcenter.com\/pt-pt\/producto\/im-6-im-8-im-10\/#breadcrumb","itemListElement":[{"@type":"ListItem","position":1,"name":"Productos","item":"https:\/\/maqcenter.com\/pt-pt\/"},{"@type":"ListItem","position":2,"name":"Produtos","item":"https:\/\/maqcenter.com\/pt-pt\/shop\/"},{"@type":"ListItem","position":3,"name":"IM-6 \/ IM-8 \/ IM-10"}]},{"@type":"WebSite","@id":"https:\/\/maqcenter.com\/pt-pt\/#website","url":"https:\/\/maqcenter.com\/pt-pt\/","name":"MAQcenter","description":"El centro de tus soluciones","publisher":{"@id":"https:\/\/maqcenter.com\/pt-pt\/#organization"},"potentialAction":[{"@type":"SearchAction","target":{"@type":"EntryPoint","urlTemplate":"https:\/\/maqcenter.com\/pt-pt\/?s={search_term_string}"},"query-input":{"@type":"PropertyValueSpecification","valueRequired":true,"valueName":"search_term_string"}}],"inLanguage":"pt-PT"},{"@type":"Organization","@id":"https:\/\/maqcenter.com\/pt-pt\/#organization","name":"MAQcenter S.A.","url":"https:\/\/maqcenter.com\/pt-pt\/","logo":{"@type":"ImageObject","inLanguage":"pt-PT","@id":"https:\/\/maqcenter.com\/pt-pt\/#\/schema\/logo\/image\/","url":"https:\/\/maqcenter.com\/wp-content\/uploads\/2021\/02\/MAQcenter_logo_vertical.svg","contentUrl":"https:\/\/maqcenter.com\/wp-content\/uploads\/2021\/02\/MAQcenter_logo_vertical.svg","width":300,"height":174,"caption":"MAQcenter S.A."},"image":{"@id":"https:\/\/maqcenter.com\/pt-pt\/#\/schema\/logo\/image\/"}}]}},"_links":{"self":[{"href":"https:\/\/maqcenter.com\/pt-pt\/wp-json\/wp\/v2\/product\/21504","targetHints":{"allow":["GET"]}}],"collection":[{"href":"https:\/\/maqcenter.com\/pt-pt\/wp-json\/wp\/v2\/product"}],"about":[{"href":"https:\/\/maqcenter.com\/pt-pt\/wp-json\/wp\/v2\/types\/product"}],"wp:featuredmedia":[{"embeddable":true,"href":"https:\/\/maqcenter.com\/pt-pt\/wp-json\/wp\/v2\/media\/21505"}],"wp:attachment":[{"href":"https:\/\/maqcenter.com\/pt-pt\/wp-json\/wp\/v2\/media?parent=21504"}],"wp:term":[{"taxonomy":"product_brand","embeddable":true,"href":"https:\/\/maqcenter.com\/pt-pt\/wp-json\/wp\/v2\/product_brand?post=21504"},{"taxonomy":"product_cat","embeddable":true,"href":"https:\/\/maqcenter.com\/pt-pt\/wp-json\/wp\/v2\/product_cat?post=21504"},{"taxonomy":"product_tag","embeddable":true,"href":"https:\/\/maqcenter.com\/pt-pt\/wp-json\/wp\/v2\/product_tag?post=21504"},{"taxonomy":"marca-producto","embeddable":true,"href":"https:\/\/maqcenter.com\/pt-pt\/wp-json\/wp\/v2\/marca-producto?post=21504"},{"taxonomy":"serie-producto","embeddable":true,"href":"https:\/\/maqcenter.com\/pt-pt\/wp-json\/wp\/v2\/serie-producto?post=21504"}],"curies":[{"name":"wp","href":"https:\/\/api.w.org\/{rel}","templated":true}]}}