{"id":21518,"date":"2021-03-11T15:16:30","date_gmt":"2021-03-11T13:16:30","guid":{"rendered":"https:\/\/maqcenter.com\/producto\/elevate-e35\/"},"modified":"2021-03-11T15:16:30","modified_gmt":"2021-03-11T13:16:30","slug":"elevate-e35","status":"publish","type":"product","link":"https:\/\/maqcenter.com\/pt-pt\/producto\/elevate-e35\/","title":{"rendered":"ELEVATE E35"},"content":{"rendered":"<p>Elevate \u00e9 a solu\u00e7\u00e3o de automa\u00e7\u00e3o que oferece a maior capacidade poss\u00edvel de armazenamento de produtos no menor espa\u00e7o poss\u00edvel. O armazenamento de produtos em bandejas permite que uma grande variedade de produtos seja manuseada com flexibilidade. Elevate pode operar uma ou mais m\u00e1quinas de torneamento, fresamento ou outras m\u00e1quinas.   <\/p>\n<p>Gra\u00e7as \u00e0 posi\u00e7\u00e3o de carregamento ergon\u00f4mica, os produtos podem ser facilmente colocados em uma bandeja usando uma gaveta. A bandeja fica armazenada no Elevate e estar\u00e1 pronta para o rob\u00f4 quando solicitada.<br \/>\nA posi\u00e7\u00e3o da bandeja na qual o rob\u00f4 recolhe e busca os produtos tem um local separado, para que o Elevate e o rob\u00f4 possam trabalhar em paralelo. Assim, por exemplo, se for solicitada uma bandeja com produtos processados, o Elevate pode busc\u00e1-la sem interromper o trabalho do rob\u00f4. <\/p>\n","protected":false},"excerpt":{"rendered":"<p>Elevate \u00e9 a solu\u00e7\u00e3o de automa\u00e7\u00e3o que oferece a maior capacidade poss\u00edvel de armazenamento de produtos no menor espa\u00e7o poss\u00edvel. O armazenamento de produtos em bandejas permite que uma grande variedade de produtos seja manuseada com flexibilidade. Elevate pode operar uma ou mais m\u00e1quinas de torneamento, fresamento ou outras m\u00e1quinas. Gra\u00e7as \u00e0 posi\u00e7\u00e3o de carregamento [&hellip;]<\/p>\n","protected":false},"featured_media":21519,"template":"","meta":[],"product_brand":[],"product_cat":[492,498],"product_tag":[],"marca-producto":[104],"serie-producto":[343],"class_list":{"0":"post-21518","1":"product","2":"type-product","3":"status-publish","4":"has-post-thumbnail","6":"product_cat-automatizacao","7":"product_cat-stand-alone-pt-pt","8":"marca-producto-cellro","9":"serie-producto-elevate","11":"first","12":"instock","13":"product-type-simple"},"yoast_head":"<!-- This site is optimized with the Yoast SEO plugin v27.0 - https:\/\/yoast.com\/product\/yoast-seo-wordpress\/ -->\n<title>ELEVATE E35<\/title>\n<meta name=\"description\" content=\"ELEVATE E35. Elevate \u00e9 a solu\u00e7\u00e3o de automa\u00e7\u00e3o que oferece a maior capacidade poss\u00edvel de armazenamento de produtos no menor espa\u00e7o poss\u00edvel. O armazenamento de\" \/>\n<meta name=\"robots\" content=\"index, follow, max-snippet:-1, max-image-preview:large, max-video-preview:-1\" \/>\n<link rel=\"canonical\" href=\"https:\/\/maqcenter.com\/pt-pt\/producto\/elevate-e35\/\" \/>\n<meta property=\"og:locale\" content=\"pt_PT\" \/>\n<meta property=\"og:type\" content=\"article\" \/>\n<meta property=\"og:title\" content=\"ELEVATE E35\" \/>\n<meta property=\"og:description\" content=\"ELEVATE E35. Elevate \u00e9 a solu\u00e7\u00e3o de automa\u00e7\u00e3o que oferece a maior capacidade poss\u00edvel de armazenamento de produtos no menor espa\u00e7o poss\u00edvel. O armazenamento de\" \/>\n<meta property=\"og:url\" content=\"https:\/\/maqcenter.com\/pt-pt\/producto\/elevate-e35\/\" \/>\n<meta property=\"og:site_name\" content=\"MAQcenter\" \/>\n<meta name=\"twitter:card\" content=\"summary_large_image\" \/>\n<meta name=\"twitter:label1\" content=\"Tempo estimado de leitura\" \/>\n\t<meta name=\"twitter:data1\" content=\"1 minuto\" \/>\n<script type=\"application\/ld+json\" class=\"yoast-schema-graph\">{\"@context\":\"https:\/\/schema.org\",\"@graph\":[{\"@type\":[\"WebPage\",\"ItemPage\"],\"@id\":\"https:\/\/maqcenter.com\/pt-pt\/producto\/elevate-e35\/\",\"url\":\"https:\/\/maqcenter.com\/pt-pt\/producto\/elevate-e35\/\",\"name\":\"ELEVATE E35\",\"isPartOf\":{\"@id\":\"https:\/\/maqcenter.com\/pt-pt\/#website\"},\"primaryImageOfPage\":{\"@id\":\"https:\/\/maqcenter.com\/pt-pt\/producto\/elevate-e35\/#primaryimage\"},\"image\":{\"@id\":\"https:\/\/maqcenter.com\/pt-pt\/producto\/elevate-e35\/#primaryimage\"},\"thumbnailUrl\":\"https:\/\/maqcenter.com\/wp-content\/uploads\/2021\/03\/CELLRO-elevate-e35.jpg\",\"datePublished\":\"2021-03-11T13:16:30+00:00\",\"description\":\"ELEVATE E35. Elevate \u00e9 a solu\u00e7\u00e3o de automa\u00e7\u00e3o que oferece a maior capacidade poss\u00edvel de armazenamento de produtos no menor espa\u00e7o poss\u00edvel. O armazenamento de\",\"breadcrumb\":{\"@id\":\"https:\/\/maqcenter.com\/pt-pt\/producto\/elevate-e35\/#breadcrumb\"},\"inLanguage\":\"pt-PT\",\"potentialAction\":[{\"@type\":\"ReadAction\",\"target\":[\"https:\/\/maqcenter.com\/pt-pt\/producto\/elevate-e35\/\"]}]},{\"@type\":\"ImageObject\",\"inLanguage\":\"pt-PT\",\"@id\":\"https:\/\/maqcenter.com\/pt-pt\/producto\/elevate-e35\/#primaryimage\",\"url\":\"https:\/\/maqcenter.com\/wp-content\/uploads\/2021\/03\/CELLRO-elevate-e35.jpg\",\"contentUrl\":\"https:\/\/maqcenter.com\/wp-content\/uploads\/2021\/03\/CELLRO-elevate-e35.jpg\",\"width\":500,\"height\":500},{\"@type\":\"BreadcrumbList\",\"@id\":\"https:\/\/maqcenter.com\/pt-pt\/producto\/elevate-e35\/#breadcrumb\",\"itemListElement\":[{\"@type\":\"ListItem\",\"position\":1,\"name\":\"Productos\",\"item\":\"https:\/\/maqcenter.com\/pt-pt\/\"},{\"@type\":\"ListItem\",\"position\":2,\"name\":\"Produtos\",\"item\":\"https:\/\/maqcenter.com\/pt-pt\/shop\/\"},{\"@type\":\"ListItem\",\"position\":3,\"name\":\"ELEVATE E35\"}]},{\"@type\":\"WebSite\",\"@id\":\"https:\/\/maqcenter.com\/pt-pt\/#website\",\"url\":\"https:\/\/maqcenter.com\/pt-pt\/\",\"name\":\"MAQcenter\",\"description\":\"El centro de tus soluciones\",\"publisher\":{\"@id\":\"https:\/\/maqcenter.com\/pt-pt\/#organization\"},\"potentialAction\":[{\"@type\":\"SearchAction\",\"target\":{\"@type\":\"EntryPoint\",\"urlTemplate\":\"https:\/\/maqcenter.com\/pt-pt\/?s={search_term_string}\"},\"query-input\":{\"@type\":\"PropertyValueSpecification\",\"valueRequired\":true,\"valueName\":\"search_term_string\"}}],\"inLanguage\":\"pt-PT\"},{\"@type\":\"Organization\",\"@id\":\"https:\/\/maqcenter.com\/pt-pt\/#organization\",\"name\":\"MAQcenter S.A.\",\"url\":\"https:\/\/maqcenter.com\/pt-pt\/\",\"logo\":{\"@type\":\"ImageObject\",\"inLanguage\":\"pt-PT\",\"@id\":\"https:\/\/maqcenter.com\/pt-pt\/#\/schema\/logo\/image\/\",\"url\":\"https:\/\/maqcenter.com\/wp-content\/uploads\/2021\/02\/MAQcenter_logo_vertical.svg\",\"contentUrl\":\"https:\/\/maqcenter.com\/wp-content\/uploads\/2021\/02\/MAQcenter_logo_vertical.svg\",\"width\":300,\"height\":174,\"caption\":\"MAQcenter S.A.\"},\"image\":{\"@id\":\"https:\/\/maqcenter.com\/pt-pt\/#\/schema\/logo\/image\/\"}}]}<\/script>\n<!-- \/ Yoast SEO plugin. -->","yoast_head_json":{"title":"ELEVATE E35","description":"ELEVATE E35. Elevate \u00e9 a solu\u00e7\u00e3o de automa\u00e7\u00e3o que oferece a maior capacidade poss\u00edvel de armazenamento de produtos no menor espa\u00e7o poss\u00edvel. O armazenamento de","robots":{"index":"index","follow":"follow","max-snippet":"max-snippet:-1","max-image-preview":"max-image-preview:large","max-video-preview":"max-video-preview:-1"},"canonical":"https:\/\/maqcenter.com\/pt-pt\/producto\/elevate-e35\/","og_locale":"pt_PT","og_type":"article","og_title":"ELEVATE E35","og_description":"ELEVATE E35. Elevate \u00e9 a solu\u00e7\u00e3o de automa\u00e7\u00e3o que oferece a maior capacidade poss\u00edvel de armazenamento de produtos no menor espa\u00e7o poss\u00edvel. O armazenamento de","og_url":"https:\/\/maqcenter.com\/pt-pt\/producto\/elevate-e35\/","og_site_name":"MAQcenter","twitter_card":"summary_large_image","twitter_misc":{"Tempo estimado de leitura":"1 minuto"},"schema":{"@context":"https:\/\/schema.org","@graph":[{"@type":["WebPage","ItemPage"],"@id":"https:\/\/maqcenter.com\/pt-pt\/producto\/elevate-e35\/","url":"https:\/\/maqcenter.com\/pt-pt\/producto\/elevate-e35\/","name":"ELEVATE E35","isPartOf":{"@id":"https:\/\/maqcenter.com\/pt-pt\/#website"},"primaryImageOfPage":{"@id":"https:\/\/maqcenter.com\/pt-pt\/producto\/elevate-e35\/#primaryimage"},"image":{"@id":"https:\/\/maqcenter.com\/pt-pt\/producto\/elevate-e35\/#primaryimage"},"thumbnailUrl":"https:\/\/maqcenter.com\/wp-content\/uploads\/2021\/03\/CELLRO-elevate-e35.jpg","datePublished":"2021-03-11T13:16:30+00:00","description":"ELEVATE E35. Elevate \u00e9 a solu\u00e7\u00e3o de automa\u00e7\u00e3o que oferece a maior capacidade poss\u00edvel de armazenamento de produtos no menor espa\u00e7o poss\u00edvel. O armazenamento de","breadcrumb":{"@id":"https:\/\/maqcenter.com\/pt-pt\/producto\/elevate-e35\/#breadcrumb"},"inLanguage":"pt-PT","potentialAction":[{"@type":"ReadAction","target":["https:\/\/maqcenter.com\/pt-pt\/producto\/elevate-e35\/"]}]},{"@type":"ImageObject","inLanguage":"pt-PT","@id":"https:\/\/maqcenter.com\/pt-pt\/producto\/elevate-e35\/#primaryimage","url":"https:\/\/maqcenter.com\/wp-content\/uploads\/2021\/03\/CELLRO-elevate-e35.jpg","contentUrl":"https:\/\/maqcenter.com\/wp-content\/uploads\/2021\/03\/CELLRO-elevate-e35.jpg","width":500,"height":500},{"@type":"BreadcrumbList","@id":"https:\/\/maqcenter.com\/pt-pt\/producto\/elevate-e35\/#breadcrumb","itemListElement":[{"@type":"ListItem","position":1,"name":"Productos","item":"https:\/\/maqcenter.com\/pt-pt\/"},{"@type":"ListItem","position":2,"name":"Produtos","item":"https:\/\/maqcenter.com\/pt-pt\/shop\/"},{"@type":"ListItem","position":3,"name":"ELEVATE E35"}]},{"@type":"WebSite","@id":"https:\/\/maqcenter.com\/pt-pt\/#website","url":"https:\/\/maqcenter.com\/pt-pt\/","name":"MAQcenter","description":"El centro de tus soluciones","publisher":{"@id":"https:\/\/maqcenter.com\/pt-pt\/#organization"},"potentialAction":[{"@type":"SearchAction","target":{"@type":"EntryPoint","urlTemplate":"https:\/\/maqcenter.com\/pt-pt\/?s={search_term_string}"},"query-input":{"@type":"PropertyValueSpecification","valueRequired":true,"valueName":"search_term_string"}}],"inLanguage":"pt-PT"},{"@type":"Organization","@id":"https:\/\/maqcenter.com\/pt-pt\/#organization","name":"MAQcenter S.A.","url":"https:\/\/maqcenter.com\/pt-pt\/","logo":{"@type":"ImageObject","inLanguage":"pt-PT","@id":"https:\/\/maqcenter.com\/pt-pt\/#\/schema\/logo\/image\/","url":"https:\/\/maqcenter.com\/wp-content\/uploads\/2021\/02\/MAQcenter_logo_vertical.svg","contentUrl":"https:\/\/maqcenter.com\/wp-content\/uploads\/2021\/02\/MAQcenter_logo_vertical.svg","width":300,"height":174,"caption":"MAQcenter S.A."},"image":{"@id":"https:\/\/maqcenter.com\/pt-pt\/#\/schema\/logo\/image\/"}}]}},"_links":{"self":[{"href":"https:\/\/maqcenter.com\/pt-pt\/wp-json\/wp\/v2\/product\/21518","targetHints":{"allow":["GET"]}}],"collection":[{"href":"https:\/\/maqcenter.com\/pt-pt\/wp-json\/wp\/v2\/product"}],"about":[{"href":"https:\/\/maqcenter.com\/pt-pt\/wp-json\/wp\/v2\/types\/product"}],"wp:featuredmedia":[{"embeddable":true,"href":"https:\/\/maqcenter.com\/pt-pt\/wp-json\/wp\/v2\/media\/21519"}],"wp:attachment":[{"href":"https:\/\/maqcenter.com\/pt-pt\/wp-json\/wp\/v2\/media?parent=21518"}],"wp:term":[{"taxonomy":"product_brand","embeddable":true,"href":"https:\/\/maqcenter.com\/pt-pt\/wp-json\/wp\/v2\/product_brand?post=21518"},{"taxonomy":"product_cat","embeddable":true,"href":"https:\/\/maqcenter.com\/pt-pt\/wp-json\/wp\/v2\/product_cat?post=21518"},{"taxonomy":"product_tag","embeddable":true,"href":"https:\/\/maqcenter.com\/pt-pt\/wp-json\/wp\/v2\/product_tag?post=21518"},{"taxonomy":"marca-producto","embeddable":true,"href":"https:\/\/maqcenter.com\/pt-pt\/wp-json\/wp\/v2\/marca-producto?post=21518"},{"taxonomy":"serie-producto","embeddable":true,"href":"https:\/\/maqcenter.com\/pt-pt\/wp-json\/wp\/v2\/serie-producto?post=21518"}],"curies":[{"name":"wp","href":"https:\/\/api.w.org\/{rel}","templated":true}]}}