{"id":21528,"date":"2021-03-11T15:16:30","date_gmt":"2021-03-11T13:16:30","guid":{"rendered":"https:\/\/maqcenter.com\/producto\/xcelerate-x10\/"},"modified":"2021-03-11T15:16:30","modified_gmt":"2021-03-11T13:16:30","slug":"xcelerate-x10","status":"publish","type":"product","link":"https:\/\/maqcenter.com\/pt-pt\/producto\/xcelerate-x10\/","title":{"rendered":"XCELERATE X10"},"content":{"rendered":"<p>Xcelerate \u00e9 a solu\u00e7\u00e3o de automa\u00e7\u00e3o para sua m\u00e1quina CNC. O sistema Xcelerate \u00e9 conhecido por sua flexibilidade, podendo trabalhar com pe\u00e7as cil\u00edndricas, eixos, pe\u00e7as quadradas ou moldadas, facilidade de uso e universalidade.<br \/>\nO Xcelerate X10, a vers\u00e3o menor do Xcelerate, \u00e9 caracterizado por seu rob\u00f4 fanuc de 12 kg. Da mesma forma, possui at\u00e9 4 gavetas nas quais podem ser armazenados produtos com altura m\u00e1xima de 255mm. O Xcelerate X10 \u00e9 a solu\u00e7\u00e3o perfeita para empresas de usinagem que sabem que seus produtos e pe\u00e7as n\u00e3o pesam mais do que aproximadamente 5,5 kg. X10 pesa 1000 kg. <\/p>\n","protected":false},"excerpt":{"rendered":"<p>Xcelerate \u00e9 a solu\u00e7\u00e3o de automa\u00e7\u00e3o para sua m\u00e1quina CNC. O sistema Xcelerate \u00e9 conhecido por sua flexibilidade, podendo trabalhar com pe\u00e7as cil\u00edndricas, eixos, pe\u00e7as quadradas ou moldadas, facilidade de uso e universalidade. O Xcelerate X10, a vers\u00e3o menor do Xcelerate, \u00e9 caracterizado por seu rob\u00f4 fanuc de 12 kg. Da mesma forma, possui at\u00e9 [&hellip;]<\/p>\n","protected":false},"featured_media":21529,"template":"","meta":[],"product_brand":[],"product_cat":[492,498],"product_tag":[],"marca-producto":[104],"serie-producto":[342],"class_list":{"0":"post-21528","1":"product","2":"type-product","3":"status-publish","4":"has-post-thumbnail","6":"product_cat-automatizacao","7":"product_cat-stand-alone-pt-pt","8":"marca-producto-cellro","9":"serie-producto-xcelerate","11":"first","12":"instock","13":"product-type-simple"},"yoast_head":"<!-- This site is optimized with the Yoast SEO plugin v27.0 - https:\/\/yoast.com\/product\/yoast-seo-wordpress\/ -->\n<title>XCELERATE X10<\/title>\n<meta name=\"description\" content=\"XCELERATE X10. Xcelerate \u00e9 a solu\u00e7\u00e3o de automa\u00e7\u00e3o para sua m\u00e1quina CNC. O sistema Xcelerate \u00e9 conhecido por sua flexibilidade, podendo trabalhar com pe\u00e7as cil\u00edndricas,\" \/>\n<meta name=\"robots\" content=\"index, follow, max-snippet:-1, max-image-preview:large, max-video-preview:-1\" \/>\n<link rel=\"canonical\" href=\"https:\/\/maqcenter.com\/pt-pt\/producto\/xcelerate-x10\/\" \/>\n<meta property=\"og:locale\" content=\"pt_PT\" \/>\n<meta property=\"og:type\" content=\"article\" \/>\n<meta property=\"og:title\" content=\"XCELERATE X10\" \/>\n<meta property=\"og:description\" content=\"XCELERATE X10. Xcelerate \u00e9 a solu\u00e7\u00e3o de automa\u00e7\u00e3o para sua m\u00e1quina CNC. O sistema Xcelerate \u00e9 conhecido por sua flexibilidade, podendo trabalhar com pe\u00e7as cil\u00edndricas,\" \/>\n<meta property=\"og:url\" content=\"https:\/\/maqcenter.com\/pt-pt\/producto\/xcelerate-x10\/\" \/>\n<meta property=\"og:site_name\" content=\"MAQcenter\" \/>\n<meta name=\"twitter:card\" content=\"summary_large_image\" \/>\n<meta name=\"twitter:label1\" content=\"Tempo estimado de leitura\" \/>\n\t<meta name=\"twitter:data1\" content=\"1 minuto\" \/>\n<script type=\"application\/ld+json\" class=\"yoast-schema-graph\">{\"@context\":\"https:\/\/schema.org\",\"@graph\":[{\"@type\":[\"WebPage\",\"ItemPage\"],\"@id\":\"https:\/\/maqcenter.com\/pt-pt\/producto\/xcelerate-x10\/\",\"url\":\"https:\/\/maqcenter.com\/pt-pt\/producto\/xcelerate-x10\/\",\"name\":\"XCELERATE X10\",\"isPartOf\":{\"@id\":\"https:\/\/maqcenter.com\/pt-pt\/#website\"},\"primaryImageOfPage\":{\"@id\":\"https:\/\/maqcenter.com\/pt-pt\/producto\/xcelerate-x10\/#primaryimage\"},\"image\":{\"@id\":\"https:\/\/maqcenter.com\/pt-pt\/producto\/xcelerate-x10\/#primaryimage\"},\"thumbnailUrl\":\"https:\/\/maqcenter.com\/wp-content\/uploads\/2021\/03\/CELLRO-xcellerate-10.jpg\",\"datePublished\":\"2021-03-11T13:16:30+00:00\",\"description\":\"XCELERATE X10. Xcelerate \u00e9 a solu\u00e7\u00e3o de automa\u00e7\u00e3o para sua m\u00e1quina CNC. O sistema Xcelerate \u00e9 conhecido por sua flexibilidade, podendo trabalhar com pe\u00e7as cil\u00edndricas,\",\"breadcrumb\":{\"@id\":\"https:\/\/maqcenter.com\/pt-pt\/producto\/xcelerate-x10\/#breadcrumb\"},\"inLanguage\":\"pt-PT\",\"potentialAction\":[{\"@type\":\"ReadAction\",\"target\":[\"https:\/\/maqcenter.com\/pt-pt\/producto\/xcelerate-x10\/\"]}]},{\"@type\":\"ImageObject\",\"inLanguage\":\"pt-PT\",\"@id\":\"https:\/\/maqcenter.com\/pt-pt\/producto\/xcelerate-x10\/#primaryimage\",\"url\":\"https:\/\/maqcenter.com\/wp-content\/uploads\/2021\/03\/CELLRO-xcellerate-10.jpg\",\"contentUrl\":\"https:\/\/maqcenter.com\/wp-content\/uploads\/2021\/03\/CELLRO-xcellerate-10.jpg\",\"width\":500,\"height\":500},{\"@type\":\"BreadcrumbList\",\"@id\":\"https:\/\/maqcenter.com\/pt-pt\/producto\/xcelerate-x10\/#breadcrumb\",\"itemListElement\":[{\"@type\":\"ListItem\",\"position\":1,\"name\":\"Productos\",\"item\":\"https:\/\/maqcenter.com\/pt-pt\/\"},{\"@type\":\"ListItem\",\"position\":2,\"name\":\"Produtos\",\"item\":\"https:\/\/maqcenter.com\/pt-pt\/shop\/\"},{\"@type\":\"ListItem\",\"position\":3,\"name\":\"XCELERATE X10\"}]},{\"@type\":\"WebSite\",\"@id\":\"https:\/\/maqcenter.com\/pt-pt\/#website\",\"url\":\"https:\/\/maqcenter.com\/pt-pt\/\",\"name\":\"MAQcenter\",\"description\":\"El centro de tus soluciones\",\"publisher\":{\"@id\":\"https:\/\/maqcenter.com\/pt-pt\/#organization\"},\"potentialAction\":[{\"@type\":\"SearchAction\",\"target\":{\"@type\":\"EntryPoint\",\"urlTemplate\":\"https:\/\/maqcenter.com\/pt-pt\/?s={search_term_string}\"},\"query-input\":{\"@type\":\"PropertyValueSpecification\",\"valueRequired\":true,\"valueName\":\"search_term_string\"}}],\"inLanguage\":\"pt-PT\"},{\"@type\":\"Organization\",\"@id\":\"https:\/\/maqcenter.com\/pt-pt\/#organization\",\"name\":\"MAQcenter S.A.\",\"url\":\"https:\/\/maqcenter.com\/pt-pt\/\",\"logo\":{\"@type\":\"ImageObject\",\"inLanguage\":\"pt-PT\",\"@id\":\"https:\/\/maqcenter.com\/pt-pt\/#\/schema\/logo\/image\/\",\"url\":\"https:\/\/maqcenter.com\/wp-content\/uploads\/2021\/02\/MAQcenter_logo_vertical.svg\",\"contentUrl\":\"https:\/\/maqcenter.com\/wp-content\/uploads\/2021\/02\/MAQcenter_logo_vertical.svg\",\"width\":300,\"height\":174,\"caption\":\"MAQcenter S.A.\"},\"image\":{\"@id\":\"https:\/\/maqcenter.com\/pt-pt\/#\/schema\/logo\/image\/\"}}]}<\/script>\n<!-- \/ Yoast SEO plugin. -->","yoast_head_json":{"title":"XCELERATE X10","description":"XCELERATE X10. Xcelerate \u00e9 a solu\u00e7\u00e3o de automa\u00e7\u00e3o para sua m\u00e1quina CNC. O sistema Xcelerate \u00e9 conhecido por sua flexibilidade, podendo trabalhar com pe\u00e7as cil\u00edndricas,","robots":{"index":"index","follow":"follow","max-snippet":"max-snippet:-1","max-image-preview":"max-image-preview:large","max-video-preview":"max-video-preview:-1"},"canonical":"https:\/\/maqcenter.com\/pt-pt\/producto\/xcelerate-x10\/","og_locale":"pt_PT","og_type":"article","og_title":"XCELERATE X10","og_description":"XCELERATE X10. Xcelerate \u00e9 a solu\u00e7\u00e3o de automa\u00e7\u00e3o para sua m\u00e1quina CNC. O sistema Xcelerate \u00e9 conhecido por sua flexibilidade, podendo trabalhar com pe\u00e7as cil\u00edndricas,","og_url":"https:\/\/maqcenter.com\/pt-pt\/producto\/xcelerate-x10\/","og_site_name":"MAQcenter","twitter_card":"summary_large_image","twitter_misc":{"Tempo estimado de leitura":"1 minuto"},"schema":{"@context":"https:\/\/schema.org","@graph":[{"@type":["WebPage","ItemPage"],"@id":"https:\/\/maqcenter.com\/pt-pt\/producto\/xcelerate-x10\/","url":"https:\/\/maqcenter.com\/pt-pt\/producto\/xcelerate-x10\/","name":"XCELERATE X10","isPartOf":{"@id":"https:\/\/maqcenter.com\/pt-pt\/#website"},"primaryImageOfPage":{"@id":"https:\/\/maqcenter.com\/pt-pt\/producto\/xcelerate-x10\/#primaryimage"},"image":{"@id":"https:\/\/maqcenter.com\/pt-pt\/producto\/xcelerate-x10\/#primaryimage"},"thumbnailUrl":"https:\/\/maqcenter.com\/wp-content\/uploads\/2021\/03\/CELLRO-xcellerate-10.jpg","datePublished":"2021-03-11T13:16:30+00:00","description":"XCELERATE X10. Xcelerate \u00e9 a solu\u00e7\u00e3o de automa\u00e7\u00e3o para sua m\u00e1quina CNC. O sistema Xcelerate \u00e9 conhecido por sua flexibilidade, podendo trabalhar com pe\u00e7as cil\u00edndricas,","breadcrumb":{"@id":"https:\/\/maqcenter.com\/pt-pt\/producto\/xcelerate-x10\/#breadcrumb"},"inLanguage":"pt-PT","potentialAction":[{"@type":"ReadAction","target":["https:\/\/maqcenter.com\/pt-pt\/producto\/xcelerate-x10\/"]}]},{"@type":"ImageObject","inLanguage":"pt-PT","@id":"https:\/\/maqcenter.com\/pt-pt\/producto\/xcelerate-x10\/#primaryimage","url":"https:\/\/maqcenter.com\/wp-content\/uploads\/2021\/03\/CELLRO-xcellerate-10.jpg","contentUrl":"https:\/\/maqcenter.com\/wp-content\/uploads\/2021\/03\/CELLRO-xcellerate-10.jpg","width":500,"height":500},{"@type":"BreadcrumbList","@id":"https:\/\/maqcenter.com\/pt-pt\/producto\/xcelerate-x10\/#breadcrumb","itemListElement":[{"@type":"ListItem","position":1,"name":"Productos","item":"https:\/\/maqcenter.com\/pt-pt\/"},{"@type":"ListItem","position":2,"name":"Produtos","item":"https:\/\/maqcenter.com\/pt-pt\/shop\/"},{"@type":"ListItem","position":3,"name":"XCELERATE X10"}]},{"@type":"WebSite","@id":"https:\/\/maqcenter.com\/pt-pt\/#website","url":"https:\/\/maqcenter.com\/pt-pt\/","name":"MAQcenter","description":"El centro de tus soluciones","publisher":{"@id":"https:\/\/maqcenter.com\/pt-pt\/#organization"},"potentialAction":[{"@type":"SearchAction","target":{"@type":"EntryPoint","urlTemplate":"https:\/\/maqcenter.com\/pt-pt\/?s={search_term_string}"},"query-input":{"@type":"PropertyValueSpecification","valueRequired":true,"valueName":"search_term_string"}}],"inLanguage":"pt-PT"},{"@type":"Organization","@id":"https:\/\/maqcenter.com\/pt-pt\/#organization","name":"MAQcenter S.A.","url":"https:\/\/maqcenter.com\/pt-pt\/","logo":{"@type":"ImageObject","inLanguage":"pt-PT","@id":"https:\/\/maqcenter.com\/pt-pt\/#\/schema\/logo\/image\/","url":"https:\/\/maqcenter.com\/wp-content\/uploads\/2021\/02\/MAQcenter_logo_vertical.svg","contentUrl":"https:\/\/maqcenter.com\/wp-content\/uploads\/2021\/02\/MAQcenter_logo_vertical.svg","width":300,"height":174,"caption":"MAQcenter S.A."},"image":{"@id":"https:\/\/maqcenter.com\/pt-pt\/#\/schema\/logo\/image\/"}}]}},"_links":{"self":[{"href":"https:\/\/maqcenter.com\/pt-pt\/wp-json\/wp\/v2\/product\/21528","targetHints":{"allow":["GET"]}}],"collection":[{"href":"https:\/\/maqcenter.com\/pt-pt\/wp-json\/wp\/v2\/product"}],"about":[{"href":"https:\/\/maqcenter.com\/pt-pt\/wp-json\/wp\/v2\/types\/product"}],"wp:featuredmedia":[{"embeddable":true,"href":"https:\/\/maqcenter.com\/pt-pt\/wp-json\/wp\/v2\/media\/21529"}],"wp:attachment":[{"href":"https:\/\/maqcenter.com\/pt-pt\/wp-json\/wp\/v2\/media?parent=21528"}],"wp:term":[{"taxonomy":"product_brand","embeddable":true,"href":"https:\/\/maqcenter.com\/pt-pt\/wp-json\/wp\/v2\/product_brand?post=21528"},{"taxonomy":"product_cat","embeddable":true,"href":"https:\/\/maqcenter.com\/pt-pt\/wp-json\/wp\/v2\/product_cat?post=21528"},{"taxonomy":"product_tag","embeddable":true,"href":"https:\/\/maqcenter.com\/pt-pt\/wp-json\/wp\/v2\/product_tag?post=21528"},{"taxonomy":"marca-producto","embeddable":true,"href":"https:\/\/maqcenter.com\/pt-pt\/wp-json\/wp\/v2\/marca-producto?post=21528"},{"taxonomy":"serie-producto","embeddable":true,"href":"https:\/\/maqcenter.com\/pt-pt\/wp-json\/wp\/v2\/serie-producto?post=21528"}],"curies":[{"name":"wp","href":"https:\/\/api.w.org\/{rel}","templated":true}]}}