{"id":21533,"date":"2021-03-11T15:16:30","date_gmt":"2021-03-11T13:16:30","guid":{"rendered":"https:\/\/maqcenter.com\/producto\/xcelerate-x20\/"},"modified":"2021-03-11T15:16:30","modified_gmt":"2021-03-11T13:16:30","slug":"xcelerate-x20","status":"publish","type":"product","link":"https:\/\/maqcenter.com\/pt-pt\/producto\/xcelerate-x20\/","title":{"rendered":"XCELERATE X20"},"content":{"rendered":"<p>Encontramos o irm\u00e3o do meio da saga Xcelerate: Xcelerate X20.<br \/>\nO bra\u00e7o do rob\u00f4 X20 pode ser configurado com um rob\u00f4 Fanuc de 35Kg e, como o X10, possui quatro gavetas (opcionalmente 3 ou 2) nas quais podem ser armazenados produtos com altura de at\u00e9 255mm. O X20, ao contr\u00e1rio, \u00e9 capaz de armazenar at\u00e9 200 kg de produtos.<br \/>\nVoc\u00ea est\u00e1 procurando um rob\u00f4 que lide com um peso na faixa de 12 a 35 kg? Portanto, recomendamos o X20. Principalmente para empresas com produ\u00e7\u00e3o imprevis\u00edvel e vari\u00e1vel. X20 pesa 1600 kg.  <\/p>\n","protected":false},"excerpt":{"rendered":"<p>Encontramos o irm\u00e3o do meio da saga Xcelerate: Xcelerate X20. O bra\u00e7o do rob\u00f4 X20 pode ser configurado com um rob\u00f4 Fanuc de 35Kg e, como o X10, possui quatro gavetas (opcionalmente 3 ou 2) nas quais podem ser armazenados produtos com altura de at\u00e9 255mm. O X20, ao contr\u00e1rio, \u00e9 capaz de armazenar at\u00e9 [&hellip;]<\/p>\n","protected":false},"featured_media":21534,"template":"","meta":[],"product_brand":[],"product_cat":[492,498],"product_tag":[],"marca-producto":[104],"serie-producto":[342],"class_list":{"0":"post-21533","1":"product","2":"type-product","3":"status-publish","4":"has-post-thumbnail","6":"product_cat-automatizacao","7":"product_cat-stand-alone-pt-pt","8":"marca-producto-cellro","9":"serie-producto-xcelerate","11":"first","12":"instock","13":"product-type-simple"},"yoast_head":"<!-- This site is optimized with the Yoast SEO plugin v27.0 - https:\/\/yoast.com\/product\/yoast-seo-wordpress\/ -->\n<title>XCELERATE X20<\/title>\n<meta name=\"description\" content=\"XCELERATE X20. Encontramos o irm\u00e3o do meio da saga Xcelerate: Xcelerate X20. O bra\u00e7o do rob\u00f4 X20 pode ser configurado com um rob\u00f4 Fanuc de 35Kg e, como o X10, possui\" \/>\n<meta name=\"robots\" content=\"index, follow, max-snippet:-1, max-image-preview:large, max-video-preview:-1\" \/>\n<link rel=\"canonical\" href=\"https:\/\/maqcenter.com\/pt-pt\/producto\/xcelerate-x20\/\" \/>\n<meta property=\"og:locale\" content=\"pt_PT\" \/>\n<meta property=\"og:type\" content=\"article\" \/>\n<meta property=\"og:title\" content=\"XCELERATE X20\" \/>\n<meta property=\"og:description\" content=\"XCELERATE X20. Encontramos o irm\u00e3o do meio da saga Xcelerate: Xcelerate X20. O bra\u00e7o do rob\u00f4 X20 pode ser configurado com um rob\u00f4 Fanuc de 35Kg e, como o X10, possui\" \/>\n<meta property=\"og:url\" content=\"https:\/\/maqcenter.com\/pt-pt\/producto\/xcelerate-x20\/\" \/>\n<meta property=\"og:site_name\" content=\"MAQcenter\" \/>\n<meta name=\"twitter:card\" content=\"summary_large_image\" \/>\n<script type=\"application\/ld+json\" class=\"yoast-schema-graph\">{\"@context\":\"https:\/\/schema.org\",\"@graph\":[{\"@type\":[\"WebPage\",\"ItemPage\"],\"@id\":\"https:\/\/maqcenter.com\/pt-pt\/producto\/xcelerate-x20\/\",\"url\":\"https:\/\/maqcenter.com\/pt-pt\/producto\/xcelerate-x20\/\",\"name\":\"XCELERATE X20\",\"isPartOf\":{\"@id\":\"https:\/\/maqcenter.com\/pt-pt\/#website\"},\"primaryImageOfPage\":{\"@id\":\"https:\/\/maqcenter.com\/pt-pt\/producto\/xcelerate-x20\/#primaryimage\"},\"image\":{\"@id\":\"https:\/\/maqcenter.com\/pt-pt\/producto\/xcelerate-x20\/#primaryimage\"},\"thumbnailUrl\":\"https:\/\/maqcenter.com\/wp-content\/uploads\/2021\/03\/CELLRO-xcellerate-20.jpg\",\"datePublished\":\"2021-03-11T13:16:30+00:00\",\"description\":\"XCELERATE X20. Encontramos o irm\u00e3o do meio da saga Xcelerate: Xcelerate X20. O bra\u00e7o do rob\u00f4 X20 pode ser configurado com um rob\u00f4 Fanuc de 35Kg e, como o X10, possui\",\"breadcrumb\":{\"@id\":\"https:\/\/maqcenter.com\/pt-pt\/producto\/xcelerate-x20\/#breadcrumb\"},\"inLanguage\":\"pt-PT\",\"potentialAction\":[{\"@type\":\"ReadAction\",\"target\":[\"https:\/\/maqcenter.com\/pt-pt\/producto\/xcelerate-x20\/\"]}]},{\"@type\":\"ImageObject\",\"inLanguage\":\"pt-PT\",\"@id\":\"https:\/\/maqcenter.com\/pt-pt\/producto\/xcelerate-x20\/#primaryimage\",\"url\":\"https:\/\/maqcenter.com\/wp-content\/uploads\/2021\/03\/CELLRO-xcellerate-20.jpg\",\"contentUrl\":\"https:\/\/maqcenter.com\/wp-content\/uploads\/2021\/03\/CELLRO-xcellerate-20.jpg\",\"width\":500,\"height\":500},{\"@type\":\"BreadcrumbList\",\"@id\":\"https:\/\/maqcenter.com\/pt-pt\/producto\/xcelerate-x20\/#breadcrumb\",\"itemListElement\":[{\"@type\":\"ListItem\",\"position\":1,\"name\":\"Productos\",\"item\":\"https:\/\/maqcenter.com\/pt-pt\/\"},{\"@type\":\"ListItem\",\"position\":2,\"name\":\"Produtos\",\"item\":\"https:\/\/maqcenter.com\/pt-pt\/shop\/\"},{\"@type\":\"ListItem\",\"position\":3,\"name\":\"XCELERATE X20\"}]},{\"@type\":\"WebSite\",\"@id\":\"https:\/\/maqcenter.com\/pt-pt\/#website\",\"url\":\"https:\/\/maqcenter.com\/pt-pt\/\",\"name\":\"MAQcenter\",\"description\":\"El centro de tus soluciones\",\"publisher\":{\"@id\":\"https:\/\/maqcenter.com\/pt-pt\/#organization\"},\"potentialAction\":[{\"@type\":\"SearchAction\",\"target\":{\"@type\":\"EntryPoint\",\"urlTemplate\":\"https:\/\/maqcenter.com\/pt-pt\/?s={search_term_string}\"},\"query-input\":{\"@type\":\"PropertyValueSpecification\",\"valueRequired\":true,\"valueName\":\"search_term_string\"}}],\"inLanguage\":\"pt-PT\"},{\"@type\":\"Organization\",\"@id\":\"https:\/\/maqcenter.com\/pt-pt\/#organization\",\"name\":\"MAQcenter S.A.\",\"url\":\"https:\/\/maqcenter.com\/pt-pt\/\",\"logo\":{\"@type\":\"ImageObject\",\"inLanguage\":\"pt-PT\",\"@id\":\"https:\/\/maqcenter.com\/pt-pt\/#\/schema\/logo\/image\/\",\"url\":\"https:\/\/maqcenter.com\/wp-content\/uploads\/2021\/02\/MAQcenter_logo_vertical.svg\",\"contentUrl\":\"https:\/\/maqcenter.com\/wp-content\/uploads\/2021\/02\/MAQcenter_logo_vertical.svg\",\"width\":300,\"height\":174,\"caption\":\"MAQcenter S.A.\"},\"image\":{\"@id\":\"https:\/\/maqcenter.com\/pt-pt\/#\/schema\/logo\/image\/\"}}]}<\/script>\n<!-- \/ Yoast SEO plugin. -->","yoast_head_json":{"title":"XCELERATE X20","description":"XCELERATE X20. Encontramos o irm\u00e3o do meio da saga Xcelerate: Xcelerate X20. O bra\u00e7o do rob\u00f4 X20 pode ser configurado com um rob\u00f4 Fanuc de 35Kg e, como o X10, possui","robots":{"index":"index","follow":"follow","max-snippet":"max-snippet:-1","max-image-preview":"max-image-preview:large","max-video-preview":"max-video-preview:-1"},"canonical":"https:\/\/maqcenter.com\/pt-pt\/producto\/xcelerate-x20\/","og_locale":"pt_PT","og_type":"article","og_title":"XCELERATE X20","og_description":"XCELERATE X20. Encontramos o irm\u00e3o do meio da saga Xcelerate: Xcelerate X20. O bra\u00e7o do rob\u00f4 X20 pode ser configurado com um rob\u00f4 Fanuc de 35Kg e, como o X10, possui","og_url":"https:\/\/maqcenter.com\/pt-pt\/producto\/xcelerate-x20\/","og_site_name":"MAQcenter","twitter_card":"summary_large_image","schema":{"@context":"https:\/\/schema.org","@graph":[{"@type":["WebPage","ItemPage"],"@id":"https:\/\/maqcenter.com\/pt-pt\/producto\/xcelerate-x20\/","url":"https:\/\/maqcenter.com\/pt-pt\/producto\/xcelerate-x20\/","name":"XCELERATE X20","isPartOf":{"@id":"https:\/\/maqcenter.com\/pt-pt\/#website"},"primaryImageOfPage":{"@id":"https:\/\/maqcenter.com\/pt-pt\/producto\/xcelerate-x20\/#primaryimage"},"image":{"@id":"https:\/\/maqcenter.com\/pt-pt\/producto\/xcelerate-x20\/#primaryimage"},"thumbnailUrl":"https:\/\/maqcenter.com\/wp-content\/uploads\/2021\/03\/CELLRO-xcellerate-20.jpg","datePublished":"2021-03-11T13:16:30+00:00","description":"XCELERATE X20. Encontramos o irm\u00e3o do meio da saga Xcelerate: Xcelerate X20. O bra\u00e7o do rob\u00f4 X20 pode ser configurado com um rob\u00f4 Fanuc de 35Kg e, como o X10, possui","breadcrumb":{"@id":"https:\/\/maqcenter.com\/pt-pt\/producto\/xcelerate-x20\/#breadcrumb"},"inLanguage":"pt-PT","potentialAction":[{"@type":"ReadAction","target":["https:\/\/maqcenter.com\/pt-pt\/producto\/xcelerate-x20\/"]}]},{"@type":"ImageObject","inLanguage":"pt-PT","@id":"https:\/\/maqcenter.com\/pt-pt\/producto\/xcelerate-x20\/#primaryimage","url":"https:\/\/maqcenter.com\/wp-content\/uploads\/2021\/03\/CELLRO-xcellerate-20.jpg","contentUrl":"https:\/\/maqcenter.com\/wp-content\/uploads\/2021\/03\/CELLRO-xcellerate-20.jpg","width":500,"height":500},{"@type":"BreadcrumbList","@id":"https:\/\/maqcenter.com\/pt-pt\/producto\/xcelerate-x20\/#breadcrumb","itemListElement":[{"@type":"ListItem","position":1,"name":"Productos","item":"https:\/\/maqcenter.com\/pt-pt\/"},{"@type":"ListItem","position":2,"name":"Produtos","item":"https:\/\/maqcenter.com\/pt-pt\/shop\/"},{"@type":"ListItem","position":3,"name":"XCELERATE X20"}]},{"@type":"WebSite","@id":"https:\/\/maqcenter.com\/pt-pt\/#website","url":"https:\/\/maqcenter.com\/pt-pt\/","name":"MAQcenter","description":"El centro de tus soluciones","publisher":{"@id":"https:\/\/maqcenter.com\/pt-pt\/#organization"},"potentialAction":[{"@type":"SearchAction","target":{"@type":"EntryPoint","urlTemplate":"https:\/\/maqcenter.com\/pt-pt\/?s={search_term_string}"},"query-input":{"@type":"PropertyValueSpecification","valueRequired":true,"valueName":"search_term_string"}}],"inLanguage":"pt-PT"},{"@type":"Organization","@id":"https:\/\/maqcenter.com\/pt-pt\/#organization","name":"MAQcenter S.A.","url":"https:\/\/maqcenter.com\/pt-pt\/","logo":{"@type":"ImageObject","inLanguage":"pt-PT","@id":"https:\/\/maqcenter.com\/pt-pt\/#\/schema\/logo\/image\/","url":"https:\/\/maqcenter.com\/wp-content\/uploads\/2021\/02\/MAQcenter_logo_vertical.svg","contentUrl":"https:\/\/maqcenter.com\/wp-content\/uploads\/2021\/02\/MAQcenter_logo_vertical.svg","width":300,"height":174,"caption":"MAQcenter S.A."},"image":{"@id":"https:\/\/maqcenter.com\/pt-pt\/#\/schema\/logo\/image\/"}}]}},"_links":{"self":[{"href":"https:\/\/maqcenter.com\/pt-pt\/wp-json\/wp\/v2\/product\/21533","targetHints":{"allow":["GET"]}}],"collection":[{"href":"https:\/\/maqcenter.com\/pt-pt\/wp-json\/wp\/v2\/product"}],"about":[{"href":"https:\/\/maqcenter.com\/pt-pt\/wp-json\/wp\/v2\/types\/product"}],"wp:featuredmedia":[{"embeddable":true,"href":"https:\/\/maqcenter.com\/pt-pt\/wp-json\/wp\/v2\/media\/21534"}],"wp:attachment":[{"href":"https:\/\/maqcenter.com\/pt-pt\/wp-json\/wp\/v2\/media?parent=21533"}],"wp:term":[{"taxonomy":"product_brand","embeddable":true,"href":"https:\/\/maqcenter.com\/pt-pt\/wp-json\/wp\/v2\/product_brand?post=21533"},{"taxonomy":"product_cat","embeddable":true,"href":"https:\/\/maqcenter.com\/pt-pt\/wp-json\/wp\/v2\/product_cat?post=21533"},{"taxonomy":"product_tag","embeddable":true,"href":"https:\/\/maqcenter.com\/pt-pt\/wp-json\/wp\/v2\/product_tag?post=21533"},{"taxonomy":"marca-producto","embeddable":true,"href":"https:\/\/maqcenter.com\/pt-pt\/wp-json\/wp\/v2\/marca-producto?post=21533"},{"taxonomy":"serie-producto","embeddable":true,"href":"https:\/\/maqcenter.com\/pt-pt\/wp-json\/wp\/v2\/serie-producto?post=21533"}],"curies":[{"name":"wp","href":"https:\/\/api.w.org\/{rel}","templated":true}]}}