{"id":21563,"date":"2021-03-31T13:59:05","date_gmt":"2021-03-31T11:59:05","guid":{"rendered":"https:\/\/maqcenter.com\/producto\/tda-ta\/"},"modified":"2021-03-31T13:59:05","modified_gmt":"2021-03-31T11:59:05","slug":"tda-ta","status":"publish","type":"product","link":"https:\/\/maqcenter.com\/pt-pt\/producto\/tda-ta\/","title":{"rendered":"TDA \/ TA"},"content":{"rendered":"<p>Cabe\u00e7a angular com sa\u00edda fixa diferente de 90\u00ba. Indicado para aquelas obras seriais onde \u00e9 necess\u00e1ria uma segunda opera\u00e7\u00e3o, por exemplo uma broca 45\u00ba. <\/p>\n","protected":false},"excerpt":{"rendered":"<p>Cabe\u00e7a angular com sa\u00edda fixa diferente de 90\u00ba. Indicado para aquelas obras seriais onde \u00e9 necess\u00e1ria uma segunda opera\u00e7\u00e3o, por exemplo uma broca 45\u00ba.<\/p>\n","protected":false},"featured_media":21564,"template":"","meta":[],"product_brand":[],"product_cat":[499,501],"product_tag":[570,571,572,573],"marca-producto":[105],"serie-producto":[344],"class_list":{"0":"post-21563","1":"product","2":"type-product","3":"status-publish","4":"has-post-thumbnail","6":"product_cat-cabecas-angulares","7":"product_cat-cabecas-angulares-pt-pt","8":"product_tag-bens-de-equipamento","9":"product_tag-energia-pt-pt","10":"product_tag-ferrovia","11":"product_tag-grande-consumo","12":"marca-producto-alberti","13":"serie-producto-linea-control","15":"first","16":"instock","17":"product-type-simple"},"yoast_head":"<!-- This site is optimized with the Yoast SEO plugin v27.0 - https:\/\/yoast.com\/product\/yoast-seo-wordpress\/ -->\n<title>TDA \/ TA<\/title>\n<meta name=\"description\" content=\"TDA \/ TA. Cabe\u00e7a angular com sa\u00edda fixa diferente de 90\u00ba. Indicado para aquelas obras seriais onde \u00e9 necess\u00e1ria uma segunda opera\u00e7\u00e3o, por exemplo uma broca 45\u00ba.\" \/>\n<meta name=\"robots\" content=\"index, follow, max-snippet:-1, max-image-preview:large, max-video-preview:-1\" \/>\n<link rel=\"canonical\" href=\"https:\/\/maqcenter.com\/pt-pt\/producto\/tda-ta\/\" \/>\n<meta property=\"og:locale\" content=\"pt_PT\" \/>\n<meta property=\"og:type\" content=\"article\" \/>\n<meta property=\"og:title\" content=\"TDA \/ TA\" \/>\n<meta property=\"og:description\" content=\"TDA \/ TA. Cabe\u00e7a angular com sa\u00edda fixa diferente de 90\u00ba. Indicado para aquelas obras seriais onde \u00e9 necess\u00e1ria uma segunda opera\u00e7\u00e3o, por exemplo uma broca 45\u00ba.\" \/>\n<meta property=\"og:url\" content=\"https:\/\/maqcenter.com\/pt-pt\/producto\/tda-ta\/\" \/>\n<meta property=\"og:site_name\" content=\"MAQcenter\" \/>\n<meta name=\"twitter:card\" content=\"summary_large_image\" \/>\n<script type=\"application\/ld+json\" class=\"yoast-schema-graph\">{\"@context\":\"https:\/\/schema.org\",\"@graph\":[{\"@type\":[\"WebPage\",\"ItemPage\"],\"@id\":\"https:\/\/maqcenter.com\/pt-pt\/producto\/tda-ta\/\",\"url\":\"https:\/\/maqcenter.com\/pt-pt\/producto\/tda-ta\/\",\"name\":\"TDA \/ TA\",\"isPartOf\":{\"@id\":\"https:\/\/maqcenter.com\/pt-pt\/#website\"},\"primaryImageOfPage\":{\"@id\":\"https:\/\/maqcenter.com\/pt-pt\/producto\/tda-ta\/#primaryimage\"},\"image\":{\"@id\":\"https:\/\/maqcenter.com\/pt-pt\/producto\/tda-ta\/#primaryimage\"},\"thumbnailUrl\":\"https:\/\/maqcenter.com\/wp-content\/uploads\/2021\/03\/ALBERTI-cabezales-angulares-TDA-TA.jpg\",\"datePublished\":\"2021-03-31T11:59:05+00:00\",\"description\":\"TDA \/ TA. Cabe\u00e7a angular com sa\u00edda fixa diferente de 90\u00ba. Indicado para aquelas obras seriais onde \u00e9 necess\u00e1ria uma segunda opera\u00e7\u00e3o, por exemplo uma broca 45\u00ba.\",\"breadcrumb\":{\"@id\":\"https:\/\/maqcenter.com\/pt-pt\/producto\/tda-ta\/#breadcrumb\"},\"inLanguage\":\"pt-PT\",\"potentialAction\":[{\"@type\":\"ReadAction\",\"target\":[\"https:\/\/maqcenter.com\/pt-pt\/producto\/tda-ta\/\"]}]},{\"@type\":\"ImageObject\",\"inLanguage\":\"pt-PT\",\"@id\":\"https:\/\/maqcenter.com\/pt-pt\/producto\/tda-ta\/#primaryimage\",\"url\":\"https:\/\/maqcenter.com\/wp-content\/uploads\/2021\/03\/ALBERTI-cabezales-angulares-TDA-TA.jpg\",\"contentUrl\":\"https:\/\/maqcenter.com\/wp-content\/uploads\/2021\/03\/ALBERTI-cabezales-angulares-TDA-TA.jpg\",\"width\":500,\"height\":500},{\"@type\":\"BreadcrumbList\",\"@id\":\"https:\/\/maqcenter.com\/pt-pt\/producto\/tda-ta\/#breadcrumb\",\"itemListElement\":[{\"@type\":\"ListItem\",\"position\":1,\"name\":\"Productos\",\"item\":\"https:\/\/maqcenter.com\/pt-pt\/\"},{\"@type\":\"ListItem\",\"position\":2,\"name\":\"Produtos\",\"item\":\"https:\/\/maqcenter.com\/pt-pt\/shop\/\"},{\"@type\":\"ListItem\",\"position\":3,\"name\":\"TDA \/ TA\"}]},{\"@type\":\"WebSite\",\"@id\":\"https:\/\/maqcenter.com\/pt-pt\/#website\",\"url\":\"https:\/\/maqcenter.com\/pt-pt\/\",\"name\":\"MAQcenter\",\"description\":\"El centro de tus soluciones\",\"publisher\":{\"@id\":\"https:\/\/maqcenter.com\/pt-pt\/#organization\"},\"potentialAction\":[{\"@type\":\"SearchAction\",\"target\":{\"@type\":\"EntryPoint\",\"urlTemplate\":\"https:\/\/maqcenter.com\/pt-pt\/?s={search_term_string}\"},\"query-input\":{\"@type\":\"PropertyValueSpecification\",\"valueRequired\":true,\"valueName\":\"search_term_string\"}}],\"inLanguage\":\"pt-PT\"},{\"@type\":\"Organization\",\"@id\":\"https:\/\/maqcenter.com\/pt-pt\/#organization\",\"name\":\"MAQcenter S.A.\",\"url\":\"https:\/\/maqcenter.com\/pt-pt\/\",\"logo\":{\"@type\":\"ImageObject\",\"inLanguage\":\"pt-PT\",\"@id\":\"https:\/\/maqcenter.com\/pt-pt\/#\/schema\/logo\/image\/\",\"url\":\"https:\/\/maqcenter.com\/wp-content\/uploads\/2021\/02\/MAQcenter_logo_vertical.svg\",\"contentUrl\":\"https:\/\/maqcenter.com\/wp-content\/uploads\/2021\/02\/MAQcenter_logo_vertical.svg\",\"width\":300,\"height\":174,\"caption\":\"MAQcenter S.A.\"},\"image\":{\"@id\":\"https:\/\/maqcenter.com\/pt-pt\/#\/schema\/logo\/image\/\"}}]}<\/script>\n<!-- \/ Yoast SEO plugin. -->","yoast_head_json":{"title":"TDA \/ TA","description":"TDA \/ TA. Cabe\u00e7a angular com sa\u00edda fixa diferente de 90\u00ba. Indicado para aquelas obras seriais onde \u00e9 necess\u00e1ria uma segunda opera\u00e7\u00e3o, por exemplo uma broca 45\u00ba.","robots":{"index":"index","follow":"follow","max-snippet":"max-snippet:-1","max-image-preview":"max-image-preview:large","max-video-preview":"max-video-preview:-1"},"canonical":"https:\/\/maqcenter.com\/pt-pt\/producto\/tda-ta\/","og_locale":"pt_PT","og_type":"article","og_title":"TDA \/ TA","og_description":"TDA \/ TA. Cabe\u00e7a angular com sa\u00edda fixa diferente de 90\u00ba. Indicado para aquelas obras seriais onde \u00e9 necess\u00e1ria uma segunda opera\u00e7\u00e3o, por exemplo uma broca 45\u00ba.","og_url":"https:\/\/maqcenter.com\/pt-pt\/producto\/tda-ta\/","og_site_name":"MAQcenter","twitter_card":"summary_large_image","schema":{"@context":"https:\/\/schema.org","@graph":[{"@type":["WebPage","ItemPage"],"@id":"https:\/\/maqcenter.com\/pt-pt\/producto\/tda-ta\/","url":"https:\/\/maqcenter.com\/pt-pt\/producto\/tda-ta\/","name":"TDA \/ TA","isPartOf":{"@id":"https:\/\/maqcenter.com\/pt-pt\/#website"},"primaryImageOfPage":{"@id":"https:\/\/maqcenter.com\/pt-pt\/producto\/tda-ta\/#primaryimage"},"image":{"@id":"https:\/\/maqcenter.com\/pt-pt\/producto\/tda-ta\/#primaryimage"},"thumbnailUrl":"https:\/\/maqcenter.com\/wp-content\/uploads\/2021\/03\/ALBERTI-cabezales-angulares-TDA-TA.jpg","datePublished":"2021-03-31T11:59:05+00:00","description":"TDA \/ TA. Cabe\u00e7a angular com sa\u00edda fixa diferente de 90\u00ba. Indicado para aquelas obras seriais onde \u00e9 necess\u00e1ria uma segunda opera\u00e7\u00e3o, por exemplo uma broca 45\u00ba.","breadcrumb":{"@id":"https:\/\/maqcenter.com\/pt-pt\/producto\/tda-ta\/#breadcrumb"},"inLanguage":"pt-PT","potentialAction":[{"@type":"ReadAction","target":["https:\/\/maqcenter.com\/pt-pt\/producto\/tda-ta\/"]}]},{"@type":"ImageObject","inLanguage":"pt-PT","@id":"https:\/\/maqcenter.com\/pt-pt\/producto\/tda-ta\/#primaryimage","url":"https:\/\/maqcenter.com\/wp-content\/uploads\/2021\/03\/ALBERTI-cabezales-angulares-TDA-TA.jpg","contentUrl":"https:\/\/maqcenter.com\/wp-content\/uploads\/2021\/03\/ALBERTI-cabezales-angulares-TDA-TA.jpg","width":500,"height":500},{"@type":"BreadcrumbList","@id":"https:\/\/maqcenter.com\/pt-pt\/producto\/tda-ta\/#breadcrumb","itemListElement":[{"@type":"ListItem","position":1,"name":"Productos","item":"https:\/\/maqcenter.com\/pt-pt\/"},{"@type":"ListItem","position":2,"name":"Produtos","item":"https:\/\/maqcenter.com\/pt-pt\/shop\/"},{"@type":"ListItem","position":3,"name":"TDA \/ TA"}]},{"@type":"WebSite","@id":"https:\/\/maqcenter.com\/pt-pt\/#website","url":"https:\/\/maqcenter.com\/pt-pt\/","name":"MAQcenter","description":"El centro de tus soluciones","publisher":{"@id":"https:\/\/maqcenter.com\/pt-pt\/#organization"},"potentialAction":[{"@type":"SearchAction","target":{"@type":"EntryPoint","urlTemplate":"https:\/\/maqcenter.com\/pt-pt\/?s={search_term_string}"},"query-input":{"@type":"PropertyValueSpecification","valueRequired":true,"valueName":"search_term_string"}}],"inLanguage":"pt-PT"},{"@type":"Organization","@id":"https:\/\/maqcenter.com\/pt-pt\/#organization","name":"MAQcenter S.A.","url":"https:\/\/maqcenter.com\/pt-pt\/","logo":{"@type":"ImageObject","inLanguage":"pt-PT","@id":"https:\/\/maqcenter.com\/pt-pt\/#\/schema\/logo\/image\/","url":"https:\/\/maqcenter.com\/wp-content\/uploads\/2021\/02\/MAQcenter_logo_vertical.svg","contentUrl":"https:\/\/maqcenter.com\/wp-content\/uploads\/2021\/02\/MAQcenter_logo_vertical.svg","width":300,"height":174,"caption":"MAQcenter S.A."},"image":{"@id":"https:\/\/maqcenter.com\/pt-pt\/#\/schema\/logo\/image\/"}}]}},"_links":{"self":[{"href":"https:\/\/maqcenter.com\/pt-pt\/wp-json\/wp\/v2\/product\/21563","targetHints":{"allow":["GET"]}}],"collection":[{"href":"https:\/\/maqcenter.com\/pt-pt\/wp-json\/wp\/v2\/product"}],"about":[{"href":"https:\/\/maqcenter.com\/pt-pt\/wp-json\/wp\/v2\/types\/product"}],"wp:featuredmedia":[{"embeddable":true,"href":"https:\/\/maqcenter.com\/pt-pt\/wp-json\/wp\/v2\/media\/21564"}],"wp:attachment":[{"href":"https:\/\/maqcenter.com\/pt-pt\/wp-json\/wp\/v2\/media?parent=21563"}],"wp:term":[{"taxonomy":"product_brand","embeddable":true,"href":"https:\/\/maqcenter.com\/pt-pt\/wp-json\/wp\/v2\/product_brand?post=21563"},{"taxonomy":"product_cat","embeddable":true,"href":"https:\/\/maqcenter.com\/pt-pt\/wp-json\/wp\/v2\/product_cat?post=21563"},{"taxonomy":"product_tag","embeddable":true,"href":"https:\/\/maqcenter.com\/pt-pt\/wp-json\/wp\/v2\/product_tag?post=21563"},{"taxonomy":"marca-producto","embeddable":true,"href":"https:\/\/maqcenter.com\/pt-pt\/wp-json\/wp\/v2\/marca-producto?post=21563"},{"taxonomy":"serie-producto","embeddable":true,"href":"https:\/\/maqcenter.com\/pt-pt\/wp-json\/wp\/v2\/serie-producto?post=21563"}],"curies":[{"name":"wp","href":"https:\/\/api.w.org\/{rel}","templated":true}]}}