{"id":21598,"date":"2021-03-31T13:59:05","date_gmt":"2021-03-31T11:59:05","guid":{"rendered":"https:\/\/maqcenter.com\/producto\/turboflex\/"},"modified":"2025-05-15T09:21:11","modified_gmt":"2025-05-15T07:21:11","slug":"turboflex","status":"publish","type":"product","link":"https:\/\/maqcenter.com\/pt-pt\/producto\/turboflex\/","title":{"rendered":"TURBOFLEX"},"content":{"rendered":"<p>Cabe\u00e7a de alta velocidade com motor pneum\u00e1tico. Projetado para troca autom\u00e1tica de ferramentas, \u00e9 adequado para microusinagem com ferramentas de 0,1 a 6 mm. Dispon\u00edvel nas vers\u00f5es at\u00e9 60.000 rpm e vers\u00f5es 90\u00ba.  <\/p>\n","protected":false},"excerpt":{"rendered":"<p>Cabe\u00e7a de alta velocidade com motor pneum\u00e1tico. Projetado para troca autom\u00e1tica de ferramentas, \u00e9 adequado para microusinagem com ferramentas de 0,1 a 6 mm. Dispon\u00edvel nas vers\u00f5es at\u00e9 60.000 rpm e vers\u00f5es 90\u00ba.<\/p>\n","protected":false},"featured_media":21599,"template":"","meta":[],"product_brand":[],"product_cat":[500,499],"product_tag":[568],"marca-producto":[105],"serie-producto":[347],"class_list":{"0":"post-21598","1":"product","2":"type-product","3":"status-publish","4":"has-post-thumbnail","6":"product_cat-alta-velocidade","7":"product_cat-cabecas-angulares","8":"product_tag-aeronautica-pt-pt","9":"marca-producto-alberti","10":"serie-producto-alta-velocidad","12":"first","13":"instock","14":"product-type-simple"},"yoast_head":"<!-- This site is optimized with the Yoast SEO plugin v27.0 - https:\/\/yoast.com\/product\/yoast-seo-wordpress\/ -->\n<title>TURBOFLEX<\/title>\n<meta name=\"description\" content=\"TURBOFLEX. Cabe\u00e7a de alta velocidade com motor pneum\u00e1tico. Projetado para troca autom\u00e1tica de ferramentas, \u00e9 adequado para microusinagem com ferramentas de 0,1 a 6\" \/>\n<meta name=\"robots\" content=\"index, follow, max-snippet:-1, max-image-preview:large, max-video-preview:-1\" \/>\n<link rel=\"canonical\" href=\"https:\/\/maqcenter.com\/pt-pt\/producto\/turboflex\/\" \/>\n<meta property=\"og:locale\" content=\"pt_PT\" \/>\n<meta property=\"og:type\" content=\"article\" \/>\n<meta property=\"og:title\" content=\"TURBOFLEX\" \/>\n<meta property=\"og:description\" content=\"TURBOFLEX. Cabe\u00e7a de alta velocidade com motor pneum\u00e1tico. Projetado para troca autom\u00e1tica de ferramentas, \u00e9 adequado para microusinagem com ferramentas de 0,1 a 6\" \/>\n<meta property=\"og:url\" content=\"https:\/\/maqcenter.com\/pt-pt\/producto\/turboflex\/\" \/>\n<meta property=\"og:site_name\" content=\"MAQcenter\" \/>\n<meta property=\"article:modified_time\" content=\"2025-05-15T07:21:11+00:00\" \/>\n<meta property=\"og:image\" content=\"https:\/\/maqcenter.com\/wp-content\/uploads\/2021\/03\/ALBERTI-cabezales-angulares-turboflex.jpg\" \/>\n\t<meta property=\"og:image:width\" content=\"500\" \/>\n\t<meta property=\"og:image:height\" content=\"500\" \/>\n\t<meta property=\"og:image:type\" content=\"image\/jpeg\" \/>\n<meta name=\"twitter:card\" content=\"summary_large_image\" \/>\n<script type=\"application\/ld+json\" class=\"yoast-schema-graph\">{\"@context\":\"https:\/\/schema.org\",\"@graph\":[{\"@type\":[\"WebPage\",\"ItemPage\"],\"@id\":\"https:\/\/maqcenter.com\/pt-pt\/producto\/turboflex\/\",\"url\":\"https:\/\/maqcenter.com\/pt-pt\/producto\/turboflex\/\",\"name\":\"TURBOFLEX\",\"isPartOf\":{\"@id\":\"https:\/\/maqcenter.com\/pt-pt\/#website\"},\"primaryImageOfPage\":{\"@id\":\"https:\/\/maqcenter.com\/pt-pt\/producto\/turboflex\/#primaryimage\"},\"image\":{\"@id\":\"https:\/\/maqcenter.com\/pt-pt\/producto\/turboflex\/#primaryimage\"},\"thumbnailUrl\":\"https:\/\/maqcenter.com\/wp-content\/uploads\/2021\/03\/ALBERTI-cabezales-angulares-turboflex.jpg\",\"datePublished\":\"2021-03-31T11:59:05+00:00\",\"dateModified\":\"2025-05-15T07:21:11+00:00\",\"description\":\"TURBOFLEX. Cabe\u00e7a de alta velocidade com motor pneum\u00e1tico. Projetado para troca autom\u00e1tica de ferramentas, \u00e9 adequado para microusinagem com ferramentas de 0,1 a 6\",\"breadcrumb\":{\"@id\":\"https:\/\/maqcenter.com\/pt-pt\/producto\/turboflex\/#breadcrumb\"},\"inLanguage\":\"pt-PT\",\"potentialAction\":[{\"@type\":\"ReadAction\",\"target\":[\"https:\/\/maqcenter.com\/pt-pt\/producto\/turboflex\/\"]}]},{\"@type\":\"ImageObject\",\"inLanguage\":\"pt-PT\",\"@id\":\"https:\/\/maqcenter.com\/pt-pt\/producto\/turboflex\/#primaryimage\",\"url\":\"https:\/\/maqcenter.com\/wp-content\/uploads\/2021\/03\/ALBERTI-cabezales-angulares-turboflex.jpg\",\"contentUrl\":\"https:\/\/maqcenter.com\/wp-content\/uploads\/2021\/03\/ALBERTI-cabezales-angulares-turboflex.jpg\",\"width\":500,\"height\":500,\"caption\":\"Alta velocidad Alberti TURBOFLEX\"},{\"@type\":\"BreadcrumbList\",\"@id\":\"https:\/\/maqcenter.com\/pt-pt\/producto\/turboflex\/#breadcrumb\",\"itemListElement\":[{\"@type\":\"ListItem\",\"position\":1,\"name\":\"Productos\",\"item\":\"https:\/\/maqcenter.com\/pt-pt\/\"},{\"@type\":\"ListItem\",\"position\":2,\"name\":\"Produtos\",\"item\":\"https:\/\/maqcenter.com\/pt-pt\/shop\/\"},{\"@type\":\"ListItem\",\"position\":3,\"name\":\"TURBOFLEX\"}]},{\"@type\":\"WebSite\",\"@id\":\"https:\/\/maqcenter.com\/pt-pt\/#website\",\"url\":\"https:\/\/maqcenter.com\/pt-pt\/\",\"name\":\"MAQcenter\",\"description\":\"El centro de tus soluciones\",\"publisher\":{\"@id\":\"https:\/\/maqcenter.com\/pt-pt\/#organization\"},\"potentialAction\":[{\"@type\":\"SearchAction\",\"target\":{\"@type\":\"EntryPoint\",\"urlTemplate\":\"https:\/\/maqcenter.com\/pt-pt\/?s={search_term_string}\"},\"query-input\":{\"@type\":\"PropertyValueSpecification\",\"valueRequired\":true,\"valueName\":\"search_term_string\"}}],\"inLanguage\":\"pt-PT\"},{\"@type\":\"Organization\",\"@id\":\"https:\/\/maqcenter.com\/pt-pt\/#organization\",\"name\":\"MAQcenter S.A.\",\"url\":\"https:\/\/maqcenter.com\/pt-pt\/\",\"logo\":{\"@type\":\"ImageObject\",\"inLanguage\":\"pt-PT\",\"@id\":\"https:\/\/maqcenter.com\/pt-pt\/#\/schema\/logo\/image\/\",\"url\":\"https:\/\/maqcenter.com\/wp-content\/uploads\/2021\/02\/MAQcenter_logo_vertical.svg\",\"contentUrl\":\"https:\/\/maqcenter.com\/wp-content\/uploads\/2021\/02\/MAQcenter_logo_vertical.svg\",\"width\":300,\"height\":174,\"caption\":\"MAQcenter S.A.\"},\"image\":{\"@id\":\"https:\/\/maqcenter.com\/pt-pt\/#\/schema\/logo\/image\/\"}}]}<\/script>\n<!-- \/ Yoast SEO plugin. -->","yoast_head_json":{"title":"TURBOFLEX","description":"TURBOFLEX. Cabe\u00e7a de alta velocidade com motor pneum\u00e1tico. Projetado para troca autom\u00e1tica de ferramentas, \u00e9 adequado para microusinagem com ferramentas de 0,1 a 6","robots":{"index":"index","follow":"follow","max-snippet":"max-snippet:-1","max-image-preview":"max-image-preview:large","max-video-preview":"max-video-preview:-1"},"canonical":"https:\/\/maqcenter.com\/pt-pt\/producto\/turboflex\/","og_locale":"pt_PT","og_type":"article","og_title":"TURBOFLEX","og_description":"TURBOFLEX. Cabe\u00e7a de alta velocidade com motor pneum\u00e1tico. Projetado para troca autom\u00e1tica de ferramentas, \u00e9 adequado para microusinagem com ferramentas de 0,1 a 6","og_url":"https:\/\/maqcenter.com\/pt-pt\/producto\/turboflex\/","og_site_name":"MAQcenter","article_modified_time":"2025-05-15T07:21:11+00:00","og_image":[{"width":500,"height":500,"url":"https:\/\/maqcenter.com\/wp-content\/uploads\/2021\/03\/ALBERTI-cabezales-angulares-turboflex.jpg","type":"image\/jpeg"}],"twitter_card":"summary_large_image","schema":{"@context":"https:\/\/schema.org","@graph":[{"@type":["WebPage","ItemPage"],"@id":"https:\/\/maqcenter.com\/pt-pt\/producto\/turboflex\/","url":"https:\/\/maqcenter.com\/pt-pt\/producto\/turboflex\/","name":"TURBOFLEX","isPartOf":{"@id":"https:\/\/maqcenter.com\/pt-pt\/#website"},"primaryImageOfPage":{"@id":"https:\/\/maqcenter.com\/pt-pt\/producto\/turboflex\/#primaryimage"},"image":{"@id":"https:\/\/maqcenter.com\/pt-pt\/producto\/turboflex\/#primaryimage"},"thumbnailUrl":"https:\/\/maqcenter.com\/wp-content\/uploads\/2021\/03\/ALBERTI-cabezales-angulares-turboflex.jpg","datePublished":"2021-03-31T11:59:05+00:00","dateModified":"2025-05-15T07:21:11+00:00","description":"TURBOFLEX. Cabe\u00e7a de alta velocidade com motor pneum\u00e1tico. Projetado para troca autom\u00e1tica de ferramentas, \u00e9 adequado para microusinagem com ferramentas de 0,1 a 6","breadcrumb":{"@id":"https:\/\/maqcenter.com\/pt-pt\/producto\/turboflex\/#breadcrumb"},"inLanguage":"pt-PT","potentialAction":[{"@type":"ReadAction","target":["https:\/\/maqcenter.com\/pt-pt\/producto\/turboflex\/"]}]},{"@type":"ImageObject","inLanguage":"pt-PT","@id":"https:\/\/maqcenter.com\/pt-pt\/producto\/turboflex\/#primaryimage","url":"https:\/\/maqcenter.com\/wp-content\/uploads\/2021\/03\/ALBERTI-cabezales-angulares-turboflex.jpg","contentUrl":"https:\/\/maqcenter.com\/wp-content\/uploads\/2021\/03\/ALBERTI-cabezales-angulares-turboflex.jpg","width":500,"height":500,"caption":"Alta velocidad Alberti TURBOFLEX"},{"@type":"BreadcrumbList","@id":"https:\/\/maqcenter.com\/pt-pt\/producto\/turboflex\/#breadcrumb","itemListElement":[{"@type":"ListItem","position":1,"name":"Productos","item":"https:\/\/maqcenter.com\/pt-pt\/"},{"@type":"ListItem","position":2,"name":"Produtos","item":"https:\/\/maqcenter.com\/pt-pt\/shop\/"},{"@type":"ListItem","position":3,"name":"TURBOFLEX"}]},{"@type":"WebSite","@id":"https:\/\/maqcenter.com\/pt-pt\/#website","url":"https:\/\/maqcenter.com\/pt-pt\/","name":"MAQcenter","description":"El centro de tus soluciones","publisher":{"@id":"https:\/\/maqcenter.com\/pt-pt\/#organization"},"potentialAction":[{"@type":"SearchAction","target":{"@type":"EntryPoint","urlTemplate":"https:\/\/maqcenter.com\/pt-pt\/?s={search_term_string}"},"query-input":{"@type":"PropertyValueSpecification","valueRequired":true,"valueName":"search_term_string"}}],"inLanguage":"pt-PT"},{"@type":"Organization","@id":"https:\/\/maqcenter.com\/pt-pt\/#organization","name":"MAQcenter S.A.","url":"https:\/\/maqcenter.com\/pt-pt\/","logo":{"@type":"ImageObject","inLanguage":"pt-PT","@id":"https:\/\/maqcenter.com\/pt-pt\/#\/schema\/logo\/image\/","url":"https:\/\/maqcenter.com\/wp-content\/uploads\/2021\/02\/MAQcenter_logo_vertical.svg","contentUrl":"https:\/\/maqcenter.com\/wp-content\/uploads\/2021\/02\/MAQcenter_logo_vertical.svg","width":300,"height":174,"caption":"MAQcenter S.A."},"image":{"@id":"https:\/\/maqcenter.com\/pt-pt\/#\/schema\/logo\/image\/"}}]}},"_links":{"self":[{"href":"https:\/\/maqcenter.com\/pt-pt\/wp-json\/wp\/v2\/product\/21598","targetHints":{"allow":["GET"]}}],"collection":[{"href":"https:\/\/maqcenter.com\/pt-pt\/wp-json\/wp\/v2\/product"}],"about":[{"href":"https:\/\/maqcenter.com\/pt-pt\/wp-json\/wp\/v2\/types\/product"}],"wp:featuredmedia":[{"embeddable":true,"href":"https:\/\/maqcenter.com\/pt-pt\/wp-json\/wp\/v2\/media\/21599"}],"wp:attachment":[{"href":"https:\/\/maqcenter.com\/pt-pt\/wp-json\/wp\/v2\/media?parent=21598"}],"wp:term":[{"taxonomy":"product_brand","embeddable":true,"href":"https:\/\/maqcenter.com\/pt-pt\/wp-json\/wp\/v2\/product_brand?post=21598"},{"taxonomy":"product_cat","embeddable":true,"href":"https:\/\/maqcenter.com\/pt-pt\/wp-json\/wp\/v2\/product_cat?post=21598"},{"taxonomy":"product_tag","embeddable":true,"href":"https:\/\/maqcenter.com\/pt-pt\/wp-json\/wp\/v2\/product_tag?post=21598"},{"taxonomy":"marca-producto","embeddable":true,"href":"https:\/\/maqcenter.com\/pt-pt\/wp-json\/wp\/v2\/marca-producto?post=21598"},{"taxonomy":"serie-producto","embeddable":true,"href":"https:\/\/maqcenter.com\/pt-pt\/wp-json\/wp\/v2\/serie-producto?post=21598"}],"curies":[{"name":"wp","href":"https:\/\/api.w.org\/{rel}","templated":true}]}}