{"id":21603,"date":"2021-03-31T13:59:05","date_gmt":"2021-03-31T11:59:05","guid":{"rendered":"https:\/\/maqcenter.com\/producto\/motorizado\/"},"modified":"2025-05-15T09:21:23","modified_gmt":"2025-05-15T07:21:23","slug":"motorizado","status":"publish","type":"product","link":"https:\/\/maqcenter.com\/pt-pt\/producto\/motorizado\/","title":{"rendered":"MOTORIZADO"},"content":{"rendered":"<p>Ferramentas el\u00e9tricas s\u00e3o acess\u00f3rios para tornos. Eles n\u00e3o t\u00eam movimento pr\u00f3prio, mas pegam o movimento da torre da m\u00e1quina e o transferem para a ferramenta, como brocas, fresas, machos, etc. Alberti constr\u00f3i porta-ferramentas fixos e rotativos para diferentes fabricantes de tornos, como Nakamura, Moriri Seki, Mazak, Okuma, com diferentes interfaces BMT ou VDI, tamb\u00e9m dispon\u00edveis na vers\u00e3o SMART CHANGE.  <\/p>\n","protected":false},"excerpt":{"rendered":"<p>Ferramentas el\u00e9tricas s\u00e3o acess\u00f3rios para tornos. Eles n\u00e3o t\u00eam movimento pr\u00f3prio, mas pegam o movimento da torre da m\u00e1quina e o transferem para a ferramenta, como brocas, fresas, machos, etc. Alberti constr\u00f3i porta-ferramentas fixos e rotativos para diferentes fabricantes de tornos, como Nakamura, Moriri Seki, Mazak, Okuma, com diferentes interfaces BMT ou VDI, tamb\u00e9m dispon\u00edveis [&hellip;]<\/p>\n","protected":false},"featured_media":21604,"template":"","meta":[],"product_brand":[],"product_cat":[499,503],"product_tag":[570],"marca-producto":[105],"serie-producto":[346],"class_list":{"0":"post-21603","1":"product","2":"type-product","3":"status-publish","4":"has-post-thumbnail","6":"product_cat-cabecas-angulares","7":"product_cat-ferramentas-motorizadas","8":"product_tag-bens-de-equipamento","9":"marca-producto-alberti","10":"serie-producto-motorizadas","12":"first","13":"instock","14":"product-type-simple"},"yoast_head":"<!-- This site is optimized with the Yoast SEO plugin v27.0 - https:\/\/yoast.com\/product\/yoast-seo-wordpress\/ -->\n<title>MOTORIZADO<\/title>\n<meta name=\"description\" content=\"MOTORIZADO. Ferramentas el\u00e9tricas s\u00e3o acess\u00f3rios para tornos. Eles n\u00e3o t\u00eam movimento pr\u00f3prio, mas pegam o movimento da torre da m\u00e1quina e o transferem para a\" \/>\n<meta name=\"robots\" content=\"index, follow, max-snippet:-1, max-image-preview:large, max-video-preview:-1\" \/>\n<link rel=\"canonical\" href=\"https:\/\/maqcenter.com\/pt-pt\/producto\/motorizado\/\" \/>\n<meta property=\"og:locale\" content=\"pt_PT\" \/>\n<meta property=\"og:type\" content=\"article\" \/>\n<meta property=\"og:title\" content=\"MOTORIZADO\" \/>\n<meta property=\"og:description\" content=\"MOTORIZADO. Ferramentas el\u00e9tricas s\u00e3o acess\u00f3rios para tornos. Eles n\u00e3o t\u00eam movimento pr\u00f3prio, mas pegam o movimento da torre da m\u00e1quina e o transferem para a\" \/>\n<meta property=\"og:url\" content=\"https:\/\/maqcenter.com\/pt-pt\/producto\/motorizado\/\" \/>\n<meta property=\"og:site_name\" content=\"MAQcenter\" \/>\n<meta property=\"article:modified_time\" content=\"2025-05-15T07:21:23+00:00\" \/>\n<meta property=\"og:image\" content=\"https:\/\/maqcenter.com\/wp-content\/uploads\/2021\/03\/ALBERTI-cabezales-angulares-motorizadas.jpg\" \/>\n\t<meta property=\"og:image:width\" content=\"500\" \/>\n\t<meta property=\"og:image:height\" content=\"500\" \/>\n\t<meta property=\"og:image:type\" content=\"image\/jpeg\" \/>\n<meta name=\"twitter:card\" content=\"summary_large_image\" \/>\n<script type=\"application\/ld+json\" class=\"yoast-schema-graph\">{\"@context\":\"https:\/\/schema.org\",\"@graph\":[{\"@type\":[\"WebPage\",\"ItemPage\"],\"@id\":\"https:\/\/maqcenter.com\/pt-pt\/producto\/motorizado\/\",\"url\":\"https:\/\/maqcenter.com\/pt-pt\/producto\/motorizado\/\",\"name\":\"MOTORIZADO\",\"isPartOf\":{\"@id\":\"https:\/\/maqcenter.com\/pt-pt\/#website\"},\"primaryImageOfPage\":{\"@id\":\"https:\/\/maqcenter.com\/pt-pt\/producto\/motorizado\/#primaryimage\"},\"image\":{\"@id\":\"https:\/\/maqcenter.com\/pt-pt\/producto\/motorizado\/#primaryimage\"},\"thumbnailUrl\":\"https:\/\/maqcenter.com\/wp-content\/uploads\/2021\/03\/ALBERTI-cabezales-angulares-motorizadas.jpg\",\"datePublished\":\"2021-03-31T11:59:05+00:00\",\"dateModified\":\"2025-05-15T07:21:23+00:00\",\"description\":\"MOTORIZADO. Ferramentas el\u00e9tricas s\u00e3o acess\u00f3rios para tornos. Eles n\u00e3o t\u00eam movimento pr\u00f3prio, mas pegam o movimento da torre da m\u00e1quina e o transferem para a\",\"breadcrumb\":{\"@id\":\"https:\/\/maqcenter.com\/pt-pt\/producto\/motorizado\/#breadcrumb\"},\"inLanguage\":\"pt-PT\",\"potentialAction\":[{\"@type\":\"ReadAction\",\"target\":[\"https:\/\/maqcenter.com\/pt-pt\/producto\/motorizado\/\"]}]},{\"@type\":\"ImageObject\",\"inLanguage\":\"pt-PT\",\"@id\":\"https:\/\/maqcenter.com\/pt-pt\/producto\/motorizado\/#primaryimage\",\"url\":\"https:\/\/maqcenter.com\/wp-content\/uploads\/2021\/03\/ALBERTI-cabezales-angulares-motorizadas.jpg\",\"contentUrl\":\"https:\/\/maqcenter.com\/wp-content\/uploads\/2021\/03\/ALBERTI-cabezales-angulares-motorizadas.jpg\",\"width\":500,\"height\":500,\"caption\":\"Herramientas motorizadas Alberti MOTORIZADA\"},{\"@type\":\"BreadcrumbList\",\"@id\":\"https:\/\/maqcenter.com\/pt-pt\/producto\/motorizado\/#breadcrumb\",\"itemListElement\":[{\"@type\":\"ListItem\",\"position\":1,\"name\":\"Productos\",\"item\":\"https:\/\/maqcenter.com\/pt-pt\/\"},{\"@type\":\"ListItem\",\"position\":2,\"name\":\"Produtos\",\"item\":\"https:\/\/maqcenter.com\/pt-pt\/shop\/\"},{\"@type\":\"ListItem\",\"position\":3,\"name\":\"MOTORIZADO\"}]},{\"@type\":\"WebSite\",\"@id\":\"https:\/\/maqcenter.com\/pt-pt\/#website\",\"url\":\"https:\/\/maqcenter.com\/pt-pt\/\",\"name\":\"MAQcenter\",\"description\":\"El centro de tus soluciones\",\"publisher\":{\"@id\":\"https:\/\/maqcenter.com\/pt-pt\/#organization\"},\"potentialAction\":[{\"@type\":\"SearchAction\",\"target\":{\"@type\":\"EntryPoint\",\"urlTemplate\":\"https:\/\/maqcenter.com\/pt-pt\/?s={search_term_string}\"},\"query-input\":{\"@type\":\"PropertyValueSpecification\",\"valueRequired\":true,\"valueName\":\"search_term_string\"}}],\"inLanguage\":\"pt-PT\"},{\"@type\":\"Organization\",\"@id\":\"https:\/\/maqcenter.com\/pt-pt\/#organization\",\"name\":\"MAQcenter S.A.\",\"url\":\"https:\/\/maqcenter.com\/pt-pt\/\",\"logo\":{\"@type\":\"ImageObject\",\"inLanguage\":\"pt-PT\",\"@id\":\"https:\/\/maqcenter.com\/pt-pt\/#\/schema\/logo\/image\/\",\"url\":\"https:\/\/maqcenter.com\/wp-content\/uploads\/2021\/02\/MAQcenter_logo_vertical.svg\",\"contentUrl\":\"https:\/\/maqcenter.com\/wp-content\/uploads\/2021\/02\/MAQcenter_logo_vertical.svg\",\"width\":300,\"height\":174,\"caption\":\"MAQcenter S.A.\"},\"image\":{\"@id\":\"https:\/\/maqcenter.com\/pt-pt\/#\/schema\/logo\/image\/\"}}]}<\/script>\n<!-- \/ Yoast SEO plugin. -->","yoast_head_json":{"title":"MOTORIZADO","description":"MOTORIZADO. Ferramentas el\u00e9tricas s\u00e3o acess\u00f3rios para tornos. Eles n\u00e3o t\u00eam movimento pr\u00f3prio, mas pegam o movimento da torre da m\u00e1quina e o transferem para a","robots":{"index":"index","follow":"follow","max-snippet":"max-snippet:-1","max-image-preview":"max-image-preview:large","max-video-preview":"max-video-preview:-1"},"canonical":"https:\/\/maqcenter.com\/pt-pt\/producto\/motorizado\/","og_locale":"pt_PT","og_type":"article","og_title":"MOTORIZADO","og_description":"MOTORIZADO. Ferramentas el\u00e9tricas s\u00e3o acess\u00f3rios para tornos. Eles n\u00e3o t\u00eam movimento pr\u00f3prio, mas pegam o movimento da torre da m\u00e1quina e o transferem para a","og_url":"https:\/\/maqcenter.com\/pt-pt\/producto\/motorizado\/","og_site_name":"MAQcenter","article_modified_time":"2025-05-15T07:21:23+00:00","og_image":[{"width":500,"height":500,"url":"https:\/\/maqcenter.com\/wp-content\/uploads\/2021\/03\/ALBERTI-cabezales-angulares-motorizadas.jpg","type":"image\/jpeg"}],"twitter_card":"summary_large_image","schema":{"@context":"https:\/\/schema.org","@graph":[{"@type":["WebPage","ItemPage"],"@id":"https:\/\/maqcenter.com\/pt-pt\/producto\/motorizado\/","url":"https:\/\/maqcenter.com\/pt-pt\/producto\/motorizado\/","name":"MOTORIZADO","isPartOf":{"@id":"https:\/\/maqcenter.com\/pt-pt\/#website"},"primaryImageOfPage":{"@id":"https:\/\/maqcenter.com\/pt-pt\/producto\/motorizado\/#primaryimage"},"image":{"@id":"https:\/\/maqcenter.com\/pt-pt\/producto\/motorizado\/#primaryimage"},"thumbnailUrl":"https:\/\/maqcenter.com\/wp-content\/uploads\/2021\/03\/ALBERTI-cabezales-angulares-motorizadas.jpg","datePublished":"2021-03-31T11:59:05+00:00","dateModified":"2025-05-15T07:21:23+00:00","description":"MOTORIZADO. Ferramentas el\u00e9tricas s\u00e3o acess\u00f3rios para tornos. Eles n\u00e3o t\u00eam movimento pr\u00f3prio, mas pegam o movimento da torre da m\u00e1quina e o transferem para a","breadcrumb":{"@id":"https:\/\/maqcenter.com\/pt-pt\/producto\/motorizado\/#breadcrumb"},"inLanguage":"pt-PT","potentialAction":[{"@type":"ReadAction","target":["https:\/\/maqcenter.com\/pt-pt\/producto\/motorizado\/"]}]},{"@type":"ImageObject","inLanguage":"pt-PT","@id":"https:\/\/maqcenter.com\/pt-pt\/producto\/motorizado\/#primaryimage","url":"https:\/\/maqcenter.com\/wp-content\/uploads\/2021\/03\/ALBERTI-cabezales-angulares-motorizadas.jpg","contentUrl":"https:\/\/maqcenter.com\/wp-content\/uploads\/2021\/03\/ALBERTI-cabezales-angulares-motorizadas.jpg","width":500,"height":500,"caption":"Herramientas motorizadas Alberti MOTORIZADA"},{"@type":"BreadcrumbList","@id":"https:\/\/maqcenter.com\/pt-pt\/producto\/motorizado\/#breadcrumb","itemListElement":[{"@type":"ListItem","position":1,"name":"Productos","item":"https:\/\/maqcenter.com\/pt-pt\/"},{"@type":"ListItem","position":2,"name":"Produtos","item":"https:\/\/maqcenter.com\/pt-pt\/shop\/"},{"@type":"ListItem","position":3,"name":"MOTORIZADO"}]},{"@type":"WebSite","@id":"https:\/\/maqcenter.com\/pt-pt\/#website","url":"https:\/\/maqcenter.com\/pt-pt\/","name":"MAQcenter","description":"El centro de tus soluciones","publisher":{"@id":"https:\/\/maqcenter.com\/pt-pt\/#organization"},"potentialAction":[{"@type":"SearchAction","target":{"@type":"EntryPoint","urlTemplate":"https:\/\/maqcenter.com\/pt-pt\/?s={search_term_string}"},"query-input":{"@type":"PropertyValueSpecification","valueRequired":true,"valueName":"search_term_string"}}],"inLanguage":"pt-PT"},{"@type":"Organization","@id":"https:\/\/maqcenter.com\/pt-pt\/#organization","name":"MAQcenter S.A.","url":"https:\/\/maqcenter.com\/pt-pt\/","logo":{"@type":"ImageObject","inLanguage":"pt-PT","@id":"https:\/\/maqcenter.com\/pt-pt\/#\/schema\/logo\/image\/","url":"https:\/\/maqcenter.com\/wp-content\/uploads\/2021\/02\/MAQcenter_logo_vertical.svg","contentUrl":"https:\/\/maqcenter.com\/wp-content\/uploads\/2021\/02\/MAQcenter_logo_vertical.svg","width":300,"height":174,"caption":"MAQcenter S.A."},"image":{"@id":"https:\/\/maqcenter.com\/pt-pt\/#\/schema\/logo\/image\/"}}]}},"_links":{"self":[{"href":"https:\/\/maqcenter.com\/pt-pt\/wp-json\/wp\/v2\/product\/21603","targetHints":{"allow":["GET"]}}],"collection":[{"href":"https:\/\/maqcenter.com\/pt-pt\/wp-json\/wp\/v2\/product"}],"about":[{"href":"https:\/\/maqcenter.com\/pt-pt\/wp-json\/wp\/v2\/types\/product"}],"wp:featuredmedia":[{"embeddable":true,"href":"https:\/\/maqcenter.com\/pt-pt\/wp-json\/wp\/v2\/media\/21604"}],"wp:attachment":[{"href":"https:\/\/maqcenter.com\/pt-pt\/wp-json\/wp\/v2\/media?parent=21603"}],"wp:term":[{"taxonomy":"product_brand","embeddable":true,"href":"https:\/\/maqcenter.com\/pt-pt\/wp-json\/wp\/v2\/product_brand?post=21603"},{"taxonomy":"product_cat","embeddable":true,"href":"https:\/\/maqcenter.com\/pt-pt\/wp-json\/wp\/v2\/product_cat?post=21603"},{"taxonomy":"product_tag","embeddable":true,"href":"https:\/\/maqcenter.com\/pt-pt\/wp-json\/wp\/v2\/product_tag?post=21603"},{"taxonomy":"marca-producto","embeddable":true,"href":"https:\/\/maqcenter.com\/pt-pt\/wp-json\/wp\/v2\/marca-producto?post=21603"},{"taxonomy":"serie-producto","embeddable":true,"href":"https:\/\/maqcenter.com\/pt-pt\/wp-json\/wp\/v2\/serie-producto?post=21603"}],"curies":[{"name":"wp","href":"https:\/\/api.w.org\/{rel}","templated":true}]}}