{"id":21620,"date":"2021-03-02T16:03:00","date_gmt":"2021-03-02T14:03:00","guid":{"rendered":"https:\/\/maqcenter.com\/producto\/c-4033sa\/"},"modified":"2021-03-02T16:03:00","modified_gmt":"2021-03-02T14:03:00","slug":"c-4033sa","status":"publish","type":"product","link":"https:\/\/maqcenter.com\/pt-pt\/producto\/c-4033sa\/","title":{"rendered":"C-4033SA"},"content":{"rendered":"<p>* M\u00e1ximo redondo 330 mm<br \/>\n* M\u00e1ximo ret\u00e2ngulo 400 \u00d7 330 mm<\/p>\n<p>A linha DoALL SA \u00e9 uma linha de m\u00e1quinas projetadas e constru\u00eddas para opera\u00e7\u00f5es de serragem de uso geral. \u00c9 ideal para trabalhar em modo manual (semiautom\u00e1tico). Para facilidade de uso, essas m\u00e1quinas j\u00e1 est\u00e3o equipadas com uma mesa extratora padr\u00e3o de 6 p\u00e9s, controle de press\u00e3o vari\u00e1vel da mand\u00edbula, luz de trabalho e caixa de ferramentas.  <\/p>\n<p>Equipamento standard:<br \/>\n&#8211; Controlo PLC para todas as fun\u00e7\u00f5es el\u00e9tricas e hidr\u00e1ulicas<br \/>\n&#8211; Transmiss\u00e3o de 5 velocidades por sem-fim<br \/>\n&#8211; Dete\u00e7\u00e3o de movimento da roda com interruptor de bloqueio da l\u00e2mina e dete\u00e7\u00e3o de rutura da fita<br \/>\n&#8211; Tens\u00e3o hidr\u00e1ulica da fita<br \/>\n&#8211; Aproxima\u00e7\u00e3o r\u00e1pida do cabe\u00e7ote da serra atrav\u00e9s de bot\u00e3o de press\u00e3o<br \/>\n&#8211; Pastilhas de metal duro com rolamentos<br \/>\n&#8211; Ajuste manual com rolo elevador hidr\u00e1ulico<br \/>\n&#8211; Controlo de press\u00e3o vari\u00e1vel da morsa<br \/>\n&#8211; Transportador autom\u00e1tico de aparas<br \/>\n&#8211; Escova motorizada para a fita<br \/>\n&#8211; Mangueira de lavagem para limpeza da m\u00e1quina<br \/>\n&#8211; Foco de trabalho<br \/>\n&#8211; Um jogo de ferramentas em caixa de ferramentas<br \/>\n&#8211; Um transportador de rolos<br \/>\n&#8211; Ajuste da altura de trabalho<\/p>\n","protected":false},"excerpt":{"rendered":"<p>* M\u00e1ximo redondo 330 mm * M\u00e1ximo ret\u00e2ngulo 400 \u00d7 330 mm A linha DoALL SA \u00e9 uma linha de m\u00e1quinas projetadas e constru\u00eddas para opera\u00e7\u00f5es de serragem de uso geral. \u00c9 ideal para trabalhar em modo manual (semiautom\u00e1tico). Para facilidade de uso, essas m\u00e1quinas j\u00e1 est\u00e3o equipadas com uma mesa extratora padr\u00e3o de 6 [&hellip;]<\/p>\n","protected":false},"featured_media":21621,"template":"","meta":[],"product_brand":[],"product_cat":[543,539,541],"product_tag":[568,570,571,572,573,575],"marca-producto":[103],"serie-producto":[299],"class_list":{"0":"post-21620","1":"product","2":"type-product","3":"status-publish","4":"has-post-thumbnail","6":"product_cat-semi-automaticas-serras-horizontais","7":"product_cat-serras","8":"product_cat-serras-horizontais","9":"product_tag-aeronautica-pt-pt","10":"product_tag-bens-de-equipamento","11":"product_tag-energia-pt-pt","12":"product_tag-ferrovia","13":"product_tag-grande-consumo","14":"product_tag-moldes-e-matrizes","15":"marca-producto-doall","16":"serie-producto-serie-sa-doall","18":"first","19":"instock","20":"product-type-simple"},"yoast_head":"<!-- This site is optimized with the Yoast SEO plugin v27.0 - https:\/\/yoast.com\/product\/yoast-seo-wordpress\/ -->\n<title>C-4033SA<\/title>\n<meta name=\"description\" content=\"C-4033SA. * M\u00e1ximo redondo 330 mm * M\u00e1ximo ret\u00e2ngulo 400 \u00d7 330 mm A linha DoALL SA \u00e9 uma linha de m\u00e1quinas projetadas e constru\u00eddas para opera\u00e7\u00f5es de serragem de\" \/>\n<meta name=\"robots\" content=\"index, follow, max-snippet:-1, max-image-preview:large, max-video-preview:-1\" \/>\n<link rel=\"canonical\" href=\"https:\/\/maqcenter.com\/pt-pt\/producto\/c-4033sa\/\" \/>\n<meta property=\"og:locale\" content=\"pt_PT\" \/>\n<meta property=\"og:type\" content=\"article\" \/>\n<meta property=\"og:title\" content=\"C-4033SA\" \/>\n<meta property=\"og:description\" content=\"C-4033SA. * M\u00e1ximo redondo 330 mm * M\u00e1ximo ret\u00e2ngulo 400 \u00d7 330 mm A linha DoALL SA \u00e9 uma linha de m\u00e1quinas projetadas e constru\u00eddas para opera\u00e7\u00f5es de serragem de\" \/>\n<meta property=\"og:url\" content=\"https:\/\/maqcenter.com\/pt-pt\/producto\/c-4033sa\/\" \/>\n<meta property=\"og:site_name\" content=\"MAQcenter\" \/>\n<meta name=\"twitter:card\" content=\"summary_large_image\" \/>\n<meta name=\"twitter:label1\" content=\"Tempo estimado de leitura\" \/>\n\t<meta name=\"twitter:data1\" content=\"1 minuto\" \/>\n<script type=\"application\/ld+json\" class=\"yoast-schema-graph\">{\"@context\":\"https:\/\/schema.org\",\"@graph\":[{\"@type\":[\"WebPage\",\"ItemPage\"],\"@id\":\"https:\/\/maqcenter.com\/pt-pt\/producto\/c-4033sa\/\",\"url\":\"https:\/\/maqcenter.com\/pt-pt\/producto\/c-4033sa\/\",\"name\":\"C-4033SA\",\"isPartOf\":{\"@id\":\"https:\/\/maqcenter.com\/pt-pt\/#website\"},\"primaryImageOfPage\":{\"@id\":\"https:\/\/maqcenter.com\/pt-pt\/producto\/c-4033sa\/#primaryimage\"},\"image\":{\"@id\":\"https:\/\/maqcenter.com\/pt-pt\/producto\/c-4033sa\/#primaryimage\"},\"thumbnailUrl\":\"https:\/\/maqcenter.com\/wp-content\/uploads\/2021\/03\/DoALL-C-4033SA.jpg\",\"datePublished\":\"2021-03-02T14:03:00+00:00\",\"description\":\"C-4033SA. * M\u00e1ximo redondo 330 mm * M\u00e1ximo ret\u00e2ngulo 400 \u00d7 330 mm A linha DoALL SA \u00e9 uma linha de m\u00e1quinas projetadas e constru\u00eddas para opera\u00e7\u00f5es de serragem de\",\"breadcrumb\":{\"@id\":\"https:\/\/maqcenter.com\/pt-pt\/producto\/c-4033sa\/#breadcrumb\"},\"inLanguage\":\"pt-PT\",\"potentialAction\":[{\"@type\":\"ReadAction\",\"target\":[\"https:\/\/maqcenter.com\/pt-pt\/producto\/c-4033sa\/\"]}]},{\"@type\":\"ImageObject\",\"inLanguage\":\"pt-PT\",\"@id\":\"https:\/\/maqcenter.com\/pt-pt\/producto\/c-4033sa\/#primaryimage\",\"url\":\"https:\/\/maqcenter.com\/wp-content\/uploads\/2021\/03\/DoALL-C-4033SA.jpg\",\"contentUrl\":\"https:\/\/maqcenter.com\/wp-content\/uploads\/2021\/03\/DoALL-C-4033SA.jpg\",\"width\":500,\"height\":500},{\"@type\":\"BreadcrumbList\",\"@id\":\"https:\/\/maqcenter.com\/pt-pt\/producto\/c-4033sa\/#breadcrumb\",\"itemListElement\":[{\"@type\":\"ListItem\",\"position\":1,\"name\":\"Productos\",\"item\":\"https:\/\/maqcenter.com\/pt-pt\/\"},{\"@type\":\"ListItem\",\"position\":2,\"name\":\"Produtos\",\"item\":\"https:\/\/maqcenter.com\/pt-pt\/shop\/\"},{\"@type\":\"ListItem\",\"position\":3,\"name\":\"C-4033SA\"}]},{\"@type\":\"WebSite\",\"@id\":\"https:\/\/maqcenter.com\/pt-pt\/#website\",\"url\":\"https:\/\/maqcenter.com\/pt-pt\/\",\"name\":\"MAQcenter\",\"description\":\"El centro de tus soluciones\",\"publisher\":{\"@id\":\"https:\/\/maqcenter.com\/pt-pt\/#organization\"},\"potentialAction\":[{\"@type\":\"SearchAction\",\"target\":{\"@type\":\"EntryPoint\",\"urlTemplate\":\"https:\/\/maqcenter.com\/pt-pt\/?s={search_term_string}\"},\"query-input\":{\"@type\":\"PropertyValueSpecification\",\"valueRequired\":true,\"valueName\":\"search_term_string\"}}],\"inLanguage\":\"pt-PT\"},{\"@type\":\"Organization\",\"@id\":\"https:\/\/maqcenter.com\/pt-pt\/#organization\",\"name\":\"MAQcenter S.A.\",\"url\":\"https:\/\/maqcenter.com\/pt-pt\/\",\"logo\":{\"@type\":\"ImageObject\",\"inLanguage\":\"pt-PT\",\"@id\":\"https:\/\/maqcenter.com\/pt-pt\/#\/schema\/logo\/image\/\",\"url\":\"https:\/\/maqcenter.com\/wp-content\/uploads\/2021\/02\/MAQcenter_logo_vertical.svg\",\"contentUrl\":\"https:\/\/maqcenter.com\/wp-content\/uploads\/2021\/02\/MAQcenter_logo_vertical.svg\",\"width\":300,\"height\":174,\"caption\":\"MAQcenter S.A.\"},\"image\":{\"@id\":\"https:\/\/maqcenter.com\/pt-pt\/#\/schema\/logo\/image\/\"}}]}<\/script>\n<!-- \/ Yoast SEO plugin. -->","yoast_head_json":{"title":"C-4033SA","description":"C-4033SA. * M\u00e1ximo redondo 330 mm * M\u00e1ximo ret\u00e2ngulo 400 \u00d7 330 mm A linha DoALL SA \u00e9 uma linha de m\u00e1quinas projetadas e constru\u00eddas para opera\u00e7\u00f5es de serragem de","robots":{"index":"index","follow":"follow","max-snippet":"max-snippet:-1","max-image-preview":"max-image-preview:large","max-video-preview":"max-video-preview:-1"},"canonical":"https:\/\/maqcenter.com\/pt-pt\/producto\/c-4033sa\/","og_locale":"pt_PT","og_type":"article","og_title":"C-4033SA","og_description":"C-4033SA. * M\u00e1ximo redondo 330 mm * M\u00e1ximo ret\u00e2ngulo 400 \u00d7 330 mm A linha DoALL SA \u00e9 uma linha de m\u00e1quinas projetadas e constru\u00eddas para opera\u00e7\u00f5es de serragem de","og_url":"https:\/\/maqcenter.com\/pt-pt\/producto\/c-4033sa\/","og_site_name":"MAQcenter","twitter_card":"summary_large_image","twitter_misc":{"Tempo estimado de leitura":"1 minuto"},"schema":{"@context":"https:\/\/schema.org","@graph":[{"@type":["WebPage","ItemPage"],"@id":"https:\/\/maqcenter.com\/pt-pt\/producto\/c-4033sa\/","url":"https:\/\/maqcenter.com\/pt-pt\/producto\/c-4033sa\/","name":"C-4033SA","isPartOf":{"@id":"https:\/\/maqcenter.com\/pt-pt\/#website"},"primaryImageOfPage":{"@id":"https:\/\/maqcenter.com\/pt-pt\/producto\/c-4033sa\/#primaryimage"},"image":{"@id":"https:\/\/maqcenter.com\/pt-pt\/producto\/c-4033sa\/#primaryimage"},"thumbnailUrl":"https:\/\/maqcenter.com\/wp-content\/uploads\/2021\/03\/DoALL-C-4033SA.jpg","datePublished":"2021-03-02T14:03:00+00:00","description":"C-4033SA. * M\u00e1ximo redondo 330 mm * M\u00e1ximo ret\u00e2ngulo 400 \u00d7 330 mm A linha DoALL SA \u00e9 uma linha de m\u00e1quinas projetadas e constru\u00eddas para opera\u00e7\u00f5es de serragem de","breadcrumb":{"@id":"https:\/\/maqcenter.com\/pt-pt\/producto\/c-4033sa\/#breadcrumb"},"inLanguage":"pt-PT","potentialAction":[{"@type":"ReadAction","target":["https:\/\/maqcenter.com\/pt-pt\/producto\/c-4033sa\/"]}]},{"@type":"ImageObject","inLanguage":"pt-PT","@id":"https:\/\/maqcenter.com\/pt-pt\/producto\/c-4033sa\/#primaryimage","url":"https:\/\/maqcenter.com\/wp-content\/uploads\/2021\/03\/DoALL-C-4033SA.jpg","contentUrl":"https:\/\/maqcenter.com\/wp-content\/uploads\/2021\/03\/DoALL-C-4033SA.jpg","width":500,"height":500},{"@type":"BreadcrumbList","@id":"https:\/\/maqcenter.com\/pt-pt\/producto\/c-4033sa\/#breadcrumb","itemListElement":[{"@type":"ListItem","position":1,"name":"Productos","item":"https:\/\/maqcenter.com\/pt-pt\/"},{"@type":"ListItem","position":2,"name":"Produtos","item":"https:\/\/maqcenter.com\/pt-pt\/shop\/"},{"@type":"ListItem","position":3,"name":"C-4033SA"}]},{"@type":"WebSite","@id":"https:\/\/maqcenter.com\/pt-pt\/#website","url":"https:\/\/maqcenter.com\/pt-pt\/","name":"MAQcenter","description":"El centro de tus soluciones","publisher":{"@id":"https:\/\/maqcenter.com\/pt-pt\/#organization"},"potentialAction":[{"@type":"SearchAction","target":{"@type":"EntryPoint","urlTemplate":"https:\/\/maqcenter.com\/pt-pt\/?s={search_term_string}"},"query-input":{"@type":"PropertyValueSpecification","valueRequired":true,"valueName":"search_term_string"}}],"inLanguage":"pt-PT"},{"@type":"Organization","@id":"https:\/\/maqcenter.com\/pt-pt\/#organization","name":"MAQcenter S.A.","url":"https:\/\/maqcenter.com\/pt-pt\/","logo":{"@type":"ImageObject","inLanguage":"pt-PT","@id":"https:\/\/maqcenter.com\/pt-pt\/#\/schema\/logo\/image\/","url":"https:\/\/maqcenter.com\/wp-content\/uploads\/2021\/02\/MAQcenter_logo_vertical.svg","contentUrl":"https:\/\/maqcenter.com\/wp-content\/uploads\/2021\/02\/MAQcenter_logo_vertical.svg","width":300,"height":174,"caption":"MAQcenter S.A."},"image":{"@id":"https:\/\/maqcenter.com\/pt-pt\/#\/schema\/logo\/image\/"}}]}},"_links":{"self":[{"href":"https:\/\/maqcenter.com\/pt-pt\/wp-json\/wp\/v2\/product\/21620","targetHints":{"allow":["GET"]}}],"collection":[{"href":"https:\/\/maqcenter.com\/pt-pt\/wp-json\/wp\/v2\/product"}],"about":[{"href":"https:\/\/maqcenter.com\/pt-pt\/wp-json\/wp\/v2\/types\/product"}],"wp:featuredmedia":[{"embeddable":true,"href":"https:\/\/maqcenter.com\/pt-pt\/wp-json\/wp\/v2\/media\/21621"}],"wp:attachment":[{"href":"https:\/\/maqcenter.com\/pt-pt\/wp-json\/wp\/v2\/media?parent=21620"}],"wp:term":[{"taxonomy":"product_brand","embeddable":true,"href":"https:\/\/maqcenter.com\/pt-pt\/wp-json\/wp\/v2\/product_brand?post=21620"},{"taxonomy":"product_cat","embeddable":true,"href":"https:\/\/maqcenter.com\/pt-pt\/wp-json\/wp\/v2\/product_cat?post=21620"},{"taxonomy":"product_tag","embeddable":true,"href":"https:\/\/maqcenter.com\/pt-pt\/wp-json\/wp\/v2\/product_tag?post=21620"},{"taxonomy":"marca-producto","embeddable":true,"href":"https:\/\/maqcenter.com\/pt-pt\/wp-json\/wp\/v2\/marca-producto?post=21620"},{"taxonomy":"serie-producto","embeddable":true,"href":"https:\/\/maqcenter.com\/pt-pt\/wp-json\/wp\/v2\/serie-producto?post=21620"}],"curies":[{"name":"wp","href":"https:\/\/api.w.org\/{rel}","templated":true}]}}