{"id":21640,"date":"2021-03-02T16:03:00","date_gmt":"2021-03-02T14:03:00","guid":{"rendered":"https:\/\/maqcenter.com\/producto\/c-560nc\/"},"modified":"2021-03-02T16:03:00","modified_gmt":"2021-03-02T14:03:00","slug":"c-560nc","status":"publish","type":"product","link":"https:\/\/maqcenter.com\/pt-pt\/producto\/c-560nc\/","title":{"rendered":"C-560NC"},"content":{"rendered":"<p>* M\u00e1x redondo 560 mm<br \/>\n* M\u00e1ximo retangular 610 \u00d7 560 mm<\/p>\n<p>A DoALL NC-Line \u00e9 uma linha de m\u00e1quinas projetadas e constru\u00eddas para opera\u00e7\u00f5es de serragem de uso geral, tanto em modo manual como autom\u00e1tico. Para facilidade de uso, essas m\u00e1quinas j\u00e1 est\u00e3o equipadas com uma mesa de rolos padr\u00e3o de 2 metros, transportador de cavacos, controle de press\u00e3o vari\u00e1vel da mand\u00edbula, mand\u00edbula de \u00edndice de retra\u00e7\u00e3o dupla, luz de trabalho e caixa de ferramentas. <\/p>\n<p>Equipamento standard:<br \/>\n-Controlo PLC para todas as fun\u00e7\u00f5es el\u00e9tricas e hidr\u00e1ulicas -Controlo PLC para todas as fun\u00e7\u00f5es el\u00e9tricas e hidr\u00e1ulicas<br \/>\n-Painel de controlo com ecr\u00e3 t\u00e1til a cores e mensagens de alarme<br \/>\n-Velocidade da fita infinitamente vari\u00e1vel, controlada por inversor<br \/>\n-Dete\u00e7\u00e3o de movimento da roda com interruptor de bloqueio da l\u00e2mina e sensor de rutura da fita<br \/>\n-Avan\u00e7o autom\u00e1tico tipo shuttle e mesa de trabalho deslizante com rolo<br \/>\n-Tens\u00e3o hidr\u00e1ulica da fita<br \/>\n-Morsa frontal dividida<br \/>\n-Morsa de indexa\u00e7\u00e3o com retra\u00e7\u00e3o dupla<br \/>\n-Sensor de altura de trabalho e aproxima\u00e7\u00e3o r\u00e1pida<br \/>\n-Pastilhas de metal duro com rolamentos<br \/>\n-Ajuste de comprimento com escala magn\u00e9tica<br \/>\n-Pr\u00e9-sele\u00e7\u00e3o de 20 trabalhos<br \/>\n-Transportador autom\u00e1tico de aparas<br \/>\n-Escova motorizada para a fita<br \/>\n-Mangueira de lavagem para limpeza da m\u00e1quina<br \/>\n-Foco de trabalho<br \/>-Um transportador de rolos de 2 metros<\/p>\n","protected":false},"excerpt":{"rendered":"<p>* M\u00e1x redondo 560 mm * M\u00e1ximo retangular 610 \u00d7 560 mm A DoALL NC-Line \u00e9 uma linha de m\u00e1quinas projetadas e constru\u00eddas para opera\u00e7\u00f5es de serragem de uso geral, tanto em modo manual como autom\u00e1tico. Para facilidade de uso, essas m\u00e1quinas j\u00e1 est\u00e3o equipadas com uma mesa de rolos padr\u00e3o de 2 metros, transportador [&hellip;]<\/p>\n","protected":false},"featured_media":21641,"template":"","meta":[],"product_brand":[],"product_cat":[542,539,541],"product_tag":[568,570,571,572,573,575],"marca-producto":[103],"serie-producto":[298],"class_list":{"0":"post-21640","1":"product","2":"type-product","3":"status-publish","4":"has-post-thumbnail","6":"product_cat-automaticas-serras-horizontais","7":"product_cat-serras","8":"product_cat-serras-horizontais","9":"product_tag-aeronautica-pt-pt","10":"product_tag-bens-de-equipamento","11":"product_tag-energia-pt-pt","12":"product_tag-ferrovia","13":"product_tag-grande-consumo","14":"product_tag-moldes-e-matrizes","15":"marca-producto-doall","16":"serie-producto-serie-nc-doall","18":"first","19":"instock","20":"product-type-simple"},"yoast_head":"<!-- This site is optimized with the Yoast SEO plugin v27.0 - https:\/\/yoast.com\/product\/yoast-seo-wordpress\/ -->\n<title>C-560NC<\/title>\n<meta name=\"description\" content=\"C-560NC. * M\u00e1x redondo 560 mm * M\u00e1ximo retangular 610 \u00d7 560 mm A DoALL NC-Line \u00e9 uma linha de m\u00e1quinas projetadas e constru\u00eddas para opera\u00e7\u00f5es de serragem de uso\" \/>\n<meta name=\"robots\" content=\"index, follow, max-snippet:-1, max-image-preview:large, max-video-preview:-1\" \/>\n<link rel=\"canonical\" href=\"https:\/\/maqcenter.com\/pt-pt\/producto\/c-560nc\/\" \/>\n<meta property=\"og:locale\" content=\"pt_PT\" \/>\n<meta property=\"og:type\" content=\"article\" \/>\n<meta property=\"og:title\" content=\"C-560NC\" \/>\n<meta property=\"og:description\" content=\"C-560NC. * M\u00e1x redondo 560 mm * M\u00e1ximo retangular 610 \u00d7 560 mm A DoALL NC-Line \u00e9 uma linha de m\u00e1quinas projetadas e constru\u00eddas para opera\u00e7\u00f5es de serragem de uso\" \/>\n<meta property=\"og:url\" content=\"https:\/\/maqcenter.com\/pt-pt\/producto\/c-560nc\/\" \/>\n<meta property=\"og:site_name\" content=\"MAQcenter\" \/>\n<meta name=\"twitter:card\" content=\"summary_large_image\" \/>\n<meta name=\"twitter:label1\" content=\"Tempo estimado de leitura\" \/>\n\t<meta name=\"twitter:data1\" content=\"1 minuto\" \/>\n<script type=\"application\/ld+json\" class=\"yoast-schema-graph\">{\"@context\":\"https:\/\/schema.org\",\"@graph\":[{\"@type\":[\"WebPage\",\"ItemPage\"],\"@id\":\"https:\/\/maqcenter.com\/pt-pt\/producto\/c-560nc\/\",\"url\":\"https:\/\/maqcenter.com\/pt-pt\/producto\/c-560nc\/\",\"name\":\"C-560NC\",\"isPartOf\":{\"@id\":\"https:\/\/maqcenter.com\/pt-pt\/#website\"},\"primaryImageOfPage\":{\"@id\":\"https:\/\/maqcenter.com\/pt-pt\/producto\/c-560nc\/#primaryimage\"},\"image\":{\"@id\":\"https:\/\/maqcenter.com\/pt-pt\/producto\/c-560nc\/#primaryimage\"},\"thumbnailUrl\":\"https:\/\/maqcenter.com\/wp-content\/uploads\/2021\/03\/DoALL-C-560NC.jpg\",\"datePublished\":\"2021-03-02T14:03:00+00:00\",\"description\":\"C-560NC. * M\u00e1x redondo 560 mm * M\u00e1ximo retangular 610 \u00d7 560 mm A DoALL NC-Line \u00e9 uma linha de m\u00e1quinas projetadas e constru\u00eddas para opera\u00e7\u00f5es de serragem de uso\",\"breadcrumb\":{\"@id\":\"https:\/\/maqcenter.com\/pt-pt\/producto\/c-560nc\/#breadcrumb\"},\"inLanguage\":\"pt-PT\",\"potentialAction\":[{\"@type\":\"ReadAction\",\"target\":[\"https:\/\/maqcenter.com\/pt-pt\/producto\/c-560nc\/\"]}]},{\"@type\":\"ImageObject\",\"inLanguage\":\"pt-PT\",\"@id\":\"https:\/\/maqcenter.com\/pt-pt\/producto\/c-560nc\/#primaryimage\",\"url\":\"https:\/\/maqcenter.com\/wp-content\/uploads\/2021\/03\/DoALL-C-560NC.jpg\",\"contentUrl\":\"https:\/\/maqcenter.com\/wp-content\/uploads\/2021\/03\/DoALL-C-560NC.jpg\",\"width\":500,\"height\":500},{\"@type\":\"BreadcrumbList\",\"@id\":\"https:\/\/maqcenter.com\/pt-pt\/producto\/c-560nc\/#breadcrumb\",\"itemListElement\":[{\"@type\":\"ListItem\",\"position\":1,\"name\":\"Productos\",\"item\":\"https:\/\/maqcenter.com\/pt-pt\/\"},{\"@type\":\"ListItem\",\"position\":2,\"name\":\"Produtos\",\"item\":\"https:\/\/maqcenter.com\/pt-pt\/shop\/\"},{\"@type\":\"ListItem\",\"position\":3,\"name\":\"C-560NC\"}]},{\"@type\":\"WebSite\",\"@id\":\"https:\/\/maqcenter.com\/pt-pt\/#website\",\"url\":\"https:\/\/maqcenter.com\/pt-pt\/\",\"name\":\"MAQcenter\",\"description\":\"El centro de tus soluciones\",\"publisher\":{\"@id\":\"https:\/\/maqcenter.com\/pt-pt\/#organization\"},\"potentialAction\":[{\"@type\":\"SearchAction\",\"target\":{\"@type\":\"EntryPoint\",\"urlTemplate\":\"https:\/\/maqcenter.com\/pt-pt\/?s={search_term_string}\"},\"query-input\":{\"@type\":\"PropertyValueSpecification\",\"valueRequired\":true,\"valueName\":\"search_term_string\"}}],\"inLanguage\":\"pt-PT\"},{\"@type\":\"Organization\",\"@id\":\"https:\/\/maqcenter.com\/pt-pt\/#organization\",\"name\":\"MAQcenter S.A.\",\"url\":\"https:\/\/maqcenter.com\/pt-pt\/\",\"logo\":{\"@type\":\"ImageObject\",\"inLanguage\":\"pt-PT\",\"@id\":\"https:\/\/maqcenter.com\/pt-pt\/#\/schema\/logo\/image\/\",\"url\":\"https:\/\/maqcenter.com\/wp-content\/uploads\/2021\/02\/MAQcenter_logo_vertical.svg\",\"contentUrl\":\"https:\/\/maqcenter.com\/wp-content\/uploads\/2021\/02\/MAQcenter_logo_vertical.svg\",\"width\":300,\"height\":174,\"caption\":\"MAQcenter S.A.\"},\"image\":{\"@id\":\"https:\/\/maqcenter.com\/pt-pt\/#\/schema\/logo\/image\/\"}}]}<\/script>\n<!-- \/ Yoast SEO plugin. -->","yoast_head_json":{"title":"C-560NC","description":"C-560NC. * M\u00e1x redondo 560 mm * M\u00e1ximo retangular 610 \u00d7 560 mm A DoALL NC-Line \u00e9 uma linha de m\u00e1quinas projetadas e constru\u00eddas para opera\u00e7\u00f5es de serragem de uso","robots":{"index":"index","follow":"follow","max-snippet":"max-snippet:-1","max-image-preview":"max-image-preview:large","max-video-preview":"max-video-preview:-1"},"canonical":"https:\/\/maqcenter.com\/pt-pt\/producto\/c-560nc\/","og_locale":"pt_PT","og_type":"article","og_title":"C-560NC","og_description":"C-560NC. * M\u00e1x redondo 560 mm * M\u00e1ximo retangular 610 \u00d7 560 mm A DoALL NC-Line \u00e9 uma linha de m\u00e1quinas projetadas e constru\u00eddas para opera\u00e7\u00f5es de serragem de uso","og_url":"https:\/\/maqcenter.com\/pt-pt\/producto\/c-560nc\/","og_site_name":"MAQcenter","twitter_card":"summary_large_image","twitter_misc":{"Tempo estimado de leitura":"1 minuto"},"schema":{"@context":"https:\/\/schema.org","@graph":[{"@type":["WebPage","ItemPage"],"@id":"https:\/\/maqcenter.com\/pt-pt\/producto\/c-560nc\/","url":"https:\/\/maqcenter.com\/pt-pt\/producto\/c-560nc\/","name":"C-560NC","isPartOf":{"@id":"https:\/\/maqcenter.com\/pt-pt\/#website"},"primaryImageOfPage":{"@id":"https:\/\/maqcenter.com\/pt-pt\/producto\/c-560nc\/#primaryimage"},"image":{"@id":"https:\/\/maqcenter.com\/pt-pt\/producto\/c-560nc\/#primaryimage"},"thumbnailUrl":"https:\/\/maqcenter.com\/wp-content\/uploads\/2021\/03\/DoALL-C-560NC.jpg","datePublished":"2021-03-02T14:03:00+00:00","description":"C-560NC. * M\u00e1x redondo 560 mm * M\u00e1ximo retangular 610 \u00d7 560 mm A DoALL NC-Line \u00e9 uma linha de m\u00e1quinas projetadas e constru\u00eddas para opera\u00e7\u00f5es de serragem de uso","breadcrumb":{"@id":"https:\/\/maqcenter.com\/pt-pt\/producto\/c-560nc\/#breadcrumb"},"inLanguage":"pt-PT","potentialAction":[{"@type":"ReadAction","target":["https:\/\/maqcenter.com\/pt-pt\/producto\/c-560nc\/"]}]},{"@type":"ImageObject","inLanguage":"pt-PT","@id":"https:\/\/maqcenter.com\/pt-pt\/producto\/c-560nc\/#primaryimage","url":"https:\/\/maqcenter.com\/wp-content\/uploads\/2021\/03\/DoALL-C-560NC.jpg","contentUrl":"https:\/\/maqcenter.com\/wp-content\/uploads\/2021\/03\/DoALL-C-560NC.jpg","width":500,"height":500},{"@type":"BreadcrumbList","@id":"https:\/\/maqcenter.com\/pt-pt\/producto\/c-560nc\/#breadcrumb","itemListElement":[{"@type":"ListItem","position":1,"name":"Productos","item":"https:\/\/maqcenter.com\/pt-pt\/"},{"@type":"ListItem","position":2,"name":"Produtos","item":"https:\/\/maqcenter.com\/pt-pt\/shop\/"},{"@type":"ListItem","position":3,"name":"C-560NC"}]},{"@type":"WebSite","@id":"https:\/\/maqcenter.com\/pt-pt\/#website","url":"https:\/\/maqcenter.com\/pt-pt\/","name":"MAQcenter","description":"El centro de tus soluciones","publisher":{"@id":"https:\/\/maqcenter.com\/pt-pt\/#organization"},"potentialAction":[{"@type":"SearchAction","target":{"@type":"EntryPoint","urlTemplate":"https:\/\/maqcenter.com\/pt-pt\/?s={search_term_string}"},"query-input":{"@type":"PropertyValueSpecification","valueRequired":true,"valueName":"search_term_string"}}],"inLanguage":"pt-PT"},{"@type":"Organization","@id":"https:\/\/maqcenter.com\/pt-pt\/#organization","name":"MAQcenter S.A.","url":"https:\/\/maqcenter.com\/pt-pt\/","logo":{"@type":"ImageObject","inLanguage":"pt-PT","@id":"https:\/\/maqcenter.com\/pt-pt\/#\/schema\/logo\/image\/","url":"https:\/\/maqcenter.com\/wp-content\/uploads\/2021\/02\/MAQcenter_logo_vertical.svg","contentUrl":"https:\/\/maqcenter.com\/wp-content\/uploads\/2021\/02\/MAQcenter_logo_vertical.svg","width":300,"height":174,"caption":"MAQcenter S.A."},"image":{"@id":"https:\/\/maqcenter.com\/pt-pt\/#\/schema\/logo\/image\/"}}]}},"_links":{"self":[{"href":"https:\/\/maqcenter.com\/pt-pt\/wp-json\/wp\/v2\/product\/21640","targetHints":{"allow":["GET"]}}],"collection":[{"href":"https:\/\/maqcenter.com\/pt-pt\/wp-json\/wp\/v2\/product"}],"about":[{"href":"https:\/\/maqcenter.com\/pt-pt\/wp-json\/wp\/v2\/types\/product"}],"wp:featuredmedia":[{"embeddable":true,"href":"https:\/\/maqcenter.com\/pt-pt\/wp-json\/wp\/v2\/media\/21641"}],"wp:attachment":[{"href":"https:\/\/maqcenter.com\/pt-pt\/wp-json\/wp\/v2\/media?parent=21640"}],"wp:term":[{"taxonomy":"product_brand","embeddable":true,"href":"https:\/\/maqcenter.com\/pt-pt\/wp-json\/wp\/v2\/product_brand?post=21640"},{"taxonomy":"product_cat","embeddable":true,"href":"https:\/\/maqcenter.com\/pt-pt\/wp-json\/wp\/v2\/product_cat?post=21640"},{"taxonomy":"product_tag","embeddable":true,"href":"https:\/\/maqcenter.com\/pt-pt\/wp-json\/wp\/v2\/product_tag?post=21640"},{"taxonomy":"marca-producto","embeddable":true,"href":"https:\/\/maqcenter.com\/pt-pt\/wp-json\/wp\/v2\/marca-producto?post=21640"},{"taxonomy":"serie-producto","embeddable":true,"href":"https:\/\/maqcenter.com\/pt-pt\/wp-json\/wp\/v2\/serie-producto?post=21640"}],"curies":[{"name":"wp","href":"https:\/\/api.w.org\/{rel}","templated":true}]}}