{"id":21718,"date":"2021-03-02T16:03:09","date_gmt":"2021-03-02T14:03:09","guid":{"rendered":"https:\/\/maqcenter.com\/producto\/tc-100nc\/"},"modified":"2021-03-02T16:03:09","modified_gmt":"2021-03-02T14:03:09","slug":"tc-100nc","status":"publish","type":"product","link":"https:\/\/maqcenter.com\/pt-pt\/producto\/tc-100nc\/","title":{"rendered":"TC-100NC"},"content":{"rendered":"<p>* M\u00e1x. \u00d810 a \u00d8102 mm<\/p>\n<p>As serras circulares da linha DoALL TC s\u00e3o projetadas para obter uma alta produ\u00e7\u00e3o com baixo custo. As m\u00e1quinas acomodam materiais que variam de a\u00e7o de engenharia, n\u00e3o ferrosos a a\u00e7o inoxid\u00e1vel, usando l\u00e2minas com ponta de carboneto.<br \/>\nCom um design ergon\u00f4mico e uma interface extremamente amig\u00e1vel, a m\u00e1quina est\u00e1 pronta para a produ\u00e7\u00e3o em quest\u00e3o de minutos. Al\u00e9m disso, o novo sistema de guia oferece toler\u00e2ncia de quadratura extremamente alta e acabamento espelhado.  <\/p>\n<p>Caracter\u00edsticas:<br \/>\n-Alta produ\u00e7\u00e3o<br \/>\n-Alta precis\u00e3o<br \/>\n-Acabamento magn\u00edfico<br \/>\n-Completo<br \/>\n-E f\u00e1cil de usar<\/p>\n<p>Equipamento standard:<br \/>\n-Controlo PLC de f\u00e1cil utiliza\u00e7\u00e3o com ecr\u00e3 t\u00e1til<br \/>\n-Morsa hidr\u00e1ulica frontal e vertical<br \/>\n-Dispositivo de shuttle flutuante<br \/>\n-Mesa de alimenta\u00e7\u00e3o autom\u00e1tica para barras redondas<br \/>\n-Dete\u00e7\u00e3o de falta de material<br \/>\n-Lubrifica\u00e7\u00e3o por n\u00e9voa de \u00f3leo com ar comprimido<br \/>\n-Filtro de ar para n\u00e9voa de \u00f3leo<br \/>\n-Trav\u00e3o eletromagn\u00e9tico de p\u00f3<br \/>\n-Controlo de press\u00e3o vari\u00e1vel da morsa<br \/>\n-Tremonha de separa\u00e7\u00e3o com acionamento hidr\u00e1ulico<br \/>\n-Escova motorizada para aparas<br \/>\n-Acionamento por inversor<br \/>\n-Transportador autom\u00e1tico de aparas por corrente<br \/>\n-Luz de trabalho hal\u00f3gena<br \/>\n-Um conjunto de ferramentas em caixa de ferramentas<\/p>\n","protected":false},"excerpt":{"rendered":"<p>* M\u00e1x. \u00d810 a \u00d8102 mm As serras circulares da linha DoALL TC s\u00e3o projetadas para obter uma alta produ\u00e7\u00e3o com baixo custo. As m\u00e1quinas acomodam materiais que variam de a\u00e7o de engenharia, n\u00e3o ferrosos a a\u00e7o inoxid\u00e1vel, usando l\u00e2minas com ponta de carboneto. Com um design ergon\u00f4mico e uma interface extremamente amig\u00e1vel, a m\u00e1quina [&hellip;]<\/p>\n","protected":false},"featured_media":21719,"template":"","meta":[],"product_brand":[],"product_cat":[539,540],"product_tag":[569,573],"marca-producto":[103],"serie-producto":[305],"class_list":{"0":"post-21718","1":"product","2":"type-product","3":"status-publish","4":"has-post-thumbnail","6":"product_cat-serras","7":"product_cat-serras-circulares","8":"product_tag-automovel","9":"product_tag-grande-consumo","10":"marca-producto-doall","11":"serie-producto-serie-tc-doall","13":"first","14":"instock","15":"product-type-simple"},"yoast_head":"<!-- This site is optimized with the Yoast SEO plugin v27.0 - https:\/\/yoast.com\/product\/yoast-seo-wordpress\/ -->\n<title>TC-100NC<\/title>\n<meta name=\"description\" content=\"TC-100NC. * M\u00e1x. \u00d810 a \u00d8102 mm As serras circulares da linha DoALL TC s\u00e3o projetadas para obter uma alta produ\u00e7\u00e3o com baixo custo. As m\u00e1quinas acomodam materiais\" \/>\n<meta name=\"robots\" content=\"index, follow, max-snippet:-1, max-image-preview:large, max-video-preview:-1\" \/>\n<link rel=\"canonical\" href=\"https:\/\/maqcenter.com\/pt-pt\/producto\/tc-100nc\/\" \/>\n<meta property=\"og:locale\" content=\"pt_PT\" \/>\n<meta property=\"og:type\" content=\"article\" \/>\n<meta property=\"og:title\" content=\"TC-100NC\" \/>\n<meta property=\"og:description\" content=\"TC-100NC. * M\u00e1x. \u00d810 a \u00d8102 mm As serras circulares da linha DoALL TC s\u00e3o projetadas para obter uma alta produ\u00e7\u00e3o com baixo custo. As m\u00e1quinas acomodam materiais\" \/>\n<meta property=\"og:url\" content=\"https:\/\/maqcenter.com\/pt-pt\/producto\/tc-100nc\/\" \/>\n<meta property=\"og:site_name\" content=\"MAQcenter\" \/>\n<meta name=\"twitter:card\" content=\"summary_large_image\" \/>\n<meta name=\"twitter:label1\" content=\"Tempo estimado de leitura\" \/>\n\t<meta name=\"twitter:data1\" content=\"1 minuto\" \/>\n<script type=\"application\/ld+json\" class=\"yoast-schema-graph\">{\"@context\":\"https:\/\/schema.org\",\"@graph\":[{\"@type\":[\"WebPage\",\"ItemPage\"],\"@id\":\"https:\/\/maqcenter.com\/pt-pt\/producto\/tc-100nc\/\",\"url\":\"https:\/\/maqcenter.com\/pt-pt\/producto\/tc-100nc\/\",\"name\":\"TC-100NC\",\"isPartOf\":{\"@id\":\"https:\/\/maqcenter.com\/pt-pt\/#website\"},\"primaryImageOfPage\":{\"@id\":\"https:\/\/maqcenter.com\/pt-pt\/producto\/tc-100nc\/#primaryimage\"},\"image\":{\"@id\":\"https:\/\/maqcenter.com\/pt-pt\/producto\/tc-100nc\/#primaryimage\"},\"thumbnailUrl\":\"https:\/\/maqcenter.com\/wp-content\/uploads\/2021\/03\/DoALL-TC-100NC.jpg\",\"datePublished\":\"2021-03-02T14:03:09+00:00\",\"description\":\"TC-100NC. * M\u00e1x. \u00d810 a \u00d8102 mm As serras circulares da linha DoALL TC s\u00e3o projetadas para obter uma alta produ\u00e7\u00e3o com baixo custo. As m\u00e1quinas acomodam materiais\",\"breadcrumb\":{\"@id\":\"https:\/\/maqcenter.com\/pt-pt\/producto\/tc-100nc\/#breadcrumb\"},\"inLanguage\":\"pt-PT\",\"potentialAction\":[{\"@type\":\"ReadAction\",\"target\":[\"https:\/\/maqcenter.com\/pt-pt\/producto\/tc-100nc\/\"]}]},{\"@type\":\"ImageObject\",\"inLanguage\":\"pt-PT\",\"@id\":\"https:\/\/maqcenter.com\/pt-pt\/producto\/tc-100nc\/#primaryimage\",\"url\":\"https:\/\/maqcenter.com\/wp-content\/uploads\/2021\/03\/DoALL-TC-100NC.jpg\",\"contentUrl\":\"https:\/\/maqcenter.com\/wp-content\/uploads\/2021\/03\/DoALL-TC-100NC.jpg\",\"width\":500,\"height\":500},{\"@type\":\"BreadcrumbList\",\"@id\":\"https:\/\/maqcenter.com\/pt-pt\/producto\/tc-100nc\/#breadcrumb\",\"itemListElement\":[{\"@type\":\"ListItem\",\"position\":1,\"name\":\"Productos\",\"item\":\"https:\/\/maqcenter.com\/pt-pt\/\"},{\"@type\":\"ListItem\",\"position\":2,\"name\":\"Produtos\",\"item\":\"https:\/\/maqcenter.com\/pt-pt\/shop\/\"},{\"@type\":\"ListItem\",\"position\":3,\"name\":\"TC-100NC\"}]},{\"@type\":\"WebSite\",\"@id\":\"https:\/\/maqcenter.com\/pt-pt\/#website\",\"url\":\"https:\/\/maqcenter.com\/pt-pt\/\",\"name\":\"MAQcenter\",\"description\":\"El centro de tus soluciones\",\"publisher\":{\"@id\":\"https:\/\/maqcenter.com\/pt-pt\/#organization\"},\"potentialAction\":[{\"@type\":\"SearchAction\",\"target\":{\"@type\":\"EntryPoint\",\"urlTemplate\":\"https:\/\/maqcenter.com\/pt-pt\/?s={search_term_string}\"},\"query-input\":{\"@type\":\"PropertyValueSpecification\",\"valueRequired\":true,\"valueName\":\"search_term_string\"}}],\"inLanguage\":\"pt-PT\"},{\"@type\":\"Organization\",\"@id\":\"https:\/\/maqcenter.com\/pt-pt\/#organization\",\"name\":\"MAQcenter S.A.\",\"url\":\"https:\/\/maqcenter.com\/pt-pt\/\",\"logo\":{\"@type\":\"ImageObject\",\"inLanguage\":\"pt-PT\",\"@id\":\"https:\/\/maqcenter.com\/pt-pt\/#\/schema\/logo\/image\/\",\"url\":\"https:\/\/maqcenter.com\/wp-content\/uploads\/2021\/02\/MAQcenter_logo_vertical.svg\",\"contentUrl\":\"https:\/\/maqcenter.com\/wp-content\/uploads\/2021\/02\/MAQcenter_logo_vertical.svg\",\"width\":300,\"height\":174,\"caption\":\"MAQcenter S.A.\"},\"image\":{\"@id\":\"https:\/\/maqcenter.com\/pt-pt\/#\/schema\/logo\/image\/\"}}]}<\/script>\n<!-- \/ Yoast SEO plugin. -->","yoast_head_json":{"title":"TC-100NC","description":"TC-100NC. * M\u00e1x. \u00d810 a \u00d8102 mm As serras circulares da linha DoALL TC s\u00e3o projetadas para obter uma alta produ\u00e7\u00e3o com baixo custo. As m\u00e1quinas acomodam materiais","robots":{"index":"index","follow":"follow","max-snippet":"max-snippet:-1","max-image-preview":"max-image-preview:large","max-video-preview":"max-video-preview:-1"},"canonical":"https:\/\/maqcenter.com\/pt-pt\/producto\/tc-100nc\/","og_locale":"pt_PT","og_type":"article","og_title":"TC-100NC","og_description":"TC-100NC. * M\u00e1x. \u00d810 a \u00d8102 mm As serras circulares da linha DoALL TC s\u00e3o projetadas para obter uma alta produ\u00e7\u00e3o com baixo custo. As m\u00e1quinas acomodam materiais","og_url":"https:\/\/maqcenter.com\/pt-pt\/producto\/tc-100nc\/","og_site_name":"MAQcenter","twitter_card":"summary_large_image","twitter_misc":{"Tempo estimado de leitura":"1 minuto"},"schema":{"@context":"https:\/\/schema.org","@graph":[{"@type":["WebPage","ItemPage"],"@id":"https:\/\/maqcenter.com\/pt-pt\/producto\/tc-100nc\/","url":"https:\/\/maqcenter.com\/pt-pt\/producto\/tc-100nc\/","name":"TC-100NC","isPartOf":{"@id":"https:\/\/maqcenter.com\/pt-pt\/#website"},"primaryImageOfPage":{"@id":"https:\/\/maqcenter.com\/pt-pt\/producto\/tc-100nc\/#primaryimage"},"image":{"@id":"https:\/\/maqcenter.com\/pt-pt\/producto\/tc-100nc\/#primaryimage"},"thumbnailUrl":"https:\/\/maqcenter.com\/wp-content\/uploads\/2021\/03\/DoALL-TC-100NC.jpg","datePublished":"2021-03-02T14:03:09+00:00","description":"TC-100NC. * M\u00e1x. \u00d810 a \u00d8102 mm As serras circulares da linha DoALL TC s\u00e3o projetadas para obter uma alta produ\u00e7\u00e3o com baixo custo. As m\u00e1quinas acomodam materiais","breadcrumb":{"@id":"https:\/\/maqcenter.com\/pt-pt\/producto\/tc-100nc\/#breadcrumb"},"inLanguage":"pt-PT","potentialAction":[{"@type":"ReadAction","target":["https:\/\/maqcenter.com\/pt-pt\/producto\/tc-100nc\/"]}]},{"@type":"ImageObject","inLanguage":"pt-PT","@id":"https:\/\/maqcenter.com\/pt-pt\/producto\/tc-100nc\/#primaryimage","url":"https:\/\/maqcenter.com\/wp-content\/uploads\/2021\/03\/DoALL-TC-100NC.jpg","contentUrl":"https:\/\/maqcenter.com\/wp-content\/uploads\/2021\/03\/DoALL-TC-100NC.jpg","width":500,"height":500},{"@type":"BreadcrumbList","@id":"https:\/\/maqcenter.com\/pt-pt\/producto\/tc-100nc\/#breadcrumb","itemListElement":[{"@type":"ListItem","position":1,"name":"Productos","item":"https:\/\/maqcenter.com\/pt-pt\/"},{"@type":"ListItem","position":2,"name":"Produtos","item":"https:\/\/maqcenter.com\/pt-pt\/shop\/"},{"@type":"ListItem","position":3,"name":"TC-100NC"}]},{"@type":"WebSite","@id":"https:\/\/maqcenter.com\/pt-pt\/#website","url":"https:\/\/maqcenter.com\/pt-pt\/","name":"MAQcenter","description":"El centro de tus soluciones","publisher":{"@id":"https:\/\/maqcenter.com\/pt-pt\/#organization"},"potentialAction":[{"@type":"SearchAction","target":{"@type":"EntryPoint","urlTemplate":"https:\/\/maqcenter.com\/pt-pt\/?s={search_term_string}"},"query-input":{"@type":"PropertyValueSpecification","valueRequired":true,"valueName":"search_term_string"}}],"inLanguage":"pt-PT"},{"@type":"Organization","@id":"https:\/\/maqcenter.com\/pt-pt\/#organization","name":"MAQcenter S.A.","url":"https:\/\/maqcenter.com\/pt-pt\/","logo":{"@type":"ImageObject","inLanguage":"pt-PT","@id":"https:\/\/maqcenter.com\/pt-pt\/#\/schema\/logo\/image\/","url":"https:\/\/maqcenter.com\/wp-content\/uploads\/2021\/02\/MAQcenter_logo_vertical.svg","contentUrl":"https:\/\/maqcenter.com\/wp-content\/uploads\/2021\/02\/MAQcenter_logo_vertical.svg","width":300,"height":174,"caption":"MAQcenter S.A."},"image":{"@id":"https:\/\/maqcenter.com\/pt-pt\/#\/schema\/logo\/image\/"}}]}},"_links":{"self":[{"href":"https:\/\/maqcenter.com\/pt-pt\/wp-json\/wp\/v2\/product\/21718","targetHints":{"allow":["GET"]}}],"collection":[{"href":"https:\/\/maqcenter.com\/pt-pt\/wp-json\/wp\/v2\/product"}],"about":[{"href":"https:\/\/maqcenter.com\/pt-pt\/wp-json\/wp\/v2\/types\/product"}],"wp:featuredmedia":[{"embeddable":true,"href":"https:\/\/maqcenter.com\/pt-pt\/wp-json\/wp\/v2\/media\/21719"}],"wp:attachment":[{"href":"https:\/\/maqcenter.com\/pt-pt\/wp-json\/wp\/v2\/media?parent=21718"}],"wp:term":[{"taxonomy":"product_brand","embeddable":true,"href":"https:\/\/maqcenter.com\/pt-pt\/wp-json\/wp\/v2\/product_brand?post=21718"},{"taxonomy":"product_cat","embeddable":true,"href":"https:\/\/maqcenter.com\/pt-pt\/wp-json\/wp\/v2\/product_cat?post=21718"},{"taxonomy":"product_tag","embeddable":true,"href":"https:\/\/maqcenter.com\/pt-pt\/wp-json\/wp\/v2\/product_tag?post=21718"},{"taxonomy":"marca-producto","embeddable":true,"href":"https:\/\/maqcenter.com\/pt-pt\/wp-json\/wp\/v2\/marca-producto?post=21718"},{"taxonomy":"serie-producto","embeddable":true,"href":"https:\/\/maqcenter.com\/pt-pt\/wp-json\/wp\/v2\/serie-producto?post=21718"}],"curies":[{"name":"wp","href":"https:\/\/api.w.org\/{rel}","templated":true}]}}