{"id":21773,"date":"2021-04-24T16:12:36","date_gmt":"2021-04-24T14:12:36","guid":{"rendered":"https:\/\/maqcenter.com\/producto\/limpeza-e-anticorrosivo\/"},"modified":"2021-04-24T16:12:36","modified_gmt":"2021-04-24T14:12:36","slug":"limpeza-e-anticorrosivo","status":"publish","type":"product","link":"https:\/\/maqcenter.com\/pt-pt\/producto\/limpeza-e-anticorrosivo\/","title":{"rendered":"Limpeza e anticorrosivo"},"content":{"rendered":"<p>Os produtos anticorrosivos surgem como consequ\u00eancia da necessidade de proteger os materiais na ind\u00fastria. Juntamente com os nossos representados, podemos oferecer as melhores solu\u00e7\u00f5es de limpeza de m\u00e1quinas. Oferecemos produtos espec\u00edficos para a limpeza de tanques e \/ ou circuitos de m\u00e1quinas-ferramenta, bem como produtos voltados para as mais diversas aplica\u00e7\u00f5es. <\/p>\n","protected":false},"excerpt":{"rendered":"<p>Os produtos anticorrosivos surgem como consequ\u00eancia da necessidade de proteger os materiais na ind\u00fastria. Juntamente com os nossos representados, podemos oferecer as melhores solu\u00e7\u00f5es de limpeza de m\u00e1quinas. Oferecemos produtos espec\u00edficos para a limpeza de tanques e \/ ou circuitos de m\u00e1quinas-ferramenta, bem como produtos voltados para as mais diversas aplica\u00e7\u00f5es.<\/p>\n","protected":false},"featured_media":21774,"template":"","meta":[],"product_brand":[],"product_cat":[529,531],"product_tag":[],"marca-producto":[107],"serie-producto":[],"class_list":{"0":"post-21773","1":"product","2":"type-product","3":"status-publish","4":"has-post-thumbnail","6":"product_cat-lubrificantes","7":"product_cat-outros-produtos","8":"marca-producto-expertool","10":"first","11":"instock","12":"product-type-simple"},"yoast_head":"<!-- This site is optimized with the Yoast SEO plugin v27.0 - https:\/\/yoast.com\/product\/yoast-seo-wordpress\/ -->\n<title>Limpeza e anticorrosivo<\/title>\n<meta name=\"description\" content=\"Limpeza e anticorrosivo. Os produtos anticorrosivos surgem como consequ\u00eancia da necessidade de proteger os materiais na ind\u00fastria. Juntamente com os nossos representados, podemos\" \/>\n<meta name=\"robots\" content=\"index, follow, max-snippet:-1, max-image-preview:large, max-video-preview:-1\" \/>\n<link rel=\"canonical\" href=\"https:\/\/maqcenter.com\/pt-pt\/producto\/limpeza-e-anticorrosivo\/\" \/>\n<meta property=\"og:locale\" content=\"pt_PT\" \/>\n<meta property=\"og:type\" content=\"article\" \/>\n<meta property=\"og:title\" content=\"Limpeza e anticorrosivo\" \/>\n<meta property=\"og:description\" content=\"Limpeza e anticorrosivo. Os produtos anticorrosivos surgem como consequ\u00eancia da necessidade de proteger os materiais na ind\u00fastria. Juntamente com os nossos representados, podemos\" \/>\n<meta property=\"og:url\" content=\"https:\/\/maqcenter.com\/pt-pt\/producto\/limpeza-e-anticorrosivo\/\" \/>\n<meta property=\"og:site_name\" content=\"MAQcenter\" \/>\n<meta name=\"twitter:card\" content=\"summary_large_image\" \/>\n<script type=\"application\/ld+json\" class=\"yoast-schema-graph\">{\"@context\":\"https:\/\/schema.org\",\"@graph\":[{\"@type\":[\"WebPage\",\"ItemPage\"],\"@id\":\"https:\/\/maqcenter.com\/pt-pt\/producto\/limpeza-e-anticorrosivo\/\",\"url\":\"https:\/\/maqcenter.com\/pt-pt\/producto\/limpeza-e-anticorrosivo\/\",\"name\":\"Limpeza e anticorrosivo\",\"isPartOf\":{\"@id\":\"https:\/\/maqcenter.com\/pt-pt\/#website\"},\"primaryImageOfPage\":{\"@id\":\"https:\/\/maqcenter.com\/pt-pt\/producto\/limpeza-e-anticorrosivo\/#primaryimage\"},\"image\":{\"@id\":\"https:\/\/maqcenter.com\/pt-pt\/producto\/limpeza-e-anticorrosivo\/#primaryimage\"},\"thumbnailUrl\":\"https:\/\/maqcenter.com\/wp-content\/uploads\/2021\/04\/EXPERTOOL-lubricantes-limpieza-anticorrosivos.jpg\",\"datePublished\":\"2021-04-24T14:12:36+00:00\",\"description\":\"Limpeza e anticorrosivo. Os produtos anticorrosivos surgem como consequ\u00eancia da necessidade de proteger os materiais na ind\u00fastria. Juntamente com os nossos representados, podemos\",\"breadcrumb\":{\"@id\":\"https:\/\/maqcenter.com\/pt-pt\/producto\/limpeza-e-anticorrosivo\/#breadcrumb\"},\"inLanguage\":\"pt-PT\",\"potentialAction\":[{\"@type\":\"ReadAction\",\"target\":[\"https:\/\/maqcenter.com\/pt-pt\/producto\/limpeza-e-anticorrosivo\/\"]}]},{\"@type\":\"ImageObject\",\"inLanguage\":\"pt-PT\",\"@id\":\"https:\/\/maqcenter.com\/pt-pt\/producto\/limpeza-e-anticorrosivo\/#primaryimage\",\"url\":\"https:\/\/maqcenter.com\/wp-content\/uploads\/2021\/04\/EXPERTOOL-lubricantes-limpieza-anticorrosivos.jpg\",\"contentUrl\":\"https:\/\/maqcenter.com\/wp-content\/uploads\/2021\/04\/EXPERTOOL-lubricantes-limpieza-anticorrosivos.jpg\",\"width\":500,\"height\":500},{\"@type\":\"BreadcrumbList\",\"@id\":\"https:\/\/maqcenter.com\/pt-pt\/producto\/limpeza-e-anticorrosivo\/#breadcrumb\",\"itemListElement\":[{\"@type\":\"ListItem\",\"position\":1,\"name\":\"Productos\",\"item\":\"https:\/\/maqcenter.com\/pt-pt\/\"},{\"@type\":\"ListItem\",\"position\":2,\"name\":\"Produtos\",\"item\":\"https:\/\/maqcenter.com\/pt-pt\/shop\/\"},{\"@type\":\"ListItem\",\"position\":3,\"name\":\"Limpeza e anticorrosivo\"}]},{\"@type\":\"WebSite\",\"@id\":\"https:\/\/maqcenter.com\/pt-pt\/#website\",\"url\":\"https:\/\/maqcenter.com\/pt-pt\/\",\"name\":\"MAQcenter\",\"description\":\"El centro de tus soluciones\",\"publisher\":{\"@id\":\"https:\/\/maqcenter.com\/pt-pt\/#organization\"},\"potentialAction\":[{\"@type\":\"SearchAction\",\"target\":{\"@type\":\"EntryPoint\",\"urlTemplate\":\"https:\/\/maqcenter.com\/pt-pt\/?s={search_term_string}\"},\"query-input\":{\"@type\":\"PropertyValueSpecification\",\"valueRequired\":true,\"valueName\":\"search_term_string\"}}],\"inLanguage\":\"pt-PT\"},{\"@type\":\"Organization\",\"@id\":\"https:\/\/maqcenter.com\/pt-pt\/#organization\",\"name\":\"MAQcenter S.A.\",\"url\":\"https:\/\/maqcenter.com\/pt-pt\/\",\"logo\":{\"@type\":\"ImageObject\",\"inLanguage\":\"pt-PT\",\"@id\":\"https:\/\/maqcenter.com\/pt-pt\/#\/schema\/logo\/image\/\",\"url\":\"https:\/\/maqcenter.com\/wp-content\/uploads\/2021\/02\/MAQcenter_logo_vertical.svg\",\"contentUrl\":\"https:\/\/maqcenter.com\/wp-content\/uploads\/2021\/02\/MAQcenter_logo_vertical.svg\",\"width\":300,\"height\":174,\"caption\":\"MAQcenter S.A.\"},\"image\":{\"@id\":\"https:\/\/maqcenter.com\/pt-pt\/#\/schema\/logo\/image\/\"}}]}<\/script>\n<!-- \/ Yoast SEO plugin. -->","yoast_head_json":{"title":"Limpeza e anticorrosivo","description":"Limpeza e anticorrosivo. Os produtos anticorrosivos surgem como consequ\u00eancia da necessidade de proteger os materiais na ind\u00fastria. Juntamente com os nossos representados, podemos","robots":{"index":"index","follow":"follow","max-snippet":"max-snippet:-1","max-image-preview":"max-image-preview:large","max-video-preview":"max-video-preview:-1"},"canonical":"https:\/\/maqcenter.com\/pt-pt\/producto\/limpeza-e-anticorrosivo\/","og_locale":"pt_PT","og_type":"article","og_title":"Limpeza e anticorrosivo","og_description":"Limpeza e anticorrosivo. Os produtos anticorrosivos surgem como consequ\u00eancia da necessidade de proteger os materiais na ind\u00fastria. Juntamente com os nossos representados, podemos","og_url":"https:\/\/maqcenter.com\/pt-pt\/producto\/limpeza-e-anticorrosivo\/","og_site_name":"MAQcenter","twitter_card":"summary_large_image","schema":{"@context":"https:\/\/schema.org","@graph":[{"@type":["WebPage","ItemPage"],"@id":"https:\/\/maqcenter.com\/pt-pt\/producto\/limpeza-e-anticorrosivo\/","url":"https:\/\/maqcenter.com\/pt-pt\/producto\/limpeza-e-anticorrosivo\/","name":"Limpeza e anticorrosivo","isPartOf":{"@id":"https:\/\/maqcenter.com\/pt-pt\/#website"},"primaryImageOfPage":{"@id":"https:\/\/maqcenter.com\/pt-pt\/producto\/limpeza-e-anticorrosivo\/#primaryimage"},"image":{"@id":"https:\/\/maqcenter.com\/pt-pt\/producto\/limpeza-e-anticorrosivo\/#primaryimage"},"thumbnailUrl":"https:\/\/maqcenter.com\/wp-content\/uploads\/2021\/04\/EXPERTOOL-lubricantes-limpieza-anticorrosivos.jpg","datePublished":"2021-04-24T14:12:36+00:00","description":"Limpeza e anticorrosivo. Os produtos anticorrosivos surgem como consequ\u00eancia da necessidade de proteger os materiais na ind\u00fastria. Juntamente com os nossos representados, podemos","breadcrumb":{"@id":"https:\/\/maqcenter.com\/pt-pt\/producto\/limpeza-e-anticorrosivo\/#breadcrumb"},"inLanguage":"pt-PT","potentialAction":[{"@type":"ReadAction","target":["https:\/\/maqcenter.com\/pt-pt\/producto\/limpeza-e-anticorrosivo\/"]}]},{"@type":"ImageObject","inLanguage":"pt-PT","@id":"https:\/\/maqcenter.com\/pt-pt\/producto\/limpeza-e-anticorrosivo\/#primaryimage","url":"https:\/\/maqcenter.com\/wp-content\/uploads\/2021\/04\/EXPERTOOL-lubricantes-limpieza-anticorrosivos.jpg","contentUrl":"https:\/\/maqcenter.com\/wp-content\/uploads\/2021\/04\/EXPERTOOL-lubricantes-limpieza-anticorrosivos.jpg","width":500,"height":500},{"@type":"BreadcrumbList","@id":"https:\/\/maqcenter.com\/pt-pt\/producto\/limpeza-e-anticorrosivo\/#breadcrumb","itemListElement":[{"@type":"ListItem","position":1,"name":"Productos","item":"https:\/\/maqcenter.com\/pt-pt\/"},{"@type":"ListItem","position":2,"name":"Produtos","item":"https:\/\/maqcenter.com\/pt-pt\/shop\/"},{"@type":"ListItem","position":3,"name":"Limpeza e anticorrosivo"}]},{"@type":"WebSite","@id":"https:\/\/maqcenter.com\/pt-pt\/#website","url":"https:\/\/maqcenter.com\/pt-pt\/","name":"MAQcenter","description":"El centro de tus soluciones","publisher":{"@id":"https:\/\/maqcenter.com\/pt-pt\/#organization"},"potentialAction":[{"@type":"SearchAction","target":{"@type":"EntryPoint","urlTemplate":"https:\/\/maqcenter.com\/pt-pt\/?s={search_term_string}"},"query-input":{"@type":"PropertyValueSpecification","valueRequired":true,"valueName":"search_term_string"}}],"inLanguage":"pt-PT"},{"@type":"Organization","@id":"https:\/\/maqcenter.com\/pt-pt\/#organization","name":"MAQcenter S.A.","url":"https:\/\/maqcenter.com\/pt-pt\/","logo":{"@type":"ImageObject","inLanguage":"pt-PT","@id":"https:\/\/maqcenter.com\/pt-pt\/#\/schema\/logo\/image\/","url":"https:\/\/maqcenter.com\/wp-content\/uploads\/2021\/02\/MAQcenter_logo_vertical.svg","contentUrl":"https:\/\/maqcenter.com\/wp-content\/uploads\/2021\/02\/MAQcenter_logo_vertical.svg","width":300,"height":174,"caption":"MAQcenter S.A."},"image":{"@id":"https:\/\/maqcenter.com\/pt-pt\/#\/schema\/logo\/image\/"}}]}},"_links":{"self":[{"href":"https:\/\/maqcenter.com\/pt-pt\/wp-json\/wp\/v2\/product\/21773","targetHints":{"allow":["GET"]}}],"collection":[{"href":"https:\/\/maqcenter.com\/pt-pt\/wp-json\/wp\/v2\/product"}],"about":[{"href":"https:\/\/maqcenter.com\/pt-pt\/wp-json\/wp\/v2\/types\/product"}],"wp:featuredmedia":[{"embeddable":true,"href":"https:\/\/maqcenter.com\/pt-pt\/wp-json\/wp\/v2\/media\/21774"}],"wp:attachment":[{"href":"https:\/\/maqcenter.com\/pt-pt\/wp-json\/wp\/v2\/media?parent=21773"}],"wp:term":[{"taxonomy":"product_brand","embeddable":true,"href":"https:\/\/maqcenter.com\/pt-pt\/wp-json\/wp\/v2\/product_brand?post=21773"},{"taxonomy":"product_cat","embeddable":true,"href":"https:\/\/maqcenter.com\/pt-pt\/wp-json\/wp\/v2\/product_cat?post=21773"},{"taxonomy":"product_tag","embeddable":true,"href":"https:\/\/maqcenter.com\/pt-pt\/wp-json\/wp\/v2\/product_tag?post=21773"},{"taxonomy":"marca-producto","embeddable":true,"href":"https:\/\/maqcenter.com\/pt-pt\/wp-json\/wp\/v2\/marca-producto?post=21773"},{"taxonomy":"serie-producto","embeddable":true,"href":"https:\/\/maqcenter.com\/pt-pt\/wp-json\/wp\/v2\/serie-producto?post=21773"}],"curies":[{"name":"wp","href":"https:\/\/api.w.org\/{rel}","templated":true}]}}