{"id":21788,"date":"2021-04-24T16:12:36","date_gmt":"2021-04-24T14:12:36","guid":{"rendered":"https:\/\/maqcenter.com\/producto\/cortadores-de-avanco-rapido\/"},"modified":"2021-04-24T16:12:36","modified_gmt":"2021-04-24T14:12:36","slug":"cortadores-de-avanco-rapido","status":"publish","type":"product","link":"https:\/\/maqcenter.com\/pt-pt\/producto\/cortadores-de-avanco-rapido\/","title":{"rendered":"Cortadores de avan\u00e7o r\u00e1pido"},"content":{"rendered":"<p>Magn\u00edfica s\u00e9rie de morangos de alto avan\u00e7o da m\u00e3o das nossas representadas marcas, capazes de responder \u00e0s mais altas exig\u00eancias do mercado.<\/p>\n","protected":false},"excerpt":{"rendered":"<p>Magn\u00edfica s\u00e9rie de morangos de alto avan\u00e7o da m\u00e3o das nossas representadas marcas, capazes de responder \u00e0s mais altas exig\u00eancias do mercado.<\/p>\n","protected":false},"featured_media":21789,"template":"","meta":[],"product_brand":[],"product_cat":[521,524],"product_tag":[],"marca-producto":[107],"serie-producto":[],"class_list":{"0":"post-21788","1":"product","2":"type-product","3":"status-publish","4":"has-post-thumbnail","6":"product_cat-ferramentas-de-corte","7":"product_cat-fresagem","8":"marca-producto-expertool","10":"first","11":"instock","12":"product-type-simple"},"yoast_head":"<!-- This site is optimized with the Yoast SEO plugin v27.0 - https:\/\/yoast.com\/product\/yoast-seo-wordpress\/ -->\n<title>Cortadores de avan\u00e7o r\u00e1pido<\/title>\n<meta name=\"description\" content=\"Cortadores de avan\u00e7o r\u00e1pido. Magn\u00edfica s\u00e9rie de morangos de alto avan\u00e7o da m\u00e3o das nossas representadas marcas, capazes de responder \u00e0s mais altas exig\u00eancias do mercado.\" \/>\n<meta name=\"robots\" content=\"index, follow, max-snippet:-1, max-image-preview:large, max-video-preview:-1\" \/>\n<link rel=\"canonical\" href=\"https:\/\/maqcenter.com\/pt-pt\/producto\/cortadores-de-avanco-rapido\/\" \/>\n<meta property=\"og:locale\" content=\"pt_PT\" \/>\n<meta property=\"og:type\" content=\"article\" \/>\n<meta property=\"og:title\" content=\"Cortadores de avan\u00e7o r\u00e1pido\" \/>\n<meta property=\"og:description\" content=\"Cortadores de avan\u00e7o r\u00e1pido. Magn\u00edfica s\u00e9rie de morangos de alto avan\u00e7o da m\u00e3o das nossas representadas marcas, capazes de responder \u00e0s mais altas exig\u00eancias do mercado.\" \/>\n<meta property=\"og:url\" content=\"https:\/\/maqcenter.com\/pt-pt\/producto\/cortadores-de-avanco-rapido\/\" \/>\n<meta property=\"og:site_name\" content=\"MAQcenter\" \/>\n<meta name=\"twitter:card\" content=\"summary_large_image\" \/>\n<script type=\"application\/ld+json\" class=\"yoast-schema-graph\">{\"@context\":\"https:\/\/schema.org\",\"@graph\":[{\"@type\":[\"WebPage\",\"ItemPage\"],\"@id\":\"https:\/\/maqcenter.com\/pt-pt\/producto\/cortadores-de-avanco-rapido\/\",\"url\":\"https:\/\/maqcenter.com\/pt-pt\/producto\/cortadores-de-avanco-rapido\/\",\"name\":\"Cortadores de avan\u00e7o r\u00e1pido\",\"isPartOf\":{\"@id\":\"https:\/\/maqcenter.com\/pt-pt\/#website\"},\"primaryImageOfPage\":{\"@id\":\"https:\/\/maqcenter.com\/pt-pt\/producto\/cortadores-de-avanco-rapido\/#primaryimage\"},\"image\":{\"@id\":\"https:\/\/maqcenter.com\/pt-pt\/producto\/cortadores-de-avanco-rapido\/#primaryimage\"},\"thumbnailUrl\":\"https:\/\/maqcenter.com\/wp-content\/uploads\/2021\/04\/EXPERTOOL-fresas-avance-rapido-herramientas-corte-fresado.jpg\",\"datePublished\":\"2021-04-24T14:12:36+00:00\",\"description\":\"Cortadores de avan\u00e7o r\u00e1pido. Magn\u00edfica s\u00e9rie de morangos de alto avan\u00e7o da m\u00e3o das nossas representadas marcas, capazes de responder \u00e0s mais altas exig\u00eancias do mercado.\",\"breadcrumb\":{\"@id\":\"https:\/\/maqcenter.com\/pt-pt\/producto\/cortadores-de-avanco-rapido\/#breadcrumb\"},\"inLanguage\":\"pt-PT\",\"potentialAction\":[{\"@type\":\"ReadAction\",\"target\":[\"https:\/\/maqcenter.com\/pt-pt\/producto\/cortadores-de-avanco-rapido\/\"]}]},{\"@type\":\"ImageObject\",\"inLanguage\":\"pt-PT\",\"@id\":\"https:\/\/maqcenter.com\/pt-pt\/producto\/cortadores-de-avanco-rapido\/#primaryimage\",\"url\":\"https:\/\/maqcenter.com\/wp-content\/uploads\/2021\/04\/EXPERTOOL-fresas-avance-rapido-herramientas-corte-fresado.jpg\",\"contentUrl\":\"https:\/\/maqcenter.com\/wp-content\/uploads\/2021\/04\/EXPERTOOL-fresas-avance-rapido-herramientas-corte-fresado.jpg\",\"width\":500,\"height\":500},{\"@type\":\"BreadcrumbList\",\"@id\":\"https:\/\/maqcenter.com\/pt-pt\/producto\/cortadores-de-avanco-rapido\/#breadcrumb\",\"itemListElement\":[{\"@type\":\"ListItem\",\"position\":1,\"name\":\"Productos\",\"item\":\"https:\/\/maqcenter.com\/pt-pt\/\"},{\"@type\":\"ListItem\",\"position\":2,\"name\":\"Produtos\",\"item\":\"https:\/\/maqcenter.com\/pt-pt\/shop\/\"},{\"@type\":\"ListItem\",\"position\":3,\"name\":\"Cortadores de avan\u00e7o r\u00e1pido\"}]},{\"@type\":\"WebSite\",\"@id\":\"https:\/\/maqcenter.com\/pt-pt\/#website\",\"url\":\"https:\/\/maqcenter.com\/pt-pt\/\",\"name\":\"MAQcenter\",\"description\":\"El centro de tus soluciones\",\"publisher\":{\"@id\":\"https:\/\/maqcenter.com\/pt-pt\/#organization\"},\"potentialAction\":[{\"@type\":\"SearchAction\",\"target\":{\"@type\":\"EntryPoint\",\"urlTemplate\":\"https:\/\/maqcenter.com\/pt-pt\/?s={search_term_string}\"},\"query-input\":{\"@type\":\"PropertyValueSpecification\",\"valueRequired\":true,\"valueName\":\"search_term_string\"}}],\"inLanguage\":\"pt-PT\"},{\"@type\":\"Organization\",\"@id\":\"https:\/\/maqcenter.com\/pt-pt\/#organization\",\"name\":\"MAQcenter S.A.\",\"url\":\"https:\/\/maqcenter.com\/pt-pt\/\",\"logo\":{\"@type\":\"ImageObject\",\"inLanguage\":\"pt-PT\",\"@id\":\"https:\/\/maqcenter.com\/pt-pt\/#\/schema\/logo\/image\/\",\"url\":\"https:\/\/maqcenter.com\/wp-content\/uploads\/2021\/02\/MAQcenter_logo_vertical.svg\",\"contentUrl\":\"https:\/\/maqcenter.com\/wp-content\/uploads\/2021\/02\/MAQcenter_logo_vertical.svg\",\"width\":300,\"height\":174,\"caption\":\"MAQcenter S.A.\"},\"image\":{\"@id\":\"https:\/\/maqcenter.com\/pt-pt\/#\/schema\/logo\/image\/\"}}]}<\/script>\n<!-- \/ Yoast SEO plugin. -->","yoast_head_json":{"title":"Cortadores de avan\u00e7o r\u00e1pido","description":"Cortadores de avan\u00e7o r\u00e1pido. Magn\u00edfica s\u00e9rie de morangos de alto avan\u00e7o da m\u00e3o das nossas representadas marcas, capazes de responder \u00e0s mais altas exig\u00eancias do mercado.","robots":{"index":"index","follow":"follow","max-snippet":"max-snippet:-1","max-image-preview":"max-image-preview:large","max-video-preview":"max-video-preview:-1"},"canonical":"https:\/\/maqcenter.com\/pt-pt\/producto\/cortadores-de-avanco-rapido\/","og_locale":"pt_PT","og_type":"article","og_title":"Cortadores de avan\u00e7o r\u00e1pido","og_description":"Cortadores de avan\u00e7o r\u00e1pido. Magn\u00edfica s\u00e9rie de morangos de alto avan\u00e7o da m\u00e3o das nossas representadas marcas, capazes de responder \u00e0s mais altas exig\u00eancias do mercado.","og_url":"https:\/\/maqcenter.com\/pt-pt\/producto\/cortadores-de-avanco-rapido\/","og_site_name":"MAQcenter","twitter_card":"summary_large_image","schema":{"@context":"https:\/\/schema.org","@graph":[{"@type":["WebPage","ItemPage"],"@id":"https:\/\/maqcenter.com\/pt-pt\/producto\/cortadores-de-avanco-rapido\/","url":"https:\/\/maqcenter.com\/pt-pt\/producto\/cortadores-de-avanco-rapido\/","name":"Cortadores de avan\u00e7o r\u00e1pido","isPartOf":{"@id":"https:\/\/maqcenter.com\/pt-pt\/#website"},"primaryImageOfPage":{"@id":"https:\/\/maqcenter.com\/pt-pt\/producto\/cortadores-de-avanco-rapido\/#primaryimage"},"image":{"@id":"https:\/\/maqcenter.com\/pt-pt\/producto\/cortadores-de-avanco-rapido\/#primaryimage"},"thumbnailUrl":"https:\/\/maqcenter.com\/wp-content\/uploads\/2021\/04\/EXPERTOOL-fresas-avance-rapido-herramientas-corte-fresado.jpg","datePublished":"2021-04-24T14:12:36+00:00","description":"Cortadores de avan\u00e7o r\u00e1pido. Magn\u00edfica s\u00e9rie de morangos de alto avan\u00e7o da m\u00e3o das nossas representadas marcas, capazes de responder \u00e0s mais altas exig\u00eancias do mercado.","breadcrumb":{"@id":"https:\/\/maqcenter.com\/pt-pt\/producto\/cortadores-de-avanco-rapido\/#breadcrumb"},"inLanguage":"pt-PT","potentialAction":[{"@type":"ReadAction","target":["https:\/\/maqcenter.com\/pt-pt\/producto\/cortadores-de-avanco-rapido\/"]}]},{"@type":"ImageObject","inLanguage":"pt-PT","@id":"https:\/\/maqcenter.com\/pt-pt\/producto\/cortadores-de-avanco-rapido\/#primaryimage","url":"https:\/\/maqcenter.com\/wp-content\/uploads\/2021\/04\/EXPERTOOL-fresas-avance-rapido-herramientas-corte-fresado.jpg","contentUrl":"https:\/\/maqcenter.com\/wp-content\/uploads\/2021\/04\/EXPERTOOL-fresas-avance-rapido-herramientas-corte-fresado.jpg","width":500,"height":500},{"@type":"BreadcrumbList","@id":"https:\/\/maqcenter.com\/pt-pt\/producto\/cortadores-de-avanco-rapido\/#breadcrumb","itemListElement":[{"@type":"ListItem","position":1,"name":"Productos","item":"https:\/\/maqcenter.com\/pt-pt\/"},{"@type":"ListItem","position":2,"name":"Produtos","item":"https:\/\/maqcenter.com\/pt-pt\/shop\/"},{"@type":"ListItem","position":3,"name":"Cortadores de avan\u00e7o r\u00e1pido"}]},{"@type":"WebSite","@id":"https:\/\/maqcenter.com\/pt-pt\/#website","url":"https:\/\/maqcenter.com\/pt-pt\/","name":"MAQcenter","description":"El centro de tus soluciones","publisher":{"@id":"https:\/\/maqcenter.com\/pt-pt\/#organization"},"potentialAction":[{"@type":"SearchAction","target":{"@type":"EntryPoint","urlTemplate":"https:\/\/maqcenter.com\/pt-pt\/?s={search_term_string}"},"query-input":{"@type":"PropertyValueSpecification","valueRequired":true,"valueName":"search_term_string"}}],"inLanguage":"pt-PT"},{"@type":"Organization","@id":"https:\/\/maqcenter.com\/pt-pt\/#organization","name":"MAQcenter S.A.","url":"https:\/\/maqcenter.com\/pt-pt\/","logo":{"@type":"ImageObject","inLanguage":"pt-PT","@id":"https:\/\/maqcenter.com\/pt-pt\/#\/schema\/logo\/image\/","url":"https:\/\/maqcenter.com\/wp-content\/uploads\/2021\/02\/MAQcenter_logo_vertical.svg","contentUrl":"https:\/\/maqcenter.com\/wp-content\/uploads\/2021\/02\/MAQcenter_logo_vertical.svg","width":300,"height":174,"caption":"MAQcenter S.A."},"image":{"@id":"https:\/\/maqcenter.com\/pt-pt\/#\/schema\/logo\/image\/"}}]}},"_links":{"self":[{"href":"https:\/\/maqcenter.com\/pt-pt\/wp-json\/wp\/v2\/product\/21788","targetHints":{"allow":["GET"]}}],"collection":[{"href":"https:\/\/maqcenter.com\/pt-pt\/wp-json\/wp\/v2\/product"}],"about":[{"href":"https:\/\/maqcenter.com\/pt-pt\/wp-json\/wp\/v2\/types\/product"}],"wp:featuredmedia":[{"embeddable":true,"href":"https:\/\/maqcenter.com\/pt-pt\/wp-json\/wp\/v2\/media\/21789"}],"wp:attachment":[{"href":"https:\/\/maqcenter.com\/pt-pt\/wp-json\/wp\/v2\/media?parent=21788"}],"wp:term":[{"taxonomy":"product_brand","embeddable":true,"href":"https:\/\/maqcenter.com\/pt-pt\/wp-json\/wp\/v2\/product_brand?post=21788"},{"taxonomy":"product_cat","embeddable":true,"href":"https:\/\/maqcenter.com\/pt-pt\/wp-json\/wp\/v2\/product_cat?post=21788"},{"taxonomy":"product_tag","embeddable":true,"href":"https:\/\/maqcenter.com\/pt-pt\/wp-json\/wp\/v2\/product_tag?post=21788"},{"taxonomy":"marca-producto","embeddable":true,"href":"https:\/\/maqcenter.com\/pt-pt\/wp-json\/wp\/v2\/marca-producto?post=21788"},{"taxonomy":"serie-producto","embeddable":true,"href":"https:\/\/maqcenter.com\/pt-pt\/wp-json\/wp\/v2\/serie-producto?post=21788"}],"curies":[{"name":"wp","href":"https:\/\/api.w.org\/{rel}","templated":true}]}}