{"id":21798,"date":"2021-04-24T16:12:36","date_gmt":"2021-04-24T14:12:36","guid":{"rendered":"https:\/\/maqcenter.com\/producto\/bits-indexaveis\/"},"modified":"2025-05-15T16:51:52","modified_gmt":"2025-05-15T14:51:52","slug":"bits-indexaveis","status":"publish","type":"product","link":"https:\/\/maqcenter.com\/pt-pt\/producto\/bits-indexaveis\/","title":{"rendered":"Brocas index\u00e1veis"},"content":{"rendered":"<p>A s\u00e9rie de brocas intercambi\u00e1veis \u200b\u200bapresenta um porta-ferramentas altamente r\u00edgido que permite uma perfura\u00e7\u00e3o confi\u00e1vel e precisa. A s\u00e9rie est\u00e1 dispon\u00edvel em di\u00e2metros de 12 &#8211; 100 mm. <\/p>\n","protected":false},"excerpt":{"rendered":"<p>A s\u00e9rie de brocas intercambi\u00e1veis \u200b\u200bapresenta um porta-ferramentas altamente r\u00edgido que permite uma perfura\u00e7\u00e3o confi\u00e1vel e precisa. A s\u00e9rie est\u00e1 dispon\u00edvel em di\u00e2metros de 12 &#8211; 100 mm.<\/p>\n","protected":false},"featured_media":21799,"template":"","meta":[],"product_brand":[],"product_cat":[521,527],"product_tag":[],"marca-producto":[107],"serie-producto":[],"class_list":{"0":"post-21798","1":"product","2":"type-product","3":"status-publish","4":"has-post-thumbnail","6":"product_cat-ferramentas-de-corte","7":"product_cat-furacao","8":"marca-producto-expertool","10":"first","11":"instock","12":"product-type-simple"},"yoast_head":"<!-- This site is optimized with the Yoast SEO plugin v27.0 - https:\/\/yoast.com\/product\/yoast-seo-wordpress\/ -->\n<title>Brocas index\u00e1veis<\/title>\n<meta name=\"description\" content=\"Brocas index\u00e1veis. A s\u00e9rie de brocas intercambi\u00e1veis \u200b\u200bapresenta um porta-ferramentas altamente r\u00edgido que permite uma perfura\u00e7\u00e3o confi\u00e1vel e precisa. A s\u00e9rie est\u00e1\" \/>\n<meta name=\"robots\" content=\"index, follow, max-snippet:-1, max-image-preview:large, max-video-preview:-1\" \/>\n<link rel=\"canonical\" href=\"https:\/\/maqcenter.com\/pt-pt\/producto\/bits-indexaveis\/\" \/>\n<meta property=\"og:locale\" content=\"pt_PT\" \/>\n<meta property=\"og:type\" content=\"article\" \/>\n<meta property=\"og:title\" content=\"Brocas index\u00e1veis\" \/>\n<meta property=\"og:description\" content=\"Brocas index\u00e1veis. A s\u00e9rie de brocas intercambi\u00e1veis \u200b\u200bapresenta um porta-ferramentas altamente r\u00edgido que permite uma perfura\u00e7\u00e3o confi\u00e1vel e precisa. A s\u00e9rie est\u00e1\" \/>\n<meta property=\"og:url\" content=\"https:\/\/maqcenter.com\/pt-pt\/producto\/bits-indexaveis\/\" \/>\n<meta property=\"og:site_name\" content=\"MAQcenter\" \/>\n<meta property=\"article:modified_time\" content=\"2025-05-15T14:51:52+00:00\" \/>\n<meta property=\"og:image\" content=\"https:\/\/maqcenter.com\/wp-content\/uploads\/2021\/04\/EXPERTOOL-brocas-indexables-herramientas-corte-taladrado.jpg\" \/>\n\t<meta property=\"og:image:width\" content=\"500\" \/>\n\t<meta property=\"og:image:height\" content=\"500\" \/>\n\t<meta property=\"og:image:type\" content=\"image\/jpeg\" \/>\n<meta name=\"twitter:card\" content=\"summary_large_image\" \/>\n<script type=\"application\/ld+json\" class=\"yoast-schema-graph\">{\"@context\":\"https:\/\/schema.org\",\"@graph\":[{\"@type\":[\"WebPage\",\"ItemPage\"],\"@id\":\"https:\/\/maqcenter.com\/pt-pt\/producto\/bits-indexaveis\/\",\"url\":\"https:\/\/maqcenter.com\/pt-pt\/producto\/bits-indexaveis\/\",\"name\":\"Brocas index\u00e1veis\",\"isPartOf\":{\"@id\":\"https:\/\/maqcenter.com\/pt-pt\/#website\"},\"primaryImageOfPage\":{\"@id\":\"https:\/\/maqcenter.com\/pt-pt\/producto\/bits-indexaveis\/#primaryimage\"},\"image\":{\"@id\":\"https:\/\/maqcenter.com\/pt-pt\/producto\/bits-indexaveis\/#primaryimage\"},\"thumbnailUrl\":\"https:\/\/maqcenter.com\/wp-content\/uploads\/2021\/04\/EXPERTOOL-brocas-indexables-herramientas-corte-taladrado.jpg\",\"datePublished\":\"2021-04-24T14:12:36+00:00\",\"dateModified\":\"2025-05-15T14:51:52+00:00\",\"description\":\"Brocas index\u00e1veis. A s\u00e9rie de brocas intercambi\u00e1veis \u200b\u200bapresenta um porta-ferramentas altamente r\u00edgido que permite uma perfura\u00e7\u00e3o confi\u00e1vel e precisa. A s\u00e9rie est\u00e1\",\"breadcrumb\":{\"@id\":\"https:\/\/maqcenter.com\/pt-pt\/producto\/bits-indexaveis\/#breadcrumb\"},\"inLanguage\":\"pt-PT\",\"potentialAction\":[{\"@type\":\"ReadAction\",\"target\":[\"https:\/\/maqcenter.com\/pt-pt\/producto\/bits-indexaveis\/\"]}]},{\"@type\":\"ImageObject\",\"inLanguage\":\"pt-PT\",\"@id\":\"https:\/\/maqcenter.com\/pt-pt\/producto\/bits-indexaveis\/#primaryimage\",\"url\":\"https:\/\/maqcenter.com\/wp-content\/uploads\/2021\/04\/EXPERTOOL-brocas-indexables-herramientas-corte-taladrado.jpg\",\"contentUrl\":\"https:\/\/maqcenter.com\/wp-content\/uploads\/2021\/04\/EXPERTOOL-brocas-indexables-herramientas-corte-taladrado.jpg\",\"width\":500,\"height\":500,\"caption\":\"Taladrado Expertool Brocas indexables\"},{\"@type\":\"BreadcrumbList\",\"@id\":\"https:\/\/maqcenter.com\/pt-pt\/producto\/bits-indexaveis\/#breadcrumb\",\"itemListElement\":[{\"@type\":\"ListItem\",\"position\":1,\"name\":\"Productos\",\"item\":\"https:\/\/maqcenter.com\/pt-pt\/\"},{\"@type\":\"ListItem\",\"position\":2,\"name\":\"Produtos\",\"item\":\"https:\/\/maqcenter.com\/pt-pt\/shop\/\"},{\"@type\":\"ListItem\",\"position\":3,\"name\":\"Brocas index\u00e1veis\"}]},{\"@type\":\"WebSite\",\"@id\":\"https:\/\/maqcenter.com\/pt-pt\/#website\",\"url\":\"https:\/\/maqcenter.com\/pt-pt\/\",\"name\":\"MAQcenter\",\"description\":\"El centro de tus soluciones\",\"publisher\":{\"@id\":\"https:\/\/maqcenter.com\/pt-pt\/#organization\"},\"potentialAction\":[{\"@type\":\"SearchAction\",\"target\":{\"@type\":\"EntryPoint\",\"urlTemplate\":\"https:\/\/maqcenter.com\/pt-pt\/?s={search_term_string}\"},\"query-input\":{\"@type\":\"PropertyValueSpecification\",\"valueRequired\":true,\"valueName\":\"search_term_string\"}}],\"inLanguage\":\"pt-PT\"},{\"@type\":\"Organization\",\"@id\":\"https:\/\/maqcenter.com\/pt-pt\/#organization\",\"name\":\"MAQcenter S.A.\",\"url\":\"https:\/\/maqcenter.com\/pt-pt\/\",\"logo\":{\"@type\":\"ImageObject\",\"inLanguage\":\"pt-PT\",\"@id\":\"https:\/\/maqcenter.com\/pt-pt\/#\/schema\/logo\/image\/\",\"url\":\"https:\/\/maqcenter.com\/wp-content\/uploads\/2021\/02\/MAQcenter_logo_vertical.svg\",\"contentUrl\":\"https:\/\/maqcenter.com\/wp-content\/uploads\/2021\/02\/MAQcenter_logo_vertical.svg\",\"width\":300,\"height\":174,\"caption\":\"MAQcenter S.A.\"},\"image\":{\"@id\":\"https:\/\/maqcenter.com\/pt-pt\/#\/schema\/logo\/image\/\"}}]}<\/script>\n<!-- \/ Yoast SEO plugin. -->","yoast_head_json":{"title":"Brocas index\u00e1veis","description":"Brocas index\u00e1veis. A s\u00e9rie de brocas intercambi\u00e1veis \u200b\u200bapresenta um porta-ferramentas altamente r\u00edgido que permite uma perfura\u00e7\u00e3o confi\u00e1vel e precisa. A s\u00e9rie est\u00e1","robots":{"index":"index","follow":"follow","max-snippet":"max-snippet:-1","max-image-preview":"max-image-preview:large","max-video-preview":"max-video-preview:-1"},"canonical":"https:\/\/maqcenter.com\/pt-pt\/producto\/bits-indexaveis\/","og_locale":"pt_PT","og_type":"article","og_title":"Brocas index\u00e1veis","og_description":"Brocas index\u00e1veis. A s\u00e9rie de brocas intercambi\u00e1veis \u200b\u200bapresenta um porta-ferramentas altamente r\u00edgido que permite uma perfura\u00e7\u00e3o confi\u00e1vel e precisa. A s\u00e9rie est\u00e1","og_url":"https:\/\/maqcenter.com\/pt-pt\/producto\/bits-indexaveis\/","og_site_name":"MAQcenter","article_modified_time":"2025-05-15T14:51:52+00:00","og_image":[{"width":500,"height":500,"url":"https:\/\/maqcenter.com\/wp-content\/uploads\/2021\/04\/EXPERTOOL-brocas-indexables-herramientas-corte-taladrado.jpg","type":"image\/jpeg"}],"twitter_card":"summary_large_image","schema":{"@context":"https:\/\/schema.org","@graph":[{"@type":["WebPage","ItemPage"],"@id":"https:\/\/maqcenter.com\/pt-pt\/producto\/bits-indexaveis\/","url":"https:\/\/maqcenter.com\/pt-pt\/producto\/bits-indexaveis\/","name":"Brocas index\u00e1veis","isPartOf":{"@id":"https:\/\/maqcenter.com\/pt-pt\/#website"},"primaryImageOfPage":{"@id":"https:\/\/maqcenter.com\/pt-pt\/producto\/bits-indexaveis\/#primaryimage"},"image":{"@id":"https:\/\/maqcenter.com\/pt-pt\/producto\/bits-indexaveis\/#primaryimage"},"thumbnailUrl":"https:\/\/maqcenter.com\/wp-content\/uploads\/2021\/04\/EXPERTOOL-brocas-indexables-herramientas-corte-taladrado.jpg","datePublished":"2021-04-24T14:12:36+00:00","dateModified":"2025-05-15T14:51:52+00:00","description":"Brocas index\u00e1veis. A s\u00e9rie de brocas intercambi\u00e1veis \u200b\u200bapresenta um porta-ferramentas altamente r\u00edgido que permite uma perfura\u00e7\u00e3o confi\u00e1vel e precisa. A s\u00e9rie est\u00e1","breadcrumb":{"@id":"https:\/\/maqcenter.com\/pt-pt\/producto\/bits-indexaveis\/#breadcrumb"},"inLanguage":"pt-PT","potentialAction":[{"@type":"ReadAction","target":["https:\/\/maqcenter.com\/pt-pt\/producto\/bits-indexaveis\/"]}]},{"@type":"ImageObject","inLanguage":"pt-PT","@id":"https:\/\/maqcenter.com\/pt-pt\/producto\/bits-indexaveis\/#primaryimage","url":"https:\/\/maqcenter.com\/wp-content\/uploads\/2021\/04\/EXPERTOOL-brocas-indexables-herramientas-corte-taladrado.jpg","contentUrl":"https:\/\/maqcenter.com\/wp-content\/uploads\/2021\/04\/EXPERTOOL-brocas-indexables-herramientas-corte-taladrado.jpg","width":500,"height":500,"caption":"Taladrado Expertool Brocas indexables"},{"@type":"BreadcrumbList","@id":"https:\/\/maqcenter.com\/pt-pt\/producto\/bits-indexaveis\/#breadcrumb","itemListElement":[{"@type":"ListItem","position":1,"name":"Productos","item":"https:\/\/maqcenter.com\/pt-pt\/"},{"@type":"ListItem","position":2,"name":"Produtos","item":"https:\/\/maqcenter.com\/pt-pt\/shop\/"},{"@type":"ListItem","position":3,"name":"Brocas index\u00e1veis"}]},{"@type":"WebSite","@id":"https:\/\/maqcenter.com\/pt-pt\/#website","url":"https:\/\/maqcenter.com\/pt-pt\/","name":"MAQcenter","description":"El centro de tus soluciones","publisher":{"@id":"https:\/\/maqcenter.com\/pt-pt\/#organization"},"potentialAction":[{"@type":"SearchAction","target":{"@type":"EntryPoint","urlTemplate":"https:\/\/maqcenter.com\/pt-pt\/?s={search_term_string}"},"query-input":{"@type":"PropertyValueSpecification","valueRequired":true,"valueName":"search_term_string"}}],"inLanguage":"pt-PT"},{"@type":"Organization","@id":"https:\/\/maqcenter.com\/pt-pt\/#organization","name":"MAQcenter S.A.","url":"https:\/\/maqcenter.com\/pt-pt\/","logo":{"@type":"ImageObject","inLanguage":"pt-PT","@id":"https:\/\/maqcenter.com\/pt-pt\/#\/schema\/logo\/image\/","url":"https:\/\/maqcenter.com\/wp-content\/uploads\/2021\/02\/MAQcenter_logo_vertical.svg","contentUrl":"https:\/\/maqcenter.com\/wp-content\/uploads\/2021\/02\/MAQcenter_logo_vertical.svg","width":300,"height":174,"caption":"MAQcenter S.A."},"image":{"@id":"https:\/\/maqcenter.com\/pt-pt\/#\/schema\/logo\/image\/"}}]}},"_links":{"self":[{"href":"https:\/\/maqcenter.com\/pt-pt\/wp-json\/wp\/v2\/product\/21798","targetHints":{"allow":["GET"]}}],"collection":[{"href":"https:\/\/maqcenter.com\/pt-pt\/wp-json\/wp\/v2\/product"}],"about":[{"href":"https:\/\/maqcenter.com\/pt-pt\/wp-json\/wp\/v2\/types\/product"}],"wp:featuredmedia":[{"embeddable":true,"href":"https:\/\/maqcenter.com\/pt-pt\/wp-json\/wp\/v2\/media\/21799"}],"wp:attachment":[{"href":"https:\/\/maqcenter.com\/pt-pt\/wp-json\/wp\/v2\/media?parent=21798"}],"wp:term":[{"taxonomy":"product_brand","embeddable":true,"href":"https:\/\/maqcenter.com\/pt-pt\/wp-json\/wp\/v2\/product_brand?post=21798"},{"taxonomy":"product_cat","embeddable":true,"href":"https:\/\/maqcenter.com\/pt-pt\/wp-json\/wp\/v2\/product_cat?post=21798"},{"taxonomy":"product_tag","embeddable":true,"href":"https:\/\/maqcenter.com\/pt-pt\/wp-json\/wp\/v2\/product_tag?post=21798"},{"taxonomy":"marca-producto","embeddable":true,"href":"https:\/\/maqcenter.com\/pt-pt\/wp-json\/wp\/v2\/marca-producto?post=21798"},{"taxonomy":"serie-producto","embeddable":true,"href":"https:\/\/maqcenter.com\/pt-pt\/wp-json\/wp\/v2\/serie-producto?post=21798"}],"curies":[{"name":"wp","href":"https:\/\/api.w.org\/{rel}","templated":true}]}}