{"id":21873,"date":"2021-04-24T16:12:39","date_gmt":"2021-04-24T14:12:39","guid":{"rendered":"https:\/\/maqcenter.com\/producto\/oleos-guia\/"},"modified":"2021-04-24T16:12:39","modified_gmt":"2021-04-24T14:12:39","slug":"oleos-guia","status":"publish","type":"product","link":"https:\/\/maqcenter.com\/pt-pt\/producto\/oleos-guia\/","title":{"rendered":"\u00d3leos guia"},"content":{"rendered":"<p>\u00d3leos de guia excelentes com excelentes qualidades de prote\u00e7\u00e3o contra desgaste atrav\u00e9s de uma pel\u00edcula de \u00f3leo forte. Nossos \u00f3leos oferecem boas propriedades de demulsibilidade em contato com fluidos de corte \u00e0 base de \u00e1gua, bem como excelente prote\u00e7\u00e3o contra corros\u00e3o para ferramentas. <\/p>\n","protected":false},"excerpt":{"rendered":"<p>\u00d3leos de guia excelentes com excelentes qualidades de prote\u00e7\u00e3o contra desgaste atrav\u00e9s de uma pel\u00edcula de \u00f3leo forte. Nossos \u00f3leos oferecem boas propriedades de demulsibilidade em contato com fluidos de corte \u00e0 base de \u00e1gua, bem como excelente prote\u00e7\u00e3o contra corros\u00e3o para ferramentas.<\/p>\n","protected":false},"featured_media":21874,"template":"","meta":[],"product_brand":[],"product_cat":[530,529],"product_tag":[],"marca-producto":[107],"serie-producto":[],"class_list":{"0":"post-21873","1":"product","2":"type-product","3":"status-publish","4":"has-post-thumbnail","6":"product_cat-industria-pt-pt","7":"product_cat-lubrificantes","8":"marca-producto-expertool","10":"first","11":"instock","12":"product-type-simple"},"yoast_head":"<!-- This site is optimized with the Yoast SEO plugin v27.0 - https:\/\/yoast.com\/product\/yoast-seo-wordpress\/ -->\n<title>\u00d3leos guia<\/title>\n<meta name=\"description\" content=\"\u00d3leos guia. \u00d3leos de guia excelentes com excelentes qualidades de prote\u00e7\u00e3o contra desgaste atrav\u00e9s de uma pel\u00edcula de \u00f3leo forte. Nossos \u00f3leos oferecem boas\" \/>\n<meta name=\"robots\" content=\"index, follow, max-snippet:-1, max-image-preview:large, max-video-preview:-1\" \/>\n<link rel=\"canonical\" href=\"https:\/\/maqcenter.com\/pt-pt\/producto\/oleos-guia\/\" \/>\n<meta property=\"og:locale\" content=\"pt_PT\" \/>\n<meta property=\"og:type\" content=\"article\" \/>\n<meta property=\"og:title\" content=\"\u00d3leos guia\" \/>\n<meta property=\"og:description\" content=\"\u00d3leos guia. \u00d3leos de guia excelentes com excelentes qualidades de prote\u00e7\u00e3o contra desgaste atrav\u00e9s de uma pel\u00edcula de \u00f3leo forte. Nossos \u00f3leos oferecem boas\" \/>\n<meta property=\"og:url\" content=\"https:\/\/maqcenter.com\/pt-pt\/producto\/oleos-guia\/\" \/>\n<meta property=\"og:site_name\" content=\"MAQcenter\" \/>\n<meta name=\"twitter:card\" content=\"summary_large_image\" \/>\n<script type=\"application\/ld+json\" class=\"yoast-schema-graph\">{\"@context\":\"https:\/\/schema.org\",\"@graph\":[{\"@type\":[\"WebPage\",\"ItemPage\"],\"@id\":\"https:\/\/maqcenter.com\/pt-pt\/producto\/oleos-guia\/\",\"url\":\"https:\/\/maqcenter.com\/pt-pt\/producto\/oleos-guia\/\",\"name\":\"\u00d3leos guia\",\"isPartOf\":{\"@id\":\"https:\/\/maqcenter.com\/pt-pt\/#website\"},\"primaryImageOfPage\":{\"@id\":\"https:\/\/maqcenter.com\/pt-pt\/producto\/oleos-guia\/#primaryimage\"},\"image\":{\"@id\":\"https:\/\/maqcenter.com\/pt-pt\/producto\/oleos-guia\/#primaryimage\"},\"thumbnailUrl\":\"https:\/\/maqcenter.com\/wp-content\/uploads\/2021\/04\/EXPERTOOL-lubricantes-aceites-guias-industria.jpg\",\"datePublished\":\"2021-04-24T14:12:39+00:00\",\"description\":\"\u00d3leos guia. \u00d3leos de guia excelentes com excelentes qualidades de prote\u00e7\u00e3o contra desgaste atrav\u00e9s de uma pel\u00edcula de \u00f3leo forte. Nossos \u00f3leos oferecem boas\",\"breadcrumb\":{\"@id\":\"https:\/\/maqcenter.com\/pt-pt\/producto\/oleos-guia\/#breadcrumb\"},\"inLanguage\":\"pt-PT\",\"potentialAction\":[{\"@type\":\"ReadAction\",\"target\":[\"https:\/\/maqcenter.com\/pt-pt\/producto\/oleos-guia\/\"]}]},{\"@type\":\"ImageObject\",\"inLanguage\":\"pt-PT\",\"@id\":\"https:\/\/maqcenter.com\/pt-pt\/producto\/oleos-guia\/#primaryimage\",\"url\":\"https:\/\/maqcenter.com\/wp-content\/uploads\/2021\/04\/EXPERTOOL-lubricantes-aceites-guias-industria.jpg\",\"contentUrl\":\"https:\/\/maqcenter.com\/wp-content\/uploads\/2021\/04\/EXPERTOOL-lubricantes-aceites-guias-industria.jpg\",\"width\":500,\"height\":500},{\"@type\":\"BreadcrumbList\",\"@id\":\"https:\/\/maqcenter.com\/pt-pt\/producto\/oleos-guia\/#breadcrumb\",\"itemListElement\":[{\"@type\":\"ListItem\",\"position\":1,\"name\":\"Productos\",\"item\":\"https:\/\/maqcenter.com\/pt-pt\/\"},{\"@type\":\"ListItem\",\"position\":2,\"name\":\"Produtos\",\"item\":\"https:\/\/maqcenter.com\/pt-pt\/shop\/\"},{\"@type\":\"ListItem\",\"position\":3,\"name\":\"\u00d3leos guia\"}]},{\"@type\":\"WebSite\",\"@id\":\"https:\/\/maqcenter.com\/pt-pt\/#website\",\"url\":\"https:\/\/maqcenter.com\/pt-pt\/\",\"name\":\"MAQcenter\",\"description\":\"El centro de tus soluciones\",\"publisher\":{\"@id\":\"https:\/\/maqcenter.com\/pt-pt\/#organization\"},\"potentialAction\":[{\"@type\":\"SearchAction\",\"target\":{\"@type\":\"EntryPoint\",\"urlTemplate\":\"https:\/\/maqcenter.com\/pt-pt\/?s={search_term_string}\"},\"query-input\":{\"@type\":\"PropertyValueSpecification\",\"valueRequired\":true,\"valueName\":\"search_term_string\"}}],\"inLanguage\":\"pt-PT\"},{\"@type\":\"Organization\",\"@id\":\"https:\/\/maqcenter.com\/pt-pt\/#organization\",\"name\":\"MAQcenter S.A.\",\"url\":\"https:\/\/maqcenter.com\/pt-pt\/\",\"logo\":{\"@type\":\"ImageObject\",\"inLanguage\":\"pt-PT\",\"@id\":\"https:\/\/maqcenter.com\/pt-pt\/#\/schema\/logo\/image\/\",\"url\":\"https:\/\/maqcenter.com\/wp-content\/uploads\/2021\/02\/MAQcenter_logo_vertical.svg\",\"contentUrl\":\"https:\/\/maqcenter.com\/wp-content\/uploads\/2021\/02\/MAQcenter_logo_vertical.svg\",\"width\":300,\"height\":174,\"caption\":\"MAQcenter S.A.\"},\"image\":{\"@id\":\"https:\/\/maqcenter.com\/pt-pt\/#\/schema\/logo\/image\/\"}}]}<\/script>\n<!-- \/ Yoast SEO plugin. -->","yoast_head_json":{"title":"\u00d3leos guia","description":"\u00d3leos guia. \u00d3leos de guia excelentes com excelentes qualidades de prote\u00e7\u00e3o contra desgaste atrav\u00e9s de uma pel\u00edcula de \u00f3leo forte. Nossos \u00f3leos oferecem boas","robots":{"index":"index","follow":"follow","max-snippet":"max-snippet:-1","max-image-preview":"max-image-preview:large","max-video-preview":"max-video-preview:-1"},"canonical":"https:\/\/maqcenter.com\/pt-pt\/producto\/oleos-guia\/","og_locale":"pt_PT","og_type":"article","og_title":"\u00d3leos guia","og_description":"\u00d3leos guia. \u00d3leos de guia excelentes com excelentes qualidades de prote\u00e7\u00e3o contra desgaste atrav\u00e9s de uma pel\u00edcula de \u00f3leo forte. Nossos \u00f3leos oferecem boas","og_url":"https:\/\/maqcenter.com\/pt-pt\/producto\/oleos-guia\/","og_site_name":"MAQcenter","twitter_card":"summary_large_image","schema":{"@context":"https:\/\/schema.org","@graph":[{"@type":["WebPage","ItemPage"],"@id":"https:\/\/maqcenter.com\/pt-pt\/producto\/oleos-guia\/","url":"https:\/\/maqcenter.com\/pt-pt\/producto\/oleos-guia\/","name":"\u00d3leos guia","isPartOf":{"@id":"https:\/\/maqcenter.com\/pt-pt\/#website"},"primaryImageOfPage":{"@id":"https:\/\/maqcenter.com\/pt-pt\/producto\/oleos-guia\/#primaryimage"},"image":{"@id":"https:\/\/maqcenter.com\/pt-pt\/producto\/oleos-guia\/#primaryimage"},"thumbnailUrl":"https:\/\/maqcenter.com\/wp-content\/uploads\/2021\/04\/EXPERTOOL-lubricantes-aceites-guias-industria.jpg","datePublished":"2021-04-24T14:12:39+00:00","description":"\u00d3leos guia. \u00d3leos de guia excelentes com excelentes qualidades de prote\u00e7\u00e3o contra desgaste atrav\u00e9s de uma pel\u00edcula de \u00f3leo forte. Nossos \u00f3leos oferecem boas","breadcrumb":{"@id":"https:\/\/maqcenter.com\/pt-pt\/producto\/oleos-guia\/#breadcrumb"},"inLanguage":"pt-PT","potentialAction":[{"@type":"ReadAction","target":["https:\/\/maqcenter.com\/pt-pt\/producto\/oleos-guia\/"]}]},{"@type":"ImageObject","inLanguage":"pt-PT","@id":"https:\/\/maqcenter.com\/pt-pt\/producto\/oleos-guia\/#primaryimage","url":"https:\/\/maqcenter.com\/wp-content\/uploads\/2021\/04\/EXPERTOOL-lubricantes-aceites-guias-industria.jpg","contentUrl":"https:\/\/maqcenter.com\/wp-content\/uploads\/2021\/04\/EXPERTOOL-lubricantes-aceites-guias-industria.jpg","width":500,"height":500},{"@type":"BreadcrumbList","@id":"https:\/\/maqcenter.com\/pt-pt\/producto\/oleos-guia\/#breadcrumb","itemListElement":[{"@type":"ListItem","position":1,"name":"Productos","item":"https:\/\/maqcenter.com\/pt-pt\/"},{"@type":"ListItem","position":2,"name":"Produtos","item":"https:\/\/maqcenter.com\/pt-pt\/shop\/"},{"@type":"ListItem","position":3,"name":"\u00d3leos guia"}]},{"@type":"WebSite","@id":"https:\/\/maqcenter.com\/pt-pt\/#website","url":"https:\/\/maqcenter.com\/pt-pt\/","name":"MAQcenter","description":"El centro de tus soluciones","publisher":{"@id":"https:\/\/maqcenter.com\/pt-pt\/#organization"},"potentialAction":[{"@type":"SearchAction","target":{"@type":"EntryPoint","urlTemplate":"https:\/\/maqcenter.com\/pt-pt\/?s={search_term_string}"},"query-input":{"@type":"PropertyValueSpecification","valueRequired":true,"valueName":"search_term_string"}}],"inLanguage":"pt-PT"},{"@type":"Organization","@id":"https:\/\/maqcenter.com\/pt-pt\/#organization","name":"MAQcenter S.A.","url":"https:\/\/maqcenter.com\/pt-pt\/","logo":{"@type":"ImageObject","inLanguage":"pt-PT","@id":"https:\/\/maqcenter.com\/pt-pt\/#\/schema\/logo\/image\/","url":"https:\/\/maqcenter.com\/wp-content\/uploads\/2021\/02\/MAQcenter_logo_vertical.svg","contentUrl":"https:\/\/maqcenter.com\/wp-content\/uploads\/2021\/02\/MAQcenter_logo_vertical.svg","width":300,"height":174,"caption":"MAQcenter S.A."},"image":{"@id":"https:\/\/maqcenter.com\/pt-pt\/#\/schema\/logo\/image\/"}}]}},"_links":{"self":[{"href":"https:\/\/maqcenter.com\/pt-pt\/wp-json\/wp\/v2\/product\/21873","targetHints":{"allow":["GET"]}}],"collection":[{"href":"https:\/\/maqcenter.com\/pt-pt\/wp-json\/wp\/v2\/product"}],"about":[{"href":"https:\/\/maqcenter.com\/pt-pt\/wp-json\/wp\/v2\/types\/product"}],"wp:featuredmedia":[{"embeddable":true,"href":"https:\/\/maqcenter.com\/pt-pt\/wp-json\/wp\/v2\/media\/21874"}],"wp:attachment":[{"href":"https:\/\/maqcenter.com\/pt-pt\/wp-json\/wp\/v2\/media?parent=21873"}],"wp:term":[{"taxonomy":"product_brand","embeddable":true,"href":"https:\/\/maqcenter.com\/pt-pt\/wp-json\/wp\/v2\/product_brand?post=21873"},{"taxonomy":"product_cat","embeddable":true,"href":"https:\/\/maqcenter.com\/pt-pt\/wp-json\/wp\/v2\/product_cat?post=21873"},{"taxonomy":"product_tag","embeddable":true,"href":"https:\/\/maqcenter.com\/pt-pt\/wp-json\/wp\/v2\/product_tag?post=21873"},{"taxonomy":"marca-producto","embeddable":true,"href":"https:\/\/maqcenter.com\/pt-pt\/wp-json\/wp\/v2\/marca-producto?post=21873"},{"taxonomy":"serie-producto","embeddable":true,"href":"https:\/\/maqcenter.com\/pt-pt\/wp-json\/wp\/v2\/serie-producto?post=21873"}],"curies":[{"name":"wp","href":"https:\/\/api.w.org\/{rel}","templated":true}]}}